{"id":18346,"date":"2016-04-22T14:39:18","date_gmt":"2016-04-22T18:39:18","guid":{"rendered":"https:\/\/www.westgatereservations.com\/williamsburg\/busch-gardens-packages\/"},"modified":"2025-04-22T12:12:07","modified_gmt":"2025-04-22T16:12:07","slug":"busch-gardens-packages","status":"publish","type":"page","link":"https:\/\/www.westgatereservations.com\/es\/williamsburg\/busch-gardens-packages\/","title":{"rendered":"Paquetes a Busch Gardens Williamsburg"},"content":{"rendered":"[content_band class=\"mtn mbl\" bg_image=\"https:\/\/westgatecdn.com\/2016\/04\/Busch-Gardens-Williamsburg-Alpengeist.jpg\" inner_container=\"true\" parallax=\"false\"]\r\n[custom_headline style=\"margin-top: 0; color:#ffffff;\" type=\"center\" level=\"h1\" looks_like=\"h2\"]Busch Gardens Williamsburg packages[\/custom_headline]\r\n[\/content_band]\r\n[container]\r\n[visibility type=\"visible-phone\"]\r\n<a class=\"x-btn x-btn-block x-btn-rounded x-btn-regular btn-orange\" href=\"tel:[tel]\">\r\n<i class=\"x-icon-phone\"><\/i> Call to Book<\/a>\r\n[gap size=\"2em\"]\r\n[\/visibility]\r\n<!--content 3\/4 - 1\/4-->\r\n<div>\r\n<div class=\"x-column x-sm x-3-4\">\r\n[custom_headline level=\"h3\" looks_like=\"h4\" class=\"mtn\"]Diversi\u00f3n familiar en Busch Gardens[\/custom_headline]\r\n\r\n<p>Cuando se trata de diversi\u00f3n familiar, una de las escapadas m\u00e1s buscadas son los paquetes vacacionales de Busch Gardens Williamsburg. Aunque la zona es m\u00e1s conocida por su historia como la ciudad revolucionaria de Am\u00e9rica, no se puede negar que Busch Gardens es una de las atracciones m\u00e1s populares para pasar tiempo en familia.\r\n<\/p>\r\n\r\n<p>Busch Gardens Williamsburg has won the award for most beautiful amusement park in the world every year since the award was established in 1990. But beyond the lush landscaping you\u2019ll find exclusive thrill rides, exceptional live shows, fun-filled annual events, animal attractions and more.<\/p>\r\n\r\n[custom_headline level=\"h2\" looks_like=\"h3\"]Ofertas especiales de Busch Gardens[\/custom_headline]\r\n<!-- Packages-->\r\n[specials ids=\"5666\"]\r\n<!-- \/Packages-->\r\n\r\n<h5 class=\"center-text\">\u00a1Comience a planificar sus vacaciones en Williamsburg hoy mismo! \r\n<br\/>\r\nLl\u00e1menos al  [phone_link][tel][\/phone_link]<\/h5>\r\n\r\n[custom_headline level=\"h3\" looks_like=\"h5\"]Planifique sus vacaciones de Williamsburg en los centros tur\u00edsticos Westgate\r\n[\/custom_headline]\r\n\r\n<p>Cuando planifique sus vacaciones en Williamsburg, los complejos tur\u00edsticos Westgate pueden ofrecer una propiedad excepcional para la familia en el coraz\u00f3n de Williamsburg, cerca del distrito hist\u00f3rico. Ahora puede comprar boletos con descuento para Busch Gardens Williamsburg como parte de nuestro paquete Busch Gardens Williamsburg.<\/p> \r\n\r\n<p>Nuestras ofertas especiales de Busch Gardens incluyen alojamiento exclusivo en el Westgate Historic Williamsburg Resort. La propiedad, que adminte mascotas, cuenta con un hermoso mobiliario espec\u00edfico para cada \u00e9poca, junto con una amplia gama de amenidades del complejo, como una piscina exterior de temporada y un jacuzzi, instalaciones para hacer ejercicio, sala de juegos y mucho m\u00e1s.<\/p>\r\n\r\n[custom_headline level=\"h3\" looks_like=\"h5\"]Boletos de descuento para Busch Gardens Williamsburg\r\n [\/custom_headline]\r\n\r\n<p>Los boletos de Busch Gardens Williamsburg son su pase a vivir emoci\u00f3n plena. Su pulso se acelerar\u00e1 con las emocionantes monta\u00f1as rusas de Verbolten, Alpengeist y Griffon, \u00a1que llevan a los aventureros hasta una altura de 205 pies \u00a1y los lanzan 90 grados en l\u00ednea recta a 75 millas por hora! <\/p>\r\n\r\n[custom_headline level=\"h3\" looks_like=\"h5\"]Busch Gardens Williamsburg Rides [\/custom_headline]\r\n\r\n<p>El paseo m\u00e1s alto del parque, la Torre M\u00e4ch eleva a sus pasajeros de viaje a 246 pies por encima del Oktoberfest, donde disfrutan de una vista espectacular desde la cima antes de caer repentinamente a una velocidad impresionante.<\/p> \r\n\r\n[custom_headline level=\"h4\" looks_like=\"h5\"]Official Alpengeist\u00ae POV | Busch Gardens\u00ae Williamsburg VA[\/custom_headline]\r\n\r\n<iframe loading=\"lazy\" width=\"853\" height=\"480\" src=\"https:\/\/www.youtube-nocookie.com\/embed\/jQeglsvF-wE\" frameborder=\"0\" allowfullscreen><\/iframe>\r\n\r\n[gap size=\"1em\"]\r\n<p>La Carroza de Apolo ofrece una desgarradora aventura mientras los pasajeros del viaje caen en picada a 209 pies en la primera ca\u00edda de esta monta\u00f1a rusa de acero. El Monstruo del Lago Ness es una monta\u00f1a rusa de doble vuelta que ofrece a los hu\u00e9spedes una mirada a la serpiente m\u00e1s infame de Escocia \"Nessie\" mientras lanza a los pasajeros a lo largo de 3.240 pies de v\u00eda de acero en el aire, sobre el agua y a trav\u00e9s de una oscura cueva. Mientras tanto, la fant\u00e1stica M\u00e4ch es una enorme torre de ca\u00edda que lleva a los hu\u00e9spedes al viaje de sus vidas.\r\n<\/p>\r\n\r\n<p>Las atracciones para ni\u00f1os en Busch Gardens Williamsburg incluyen el Bosque de Diversi\u00f3n de Plaza S\u00e9samo: \u00bfPuedes decirme c\u00f3mo llegar a Plaza S\u00e9samo? \u00danete a Elmo, Big Bird, Abby Cadabby y otros personajes de Barrio S\u00e9samo para disfrutar de paseos familiares, parques infantiles y una pel\u00edcula en 4-D de Plaza S\u00e9samo. Los ni\u00f1os pueden conocer a su personaje favorito de Plaza S\u00e9samo y sacarse una foto con \u00e9l.<\/p>\r\n[gap size=\"2em\"]\r\n<\/div>\r\n<div class=\"x-column x-sm x-1-4 last\">[sidebar class=\"mtm\" sidebar_id=\"ups-sidebar-williamsburg-landingpage\"]<\/div>\r\n<\/div>\r\n<!--\/content 2\/3 - 1\/3-->\r\n\r\n[\/container]","protected":false},"excerpt":{"rendered":"<p>[content_band class=\"mtn mbl\" bg_image=\"https:\/\/westgatecdn.com\/2016\/04\/Busch-Gardens-Williamsburg-Alpengeist.jpg\" inner_container=\"true\" parallax=\"false\"] [custom_headline style=\"margin-top: 0; color:#ffffff;\" type=\"center\" level=\"h1\" looks_like=\"h2\"]Busch Gardens Williamsburg packages[\/custom_headline] [\/content_band] [container] [visibility type=\"visible-phone\"] Call to Book [gap size=\"2em\"] [\/visibility] [custom_headline level=\"h3\" looks_like=\"h4\" class=\"mtn\"]Diversi\u00f3n ... <\/p>\n<div><a href=\"https:\/\/www.westgatereservations.com\/es\/williamsburg\/busch-gardens-packages\/\" class=\"more-link\">Leer M\u00e1s<\/a><\/div>\n","protected":false},"author":6,"featured_media":0,"parent":17523,"menu_order":0,"comment_status":"closed","ping_status":"closed","template":"template-blank-4.php","meta":{"footnotes":""},"_links":{"self":[{"href":"https:\/\/www.westgatereservations.com\/es\/wp-json\/wp\/v2\/pages\/18346"}],"collection":[{"href":"https:\/\/www.westgatereservations.com\/es\/wp-json\/wp\/v2\/pages"}],"about":[{"href":"https:\/\/www.westgatereservations.com\/es\/wp-json\/wp\/v2\/types\/page"}],"author":[{"embeddable":true,"href":"https:\/\/www.westgatereservations.com\/es\/wp-json\/wp\/v2\/users\/6"}],"replies":[{"embeddable":true,"href":"https:\/\/www.westgatereservations.com\/es\/wp-json\/wp\/v2\/comments?post=18346"}],"version-history":[{"count":0,"href":"https:\/\/www.westgatereservations.com\/es\/wp-json\/wp\/v2\/pages\/18346\/revisions"}],"up":[{"embeddable":true,"href":"https:\/\/www.westgatereservations.com\/es\/wp-json\/wp\/v2\/pages\/17523"}],"wp:attachment":[{"href":"https:\/\/www.westgatereservations.com\/es\/wp-json\/wp\/v2\/media?parent=18346"}],"curies":[{"name":"wp","href":"https:\/\/api.w.org\/{rel}","templated":true}]}}