{"id":18300,"date":"2019-01-21T10:54:15","date_gmt":"2019-01-21T15:54:15","guid":{"rendered":"https:\/\/www.westgatereservations.com\/presidents-day-travel-deals\/"},"modified":"2023-01-25T13:42:59","modified_gmt":"2023-01-25T18:42:59","slug":"presidents-day-travel-deals","status":"publish","type":"page","link":"https:\/\/www.westgatereservations.com\/es\/presidents-day-travel-deals\/","title":{"rendered":"Ofertas de viajes para Presidents' Day"},"content":{"rendered":"<div class=\"full-banner\">\r\n    <div class=\"image-wrap ptl\" style=\"\r\n    background:url(https:\/\/westgatecdn.com\/2019\/01\/presidents-day-banner.gif) no-repeat center center;\r\n    -webkit-background-size: cover;\r\n    -moz-background-size: cover;\r\n    -o-background-size: cover;\r\n    background-size: cover;\r\n    \">\r\n        <div class=\"x-container max width x-hidden-phone\">\r\n            <h1 class=\"dshadow h1 man pts white center-text\">Ofertas de viajes para Dia de Presidentes <\/h1>\r\n            <h2 class=\"dshadow h3 man pts white center-text\">\u00a1Elige tu celebraci\u00f3n de vacaciones!<\/h2>\r\n            <div class=\"center-text white mbs dshadow\">\r\n            <span>DESDE: <\/span><span class=\"h1 white\">$99<\/span><span> \/PAQUETE<\/span>\r\n            <\/div>\r\n\r\n            <div class=\"center-text\">\r\n                <div class=\"x-column x-1-3 x-sm\"><span class=\"x-hidden-phone\">&nbsp;<\/span><\/div>\r\n                <div class=\"x-column x-1-3 x-sm\"><div style=\"min-width: 250px;\">[timer]<\/div><\/div>\r\n                <div class=\"x-column x-1-3 x-sm last\"><span class=\"x-hidden-phone\">&nbsp;<\/span><\/div>\r\n                [clear]\r\n                [gap size=\"3em\"]\r\n            <\/div>\r\n        <\/div>\r\n\r\n        <!----->\r\n        <div class=\"x-container max width mbl search-ow-resort availability-search\">\r\n            <div class=\"x-visible-phone\">\r\n                <h1 class=\"dshadow h1 man pts white center-text\">Ofertas de viajes para Dia de Presidentes y<\/h1>\r\n                <h2 class=\"dshadow h3 man pts white center-text\">\u00a1Elige tu celebraci\u00f3n de vacaciones!<\/h2>\r\n                <div class=\"availability-horizontal center-text\">\r\n                    <span class=\"no-break\"><span class=\"white\">DESDE: <\/span><span class=\"price orange\"><b>$99<\/b><\/span> <span class=\"white\">\/PAQUETE<\/span><\/span>\r\n                <\/div>\r\n            <\/div>\r\n            [gap size=\"1em\"]\r\n            [search-availability layout=\"horizontal\" hide_title=\"true\" class=\"no-bg pan\"]\r\n            [gap size=\"1em\" class=\"x-hidden-phone\"]\r\n        <\/div>\r\n        [gap size=\"1em\" class=\"x-visible-phone\"]\r\n        <!---->\r\n    <\/div>\r\n<\/div>\r\n\r\n<div class=\"center-text x-breadcrumb-wrap x-visible-phone\">\r\n [subscribe modal=\"true\" trigger=\"link\" show_name=\"true\" trigger_content=\"<i class=\"fas fa-envelope \" aria-hidden=\"true\"><\/i>Reg\u00edstrese para recibir las <b> \u00faltimas <\/b> alertas de ofertas\"]\r\n<\/div>\r\n<div class=\"x-container max width\">\r\n    [gap size=\"1em\"]\r\n    <div class=\"x-column x-sm x-1-4\">\r\n        <div class=\"email-sidebar mbl x-hidden-phone\">\r\n            [subscribe headline=\"Reg\u00edstrese para recibir ofertas especiales y cupones\" show_name=\"true\" class=\"pan man\" confirm_content=\"<div class='pam' style='background:#a3d2b4; color:#fff;'><h6 class='mts'>Gracias por registrarte! <br\/> \u00a1Aseg\u00farese de revisar su correo electr\u00f3nico para obtener m\u00e1s ahorros!<\/h6> <\/div>\"]\r\n        <\/div>\r\n        [content-block name=\"call-hours\"]\r\n    <\/div>\r\n    <div class=\"x-column x-sm x-3-4 last\">\r\n        <h3 class=\"h3 mtn mbm stack-center-m\"> \u00a1Mantenga la celebraci\u00f3n de Dia de Presidentes  durante todo el mes con estos descuentos!<\/h3>\r\n        <div class=\"responsive-grid-items\">\r\n           [specials ids=\"11431,22871,18302\" layout=\"responsive\"] \r\n       <\/div>\r\n    <\/div>\r\n    [clear]\r\n    [gap size=\"2em\"]\r\n<\/div>\r\n<!----->\r\n<div style=\"background: #efefef;\">\r\n    <div class=\"x-container max width ptl pbs center-text\">\r\n<h3>\u00a1No te pierdas estas ofertas de viajes del d\u00eda de los presidentes!<\/h3>\r\n<p>Encontrar\u00e1 muchas ventas para el fin de semana del D\u00eda del Presidente, incluidas fabulosas ofertas en muebles, ropa, electrodom\u00e9sticos y autom\u00f3viles. Pero este a\u00f1o, \u00bfpor qu\u00e9 no celebrar con algo un poco m\u00e1s memorable? \u00a1Celebre con una escapada de resort de lujo llena de diversi\u00f3n en el destino que elija!<\/p>\r\n\r\n<p>Simplemente no hay mejor momento para escapar del fr\u00edo invernal que con un paquete de vacaciones con descuento de Westgate al soleado Orlando. Experimenta la emoci\u00f3n de los parques tem\u00e1ticos de clase mundial como Walt Disney World Resort, Universal Orlando Resort y SeaWorld Orlando. O echa un vistazo a la emoci\u00f3n de Las Vegas durante todo el d\u00eda, donde puedes disfrutar de espect\u00e1culos espectaculares, una animada vida nocturna y explorar la lista interminable de complejos de casinos masivos.<\/p>\r\n\r\n<p>Nuestros especiales del D\u00eda de los Presidentes no terminan ah\u00ed. Tambi\u00e9n puede encontrar ofertas para ahorrar dinero en vacaciones en Gatlinburg y las Grandes Monta\u00f1as Humeantes, el hist\u00f3rico Williamsburg, el popular Myrtle Beach, Branson, Cocoa Beach y m\u00e1s. Los electrodom\u00e9sticos son agradables, \u00a1pero no puedes superar los recuerdos de tus vacaciones de Westgate Resorts!\r\n\r\n<\/p>\r\n[clear]\r\n      \r\n    <\/div>\r\n<\/div>\r\n<!-- call banner-->\r\n<div style=\"background: #232c35;\">\r\n    <div class=\"x-container max width\">\r\n        [gap size=\"1em\"]\r\n        <div class=\"x-column x-sm x-2-3 white stack-center-m pas\">\r\n            <h5 class=\"font-lighter white man\">Reserve sus vacaciones hoy<\/h5>\r\n            <p>\u00a1Llame ahora para obtener los \u00faltimos descuentos en los paquetes de vacaciones que elija!<\/p>\r\n        <\/div>\r\n        <div class=\"x-column x-sm x-1-3 pam last\">\r\n            [phone_link class=\"x-btn x-btn-block btn-orange\"]Call [tel][\/phone_link]\r\n            [gap size=\"1em\" class=\"x-visible-phone\"]\r\n        <\/div>\r\n    <\/div>\r\n<\/div>\r\n<!--\/call banner-->\r\n<!-- Recommended Vacation Destinations -->\r\n<div>\r\n    <div class=\"x-container max width\">\r\n        <h5 class=\"h3 mbs\">Destinos de vacaciones recomendados para usted<\/h5>\r\n        <div class=\"x-column x-sm x-1-4\">\r\n<a href=\"\/es\/orlando\/\">\r\n<div class=\"x-promo\">\r\n                <div class=\"x-promo-image-wrap\"><img decoding=\"async\" src=\"https:\/\/westgatecdn.com\/2015\/06\/resort-westgate-town-center-660x425.jpg\" \/><\/div>\r\n                <div class=\"x-promo-content center-text\">\r\n                <h6 class=\"man\">Vacaciones en Orlando<\/h6>\r\n<\/div>\r\n<\/a>\r\n            <\/div>\r\n        <\/div>\r\n        <div class=\"x-column x-sm x-1-4\">\r\n<a href=\"\/es\/gatlinburg\/\">\r\n<div class=\"x-promo\">\r\n                <div class=\"x-promo-image-wrap\"><img decoding=\"async\" src=\"https:\/\/westgatecdn.com\/2015\/06\/resort-smoky-mountain-660x425.jpg\" \/><\/div>\r\n                <div class=\"x-promo-content center-text\">\r\n                <h6 class=\"man\">Vacaciones en Gatlinburg<\/h6>\r\n                <\/div>\r\n<\/div>\r\n<\/a>\r\n        <\/div>\r\n        <div class=\"x-column x-sm x-1-4\">\r\n<a href=\"\/es\/williamsburg\/\">\r\n<div class=\"x-promo\">\r\n                <div class=\"x-promo-image-wrap\"><img decoding=\"async\" src=\"https:\/\/westgatecdn.com\/2015\/06\/resort-williamsburg-660x425.jpg\" \/><\/div>\r\n                <div class=\"x-promo-content center-text\">\r\n                <h6 class=\"man\">Vacaciones en Williamsburg<\/h6>\r\n                <\/div>\r\n<\/div>\r\n<\/a>\r\n        <\/div>\r\n        <div class=\"x-column x-sm x-1-4 last\">\r\n<a href=\"\/es\/kissimmee\/\">\r\n<div class=\"x-promo\">\r\n                <div class=\"x-promo-image-wrap\"><img decoding=\"async\" src=\"https:\/\/westgatecdn.com\/2015\/06\/resort-westgate-towers-660x425.jpg\" \/><\/div>\r\n                <div class=\"x-promo-content center-text\">\r\n                <h6 class=\"man\">Vacaciones en Kissimmee<\/h6>\r\n                <\/div>\r\n<\/div>\r\n<\/a>\r\n        <\/div>\r\n    <\/div>\r\n    [gap size=\"3em\"]\r\n<\/div>","protected":false},"excerpt":{"rendered":"<p>Ofertas de viajes para Dia de Presidentes \u00a1Elige tu celebraci\u00f3n de vacaciones! DESDE: $99 \/PAQUETE &nbsp; [timer] &nbsp; [clear] [gap size=\"3em\"] Ofertas de viajes para Dia de Presidentes y \u00a1Elige ... <\/p>\n<div><a href=\"https:\/\/www.westgatereservations.com\/es\/presidents-day-travel-deals\/\" class=\"more-link\">Leer M\u00e1s<\/a><\/div>\n","protected":false},"author":2,"featured_media":0,"parent":0,"menu_order":0,"comment_status":"closed","ping_status":"closed","template":"template-blank-4.php","meta":{"footnotes":""},"_links":{"self":[{"href":"https:\/\/www.westgatereservations.com\/es\/wp-json\/wp\/v2\/pages\/18300"}],"collection":[{"href":"https:\/\/www.westgatereservations.com\/es\/wp-json\/wp\/v2\/pages"}],"about":[{"href":"https:\/\/www.westgatereservations.com\/es\/wp-json\/wp\/v2\/types\/page"}],"author":[{"embeddable":true,"href":"https:\/\/www.westgatereservations.com\/es\/wp-json\/wp\/v2\/users\/2"}],"replies":[{"embeddable":true,"href":"https:\/\/www.westgatereservations.com\/es\/wp-json\/wp\/v2\/comments?post=18300"}],"version-history":[{"count":0,"href":"https:\/\/www.westgatereservations.com\/es\/wp-json\/wp\/v2\/pages\/18300\/revisions"}],"wp:attachment":[{"href":"https:\/\/www.westgatereservations.com\/es\/wp-json\/wp\/v2\/media?parent=18300"}],"curies":[{"name":"wp","href":"https:\/\/api.w.org\/{rel}","templated":true}]}}