{"id":18204,"date":"2019-02-18T14:46:58","date_gmt":"2019-02-18T19:46:58","guid":{"rendered":"https:\/\/www.westgatereservations.com\/vacations\/spring-break-travel-deals\/"},"modified":"2024-03-12T12:42:01","modified_gmt":"2024-03-12T16:42:01","slug":"spring-break-travel-deals","status":"publish","type":"page","link":"https:\/\/www.westgatereservations.com\/es\/vacations\/spring-break-travel-deals\/","title":{"rendered":"Ofertas para viajes en vacaciones de primavera"},"content":{"rendered":"<div class=\"full-banner\">\r\n    <div class=\"image-wrap ptl\" style=\"\r\n    background:url(https:\/\/westgatecdn.com\/2019\/02\/spring_break_travel_deals.jpg) no-repeat center center;\r\n    -webkit-background-size: cover;\r\n    -moz-background-size: cover;\r\n    -o-background-size: cover;\r\n    background-size: cover;\r\n    \">\r\n        <div class=\"x-container max width x-hidden-phone\">\r\n            <div class=\"dshadow h1 man pts white center-text\">Ofertas para viajes en vacaciones de primavera<\/div>\r\n            <div class=\"dshadow h4 man mtn white center-text\">\u00a1Encuetra la escapadita perfecta!<\/div>\r\n            <div class=\"center-text white mbs dshadow\">\r\n            <span>DESDE: <\/span><span class=\"h1 white\">$99<\/span><span> \/PAQUETE<\/span>\r\n            <\/div>\r\n\r\n<div class=\"center-text\">\r\n                <div class=\"x-column x-1-3 x-sm\"><span class=\"x-hidden-phone\">&nbsp;<\/span><\/div>\r\n                <div class=\"x-column x-1-3 x-sm last\"><span class=\"x-hidden-phone\">&nbsp;<\/span><\/div>\r\n                [clear]\r\n                [gap size=\"3em\"]\r\n            <\/div>\r\n        <\/div>\r\n\r\n        <!----->\r\n        <div class=\"x-container max width mbl search-ow-resort availability-search\">\r\n            <div class=\"x-visible-phone\">\r\n                <<div class=\"dshadow h1 man pts white center-text\">Ofertas para vacaciones de primavera<\/div>\r\n                <div class=\"dshadow h5 man mtn pts white center-text\">\u00a1Encuetra la escapadita perfecta!<\/div>\r\n                <div class=\"availability-horizontal center-text\">\r\n                    <span class=\"no-break\"><span class=\"white\">DESDE: <\/span><span class=\"price orange\"><b>$99<\/b><\/span> <span class=\"white\"> \/PAQUETE<\/span><\/span>\r\n                <\/div>\r\n            <\/div>\r\n            [gap size=\"1em\"]\r\n            [search-availability layout=\"horizontal\" hide_title=\"true\" class=\"no-bg pan\"]\r\n            [gap size=\"1em\" class=\"x-hidden-phone\"]\r\n        <\/div>\r\n        [gap size=\"1em\" class=\"x-visible-phone\"]\r\n        <!---->\r\n    <\/div>\r\n<\/div>\r\n\r\n<div class=\"center-text x-breadcrumb-wrap x-visible-phone\">\r\n [subscribe modal=\"true\" trigger=\"link\" show_name=\"true\" trigger_content=\"<i class=\"fas fa-envelope \" aria-hidden=\"true\"><\/i>Suscr\u00edbete para Ofertas y Descuentos Especiales\"]\r\n<\/div>\r\n<div class=\"x-container max width\">\r\n    [gap size=\"1em\"]\r\n    <div class=\"x-column x-sm x-1-4\">\r\n        <div class=\"email-sidebar mbl x-hidden-phone\">\r\n            [subscribe headline=\"Suscr\u00edbete para Ofertas y Descuentos Especiales\" show_name=\"true\" class=\"pan man\" confirm_content=\"<div class='pam' style='background:#a3d2b4; color:#fff;'><h6 class='mts'>\u00a1Gracias por Suscribirte! <br\/> Recuerda verificar tu correo electr\u00f3nico<\/h6> <\/div>\"]\r\n        <\/div>\r\n        <div>\r\n            [content-block name=\"call-hours\"]\r\n    <\/div>\r\n    <\/div>\r\n    <div class=\"x-column x-sm x-3-4 last\">\r\n<!-- Intro -->\r\n    <h1 class=\"h3 mtn mbs stack-center-m\">Paquetes y ofertas de primavera<\/h1>\r\n       <div class=\"row\">\r\n        <div class=\"x-column x-sm x-1-3 mbm\">\r\n        \t<wf-scroll hash=\"orl\" class=\"x-btn x-btn-block btn-gray x-btn-transparent\">Primavera en Orlando<\/wf-scroll>\r\n        <\/div>\r\n        <div class=\"x-column x-sm x-1-3 mbm\">\r\n        \t<wf-scroll hash=\"cocoa\" class=\"x-btn x-btn-block btn-gray x-btn-transparent\">Primavera en Cocoa Beach<\/wf-scroll>\r\n        <\/div>\r\n        <div class=\"x-column x-sm x-1-3 last mbm\">\r\n            <wf-scroll hash=\"gat\" class=\"x-btn x-btn-block btn-gray x-btn-transparent\">Primavera en Gatlinburg <\/wf-scroll>\r\n        <\/div>\r\n<\/div>\r\n<div class=\"row\">\r\n<div class=\"x-column x-sm x-1-3 last mbm\">\r\n\t\t\t<wf-scroll hash=\"lv\" class=\"x-btn x-btn-block btn-gray x-btn-transparent\">Primavera en Las Vegas<\/wf-scroll>\r\n        <\/div>\r\n<\/div>\r\n       [clear]\r\n        <p class=\"mtm\">\u00a1Vacaciones de primavera! La mera menci\u00f3n de las vacaciones de primavera solo puede significar una cosa... \u00a1Gozar del tiempo de vacaciones! En Westgate Resorts, queremos que aproveches al m\u00e1ximo las vacaciones de primavera. Tenemos paquetes de vacaciones especiales con descuento para recorrer destinos populares que incluyen Orlando, FL, Cocoa Beach, FL y Las Vegas, NV. Mira c\u00f3mo puedes disfrutar de una espectacular escapada a un resort que ofrece alojamiento de lujo y una extensa lista de comodidades y actividades llenas de diversi\u00f3n.<\/p>\r\n[line]\r\n<!--\/-->\r\n\r\n\r\n<!-- Orlando destination -->\r\n<div id=\"orl\"><\/div>\r\n    <h2 class=\"h3 mtl mbs stack-center-m\">Ofertas de Primavera en Orlando:<\/h3>\r\n        <p>Esc\u00e1pate de la nieve y el fr\u00edo y emb\u00e1rcate en una emocionante escapada de vacaciones de primavera a la soleada Orlando. Disfruta de impresionantes resorts idealmente ubicados cerca de Disney World, Universal Studios, y de muchas otras atracciones, restaurantes y tiendas de nivel mundial en Orlando.<\/p>\r\n    [specials ids=\"20706,5663,5658\"] \r\n<!--\/-->\r\n[line]\r\n\r\n<!-- destination -->\r\n<div id=\"cocoa\"><\/div>\r\n    <h3 class=\"h3 mtl mbm stack-center-m\" >Ofertas de Primavera en Cocoa Beach:<\/h3>\r\n        <p>\u00a1Rel\u00e1jate con estilo a lo largo de la famosa Space Coast de Florida! Disfruta de las playas de arena blanca y de las olas que hicieron de Cocoa Beach la Capital del Surf de la costa este. Disfruta de una amplia gama de actividades recreativas al aire libre o visita el cercano Complejo de Visitantes Kennedy Space Center.<\/p>\r\n    [specials ids=\"12882\"] \r\n<!--\/-->\r\n[line]\r\n\r\n<!-- destination -->\r\n<div id=\"gat\"><\/div>\r\n    <h3 class=\"h3 mtl mbm stack-center-m\">Ofertas de Primavera en Gatlinburg:<\/h3>\r\n        <p>\u00a1Gatlinburg es el destino perfecto para visitar durante la primavera! Con mucho que hacer en los Smokies y las flores silvestres que comienzan a florecer, no es de extra\u00f1ar por qu\u00e9 las monta\u00f1as llaman la atenci\u00f3n de los amantes a las vacaciones durante esta temporada.\r\n<\/p>\r\n    [specials ids=\"11431\"] \r\n<!--\/-->\r\n[line]\r\n\r\n<!-- destination -->\r\n<div id=\"lv\"><\/div>\r\n    <h3 class=\"h3 mtl mbm stack-center-m\">Ofertas de primavera para Las Vegas:<\/h3>\r\n        <p>Crea recuerdos inolvidables de tus vacaciones de primavera con una escapada a Las Vegas. Nuestro resort en Las Vegas te coloca en el coraz\u00f3n de la acci\u00f3n, a solo una cuadra de la famosa Las Vegas Strip. Disfruta de entretenimiento en vivo, de un excepcional casino y de la mayor casa de apuestas de carreras y deportes del mundo.<\/p>\r\n    [specials ids=\"11070,5650,\"] \r\n<!--\/-->\r\n[line]\r\n<!-- destination -->\r\n    <h3 class=\"h3 mtl mbm stack-center-m\">Personaliza tu propio paquete Vacacional<\/h3>\r\n        <p>Agrega noches adicionales, tickets para atracciones o mejora tu habitaci\u00f3n. \u00a1Reserva tus vacaciones en <a href=\"https:\/\/\/www.westgatereservations.com\/es\/\">Westgate Reservations<\/a> hoy!\r\n <\/p>\r\n\r\n    <\/div>\r\n    [clear]\r\n    [gap size=\"2em\"]\r\n<\/div>\r\n<!----->\r\n<div style=\"background: #efefef;\">\r\n    <div class=\"x-container max width ptl pbl center-text\">\r\n<h3>Comienza a planificar tus vacaciones de primavera<\/h3>\r\n<p>\u00a1Revisa nuestros \u00faltimos blogs sobre vacaciones de primavera y comienza a planificar tu pr\u00f3xima aventura!<\/p>\r\n[recent_posts ids=\"13734,12635,14516\"]\r\n\r\n[gap size=\"2em\"]\r\n      \r\n    <\/div>\r\n<\/div>\r\n<!-- call banner-->\r\n<div style=\"background: #232c35;\">\r\n    <div class=\"x-container max width\">\r\n        [gap size=\"1em\"]\r\n        <div class=\"x-column x-sm x-2-3 white stack-center-m pas\">\r\n            <h5 class=\"font-lighter white man\">Reserva tus vacaciones hoy mismo<\/h5>\r\n            <p>\u00a1Comun\u00edcate ahora para obtener los \u00faltimos descuentos en los paquetes vacacionales de tu elecci\u00f3n!<\/p>\r\n        <\/div>\r\n        <div class=\"x-column x-sm x-1-3 pam last\">\r\n            [phone_link class=\"x-btn x-btn-block btn-orange\"]Llame al [tel][\/phone_link]\r\n            [gap size=\"1em\" class=\"x-visible-phone\"]\r\n        <\/div>\r\n    <\/div>\r\n<\/div>\r\n<!--\/call banner-->\r\n<!-- Recommended Vacation Destinations -->\r\n<div>\r\n    <div class=\"x-container max width\">\r\n        <h5 class=\"h3 mbs\">Destinos vacacionales que te recomendamos<\/h5>\r\n        <div class=\"x-column x-sm x-1-4\">\r\n<a href=\"\/es\/orlando\/\">\r\n<div class=\"x-promo\">\r\n                <div class=\"x-promo-image-wrap\"><img decoding=\"async\" src=\"https:\/\/westgatecdn.com\/2015\/06\/resort-westgate-town-center-660x425.jpg\" \/><\/div>\r\n                <div class=\"x-promo-content center-text\">\r\n                <h6 class=\"man\">Vacaciones en Orlando<\/h6>\r\n<\/div>\r\n<\/a>\r\n            <\/div>\r\n        <\/div>\r\n        <div class=\"x-column x-sm x-1-4\">\r\n<a href=\"\/es\/gatlinburg\/\">\r\n<div class=\"x-promo\">\r\n                <div class=\"x-promo-image-wrap\"><img decoding=\"async\" src=\"https:\/\/westgatecdn.com\/2015\/06\/resort-smoky-mountain-660x425.jpg\" \/><\/div>\r\n                <div class=\"x-promo-content center-text\">\r\n                <h6 class=\"man\">Vacaciones en Gatlinburg<\/h6>\r\n                <\/div>\r\n<\/div>\r\n<\/a>\r\n        <\/div>\r\n        <div class=\"x-column x-sm x-1-4\">\r\n<a href=\"\/es\/williamsburg\/\">\r\n<div class=\"x-promo\">\r\n                <div class=\"x-promo-image-wrap\"><img decoding=\"async\" src=\"https:\/\/westgatecdn.com\/2015\/06\/resort-williamsburg-660x425.jpg\" \/><\/div>\r\n                <div class=\"x-promo-content center-text\">\r\n                <h6 class=\"man\">Vacaciones en Williamsburg<\/h6>\r\n                <\/div>\r\n<\/div>\r\n<\/a>\r\n        <\/div>\r\n        <div class=\"x-column x-sm x-1-4 last\">\r\n<a href=\"\/es\/kissimmee\/\">\r\n<div class=\"x-promo\">\r\n                <div class=\"x-promo-image-wrap\"><img decoding=\"async\" src=\"https:\/\/westgatecdn.com\/2015\/06\/resort-westgate-towers-660x425.jpg\" \/><\/div>\r\n                <div class=\"x-promo-content center-text\">\r\n                <h6 class=\"man\">Vacaciones en Kissimmee<\/h6>\r\n                <\/div>\r\n<\/div>\r\n<\/a>\r\n        <\/div>\r\n    <\/div>\r\n    [gap size=\"3em\"]\r\n<\/div>","protected":false},"excerpt":{"rendered":"<p>Ofertas para viajes en vacaciones de primavera \u00a1Encuetra la escapadita perfecta! DESDE: $99 \/PAQUETE &nbsp; &nbsp; [clear] [gap size=\"3em\"] Paquetes y ofertas de primavera Primavera en Orlando Primavera en Cocoa ... <\/p>\n<div><a href=\"https:\/\/www.westgatereservations.com\/es\/vacations\/spring-break-travel-deals\/\" class=\"more-link\">Leer M\u00e1s<\/a><\/div>\n","protected":false},"author":9,"featured_media":27321,"parent":5364,"menu_order":0,"comment_status":"closed","ping_status":"closed","template":"template-blank-4.php","meta":{"footnotes":""},"_links":{"self":[{"href":"https:\/\/www.westgatereservations.com\/es\/wp-json\/wp\/v2\/pages\/18204"}],"collection":[{"href":"https:\/\/www.westgatereservations.com\/es\/wp-json\/wp\/v2\/pages"}],"about":[{"href":"https:\/\/www.westgatereservations.com\/es\/wp-json\/wp\/v2\/types\/page"}],"author":[{"embeddable":true,"href":"https:\/\/www.westgatereservations.com\/es\/wp-json\/wp\/v2\/users\/9"}],"replies":[{"embeddable":true,"href":"https:\/\/www.westgatereservations.com\/es\/wp-json\/wp\/v2\/comments?post=18204"}],"version-history":[{"count":0,"href":"https:\/\/www.westgatereservations.com\/es\/wp-json\/wp\/v2\/pages\/18204\/revisions"}],"up":[{"embeddable":true,"href":"https:\/\/www.westgatereservations.com\/es\/wp-json\/wp\/v2\/pages\/5364"}],"wp:featuredmedia":[{"embeddable":true,"href":"https:\/\/www.westgatereservations.com\/es\/wp-json\/wp\/v2\/media\/27321"}],"wp:attachment":[{"href":"https:\/\/www.westgatereservations.com\/es\/wp-json\/wp\/v2\/media?parent=18204"}],"curies":[{"name":"wp","href":"https:\/\/api.w.org\/{rel}","templated":true}]}}