{"id":18138,"date":"2018-04-25T12:11:41","date_gmt":"2018-04-25T16:11:41","guid":{"rendered":"https:\/\/www.westgatereservations.com\/cocoa-beach\/things-to-do-in-cocoa-beach\/"},"modified":"2020-07-13T11:16:17","modified_gmt":"2020-07-13T15:16:17","slug":"things-to-do-in-cocoa-beach","status":"publish","type":"page","link":"https:\/\/www.westgatereservations.com\/es\/cocoa-beach\/things-to-do-in-cocoa-beach\/","title":{"rendered":"Qu\u00e9 Hacer en  Cocoa Beach"},"content":{"rendered":"<h1 class=\"h4 mts font-100\">Aproveche al m\u00e1ximo sus vacaciones en Cocoa Beach<\/h1>\r\n<img decoding=\"async\" src=\"https:\/\/westgatecdn.com\/2018\/03\/family-cocoa-beach.jpg\" alt=\"Aproveche al m\u00e1ximo sus vacaciones en Cocoa Beach | Westgate Reservations\"\/>\r\n<!--\/-->\r\n<p class=\"mtl\">\r\n[dropcap]N[\/dropcap]o hay nada como unas espl\u00e9ndidas vacaciones de playa en la Florida. Disfrute del c\u00e1lido sol de la costa de la Florida de sus olas y de la arena. Y cuando aqu\u00ed hablamos de unas vacaciones de playa estupendas, es dif\u00edcil superar la hermosa Cocoa Beach, Florida.\r\n<\/p>\r\n\r\n<p>A tan solo una hora de distancia en auto de los parques tem\u00e1ticos y atracciones de Orlando, Cocoa Beach ofrece una amplia gama de hoteles y resorts a lo largo de la costa. Es tambi\u00e9n el destino perfecto para tomar un crucero, ya que Puerto Ca\u00f1averal est\u00e1 muy cerca y es sede de varias l\u00edneas de cruceros que incluyen Disney Cruise Lines, Carnival y Royal Caribbean. Observe c\u00f3mo los barcos entran y salen del puerto con destino a lugares ex\u00f3ticos como las islas de las Bahamas o las islas del Caribe.<\/p>\r\n\r\n[blockquote type=\"center\"]\u00a1S\u00ed, puede personalizar su paquete de vacaciones!<br>Comun\u00edquese con nosotros ahora al <strong>[phone_link][tel][\/phone_link]<\/strong> [\/blockquote]\r\n\r\n<p>Cocoa Beach en Florida cuenta con una inmejorable ubicaci\u00f3n en la Costa Espacial, y es el para\u00edso deseado de los amantes de la playa, donde adem\u00e1s encontrar\u00e1 numerosos restaurantes, tiendas, una gran vida nocturna y atracciones familiares llenas de diversi\u00f3n. \u00a1Todo a pasos de las olas y la arena!<\/p>\r\n\r\n<h2 class=\"h5 mtm font-100\">La capital del surf de la costa este<\/h2>\r\n<p>\r\nUno de los pasatiempos favoritos en Cocoa Beach es el surf. As\u00ed que no es de extra\u00f1ar que Cocoa Beach sea el hogar de la ic\u00f3nica tienda de surf de Ron Jon. Esta tienda es la m\u00e1s grande del mundo, y en ella podr\u00e1 encontrar todos los accesorios de surf que necesite tales como bodyboards, skim boards, equipos de paddleboarding, ropa, accesorios y souvenires. La tienda se encuentra bajando hacia la playa desde el hist\u00f3rico muelle de Cocoa Beach.\r\n<\/p>\r\n\r\n<div>\r\n  <div class=\"x-column x-sm x-1-2\" style=\"\">\r\n    <div class=\"x-promo\">\r\n      <div class=\"x-promo-image-wrap\"><img decoding=\"async\" class=\"mbs\" src=\"https:\/\/westgatecdn.com\/2018\/03\/specials_thumbnail_cocoa_beach_pier.jpg\" alt=\"muelle de cocoa beach\" \/><\/div>\r\n      <div class=\"x-promo-content\">\r\n      <h5 class=\"mtn\" style=\"text-decoration:underline;\">El muelle de Cocoa Beach<\/h5>\r\n      <p>El muelle de Cocoa Beach se extiende 240 metros (800 pies) sobre el oleaje del Atl\u00e1ntico y es un destino ideal para pescar, observar aves y delfines retozando en el oc\u00e9ano, y gozar de unas vistas incre\u00edbles de la playa. El muelle de Cocoa Beach tambi\u00e9n ofrece varios restaurantes y bares, salas de juegos, y la posibilidad de alquilar equipos de playa.<\/p>\r\n      <\/div>\r\n    <\/div>\r\n  <\/div>\r\n  <div class=\"x-column x-sm x-1-2 last\" style=\"\">\r\n    <div class=\"x-promo\">\r\n      <div class=\"x-promo-image-wrap\"><img decoding=\"async\" class=\"mbs\" src=\"https:\/\/westgatecdn.com\/2018\/03\/cocoa-beach-surfing.jpg\" alt=\"hacer surf en cocoa beach\" \/><\/div>\r\n      <div class=\"x-promo-content\">\r\n      <h5 class=\"mtn\" style=\"text-decoration:underline;\">Practicar surf en Cocoa Beach<\/h5>\r\n      <p>Muchas de las grandes competiciones de surf de la costa este tienen lugar tambi\u00e9n cerca del muelle de Cocoa Beach, donde se encuentran algunas de las mejores olas de surf de la Florida. Entre los restaurantes del muelle de Cocoa Beach se encuentran Pelican's Bar & Grill, Rikki Tiki Tavern, Keith's Oyster Bar, The Boardwalk Bar y Sea Dogs.<\/p>\r\n      <\/div>\r\n    <\/div>\r\n  <\/div>\r\n<\/div>\r\n[clear]\r\n\r\n<h2 class=\"h5 mtm font-100\">Paisajes esc\u00e9nicos y atracciones cerca de Cocoa<\/h2>\r\n<p>No es necesario aventurarse lejos de Cocoa Beach para encontrar una naturaleza espectacular y paisajes esc\u00e9nicos. Visite la cercana isla de Merritt Island, d\u00e9 un paseo por la asombrosa costa nacional de Cabo Ca\u00f1averal, navegue en barco, practique kitesurf o pesque en la laguna del r\u00edo Indio, contemple manat\u00edes en el Parque del Santuario del Manat\u00ed, explore el Refugio Nacional de Vida Silvestre de Archie Carr en la playa de Melbourne Beach, realice una excursi\u00f3n en kayak autoguiada y recorra los manglares de la playa de Cocoa Beach.<\/p>\r\n<p>Unas vacaciones \u00fanicas en Cocoa Beach, Florida, deben incluir tambi\u00e9n una visita a las cercanas islas de Canaveral y Merritt, donde se encuentra el Centro Espacial Kennedy. El Complejo de Visitantes del Centro Espacial Kennedy ofrece una mirada completa y exhaustiva al vasto universo del espacio y a la historia de los programas espaciales de los Estados Unidos, que incluyen los programas de lanzamiento espacial de Apolo, G\u00e9minis, Saturno y del transbordador espacial. Podr\u00e1 incluso caminar por un jard\u00edn de cohetes o conocer a un astronauta real.<\/p>\r\n\r\n<div>\r\n<div class=\"x-column x-sm x-1-3\">\r\n<img decoding=\"async\" class=\"x-img-thumbnail\" src=\"https:\/\/westgatecdn.com\/2018\/03\/cocoa-beach-pier.jpg\" alt=\"Cocoa beach pier\">\r\n<h6 class=\"h-custom-headline accent\"><span>MUELLE DE COCOA BEACH<\/span><\/h6> \r\n<\/div>\r\n<div class=\"x-column x-sm x-1-3\">\r\n<img decoding=\"async\" class=\"x-img-thumbnail\" src=\"https:\/\/westgatecdn.com\/2017\/12\/ron-jon-surf-shop-cocoa.jpg\" alt=\"tienda ron jon surf shop\">\r\n<h6 class=\"h-custom-headline accent\"><span>Ron Jon Surf Shop<\/span><\/h6> \r\n<\/div>\r\n<div class=\"x-column x-sm x-1-3\">\r\n<img decoding=\"async\" class=\"x-img-thumbnail\" src=\"https:\/\/westgatecdn.com\/2017\/12\/kennedy-space-center.jpg\" alt=\"Centro espacial kennedy\">\r\n<h6 class=\"h-custom-headline accent\"><span>CENTRO ESPACIAL KENNEDY<\/span><\/h6> \r\n<\/div>\r\n<\/div>\r\n\r\n<p>Las atracciones adicionales de Cocoa Beach incluyen la Tienda de dinosaurios y la Zona de aventura, el Museo de surf de la Florida, el Sal\u00f3n de la fama del Surf de la costa este, excursiones ecol\u00f3gicas, excursiones de pesca, el Parque de patinaje de Cocoa Beach, el Parque Lori Wilson, el Parque Alan Shepard Beachfront, Maritime Hammock Preserve, Jetty Park, el minigolf Golf N Gator y el cercano zool\u00f3gico de Brevard.<\/p>\r\n\r\n<h2 class=\"h5 mtm font-100\">Encuentre hoteles en Cocoa Beach<\/h2>\r\n<p>Cuando visite la Costa Espacial y Cocoa Beach, encontrar\u00e1 numerosos hoteles, resorts y alojamientos, muchos de ellos con vistas al mar y acceso a la playa. Aproveche al m\u00e1ximo sus vacaciones en Cocoa, cons\u00faltenos sobre las mejores ofertas de hoteles.<\/p>\r\n\r\n[resorts ids=\"12523\"]\r\n\r\n<!-- additional links -->\r\n<section role=\"contentinfo\">\r\n    <div class=\"x-container max width pbl mtl\">\r\n        <h5 class=\"h5 mtn\">Enlaces Adiccionales de Cocoa Beach<\/h5>\r\n[columnize]\r\n<ul> \r\n<li><a href=\"\/es\/cocoa-beach\/\">Planifica tus Vacaciones en Cocoa Beach<\/a><\/li>\r\n<li><a href=\"\/es\/cocoa-beach\/vacation-packages\/\">Encuentra los Mejores Paquetes Vacacionales de Cocoa Beach<\/a><\/li>\r\n<li><a href=\"\/es\/cocoa-beach\/vacation-rentals\/\">Alquileres Vacacionales en Cocoa Beach<\/a><\/li>\r\n<li><a href=\"\/es\/cocoa-beach\/places-to-stay\/\">D\u00f3nde Quedarse en Cocoa Beach<\/a><\/li>\r\n<li><a href=\"\/es\/cocoa-beach\/hotels-resorts\/near-port-canaveral\/\">Hoteles cerca del Puerto Ca\u00f1averal<\/a><\/li>\r\n<li><a href=\"\/es\/cocoa-beach\/hotels-resorts\/near-kennedy-space\/\">Hoteles cerca del Centro Espacial Kennedy<\/a><\/li>\r\n<li><a href=\"\/es\/cocoa-beach\/hotels-resorts\/ocean-view\/\">Hoteles en Cocoa Beach con Vista al Mar<\/a><\/li>\r\n<li><a href=\"\/es\/cocoa-beach\/hotels-resorts\/rentals\/\">Descubra los alquileres vacacionales de Cocoa Beach<\/a><\/li>\r\n<\/ul>\r\n[\/columnize]\r\n\r\n","protected":false},"excerpt":{"rendered":"<p>Aproveche al m\u00e1ximo sus vacaciones en Cocoa Beach [dropcap]N[\/dropcap]o hay nada como unas espl\u00e9ndidas vacaciones de playa en la Florida. Disfrute del c\u00e1lido sol de la costa de la Florida ... <\/p>\n<div><a href=\"https:\/\/www.westgatereservations.com\/es\/cocoa-beach\/things-to-do-in-cocoa-beach\/\" class=\"more-link\">Leer M\u00e1s<\/a><\/div>\n","protected":false},"author":2,"featured_media":0,"parent":17156,"menu_order":0,"comment_status":"closed","ping_status":"closed","template":"template-layout-content-sidebar.php","meta":{"footnotes":""},"_links":{"self":[{"href":"https:\/\/www.westgatereservations.com\/es\/wp-json\/wp\/v2\/pages\/18138"}],"collection":[{"href":"https:\/\/www.westgatereservations.com\/es\/wp-json\/wp\/v2\/pages"}],"about":[{"href":"https:\/\/www.westgatereservations.com\/es\/wp-json\/wp\/v2\/types\/page"}],"author":[{"embeddable":true,"href":"https:\/\/www.westgatereservations.com\/es\/wp-json\/wp\/v2\/users\/2"}],"replies":[{"embeddable":true,"href":"https:\/\/www.westgatereservations.com\/es\/wp-json\/wp\/v2\/comments?post=18138"}],"version-history":[{"count":0,"href":"https:\/\/www.westgatereservations.com\/es\/wp-json\/wp\/v2\/pages\/18138\/revisions"}],"up":[{"embeddable":true,"href":"https:\/\/www.westgatereservations.com\/es\/wp-json\/wp\/v2\/pages\/17156"}],"wp:attachment":[{"href":"https:\/\/www.westgatereservations.com\/es\/wp-json\/wp\/v2\/media?parent=18138"}],"curies":[{"name":"wp","href":"https:\/\/api.w.org\/{rel}","templated":true}]}}