{"id":18135,"date":"2018-03-28T14:45:48","date_gmt":"2018-03-28T18:45:48","guid":{"rendered":"https:\/\/www.westgatereservations.com\/cocoa-beach\/hotels-resorts\/rentals\/"},"modified":"2020-07-13T11:14:29","modified_gmt":"2020-07-13T15:14:29","slug":"rentals","status":"publish","type":"page","link":"https:\/\/www.westgatereservations.com\/es\/cocoa-beach\/hotels-resorts\/rentals\/","title":{"rendered":"Cocoa Beach Hotel and Resort Rentals"},"content":{"rendered":"<section role=\"contentinfo\">\r\n    <div>\r\n        <div class=\"ptl background-cover\" style=\"\r\n        background-image:url(https:\/\/westgatecdn.com\/2019\/08\/cocoa-beach-hotel-rentals.jpg);\">\r\n            <div class=\"x-container max width dshadow x-hidden-phone\">\r\n                <h1 class=\"pts white center-text\">Descubra los alquileres vacacionales de Cocoa Beach, Florida\r\n<\/h1>\r\n                <p class=\"h3 man pts white center-text\">\u00a1Encuentre sus vacaciones so\u00f1adas!<\/p>\r\n                <div class=\"center-text white mbl\" style=\"font-weight: 500;\">\r\n                <span>DESDE: <\/span><span class=\"h1 white\">$135<\/span> \/NOCHE<\/span>\r\n                <\/div>\r\n            <\/div>\r\n            [gap size=\"1em\"]\r\n            <!----->\r\n            <div class=\"x-container max width search-ow-resort availability-search\">\r\n                <div class=\"x-visible-phone\">\r\n                    <h1 class=\"dshadow mts white center-text\">Descubra los alquileres vacacionales de Cocoa Beach, Florida\r\n<\/h1>\r\n                    <p class=\"h3 dshadow man pts white center-text\">\u00a1Encuentre sus vacaciones so\u00f1adas!<\/p>\r\n                    <div class=\"availability-horizontal center-text\">\r\n                        <span class=\"no-break\"><span class=\"white\">DESDE: <\/span><span class=\"price white\"><b>$135<\/b><\/span> <span class=\"white\">\/NOCHE<\/span><\/span>\r\n                    <\/div>\r\n                <\/div>\r\n\r\n                <div class=\"x-content-band marginless-columns mbn ptm pbm\">\r\n                    <section role=\"search\">\r\n                        <div class=\"x-container\">\r\n                            <div class=\"x-column x-sm x-1-4 x-hidden-phone\" style=\"vertical-align: middle;\">\r\n                                <p class=\"h3 man white\">Encuentra las mejores tarifas<\/p>\r\n                            <\/div>\r\n                            <div class=\"x-column x-sm x-3-4 last\">\r\n                                [search-availability layout=\"horizontal\" destination=\"Cocoa Beach\" hide_title=\"true\" class=\"no-bg pan\"]\r\n                            <\/div>\r\n                        <\/div>\r\n                    <\/section>\r\n                <\/div>\r\n            <\/div>\r\n            [gap size=\"1em\" class=\"x-visible-phone\"]\r\n            <!---->\r\n        <\/div>\r\n    <\/div>\r\n    [container]\r\n         <div class=\"ptm icon-nav light pbs\">\r\n            [gap size=\"1em\" class=\"x-hidden-phone\"]\r\n                <div class=\"x-column x-1-3 stack-center-m\">\r\n                    <div>\r\n                        [phone_link class=\"inheritcolor\"]\r\n                        <div class=\"x-column x-sm x-1-4\">\r\n                            <i class=\"fas fa-phone fa-2x right-stack-m focus\"><\/i>\r\n                        <\/div>\r\n                        <div class=\"x-column x-sm x-3-4 last\">\r\n                            <p class=\"x-visible-phone mts\" style=\"line-height:1.2em;\">\r\n                                <strong>\u00a1Llama para<br\/>reservar!<\/strong>\r\n                            <\/p>\r\n                            <p class=\"x-hidden-phone font-120\">\r\n                                <strong>\u00a1Llama para reservar!<\/strong><br\/>\r\n                                <span>[tel]<\/span>\r\n                            <\/p>\r\n                        <\/div>\r\n                        [\/phone_link]\r\n                        [clear]\r\n                    <\/div>\r\n                <\/div>\r\n                <div class=\"x-column x-1-3 stack-center-m\">\r\n                    <div>\r\n                        [subscribe modal=\"true\" trigger=\"link\" show_name=\"true\" trigger_class=\"inheritcolor\"]\r\n                        <div class=\"x-column x-sm x-1-4\">\r\n                            <i class=\"fas fa-envelope fa-2x right-stack-m\"><\/i>\r\n                        <\/div>\r\n                        <div class=\"x-column x-sm x-3-4 last\">\r\n                            <p class=\"x-visible-phone mts\" style=\"line-height:1.2em;\">\r\n                                <strong>\u00a1Reg\u00edstrese <br\/> para ofertas!<\/strong>\r\n                            <\/p>\r\n                            <p class=\"x-hidden-phone font-120\">\r\n                                <strong>\u00a1Reg\u00edstrese para ofertas!<\/strong><br\/>\r\n                                <span>Ahorre hasta un 40%<\/span>\r\n                            <\/p>\r\n                        <\/div>\r\n                        [\/subscribe]\r\n                        [clear]\r\n                    <\/div>\r\n                <\/div>\r\n                <div class=\"x-column x-1-3 stack-center-m last\">\r\n                    <div>\r\n                        <a href=\"#\"; onclick=\"SnapEngage.startLink();\" class=\"inheritcolor\">\r\n                            <div class=\"x-column x-sm x-1-4\">\r\n                                <i class=\"fas fa-comment-alt fa-2x right-stack-m\"><\/i>\r\n                            <\/div>\r\n                            <div class=\"x-column x-sm x-3-4 last\">\r\n                                <p class=\"x-visible-phone mts\" style=\"line-height:1.2em;\">\r\n                                    <strong>Chat <br\/> en vivo<\/strong>\r\n                                <\/p>\r\n                                <p class=\"x-hidden-phone font-120\">\r\n                                    <strong>Chat en vivo<\/strong><br\/>\r\n                                    <span>Chat con un agente<\/span>\r\n                                <\/p>\r\n                            <\/div>\r\n                        <\/a>\r\n                        [clear]\r\n                    <\/div>\r\n                <\/div>\r\n                [clear]\r\n                [gap size=\"1em\" class=\"x-hidden-phone\"]\r\n            <\/div>\r\n    [\/container]\r\n<\/section>\r\n\r\n\r\n<div class=\"x-colophon\">&nbsp;<\/div>\r\n\r\n\r\n  <div class=\"x-container max width mtm mbs\">\r\n  <!-- topnav -->\r\n        <wf-scroll hash=\"resorts\" class=\"x-btn x-btn-block btn-blue x-btn-transparent x-visible-phone mbl\">View Our Cocoa Beach Resort<\/wf-scroll>\r\n        <!--\/topnav-->\r\n        [gap size=\"3em\" class=\"x-hidden-phone\"]\r\n            <div class=\"x-column x-sm x-1-2 x-1-2-push rel last\">\r\n            <div class=\"mtm\">\r\n[google_map lat=\"28.351394\" lng=\"-80.608514\" zoom=\"9\" zoom_control=\"true\" drag=\"true\" height=\"350px\" no_container=\"true\" class=\"mbn\"]\r\n[google_map_marker image=\"https:\/\/westgatecdn.com\/2015\/07\/marker-resort.png\" lat=\"28.351394\" lng=\"-80.608514\" info=\"Wakulla Suites\"][\/google_map_marker]\r\n[google_map_marker image=\"https:\/\/westgatecdn.com\/2015\/08\/Family-Activity.png\" lat=\"28.523510\" lng=\"-80.682721\" info=\"Kennedy Space Center\"][\/google_map_marker]\r\n[google_map_marker image=\"https:\/\/westgatecdn.com\/2015\/07\/shopping-marker1.png\" lat=\"28.332016\" lng=\"-80.611723\" info=\"Ron Jon's Surf Shop\"][\/google_map_marker]\r\n[google_map_marker image=\"https:\/\/westgatecdn.com\/2015\/08\/Family-Activity.png\" lat=\"28.367760\" lng=\"-80.603022\" info=\"Cocoa Beach Pier\"][\/google_map_marker]\r\n[google_map_marker image=\"https:\/\/westgatecdn.com\/2015\/08\/Family-Activity.png\" lat=\"28.224782\" lng=\"-80.713500\" info=\"Brevard Zoo\"][\/google_map_marker]\r\n[\/google_map]\r\n<\/div> \r\n               [clear]\r\n            <\/div>\r\n\r\n            <div class=\"x-column x-sm x-1-2 x-1-2-pull rel\">\r\n                [gap size=\"1em\" class=\"x-visible-phone\"]\r\n                <h2 class=\"h3 man mbs\">Reserve el alquiler de su hotel en la Florida hoy mismo\r\n<\/h2>\r\n             <p> [dropcap]L[\/dropcap]as vacaciones en la Florida pueden incluir muchas cosa, desde los famosos parques tem\u00e1ticos de Disney como Epcot y Magic Kingdom hasta atracciones naturales como los Everglades. Pero cuando de vacaciones en familia se trata, \u00a1las vacaciones en la playa de la Florida figuran en lo m\u00e1s alto de la lista! No hay nada como la sensaci\u00f3n de la arena en los pies, el chapoteo en las olas y el sonido calmante del oc\u00e9ano. Si lo que desea es una aventura en la playa, no busque m\u00e1s, visite la hermosa Cocoa Beach, FL.\r\n<\/p>\r\n<p>\r\nCocoa ofrece una gran variedad de alquileres de vacaciones amueblados con vista al Atl\u00e1ntico. Desde condominios hasta resorts y hoteles especializados, en Cocoa Beach podr\u00e1 encontrar el tipo de propiedad que se ajusta a las necesidades y presupuesto de la familia. \u00a1Prep\u00e1rese entonces para disfrutar del surf, la arena y el sol de Cocoa Beach, FL!<\/p>\r\n               \r\n            <\/div>\r\n            [clear]\r\n        [gap size=\"2em\"]\r\n    <\/div>\r\n\r\n[line]\r\n \r\n<section role=\"contentinfo\">\r\n    <div>\r\n        [container class=\"pbl\"]\r\n            <h3 id=\"resorts\" class=\"mbm left-text\" id=\"specials\">Los mejores hoteles y resorts en Cocoa Beach<\/h3>\r\n      \r\n        [clear]\r\n            <div class=\"cards\">\r\n[resorts ids=\"12523\"]\r\n\r\n            <\/div>\r\n            [gap size=\"1em\"]\r\n        [\/container]\r\n    <\/div>\r\n<\/section>\r\n\r\n<div style=\"background: #efefef;\">\r\n\r\n<div class=\"x-container max width ptm pbm\">\r\n    <h4 class=\"h3 center-text\" id=\"explore\">Explore la oferta de alquileres de vacaciones en Cocoa Beach, Florida<\/h4>\r\n    <div class=\"ptl pbl\">\r\n       [tab_nav type=\"four-up\"]\r\n       [tab_nav_item title=\"Amenities\" active=\"true\"]\r\n       [tab_nav_item title=\"Westgate\" active=\"\"]\r\n       [tab_nav_item title=\"Vacaciones perfectas\" active=\"\"]\r\n       [tab_nav_item title=\"Consejos para las vacaciones\" active=\"\"]\r\n       [\/tab_nav]\r\n       [tabs]\r\n       [tab active=\"true\"] \r\n       <div class=\"x-container\">\r\n            <div class=\"x-column x-sm x-1-2\">\r\n                <div>\r\n                [image class=\"galleryimg1 interior\" src=\"https:\/\/westgatecdn.com\/2017\/12\/Wakulla-Suites-signature.jpg\" alt=\"Westgate Cocoa Beach | Descubra los alquileres vacacionales de Cocoa Beach, Florida\" type=\"thumbnail\" link=\"true\" title=\"Resorts in Cocoa Beach\"]\r\n                <\/div>\r\n                <div>\r\n                    <div class=\"x-column x-1-3\">[image class=\"galleryimg1 interior\" src=\"https:\/\/westgatecdn.com\/2017\/12\/Wakulla-Suites-pool.jpg\" alt=\"Westgate Cocoa Beach Resort in Cocoa Beach\" type=\"thumbnail\" link=\"true\" title=\"Westgate Cocoa Beach Resort Pool\"]<\/div>\r\n\r\n                    <div class=\"x-column x-1-3\">[image class=\"galleryimg1 interior\" src=\"https:\/\/westgatecdn.com\/2017\/12\/Wakulla-Suites-2br-master-bedroom.jpg\" alt=\"Westgate Cocoa Beach Master Bedroom\" type=\"thumbnail\" link=\"true\" title=\"Westgate Cocoa Beach Resorts | Los mejores hoteles y resorts en Cocoa Beach\"]<\/div>\r\n\r\n                    <div class=\"x-column x-1-3 last\">[image class=\"galleryimg1 interior\" src=\"https:\/\/westgatecdn.com\/2017\/12\/Wakulla-Suites-2br-living-room.jpg\" alt=\"Westgate Cocoa Beach Resort | Cocoa Beach Resorts Oceanfront\" type=\"thumbnail\" link=\"true\" title=\"Resorts en Cocoa Beach\"]<\/div>\r\n                <\/div>\r\n                [clear]\r\n                [lightbox selector=\".galleryimg1\" deeplink=\"\" opacity=\"0.875\" prev_scale=\"0.75\" prev_opacity=\"0.75\" next_scale=\"0.75\" next_opacity=\"0.75\" orientation=\"horizontal\" thumbnails=\"true\"]\r\n            <\/div>\r\n            <div class=\"x-column x-sm x-1-2 last\">\r\n                 <h4 class=\"h5 mtn\">Propiedad destacada de Cocoa Beach: Westgate Cocoa Beach Resort<\/h4>\r\n                <p>Con tantos condominios junto al mar y rentas vacacionales, Cocoa Beach, FL es una gran ubicaci\u00f3n para una escapada familiar a la playa o de vacaciones. Independientemente del tipo de propiedad de playa que elija, lo m\u00e1s probable es que disfrute de un f\u00e1cil check-in y check-out. Alojamientos como el complejo completamente amueblado y recientemente renovado Westgate Cocoa Beach Resort.\r\n<\/p>\r\n                <p>Amenidades del Westgate Cocoa Beach Resort:<\/p>\r\n[columnize]\r\n<ul>\r\n<li>Suites de 2 dormitorios<\/li>\r\n<li>Cocina completa<\/li>\r\n<li>Piscina climatizada<\/li>\r\n<li>Jacuzzi<\/li>\r\n<li>Aire acondicionado<\/li>\r\n<li>Wi-Fi de alta velocidad<\/li>\r\n<li>Acceso directo a la playa<\/li>\r\n<li>Patio con jard\u00edn tropical<\/li>\r\n<li>Transporte de cortes\u00eda al muelle de Cocoa Beach<\/li>\r\n<\/ul>\r\n[\/columnize]\r\n               \r\n            <\/div>\r\n        <\/div>\r\n       [\/tab]\r\n       [tab] \r\n       <div class=\"x-container\">\r\n            <div class=\"x-column x-sm x-1-2\">\r\n                <div>\r\n                [image class=\"galleryimg2 interior\" src=\"https:\/\/westgatecdn.com\/2019\/05\/beach-free-vacation.jpg\" alt=\"Descubra los alquileres vacacionales de Cocoa Beach, Florida\" type=\"thumbnail\" link=\"true\" title=\"Westgate Cocoa Beach Vacation\"]\r\n                <\/div>\r\n                <div>\r\n                    <div class=\"x-column x-1-3\">[image class=\"galleryimg2 interior\" src=\"https:\/\/westgatecdn.com\/2019\/07\/cocoa-beach-surf.jpg\" alt=\"Cocoa Beach Fishing\" type=\"thumbnail\" link=\"true\" title=\"Cocao Beach Fishing\"]<\/div>\r\n\r\n                    <div class=\"x-column x-1-3\">[image class=\"galleryimg2 interior\" src=\"https:\/\/westgatecdn.com\/2019\/07\/cocoa-beach-lifestyle.jpg\" alt=\"Cocoa Beach Rental Fun\" type=\"thumbnail\" link=\"true\" title=\"Cocoa Beach Lifestyle\"]<\/div>\r\n\r\n                    <div class=\"x-column x-1-3 last\">[image class=\"galleryimg2 interior\" src=\"https:\/\/westgatecdn.com\/2019\/08\/fishing-cocoa-beach.jpg\" alt=\"Cocoa Beach Fishing\" type=\"thumbnail\" link=\"true\" title=\"Cocoa Beach Fishing\"]<\/div>\r\n                <\/div>\r\n                [clear]\r\n                [lightbox selector=\".galleryimg2\" deeplink=\"\" opacity=\"0.875\" prev_scale=\"0.75\" prev_opacity=\"0.75\" next_scale=\"0.75\" next_opacity=\"0.75\" orientation=\"horizontal\" thumbnails=\"true\"]\r\n            <\/div>\r\n            <div class=\"x-column x-sm x-1-2 last\">\r\n                <h4 class=\"h5 mtn\">Cocoa Beach: el destino perfecto de alquileres vacacionales\r\n<\/h4>\r\n                <p>\r\n                Ubicada en el Condado de Brevard a lo largo de la costa atl\u00e1ntica de la Florida y a un corto trayecto de distancia en auto de Orlando, Cocoa Beach es un para\u00edso frente al mar que ofrece todo tipo de actividades, desde castillos de arena y pesca hasta surf, compras, restaurantes y vida nocturna. Como la mayor\u00eda de los destinos tur\u00edsticos en la Florida, encontrar\u00e1 una amplia gama de alquileres vacacionales disponibles para sus vacaciones en Cocoa Beach.\r\n<\/p>\r\n                <p>\r\n                Cuando recorra en su auto Cocoa Beach, FL, pasar\u00e1 por N Atlantic Ave., all\u00ed ver\u00e1 una amplia variedad de alquileres vacacionales disponibles durante todo el a\u00f1o, desde casas adosadas (town homes) y rentas de condominios hasta apartamentos, hoteles y moteles para familias, lo m\u00e1s probable es que encuentre un gran lugar a un excelente precio con una fabulosa vista al mar. En Cocoa Beach podr\u00e1 rentar desde una pintoresca y rom\u00e1ntica suite tipo estudio hasta un gran condominio en frente a la playa con una habitaci\u00f3n principal que cuente con capacidad para albergar de 4, a 6 personas o \u00a1incluso un alojamiento para m\u00e1s personas!\r\n<\/p>\r\n            <\/div>\r\n        <\/div>\r\n       [\/tab]\r\n       [tab] \r\n                <h4 class=\"h5 mtn\">Disfrute de una experiencia familiar \u00fanica<\/h4>\r\n\r\n<div>\r\n<div class=\"x-column x-sm x-1-3\">\r\n<img decoding=\"async\" class=\"x-img-thumbnail\" src=\"https:\/\/westgatecdn.com\/2018\/03\/cocoa-beach-pier.jpg\" alt=\"Cocoa beach Pier\">\r\n<h6 class=\"h-custom-headline accent\"><span>MUELLE DE COCOA BEACH<\/span><\/h6> \r\n<\/div>\r\n<div class=\"x-column x-sm x-1-3\">\r\n<img decoding=\"async\" class=\"x-img-thumbnail\" src=\"https:\/\/westgatecdn.com\/2017\/12\/ron-jon-surf-shop-cocoa.jpg\" alt=\"Tienda Ron Jon Surf Shop\">\r\n<h6 class=\"h-custom-headline accent\"><span>TIENDA DE SURF RON JON<\/span><\/h6> \r\n<\/div>\r\n<div class=\"x-column x-sm x-1-3\">\r\n<img decoding=\"async\" class=\"x-img-thumbnail\" src=\"https:\/\/westgatecdn.com\/2017\/12\/kennedy-space-center.jpg\" alt=\"Centro Espacial Kennedy\">\r\n<h6 class=\"h-custom-headline accent\"><span>CENTRO ESPACIAL KENNEDY<\/span><\/h6> \r\n<\/div>\r\n<\/div>\r\n<p>En el Westgate Cocoa Beach Resort, podr\u00e1 crear unas vacaciones familiares especiales y memorables. Las espaciosas suites de dos habitaciones ofrecen mucho espacio para todos y privacidad para mam\u00e1, pap\u00e1 y los ni\u00f1os. Podr\u00e1 olvidarse de esas habitaciones de hotel tan estrechas y disfrutar del lujo de un gran espacio que incluye una cocina totalmente equipada. Es el lugar perfecto para preparar un bocadillo r\u00e1pido o tomar un refrigerio despu\u00e9s de pasar un tiempo en la playa. Podr\u00e1 incluso ahorrar dinero en la cena si prepara algunas comidas en su suite en lugar de cenar en restaurantes.<\/p>\r\n\r\n<p>La piscina exterior es otro lugar para relajarse y disfrutar de un ba\u00f1o al regresar de la arena de la playa y del agua salada del oc\u00e9ano. El espectacular patio del jard\u00edn tambi\u00e9n lo invita a otra opci\u00f3n de relax. El Westgate Cocoa Beach Resort tambi\u00e9n le brinda un servicio de transporte de cortes\u00eda al cercano muelle de Cocoa Beach donde encontrar\u00e1 magn\u00edficas vistas, pesca, restaurantes, bares, una sala de juegos y mucho m\u00e1s. Los restaurantes del muelle de Cocoa Beach incluyen:<\/p>\r\n\r\n[columnize]\r\n<ul>\r\n<li>Pelican's Bar & Grill<\/li>\r\n<li>Rikki Tiki Tavern<\/li>\r\n<li>Keith's Oyster Bar<\/li>\r\n<li>The Boardwalk Bar<\/li>\r\n<li>Sea Dogs<\/li>\r\n<\/ul>\r\n[\/columnize]\r\n       [\/tab]\r\n       [tab] \r\n       <div class=\"x-container\">\r\n            <div class=\"x-column x-sm x-1-2\">\r\n                <div>\r\n                [image class=\"galleryimg2 interior\" src=\"https:\/\/westgatecdn.com\/2019\/07\/space-kennedy-cocoa-beach.jpg\" alt=\"Westgate Kennedy Space Center\" type=\"thumbnail\" link=\"true\" title=\"Westgate Orlando Vacations\"]\r\n                <\/div>\r\n                <div>\r\n                    <div class=\"x-column x-1-3\">[image class=\"galleryimg2 interior\" src=\"https:\/\/westgatecdn.com\/2019\/02\/magic-kingdom-orlando-vacations-1.jpg\" alt=\"Disney Magic Kingdom\" type=\"thumbnail\" link=\"true\" title=\"Disney Magic Kingdom\"]<\/div>\r\n\r\n                    <div class=\"x-column x-1-3\">[image class=\"galleryimg2 interior\" src=\"https:\/\/westgatecdn.com\/2019\/02\/seaworld-orlando-vacations-1.jpg\" alt=\"Orlando SeaWorld\" type=\"thumbnail\" link=\"true\" title=\"Westgate Lakes Orlando Vacation\"]<\/div>\r\n\r\n                    <div class=\"x-column x-1-3 last\">[image class=\"galleryimg2 interior\" src=\"https:\/\/westgatecdn.com\/2019\/02\/orlando-mini-vacation-packages.jpg\" alt=\"Orlando Universal\" type=\"thumbnail\" link=\"true\" title=\"Westgate Lakes Pool\"]<\/div>\r\n                <\/div>\r\n                [clear]\r\n                [lightbox selector=\".galleryimg2\" deeplink=\"\" opacity=\"0.875\" prev_scale=\"0.75\" prev_opacity=\"0.75\" next_scale=\"0.75\" next_opacity=\"0.75\" orientation=\"horizontal\" thumbnails=\"true\"]\r\n            <\/div>\r\n            <div class=\"x-column x-sm x-1-2 last\">\r\n                <h4 class=\"h5 mtn\">Encuentre boletos para las mejores atracciones<\/h4>\r\n                <p>\r\n               Los alquileres vacacionales de Cocoa Beach tambi\u00e9n lo ponen cerca de otras dos \u00e1reas muy populares: Puerto Ca\u00f1averal y Cabo Ca\u00f1averal. Conocida como la Costa Espacial, Cocoa Beach es el lugar ideal para disfrutar de atracciones como el puerto de cruceros en Puerto Ca\u00f1averal. El puerto alberga un gran n\u00famero de barcos de crucero operados por sus due\u00f1os: Disney Cruise Lines, Carnival y Royal Caribbean. Mientras tanto, la Costa Espacial hace honor a su nombre con el cercano Centro Espacial Kennedy en Cabo Ca\u00f1averal. Orlando puede ofrecer muchos parques tem\u00e1ticos y atracciones, pero el Centro Espacial Kennedy es el lugar para aprender sobre el espacio, la exploraci\u00f3n espacial y mucho m\u00e1s. Cons\u00faltenos acerca de las entradas con descuento para el Centro de Visitantes del Centro Espacial Kennedy y otras atracciones cercanas, que incluyen el Walt Disney World Resort.<\/p>\r\n                <p>\r\nLos que gustan de pasar sus vacaciones en familia tambi\u00e9n descubrir\u00e1n muchas actividades populares para hacer en Cocoa Beach como un recorrido por la tienda de surf de Ron Jon donde podr\u00e1 rentar tablas de surf, bodyboards, paddleboards y otros equipos, y comprar ropa y souveniers, hasta incluso reservar unas clases de surf. Cuando encuentre alquileres vacacionales frente al mar, querr\u00e1 disfrutar de muchas actividades de playa y tal vez rentar equipos de playa y pesca que encontrar\u00e1 en el muelle de Cocoa Beach, as\u00ed como en otros lugares frente al mar.\r\n\r\n<\/p>\r\n            <\/div>\r\n        <\/div>\r\n       [\/tab]\r\n       [\/tabs]\r\n    <\/div>\r\n<\/div>\r\n<\/div>\r\n\r\n   <div class=\"x-container max width ptl\">\r\n        <h5 class=\"h3 center-text\">Preguntas frecuentes<\/h5>\r\n        <div class=\"ptl pbl\">\r\n            [accordion]\r\n            [accordion_item title=\"\u00bfCu\u00e1ndo es el mejor momento para vacacionar en Cocoa Beach?\"]\r\n            <p>Con su clima subtropical, cualquier \u00e9poca del a\u00f1o es un buen momento para visitar Cocoa Beach. La Costa espacial ofrece mucho sol durante todo el a\u00f1o. Las temperaturas del agua del mar refrescan durante los meses de invierno, por lo que si est\u00e1 planeando pasar tiempo en las olas, considere planificar su visita durante los meses m\u00e1s c\u00e1lidos de abril a septiembre.\r\n            <\/p>\r\n            [\/accordion_item] \r\n            [\/accordion]\r\n            [accordion]\r\n            [accordion_item title=\"\u00bfPuede agregar boletos o noches adicionales al paquete de alquiler vacacional?\r\n\"]\r\n            <p>S\u00ed, por supuesto. Todos nuestros paquetes vacacionales le ofrecen la opci\u00f3n de extender su estancia con noches adicionales (seg\u00fan la disponibilidad), mejorar las habitaciones o comprar una amplia gama de boletos de atracci\u00f3n con descuento. Ll\u00e1menos para brindarle el mejor paquete de vacaciones personalizado para que lo disfrute con su familia.\r\n <\/p>\r\n            [\/accordion_item] \r\n            [\/accordion]\r\n            [accordion]\r\n            [accordion_item title=\"\u00bfCocoa Beach est\u00e1 cerca de Orlando?\"]\r\n            <p>Cocoa Beach es la playa m\u00e1s cercana a Orlando, situada a poco m\u00e1s de una hora en auto de Disney World. Cocoa Beach tambi\u00e9n est\u00e1 a menos de una hora del Aeropuerto Internacional de Orlando y a solo minutos de Puerto Ca\u00f1averal, donde podr\u00e1 embarcarse en una variedad de cruceros de nivel mundial, que incluyen Disney Cruise Line, Carnival y Royal Caribbean.\r\n<\/p>\r\n            [\/accordion_item] \r\n            [\/accordion]\r\n        <\/div>\r\n          \r\n            [clear]\r\n        <\/div>\r\n        [gap size=\"3em\"]\r\n    <\/div>\r\n\r\n\r\n<!-- cta bar -->\r\n<section role=\"contentinfo\">\r\n    <div style=\"background: #232c35;\">\r\n        <div class=\"x-container max width\">\r\n            [gap size=\"1em\"]\r\n            <div class=\"x-column x-sm x-2-3 white stack-center-m pas\">\r\n                <h5 class=\"font-lighter white man\">Al\u00f3jese en Westgate en sus pr\u00f3ximas vacaciones familiares en Cocoa Beach.\r\n<\/h5>\r\n                <p>Disfrute de acceso directo a la playa, y la cercan\u00eda a todas las atracciones populares. \u00a1Hay entradas con descuento disponibles!<\/p>\r\n            <\/div>\r\n            <div class=\"x-column x-sm x-1-3 pam last\">\r\n                [phone_link class=\"x-btn x-btn-block btn-orange\"]Call [tel][\/phone_link]\r\n            <\/div>\r\n        <\/div>\r\n    <\/div>\r\n<\/section>\r\n<!-- additional links -->\r\n<section role=\"contentinfo\">\r\n    <div class=\"x-container max width pbl mtl\">\r\n        <h5 class=\"h5 mtn\">Enlaces Adiccionales de Cocoa Beach<\/h5>\r\n[columnize]\r\n<ul> \r\n<li><a href=\"\/es\/cocoa-beach\/\">Planifica tus Vacaciones en Cocoa Beach<\/a><\/li>\r\n<li><a href=\"\/es\/cocoa-beach\/vacation-packages\/\">Encuentra los Mejores Paquetes Vacacionales de Cocoa Beach<\/a><\/li>\r\n<li><a href=\"\/es\/cocoa-beach\/vacation-rentals\/\">Alquileres Vacacionales en Cocoa Beach<\/a><\/li>\r\n<li><a href=\"\/es\/cocoa-beach\/places-to-stay\/\">D\u00f3nde Quedarse en Cocoa Beach<\/a><\/li>\r\n<li><a href=\"\/es\/cocoa-beach\/hotels-resorts\/near-port-canaveral\/\">Hoteles cerca del Puerto Ca\u00f1averal<\/a><\/li>\r\n<li><a href=\"\/es\/cocoa-beach\/hotels-resorts\/near-kennedy-space\/\">Hoteles cerca del Centro Espacial Kennedy<\/a><\/li>\r\n<li><a href=\"\/es\/cocoa-beach\/hotels-resorts\/ocean-view\/\">Hoteles en Cocoa Beach con Vista al Mar<\/a><\/li>\r\n<li><a href=\"\/es\/cocoa-beach\/things-to-do-in-cocoa-beach\/\">Cosas que hacer en Cocoa Beach<\/a><\/li>\r\n<\/ul>\r\n[\/columnize]\r\n","protected":false},"excerpt":{"rendered":"<p>Descubra los alquileres vacacionales de Cocoa Beach, Florida \u00a1Encuentre sus vacaciones so\u00f1adas! DESDE: $135 \/NOCHE [gap size=\"1em\"] Descubra los alquileres vacacionales de Cocoa Beach, Florida \u00a1Encuentre sus vacaciones so\u00f1adas! DESDE: ... <\/p>\n<div><a href=\"https:\/\/www.westgatereservations.com\/es\/cocoa-beach\/hotels-resorts\/rentals\/\" class=\"more-link\">Leer M\u00e1s<\/a><\/div>\n","protected":false},"author":2,"featured_media":0,"parent":17158,"menu_order":0,"comment_status":"closed","ping_status":"closed","template":"template-blank-4.php","meta":{"footnotes":""},"_links":{"self":[{"href":"https:\/\/www.westgatereservations.com\/es\/wp-json\/wp\/v2\/pages\/18135"}],"collection":[{"href":"https:\/\/www.westgatereservations.com\/es\/wp-json\/wp\/v2\/pages"}],"about":[{"href":"https:\/\/www.westgatereservations.com\/es\/wp-json\/wp\/v2\/types\/page"}],"author":[{"embeddable":true,"href":"https:\/\/www.westgatereservations.com\/es\/wp-json\/wp\/v2\/users\/2"}],"replies":[{"embeddable":true,"href":"https:\/\/www.westgatereservations.com\/es\/wp-json\/wp\/v2\/comments?post=18135"}],"version-history":[{"count":0,"href":"https:\/\/www.westgatereservations.com\/es\/wp-json\/wp\/v2\/pages\/18135\/revisions"}],"up":[{"embeddable":true,"href":"https:\/\/www.westgatereservations.com\/es\/wp-json\/wp\/v2\/pages\/17158"}],"wp:attachment":[{"href":"https:\/\/www.westgatereservations.com\/es\/wp-json\/wp\/v2\/media?parent=18135"}],"curies":[{"name":"wp","href":"https:\/\/api.w.org\/{rel}","templated":true}]}}