{"id":17675,"date":"2019-02-11T15:33:44","date_gmt":"2019-02-11T20:33:44","guid":{"rendered":"https:\/\/www.westgatereservations.com\/westgate-resorts-owners\/"},"modified":"2023-11-08T15:19:06","modified_gmt":"2023-11-08T20:19:06","slug":"westgate-resorts-owners","status":"publish","type":"page","link":"https:\/\/www.westgatereservations.com\/es\/westgate-resorts-owners\/","title":{"rendered":"Westgate Owners"},"content":{"rendered":"[content_band class=\"mtn mbs\" bg_image=\"https:\/\/westgatecdn.com\/2019\/02\/Westgate-Owners.jpg\" inner_container=\"true\" alt=\"Westgate Owners Support | Westgate Owner Benefits | Westgate Resorts\" parallax=\"false\"]\r\n<h1 class=\"mtm white dshadow center-text\">\u00a1Bienvenidos propietarios de Westgate!<\/h1>\r\n<p class=\"h3 mts mbl white dshadow center-text\">Disfrete de todos los beneficios de ser propietario<\/p>\r\n[\/content_band]\r\n[container]\r\n     <div class=\"mtm icon-nav light pbs\">\r\n            <div class=\"x-column x-1-3 stack-center-m\">\r\n                <div>\r\n                    <a href=\"tel:18009259999\" class=\"inheritcolor\">\r\n                    <div class=\"x-column x-sm x-1-4\">\r\n                        <i class=\"fas fa-phone fa-2x right-stack-m focus\"><\/i>\r\n                    <\/div>\r\n                    <div class=\"x-column x-sm x-3-4 last\">\r\n                        <p class=\"x-visible-phone mts\" style=\"line-height:1.2em;\">\r\n                            <strong>Call <br\/>Support<\/strong>\r\n                        <\/p>\r\n                        <p class=\"x-hidden-phone font-120\">\r\n                            <strong>Asistencia al propietario\r\n<\/strong><br\/>\r\n                            <span>1-800-925-9999<\/span>\r\n                        <\/p>\r\n                    <\/div>\r\n                    <\/a>\r\n                    [clear]\r\n                <\/div>\r\n            <\/div>\r\n            <div class=\"x-column x-1-3 stack-center-m\">\r\n                <div>\r\n                    <a href=\"https:\/\/my.westgateresorts.com\/\" target=\"_blank\" class=\"inheritcolor\" rel=\"noopener noreferrer\">\r\n                        <div class=\"x-column x-sm x-1-4\">\r\n                            <i class=\"fas fa-user-circle fa-2x right-stack-m\"><\/i>\r\n                        <\/div>\r\n                        <div class=\"x-column x-sm x-3-4 last\">\r\n                            <p class=\"x-visible-phone mts\" style=\"line-height:1.2em;\">\r\n                                <strong>Westgate<br\/> Acct Login<\/strong>\r\n                            <\/p>\r\n                            <p class=\"x-hidden-phone font-120\">\r\n                                <strong>Cuenta de propietarios de Westgate<\/strong><br\/>\r\n                                <span>Inicio de sesi\u00f3n del propietario<\/span>\r\n                            <\/p>\r\n                        <\/div>\r\n                        [clear]\r\n                    <\/a>\r\n                <\/div>\r\n            <\/div>\r\n            <div class=\"x-column x-1-3 stack-center-m last\">\r\n                <div>\r\n                    <a href=\"#\"; onclick=\"SnapEngage.startLink();\" class=\"inheritcolor\">\r\n                        <div class=\"x-column x-sm x-1-4\">\r\n                            <i class=\"fas fa-comment-alt fa-2x right-stack-m\"><\/i>\r\n                        <\/div>\r\n                        <div class=\"x-column x-sm x-3-4 last\">\r\n                            <p class=\"x-visible-phone mts\" style=\"line-height:1.2em;\">\r\n                                <strong>Chat with<br\/> Agents<\/strong>\r\n                            <\/p>\r\n                            <p class=\"x-hidden-phone font-120\">\r\n                                <strong>Chat en vivo<\/strong><br\/>\r\n                                <span>Chatee con un agente<\/span>\r\n                            <\/p>\r\n                        <\/div>\r\n                    <\/a>\r\n                    [clear]\r\n                <\/div>\r\n            <\/div>\r\n            [clear]\r\n        <\/div>\r\n[\/container]\r\n<div class=\"x-colophon\">&nbsp;<\/div>\r\n[container class=\"mbl pbl\"]\r\n<h2 class=\"h3 mts mbs\">Beneficios para el propietario de Westage<\/h2>\r\n<div class=\"x-content-band center-text bg-image marginless-columns pan mbn\">\r\n    <div class=\"x-container\">\r\n        <div class=\"x-column x-sm x-1-2\">\r\n            <div class=\"mas\" style=\"position:relative; overflow: hidden; height: 330px;\">\r\n                <img decoding=\"async\" src=\"https:\/\/westgatecdn.com\/2019\/02\/Westgate-Events-Owner-Benefits-1.jpg\" style=\"width: 100%; min-height: 330px; alt=\"Westgate Owner Benefits | Westgate Events | Westgate Resorts Owners\">\r\n                <div style=\"position: absolute; top: 0; left: 0; right:0; bottom:0; background-color: rgba(0,0,0,.5);\"><\/div>\r\n                <div style=\"width:100%; position: absolute; top: 50%; left: 50%; transform: translate(-50%, -50%);\">\r\n                    <a ng-href=\"http:\/\/westgateevents.com\/?mktsrc={{app.data.mktsrc}}\" target=\"_blank\" rel=\"noopener noreferrer\">\r\n                        <div class=\"prm plm\">\r\n                            <h3 class=\"h4 mtm white\">Eventos de Westgate (Westgate Events)<\/h3>\r\n                            <p class=\"white font-120\"> Una experiencia de eventos en vivo, entretenimiento y\r\nalojamiento al alcance de su mano <\/p>\r\n                            <a class=\"x-btn btn-white x-btn-transparent mbl\" ng-href=\"http:\/\/westgateevents.com\/?mktsrc={{app.data.mktsrc}}\" target=\"_blank\" rel=\"noopener noreferrer\">Visite Westgate Events<\/a>\r\n                        <\/div>\r\n                    <\/a>\r\n                <\/div>\r\n            <\/div>\r\n        <\/div>\r\n        <div class=\"x-column x-sm x-1-2\">\r\n            <div class=\"mas\" style=\"position:relative; overflow: hidden; height: 330px;\">\r\n                <img decoding=\"async\" src=\"https:\/\/westgatecdn.com\/2019\/02\/Westgate-Travel-Partners-1.jpg\" style=\"width: 100%; min-height: 330px; alt=\"Westgate Owners Rewards Program | Westgate Travel Partners | Westgate Resorts Owners\">\r\n                <div style=\"position: absolute; top: 0; left: 0; right:0; bottom:0; background-color: rgba(0,0,0,.5);\"><\/div>\r\n                <div style=\"width:100%; position: absolute; top: 50%; left: 50%; transform: translate(-50%, -50%);\">\r\n                    <a href=\"https:\/\/rewards.westgatespace.com\/travel-partners\/\" target=\"_blank\" rel=\"noopener noreferrer\">\r\n                        <div class=\"prm plm\">\r\n                            <h3 class=\"h4 mtm white\">Socios de viaje (Travel Partners)<\/h3>\r\n                            <p class=\"white font-120\"> \u00a1Obtenga m\u00e1s informaci\u00f3n y reg\u00edstrese en nuestro\r\n programa Travel Partners de Westgate hoy mismo!<\/p>\r\n                            <a class=\"x-btn btn-white x-btn-transparent mbl\" href=\"https:\/\/westgatetravelpartners.com\/\" target=\"_blank\" rel=\"noopener noreferrer\">\u00danase a Travel Partners<\/a>\r\n                        <\/div>\r\n                    <\/a>\r\n                <\/div>\r\n            <\/div>\r\n        <\/div>\r\n    <\/div>\r\n<\/div>\r\n<div class=\"x-content-band center-text bg-image marginless-columns pan mbn\">\r\n    <div class=\"x-container\">\r\n        <div class=\"x-column x-sm x-1-2\">\r\n            <div class=\"mas\" style=\"position:relative; overflow: hidden; height: 330px;\">\r\n                <img decoding=\"async\" src=\"https:\/\/westgatecdn.com\/2019\/02\/Westgate-Rewards-Mastercard-1.jpg\" style=\"width: 100%; min-height: 330px; alt=\"Westgate Rewards Mastercard | Westgate Resorts Owner Benefits\">\r\n                <div style=\"position: absolute; top: 0; left: 0; right:0; bottom:0; background-color: rgba(0,0,0,.5);\"><\/div>\r\n                <div style=\"width:100%; position: absolute; top: 50%; left: 50%; transform: translate(-50%, -50%);\">\r\n                    <a href=\"http:\/\/westgateevents.com\/\" target=\"_blank\" rel=\"noopener noreferrer\">\r\n                        <div class=\"prm plm\">\r\n                            <h3 class=\"h4 mtm white\">Mastercard\u00ae de Westgate Rewards<\/h3>\r\n                            <p class=\"white font-120\"> Sin cuota anual + 4000 Puntos extra <br\/>&nbsp;<\/p>\r\n                            <a class=\"x-btn btn-white x-btn-transparent mbl\" target=\"_blank\" rel=\"nofollow noopener noreferrer\" href=\"https:\/\/www.westgateresorts.com\/rewards-card\/\">Conozca m\u00e1s<\/a>\r\n                        <\/div>\r\n                    <\/a>\r\n                <\/div>\r\n            <\/div>\r\n        <\/div>\r\n        <div class=\"x-column x-sm x-1-2\">\r\n            <div class=\"mas\" style=\"position:relative; overflow: hidden; height: 330px;\">\r\n                <img decoding=\"async\" src=\"https:\/\/westgatecdn.com\/2019\/02\/Westgate-Owner-Account-Management-1.jpg\" style=\"width: 100%; min-height: 330px; alt=\"Westgate Owners Account Management | Westgate OAM Account | Westgate Resort Owners Customer Support and Management\">\r\n                <div style=\"position: absolute; top: 0; left: 0; right:0; bottom:0; background-color: rgba(0,0,0,.5);\"><\/div>\r\n                <div style=\"width:100%; position: absolute; top: 50%; left: 50%; transform: translate(-50%, -50%);\">\r\n                    <a href=\"http:\/\/westgateevents.com\/\" target=\"_blank\" rel=\"noopener noreferrer\">\r\n                        <div class=\"prm plm\">\r\n                            <h3 class=\"h4 mtm white\">Gesti\u00f3n de cuentas de propietarios\r\n<\/h3>\r\n                            <p class=\"white font-120\"> Obtenga informaci\u00f3n detallada sobre su propiedad actual, realice pagos y administre su cuenta<\/p>\r\n                            <a class=\"x-btn btn-white x-btn-transparent mbl\" href=\"https:\/\/my.westgateresorts.com\/\" target=\"_blank\" rel=\"noopener noreferrer\">Ver Mi Cuenta<\/a>\r\n                        <\/div>\r\n                    <\/a>\r\n                <\/div>\r\n            <\/div>\r\n        <\/div>\r\n    <\/div>\r\n<\/div>\r\n[gap size=\"2em\"]\r\n[columnize]\r\n<p>Como propietario de Westgate, ha elegido vivir la vida al m\u00e1ximo. Podr\u00e1 gozar de una vida de vacaciones extraordinarias, una vida de lujo y amenidades exclusivas. Tendr\u00e1 un hogar lejos de casa. Una oportunidad de ver el mundo y compartir recuerdos especiales. La propiedad vacacional llevar\u00e1 sus vacaciones a un nivel completamente nuevo. Disfrute de grandes y lujosas suites y amenidades estilo resort. Experimente escapadas de primera clase y el ejemplar servicio al cliente de Westgate Resort.<\/p>\r\n\r\n<p>Sin embargo, esas incre\u00edbles vacaciones son solo el comienzo. Tendr\u00e1 acceso a una variedad de programas y beneficios adicionales, desde eventos exclusivos para propietarios hasta programas de recomendaci\u00f3n que le permiten ganar recompensas en efectivo cada vez que recomiende a amigos o familiares que compren vacaciones en Westgate.<\/p>\r\n\r\n<p>Puedes combinar la alegr\u00eda de unas vacaciones con la emoci\u00f3n de un evento. Nuestro programa <strong>Westgate Events<\/strong> presenta conciertos de superestrellas, eventos deportivos y m\u00e1s. Westgate hace que administrar su cuenta de propiedad sea simple y f\u00e1cil con un conveniente <strong>acceso a la cuenta en l\u00ednea<\/strong> desde cualquier computadora, tableta o dispositivo m\u00f3vil. Tenga poder adquisitivo adicional en su bolsillo con una tarjeta de cr\u00e9dito <strong>Westgate Rewards Mastercard\u00ae <\/strong>. Tambi\u00e9n puedes inscribirte en el <a href=\"https:\/\/www.westgateresorts.com\/loyalty\/\">World of Westgate Loyalty Program<\/a><\/b>, \u00a1Una opci\u00f3n completamente gratuita para obtener beneficios que har\u00e1n que tus vacaciones sean a\u00fan m\u00e1s placenteras!<\/p>\r\n[\/columnize]\r\n[\/container]\r\n<div class=\"x-container max width ptn pbs\">\r\n    <h4 class=\"h3 mts\">\r\nPreguntas Frecuentes<\/h4>\r\n    <div class=\"ptl pbl\">\r\n       <div class=\"x-column x-sm x-1-2\">\r\n            [accordion]\r\n            [accordion_item title=\"\u00bfQu\u00e9 hago si necesito servicio al cliente?\"]\r\n            <p>Nuestros representantes de servicio al cliente est\u00e1n siempre a solo una llamada de distancia al  <a href=\"tel:18009259999\" class=\"inheritcolor\">1-800-925-9999<\/a>. Tambi\u00e9n puede abrir una solicitud de servicio al cliente con la misma rapidez completando nuestro formulario en l\u00ednea. <a href=\"https:\/\/www.westgateresorts.com\/owners\/service-requests\/\">Formulario de servicio al cliente<\/a>.<\/p>\r\n            [\/accordion_item] \r\n            [\/accordion]\r\n            [accordion]\r\n            [accordion_item title=\"\u00bfPuedo actualizar mi propiedad?\"]\r\n            <p>Entendemos que las familias crecen o quiz\u00e1s ahora tengas a\u00fan m\u00e1s tiempo de vacaciones. Y podemos ayudarle a mejorar su propiedad para satisfacer mejor esas necesidades. Simplemente ll\u00e1menos y pregunte sobre c\u00f3mo mejorar su villa o extender sus vacaciones en Westgate Resorts.<\/p>\r\n            [\/accordion_item] \r\n            [\/accordion]\r\n       <\/div>\r\n       <div class=\"x-column x-sm x-1-2 last\">\r\n            [accordion]\r\n            [accordion_item title=\"\u00bfPuedo conectarme con otros propietarios?\"]\r\n            <p> \u00a1S\u00ed! Siga a <a href=\"https:\/\/www.facebook.com\/westgatetravelpartners\">Westgate Travel Partners<\/a> en Facebook y conozca los concursos actuales y consejos de marketing, adem\u00e1s de conectarse con otros propietarios de Westgate Resorts.<\/p>\r\n            [\/accordion_item] \r\n            [\/accordion]\r\n            [accordion]\r\n            [accordion_item title=\"\u00bfPuedo conseguir entradas para el parque tem\u00e1tico?\"]\r\n            <p>En Westgate, ofrecemos los mejores precios garantizados en una amplia gama de atracciones y <a href=\"https:\/\/kgstix.com\/westgate\/\"> Parques Tematicos <\/a>. Podemos ahorrarle tiempo y dinero en boletos para Disney World, Universal Orlando Resort, el Kennedy Space Center Visitor Complex y docenas de otras atracciones populares, espect\u00e1culos en vivo, cenas con espect\u00e1culo y m\u00e1s.<\/p>\r\n            [\/accordion_item] \r\n            [\/accordion]\r\n        <\/div>\r\n        [clear]\r\n    <\/div>\r\n    [gap size=\"3em\"]\r\n<\/div>\r\n    <!-- call banner-->\r\n<div style=\"background: #232c35;\">\r\n    <div class=\"x-container max width\">\r\n        [gap size=\"1em\"]\r\n        <div class=\"x-column x-sm x-2-3 white stack-center-m pas\">\r\n            <h5 class=\"font-lighter white man\">\u00bfPreguntas, comentarios o inquietudes? \u00a1Ll\u00e1menos hoy mismo!<\/h5>\r\n        <\/div>\r\n        <div class=\"x-column x-sm x-1-3 pam last\">\r\n           <a class=\"x-btn x-btn-block btn-orange\" href=\"tel:18009259999\">Comun\u00edquese al 1-800-925-9999<\/a>\r\n            [gap size=\"1em\" class=\"x-visible-phone\"]\r\n        <\/div>\r\n    <\/div>\r\n<\/div>\r\n<!--\/call banner-->\r\n\r\n\r\n","protected":false},"excerpt":{"rendered":"<p>Westgate Resorts Owners enjoy many special privileges and benefits. See how you can make the most of Westgate Ownership and enjoy valuable customer support.<\/p>\n","protected":false},"author":2,"featured_media":0,"parent":0,"menu_order":0,"comment_status":"closed","ping_status":"closed","template":"template-blank-4.php","meta":{"footnotes":""},"_links":{"self":[{"href":"https:\/\/www.westgatereservations.com\/es\/wp-json\/wp\/v2\/pages\/17675"}],"collection":[{"href":"https:\/\/www.westgatereservations.com\/es\/wp-json\/wp\/v2\/pages"}],"about":[{"href":"https:\/\/www.westgatereservations.com\/es\/wp-json\/wp\/v2\/types\/page"}],"author":[{"embeddable":true,"href":"https:\/\/www.westgatereservations.com\/es\/wp-json\/wp\/v2\/users\/2"}],"replies":[{"embeddable":true,"href":"https:\/\/www.westgatereservations.com\/es\/wp-json\/wp\/v2\/comments?post=17675"}],"version-history":[{"count":0,"href":"https:\/\/www.westgatereservations.com\/es\/wp-json\/wp\/v2\/pages\/17675\/revisions"}],"wp:attachment":[{"href":"https:\/\/www.westgatereservations.com\/es\/wp-json\/wp\/v2\/media?parent=17675"}],"curies":[{"name":"wp","href":"https:\/\/api.w.org\/{rel}","templated":true}]}}