{"id":17591,"date":"2018-12-11T10:40:56","date_gmt":"2018-12-11T15:40:56","guid":{"rendered":"https:\/\/www.westgatereservations.com\/vacation-ownership\/owner-testimonials\/"},"modified":"2023-06-02T12:38:33","modified_gmt":"2023-06-02T16:38:33","slug":"owner-testimonials","status":"publish","type":"page","link":"https:\/\/www.westgatereservations.com\/es\/vacation-ownership\/owner-testimonials\/","title":{"rendered":"Testimonios de Propietarios de Westgate"},"content":{"rendered":"<div class=\"x-container max width\">\r\n        [gap size=\"3em\"]\r\n        <div class=\"x-column x-sm x-3-4\">\r\n            <div style=\"padding:2em; background-image: url(https:\/\/westgatecdn.com\/2018\/12\/owner-testimonials.jpg);\" class=\"background-cover\">\r\n                <div class=\"pal mtl mbl\">\r\n                    [clear]\r\n                    <h1 class=\"h2 man white\">Owner Testimonials<\/h1>\r\n                    [clear]\r\n                    <a href=\"\/es\/vacation-ownership\/become-an-owner\/\"  class=\"x-btn x-btn-medium btn-orange mtm\"> Request Resort Preview<\/a>\r\n                <\/div>\r\n            <\/div>\r\n            [clear]\r\n            <h2 class=\"h3\">Aqu\u00ed ver\u00e1 lo que otros opinan<\/h2>\r\n            <p>El objetivo de Westgate Resorts es hacer de cada vacaci\u00f3n una experiencia memorable y de ensue\u00f1o. Westgate contin\u00faa su dedicada tarea de proporcionar un gran servicio al cliente, una hospitalidad sin igual y alojamiento y servicios de nivel internacional. <\/p>\r\n\r\n<p>Las personas nunca imaginaron lo grandioso que podr\u00eda ser convertirse en propietario de vacaciones con WestgateResorts... hasta que experimentaron la Diferencia Westgate. Pero no se f\u00ede solo de nuestra palabra. \r\n<\/p>\r\n<p><strong>A continuaci\u00f3n, vea lo que otros opininan:<\/strong><\/p>\r\n        <\/div>\r\n        <div class=\"x-column x-sm x-1-4 last\">\r\n            <!-- topnav -->\r\n            [content-block name=\"vacation-ownership-top-nav\"]\r\n            <!--\/topnav-->\r\n            [content-block name=\"call-hours\"]\r\n        [gap size=\"2em\"]\r\n<!-- Are you an Owner -->\r\n \t\t\t<div class=\"phone-sidebar mbl center-text\">\r\n                <p class=\"mbn mtn font-lighter heading pas\">\u00bfEres propietario de Westgate?<\/p>\r\n                <div class=\"pas\">\r\n                    <p class=\"mbs\">Eventos exclusivos - Beneficios para propietarios - Gesti\u00f3n de cuentas de propietarios<\/p>\r\n                    <a class=\"x-btn btn-gray x-btn-transparent\" href=\"\/es\/westgate-resorts-owners\/\">Acceso del propietario de Westgate<\/a>\r\n                <\/div>\r\n            <\/div>\r\n<!-- \/ Are you an Owner -->\r\n        <\/div>\r\n   <\/div>\r\n        [clear]\r\n        [gap size=\"2em\"]\r\n\r\n<div style=\"background: #efefef;\">\r\n    <div class=\"x-container max width ptl pbl\">\r\n    <h3 class=\"center-text mbl\">Testimonios en video sobre vacaciones en Westgate<\/h3>\r\n\r\n        [gap size=\"1em\"]\r\n        <!-- icons-->\r\n        <div class=\"mtl mbl\">\r\n            [column type=\"1\/3\" fade=\"true\" fade_animation=\"in-from-top\" fade_animation_offset=\"40px\"]\r\n                <div class=\"mbs center-text\">\r\n                    <div class=\"rv-container\">\r\n                        <iframe src=\"https:\/\/www.youtube.com\/embed\/Edjn_uuXVso\" frameborder=\"0\" webkitallowfullscreen mozallowfullscreen allowfullscreen><\/iframe>\r\n                    <\/div>\r\n                        <p class=\"mbs mtm\">\"WE LOVE WESTGATE!\" <\/p>\r\n                        <p class=\"rating mbs\"><i class=\"fas fa-star\"><\/i><i class=\"fas fa-star\"><\/i><i class=\"fas fa-star\"><\/i><i class=\"fas fa-star\"><\/i><i class=\"fas fa-star\"><\/i><\/p>\r\n                        <h4 class=\"h5 mtn mbl font-lighter\">Burton Family | Bristol, TN.<\/h4>\r\n                    [clear]\r\n                <\/div>\r\n            [\/column]\r\n            [column type=\"1\/3\" fade=\"true\" fade_animation=\"in-from-top\" fade_animation_offset=\"40px\"]\r\n                <div class=\"mbs center-text\">\r\n                    <div class=\"rv-container\">\r\n                        <iframe src=\"https:\/\/www.youtube.com\/embed\/Ht_rwog3Z-c\" frameborder=\"0\" webkitallowfullscreen mozallowfullscreen allowfullscreen><\/iframe>\r\n                    <\/div>\r\n                        <p class=\"mbs mtm\">\"We\u2019re down here at Westgate and loving it making arts and crafts and riding bikes \u2013 Enjoying family time!\" <\/p>\r\n                        <p class=\"rating mbs\"><i class=\"fas fa-star\"><\/i><i class=\"fas fa-star\"><\/i><i class=\"fas fa-star\"><\/i><i class=\"fas fa-star\"><\/i><i class=\"fas fa-star\"><\/i><\/p>\r\n                        <h4 class=\"h5 mtn mbl font-lighter\">J. Wilson | Kentucky.<\/h4>\r\n                    [clear]\r\n                <\/div>\r\n            [\/column]\r\n            [column type=\"1\/3\" fade=\"true\" fade_animation=\"in-from-top\" fade_animation_offset=\"40px\" last=\"true\"]\r\n                <div class=\"mbs center-text\">\r\n                    <div class=\"rv-container\">\r\n                        <iframe src=\"https:\/\/www.youtube.com\/embed\/h6FeW4lxeDg\" frameborder=\"0\" webkitallowfullscreen mozallowfullscreen allowfullscreen><\/iframe>\r\n                    <\/div>\r\n                        <p class=\"mbs mtm\">\"Had a great time out on the marina. It\u2019s a beautiful day here in Orlando and you guys should come here and not miss out on this great opportunity. \" <\/p>\r\n                        <p class=\"rating mbs\"><i class=\"fas fa-star\"><\/i><i class=\"fas fa-star\"><\/i><i class=\"fas fa-star\"><\/i><i class=\"fas fa-star\"><\/i><i class=\"fas fa-star\"><\/i><\/p>\r\n                        <h4 class=\"h5 mtn mbl font-lighter\">Lance G. | Orlando, FL.<\/h4>\r\n                    [clear]\r\n                <\/div>\r\n            [\/column]\r\n            [clear]\r\n        <\/div>\r\n        <!--\/icons-->\r\n        [gap size=\"1em\"]\r\n    <\/div>\r\n<\/div>\r\n<div class=\"x-container max width pts pbl\"> \r\n    <h3 class=\"center-text mbl\">\u00a1Ent\u00e9rese de lo que nuestros propietarios opinan sobre pasar sus vacaciones en Westgate!<\/h3>\r\n        <div class=\"mbl\" style=\"max-height: 500px; overflow-y: auto;\">\r\n            <div class=\"mbl stack-center-m\">\r\n                [column type=\"1\/6\"]\r\n                    <img decoding=\"async\" src=\"https:\/\/westgatecdn.com\/2018\/12\/emerret.jpg\" style=\"clip-path: circle(60px at center);\">\r\n                [\/column]\r\n                [column type=\"1\/6\"]\r\n                    <div class=\"rating mts\">\r\n                        <i class=\"fas fa-star\" aria-hidden=\"true\"><\/i>\r\n                        <i class=\"fas fa-star\" aria-hidden=\"true\"><\/i>\r\n                        <i class=\"fas fa-star\" aria-hidden=\"true\"><\/i>\r\n                        <i class=\"fas fa-star\" aria-hidden=\"true\"><\/i>\r\n                        <i class=\"fas fa-star\" aria-hidden=\"true\"><\/i>\r\n                    <\/div>\r\n                    <div class=\"date mbs\">11\/30\/18<\/div>\r\n                [\/column]\r\n                [column type=\"2\/3\" last=\"true\"]\r\n                    <div class=\"text\">\r\n                        <p>\"Somos propietarios orgullosos de pertenecer a Westgate; tenemos una semana en el Town Center y otra en el Palacio. Realmente disfruto de las escapadas. Para aquellos de ustedes que son due\u00f1os, \u00a1aprovechen las escapadas!\".<\/p>\r\n                        <strong>Steven S.<\/strong>\r\n                    <\/div>\r\n                [\/column]\r\n                [clear]\r\n                [line]\r\n            <\/div>\r\n            <!---->\r\n            <div class=\"mbl stack-center-m\">\r\n                [column type=\"1\/6\"]\r\n                    <img decoding=\"async\" src=\"https:\/\/westgatecdn.com\/2018\/12\/Kenneth.jpg\" style=\"clip-path: circle(60px at center);\">\r\n                [\/column]\r\n                [column type=\"1\/6\"]\r\n                    <div class=\"rating mts\">\r\n                        <i class=\"fas fa-star\" aria-hidden=\"true\"><\/i>\r\n                        <i class=\"fas fa-star\" aria-hidden=\"true\"><\/i>\r\n                        <i class=\"fas fa-star\" aria-hidden=\"true\"><\/i>\r\n                        <i class=\"fas fa-star\" aria-hidden=\"true\"><\/i>\r\n                        <i class=\"fas fa-star\" aria-hidden=\"true\"><\/i>\r\n                    <\/div>\r\n                    <div class=\"date mbs\">11\/23\/18<\/div>\r\n                [\/column]\r\n                [column type=\"2\/3\" last=\"true\"]\r\n                    <div class=\"text\">\r\n                        <p>\"Desde que somos due\u00f1os de Westgate, hemos disfrutado de poder invitar a nuestros amigos a pasar la semana con nosotros como si estuvi\u00e9ramos en nuestro hogar en Carolina del Norte. Nos gusta la idea de poder comer fuera o cocinar una comida y disfrutar de la compa\u00f1\u00eda de nuestros invitados en nuestro \"hogar lejos de casa\"; sin mencionar todas las atracciones en el \u00e1rea de Westgate que permite a todos encontrar algo que los haga felices durante la semana\".<\/p>\r\n                        <strong>Emmett and Brenda Langley<\/strong>\r\n                    <\/div>\r\n                [\/column]\r\n                [clear]\r\n                [line]\r\n            <\/div>\r\n            <!---->\r\n            <div class=\"mbl stack-center-m\">\r\n                [column type=\"1\/6\"]\r\n                    <img decoding=\"async\" src=\"https:\/\/westgatecdn.com\/2018\/12\/nereida.jpg\" style=\"clip-path: circle(60px at center);\">\r\n                [\/column]\r\n                [column type=\"1\/6\"]\r\n                    <div class=\"rating mts\">\r\n                        <i class=\"fas fa-star\" aria-hidden=\"true\"><\/i>\r\n                        <i class=\"fas fa-star\" aria-hidden=\"true\"><\/i>\r\n                        <i class=\"fas fa-star\" aria-hidden=\"true\"><\/i>\r\n                        <i class=\"fas fa-star\" aria-hidden=\"true\"><\/i>\r\n                        <i class=\"fas fa-star\" aria-hidden=\"true\"><\/i>\r\n                    <\/div>\r\n                    <div class=\"date mbs\">11\/15\/18<\/div>\r\n                [\/column]\r\n                [column type=\"2\/3\" last=\"true\"]\r\n                    <div class=\"text\">\r\n                        <p>\"Al llegar a Orlando para nuestra primera experiencia como nuevos propietarios de Westgate Resorts, est\u00e1bamos encantados de ver nuestro condominio de dos dormitorios. Westgate ofreci\u00f3 a nuestros dos hijos, de 15 y 12 a\u00f1os de edad, actividades todos los d\u00edas. Nos reunimos con un gerente de ventas y terminamos comprando otra semana en Westgate Smoky Mountains. Mi familia y yo pasamos unas vacaciones inolvidables. \u00a1Los Westgate Resorts son los mejores!\".<\/p>\r\n                        <strong>Kenneth and Barbara Bailey<\/strong>\r\n                    <\/div>\r\n                [\/column]\r\n                [clear]\r\n                [line]\r\n            <\/div>\r\n            <!---->\r\n            <div class=\"mbl stack-center-m\">\r\n                [column type=\"1\/6\"]\r\n                    <img decoding=\"async\" src=\"https:\/\/westgatecdn.com\/2018\/12\/Cindy.jpg\" style=\"clip-path: circle(60px at center);\">\r\n                [\/column]\r\n                [column type=\"1\/6\"]\r\n                    <div class=\"rating mts\">\r\n                        <i class=\"fas fa-star\" aria-hidden=\"true\"><\/i>\r\n                        <i class=\"fas fa-star\" aria-hidden=\"true\"><\/i>\r\n                        <i class=\"fas fa-star\" aria-hidden=\"true\"><\/i>\r\n                        <i class=\"fas fa-star\" aria-hidden=\"true\"><\/i>\r\n                        <i class=\"fas fa-star\" aria-hidden=\"true\"><\/i>\r\n                    <\/div>\r\n                    <div class=\"date mbs\">11\/13\/2018<\/div>\r\n                [\/column]\r\n                [column type=\"2\/3\" last=\"true\"]\r\n                    <div class=\"text\">\r\n                        <p>\"He tenido la oportunidad de compartir mi experiencia en el Westgate Resorts con algunos queridos amigos y sus hijas. Debo decir que estoy satisfecho con la forma en que hemos disfrutado de nuestras vacaciones, \u00a1ni siquiera quer\u00edamos volver a casa! El servicio al cliente fue excelente. Ahora tengo una agregada a mi familia y no puedo esperar a que experimente la diversi\u00f3n y la \"sensaci\u00f3n de estar en casa\" mientras est\u00e1 lejos del hogar. Gracias por la experiencia de toda una vida. Seguir\u00e9 recomendando a la gente a su complejo tur\u00edstico\".<\/p>\r\n                        <strong>Nancy M.<\/strong>\r\n                    <\/div>\r\n                [\/column]\r\n                [clear]\r\n                [line]\r\n            <\/div>\r\n            <!---->\r\n            <div class=\"mbl stack-center-m\">\r\n                [column type=\"1\/6\"]\r\n                    <img decoding=\"async\" src=\"https:\/\/westgatecdn.com\/2018\/12\/Elisa.jpg\" style=\"clip-path: circle(60px at center);\">\r\n                [\/column]\r\n                [column type=\"1\/6\"]\r\n                    <div class=\"rating mts\">\r\n                        <i class=\"fas fa-star\" aria-hidden=\"true\"><\/i>\r\n                        <i class=\"fas fa-star\" aria-hidden=\"true\"><\/i>\r\n                        <i class=\"fas fa-star\" aria-hidden=\"true\"><\/i>\r\n                        <i class=\"fas fa-star\" aria-hidden=\"true\"><\/i>\r\n                        <i class=\"fas fa-star\" aria-hidden=\"true\"><\/i>\r\n                    <\/div>\r\n                    <div class=\"date mbs\">11\/07\/18<\/div>\r\n                [\/column]\r\n                [column type=\"2\/3\" last=\"true\"]\r\n                    <div class=\"text\">\r\n                        <p>\"Tuvimos una maravillosa y asombrosa estad\u00eda sin ni\u00f1os ni familia, solo nosotros dos disfrutando de Orlando Florida Westgate. Esperamos con ansias las pr\u00f3ximas vacaciones con amigos y familia. \"<\/p>\r\n                        <strong>Elisa S.<\/strong>\r\n                    <\/div>\r\n                [\/column]\r\n                [clear]\r\n                [line]\r\n            <\/div>\r\n            <!---->\r\n        <\/div>\r\n    [gap size=\"2em\"]\r\n<\/div>\r\n\r\n<!-- call banner-->\r\n<div style=\"background: #232c35;\">\r\n    <div class=\"x-container max width\">\r\n        [gap size=\"1em\"]\r\n        <div class=\"x-column x-sm x-2-3 white stack-center-m pas\">\r\n            <h5 class=\"font-lighter white man\">Book Your Timeshare Vacation Today<\/h5>\r\n            <p>Call now for the latest discounts on your choice of timeshare vacation packages!<\/p>\r\n        <\/div>\r\n        <div class=\"x-column x-sm x-1-3 pam last\">\r\n            [phone_link class=\"x-btn x-btn-block btn-orange\"]Call [tel][\/phone_link]\r\n            [gap size=\"1em\" class=\"x-visible-phone\"]\r\n        <\/div>\r\n    <\/div>\r\n<\/div>\r\n<!--\/call banner-->\r\n\r\n","protected":false},"excerpt":{"rendered":"<p>[gap size=\"3em\"] [clear] Owner Testimonials [clear] Request Resort Preview [clear] Aqu\u00ed ver\u00e1 lo que otros opinan El objetivo de Westgate Resorts es hacer de cada vacaci\u00f3n una experiencia memorable y ... <\/p>\n<div><a href=\"https:\/\/www.westgatereservations.com\/es\/vacation-ownership\/owner-testimonials\/\" class=\"more-link\">Leer M\u00e1s<\/a><\/div>\n","protected":false},"author":2,"featured_media":0,"parent":17477,"menu_order":0,"comment_status":"closed","ping_status":"closed","template":"template-blank-4.php","meta":{"footnotes":""},"_links":{"self":[{"href":"https:\/\/www.westgatereservations.com\/es\/wp-json\/wp\/v2\/pages\/17591"}],"collection":[{"href":"https:\/\/www.westgatereservations.com\/es\/wp-json\/wp\/v2\/pages"}],"about":[{"href":"https:\/\/www.westgatereservations.com\/es\/wp-json\/wp\/v2\/types\/page"}],"author":[{"embeddable":true,"href":"https:\/\/www.westgatereservations.com\/es\/wp-json\/wp\/v2\/users\/2"}],"replies":[{"embeddable":true,"href":"https:\/\/www.westgatereservations.com\/es\/wp-json\/wp\/v2\/comments?post=17591"}],"version-history":[{"count":0,"href":"https:\/\/www.westgatereservations.com\/es\/wp-json\/wp\/v2\/pages\/17591\/revisions"}],"up":[{"embeddable":true,"href":"https:\/\/www.westgatereservations.com\/es\/wp-json\/wp\/v2\/pages\/17477"}],"wp:attachment":[{"href":"https:\/\/www.westgatereservations.com\/es\/wp-json\/wp\/v2\/media?parent=17591"}],"curies":[{"name":"wp","href":"https:\/\/api.w.org\/{rel}","templated":true}]}}