{"id":17589,"date":"2018-12-07T14:58:44","date_gmt":"2018-12-07T19:58:44","guid":{"rendered":"https:\/\/www.westgatereservations.com\/vacation-ownership\/why-westgate-resorts\/"},"modified":"2019-11-26T16:25:20","modified_gmt":"2019-11-26T21:25:20","slug":"why-westgate-resorts","status":"publish","type":"page","link":"https:\/\/www.westgatereservations.com\/es\/vacation-ownership\/why-westgate-resorts\/","title":{"rendered":"Tiempo Compartido Westgate"},"content":{"rendered":"<div class=\"x-container max width\">\r\n        [gap size=\"3em\"]\r\n        <div class=\"x-column x-sm x-3-4\">\r\n            <div style=\"padding:2em; background-image: linear-gradient(rgba(0, 0, 0, 0.3), rgba(0, 0, 0, 0.3)), url(https:\/\/westgatecdn.com\/2018\/12\/westgate-timeshare.jpg);\" class=\"background-cover\">\r\n    <div class=\"pal mtl mbl\">\r\n                    [clear]\r\n                    <h1 class=\"h2 man white\">\u00bfPor qu\u00e9 Westgate?<\/h1>\r\n<p class=\"white h5 mtn\"><strong>Experimente los placeres de un tiempo compartido en Westgate Resorts<\/strong><\/p>\r\n                    [clear]\r\n                    <a href=\"\/es\/search\/\"  class=\"x-btn x-btn-large btn-orange mtm\"> Reserve su vacaci\u00f3n <\/a>\r\n                <\/div>\r\n            <\/div>\r\n            [clear]                \r\n            <h2 class=\"h3\">\u00bfPor qu\u00e9 elegir Westgate Resorts?\r\n<\/h2>\r\n            <p>El tiempo compartido es una de las opciones de vacaciones m\u00e1s populares para personas de todo el mundo. El tiempo compartido, o propiedad vacacional proporciona una extensa gama de beneficios, m\u00e1s espec\u00edficamente, la oportunidad de ser propietario de alojamientos estilo villa en exclusivas propiedades de resorts donde tendr\u00e1 acceso a una larga lista de amenidades y actividades. El recurso del tiempo compartido proporciona superficies espaciosas y lujosas y todas las comodidades del hogar, m\u00e1s todo lo que no encontrar\u00e1 en un cuarto de hotel tradicional, como dormitorios privados y una cocina completamente equipada.\r\n<\/p>\r\n<p>El tiempo compartido de Westgate, al igual que la mayor\u00eda de las compa\u00f1\u00edas de propiedad vacacional, proporciona una tranquilidad reconfortante cuando se viaja cada a\u00f1o. Como propietario, nunca tendr\u00e1 que preocuparse por el estr\u00e9s de planificar unas vacaciones o reservar alojamiento. Siempre tendr\u00e1 un lugar familiar para volver a\u00f1o tras a\u00f1o. O, simplemente, a trav\u00e9s de una compa\u00f1\u00eda de intercambio, nuestros propietarios tienen la flexibilidad de vacacionar en miles de otros resorts populares en todo el mundo.<\/p>\r\n\r\n        <\/div>\r\n        <div class=\"x-column x-sm x-1-4 last\">\r\n            <!-- topnav -->\r\n            [content-block name=\"vacation-ownership-top-nav\"]\r\n            <!--\/topnav-->\r\n             [content-block name=\"call-hours\"]\r\n        [gap size=\"2em\"]\r\n<!-- Are you an Owner -->\r\n \t\t\t<div class=\"phone-sidebar mbl center-text\">\r\n                <p class=\"mbn mtn font-lighter heading pas\">\u00bfEres propietario de Westgate?<\/p>\r\n                <div class=\"pas\">\r\n                    <p class=\"mbs\">Eventos exclusivos - Beneficios para propietarios - Gesti\u00f3n de cuentas de propietarios<\/p>\r\n                    <a class=\"x-btn btn-gray x-btn-transparent\" href=\"\/es\/westgate-resorts-owners\/\">Acceso del propietario de Westgate<\/a>\r\n                <\/div>\r\n            <\/div>\r\n<!-- \/ Are you an Owner -->\r\n\r\n        <\/div>\r\n   <\/div>\r\n        [clear]\r\n        [gap size=\"2em\"]\r\n<div style=\"background: #efefef;\">\r\n    <div class=\"x-container max width ptl pbl\">\r\n        [gap size=\"3em\"]\r\n        <div class=\"ta responsive\">\r\n            [column type=\"1\/2\" fade=\"true\" fade_animation=\"in-from-right\" fade_animation_offset=\"40px\" class=\"tc x-1-2-push rel last background-cover\" style=\"background-image: url(https:\/\/westgatecdn.com\/2018\/12\/westgate-ownership-timeshare.jpg);\"]\r\n                <div class=\"x-visible-phone\" style=\"height:200px;\"><\/div>\r\n            [\/column]\r\n            <div class=\"tc x-column x-sm x-1-2 x-1-2-pull rel\">\r\n                [gap size=\"1em\" class=\"x-visible-phone\"]\r\n                <h2 class=\"h3 man mbs\">Resorts localizados en todo Estados Unidos\r\n<\/h2>\r\n                <p>Como la compa\u00f1\u00eda privada de propiedad vacacional m\u00e1s grande del mundo, Westgate Resorts cuenta con m\u00e1s de 400.000 propietarios que disfrutan de 28 incre\u00edbles propiedades en destinos tur\u00edsticos populares en todo el territorio de Estados Unidos. Esto es lo que obtiene como propietario de Westgate:\r\n<\/p>\r\n                <ul class=\"x-comments-list\">\r\n                <li><i class=\"fas fa-check-circle fa-2x left prs\" aria-hidden=\"true\" style=\"color:#1E79B0;\"><\/i> <p><strong>Orlando, FL<\/strong> - Westgate Lakes Resort & Spa, Westgate Town Center Resort & Spa, Westgate Vacation Villas, Westgate Towers, Westgate Leisure, Westgate Palace Resort<\/p>\r\n                    [clear]\r\n                <\/li>\r\n                <li><i class=\"fas fa-check-circle fa-2x left prs\" aria-hidden=\"true\" style=\"color:#1E79B0;\"><\/i> <p><strong>Branson, MO<\/strong> - Westgate Branson Woods Resort, Westgate Branson Lakes Resort<\/p>\r\n                [clear]<\/li>\r\n                <li><i class=\"fas fa-check-circle fa-2x left prs\" aria-hidden=\"true\" style=\"color:#1E79B0;\"><\/i> <p><strong>Cocoa Beach, FL<\/strong> - Westgate Cocoa Beach Resort<\/p>\r\n                [clear]<\/li>\r\n                <li><i class=\"fas fa-check-circle fa-2x left prs\" aria-hidden=\"true\" style=\"color:#1E79B0;\"><\/i> <p><strong>Gatlinburg, TN<\/strong> - Westgate Smoky Mountains Resort & Spa, River Terrace Resort and Convention Center<\/p>\r\n                    [clear]\r\n                <\/li>\r\n                <li><i class=\"fas fa-check-circle fa-2x left prs\" aria-hidden=\"true\" style=\"color:#1E79B0;\"><\/i> <p><strong>Las Vegas, NV<\/strong> - Westgate Las Vegas Resort & Casino, Westgate Flamingo Bay Resort<\/p>\r\n                    [clear]\r\n                <\/li>\r\n                <li><i class=\"fas fa-check-circle fa-2x left prs\" aria-hidden=\"true\" style=\"color:#1E79B0;\"><\/i> <p><strong>Miami, FL<\/strong> - Westgate South Beach Oceanfront Resort<\/p>\r\n                    [clear]\r\n                <\/li>\r\n                <li><i class=\"fas fa-check-circle fa-2x left prs\" aria-hidden=\"true\" style=\"color:#1E79B0;\"><\/i> <p><strong>Myrtle Beach, SC<\/strong> - Westgate Myrtle Beach Oceanfront Resort<\/p>\r\n                    [clear]\r\n                <\/li>\r\n                <li><i class=\"fas fa-check-circle fa-2x left prs\" aria-hidden=\"true\" style=\"color:#1E79B0;\"><\/i> <p><strong>Williamsburg, VA<\/strong> - Westgate Historic Williamsburg Resort<\/p>\r\n                    [clear]\r\n                <\/li>\r\n\r\n                <\/ul>\r\n            <\/div>\r\n            [clear]\r\n        <\/div>\r\n        [gap size=\"3em\"]\r\n    <\/div>\r\n<\/div>\r\n\r\n<div class=\"x-container max width ptl pbl\"> \r\n    [gap size=\"3em\"]\r\n    <div class=\"ta responsive mbl\">\r\n        [column type=\"1\/2\" fade=\"true\" fade_animation=\"in-from-right\" fade_animation_offset=\"40px\" class=\"tc x-1-2-push rel last background-cover\" style=\"background-image: url(https:\/\/westgatecdn.com\/2018\/12\/westime-resorts-timeshare.jpg);\"]\r\n            <div class=\"x-visible-phone\" style=\"height:200px;\"><\/div>\r\n        [\/column]\r\n        <div class=\"tc x-column x-sm x-1-2 x-1-2-pull rel\">\r\n            [gap size=\"1em\" class=\"x-visible-phone\"]\r\n            <h3 class=\"h3 man mbs\">Amenidades de mucha diversi\u00f3n\r\n<\/h3>\r\n            <p>Las propiedades de Westgate Resorts ofrecen a los propietarios mucho m\u00e1s que alojamiento de lujo. Nuestros resorts cuentan con una gran lista de amenidades y actividades orientadas a la diversi\u00f3n y aventura familiar. Los vacacionistas pueden disfrutar (dependiendo de la ubicaci\u00f3n) de piscinas tropicales y jacuzzis, minigolf, parques acu\u00e1ticos, kayaks y botes de remo, gimnasios, patios de recreo, bicicletas, salas de juegos y salones recreativos con m\u00e1quinas de videojuegos , bolos, clubes infantiles, actividades planificadas y mucho m\u00e1s.<\/p>\r\n        <\/div>\r\n        [clear]\r\n    <\/div>\r\n[clear]\r\n    <div class=\"mtl mbl\">\r\n        <div class=\"x-column x-sm x-1-2\">\r\n            <div class=\"mbs\">\r\n                <div class=\"x-column x-1-4\">\r\n                    <div style=\"height:100px; width:100px; margin:0px auto;\">\r\n                        <div class=\"circle-icon\" style=\"background-color:#6cbdc4; color: #fff;\">\r\n                        <i class=\"fas fa-bed fa-3x\"><\/i>\r\n                        <\/div>\r\n                    <\/div>\r\n                <\/div>\r\n                <div class=\"x-column x-3-4 last\">\r\n                    <h4 class=\"h5 mtn mbn font-lighter\">Todas las comodidades del hogar\r\n<\/h4>\r\n                    <p>Nuestras villas son mucho m\u00e1s que una t\u00edpica habitaci\u00f3n de hotel. Podr\u00e1 relajarse y gozar de espaciosas \u00e1reas de estar, privacidad (de una habitaci\u00f3n, dos habitaciones, 3 habitaciones, incluso opciones de 4 habitaciones), balcones o patios privados, tinas de jard\u00edn, comedores separados, cocinas totalmente equipadas, lavadora y secadora, y m\u00e1s.<\/p>\r\n                <\/div>\r\n                [clear]\r\n            <\/div>\r\n        <\/div>\r\n        <div class=\"x-column x-sm x-1-2 last\">\r\n            <div class=\"mbs\">\r\n                <div class=\"x-column x-1-4\">\r\n                    <div style=\"height:100px; width:100px; margin:0px auto;\">\r\n                        <div class=\"circle-icon\" style=\"background-color:#e26a5c; color: #fff;\">\r\n                        <i class=\"fas fa-utensils fa-3x\"><\/i>\r\n                        <\/div>\r\n                    <\/div>\r\n                <\/div>\r\n                <div class=\"x-column x-3-4 last\">\r\n                    <h4 class=\"h5 mtn mbn font-lighter\">Restaurantes exclusivos<\/h4>\r\n                    <p>Muchas de nuestras propiedades de tiempo compartido ofrecen restaurantes galardonados en el lugar donde los propietarios reciben hasta un 15% de descuento en los precios habituales.<\/p>\r\n                <\/div>\r\n                [clear]\r\n            <\/div>\r\n        <\/div>\r\n        [clear]\r\n    <\/div>\r\n    <!---->\r\n    <div class=\"mtl mbl\">\r\n        <div class=\"x-column x-sm x-1-2\">\r\n            <div class=\"mbs\">\r\n                <div class=\"x-column x-1-4\">\r\n                    <div style=\"height:100px; width:100px; margin:0px auto;\">\r\n                        <div class=\"circle-icon\" style=\"background-color:#ffba58; color: #fff;\">\r\n                        <i class=\"fas fa-ticket-alt fa-3x\"><\/i>\r\n                        <\/div>\r\n                    <\/div>\r\n                <\/div>\r\n                <div class=\"x-column x-3-4 last\">\r\n                    <h4 class=\"h5 mtn mbn font-lighter\">Descuentos en boletos para atracciones<\/h4>\r\n                    <p>\u00bfPor qu\u00e9 esperar en largas colas en los parques tem\u00e1ticos y atracciones m\u00e1s populares? Podr\u00e1 obtener boletos con descuento por adelantado en muchas localizaciones de Westgate Resorts.<\/p>\r\n                <\/div>\r\n                [clear]\r\n            <\/div>\r\n        <\/div>\r\n        <div class=\"x-column x-sm x-1-2 last\">\r\n            <div class=\"mbs\">\r\n                <div class=\"x-column x-1-4\">\r\n                    <div style=\"height:100px; width:100px; margin:0px auto;\">\r\n                        <div class=\"circle-icon\" style=\"background-color:#6cbdc4; color: #fff;\">\r\n                        <i class=\"fas fa-shuttle-van fa-3x\"><\/i>\r\n                        <\/div>\r\n                    <\/div>\r\n                <\/div>\r\n                <div class=\"x-column x-3-4 last\">\r\n                    <h4 class=\"h5 mtn mbn font-lighter\">Sin molestias de transporte<\/h4>\r\n                    <p>Las tarifas de estacionamiento en los parques tem\u00e1ticos de Disney, Universal, SeaWorld y otros parques tem\u00e1ticos de Orlando pueden ser excesivas. Ahorre dinero y molestias utilizando el servicio de transporte complementario programado de Westgate.<\/p>\r\n                <\/div>\r\n                [clear]\r\n            <\/div>\r\n        <\/div>\r\n        [clear]\r\n    <\/div>\r\n    [gap size=\"2em\"]\r\n<\/div>\r\n\r\n<div style=\"background: #efefef;\">\r\n    <div class=\"x-container max width pbl ptl\">\r\n       <h2 class=\"h3 center-text mbm\" id=\"tocone\">Programa de recompensas para propietarios<\/h2>\r\n        <div>\r\n            <div class=\"x-column x-sm x-1-8\">&nbsp;<\/div>\r\n            [column type=\"3\/4\"]\r\n            <p class=\"center-text\">Westgate Resorts quiere pagarle. Westgate ofrece uno de los mejores y m\u00e1s lucrativos Programas de referencia de propietarios del mundo. Podr\u00e1 poner dinero en su bolsillo simplemente refiriendo a amigos o familiares que compran vacaciones o se convierten en propietarios en Westgate. Traiga a sus amigos y familiares de vacaciones o simplemente d\u00edgales lo mucho que se divierte en nuestros resorts. Cuando ellos escogen vacacionar en Westgate, \u00a1usted recibe dinero!<\/p>\r\n            [\/column]\r\n            <div class=\"x-column x-sm x-1-8 last\">&nbsp;<\/div>\r\n            [clear]\r\n        <\/div>\r\n        <!-- icons-->\r\n        <div class=\"mtl mbl\">\r\n            [column type=\"1\/3\" fade=\"true\" fade_animation=\"in-from-top\" fade_animation_offset=\"40px\"]\r\n                <div class=\"mbs center-text\">\r\n                     <div style=\"height:100px; width:100px; margin:0px auto;\">\r\n                            <div class=\"circle-icon\" style=\"background-color:#ffba58; color: #fff;\">\r\n                                <i class=\"fas fa-hotel fa-3x\" aria-hidden=\"true\"><\/i>\r\n                            <\/div>\r\n                        <\/div>\r\n                        <h4 class=\"h5 mts mbs font-lighter\"> \u00a1Pruebe todos nuestros resorts!<\/h4>\r\n                        <p>Como propietario, tendr\u00e1 f\u00e1cil acceso de intercambio a las 28 de nuestras incre\u00edbles propiedades en los Estados Unidos. Ya sea que quiera intentar una escapada a la playa, una escapadita a la monta\u00f1a, una aventura de juegos de casino o gozar de una experiencia de hacienda de campo, nosotros se lo ofrecemos. Podr\u00e1 regresar a su resort todos los a\u00f1os. Pero si prefiere probar una nueva aventura en Westgate, le facilitamos el intercambio.<\/p>\r\n                    [clear]\r\n                <\/div>\r\n            [\/column]\r\n            [column type=\"1\/3\" fade=\"true\" fade_animation=\"in-from-top\" fade_animation_offset=\"40px\"]\r\n                <div class=\"mbs center-text\">\r\n                     <div style=\"height:100px; width:100px; margin:0px auto;\">\r\n                            <div class=\"circle-icon\" style=\"background-color:#6cbdc4; color: #fff;\">\r\n                            <i class=\"fas fa-paw fa-3x\" aria-hidden=\"true\"><\/i>\r\n                            <\/div>\r\n                        <\/div>\r\n                        <h4 class=\"h5 mts mbs font-lighter\">Traiga a sus mascotas<\/h4>\r\n                        <p>En Westgate, todos son bienvenidos. Eso significa que tampoco hay raz\u00f3n para ir de vacaciones sin su preciado perro o gato. Muchas de nuestras exclusivas propiedades son aptas para mascotas, por lo que podr\u00e1 traer a Fido para divertirse. (Nota: se aplican algunas tarifas y restricciones).<\/p>\r\n                    [clear]\r\n                <\/div>\r\n            [\/column]\r\n            [column type=\"1\/3\" fade=\"true\" fade_animation=\"in-from-top\" fade_animation_offset=\"40px\" last=\"true\"]\r\n                <div class=\"mbs center-text\">\r\n                        <div style=\"height:100px; width:100px; margin:0px auto;\">\r\n                            <div class=\"circle-icon\" style=\"background-color:#e26a5c; color: #fff;\">\r\n                            <i class=\"fas fa-users fa-3x\" aria-hidden=\"true\"><\/i>\r\n                            <\/div>\r\n                        <\/div>\r\n                        <h4 class=\"h5 mts mbs font-lighter\">Otros programas especiales para propietarios<\/h4>\r\n                        <p>Westgate mantiene una extensa variedad de programas y opciones especiales para los propietarios. Aumente sus ganancias por referidos con nuestro programa de socios de viajes Travel Partners. Disfrute de conciertos exclusivos, deportes y otros eventos especiales con Westgate Events. Administre su cuenta de Westgate de forma r\u00e1pida y sencilla con acceso en l\u00ednea. O incluso puede solicitar una tarjeta de cr\u00e9dito Westgate Rewards MasterCard sin cargo anual.<\/p>\r\n                    [clear]\r\n                <\/div>\r\n            [\/column]\r\n            [clear]\r\n        <\/div>\r\n        <!--\/icons-->\r\n        <div class=\"center-text mtl\">\r\n            <a href=\"\/es\/vacation-ownership\/become-an-owner\/\"  class=\"x-btn x-btn-large btn-orange mtm\">Convi\u00e9rtase en un propietario<\/a>\r\n        <\/div>\r\n        [clear]\r\n        [gap size=\"2em\"]\r\n    <\/div>\r\n<\/div>\r\n\r\n<div class=\"x-container max width ptl pbl\">\r\n    [gap size=\"3em\"]\r\n    <div class=\"\">\r\n        [column type=\"1\/2\" fade=\"true\" fade_animation=\"in-from-right\" fade_animation_offset=\"40px\" class=\"tc x-1-2-push rel last\"]\r\n            <div class=\"rv-container\">\r\n                <iframe src=\"https:\/\/player.vimeo.com\/video\/253860850\" frameborder=\"0\" webkitallowfullscreen mozallowfullscreen allowfullscreen><\/iframe>\r\n            <\/div>\r\n        [\/column]\r\n        <div class=\"tc x-column x-sm x-1-2 x-1-2-pull rel\">\r\n            [gap size=\"1em\" class=\"x-visible-phone\"]\r\n            <h2 class=\"h3 man mbs\">Westgate Travel Partners (Socios de viajes)<\/h2>\r\n            <p>El Programa Travel Partners de Westgate es un negocio llave en mano que permite a los propietarios vender las vacaciones de Westgate y generar ingresos personales desde la comodidad de su propio hogar. Con este lucrativo programa de referencia de propietarios, disfrutar\u00e1 de videos de capacitaci\u00f3n en l\u00ednea y consejos de \u00e9xito, un vendedor de licencias de viaje, un kit de inicio con materiales de marketing, un sitio web personalizado y herramientas de medios sociales, y mucho m\u00e1s. \u00a1Nunca ha sido tan f\u00e1cil ganar dinero desde casa!\r\n            <\/p>\r\n        <a href=\"https:\/\/rewards.westgatespace.com\/\" rel=\"nofollow\" class=\"x-btn x-btn-large btn-orange mtm\">Conozca el programa Travel Partners<\/a>\r\n        <\/div>\r\n        [clear]\r\n    <\/div>\r\n    [gap size=\"3em\"]\r\n<\/div>\r\n\r\n<!-- call banner-->\r\n<div style=\"background: #232c35;\">\r\n    <div class=\"x-container max width\">\r\n        [gap size=\"1em\"]\r\n        <div class=\"x-column x-sm x-2-3 white stack-center-m pas\">\r\n            <h5 class=\"font-lighter white man\">Reserve hoy mismo sus vacaciones en r\u00e9gimen de tiempo compartido<\/h5>\r\n            <p>\u00a1Llame ahora para obtener los \u00faltimos descuentos en los paquetes vacacionales de tiempo compartido de su elecci\u00f3n!<\/p>\r\n        <\/div>\r\n        <div class=\"x-column x-sm x-1-3 pam last\">\r\n            [phone_link class=\"x-btn x-btn-block btn-orange\"]Comun\u00edquese al [tel][\/phone_link]\r\n            [gap size=\"1em\" class=\"x-visible-phone\"]\r\n        <\/div>\r\n    <\/div>\r\n<\/div>\r\n<!--\/call banner-->\r\n\r\n\r\n","protected":false},"excerpt":{"rendered":"<p>[gap size=\"3em\"] [clear] \u00bfPor qu\u00e9 Westgate? Experimente los placeres de un tiempo compartido en Westgate Resorts [clear] Reserve su vacaci\u00f3n [clear] \u00bfPor qu\u00e9 elegir Westgate Resorts? El tiempo compartido es ... <\/p>\n<div><a href=\"https:\/\/www.westgatereservations.com\/es\/vacation-ownership\/why-westgate-resorts\/\" class=\"more-link\">Leer M\u00e1s<\/a><\/div>\n","protected":false},"author":2,"featured_media":0,"parent":17477,"menu_order":0,"comment_status":"closed","ping_status":"closed","template":"template-blank-4.php","meta":{"footnotes":""},"_links":{"self":[{"href":"https:\/\/www.westgatereservations.com\/es\/wp-json\/wp\/v2\/pages\/17589"}],"collection":[{"href":"https:\/\/www.westgatereservations.com\/es\/wp-json\/wp\/v2\/pages"}],"about":[{"href":"https:\/\/www.westgatereservations.com\/es\/wp-json\/wp\/v2\/types\/page"}],"author":[{"embeddable":true,"href":"https:\/\/www.westgatereservations.com\/es\/wp-json\/wp\/v2\/users\/2"}],"replies":[{"embeddable":true,"href":"https:\/\/www.westgatereservations.com\/es\/wp-json\/wp\/v2\/comments?post=17589"}],"version-history":[{"count":0,"href":"https:\/\/www.westgatereservations.com\/es\/wp-json\/wp\/v2\/pages\/17589\/revisions"}],"up":[{"embeddable":true,"href":"https:\/\/www.westgatereservations.com\/es\/wp-json\/wp\/v2\/pages\/17477"}],"wp:attachment":[{"href":"https:\/\/www.westgatereservations.com\/es\/wp-json\/wp\/v2\/media?parent=17589"}],"curies":[{"name":"wp","href":"https:\/\/api.w.org\/{rel}","templated":true}]}}