{"id":17587,"date":"2018-12-10T12:16:31","date_gmt":"2018-12-10T17:16:31","guid":{"rendered":"https:\/\/www.westgatereservations.com\/vacation-ownership\/how-does-it-work\/"},"modified":"2019-11-26T16:21:24","modified_gmt":"2019-11-26T21:21:24","slug":"how-does-it-work","status":"publish","type":"page","link":"https:\/\/www.westgatereservations.com\/es\/vacation-ownership\/how-does-it-work\/","title":{"rendered":"C\u00f3mo Funciona 101"},"content":{"rendered":"<div class=\"x-container max width\">\r\n        [gap size=\"3em\"]\r\n        <div class=\"x-column x-sm x-3-4\">\r\n            <div style=\"padding:2em; background-image: url(https:\/\/westgatecdn.com\/2018\/12\/what-is-timeshare.jpg);\" class=\"background-cover\">\r\n                <div class=\"pal mtl mbl\">\r\n                    [clear]\r\n                    <h1 class=\"h2 man white\">C\u00f3mo Funciona 101<\/h1>\r\n                    [clear]\r\n <a href=\"\/es\/search\/\"  class=\"x-btn x-btn-medium btn-orange mtm\"> Reserve sus vacaciones <\/a>\r\n                <\/div>\r\n            <\/div>\r\n            [clear]\r\n            <h2 class=\"h3\">C\u00f3mo llegar a ser propietario de una propiedad vacacional\r\n<\/h2>\r\n            <p>El tiempo compartido es una inversi\u00f3n para el disfrute futuro de su familia. En resumen, al comprar tiempo compartido, paga por adelantado por sus futuras vacaciones a los precios de hoy. Estar\u00e1 garantizando as\u00ed una vida de vacaciones en lujosas y espaciosas villas y nunca m\u00e1s tendr\u00e1 que alquilar una aburrida y estrecha habitaci\u00f3n de hotel.\r\n<\/p>\r\n<p>Como comprador de un plan de propiedad vacacional, usted est\u00e1 comprando una parte o una parte fraccionaria de una propiedad vacacional de lujo. M\u00e1s importante a\u00fan, est\u00e1 comprando una propiedad inmobiliaria que le permite vacacionar con su familia cada a\u00f1o. Podr\u00e1 disfrutar de un lugar familiar como su resort, o explorar un nuevo destino en cualquier parte del mundo<\/p>\r\n        <\/div>\r\n        <div class=\"x-column x-sm x-1-4 last\">\r\n            <!-- table of contents -->\r\n                        [content-block name=\"vacation-ownership-top-nav\"]\r\n         [content-block name=\"call-hours\"]\r\n        [gap size=\"2em\"]\r\n<!-- Are you an Owner -->\r\n \t\t\t<div class=\"phone-sidebar mbl center-text\">\r\n                <p class=\"mbn mtn font-lighter heading pas\">\u00bfEres propietario de Westgate?<\/p>\r\n                <div class=\"pas\">\r\n                    <p class=\"mbs\">Eventos exclusivos - Beneficios para propietarios - Gesti\u00f3n de cuentas de propietarios<\/p>\r\n                    <a class=\"x-btn btn-gray x-btn-transparent\" href=\"\/es\/westgate-resorts-owners\/\">Acceso del propietario de Westgate<\/a>\r\n                <\/div>\r\n            <\/div>\r\n<!-- \/ Are you an Owner -->\r\n        <\/div>\r\n   <\/div>\r\n        [clear]\r\n        [gap size=\"2em\"]\r\n\r\n    <div style=\"background: #efefef;\">\r\n        <div class=\"x-container max width ptl\">\r\n            <h2 class=\"h3 center-text mbm\" id=\"tocone\">\u00bfQu\u00e9 es un tiempo compartido?<\/h2>\r\n            <div>\r\n                <div class=\"x-column x-sm x-1-8\">&nbsp;<\/div>\r\n                [column type=\"3\/4\"]\r\n                <p class=\"center-text\"> Como comprador de tiempo compartido de Westgate Resorts, tendr\u00e1 un contrato de tiempo compartido que describe su plan anual de vacaciones y que por lo general se distribuye en intervalos de una semana. Usted escoge el destino - desde Orlando, Gatlinburg y Las Vegas hasta Myrtle Beach, Park City, Williamsburg y m\u00e1s - y elige su propiedad de resort preferida. Tambi\u00e9n puede elegir la \u00e9poca del a\u00f1o que prefiera para vacacionar, as\u00ed como el tama\u00f1o de la unidad (estudio, una habitaci\u00f3n, dos habitaciones, etc.). El precio de compra variar\u00e1 en funci\u00f3n de los intereses del tiempo compartido, como ser su ubicaci\u00f3n, tama\u00f1o de la unidad, fechas de alta demanda como los d\u00edas feriados y las amenidades del resort.\r\n<\/p>\r\n                [\/column]\r\n                <div class=\"x-column x-sm x-1-8 last\">&nbsp;<\/div>\r\n                [clear]\r\n            <\/div>\r\n            <!-- icons-->\r\n            <div class=\"mtl mbl\">\r\n                [column type=\"1\/3\" fade=\"true\" fade_animation=\"in-from-top\" fade_animation_offset=\"40px\"]\r\n                    <div class=\"mbs center-text\">\r\n                         <div style=\"height:100px; width:100px; margin:0px auto;\">\r\n                                <div class=\"circle-icon\" style=\"background-color:#ffba58; color: #fff; padding-top: 30px;\">\r\n                                    <i class=\"fas fa-cocktail fa-3x\" aria-hidden=\"true\"><\/i>\r\n                                <\/div>\r\n                            <\/div>\r\n                            <h4 class=\"h5 mts mbs font-lighter\"> Vacaciones garantizadas<\/h4>\r\n                            <p>Tener una propiedad de tiempo compartido de Westgate Resorts significa que sus vacaciones estar\u00e1n autom\u00e1ticamente aseguradas a\u00f1o tras a\u00f1o. Podr\u00e1 relajarse sabiendo que estar\u00e1 creando recuerdos para toda la vida con su familia y que sus alojamientos siempre incluir\u00e1n una propiedad tur\u00edstica llena de diversi\u00f3n, llena de lujos y comodidades exclusivas. Nunca m\u00e1s tendr\u00e1 que preocuparse por encontrar un lugar ideal para sus vacaciones o de tratar de poner a toda su familia en una habitaci\u00f3n de hotel estrecha y est\u00e1ndar. <\/p>\r\n                        [clear]\r\n                    <\/div>\r\n                [\/column]\r\n                [column type=\"1\/3\" fade=\"true\" fade_animation=\"in-from-top\" fade_animation_offset=\"40px\"]\r\n                    <div class=\"mbs center-text\">\r\n                         <div style=\"height:100px; width:100px; margin:0px auto;\">\r\n                                <div class=\"circle-icon\" style=\"background-color:#6cbdc4; color: #fff; padding-top: 32px;\">\r\n                                <i class=\"fas fa-home fa-3x\" aria-hidden=\"true\"><\/i>\r\n                                <\/div>\r\n                            <\/div>\r\n                            <h4 class=\"h5 mts mbs font-lighter\"> Un hogar lejos de casa<\/h4>\r\n                            <p>No importa d\u00f3nde compre, su resort es un verdadero hogar lejos de casa. Amplias y lujosas villas ofrecen espacio para toda la familia. Disfrutar\u00e1 de \u00e1reas de estar con muebles de cuero y televisores de pantalla grande, adem\u00e1s de espacios separados para comer y dormir. Disfrute de su propia privacidad con habitaciones separadas mientras los ni\u00f1os tienen su propio espacio. Rel\u00e1jese en un balc\u00f3n privado. Incluso puede ahorrar dinero gracias a una cocina totalmente equipada. Las propiedades de tiempo compartido de Westgate tienen todo lo que necesita.<\/p>\r\n                        [clear]\r\n                    <\/div>\r\n                [\/column]\r\n                [column type=\"1\/3\" fade=\"true\" fade_animation=\"in-from-top\" fade_animation_offset=\"40px\" last=\"true\"]\r\n                    <div class=\"mbs center-text\">\r\n                         <div style=\"height:100px; width:100px; margin:0px auto;\">\r\n                                <div class=\"circle-icon\" style=\"background-color:#e26a5c; color: #fff; padding-top: 32px;\">\r\n                                <i class=\"fas fa-file-signature fa-3x\" aria-hidden=\"true\"><\/i>\r\n                                <\/div>\r\n                            <\/div>\r\n                            <h4 class=\"h5 mts mbs font-lighter\"> Propiedad escriturada<\/h4>\r\n                            <p>Como comprador de una propiedad de tiempo compartido, disfrutar\u00e1 de la titularidad de la propiedad. Ser\u00e1 due\u00f1o de sus vacaciones, en lugar de simplemente alquilar un hotel. Como resultado, tendr\u00e1 toda una vida de escapadas de alta calidad para que pueda ahorrar a largo plazo sin tener que preocuparse por el aumento de los precios de los alojamientos. Garantizar\u00e1 experiencias vacacionales incre\u00edbles con su familia, a\u00f1o tras a\u00f1o. Y con la titularidad de la escritura, esos viajes pueden pasar a sus herederos y crear as\u00ed un legado continuo de escapadas a pura diversi\u00f3n en Westgate.<\/p>\r\n                        [clear]\r\n                    <\/div>\r\n                [\/column]\r\n                [clear]\r\n            <\/div>\r\n            <!--\/icons-->\r\n            <hr class=\"x-clear\">\r\n            <hr class=\"x-gap\" style=\"margin: 2em 0 0 0;\">\r\n        <\/div>\r\n    <\/div>\r\n\r\n<div class=\"x-container max width ptl pbl\">\r\n    [gap size=\"1em\"]\r\n    <div class=\"ta responsive mtl mbl\">\r\n        [column type=\"1\/2\" fade=\"true\" fade_animation=\"in-from-right\" fade_animation_offset=\"40px\" class=\"tc x-1-2-push rel last background-cover\" style=\"background-image: url(https:\/\/westgatecdn.com\/2018\/12\/timeshare-periods.jpg);\"]\r\n            <div class=\"x-hidden-phone\" style=\"height:300px;\"><\/div>\r\n            <div class=\"x-visible-phone\" style=\"height:200px;\"><\/div>\r\n        [\/column]\r\n        <div class=\"tc x-column x-sm x-1-2 x-1-2-pull rel\">\r\n            [gap size=\"1em\" class=\"x-visible-phone\"]\r\n            <h3 class=\"h3 man mbs\">Per\u00edodos de uso de tiempo compartido<\/h3>\r\n            <p>El tiempo compartido le permite una flexibilidad total en cuanto a la fecha en que quiera tomar sus vacaciones. Usted decide qu\u00e9 semana quiere usar su casa de vacaciones y se le reservar\u00e1 esa semana cada a\u00f1o a menos que decida cambiarla. Y mientras que el uso de un tiempo compartido es en general de una semana, podr\u00e1 comprar semanas adicionales en otras \u00e9pocas del a\u00f1o.<\/p>\r\n        <\/div>\r\n        [clear]\r\n    <\/div>\r\n    [clear]\r\n    [gap size=\"2em\"]      \r\n<\/div>\r\n\r\n<div class=\"x-content-band center-text bg-image marginless-columns pan\">\r\n    <div class=\"x-container\">\r\n        <div class=\"x-column x-sm x-1-2 background-cover\" style=\"background-image: url(https:\/\/westgatecdn.com\/2018\/12\/timeshare-specials-vacation.jpg);\">\r\n            <div class=\"x-visible-phone\" style=\"height:200px;\"><\/div>\r\n        <\/div>\r\n        <div class=\"x-column x-sm x-1-2 white center-text\" style=\"background-color: #232c35;\">\r\n            <div class=\"pal\">\r\n                <div class=\"x-column x-sm x-1-9\">\r\n                <\/div>\r\n                <div class=\"x-column x-sm x-7-9\">\r\n                    <hr class=\"x-gap x-hidden-phone mam\">\r\n                    <hr class=\"x-gap x-hidden-phone mal\">\r\n                        <h3 class=\"white mtn\">Especiales de tiempo compartido<\/h3>\r\n                        <hr class=\"x-gap\" style=\"margin: 15px 0 0 0;\">\r\n                        <p>No hay mejor momento para ver c\u00f3mo funciona el tiempo compartido para usted y empezar a crear una vida de recuerdos con fant\u00e1sticas vacaciones en Westgate Resorts. Consulte nuestros muchos especiales de vacaciones de tiempo compartido y paquetes de descuento disponibles.\r\n<\/p>\r\n                        <a href=\"\/es\/specials\/\" class=\"x-btn x-btn-large btn-orange\"> Ver ofertas de tiempo compartido <\/a>\r\n                     <hr class=\"x-gap x-hidden-phone mal\">\r\n                     <hr class=\"x-gap x-hidden-phone mam\">\r\n                <\/div>\r\n                <div class=\"x-column x-sm x-1-9\">\r\n                <\/div>\r\n            <\/div>\r\n           \r\n        <\/div>\r\n    <\/div>\r\n    [gap size=\"1em\"]\r\n<\/div>\r\n\r\n<div class=\"x-container max width ptl pbl\">\r\n    <h3 class=\"center-text mbl\">Tiempo compartido vs Hotel<\/h3>\r\n    <div class=\"ta responsive\">\r\n        [column type=\"1\/2\" fade=\"true\" fade_animation=\"in-from-right\" fade_animation_offset=\"40px\" class=\"tc x-1-2-push rel last background-cover\" style=\"background-image: url(https:\/\/westgatecdn.com\/2018\/12\/timeshare-101.jpg);\"]\r\n            <div class=\"x-visible-phone\" style=\"height:200px;\"><\/div>\r\n        [\/column]\r\n        <div class=\"tc x-column x-sm x-1-2 x-1-2-pull rel\">\r\n            [gap size=\"1em\" class=\"x-visible-phone\"]\r\n            <h3 class=\"h3 man mbs\">Tiempo compartido<\/h3>\r\n            <p>Los Westgate Resorts est\u00e1n ubicados en los destinos m\u00e1s populares del pa\u00eds. Lo pondremos en la puerta de Walt Disney World, en la playa o incluso en las monta\u00f1as. Pero dondequiera que se hospede, experimentar\u00e1 un lujo espacioso y todas las comodidades de su hogar. Disfrute de grandes espacios con muebles de cuero y televisores de pantalla grande. Apreciar\u00e1 \u00e1reas separadas de estar, comedor y dormitorios, habitaciones privadas, balcones o patios privados, lavadora y secadora, e incluso una cocina totalmente equipada. Tambi\u00e9n hay instalaciones exclusivas en el resort que le har\u00e1n decir: \"ESTO ES FANT\u00c1STICO\", incluyendo (var\u00eda seg\u00fan la ubicaci\u00f3n): m\u00faltiples piscinas tropicales, parques acu\u00e1ticos en el sitio, minigolf, alojamiento para esquiar con servicio de ski valet, kayaks y botes de remo, gimnasios, los spa de primera clase, restaurantes y centros comerciales en el mismo complejo, actividades programadas, Clubes Infantiles, tenis, baloncesto, voleibol de playa, bicicletas y mucho m\u00e1s.<\/p>\r\n            <\/div>\r\n        [clear]\r\n    <\/div>\r\n    [gap size=\"3em\"]\r\n    <div class=\"ta responsive\">\r\n        [column type=\"1\/2\" fade=\"true\" fade_animation=\"in-from-left\" fade_animation_offset=\"40px\" class=\"tc rel background-cover\" style=\"background-image: url(https:\/\/westgatecdn.com\/2018\/12\/timeshare-hotels.jpg);\"]\r\n        <div class=\"x-hidden-phone\" style=\"height:300px;\"><\/div>\r\n        <div class=\"x-visible-phone\" style=\"height:200px;\"><\/div>\r\n        [\/column]\r\n        <div class=\"tc x-column x-sm x-1-2 x-mr-push rel\">\r\n            [gap size=\"1em\" class=\"x-visible-phone\"]\r\n            <h3 class=\"h3 man mbs\">Hoteles\r\n<\/h3>\r\n            <p>Incluso los mejores hoteles est\u00e1ndar no se pueden comparar con la vida de lujo asociada con una propiedad de Westgate Resorts. Las familias se api\u00f1an en peque\u00f1as habitaciones de hotel por falta de espacio. Mam\u00e1, pap\u00e1 y los ni\u00f1os duermen en una habitaci\u00f3n sin privacidad y sin cocina ni comedor, incluso deben comer una pizza en una peque\u00f1a mesa o sentados en las camas. Adem\u00e1s de una reducida piscina, la mayor\u00eda de los hoteles tampoco ofrecen mucho en cuanto a amenidades o actividades especiales.<\/p>\r\n        <\/div>\r\n        [clear]\r\n    <\/div>\r\n    [gap size=\"3em\"]\r\n<\/div>\r\n\r\n<div style=\"background: #efefef;\">\r\n    <div class=\"x-container max width ptl pbl\">\r\n        [gap size=\"3em\"]\r\n        <img ng-src=\"{{app.data.is_mobile && 'https:\/\/westgatecdn.com\/2018\/12\/types-of-timeshare.jpg' || 'https:\/\/westgatecdn.com\/2018\/12\/types-of-timeshare.jpg'}}\">\r\n        <h3 class=\"center-text mbm\">Tipos de tiempo compartido<\/h3>\r\n        <p>\u00a1Las propiedades de tiempo compartido de Westgate le proporcionan los recuerdos de su vida! Simplemente deber\u00e1 escoger el tipo de tiempo compartido que mejor se adapte a la escapada ideal de tu familia. Imag\u00ednese en el soleado estado de Orlando, Florida, estar\u00e1 alojado en la puerta de Disney World, cerca de muchos otros parques tem\u00e1ticos y atracciones de primera clase en el centro de Florida. Si prefiere el surf, el sol y la arena, Westgate tiene propiedades en una variedad de locaciones frente al mar, incluyendo el para\u00edso del surf de Cocoa Beach, la ecl\u00e9ctica South Beach en Miami, y Myrtle Beach para toda la familia.\r\n<\/p>\r\n\r\n        <p>\u00bfBusca una monta\u00f1a de diversi\u00f3n? Explore las extraordinarias Grandes Monta\u00f1as Humeantes (Great Smoky Mountains) en Tennessee y el pintoresco pueblo de monta\u00f1a de Gatlinburg. O pruebe nuestros alojamientos de esqu\u00ed en Park City, UT, donde se celebra el famoso Festival de cine de Sundance y donde encontrar\u00e1 la \"la mejor nieve del mundo\". O quiz\u00e1s le gustar\u00eda probar suerte en los juegos de casino en la emocionante ciudad que nunca duerme: \u00a1Las Vegas! los amantes de la historia podr\u00e1n explorar la ciudad colonial de Williamsburg, la cuna de Am\u00e9rica.<\/p>\r\n        [gap size=\"3em\"]\r\n    <\/div>\r\n<\/div>\r\n\r\n<div class=\"x-container max width ptl pbs center-text\">\r\n    <h3>Preguntas Frecuentes<\/h3>\r\n    <div class=\"ptl pbl\">\r\n       <div class=\"x-column x-sm x-1-2\">\r\n            [accordion]\r\n            [accordion_item title=\"\u00bfPor qu\u00e9 deber\u00eda comprar tiempo compartido?\"]\r\n            <p>El tiempo compartido es la forma ideal de crear recuerdos familiares m\u00e1gicos y garantizar unas vacaciones para toda la vida. Cuando se convierte en propietario de tiempo compartido, sus opciones de vacaciones se vuelven virtualmente ilimitadas. Imagine tener la opci\u00f3n de elegir diferentes destinos, resorts y \u00e9pocas del a\u00f1o. Gracias a programas especiales de intercambio, podr\u00e1 explorar el mundo, o simplemente disfrutar de la misma propiedad favorita y familiar a\u00f1o tras a\u00f1o.<\/p>\r\n            [\/accordion_item] \r\n            [\/accordion]\r\n            [accordion]\r\n            [accordion_item title=\"\u00bfCu\u00e1nto cuesta el tiempo compartido?\"]\r\n            <p>Los costos de un tiempo compartido var\u00edan y los precios difieren seg\u00fan el lugar de compra, el tama\u00f1o de la unidad seleccionada, las amenidades del resort, la \u00e9poca del a\u00f1o y otros factores. Adem\u00e1s del precio de compra, pagar\u00e1 una cuota anual para cubrir los costos de mantenimiento y funcionamiento del resort, as\u00ed como un porcentaje de los impuestos anuales sobre la propiedad inmobiliaria.<\/p>\r\n            [\/accordion_item] \r\n            [\/accordion]\r\n       <\/div>\r\n       <div class=\"x-column x-sm x-1-2 last\">\r\n            [accordion]\r\n            [accordion_item title=\"\u00bfPuedo traer amigos y familiares?\"]\r\n            <p>S\u00ed, puede traer amigos y familiares para que se unan a la diversi\u00f3n. Mejor a\u00fan, tambi\u00e9n puede aprovechar el galardonado programa de referencias de Westgate Resorts. Entonces, si esos amigos o miembros de la familia quieren compartir la experiencia de la propiedad de tiempo compartido, \u00a1usted puede ganar recompensas en efectivo! <\/p>\r\n            [\/accordion_item] \r\n            [\/accordion]\r\n             <\/div>\r\n        [clear]\r\n    <\/div>\r\n    [gap size=\"3em\"]\r\n<\/div>\r\n\r\n<!-- call banner-->\r\n<div style=\"background: #232c35;\">\r\n    <div class=\"x-container max width\">\r\n        [gap size=\"1em\"]\r\n        <div class=\"x-column x-sm x-2-3 white stack-center-m pas\">\r\n            <h5 class=\"font-lighter white man\">Reserve sus vacaciones con descuento en Westgate hoy mismo\r\n<\/h5>\r\n            <p>\u00a1Llame ahora y vea cu\u00e1nto puede ahorrar en unas fabulosas vacaciones con una vista previa de tiempo compartido!<\/p>\r\n        <\/div>\r\n        <div class=\"x-column x-sm x-1-3 pam last\">\r\n            [phone_link class=\"x-btn x-btn-block btn-orange\"]Comun\u00edquese al  [tel][\/phone_link]\r\n            [gap size=\"1em\" class=\"x-visible-phone\"]\r\n        <\/div>\r\n    <\/div>\r\n<\/div>\r\n<!--\/call banner-->\r\n\r\n","protected":false},"excerpt":{"rendered":"<p>[gap size=\"3em\"] [clear] C\u00f3mo Funciona 101 [clear] Reserve sus vacaciones [clear] C\u00f3mo llegar a ser propietario de una propiedad vacacional El tiempo compartido es una inversi\u00f3n para el disfrute futuro ... <\/p>\n<div><a href=\"https:\/\/www.westgatereservations.com\/es\/vacation-ownership\/how-does-it-work\/\" class=\"more-link\">Leer M\u00e1s<\/a><\/div>\n","protected":false},"author":2,"featured_media":0,"parent":17477,"menu_order":0,"comment_status":"closed","ping_status":"closed","template":"template-blank-4.php","meta":{"footnotes":""},"_links":{"self":[{"href":"https:\/\/www.westgatereservations.com\/es\/wp-json\/wp\/v2\/pages\/17587"}],"collection":[{"href":"https:\/\/www.westgatereservations.com\/es\/wp-json\/wp\/v2\/pages"}],"about":[{"href":"https:\/\/www.westgatereservations.com\/es\/wp-json\/wp\/v2\/types\/page"}],"author":[{"embeddable":true,"href":"https:\/\/www.westgatereservations.com\/es\/wp-json\/wp\/v2\/users\/2"}],"replies":[{"embeddable":true,"href":"https:\/\/www.westgatereservations.com\/es\/wp-json\/wp\/v2\/comments?post=17587"}],"version-history":[{"count":0,"href":"https:\/\/www.westgatereservations.com\/es\/wp-json\/wp\/v2\/pages\/17587\/revisions"}],"up":[{"embeddable":true,"href":"https:\/\/www.westgatereservations.com\/es\/wp-json\/wp\/v2\/pages\/17477"}],"wp:attachment":[{"href":"https:\/\/www.westgatereservations.com\/es\/wp-json\/wp\/v2\/media?parent=17587"}],"curies":[{"name":"wp","href":"https:\/\/api.w.org\/{rel}","templated":true}]}}