{"id":17584,"date":"2018-12-06T16:16:25","date_gmt":"2018-12-06T21:16:25","guid":{"rendered":"https:\/\/www.westgatereservations.com\/vacation-ownership\/timeshare-ownership-benefits\/"},"modified":"2019-11-26T16:24:10","modified_gmt":"2019-11-26T21:24:10","slug":"timeshare-ownership-benefits","status":"publish","type":"page","link":"https:\/\/www.westgatereservations.com\/es\/vacation-ownership\/timeshare-ownership-benefits\/","title":{"rendered":"Beneficios de Tiempo Compartido"},"content":{"rendered":"<div class=\"x-container max width\">\r\n        [gap size=\"3em\"]\r\n        <div class=\"x-column x-sm x-3-4\">\r\n            <div style=\"padding:2em; background-image: linear-gradient(rgba(0, 0, 0, 0.3), rgba(0, 0, 0, 0.3)),url(https:\/\/westgatecdn.com\/2018\/12\/timeshare-pros-and-cons.jpg);\" class=\"background-cover pal\">\r\n                <div class=\"pal mtl mbl\">\r\n                    [clear]\r\n                    <h1 class=\"h2 man white\">Beneficios de Tiempo Compartido<\/h1>\r\n                    [clear]\r\n                    <a href=\"\/es\/search\/\"  class=\"x-btn x-btn-medium btn-orange mtm\"> Reserve sus vacaciones <\/a>\r\n                <\/div>\r\n            <\/div>\r\n            [clear]\r\n            <h2 class=\"h3\">Disfrute de los beneficios de la propiedad de tiempo compartido<\/h2>\r\n            <p>La propiedad de tiempo compartido sigue siendo una de las opciones de vacaciones m\u00e1s populares en el mundo. Simplemente no hay mejor manera de experimentar el lujo y los servicios que los propietarios de tiempo compartido disfrutan cada a\u00f1o. La propiedad de tiempo compartido en Westgate Resorts est\u00e1 dise\u00f1ada exclusivamente para ayudarle a crear una vida de felices y memorables experiencias vacacionales. Eche un vistazo a los siguientes beneficios de la propiedad y ver\u00e1 c\u00f3mo las ventajas de la propiedad vacacional superan todos los inconvenientes.<\/p>\r\n        <\/div>\r\n        <div class=\"x-column x-sm x-1-4 last\">\r\n[content-block name=\"vacation-ownership-top-nav\"]\r\n      [content-block name=\"call-hours\"]\r\n        [gap size=\"2em\"]\r\n<!-- Are you an Owner -->\r\n \t\t\t<div class=\"phone-sidebar mbl center-text\">\r\n                <p class=\"mbn mtn font-lighter heading pas\">\u00bfEres propietario de Westgate?<\/p>\r\n                <div class=\"pas\">\r\n                    <p class=\"mbs\">Eventos exclusivos - Beneficios para propietarios - Gesti\u00f3n de cuentas de propietarios<\/p>\r\n                    <a class=\"x-btn btn-gray x-btn-transparent\" href=\"\/es\/westgate-resorts-owners\/\">Acceso del propietario de Westgate<\/a>\r\n                <\/div>\r\n            <\/div>\r\n<!-- \/ Are you an Owner -->\r\n        <\/div>\r\n   <\/div>\r\n        [clear]\r\n        [gap size=\"2em\"]\r\n\r\n    <div style=\"background: #efefef;\">\r\n        <div class=\"x-container max width ptl\">\r\n            <h2 class=\"h3 center-text mbl\" id=\"tocone\">Seis beneficios que ofrece la propiedad de tiempo compartido con Westgate Resorts\r\n<\/h2>\r\n            <!-- icons-->\r\n            <div class=\"mtl mbl\">\r\n                <div class=\"x-column x-sm x-1-3\">\r\n                    <div class=\"mbs center-text\">\r\n                         <div style=\"height:100px; width:100px; margin:0px auto;\">\r\n                                <div class=\"circle-icon\" style=\"background-color:#ffba58; color: #fff; padding-top: 28px;\">\r\n                                    <i class=\"fas fa-cocktail fa-3x\" aria-hidden=\"true\"><\/i>\r\n                                <\/div>\r\n                            <\/div>\r\n                            <h4 class=\"h5 mts mbs font-lighter\"> Vacaciones garantizadas<\/h4>\r\n                            <p>Una propiedad de tiempo compartido con Westgate significa que sus vacaciones estar\u00e1n aseguradas a\u00f1o tras a\u00f1o. Podr\u00e1 relajarse y crear recuerdos para toda la vida y que sus alojamientos siempre incluir\u00e1n una propiedad tur\u00edstica llena de lujos y comodidades. Nunca tendr\u00e1 que preocuparse por encontrar un lugar ideal para sus vacaciones o de tener que poner a toda la familia en una habitaci\u00f3n de hotel estrecha y est\u00e1ndar. <\/p>\r\n                        [clear]\r\n                    <\/div>\r\n                <\/div>\r\n                <div class=\"x-column x-sm x-1-3\">\r\n                    <div class=\"mbs center-text\">\r\n                         <div style=\"height:100px; width:100px; margin:0px auto;\">\r\n                                <div class=\"circle-icon\" style=\"background-color:#6cbdc4; color: #fff; padding-top: 26px;\">\r\n                                <i class=\"fas fa-map-marked-alt fa-3x\" aria-hidden=\"true\"><\/i>\r\n                                <\/div>\r\n                            <\/div>\r\n                            <h4 class=\"h5 mts mbs font-lighter\">Locaci\u00f3n, locaci\u00f3n, locaci\u00f3n<\/h4>\r\n                            <p>Westgate Resorts es la compa\u00f1\u00eda privada de tiempo compartido m\u00e1s grande del mundo y ofrece cerca de 30 incre\u00edbles propiedades en todo Estados Unidos. Ser propietario de una tiene sus ventajas: no importa d\u00f3nde elija comprar bienes ra\u00edces de tiempo compartido, tendr\u00e1 todos los privilegios de intercambio con todas las propiedades de Westgate, as\u00ed como con miles m\u00e1s en todo el mundo.\r\n<\/p>\r\n                        [clear]\r\n                    <\/div>\r\n                <\/div>\r\n                <div class=\"x-column x-sm x-1-3 last\">\r\n                    <div class=\"mbs center-text\">\r\n                         <div style=\"height:100px; width:100px; margin:0px auto;\">\r\n                                <div class=\"circle-icon\" style=\"background-color:#e26a5c; color: #fff; padding-top: 28px;\">\r\n                                <i class=\"fas fa-home fa-3x\" aria-hidden=\"true\"><\/i>\r\n                                <\/div>\r\n                            <\/div>\r\n                            <h4 class=\"h5 mts mbs font-lighter\"> Hogar lejos de casa<\/h4>\r\n                            <p>\u00a1Disfrute de todas las comodidades de su hogar! Westgate le ofrece suites con espacio para toda la familia. Disfrute de grandes \u00e1reas de estar, muebles de cuero, televisores de pantalla grande y dormitorios privados. Hasta los ni\u00f1os pueden tener su espacio. Rel\u00e1jese en un balc\u00f3n privado. Prepare comidas o un bocadillo r\u00e1pido en una cocina totalmente equipada. Las propiedades de tiempo compartido de Westgate vienen con todo lo que necesita para crear recuerdos m\u00e1gicos.<\/p>\r\n                        [clear]\r\n                    <\/div>\r\n                <\/div>\r\n                [clear]\r\n            <\/div>\r\n            <!--\/icons-->\r\n            <!-- icons-->\r\n            <div class=\"mtl mbl\">\r\n                <div class=\"x-column x-sm x-1-3\">\r\n                    <div class=\"mbs center-text\">\r\n                         <div style=\"height:100px; width:100px; margin:0px auto;\">\r\n                                <div class=\"circle-icon\" style=\"background-color:#6cbdc4; color: #fff; padding-top: 28px;\">\r\n                                    <i class=\"fas fa-umbrella-beach fa-3x\" aria-hidden=\"true\"><\/i>\r\n                                <\/div>\r\n                            <\/div>\r\n                            <h4 class=\"h5 mts mbs font-lighter\"> El factor SORPRESA<\/h4>\r\n                            <p>Experimente lo mejor en amenidades y actividades de mucha diversi\u00f3n. Nuestros resorts est\u00e1n localizados en los destinos m\u00e1s populares de la naci\u00f3n. Dondequiera que se hospede, se sentir\u00e1 tentado de saltarse las atracciones locales solo para quedarse a gozar en la propiedad del resort. Disfrute de amenidades como piscinas, parques acu\u00e1ticos en el lugar, mini golf, botes de remo, gimnasios, los spa, restaurantes dentro del complejo, actividades programadas, clubes infantiles, tenis, baloncesto, voleibol, bicicletas y mucho m\u00e1s.<\/p>\r\n                        [clear]\r\n                    <\/div>\r\n                <\/div>\r\n                <div class=\"x-column x-sm x-1-3\">\r\n                    <div class=\"mbs center-text\">\r\n                         <div style=\"height:100px; width:100px; margin:0px auto;\">\r\n                                <div class=\"circle-icon\" style=\"background-color:#e26a5c; color: #fff; padding-top: 30px;\">\r\n                                <i class=\"fas fa-file-signature fa-3x\" aria-hidden=\"true\"><\/i>\r\n                                <\/div>\r\n                            <\/div>\r\n                            <h4 class=\"h5 mts mbs font-lighter\"> Bienes ra\u00edces escriturados<\/h4>\r\n                            <p>Como comprador de propiedades de tiempo compartido,  tendr\u00e1 derecho a la escritura de propiedad. Ser\u00e1 due\u00f1o de sus vacaciones, en lugar de simplemente alquilar una habitaci\u00f3n de hotel. Toda una vida de vacaciones de alta calidad est\u00e1n aseguradas para que pueda ahorrar a largo plazo sin preocuparse por el aumento de los precios de los alojamientos. Garantizar\u00e1 vivir experiencias familiares incre\u00edbles cada a\u00f1o. Y con la propiedad de la escritura, esas vacaciones se pueden pasar a sus herederos, creando un legado continuo de escapadas llenas de diversi\u00f3n.<\/p>\r\n                        [clear]\r\n                    <\/div>\r\n                <\/div>\r\n                <div class=\"x-column x-sm x-1-3 last\">\r\n                    <div class=\"mbs center-text\">\r\n                         <div style=\"height:100px; width:100px; margin:0px auto;\">\r\n                                <div class=\"circle-icon\" style=\"background-color:#ffba58; color: #fff; padding-top: 30px;\">\r\n                                <i class=\"fas fa-globe-americas fa-3x\" aria-hidden=\"true\"><\/i>\r\n                                <\/div>\r\n                            <\/div>\r\n                            <h4 class=\"h5 mts mbs font-lighter\"> Explore el mundo<\/h4>\r\n                            <p>Con 28 propiedades de resorts en Estados Unidos, Westgate ofrece una incre\u00edble variedad de opciones vacacionales. Pero tambi\u00e9n podr\u00e1 explorar el mundo. Si bien tendr\u00e1 a disposici\u00f3n su hogar en el resort cada a\u00f1o, no est\u00e1 obligado a regresar siempre al mismo lugar. Podr\u00e1 escoger entre miles de resorts en todo el mundo y explorar nuevos destinos. Consid\u00e9relo su pasaporte a la aventura. Podr\u00e1 hacer del mundo su patio de recreo, o simplemente visitar Orlando cada a\u00f1o. \u00a1La elecci\u00f3n es suya! <\/p>\r\n                        [clear]\r\n                    <\/div>\r\n                <\/div>\r\n                [clear]\r\n            <\/div>\r\n            <!--\/icons-->\r\n<div class=\"center-text mtl\">\r\n <a href=\"\/es\/specials\/\" class=\"x-btn x-btn-large btn-orange mtm\">Vea los paquetes vacacionales<\/a>\r\n<\/div>\r\n        <\/div>\r\n        <hr class=\"x-clear\">\r\n        <hr class=\"x-gap\" style=\"margin: 2em 0 0 0;\">\r\n    <\/div>\r\n\r\n<div class=\"x-container max width pbl ptl\" id=\"toctwo\">\r\n    <h3 class=\"center-text mbl\">\u00a1Tome vacaciones en cualquier momento, en cualquier destino!<\/h3>\r\n    <div>\r\n        <div class=\"x-column x-sm x-1-2\">\r\n           <img decoding=\"async\" src=\"https:\/\/westgatecdn.com\/2018\/12\/benefits-of-owning-a-timeshare.jpg\" alt=\"benefits of owning timeshares beaches\">\r\n        <\/div>\r\n        <div class=\"x-column x-sm x-1-2 last\">\r\n            [gap size=\"1em\" class=\"x-visible-phone\"]\r\n            <h3 class=\"h3 man mbs\">Parques tem\u00e1ticos y playas<\/h3>\r\n            <p>\u00a1Una propiedad vacacional en Westgate le ofrece las vacaciones de su vida! Imag\u00ednese en la soleada Orlando, en Florida, a pasos de Disney World. Explora Universal Studios y el mundo de las atracciones de Harry Potter. Experimente la magn\u00edfica vida marina y los emocionantes paseos en SeaWorld Orlando. O visite uno de los muchos otros parques tem\u00e1ticos y atracciones de primera clase localizados en la Florida Central. <\/p>\r\n\r\n<p>Si prefiere el surf, el sol y la arena, Westgate tiene propiedades en una variedad de ubicaciones frente al mar. Hang Ten en el para\u00edso del surf de Cocoa Beach, FL, el hogar de la famosa tienda de surf Ron Jon. Rel\u00e1jese y disfrute de las exquisitas arenas blancas y de la internacionalmente reconocida vida comercial, gastron\u00f3mica y nocturna de la ecl\u00e9ctica South Beach en Miami. O disfrute de las olas a lo largo del espectacular Grand Strand de Carolina del Sur en Myrtle Beacht, un lugar ideal para toda la familia. <\/p>\r\n\r\n                   <\/div>\r\n        [clear]\r\n    <\/div>\r\n    [gap size=\"3em\"]\r\n    <div>\r\n        <div class=\"x-column x-sm x-1-2 x-1-2-push rel last\">\r\n           <img decoding=\"async\" src=\"https:\/\/westgatecdn.com\/2018\/12\/benefits-of-timeshare-ownership.jpg\" alt=\"benefits of timeshare mountains\">\r\n        <\/div>\r\n        <div class=\"x-column x-sm x-1-2 x-1-2-pull rel\">\r\n            [gap size=\"1em\" class=\"x-visible-phone\"]\r\n            <h3 class=\"h3 man mbs\">Monta\u00f1as, casino y m\u00e1s diversi\u00f3n\r\n<\/h3>\r\n            <p>\u00bfBusca una utop\u00eda de la monta\u00f1a? Explore las extraordinarias Grandes Monta\u00f1as Humeantes (Great Smoky Mountains) de Tennessee y recorra la avenida del pintoresco pueblo monta\u00f1oso de Gatlinburg, la puerta de entrada al Parque Nacional Great Smoky Mountains. \u00bfLe gusta la nieve y el esqu\u00ed de primera clase? Pruebe nuestros alojamientos de esqu\u00ed en Park City, UT - hogar del famoso Festival de Cine de Sundance, donde encontrar\u00e1 la \"mejor nieve del mundo\". <\/p>\r\n\r\n<p>O quiz\u00e1s le gustar\u00eda tentar su suerte en los juegos de casino de la emocionante ciudad que nunca duerme: \u00a1Las Vegas!  Estamos localizados a solo un bloque de la famosa Franja de Las Vegas (Vegas Strip), donde podr\u00e1 disfrutar de los juegos de casino y de las apuestas deportivas m\u00e1s importantes del mundo. Si ama la historia, podr\u00e1 explorar la ciudad colonial de Williamsburg, la cuna de Am\u00e9rica. Podr\u00e1 tambi\u00e9n recorrer las mismas calles que George Washington y otros colonos famosos, o experimentar las emociones modernas del cercano parque tem\u00e1tico Busch Gardens.<\/p>\r\n\r\n        <\/div>\r\n        [clear]\r\n    <\/div>\r\n    [gap size=\"3em\"]\r\n<\/div>\r\n\r\n<!-- map -->\r\n\r\n<div class=\"x-content-band center-text bg-image marginless-columns pan\">\r\n    <div class=\"x-container\">\r\n        <div class=\"x-column x-sm x-1-2 background-cover\" style=\"background-image: url(https:\/\/westgatecdn.com\/2018\/12\/benefits-of-timeshares.jpg);\">\r\n            <div class=\"x-visible-phone\" style=\"height:200px;\"><\/div>\r\n        <\/div>\r\n        <div class=\"x-column x-sm x-1-2 white center-text\" style=\"background-color: #232c35;\">\r\n            <div class=\"pal\">\r\n                <div class=\"x-column x-sm x-1-9\">\r\n                <\/div>\r\n                <div class=\"x-column x-sm x-7-9\">\r\n                    <hr class=\"x-gap x-hidden-phone mam\">\r\n                    <hr class=\"x-gap x-hidden-phone mal\">\r\n                        <h3 class=\"white mtn\">Especiales de tiempo compartido<\/h3>\r\n                        <hr class=\"x-gap\" style=\"margin: 15px 0 0 0;\">\r\n                        <p>Descubra hermosas playas, espectaculares monta\u00f1as, divertidos parques tem\u00e1ticos, la emoci\u00f3n de los juegos de casino o incluso la historia colonial americana. \u00a1Tendr\u00e1 todo esto a su disposici\u00f3n con nuestros paquetes vacacionales de tiempo compartido con descuento de Westgate Resort! Ent\u00e9rese de nuestras \u00faltimas ofertas y vea cu\u00e1nto puede ahorrar!<\/p>\r\n                        <a href=\"\/es\/specials\/\" class=\"x-btn x-btn-large btn-orange\"> Ver Ofertas de Tiempo Compartido <\/a>\r\n                     <hr class=\"x-gap x-hidden-phone mal\">\r\n                     <hr class=\"x-gap x-hidden-phone mam\">\r\n                <\/div>\r\n                <div class=\"x-column x-sm x-1-9\">\r\n                <\/div>\r\n            <\/div>\r\n           \r\n        <\/div>\r\n    <\/div>\r\n    [gap size=\"1em\"]\r\n<\/div>\r\n\r\n<div class=\"x-container max width mbl center-text\">\r\n    <h3>\u00a1Por qu\u00e9 la gente ama las Vacaciones Westgate!<\/h3>\r\n    <p>Las propiedades de Westgate Resorts lo ponen en el coraz\u00f3n de la acci\u00f3n, cerca de toda la emoci\u00f3n, las atracciones, las compras, los restaurantes y la vida nocturna en muchos de los destinos vacacionales m\u00e1s populares de los Estados Unidos. Disfrute de alojamientos de lujo, amenidades y actividades exclusivas, restaurantes dentro del resort y mucho m\u00e1s.<\/p>\r\n    <!-- icons-->\r\n            <div class=\"mtl mbl\">\r\n                [column type=\"1\/3\" fade=\"true\" fade_animation=\"in-from-top\" fade_animation_offset=\"40px\"]\r\n                    <div class=\"mbs center-text\">\r\n                         <div style=\"height:100px; width:100px; margin:0px auto;\" class=\"mbm\">\r\n                                <div class=\"circle-icon\" style=\"background-color:#ffba58; color: #fff; padding-top: 30px;\">\r\n                                    <i class=\"fas fa-map -marker fa-3x\" aria-hidden=\"true\"><\/i>\r\n                                <\/div>\r\n                            <\/div>\r\n                            [counter num_start=\"0\" num_end=\"28\" num_speed=\"1500\" num_color=\"#d95d31\" text_below=\"Ubicaciones en EE. UU.\"]\r\n                        [clear]\r\n                    <\/div>\r\n                [\/column]\r\n                [column type=\"1\/3\" fade=\"true\" fade_animation=\"in-from-top\" fade_animation_offset=\"40px\"]\r\n                    <div class=\"mbs center-text\">\r\n                         <div style=\"height:100px; width:100px; margin:0px auto;\" class=\"mbm\">\r\n                                <div class=\"circle-icon\" style=\"background-color:#6cbdc4; color: #fff; padding-top: 32px;\">\r\n                                <i class=\"fas fa-users fa-3x\" aria-hidden=\"true\"><\/i>\r\n                                <\/div>\r\n                            <\/div>\r\n                            [counter num_start=\"0\" num_end=\"400000\" num_speed=\"1500\" num_color=\"#d95d31\" text_below=\"Propietarios Satisfechos\"]\r\n                        [clear]\r\n                    <\/div>\r\n                [\/column]\r\n                [column type=\"1\/3\" fade=\"true\" fade_animation=\"in-from-top\" fade_animation_offset=\"40px\" last=\"true\"]\r\n                    <div class=\"mbs center-text\">\r\n                           <div style=\"height:100px; width:100px; margin:0px auto;\" class=\"mbm\">\r\n                                <div class=\"circle-icon\" style=\"background-color:#e26a5c; color: #fff; padding-top: 32px;\">\r\n                                <i class=\"fas fa-suitcase fa-3x\" aria-hidden=\"true\"><\/i>\r\n                                <\/div>\r\n                            <\/div>\r\n                            [counter num_start=\"0\" num_end=\"896000\" num_speed=\"1500\" num_color=\"#d95d31\" text_below=\"Vacaciones\"]\r\n                        [clear]\r\n                    <\/div>\r\n                [\/column]\r\n                [clear]\r\n            <\/div>\r\n            <!--\/icons-->\r\n    [clear]\r\n    [gap size=\"3em\"]\r\n<\/div>\r\n\r\n<!-- call banner-->\r\n<div style=\"background: #232c35;\">\r\n    <div class=\"x-container max width\">\r\n        [gap size=\"1em\"]\r\n        <div class=\"x-column x-sm x-2-3 white stack-center-m pas\">\r\n            <h5 class=\"font-lighter white man\">Reserve hoy mismo sus vacaciones de tiempo compartido<\/h5>\r\n            <p>\u00a1Llame ahora para obtener los \u00faltimos descuentos en sus paquetes vacacionales de tiempo compartido!<\/p>\r\n        <\/div>\r\n        <div class=\"x-column x-sm x-1-3 pam last\">\r\n            [phone_link class=\"x-btn x-btn-block btn-orange\"]Comun\u00edquese al [tel][\/phone_link]\r\n            [gap size=\"1em\" class=\"x-visible-phone\"]\r\n        <\/div>\r\n    <\/div>\r\n<\/div>\r\n<!--\/call banner-->","protected":false},"excerpt":{"rendered":"<p>[gap size=\"3em\"] [clear] Beneficios de Tiempo Compartido [clear] Reserve sus vacaciones [clear] Disfrute de los beneficios de la propiedad de tiempo compartido La propiedad de tiempo compartido sigue siendo una ... <\/p>\n<div><a href=\"https:\/\/www.westgatereservations.com\/es\/vacation-ownership\/timeshare-ownership-benefits\/\" class=\"more-link\">Leer M\u00e1s<\/a><\/div>\n","protected":false},"author":2,"featured_media":0,"parent":17477,"menu_order":0,"comment_status":"closed","ping_status":"closed","template":"template-blank-4.php","meta":{"footnotes":""},"_links":{"self":[{"href":"https:\/\/www.westgatereservations.com\/es\/wp-json\/wp\/v2\/pages\/17584"}],"collection":[{"href":"https:\/\/www.westgatereservations.com\/es\/wp-json\/wp\/v2\/pages"}],"about":[{"href":"https:\/\/www.westgatereservations.com\/es\/wp-json\/wp\/v2\/types\/page"}],"author":[{"embeddable":true,"href":"https:\/\/www.westgatereservations.com\/es\/wp-json\/wp\/v2\/users\/2"}],"replies":[{"embeddable":true,"href":"https:\/\/www.westgatereservations.com\/es\/wp-json\/wp\/v2\/comments?post=17584"}],"version-history":[{"count":0,"href":"https:\/\/www.westgatereservations.com\/es\/wp-json\/wp\/v2\/pages\/17584\/revisions"}],"up":[{"embeddable":true,"href":"https:\/\/www.westgatereservations.com\/es\/wp-json\/wp\/v2\/pages\/17477"}],"wp:attachment":[{"href":"https:\/\/www.westgatereservations.com\/es\/wp-json\/wp\/v2\/media?parent=17584"}],"curies":[{"name":"wp","href":"https:\/\/api.w.org\/{rel}","templated":true}]}}