{"id":17573,"date":"2019-05-02T11:05:24","date_gmt":"2019-05-02T15:05:24","guid":{"rendered":"https:\/\/www.westgatereservations.com\/timeshare\/westgate-timeshare-reviews\/"},"modified":"2020-04-14T09:44:57","modified_gmt":"2020-04-14T13:44:57","slug":"westgate-timeshare-reviews","status":"publish","type":"page","link":"https:\/\/www.westgatereservations.com\/es\/timeshare\/westgate-timeshare-reviews\/","title":{"rendered":"Rese\u00f1as del Tiempo Compartido Westgate"},"content":{"rendered":"<div class=\"x-container max width pbm\">\r\n    [gap size=\"3em\"]\r\n    <div class=\"x-column x-sm x-3-4\">\r\n        <div style=\"padding:2em; background-image: url(https:\/\/westgatecdn.com\/2018\/12\/owner-testimonials.jpg);\" class=\"background-cover\">\r\n            <div class=\"pal mtl mbl\">\r\n                [clear]\r\n                <h1 class=\"h2 man white\">Rese\u00f1as del Tiempo Compartido<\/h1>\r\n                [clear]\r\n                <a href=\"\/es\/vacation-ownership\/become-an-owner\/\"  class=\"x-btn x-btn-medium btn-orange mtm\"> Solicite vista previa del resort<\/a>\r\n            <\/div>\r\n        <\/div>\r\n        [clear]\r\n        <h2 class=\"h3\">Esto es lo que otros dicen sobre Westgate<\/h2>\r\n        <p>Westgate Resorts tiene como objetivo hacer de cada vacaci\u00f3n una experiencia memorable y de ensue\u00f1o. Westgate sigue dedic\u00e1ndose a proporcionar un gran servicio al cliente, una hospitalidad insuperable y alojamientos y amenidades de primera clase. <\/p>\r\n\r\n        <p>La gente de todas partes, igual que usted, nunca se imagin\u00f3 lo grandioso que podr\u00eda ser convertirse en propietario de vacaciones en Westgate Resorts... hasta que experimentaron la Diferencia Westgate. Pero no se limite a creer en nuestra palabra. Vea lo que otras personas dicen:\r\n        <\/p>\r\n    <\/div>\r\n    <div class=\"x-column x-sm x-1-4 last\">\r\n        <!-- topnav -->\r\n        [content-block name=\"timeshare-silo-top-nav-es\"]\r\n        <!--\/topnav-->\r\n        [content-block name=\"call-hours\"]\r\n        [content-block name=\"single-sitewide-seasonal-ad\"]\r\n    <\/div>\r\n\r\n    [clear]\r\n    [gap size=\"2em\"]\r\n<\/div>\r\n<!---->\r\n<div class=\"availability-search x-content-band marginless-columns\">\r\n    <div class=\"x-container max width\">\r\n        <div class=\"x-column x-sm x-1-4\" style=\"vertical-align: middle;\">\r\n            <h2 class=\"h3 man white font-lighter\">\u00a1Comience la cuenta regresiva para sus vacaciones!<\/h2>\r\n        <\/div>\r\n        <div class=\"x-column x-sm x-3-4 last\">\r\n            [search-availability layout=\"horizontal\" search_title=\"&nbsp;\" class=\"no-bg pan\"]\r\n        <\/div>\r\n    <\/div>\r\n<\/div>\r\n<!---->\r\n<div class=\"x-container max width pts pbl\"> \r\n    <h3 class=\"center-text mbl\">\u00a1Vea lo que otras personas comentan sobre un tiempo compartido!<\/h3>\r\n        <div class=\"mbl\">\r\n            <div class=\"mbl stack-center-m\">\r\n                [column type=\"1\/6\"]\r\n                    <img decoding=\"async\" src=\"https:\/\/westgatecdn.com\/2018\/12\/emerret.jpg\" alt=\"Emerret propietario\" style=\"clip-path: circle(60px at center);\">\r\n                [\/column]\r\n                [column type=\"1\/6\"]\r\n                    <div class=\"rating mts\">\r\n                        <i class=\"fas fa-star\" aria-hidden=\"true\"><\/i>\r\n                        <i class=\"fas fa-star\" aria-hidden=\"true\"><\/i>\r\n                        <i class=\"fas fa-star\" aria-hidden=\"true\"><\/i>\r\n                        <i class=\"fas fa-star\" aria-hidden=\"true\"><\/i>\r\n                        <i class=\"fas fa-star\" aria-hidden=\"true\"><\/i>\r\n                    <\/div>\r\n                    <div class=\"date mbs\">11\/30\/18<\/div>\r\n                [\/column]\r\n                [column type=\"2\/3\" last=\"true\"]\r\n                    <div class=\"text\">\r\n                        <p>\"We are proud owners of Westgate; we have a week in the Town Center and another one in the Palace. I really enjoy the getaways. For those of you who are owners, take advantage of the getaways!\"<\/p>\r\n                        <strong>Steven S.<\/strong>\r\n                    <\/div>\r\n                [\/column]\r\n                [clear]\r\n                [line]\r\n            <\/div>\r\n            <!---->\r\n            <div class=\"mbl stack-center-m\">\r\n                [column type=\"1\/6\"]\r\n                    <img decoding=\"async\" src=\"https:\/\/westgatecdn.com\/2018\/12\/Kenneth.jpg\" alt=\"Kenneth G propietario\" style=\"clip-path: circle(60px at center);\">\r\n                [\/column]\r\n                [column type=\"1\/6\"]\r\n                    <div class=\"rating mts\">\r\n                        <i class=\"fas fa-star\" aria-hidden=\"true\"><\/i>\r\n                        <i class=\"fas fa-star\" aria-hidden=\"true\"><\/i>\r\n                        <i class=\"fas fa-star\" aria-hidden=\"true\"><\/i>\r\n                        <i class=\"fas fa-star\" aria-hidden=\"true\"><\/i>\r\n                        <i class=\"fas fa-star\" aria-hidden=\"true\"><\/i>\r\n                    <\/div>\r\n                    <div class=\"date mbs\">11\/23\/18<\/div>\r\n                [\/column]\r\n                [column type=\"2\/3\" last=\"true\"]\r\n                    <div class=\"text\">\r\n                        <p>\"Since we have been Westgate owners, we have enjoyed the idea that we can invite our friends to spend the week with us just like we would if we were at home in North Carolina. We like the idea to be able to eat out or cook a meal and enjoy the company of our guests in our \"home away from home\". Not to mention, all the attractions in the Westgate area that lets everyone find something to make them happy during the week.\"<\/p>\r\n                        <strong>Emmett and Brenda Langley<\/strong>\r\n                    <\/div>\r\n                [\/column]\r\n                [clear]\r\n                [line]\r\n            <\/div>\r\n            <!---->\r\n            <div class=\"mbl stack-center-m\">\r\n                [column type=\"1\/6\"]\r\n                    <img decoding=\"async\" src=\"https:\/\/westgatecdn.com\/2018\/12\/nereida.jpg\" alt=\"Nereida Timeshare propietaria\" style=\"clip-path: circle(60px at center);\">\r\n                [\/column]\r\n                [column type=\"1\/6\"]\r\n                    <div class=\"rating mts\">\r\n                        <i class=\"fas fa-star\" aria-hidden=\"true\"><\/i>\r\n                        <i class=\"fas fa-star\" aria-hidden=\"true\"><\/i>\r\n                        <i class=\"fas fa-star\" aria-hidden=\"true\"><\/i>\r\n                        <i class=\"fas fa-star\" aria-hidden=\"true\"><\/i>\r\n                        <i class=\"fas fa-star\" aria-hidden=\"true\"><\/i>\r\n                    <\/div>\r\n                    <div class=\"date mbs\">11\/15\/18<\/div>\r\n                [\/column]\r\n                [column type=\"2\/3\" last=\"true\"]\r\n                    <div class=\"text\">\r\n                        <p>\"Upon arriving in Orlando for our first experience as new owners of Westgate Resorts, we were delighted to see our two-bedroom condo.  Westgate offered our two boys, ages 15 and 12 activities every day. We met with a sales manager and ended up buying another week at Westgate Smoky Mountains. My family and I had a vacation to remember. Westgate Resorts is the best!\r\n\"<\/p>\r\n                        <strong>Kenneth and Barbara Bailey<\/strong>\r\n                    <\/div>\r\n                [\/column]\r\n                [clear]\r\n                [line]\r\n            <\/div>\r\n            <!---->\r\n            <div class=\"mbl stack-center-m\">\r\n                [column type=\"1\/6\"]\r\n                    <img decoding=\"async\" src=\"https:\/\/westgatecdn.com\/2018\/12\/Cindy.jpg\" alt=\"Cindy Timeshare propietario\" style=\"clip-path: circle(60px at center);\">\r\n                [\/column]\r\n                [column type=\"1\/6\"]\r\n                    <div class=\"rating mts\">\r\n                        <i class=\"fas fa-star\" aria-hidden=\"true\"><\/i>\r\n                        <i class=\"fas fa-star\" aria-hidden=\"true\"><\/i>\r\n                        <i class=\"fas fa-star\" aria-hidden=\"true\"><\/i>\r\n                        <i class=\"fas fa-star\" aria-hidden=\"true\"><\/i>\r\n                        <i class=\"fas fa-star\" aria-hidden=\"true\"><\/i>\r\n                    <\/div>\r\n                    <div class=\"date mbs\">11\/13\/2018<\/div>\r\n                [\/column]\r\n                [column type=\"2\/3\" last=\"true\"]\r\n                    <div class=\"text\">\r\n                        <p>\"I have had the opportunity to share my experience at Westgate Resorts with some dear friends and their daughters. I must say that I was pleased with the way we enjoyed our vacation. We didn't even want to go back home!  The customer service was excellent.\r\nI now have an addition to my family and I can't wait until she experiences the fun and\u201d at home feeling\u201d while being away from home. Thank you for the experience of a lifetime. I will continue to refer people to your Resort.\r\n\"<\/p>\r\n                        <strong>Nancy M.<\/strong>\r\n                    <\/div>\r\n                [\/column]\r\n                [clear]\r\n                [line]\r\n            <\/div>\r\n            <!---->\r\n            <div class=\"mbl stack-center-m\">\r\n                [column type=\"1\/6\"]\r\n                    <img decoding=\"async\" src=\"https:\/\/westgatecdn.com\/2018\/12\/Elisa.jpg\" alt=\"Elisa Timeshare Owner rese\u00f1a\" style=\"clip-path: circle(60px at center);\">\r\n                [\/column]\r\n                [column type=\"1\/6\"]\r\n                    <div class=\"rating mts\">\r\n                        <i class=\"fas fa-star\" aria-hidden=\"true\"><\/i>\r\n                        <i class=\"fas fa-star\" aria-hidden=\"true\"><\/i>\r\n                        <i class=\"fas fa-star\" aria-hidden=\"true\"><\/i>\r\n                        <i class=\"fas fa-star\" aria-hidden=\"true\"><\/i>\r\n                        <i class=\"fas fa-star\" aria-hidden=\"true\"><\/i>\r\n                    <\/div>\r\n                    <div class=\"date mbs\">11\/07\/18<\/div>\r\n                [\/column]\r\n                [column type=\"2\/3\" last=\"true\"]\r\n                    <div class=\"text\">\r\n                        <p>\"We had a wonderful and amazing stay-cation without kids and family just the 2 of us enjoying Orlando Florida Westgate. We look forward for the next vacation with friends and family.\r\n\"<\/p>\r\n                        <strong>Elisa S.<\/strong>\r\n                    <\/div>\r\n                [\/column]\r\n                [clear]\r\n                [line]\r\n            <\/div>\r\n            <!---->\r\n        <\/div>\r\n    [gap size=\"2em\"]\r\n<\/div>\r\n<!----->\r\n<div class=\"x-content-band center-text bg-image marginless-columns pan mbn\">\r\n    <div class=\"x-container\">\r\n        <div class=\"x-column x-sm x-1-2 background-cover\" style=\"background-image: url(https:\/\/westgatecdn.com\/2018\/12\/benefits-of-timeshares.jpg);\">\r\n            <div class=\"x-visible-phone\" style=\"height:200px;\"><\/div>\r\n        <\/div>\r\n        <div class=\"x-column x-sm x-1-2 white center-text\" style=\"background-color: #232c35;\">\r\n            <div class=\"pal\">\r\n                <div class=\"x-column x-sm x-1-9\">\r\n                <\/div>\r\n                <div class=\"x-column x-sm x-7-9\">\r\n                    <hr class=\"x-gap x-hidden-phone mam\">\r\n                    <hr class=\"x-gap x-hidden-phone mal\">\r\n                        <h3 class=\"white mtn\">Especiales de tiempo compartido<\/h3>\r\n                        <hr class=\"x-gap\" style=\"margin: 15px 0 0 0;\">\r\n                        <p>Descubra hermosas playas, espectaculares monta\u00f1as, emocionantes parques tem\u00e1ticos, la diversi\u00f3n de los juegos de casino o incluso la historia colonial americana. \u00a1Tendr\u00e1 todo esto a su alcance con los paquetes vacacionales de tiempo compartido con descuento de Westgate Resort! \u00a1Vea nuestras \u00faltimas ofertas de vacaciones y calcule cu\u00e1nto dinero ahorrar\u00e1!<\/p>\r\n                        <a href=\"\/es\/timeshare\/promotions-and-deals\/\" class=\"x-btn x-btn-large btn-orange\"> Vea las ofertas de tiempo compartido <\/a>\r\n                     <hr class=\"x-gap x-hidden-phone mal\">\r\n                     <hr class=\"x-gap x-hidden-phone mam\">\r\n                <\/div>\r\n                <div class=\"x-column x-sm x-1-9\">\r\n                <\/div>\r\n            <\/div>\r\n           \r\n        <\/div>\r\n    <\/div>\r\n<\/div>\r\n<!----->\r\n\r\n<!-- call banner-->\r\n<div style=\"background: #232c35;\">\r\n    <div class=\"x-container max width\">\r\n        [gap size=\"1em\"]\r\n        <div class=\"x-column x-sm x-2-3 white stack-center-m pas\">\r\n            <h5 class=\"font-lighter white man\">Reserve hoy mismo sus vacaciones de tiempo compartido\r\n<\/h5>\r\n            <p>\u00a1Llame ahora para obtener los \u00faltimos descuentos en el paquete de vacaciones de tiempo compartido de su elecci\u00f3n!<\/p>\r\n        <\/div>\r\n        <div class=\"x-column x-sm x-1-3 pam last\">\r\n            [phone_link class=\"x-btn x-btn-block btn-orange\"]Comun\u00edquese al[tel][\/phone_link]\r\n            [gap size=\"1em\" class=\"x-visible-phone\"]\r\n        <\/div>\r\n    <\/div>\r\n<\/div>\r\n<!--\/call banner-->\r\n\r\n","protected":false},"excerpt":{"rendered":"<p>[gap size=\"3em\"] [clear] Rese\u00f1as del Tiempo Compartido [clear] Solicite vista previa del resort [clear] Esto es lo que otros dicen sobre Westgate Westgate Resorts tiene como objetivo hacer de cada ... <\/p>\n<div><a href=\"https:\/\/www.westgatereservations.com\/es\/timeshare\/westgate-timeshare-reviews\/\" class=\"more-link\">Leer M\u00e1s<\/a><\/div>\n","protected":false},"author":2,"featured_media":0,"parent":17519,"menu_order":0,"comment_status":"closed","ping_status":"closed","template":"template-blank-4.php","meta":{"footnotes":""},"_links":{"self":[{"href":"https:\/\/www.westgatereservations.com\/es\/wp-json\/wp\/v2\/pages\/17573"}],"collection":[{"href":"https:\/\/www.westgatereservations.com\/es\/wp-json\/wp\/v2\/pages"}],"about":[{"href":"https:\/\/www.westgatereservations.com\/es\/wp-json\/wp\/v2\/types\/page"}],"author":[{"embeddable":true,"href":"https:\/\/www.westgatereservations.com\/es\/wp-json\/wp\/v2\/users\/2"}],"replies":[{"embeddable":true,"href":"https:\/\/www.westgatereservations.com\/es\/wp-json\/wp\/v2\/comments?post=17573"}],"version-history":[{"count":0,"href":"https:\/\/www.westgatereservations.com\/es\/wp-json\/wp\/v2\/pages\/17573\/revisions"}],"up":[{"embeddable":true,"href":"https:\/\/www.westgatereservations.com\/es\/wp-json\/wp\/v2\/pages\/17519"}],"wp:attachment":[{"href":"https:\/\/www.westgatereservations.com\/es\/wp-json\/wp\/v2\/media?parent=17573"}],"curies":[{"name":"wp","href":"https:\/\/api.w.org\/{rel}","templated":true}]}}