{"id":17568,"date":"2019-01-10T11:34:19","date_gmt":"2019-01-10T16:34:19","guid":{"rendered":"https:\/\/www.westgatereservations.com\/timeshare\/promotions-and-deals\/"},"modified":"2025-04-08T16:13:14","modified_gmt":"2025-04-08T20:13:14","slug":"promotions-and-deals","status":"publish","type":"page","link":"https:\/\/www.westgatereservations.com\/es\/timeshare\/promotions-and-deals\/","title":{"rendered":"Promociones de Tiempo Compartido"},"content":{"rendered":"<div class=\"image-wrap\" style=\"background: linear-gradient(\r\n      rgba(25,33,44,.3), \r\n      rgba(25,33,44,.3)\r\n    ), url(https:\/\/westgatecdn.com\/2019\/01\/westgate-deals-promotions.jpg) no-repeat center center;\r\n-webkit-background-size: cover;\r\n-moz-background-size: cover;\r\n-o-background-size: cover;\r\nbackground-size: cover;\">\r\n\r\n<div class=\"ptl x-hidden-phone\"><\/div>\r\n<div class=\"dshadow h2 man ptm white center-text\">Promociones De Tiempo Compartido<\/div>\r\n<div class=\"dshadow h4 man pts white center-text\">\u00a1Encuentre las vacaciones de sus sue\u00f1os!<\/div>\r\n<div class=\"center-text white mbl pbl dshadow\">\r\n<span>DESDE: <\/span><span class=\"h1 white\">$79<\/span><span> \/POR PAQUETE<\/span>\r\n<\/div>\r\n<!----->\r\n    <div class=\"x-container max search-ow-resort search-regular availability-search\">\r\n        [search-availability layout=\"horizontal\" search_title=\"\u00a1An\u00edmese a una aventura!\" class=\"no-bg pan\"]\r\n    <\/div>\r\n<!---->\r\n<\/div>\r\n\r\n<div class=\"x-container max width\">\r\n    [gap size=\"3em\"]\r\n    <div class=\"x-column x-sm x-1-4\">\r\n        <!-- topnav -->\r\n        [content-block name=\"timeshare-silo-top-nav-es\"]\r\n        <!--\/topnav-->\r\n        <div class=\"email-sidebar mbl x-hidden-phone\">\r\n            [subscribe headline=\"Sign up for special offers and coupon codes\" show_name=\"true\" class=\"pan man\" confirm_content=\"<div class='pam' style='background:#a3d2b4; color:#fff;'><h6 class='mts'>Thanks for signing up! <br\/> Be sure to check your email for more savings!<\/h6> <\/div>\"]\r\n        <\/div>\r\n        [content-block name=\"call-hours\"]\r\n    <\/div>\r\n    <div class=\"x-column x-sm x-3-4 last\">\r\n        <h3 class=\"h3 mtn mbs\"> Paquetes y ofertas especiales<\/h3>\r\n        <div class=\"responsive-grid-items\">\r\n           [specials ids=\"27031,8285,11386,22581,5644,5654,26004,12882,5666\" layout=\"responsive\"] \r\n       <\/div>\r\n    <\/div>\r\n    [clear]\r\n    [gap size=\"2em\"]\r\n<\/div>\r\n<!----->\r\n<div class=\"x-container max width pts pbs x-visible-phone\">\r\n<div class=\"email-sidebar mbl\">\r\n    [subscribe headline=\"Sign up for special offers and coupon codes\" show_name=\"true\" class=\"pan man\" confirm_content=\"<div class='pam' style='background:#a3d2b4; color:#fff;'><h6 class='mts'>Thanks for signing up! <br\/> Be sure to check your email for more savings!<\/h6> <\/div>\"]\r\n<\/div>\r\n[content-block name=\"call-hours\"]\r\n<\/div>\r\n<!---->\r\n<div style=\"background: #efefef;\">\r\n    <div class=\"x-container max width ptl pbs center-text\">\r\n        <h3>Preguntas Frecuentes<\/h3>\r\n        <div class=\"ptl pbl\">\r\n           <div class=\"x-column x-sm x-1-2\">\r\n                [accordion]\r\n                [accordion_item title=\"\u00bfCu\u00e1nto dura un viaje de tiempo compartido?\"]\r\n                <p>Nuestra presentaci\u00f3n de un tiempo compartido incluye un divertido y educativo tour de 2 horas en carrito de golf dise\u00f1ado para resaltar nuestras propiedades y las incre\u00edbles amenidades. Tambi\u00e9n tendr\u00e1 la oportunidad de aprender m\u00e1s sobre el proceso de tiempo compartido y los beneficios de obtener una propiedad vacacional.<\/p>\r\n                [\/accordion_item] \r\n                [\/accordion]\r\n                [accordion]\r\n                [accordion_item title=\"\u00bfCu\u00e1ndo es la presentaci\u00f3n del tiempo compartido?\"]\r\n                <p>Cuando usted reserva un paquete vacacional de tiempo compartido, programaremos una presentaci\u00f3n y recorrido generalmente por la ma\u00f1ana, brind\u00e1ndole as\u00ed suficiente tiempo para aprovechar el resto del d\u00eda y el tiempo que le quede de sus vacaciones podr\u00e1 disfrutarlo como desee.<\/p>\r\n                [\/accordion_item] \r\n                [\/accordion]\r\n           <\/div>\r\n           <div class=\"x-column x-sm x-1-2 last\">\r\n                [accordion]\r\n                [accordion_item title=\"\u00bfCu\u00e1nto cuesta una escapada de tiempo compartido?\"]\r\n                <p>Westgate Resorts ofrece una extensa lista de <a href=\"[home_url]specials\/\">paquetes de vacaciones<\/a> de tiempo compartido en destinos vacacionales a trav\u00e9s de los Estados Unidos que incluye Orlando, Las Vegas, Gatlinburg, Myrtle Beach, Branson, Williamsburg, y otros lugares. Los costos pueden variar seg\u00fan el destino y la \u00e9poca del a\u00f1o, pero cada paquete de tiempo compartido tiene un descuento sustancial. Incluso puede prolongar su estancia reservando noches adicionales, o comprando entradas adicionales para parques tem\u00e1ticos y atracciones, tambi\u00e9n a menudo con un descuento.<\/p>\r\n                [\/accordion_item] \r\n                [\/accordion]\r\n                [accordion]\r\n                [accordion_item title=\"\u00bfTiene promociones de tiempo compartido en Disney World?\"]\r\n                <p>\u00a1Si! Westgate Resorts tiene una variedad de ofertas especiales de tiempo compartido para Orlando. En nuestros resorts estar\u00e1 en la puerta misma de Disney World. Muchos de estas ofertas especiales incluyen entradas para los parques de Disney de su elecci\u00f3n. Tambi\u00e9n ofrecemos ofertas promocionales de tiempo compartido a SeaWorld Orlando y Universal Studios.<\/p>\r\n                [\/accordion_item] \r\n                [\/accordion]\r\n            <\/div>\r\n            [clear]\r\n        <\/div>\r\n        [gap size=\"3em\"]\r\n    <\/div>\r\n<\/div>\r\n<!-- call banner-->\r\n<div style=\"background: #232c35;\">\r\n    <div class=\"x-container max width\">\r\n        [gap size=\"1em\"]\r\n        <div class=\"x-column x-sm x-2-3 white stack-center-m pas\">\r\n            <h5 class=\"font-lighter white man\">Reserve hoy mismo sus vacaciones de tiempo compartido<\/h5>\r\n            <p>\u00a1Llame ahora para los \u00faltimos descuentos en los paquetes vacacionales de tiempo compartido de su elecci\u00f3n!<\/p>\r\n        <\/div>\r\n        <div class=\"x-column x-sm x-1-3 pam last\">\r\n            [phone_link class=\"x-btn x-btn-block btn-orange\"]Comun\u00edquese al [tel][\/phone_link]\r\n            [gap size=\"1em\" class=\"x-visible-phone\"]\r\n        <\/div>\r\n    <\/div>\r\n<\/div>\r\n<!--\/call banner-->\r\n","protected":false},"excerpt":{"rendered":"<p>Promociones De Tiempo Compartido \u00a1Encuentre las vacaciones de sus sue\u00f1os! DESDE: $79 \/POR PAQUETE [search-availability layout=\"horizontal\" search_title=\"\u00a1An\u00edmese a una aventura!\" class=\"no-bg pan\"] [gap size=\"3em\"] [content-block name=\"timeshare-silo-top-nav-es\"] [subscribe headline=\"Sign up for ... <\/p>\n<div><a href=\"https:\/\/www.westgatereservations.com\/es\/timeshare\/promotions-and-deals\/\" class=\"more-link\">Leer M\u00e1s<\/a><\/div>\n","protected":false},"author":2,"featured_media":0,"parent":17519,"menu_order":0,"comment_status":"closed","ping_status":"closed","template":"template-blank-4.php","meta":{"footnotes":""},"_links":{"self":[{"href":"https:\/\/www.westgatereservations.com\/es\/wp-json\/wp\/v2\/pages\/17568"}],"collection":[{"href":"https:\/\/www.westgatereservations.com\/es\/wp-json\/wp\/v2\/pages"}],"about":[{"href":"https:\/\/www.westgatereservations.com\/es\/wp-json\/wp\/v2\/types\/page"}],"author":[{"embeddable":true,"href":"https:\/\/www.westgatereservations.com\/es\/wp-json\/wp\/v2\/users\/2"}],"replies":[{"embeddable":true,"href":"https:\/\/www.westgatereservations.com\/es\/wp-json\/wp\/v2\/comments?post=17568"}],"version-history":[{"count":0,"href":"https:\/\/www.westgatereservations.com\/es\/wp-json\/wp\/v2\/pages\/17568\/revisions"}],"up":[{"embeddable":true,"href":"https:\/\/www.westgatereservations.com\/es\/wp-json\/wp\/v2\/pages\/17519"}],"wp:attachment":[{"href":"https:\/\/www.westgatereservations.com\/es\/wp-json\/wp\/v2\/media?parent=17568"}],"curies":[{"name":"wp","href":"https:\/\/api.w.org\/{rel}","templated":true}]}}