{"id":17565,"date":"2019-01-10T14:46:03","date_gmt":"2019-01-10T19:46:03","guid":{"rendered":"https:\/\/www.westgatereservations.com\/timeshare\/vacations\/"},"modified":"2019-11-14T15:13:18","modified_gmt":"2019-11-14T20:13:18","slug":"vacations","status":"publish","type":"page","link":"https:\/\/www.westgatereservations.com\/es\/timeshare\/vacations\/","title":{"rendered":"Vacaciones de Tiempo Compartido"},"content":{"rendered":"<div class=\"x-container max width\">\r\n    [gap size=\"3em\"]\r\n    <div class=\"x-column x-sm x-3-4\">\r\n        <div style=\"padding:2em; background-image: url(https:\/\/westgatecdn.com\/2018\/12\/westgate-timeshare-vacation-1.jpg);\" class=\"background-cover\">\r\n            <div class=\"pal mtl mbl\">\r\n                [clear]\r\n                <h1 class=\"h2 man white\">Vacaciones de tiempo compartido en Westgate<\/h1>\r\n                [clear]\r\n                <a href=\"\/es\/specials\/\"  class=\"x-btn x-btn-medium btn-orange mtm\"> Reserve sus vacaciones <\/a>\r\n            <\/div>\r\n        <\/div>\r\n        [clear]                \r\n        <h2 class=\"h3\">\u00a1Disfrute de vacaciones en Westgate!<\/h2>\r\n        <p>No todas las vacaciones son iguales. Especialmente cuando se trata de unas vacaciones de tiempo compartido en Westgate Resorts. Esto se debe a que, cuando tome sus vacaciones en Westgate, podr\u00e1 elegir un destino fant\u00e1stico, gozar de un alojamiento espacioso y lujoso, tener una larga lista de incre\u00edbles amenidades al alcance de la mano y conseguirlo todo por un precio bajo y con un descuento adicional.<\/p>\r\n<p>Westgate ofrece paquetes vacacionales en resorts de tiempo compartido en Orlando, Las Vegas, Gatlinburg, Miami, Myrtle Beach, Park City, Cocoa Beach, Williamsburg, Branson, Daytona Beach y otros destinos tur\u00edsticos populares. En lugar de alojarse en una peque\u00f1a habitaci\u00f3n de hotel con su familia, disfrutar\u00e1 de un confortable relax con todos los beneficios de su hogar. En Westgate Resorts no encontrar\u00e1 un lugar para alojarse - un lugar para dormir - \u00a1sino un magn\u00edfico lugar donde pasar sus vacaciones!<\/p>\r\n    <\/div>\r\n    <div class=\"x-column x-sm x-1-4 last\">\r\n        <!-- topnav -->\r\n        [content-block name=\"timeshare-silo-top-nav-es\"]\r\n        <!--\/topnav-->\r\n        [content-block name=\"call-hours\"]\r\n    <\/div>\r\n    [clear]\r\n    [gap size=\"2em\"]\r\n<\/div>\r\n<!---->\r\n<div style=\"background-color: rgba(25,33,44,.9);\">\r\n    <div class=\"x-container max width\">\r\n        <div class=\"x-content-band marginless-columns mbn ptm pbm\">\r\n[gap size=\"1em\" class=\"x-hidden-phone\"]\r\n            <div class=\"x-container\">\r\n                <div class=\"x-column x-sm x-1-4\" style=\"vertical-align: middle;\">\r\n                    <h2 class=\"h3 man white\">\u00a1Vayamos a una aventura!<\/h2>\r\n                <\/div>\r\n                <div class=\"x-column x-sm x-3-4 last\">\r\n                    [search-availability layout=\"horizontal\" hide_title=\"true\" class=\"no-bg pan\"]\r\n                <\/div>\r\n            <\/div>\r\n[gap size=\"1em\" class=\"x-hidden-phone\"]\r\n        <\/div>\r\n    <\/div>\r\n<\/div>\r\n<!---->\r\n<div class=\"x-container max width ptl pbl\">\r\n    [gap size=\"1em\"]\r\n    <div class=\"ta responsive\">\r\n        [column type=\"1\/2\" fade=\"true\" fade_animation=\"in-from-right\" fade_animation_offset=\"40px\" class=\"tc x-1-2-push rel last background-cover\" style=\"background-image: url(https:\/\/westgatecdn.com\/2018\/12\/westgate-hotel-room.jpg);\"]\r\n            <div class=\"x-visible-phone\" style=\"height:200px;\"><\/div>\r\n        [\/column]\r\n        <div class=\"tc x-column x-sm x-1-2 x-1-2-pull rel\">\r\n            [gap size=\"1em\" class=\"x-visible-phone\"]\r\n            <h3 class=\"h3 man mbs\">\u00bfPor qu\u00e9 alojarse en Westgate Resorts?       <\/h3>\r\n            <p>Las propiedades vacacionales de tiempo compartido de Westgate Resorts lo ubican en medio de la acci\u00f3n, cerca de parques tem\u00e1ticos, atracciones populares, restaurantes, tiendas y vida nocturna. Y lo que es m\u00e1s importante, nuestros resorts ofrecen un destino propio. Seguramente lo tentar\u00e1 saltear los parques tem\u00e1ticos solo para quedarse en el resort y gozar de las amenidades. Lo m\u00e1s probable es que toda la familia encuentre muchas actividades divertidas dise\u00f1adas para hacer de su viaje unas vacaciones de ensue\u00f1o. Desde los espaciosos alojamientos de la villa que ofrecen privacidad y mucho espacio para todos, hasta la interminable variedad de entretenimientos, su estad\u00eda en Westgate Resorts crear\u00e1 una vida de recuerdos incre\u00edbles. <\/p>\r\n<p>Los beneficios de una estancia en Westgate Resorts comienzan con su lujosa villa. Olv\u00eddese de las peque\u00f1as habitaciones de hotel asociadas a unas t\u00edpicas vacaciones familiares. En Westgate Resorts, queremos que se sienta como en su propio hogar y como un miembro especial de nuestra propia familia.<\/p>\r\n  \r\n        <\/div>\r\n        [clear]\r\n    <\/div>\r\n    [gap size=\"3em\"]\r\n    <!-- icons-->\r\n    <div class=\"mtl mbl\">\r\n        <div class=\"x-column x-sm x-1-3\">\r\n            <div class=\"mbs\">\r\n                <div class=\"x-column x-1-4\">\r\n                    <div style=\"height:70px; width:70px; margin:0px auto;\">\r\n                        <div class=\"circle-icon\" style=\"background-color:#6cbdc4; color: #fff;\">\r\n                        <i class=\"fas fa-bed fa-2x\"><\/i>\r\n                        <\/div>\r\n                    <\/div>\r\n                <\/div>\r\n                <div class=\"x-column x-3-4 last\">\r\n                    <h4 class=\"h5 mtn mbn font-lighter\">Amplias \u00e1reas para vivir<\/h4>\r\n                    <p>Su villa Westgate es mucho m\u00e1s que un par de camas y un escritorio. Disfrute de una amplia sala de estar con c\u00f3modos muebles de cuero y un televisor de pantalla grande.<\/p>\r\n                <\/div>\r\n                [clear]\r\n            <\/div>\r\n        <\/div>\r\n        <div class=\"x-column x-sm x-1-3\">\r\n            <div class=\"mbs\">\r\n                <div class=\"x-column x-1-4\">\r\n                    <div style=\"height:70px; width:70px; margin:0px auto;\">\r\n                        <div class=\"circle-icon\" style=\"background-color:#6cbdc4; color: #fff;\">\r\n                        <i class=\"fas fa-blender fa-2x\"><\/i>\r\n                        <\/div>\r\n                    <\/div>\r\n                <\/div>\r\n                <div class=\"x-column x-3-4 last\">\r\n                    <h4 class=\"h5 mtn mbn font-lighter\">Cocina totalmente equipada\/h4>\r\n                    <p>Ahorre tiempo y dinero preparando sus comidas o un bocadillo r\u00e1pido en una cocina equipada con platos, ollas y sartenes, utensilios, una nevera llena y mucho m\u00e1s.<\/p>\r\n                <\/div>\r\n                [clear]\r\n            <\/div>\r\n        <\/div>\r\n        <div class=\"x-column x-sm x-1-3 last\">\r\n            <div class=\"mbs\">\r\n                <div class=\"x-column x-1-4\">\r\n                    <div style=\"height:70px; width:70px; margin:0px auto;\">\r\n                        <div class=\"circle-icon\" style=\"background-color:#6cbdc4; color: #fff;\">\r\n                        <i class=\"fas fa-lock fa-2x\"><\/i>\r\n                        <\/div>\r\n                    <\/div>\r\n                <\/div>\r\n                <div class=\"x-column x-3-4 last\">\r\n                    <h4 class=\"h5 mtn mbn font-lighter\">Privacidad<\/h4>\r\n                    <p>Disfrute de privacidad o brinde a los ni\u00f1os su propio espacio con habitaciones separadas. Rel\u00e1jese en un balc\u00f3n o patio privado. En Westgate, le damos a cada uno su propio espacio.<\/p>\r\n                <\/div>\r\n                [clear]\r\n            <\/div>\r\n        <\/div>\r\n        [clear]\r\n    <\/div>\r\n    <!-- \/icons-->\r\n<\/div>\r\n<!----->\r\n<div class=\"x-content-band center-text bg-image marginless-columns pan\">\r\n    <div class=\"x-container\">\r\n        <div class=\"x-column x-sm x-1-2 background-cover\" style=\"background-image: url(https:\/\/westgatecdn.com\/2018\/12\/westgate-specials-drinks.jpg);\">\r\n            <div class=\"x-visible-phone\" style=\"height:200px;\"><\/div>\r\n        <\/div>\r\n        <div class=\"x-column x-sm x-1-2 white center-text\" style=\"background-color: #232c35;\">\r\n            <div class=\"pal\">\r\n                <div class=\"x-column x-sm x-1-9\">\r\n                <\/div>\r\n                <div class=\"x-column x-sm x-7-9\">\r\n                    <hr class=\"x-gap x-hidden-phone mam\">\r\n                    <hr class=\"x-gap x-hidden-phone mal\">\r\n                        <h3 class=\"white mtn\">Ofertas especiales de tiempo compartido<\/h3>\r\n                        <hr class=\"x-gap\" style=\"margin: 15px 0 0 0;\">\r\n                        <p>\u00a1Tener propiedad vacacional puede cambiar su vida! \u00a1Consulte las ofertas vacacionales de tiempo compartido especiales de las que disponemos actualmente cerca de parques tem\u00e1ticos, en las monta\u00f1as o en la playa!<\/p>\r\n                        <a href=\"\/es\/timeshare\/vacations\/\" class=\"x-btn x-btn-large btn-orange\"> Vea las ofertas de tiempo compartido <\/a>\r\n                     <hr class=\"x-gap x-hidden-phone mal\">\r\n                     <hr class=\"x-gap x-hidden-phone mam\">\r\n                <\/div>\r\n                <div class=\"x-column x-sm x-1-9\">\r\n                <\/div>\r\n            <\/div>\r\n        <\/div>\r\n    <\/div>\r\n    [gap size=\"1em\"]\r\n<\/div>\r\n<!----->\r\n<div class=\"x-container max width ptl pbl\">\r\n    <div class=\"mtl mbl\">\r\n        <div class=\"x-column x-sm x-1-2\">\r\n            <div>[image class=\"galleryimg1 interior\" src=\"https:\/\/westgatecdn.com\/2018\/12\/westgate-pool-timeshare.jpg\" alt=\"Vacaciones Tiempo Compartido\" type=\"thumbnail\" link=\"true\" href=\"https:\/\/westgatecdn.com\/2018\/12\/westgate-pool-timeshare.jpg\" title=\"westsgate pool\"]<\/div>\r\n                <div>\r\n                    <div class=\"x-column x-1-3\">[image class=\"galleryimg1 interior\" src=\"https:\/\/westgatecdn.com\/2018\/12\/shipwreck-island-westgate.jpg\" alt=\"Shipwreck Island | Vacaciones Tiempo Compartido\" type=\"thumbnail\" link=\"true\" href=\"https:\/\/westgatecdn.com\/2018\/12\/shipwreck-island-westgate.jpg\" title=\"Shipwreck Islaand\"]<\/div>\r\n\r\n                    <div class=\"x-column x-1-3\">[image class=\"galleryimg1 interior\" src=\"https:\/\/westgatecdn.com\/2018\/12\/swan_westgate_timeshare.jpg\" alt=\"Bote Cisne | Vacaciones Tiempo Compartido\" type=\"thumbnail\" link=\"true\" href=\"https:\/\/westgatecdn.com\/2018\/12\/swan_westgate_timeshare.jpg\" title=\"Westgate Swan Attractions\"]<\/div>\r\n\r\n                    <div class=\"x-column x-1-3 last\">[image class=\"galleryimg1 interior\" src=\"https:\/\/westgatecdn.com\/2018\/12\/golf-westgate-timeshare.jpg\" alt=\"Westgate Golf | Vacaciones Tiempo Compartido\" type=\"thumbnail\" link=\"true\" href=\"https:\/\/westgatecdn.com\/2018\/12\/golf-westgate-timeshare.jpg\" title=\"Westgate golf\"]<\/div>\r\n                <\/div>\r\n                [lightbox selector=\".galleryimg1\" deeplink=\"\" opacity=\"0.875\" prev_scale=\"0.75\" prev_opacity=\"0.75\" next_scale=\"0.75\" next_opacity=\"0.75\" orientation=\"horizontal\" thumbnails=\"true\"]\r\n        <\/div>\r\n        <div class=\"x-column x-sm x-1-2 last\">\r\n            <h3 class=\"h3 mbs mtn\">Actividades divertidas sin moverse del resort<\/h3>\r\n            <p>Diversi\u00f3n y m\u00e1s diversi\u00f3n para todos. Los resorts vacacionales de tiempo compartido de Westgate ofrecen propiedades en medio de hermosos paisajes y una extensa variedad de beneficios y amenidades exclusivas dise\u00f1adas para todas las edades. (Las amenidades pueden variar seg\u00fan el destino y la ubicaci\u00f3n).<\/p>\r\n            <ul class=\"x-comments-list\">\r\n                <li>\r\n                    <i class=\"fas fa-check-circle fa-2x left prs\" aria-hidden=\"true\" style=\"color:#1E79B0;\"><\/i> <p><strong>Diversi\u00f3n en el agua <\/strong> - Disfrute de m\u00faltiples piscinas calefaccionadas, parques acu\u00e1ticos, kayaks, botes de remo y pesca.<\/p>\r\n                    [clear]\r\n                <\/li>\r\n                <li>\r\n                    <i class=\"fas fa-check-circle fa-2x left prs\" aria-hidden=\"true\" style=\"color:#1E79B0;\"><\/i> <p><strong>Spas de primera clase<\/strong> - Obtenga un masaje relajante, facial y m\u00e1s en uno de nuestros spas diurnos de primera clase sin moverse del resort.<\/p>\r\n                    [clear]\r\n                <\/li>\r\n                <li>\r\n                    <i class=\"fas fa-check-circle fa-2x left prs\" aria-hidden=\"true\" style=\"color:#1E79B0;\"><\/i> <p><strong>Recreaci\u00f3n<\/strong> - Tenis, baloncesto, voleibol, bicicletas, salas de juegos, fogones, tejo, bolos, gimnasios.<\/p>\r\n                    [clear]\r\n                <\/li>\r\n                <li>\r\n                    <i class=\"fas fa-check-circle fa-2x left prs\" aria-hidden=\"true\" style=\"color:#1E79B0;\"><\/i> <p><strong>Actividades programadas<\/strong> - Aproveche las ventajas de los Clubes para ni\u00f1os en su propiedad, actividades programadas como artes y manualidades y mucho m\u00e1s.<\/p>\r\n                    [clear]\r\n                <\/li>\r\n            <\/ul>\r\n        <\/div>\r\n        [clear]\r\n    <\/div>\r\n    [clear]\r\n<\/div>\r\n<!----->\r\n<div style=\"background: #efefef;\">\r\n<div class=\"x-container max width ptl pbl\">\r\n    <h3 class=\"center-text\">Beneficios adicionales en Westgate Resorts<\/h3>\r\n    <p class=\"center-text\">Cuando participe en una presentaci\u00f3n de tiempo compartido con Westgate Resorts, tendr\u00e1 la oportunidad de ver y experimentar los muchos beneficios y ventajas de una casa de vacaciones en Westgate. Nuestros paquetes de vacaciones de tiempo compartido tambi\u00e9n le ofrecen la oportunidad de llevar a su familia a una escapada especial, \u00fanica en su tipo, con la ventaja de una oferta muy especial. Podr\u00e1 incluso disfrutar de regalos gratis como boletos para parques tem\u00e1ticos, que incluyen boletos a Disney si viaja a Orlando, Florida. La presentaci\u00f3n de ventas tambi\u00e9n describe los costos asociados a un tiempo compartido, como las tarifas de mantenimiento, adem\u00e1s de los muchos beneficios de los viajes en tiempo compartido. No hay nada como unas vacaciones de tiempo compartido cuando se trata de diversi\u00f3n y aventura. \u00a1Disfrute de muchos m\u00e1s beneficios adicionales!<\/p>\r\n    <div class=\"mtl\">\r\n        <div class=\"x-column x-sm x-1-2\">\r\n                <ul class=\"x-comments-list\">\r\n                <li>\r\n                    <i class=\"fas fa-check-circle fa-2x left prs\" aria-hidden=\"true\" style=\"color:#1E79B0;\"><\/i> <p><strong>Transporte complementario<\/strong> - los propietarios de tiempo compartido en Orlando disfrutan de transporte complementario programado a Disney, parques tem\u00e1ticos y centros comerciales.<\/p>\r\n                    [clear]\r\n                <\/li>\r\n                <li>\r\n                    <i class=\"fas fa-check-circle fa-2x left prs\" aria-hidden=\"true\" style=\"color:#1E79B0;\"><\/i> <p><strong>Boletos de Atracci\u00f3n con descuento<\/strong> - olv\u00eddese de las largas colas en sus atracciones favoritas y obtenga sus boletos con anticipaci\u00f3n y con un descuento en nuestro mostrador de boletos de atracci\u00f3n.\r\n<\/p>\r\n                    [clear]\r\n                <\/li>\r\n            <\/ul>\r\n        <\/div>\r\n        <div class=\"x-column x-sm x-1-2 last\">\r\n\r\n            <ul class=\"x-comments-list\">\r\n                              <li>\r\n                    <i class=\"fas fa-check-circle fa-2x left prs\" aria-hidden=\"true\" style=\"color:#1E79B0;\"><\/i> <p><strong>Cenas exclusivas<\/strong> - la mayor\u00eda de las propiedades de Westgate ofrecen restaurantes galardonados y otras deliciosas opciones de comidas para toda la familia.\r\n<\/p>\r\n                    [clear]\r\n                <\/li>\r\n                <li>\r\n                    <i class=\"fas fa-check-circle fa-2x left prs\" aria-hidden=\"true\" style=\"color:#1E79B0;\"><\/i> <p><strong>Aceptamos mascotas<\/strong> - la mayor\u00eda de las propiedades de Westgate aceptan mascotas, por lo que no tendr\u00e1 que dejarlas en casa. (Se aplican cargos y restricciones.)\r\n<\/p>\r\n                    [clear]\r\n                <\/li>\r\n            <\/ul>\r\n\r\n        <\/div>\r\n    <\/div>\r\n    [clear]\r\n<\/div>\r\n<\/div>\r\n<!----->\r\n\r\n\r\n\r\n<!-- call banner-->\r\n<div style=\"background: #232c35;\">\r\n    <div class=\"x-container max width\">\r\n        [gap size=\"1em\"]\r\n        <div class=\"x-column x-sm x-2-3 white stack-center-m pas\">\r\n            <h5 class=\"font-lighter white man\">Reserve sus vacaciones de tiempo compartido hoy mismo.<\/h5>\r\n            <p> \u00a1Llame ahora para obtener los \u00faltimos descuentos en los paquetes vacacionales de tiempo compartido de su elecci\u00f3n!<\/p>\r\n        <\/div>\r\n        <div class=\"x-column x-sm x-1-3 pam last\">\r\n            [phone_link class=\"x-btn x-btn-block btn-orange\"]Comun\u00edquese al [tel][\/phone_link]\r\n            [gap size=\"1em\" class=\"x-visible-phone\"]\r\n        <\/div>\r\n    <\/div>\r\n<\/div>\r\n<!--\/call banner-->\r\n\r\n\r\n","protected":false},"excerpt":{"rendered":"<p>[gap size=\"3em\"] [clear] Vacaciones de tiempo compartido en Westgate [clear] Reserve sus vacaciones [clear] \u00a1Disfrute de vacaciones en Westgate! No todas las vacaciones son iguales. Especialmente cuando se trata de ... <\/p>\n<div><a href=\"https:\/\/www.westgatereservations.com\/es\/timeshare\/vacations\/\" class=\"more-link\">Leer M\u00e1s<\/a><\/div>\n","protected":false},"author":2,"featured_media":0,"parent":17519,"menu_order":0,"comment_status":"closed","ping_status":"closed","template":"template-blank-4.php","meta":{"footnotes":""},"_links":{"self":[{"href":"https:\/\/www.westgatereservations.com\/es\/wp-json\/wp\/v2\/pages\/17565"}],"collection":[{"href":"https:\/\/www.westgatereservations.com\/es\/wp-json\/wp\/v2\/pages"}],"about":[{"href":"https:\/\/www.westgatereservations.com\/es\/wp-json\/wp\/v2\/types\/page"}],"author":[{"embeddable":true,"href":"https:\/\/www.westgatereservations.com\/es\/wp-json\/wp\/v2\/users\/2"}],"replies":[{"embeddable":true,"href":"https:\/\/www.westgatereservations.com\/es\/wp-json\/wp\/v2\/comments?post=17565"}],"version-history":[{"count":0,"href":"https:\/\/www.westgatereservations.com\/es\/wp-json\/wp\/v2\/pages\/17565\/revisions"}],"up":[{"embeddable":true,"href":"https:\/\/www.westgatereservations.com\/es\/wp-json\/wp\/v2\/pages\/17519"}],"wp:attachment":[{"href":"https:\/\/www.westgatereservations.com\/es\/wp-json\/wp\/v2\/media?parent=17565"}],"curies":[{"name":"wp","href":"https:\/\/api.w.org\/{rel}","templated":true}]}}