{"id":17559,"date":"2016-04-27T11:04:22","date_gmt":"2016-04-27T15:04:22","guid":{"rendered":"https:\/\/www.westgatereservations.com\/williamsburg\/hotels\/"},"modified":"2020-02-25T16:36:01","modified_gmt":"2020-02-25T21:36:01","slug":"hotels","status":"publish","type":"page","link":"https:\/\/www.westgatereservations.com\/es\/williamsburg\/hotels\/","title":{"rendered":"Hotels in Williamsburg"},"content":{"rendered":"[container]\r\n<!--content 3\/4 - 1\/4-->\r\n<div class=\"x-column x-sm x-3-4 mtl\">\r\n[custom_headline level=\"h1\" looks_like=\"h3\" class=\"mtn\"]Hoteles en Williamsburg[\/custom_headline]\r\n<p>Por ser una de las \u00e1reas hist\u00f3ricas m\u00e1s importantes de la naci\u00f3n, los turistas visitan la zona de Williamsburg todo el a\u00f1o. Si piensa en unas <a href=\"\/es\/williamsburg\/\">vacaciones en Williamsburg<\/a>, tenga en cuenta que durante las temporadas de mayor afluencia en particular, los hoteles pueden tener una gran demanda.<\/p>\r\n\r\n[search-availability layout=\"horizontal\" resort_id=\"1046\" destination=\"Williamsburg\"]\r\n\r\n<br\/>\r\n[custom_headline level=\"h2\" looks_like=\"h4\" class=\"mts mbm\"]Historic District Accommodations[\/custom_headline]\r\n\r\n<p>Tanto si busca hoteles en el distrito hist\u00f3rico de Williamsburg como lugares para alojarse en Williamsburg y en los cercanos asentamientos coloniales de Yorktown y Jamestown, lo m\u00e1s probable es que pueda encontrar un lugar que se ajuste a sus necesidades y a su presupuesto. De hecho, los hoteles de Williamsburg, VA pueden variar desde un estilo econ\u00f3mico hasta destinos tur\u00edsticos de lujo como el Westgate Historic Williamsburg.<\/p>\r\n\r\n[resorts ids=\"1046\"]\r\n\r\n[custom_headline level=\"h3\" looks_like=\"h4\" class=\"mts mbm\"]Westgate Historic Williamsburg[\/custom_headline]\r\n\r\n<p><a href=\"\/es\/resorts\/westgate-historic-williamsburg-resort\/\">Westgate Historic Williamsburg<\/a> est\u00e1 idealmente localizado muy cerca del distrito hist\u00f3rico de Williamsburg Colonial, y a poca distancia en auto de otras atracciones populares como los cercanos Busch Gardens Williamsburg y el parque acu\u00e1tico Water Country USA. El complejo se fusiona perfectamente con sus alrededores, y le ofrece lujosos muebles de \u00e9poca, pero tambi\u00e9n proporciona una gran lista de amenidades y todas las comodidades del hogar. Los servicios incluyen una piscina exterior y un jacuzzi, instalaciones para hacer ejercicio, sala de juegos, e incluso algunos alojamientos para mascotas.<\/p>\r\n\r\n\r\n[custom_headline level=\"h4\" looks_like=\"h4\" class=\"mts mbm\"]Hoteles para todos los presupuestos[\/custom_headline]\r\n\r\n<img loading=\"lazy\" decoding=\"async\" src=\"https:\/\/westgatecdn.com\/2016\/05\/girl-williamsburg-virginia-family-vacation.jpg\" alt=\"Williamsburg virginia vacaciones familiares\" width=\"300\" height=\"300\" class=\"alignleft size-full wp-image-9185\" srcset=\"https:\/\/www.westgatereservations.com\/app\/uploads\/2016\/05\/girl-williamsburg-virginia-family-vacation.jpg 660w, https:\/\/www.westgatereservations.com\/app\/uploads\/2016\/05\/girl-williamsburg-virginia-family-vacation-150x150.jpg 150w, https:\/\/www.westgatereservations.com\/app\/uploads\/2016\/05\/girl-williamsburg-virginia-family-vacation-300x300.jpg 300w, https:\/\/www.westgatereservations.com\/app\/uploads\/2016\/05\/girl-williamsburg-virginia-family-vacation-100x100.jpg 100w, https:\/\/www.westgatereservations.com\/app\/uploads\/2016\/05\/girl-williamsburg-virginia-family-vacation-368x368.jpg 368w, https:\/\/www.westgatereservations.com\/app\/uploads\/2016\/05\/girl-williamsburg-virginia-family-vacation-418x418.jpg 418w\" sizes=\"(max-width: 300px) 100vw, 300px\" \/>\r\n\r\n<p>Los hoteles de Williamsburg est\u00e1n localizados principalmente dentro y alrededor de la ciudad revolucionaria donde naci\u00f3 Am\u00e9rica. Ya sea que busque un paquete de vacaciones familiares, una escapada rom\u00e1ntica especial para dos, o simplemente un lugar para dormir cerca de las principales atracciones de Williamsburg, tendr\u00e1 muchas opciones para elegir. Encontrar\u00e1 hoteles de primera categor\u00eda con habitaciones elegantes, encantadores hoteles de lujo con comodidades y amenidades especiales, as\u00ed como hoteles de valor que ofrecen opciones familiares con comodidades modernas y habitaciones sencillas y limpias.<\/p>\r\n\r\n\r\n<p>Dondequiera que se hospede, querr\u00e1 salir y explorar todo lo que Williamsburg tiene para ofrecer a sus visitantes, desde historia y arte hasta parques tem\u00e1ticos, compras, restaurantes y recreaci\u00f3n. Uno de los destinos m\u00e1s populares de la zona es la Plaza de los Mercaderes de Williamsburg, que cuenta con m\u00e1s de 40 tiendas y restaurantes \u00fanicos, en un marco de encanto y pintoresca arquitectura del siglo XVIII de la zona colonial.<\/p>\r\n\r\n<br\/>\r\n[line]\r\n[gap size=\"1em\"]\r\n[custom_headline level=\"h4\" looks_like=\"h4\" class=\"mts mbm\"]Lista de hoteles en Williamsburg[\/custom_headline]\r\n[columnize]\r\n<ul>\r\n\t<li>Ramada Williamsburg East Busch Gardens Area<\/li>\r\n\t<li>Hampton Inn and Suites Williamsburg-Central<\/li>\r\n\t<li>Super 8 Williamsburg Historic Area<\/li>\r\n\t<li>Wedmore Place<\/li>\r\n\t<li>Embassy Suites Williamsburg<\/li>\r\n\t<li>Colonial Williamsburg Lodge<\/li>\r\n\t<li>Fort Magruder Hotel<\/li>\r\n\t<li>Springhill Suites by Marriott<\/li>\r\n\t<li>Courtyard by Marriott Busch Gardens Area<\/li>\r\n\t<li>The Colonies at Williamsburg<\/li>\r\n\t<li>Residence Inn by Marriott<\/li>\r\n\t<li>Holiday Inn Hotel & Suites Williamsburg Historic Gateway<\/li>\r\n\t<li>The Fife and Drum Inn<\/li>\r\n\t<li>Williamsburg Manor<\/li>\r\n\t<li>Marriott\u2019s Manor Club<\/li>\r\n\t<li>Providence Hall Guesthouses<\/li>\r\n\t<li>Brick House Inn<\/li>\r\n\t<li>Bentley Manor Inn<\/li>\r\n\t<li>Main Stay Suites<\/li>\r\n\t<li>Hilton Garden Inn Williamsburg<\/li>\r\n\t<li>Double Tree by Hilton<\/li>\r\n\t<li>Embassy Suites Williamsburg<\/li>\r\n\t<li>Holiday Inn Patriot Williamsburg<\/li>\r\n\t<li>Courtyard by Marriott \u2013 Yorktown<\/li>\r\n\t<li>Residence Inn Newport News Airport<\/li>\r\n\t<li>Staybridge Suites Yorktown<\/li>\r\n\t<li>Edgewood Plantation<\/li>\r\n\t<li>Fairfield Inn and Suites<\/li>\r\n\t<li>Comfort Suites Bypass Williamsburg<\/li>\r\n\t<li>Howard Johnson Williamsburg<\/li>\r\n\t<li>Quality Inn  Historic East<\/li>\r\n\t<li>Econo Lodge Inn & Suites<\/li>\r\n\t<li>Days Inn Williamsburg Colonial Area<\/li>\r\n\t<li>Clarion Hotel Historic District<\/li>\r\n\t<li>Best Western Historic Area<\/li>\r\n\t<li>Comfort Inn Williamsburg Gateway<\/li>\r\n\t<li>Sleep Inn Historic Williamsburg<\/li>\r\n\t<li>Park Inn by Radisson<\/li>\r\n\t<li>A Williamsburg White House Inn<\/li>\r\n\t<li>LaQuinta Inn & Suites Williamsburg Historic Area<\/li>\r\n\t<li>Red Roof Inn Williamsburg<\/li>\r\n\t<li>EconoLodge Colonial<\/li>\r\n\t<li>Travelodge Inn & Suites Williamsburg<\/li>\r\n\t<li>Homewood Suites Willliamsburg<\/li>\r\n<\/ul>\r\n[\/columnize]\r\n[gap size=\"1em\"]\r\n[line]\r\n[gap size=\"1em\"]\r\n[custom_headline level=\"h4\" looks_like=\"h4\" class=\"mts mbm\"]Lista de centros tur\u00edsticos de Williamsburg [\/custom_headline]\r\n[columnize]\r\n<ul>\r\n\t<li><a href=\"\/es\/resorts\/westgate-historic-williamsburg-resort\/\">Westgate Historic Williamsburg Resort<\/a><\/li>\r\n\t<li>Historic Powhatan Resort<\/li>\r\n\t<li>Great Wolf Lodge Williamsburg<\/li>\r\n\t<li>Kingsmill Resort<\/li>\r\n\t<li>Parkside Williamsburg Resort<\/li>\r\n\t<li>The Colonies at Williamsburg<\/li>\r\n\t<li>Greensprings Vacation Resort <\/li>\r\n\t<li>Bluegreen Vacations Patrick Henry Square<\/li>\r\n\t<li>Williamsburg Plantation Resort<\/li>\r\n\t<li>Wyndham Kingsgate<\/li>\r\n<\/ul>\r\n[\/columnize]\r\n[gap size=\"1em\"]\r\n<h5 class=\"center-text\">\u00a1Planifique sus vacaciones en Williamsburg temprano y ahorre!<br\/>\r\nLlama hoy [phone_link][tel][\/phone_link]<\/h5>\r\n\r\n[gap size=\"2em\"]\r\n[line]\r\nExplore nuestra lista de consejos, informaci\u00f3n privilegiada y paquetes de vacaciones que har\u00e1n que sus vacaciones en Williamsburg est\u00e9n llenas de experiencias y solo a una fracci\u00f3n del costo:\r\n<br\/>\r\n[columnize class=\"mts\"]\r\n<ul>   \r\n<li><a href=\"\/es\/williamsburg\/\"> Vacaciones en Williamsburg<\/a><\/li> \r\n<li><a href=\"\/es\/williamsburg\/attractions\/\"> Atracciones en Williamsburg<\/a><\/li>\r\n<li><a href=\"\/es\/williamsburg\/busch-gardens-tickets\/\"> Boletos de entrada a Busch Gardens<\/a><\/li>\r\n<li><a href=\"\/es\/williamsburg\/christmas-vacation\/\"> Navidad en Williamsburg<\/a><\/li>\r\n<li><a href=\"\/es\/williamsburg\/vacation-packages\/\"> Paquetes de Vacaciones en Williamsburg<\/a><\/li>\r\n<\/ul>\r\n[\/columnize]\r\n[line]\r\n<\/div>\r\n<div class=\"x-column x-sm x-1-4 last mtl\">[sidebar class=\"mtm\" sidebar_id=\"ups-sidebar-williamsburg-landingpage\"]\r\n<\/div>\r\n<!--\/content 2\/3 - 1\/3-->\r\n\r\n[\/container]","protected":false},"excerpt":{"rendered":"<p>[container] [custom_headline level=\"h1\" looks_like=\"h3\" class=\"mtn\"]Hoteles en Williamsburg[\/custom_headline] Por ser una de las \u00e1reas hist\u00f3ricas m\u00e1s importantes de la naci\u00f3n, los turistas visitan la zona de Williamsburg todo el a\u00f1o. Si ... <\/p>\n<div><a href=\"https:\/\/www.westgatereservations.com\/es\/williamsburg\/hotels\/\" class=\"more-link\">Leer M\u00e1s<\/a><\/div>\n","protected":false},"author":6,"featured_media":0,"parent":17523,"menu_order":0,"comment_status":"closed","ping_status":"closed","template":"template-blank-4.php","meta":{"footnotes":""},"_links":{"self":[{"href":"https:\/\/www.westgatereservations.com\/es\/wp-json\/wp\/v2\/pages\/17559"}],"collection":[{"href":"https:\/\/www.westgatereservations.com\/es\/wp-json\/wp\/v2\/pages"}],"about":[{"href":"https:\/\/www.westgatereservations.com\/es\/wp-json\/wp\/v2\/types\/page"}],"author":[{"embeddable":true,"href":"https:\/\/www.westgatereservations.com\/es\/wp-json\/wp\/v2\/users\/6"}],"replies":[{"embeddable":true,"href":"https:\/\/www.westgatereservations.com\/es\/wp-json\/wp\/v2\/comments?post=17559"}],"version-history":[{"count":0,"href":"https:\/\/www.westgatereservations.com\/es\/wp-json\/wp\/v2\/pages\/17559\/revisions"}],"up":[{"embeddable":true,"href":"https:\/\/www.westgatereservations.com\/es\/wp-json\/wp\/v2\/pages\/17523"}],"wp:attachment":[{"href":"https:\/\/www.westgatereservations.com\/es\/wp-json\/wp\/v2\/media?parent=17559"}],"curies":[{"name":"wp","href":"https:\/\/api.w.org\/{rel}","templated":true}]}}