{"id":17555,"date":"2016-04-25T13:55:54","date_gmt":"2016-04-25T17:55:54","guid":{"rendered":"https:\/\/www.westgatereservations.com\/williamsburg\/christmas-vacation\/"},"modified":"2021-11-24T17:15:02","modified_gmt":"2021-11-24T22:15:02","slug":"christmas-vacation","status":"publish","type":"page","link":"https:\/\/www.westgatereservations.com\/es\/williamsburg\/christmas-vacation\/","title":{"rendered":"Vacaciones de Navidad en Williamsburg"},"content":{"rendered":"<div class=\"x-column x-sm x-3-4\">\r\n[custom_headline level=\"h1\" looks_like=\"h3\" class=\"mtn\"]Vacaciones de Navidad en Williamsburg[\/custom_headline]\r\n<p><strong>La Navidad en Williamsburg, Virginia,<\/strong> ofrece la oportunidad de desenvolver una escapada navide\u00f1a \u00fanica que su familia atesorar\u00e1 para siempre.<\/p>\r\n\r\n<img decoding=\"async\" src=\"https:\/\/westgatecdn.com\/2018\/08\/firepit-williamsburg.jpg\" alt=\"Vacaciones de Navidad en Williamsburg\" class=\"x-visible-phone\" \/>\r\n\r\n<div class=\"x-visible-phone \">\r\n        <!-- Sale Points -->\r\n        <div class=\"mtm\">\r\n            <div class=\"x-column x-sm x-1-3\">\r\n                <p style=\"font-size:1.2em;\"><i style=\"color: #d95d31;\" class=\"fas fa-check-circle \"><\/i><span>&nbsp;<strong>Ahorre hasta 40%<\/strong> cuando reserva con WestgateReservations.com. Aplican t\u00e9rminos.<\/span>\r\n                <\/p>\r\n            <\/div>\r\n            <div class=\"x-column x-sm x-1-3\">\r\n                <p style=\"font-size:1.2em;\"><i style=\"color: #d95d31;\" class=\"fas fa-check-circle \"><\/i><span>&nbsp;<strong>Sin cargos por paquetes cancelados<\/strong> 7 o m\u00e1s d\u00edas antes de la llegada.\r\n                <\/span>\r\n                <\/p>\r\n            <\/div>\r\n            <div class=\"x-column x-sm x-1-3 last\">\r\n                <p style=\"font-size:1.2em;\"><i style=\"color: #d95d31;\" class=\"fas fa-check-circle \"><\/i><span>&nbsp;<strong>Descuentos y ofertas<\/strong> para los principales destinos familiares de EE. UU.<\/span>\r\n                <\/p>\r\n            <\/div>\r\n        <\/div>\r\n<!-- End Sale Points -->\r\n[clear]\r\n        <div class=\"phone-sidebar mbl center-text\">\r\n            <p class=\"mbn mtn font-lighter heading pas\">\u00bfNecesitas ayuda? \u00a1Cont\u00e1ctenos!<\/p>\r\n            <div class=\"pas\">\r\n                <h3 class=\"man pan\">[phone]<\/h3>\r\n            <\/div>\r\n        <\/div>\r\n<\/div>\r\n\r\n<p>Desde sus pintorescas calles empedradas y elegantes casas coloniales adornadas con guirnaldas hasta las vistas y los sonidos de una banda de m\u00fasica de p\u00edfanos y tambores, las campanas tintineantes en un carruaje tirado por caballos y los tradicionales cantantes de villancicos, el Williamsburg colonial del siglo XVIII es particularmente encantador durante la temporada de fiestas. Podr\u00e1 tambi\u00e9n disfrutar de las espectaculares luces y las emociones modernas del parque tem\u00e1tico Busch Gardens Williamsburg.<\/p>\r\n\r\n[image type=\"thumbnail\" float=\"none\" src=\"https:\/\/westgatecdn.com\/2016\/04\/williamsburg-christmas-vacation.jpg\" alt=\"Navidad en Williamsburg\" title=\"Navidad en Williamsbur\" class=\"x-hidden-phone\"]\r\n<div class=\"x-visible-phone\">\r\n[search-availability layout=\"vertical\" destination=\"Williamsburg\"]\r\n<\/div>\r\n<div class=\"x-hidden-phone\">\r\n[search-availability layout=\"horizontal\" destination=\"Williamsburg\" class=\"x-hidden-phone\"]\r\n<\/div>\r\n\r\n[custom_headline level=\"h2\" looks_like=\"h3\" class=\"mtm mbm\"]Experimenta el esp\u00edritu navide\u00f1o[\/custom_headline]\r\n\r\n<img decoding=\"async\" src=\"https:\/\/westgatecdn.com\/2018\/08\/firepit-williamsburg.jpg\" alt=\"personas alrededor de la hoguera\" class=\"alignright x-hidden-phone\" \/>\r\n<p>Durante la <strong> Navidad en Williamsburg<\/strong> , la hist\u00f3rica zona colonial se llena del esp\u00edritu de las fiestas. Desfiles, eventos especiales para los m\u00e1s peque\u00f1os, oportunidades \u00fanicas de compras, el olor de la sidra caliente y el brillo de las luces navide\u00f1as son solo algunas de las atracciones que hacen que una Navidad colonial sea un evento memorable.<\/p>\r\n\r\n<p>Una Navidad en Williamsburg tambi\u00e9n ofrece la oportunidad de visitar los cercanos Jardines Busch de Williamsburg y la extravagancia de sus celebraciones festivas anuales: \"Ciudad de la Navidad\". El parque tem\u00e1tico m\u00e1s bello del mundo cuenta con uno de los mayores despliegues de luces navide\u00f1as de Am\u00e9rica del Norte, as\u00ed como una variedad de atracciones navide\u00f1as, espect\u00e1culos de mucha emoci\u00f3n que resaltan el esp\u00edritu de la temporada, compras \u00fanicas y comida y bebida t\u00edpicas de la ocasi\u00f3n.<\/p>\r\n\r\n<p>Disfruta de m\u00e1s de 10 millones de luces parpadeantes y un espectacular \u00e1rbol de Navidad animado de 50 pies. Conoce a Rudolph y toma fotos con el reno de nariz roja y sus amigos en Rudolph's Winter Wonderland. O bien, visite el Taller de Santa, donde puede conocer a Santa y sus elfos. Aseg\u00farese de buscar tambi\u00e9n nuestro para sus 3 NUEVOS ESPECT\u00c1CULOS: Up On The House Top, Unto Us y Celtic Fyre Christmas Celebration.\r\n<\/p>\r\n\r\n<br\/>\r\n[specials ids=\"13805\"]\r\n\r\n<h5 class=\"center-text\">\u00a1Planifique sus vacaciones de Navidad en Williamsburg con anticipaci\u00f3n y ahorre dinero!<br\/>\r\nLl\u00e1menos hoy al [phone_link][tel][\/phone_link]<\/h5>\r\n\r\n\r\n[line]\r\n\r\n<br\/>\r\n[custom_headline level=\"h4\" looks_like=\"h5\" class=\"mtm\"]\u00a1Bienvenido a la Ciudad de la Navidad! | Busch Gardens\u00ae Williamsburg VA\r\n\r\n<iframe loading=\"lazy\" width=\"853\" height=\"480\" src=\"https:\/\/www.youtube-nocookie.com\/embed\/qhY3gP5UvN8\" frameborder=\"0\" allowfullscreen><\/iframe>\r\n\r\n[custom_headline level=\"h3\" looks_like=\"h5\"]Navidad en Westgate Historic Williamsburg Resort[\/custom_headline]\r\n\r\n<p>Un paquete de Navidad de Williamsburg Colonial comienza con una estad\u00eda en el hermoso Westgate Historic Williamsburg Resort. El Westgate Historic Williamsburg Resort est\u00e1 situado a pocos pasos del distrito hist\u00f3rico y a solo 10 minutos en coche de Busch Gardens Williamsburg y ofrece alojamiento amplio y familiar con alojamientos relajantes y espec\u00edficos de la \u00e9poca. Tambi\u00e9n disfrutar\u00e1 de todas las comodidades del hogar, incluida una cocina americana totalmente equipada.<\/p>\r\n\r\n<p>Para aquellos interesados en aprovechar al m\u00e1ximo un <a href=\"\/williamsburg\/\"vacaciones en >Williamsburg<\/a> en Navidad, debe considerar una de las muchas opciones de boletos especiales que le permiten explorar las dos atracciones m\u00e1s buscadas de Williamsburg: el parque tem\u00e1tico Busch Gardens Williamsburg y el \u00e1rea hist\u00f3rica colonial de Williamsburg. Preg\u00fantenos sobre descuentos especiales en boletos durante la temporada navide\u00f1a.<\/p>\r\n\r\n\r\n[custom_headline level=\"h4\" looks_like=\"h4\"]Encuentre sus fechas de vacaciones de Navidad en Williamsburg[\/custom_headline]\r\n\r\n[resorts ids=\"5975\"]\r\n\r\n[custom_headline level=\"h5\"]Tri\u00e1ngulo Hist\u00f3rico de Am\u00e9rica[\/custom_headline]\r\n<p>Experimente el esp\u00edritu de la Navidad en Williamsburg, donde explorar\u00e1 las tradiciones aut\u00e9nticas, las festividades \u00fanicas y la sorprendente decoraci\u00f3n de las fiestas. Descubra c\u00f3mo los colonos celebraron la Navidad en la primera colonia inglesa permanente de Am\u00e9rica. M\u00e1s de 2,500 coronas de flores adornar\u00e1n el \u00c1rea Hist\u00f3rica durante las fiestas. Adem\u00e1s encontrar\u00e1 una serie de tiendas navide\u00f1as en la zona, que incluyen Christmas Mouse, The Christmas Shop en Merchants Square, Bassett's Christmas Shop y Holiday Park en Yankee Candle Village.<\/p>\r\n\r\n<p>Si Colonial Williamsburg \u2500el museo de historia viva m\u00e1s grande del pa\u00eds\u2500 no le resulta suficiente, recorra el resto del Tri\u00e1ngulo Hist\u00f3rico de Am\u00e9rica. Visite a la vecina Yorktown y disfrute de m\u00e1s historia colonial en Jamestown Settlement. Encontrar\u00e1 una variedad de recorridos especiales, m\u00fasica de \u00e9poca, programas interpretativos y demostraciones, todos dise\u00f1ados para brindarle una visi\u00f3n \u00fanica de las tradiciones navide\u00f1as de los siglos XVII y XVIII.<\/p>\r\n\r\n<p>Si lo que busca son unas vacaciones navide\u00f1as memorables, t\u00f3mese un descanso del ajetreo y el bullicio de la actual temporada de fiestas y retroceda en el tiempo para disfrutar de las sencillas delicias de una Navidad colonial en Williamsburg.<\/p>\r\n\r\n<br\/>\r\n[line]\r\n\r\n\r\n<h5 class=\"center-text\">\u00a1Planifique sus vacaciones de Navidad en Williamsburg con anticipaci\u00f3n y ahorre dinero!<br\/>\r\nLl\u00e1menos hoy al [phone_link][tel][\/phone_link]<\/h5>\r\n\r\n\r\n[line]\r\n[gap size=\"4em\"]\r\n<!-- Recommended Christmas Destinations-->\r\n<div style=\"background:#f4f4f4;\" class=\"pal\">\r\n<h2 class=\"h4 mtn\">P\u00e1ginas de Navidad recomendadas para ti<\/h2>\r\n<div>\r\n<div class=\"x-column x-sm x-1-3\">\r\n<a href=\"\/es\/orlando\/christmas-vacation\/\">Navidades en Orlando<\/a>\r\n<\/div>\r\n<div class=\"x-column x-sm x-1-3\">\r\n<a href=\"\/es\/vacations\/christmas-packages\/\">Paquetes de Vacaciones Navide\u00f1as<\/a>\r\n<\/div>\r\n<div class=\"x-column x-sm x-1-3 last\">\r\n\r\n<\/div>\r\n[clear]\r\n<\/div>\r\n<\/div>\r\n<!-- End Recommended -->\r\n[gap size=\"2em\"]\r\n[line]\r\nExplore nuestra lista de consejos, informaci\u00f3n privilegiada y paquetes de vacaciones que har\u00e1n que sus vacaciones en Williamsburg est\u00e9n llenas de experiencias y solo a una fracci\u00f3n del costo: \r\n<br\/>\r\n[columnize class=\"mts\"]\r\n<ul>   \r\n<li><a href=\"\/es\/williamsburg\/\"> Vacaciones en Williamsburg<\/a><\/li> \r\n<li><a href=\"\/es\/williamsburg\/attractions\/\"> Atracciones en Williamsburg<\/a><\/li>\r\n<li><a href=\"\/es\/williamsburg\/busch-gardens-tickets\/\"> Boletos de entrada a Busch Gardens<\/a><\/li>\r\n<li><a href=\"\/es\/williamsburg\/hotels\/\"> Hoteles en Williamsburg<\/a><\/li>\r\n<li><a href=\"\/es\/williamsburg\/vacation-packages\/\"> Paquetes de Vacaciones en Williamsburg<\/a><\/li>\r\n<\/ul>\r\n[\/columnize]\r\n[line]\r\n<\/div>\r\n<div class=\"x-column x-sm x-1-4 last\">[sidebar class=\"mtm\" sidebar_id=\"ups-sidebar-williamsburg-landingpage\"]\r\n<\/div>\r\n<!--\/content 2\/3 - 1\/3-->\r\n","protected":false},"excerpt":{"rendered":"<p>[custom_headline level=\"h1\" looks_like=\"h3\" class=\"mtn\"]Vacaciones de Navidad en Williamsburg[\/custom_headline] La Navidad en Williamsburg, Virginia, ofrece la oportunidad de desenvolver una escapada navide\u00f1a \u00fanica que su familia atesorar\u00e1 para siempre. &nbsp;Ahorre hasta ... <\/p>\n<div><a href=\"https:\/\/www.westgatereservations.com\/es\/williamsburg\/christmas-vacation\/\" class=\"more-link\">Leer M\u00e1s<\/a><\/div>\n","protected":false},"author":6,"featured_media":0,"parent":17523,"menu_order":0,"comment_status":"closed","ping_status":"closed","template":"template-blank-1.php","meta":{"footnotes":""},"_links":{"self":[{"href":"https:\/\/www.westgatereservations.com\/es\/wp-json\/wp\/v2\/pages\/17555"}],"collection":[{"href":"https:\/\/www.westgatereservations.com\/es\/wp-json\/wp\/v2\/pages"}],"about":[{"href":"https:\/\/www.westgatereservations.com\/es\/wp-json\/wp\/v2\/types\/page"}],"author":[{"embeddable":true,"href":"https:\/\/www.westgatereservations.com\/es\/wp-json\/wp\/v2\/users\/6"}],"replies":[{"embeddable":true,"href":"https:\/\/www.westgatereservations.com\/es\/wp-json\/wp\/v2\/comments?post=17555"}],"version-history":[{"count":0,"href":"https:\/\/www.westgatereservations.com\/es\/wp-json\/wp\/v2\/pages\/17555\/revisions"}],"up":[{"embeddable":true,"href":"https:\/\/www.westgatereservations.com\/es\/wp-json\/wp\/v2\/pages\/17523"}],"wp:attachment":[{"href":"https:\/\/www.westgatereservations.com\/es\/wp-json\/wp\/v2\/media?parent=17555"}],"curies":[{"name":"wp","href":"https:\/\/api.w.org\/{rel}","templated":true}]}}