{"id":17553,"date":"2017-04-28T14:12:29","date_gmt":"2017-04-28T18:12:29","guid":{"rendered":"https:\/\/www.westgatereservations.com\/williamsburg\/busch-gardens-tickets\/"},"modified":"2023-06-22T09:54:32","modified_gmt":"2023-06-22T13:54:32","slug":"busch-gardens-tickets","status":"publish","type":"page","link":"https:\/\/www.westgatereservations.com\/es\/williamsburg\/busch-gardens-tickets\/","title":{"rendered":"bogo-williamsburg"},"content":{"rendered":"<div class=\"background-cover center-text\" style=\"background-image: url(https:\/\/westgatecdn.com\/2017\/05\/busch-gardens-alpengeist.jpg);\">\r\n<div class=\"ptl x-visible-phone\"><\/div>\r\n<div class=\"x-container max width\">\r\n    <div class=\"row mt-4 mb-4\">\r\n        <div class=\"col-12 col-md-2\"><\/div>\r\n        <div class=\"col-12 col-md-8\">\r\n            <div class=\"p-3 p-md-5 pt-md-3 rounded\" style=\"background:#fff;\">\r\n                    <h2 class=\"h3 mts\">La oferta de comprar un boleto y obtener uno gratis (BOGO) no est\u00e1 disponible temporalmente<\/h2>\r\n                    <h4 class=\"h5 mts\">\u00a1Por favor suscr\u00edbase para ser notificado!<\/h4>\r\n                    <p>Reg\u00edstrese en nuestra lista de correo electr\u00f3nico para recibir ofertas actualizadas, informaci\u00f3n y disponibilidad de boletos. <\/p>\r\n                    [subscribe show_name=\"true\"]\r\n             <\/div>\r\n        <\/div>\r\n        <div class=\"col-12 col-md-2\"><\/div>\r\n    <\/div>\r\n<\/div>\r\n<div class=\"pbl x-visible-phone\"><\/div>\r\n[clear]\r\n<\/div>\r\n<\/div>\r\n<div style=\"background:#262a2f; padding:30px 0px;\" class=\"\">\r\n<\/div>\r\n[container]\r\n<h1 class=\"h-custom-headline hidden-phone h4 center-text\"><span>Ofertas de hoteles en Busch Gardens Williamsburg, VA<\/span><\/h1>\r\n[clear]\r\n[gap size=\"2em\"]\r\n<div class=\"x-pricing-table cf three-columns\"> \r\n<div class=\"x-pricing-column\"><h2 class=\"man\" style=\"font-size:1.6em;\">3 Days 2 Nights in Williamsburg<\/h2><div class=\"x-pricing-column-info\"><h3 class=\"x-price\">$69<\/h3><span style=\"color:#555; font-size:1em;\">Precio inicial del paquete<\/span>\r\n<ul class=\"x-ul-icons\">\r\n<li class=\"x-li-icon\"><i class=\" x-icon-check\"><\/i>Suite estudio de lujo<\/li>\r\n<li class=\"x-li-icon\"><i class=\" x-icon-check\"><\/i>Precio m\u00e1s bajo - garantizado<\/li>\r\n<li class=\"x-li-icon\"><i class=\" x-icon-check\"><\/i>Ubicado en el coraz\u00f3n del distrito hist\u00f3rico<\/li>\r\n<li class=\"x-li-icon\" style=\"color: green;\"><i class=\" x-icon-plus\"><\/i>Opciones de actualizaci\u00f3n disponibles<\/li>\r\n<\/ul>\r\n<!--[phone_link class=\"responsive-btn\" title=\"Call Today\"]Call Today <br\/>[tel][\/phone_link]-->\r\n<p>Currently unavailable<\/p>\r\n<\/div><\/div>\r\n<a name=\"linktospecials\"><\/a>\r\n<div class=\"x-pricing-column featured\"><h2 class=\"man\"> Entradas Busch Gardens <span>Compre uno y ll\u00e9vese otro sin costo adicional<\/span><\/h2><div class=\"x-pricing-column-info\"><h3 class=\"x-price\">$49<\/h3><span style=\"color:#555; font-size:1em;\">Para 2 entradas<\/span>\r\n<ul class=\"x-ul-icons\">\r\n<li class=\"x-li-icon\" style=\"color: green;\"><\/i>Precio en la puerta: $ 80 \u2022 AHORRA: $ 111<\/li>\r\n<li class=\"x-li-icon\"><i class=\" x-icon-check\"><\/i>Dos entradas de 1 d\u00eda a Busch Gardens<\/li>\r\n<li class=\"x-li-icon\"><i class=\" x-icon-plus\"><\/i>Opciones de actualizaci\u00f3n disponibles<\/li>\r\n<li class=\"x-li-icon\"><i class=\" x-icon-check\"><\/i>Vendedor de entradas oficial de Busch Gardens<\/li>\r\n<\/ul>\r\n<!--[phone_link class=\"responsive-btn\" title=\"Call Today\"]Call Today <br\/>[tel][\/phone_link]-->\r\n<p>Currently unavailable<\/p>\r\n<\/div><\/div> \r\n<div class=\"x-pricing-column\"><h2 class=\"man\" style=\"font-size:1.6em;\">3 d\u00edas 2 noches + entradas a Busch Gardens<\/h2><div class=\"x-pricing-column-info\"><h3 class=\"x-price\">$139<\/h3><span style=\"color:#555; font-size:1em;\">Precio inicial del paquete<\/span>\r\n<ul class=\"x-ul-icons\"><li class=\"x-li-icon\"><i class=\" x-icon-check\"><\/i>Dos entradas de 1 d\u00eda<\/li>\r\n<li class=\"x-li-icon\"><i class=\" x-icon-check\"><\/i>Alojamientos de lujo<\/li>\r\n<li class=\"x-li-icon\"><i class=\" x-icon-check\"><\/i>Vendedor de entradas oficial de Busch Gardens<\/li>\r\n<li class=\"x-li-icon\" style=\"color: green;\"><i class=\" x-icon-plus\"><\/i>Opciones de actualizaci\u00f3n disponibles<\/li>\r\n<\/ul>\r\n<!--[phone_link class=\"responsive-btn\" title=\"Call Today\"]Llama Hoy <br\/>[tel][\/phone_link]\r\n<p>Oferta disponible solo por tel\u00e9fono<\/p>-->\r\n<p>Currently unavailable<\/p>\r\n<\/div><\/div> <\/div>\r\n[gap size=\"3em\" class=\"x-hidden-phone\"]\r\n[gap size=\"1em\"]\r\n<div>\r\n<h2 class=\"mtn mbn\">Busch Gardens Williamsburg BOGO! \u00a1Ahora solo $49!<\/h2>\r\n<h4 class=\"subheading mtm mbm\">Compre un boleto para el parque tem\u00e1tico Busch Gardens Williamsburg por $ 49 y obtenga uno sin costo adicional.<\/h4>\r\n[columnize]\r\n<p>Hoy Williamsburg se parece mucho a la \u00e9poca colonial. Es un lugar donde te pueden encantar las vistas, los sonidos y las historias de anta\u00f1o y el nacimiento de Am\u00e9rica. Pero mientras el distrito hist\u00f3rico ofrece un incre\u00edble museo de historia viva, Busch Gardens se deleita con las comodidades modernas y mucha emoci\u00f3n para todos.<\/p>\r\n\r\n<p>Experimenta la emoci\u00f3n de las \u00e9picas monta\u00f1as rusas. Disfruta de encuentros \u00fanicos con animales. Sea testigo de incre\u00edbles espect\u00e1culos en vivo y entretenimiento. Participe en actividades familiares llenas de diversi\u00f3n y aventuras. Conoce a tus personajes favoritos de Sesame Street. Todo es parte de la emoci\u00f3n en Busch Gardens Williamsburg. <\/p>\r\n\r\n<p>\u00a1Y ahora puede disfrutarlo todo por menos, con nuestro paquete especial de entradas BOGO! \u00a1Simplemente compre un boleto de Busch Gardens de un solo d\u00eda por un precio con descuento de solo $ 49 y obtenga un segundo boleto de un solo d\u00eda sin costo adicional! \u00a1Simplemente no encontrar\u00e1 una mejor oferta en ning\u00fan lugar para un d\u00eda lleno de diversi\u00f3n en Busch Gardens Williamsburg!<\/p>\r\n \r\n[\/columnize]\r\n[clear]\r\n[blockquote type=\"center\"]\u00bfNo ve un paquete de vacaciones que se adapte a sus necesidades de viaje? <br>Ll\u00e1menos al [phone_link][tel][\/phone_link] [\/blockquote]\r\n<h4 class=\"mts mbs\">Paseos y aventuras emocionantes en el parque tem\u00e1tico Busch Gardens en Williamsburg, VA<\/h4>\r\n[column type=\"2\/3\" last=\"true\"]\r\n<p>El parque tem\u00e1tico Busch Gardens Williamsburg presenta una variedad de monta\u00f1as rusas emocionantes, incluida la monta\u00f1a rusa de madera de clase mundial: \u00a1INVADR! La primera monta\u00f1a rusa de madera del parque, INVADR, ofrece hasta 9 colinas en el aire, incluida una ca\u00edda de 74 pies a velocidades cercanas a las 50 mph.<\/p> \r\n\r\n<p>Los entusiastas de las monta\u00f1as rusas de Busch Gardens Williamsburg tambi\u00e9n estar\u00e1n encantados con Apollo\u2019s Chariot, una de las 10 mejores monta\u00f1as rusas de acero del mundo; Alpengeist: con ascenso alpino de 195 pies, seis inversiones y velocidades de hasta 67 mph; Verbolten: una monta\u00f1a rusa de lanzamiento que lleva a los jinetes en una carrera a trav\u00e9s de bosques premonitorios y termina con una aterradora ca\u00edda de 88 pies; y Tempesto: un viaje que lleva a los hu\u00e9spedes a trav\u00e9s de curvas cerradas a 63 mph y una inversi\u00f3n completa mientras se encuentra a 154 pies en el aire.<\/p> \r\n\r\n<p>Por supuesto, Busch Gardens tambi\u00e9n tiene atracciones para todos los miembros de la familia, con atracciones para ni\u00f1os como Der Autobahn Jr., Der Roto Baron, Elephant Run y Sesame Street, como Bert y Ernie's Loch Adventure, Elmo's Castle, Prince Elmo's Spire, y el bosque de diversi\u00f3n Sesame Street.<\/p> \r\n[\/column]\r\n[column type=\"1\/3\" last=\"true\"]\r\n<img loading=\"lazy\" decoding=\"async\" src=\"https:\/\/westgatecdn.com\/2017\/05\/invadr-busch-gardens.jpg\" alt=\"boletos de busch gardens williamsburg\" width=\"600\" height=\"457\" class=\"alignnone size-full wp-image-11575\" \/>\r\n[\/column]\r\n[clear]\r\n\r\n<h4 class=\"mts mbs\">Ofertas de paquetes de boletos adicionales<\/h4>\r\n<p>Cuando visite Williamsburg, VA, puede elegir boletos de un d\u00eda para Busch Gardens o uno de los otros boletos o membres\u00edas para pases del parque.\r\n\r\nLa mejor oferta es cuando elige de nuestro paquete de boletos con descuento: boletos de un d\u00eda BOGO por solo $ 49. Sin embargo, Busch Gardens tambi\u00e9n ofrece una Fun Card que le permite realizar visitas ilimitadas del 25 de marzo al 4 de septiembre de 2017 (The Fun Card no incluye estacionamiento). O puede elegir la membres\u00eda de pase de temporada que ofrece visitas ilimitadas durante todo el a\u00f1o m\u00e1s beneficios exclusivos.<\/p> \r\n\r\n<h4 class=\"mts mbm\">Emocionantes eventos de temporada en Busch Gardens en Williamsburg<\/h4>\r\n[column type=\"1\/3\"]\r\n<img loading=\"lazy\" decoding=\"async\" src=\"https:\/\/westgatecdn.com\/2017\/05\/busch-gardens-specials-events.jpg\" alt=\"Eventos especiales de vacaciones en Busch Gardens\" width=\"660\" height=\"400\" class=\"alignnone size-full wp-image-11575\" \/>\r\n[\/column]\r\n[column type=\"2\/3\" last=\"true\"] \r\n[tab_nav type=\"two-up\"]\r\n[tab_nav_item title=\"Howl-O-Scream\"]\r\n[tab_nav_item title=\"Christmas Town\"]\r\n[\/tab_nav]\r\n[tabs]\r\n[tab active=\"true\"]\u00a1An\u00edmate a asistir a esta ic\u00f3nica celebraci\u00f3n de Halloween que tiene lugar en noches selectas del 14 de septiembre al 27 de octubre de 2019! Los hu\u00e9spedes pueden disfrutar de sus atracciones y atracciones favoritas todo el d\u00eda. Pero todas las atracciones para ni\u00f1os cierran a las 5 p.m. y a las 5:45 p.m., los fantasmas de Halloween cobran vida y el parque se convierte en el hogar de una serie de criaturas espeluznantes listas para asustar a los hu\u00e9spedes desprevenidos. El miedo se apodera de todo el parque mientras los invitados deambulan por casas embrujadas elaboradas, zonas de miedo inmersivas, salas de escape desafiantes y espect\u00e1culos en vivo oscuros y entretenidos. Es realmente una experiencia de vacaciones espeluznante que no querr\u00e1 perderse. Debido a elementos atemorizantes, las familias con ni\u00f1os peque\u00f1os deben usar su discreci\u00f3n cuando visiten el parque despu\u00e9s de las 5:45 pm.[\/tab]\r\n[tab] <a href=\"\/es\/williamsburg\/christmas-vacation\/\">Navidad en Williamsburg<\/a> brilla m\u00e1s en la exclusiva celebraci\u00f3n de Navidad de Busch Gardens. El parque tem\u00e1tico m\u00e1s hermoso del mundo brilla a\u00fan m\u00e1s con m\u00e1s de 8 millones de luces navide\u00f1as, \u00a1la pantalla de luces m\u00e1s grande de Am\u00e9rica del Norte! Los invitados disfrutar\u00e1n de los conmovedores espect\u00e1culos festivos que dan vida al esp\u00edritu de la temporada. Por supuesto, tambi\u00e9n hay comidas y bebidas festivas, oportunidades de compras navide\u00f1as y otras festividades navide\u00f1as. T\u00f3mese el tiempo para disfrutar de una taza del delicioso chocolate con chocolate dulce de menta del parque. Mira c\u00f3mo la Navidad cobra vida en el hielo en una actuaci\u00f3n especial de patinaje sobre hielo del campe\u00f3n mundial de patinaje art\u00edstico, Elvis Stojko. Y no te pierdas la oportunidad de visitar y tomarte una foto con Santa en su taller del Polo Norte. Todo te est\u00e1 esperando en Christmas Town.[\/tab]\r\n[\/tabs]\r\n[\/column]\r\n[clear]\r\n<h4 class=\"mts mbs\">\u00a1Refr\u00e9scate en Water Country USA!<\/h4>\r\n<p>Williamsburg, VA y <a href=\"\/es\/williamsburg\/busch-gardens-packages\/\"> paquetes de vacaciones en Busch Gardens <\/a> no estar\u00e1n completos sin una visita a Water Country USA, el parque acu\u00e1tico m\u00e1s grande de Virginia. La admisi\u00f3n a Water Country USA te permite sumergirte en la diversi\u00f3n del verano con una amplia variedad de aventuras acu\u00e1ticas, incluidos toboganes de agua, aventuras en balsa de alta velocidad, piscinas y r\u00edos lentos.<\/p>\r\n\r\n<p>Ubicado a solo 3 millas de Busch Gardens, Water Country USA Williamsburg ofrece un recuerdo de los d\u00edas de \"safari surfin\" de los a\u00f1os 50 y 60. Con m\u00e1s de 30 atracciones, encontrar\u00e1 algo para todos. La balsa acu\u00e1tica Aquazoid env\u00eda a los grupos por una tuber\u00eda cerrada y m\u00e1s de 20 pies por segundo antes de una salpicadura final. El Jet Scream ofrece cuatro canales, cada uno con una velocidad de 400 pies de emoci\u00f3n acu\u00e1tica a velocidades de hasta 25 mph. El Rampage es un emocionante tobog\u00e1n de surf que se desliza por un fuerte tobog\u00e1n. Mientras tanto, el conjunto m\u00e1s joven disfrutar\u00e1 de opciones m\u00e1s lentas como Cow-A-Bunga, H2O UFO, Kritter Korral y m\u00e1s. Y toda la familia puede navegar juntos a lo largo de la Autopista Hubba Hubba, un r\u00edo lento de 1,500 pies de largo con muchos g\u00e9iseres, rociadores y m\u00e1s. Cuando se encuentre en Williamsburg, preg\u00fantenos acerca de los boletos y pases para Busch Gardens o Water Country USA: ofrecemos descuentos en boletos de un d\u00eda, 1 parque, 2 parques y otros boletos v\u00e1lidos para adultos y ni\u00f1os.<\/p>\r\n\r\n[blockquote type=\"center\"]\u00bfNo ve un paquete de vacaciones que se adapte a sus necesidades de viaje? <br>Ll\u00e1menos al [phone_link][tel][\/phone_link] [\/blockquote]\r\n\r\n<h4 class=\"mts mbs\">Westgate Historic Williamsburg Resort<\/h4>\r\n\r\n<p>Busch Gardens y Water Country USA tienen una ubicaci\u00f3n ideal cerca del Westgate Historic Williamsburg Resort. Este complejo hotelero familiar de Virginia se encuentra en el coraz\u00f3n de Williamsburg, cerca del distrito hist\u00f3rico. Es el lugar perfecto para comenzar sus <a href=\"\/es\/williamsburg\/\">vacaciones en Colonial Williamsburg<\/a> y el famoso tri\u00e1ngulo hist\u00f3rico que tambi\u00e9n incluye Jamestowne y el hist\u00f3rico Yorktown.<\/p> \r\n\r\n<p>Colonial Williamsburg, Virginia ofrece una visi\u00f3n \u00fanica de la vida como lo fue hace m\u00e1s de 220 a\u00f1os durante el comienzo de la Revoluci\u00f3n de Am\u00e9rica. Como el museo de historia viva m\u00e1s grande del pa\u00eds, Colonial Williamsburg cuenta con 500 edificios, casas, tiendas y tabernas, todos reconstruidos y restaurados a su gloria del siglo XVIII. Descubrir\u00e1s edificios hist\u00f3ricos y campos de batalla, conocer\u00e1s actores de personajes que representan a famosos estadounidenses coloniales y eventos, y podr\u00e1s pasear por 90 acres de hermosos jardines.<\/p>\r\n<\/div>\r\n[gap size=\"2em\"]\r\n[line]\r\nExplore nuestra lista de consejos, informaci\u00f3n privilegiada y paquetes de vacaciones que har\u00e1n que sus vacaciones en Williamsburg est\u00e9n llenas de experiencias y solo a una fracci\u00f3n del costo:\r\n<br\/>\r\n[columnize class=\"mts\"]\r\n<ul>   \r\n<li><a href=\"\/es\/williamsburg\/\"> Vacaciones en Williamsburg<\/a><\/li> \r\n<li><a href=\"\/es\/williamsburg\/vacation-packages\/\"> Paquetes de Vacaciones en Williamsburg<\/a><\/li>\r\n<li><a href=\"\/es\/williamsburg\/attractions\/busch-gardens\/\"> Busch Gardens Williamsburg<\/a><\/li>\r\n<li><a href=\"\/es\/williamsburg\/attractions\/\"> Atracciones en Williamsburg<\/a><\/li>\r\n<li><a href=\"\/es\/williamsburg\/hotels\/\"> Hoteles en Williamsburg<\/a><\/li>\r\n<li><a href=\"\/es\/williamsburg\/christmas-vacation\/\"> Navidad en Williamsburg<\/a><\/li>\r\n<\/ul>\r\n[\/columnize]\r\n[line]\r\n[gap size=\"3em\" class=\"x-hidden-phone\"]\r\n[\/container]","protected":false},"excerpt":{"rendered":"<p>La oferta de comprar un boleto y obtener uno gratis (BOGO) no est\u00e1 disponible temporalmente \u00a1Por favor suscr\u00edbase para ser notificado! Reg\u00edstrese en nuestra lista de correo electr\u00f3nico para recibir ... <\/p>\n<div><a href=\"https:\/\/www.westgatereservations.com\/es\/williamsburg\/busch-gardens-tickets\/\" class=\"more-link\">Leer M\u00e1s<\/a><\/div>\n","protected":false},"author":6,"featured_media":0,"parent":17523,"menu_order":0,"comment_status":"closed","ping_status":"closed","template":"template-blank-4.php","meta":{"footnotes":""},"_links":{"self":[{"href":"https:\/\/www.westgatereservations.com\/es\/wp-json\/wp\/v2\/pages\/17553"}],"collection":[{"href":"https:\/\/www.westgatereservations.com\/es\/wp-json\/wp\/v2\/pages"}],"about":[{"href":"https:\/\/www.westgatereservations.com\/es\/wp-json\/wp\/v2\/types\/page"}],"author":[{"embeddable":true,"href":"https:\/\/www.westgatereservations.com\/es\/wp-json\/wp\/v2\/users\/6"}],"replies":[{"embeddable":true,"href":"https:\/\/www.westgatereservations.com\/es\/wp-json\/wp\/v2\/comments?post=17553"}],"version-history":[{"count":0,"href":"https:\/\/www.westgatereservations.com\/es\/wp-json\/wp\/v2\/pages\/17553\/revisions"}],"up":[{"embeddable":true,"href":"https:\/\/www.westgatereservations.com\/es\/wp-json\/wp\/v2\/pages\/17523"}],"wp:attachment":[{"href":"https:\/\/www.westgatereservations.com\/es\/wp-json\/wp\/v2\/media?parent=17553"}],"curies":[{"name":"wp","href":"https:\/\/api.w.org\/{rel}","templated":true}]}}