{"id":17551,"date":"2016-05-10T13:36:12","date_gmt":"2016-05-10T17:36:12","guid":{"rendered":"https:\/\/www.westgatereservations.com\/williamsburg\/attractions\/water-country-usa\/"},"modified":"2020-02-25T15:54:48","modified_gmt":"2020-02-25T20:54:48","slug":"water-country-usa","status":"publish","type":"page","link":"https:\/\/www.westgatereservations.com\/es\/williamsburg\/attractions\/water-country-usa\/","title":{"rendered":"Water Country USA"},"content":{"rendered":"[content_band class=\"mtn mbl\" bg_image=\"https:\/\/westgatecdn.com\/2016\/04\/Water-Country-USA.jpg\" inner_container=\"true\" parallax=\"false\" alt=\"Water Country USA\"]\r\n[custom_headline style=\"margin-top: 0; color:#ffffff;\" type=\"center\" level=\"h1\" looks_like=\"h2\"]Water Country USA Williamsburg [\/custom_headline]\r\n[\/content_band]\r\n[container]\r\n[visibility type=\"visible-phone\"]\r\n<a class=\"x-btn x-btn-block x-btn-rounded x-btn-regular btn-orange\" href=\"tel:[tel]\">\r\n<i class=\"x-icon-phone\"><\/i>Call to Book your Vacation Package<\/a>\r\n[gap size=\"2em\"]\r\n[\/visibility]\r\n<!--content 3\/4 - 1\/4-->\r\n<div>\r\n<div class=\"x-column x-sm x-3-4\">\r\n[custom_headline level=\"h2\" looks_like=\"h4\" class=\"mtn\"]Water Country Williamsburg [\/custom_headline]\r\n\r\n<p>Williamsburg est\u00e1 lleno de diversi\u00f3n de verano. Desde la zona hist\u00f3rica hasta los jardines Busch, las familias encontrar\u00e1n mucha emoci\u00f3n. Pero cuando se trata de crear la perfecta aventura veraniega de \u00a1no hay lugar como <strong>Water Country USA<\/strong>!<\/p>\r\n\r\n<p>Localizada a solo 5 kil\u00f3metros (3 millas) de Busch Gardens, Water Country USA Williamsburg ofrece un recuerdo de los d\u00edas de \"safari de surf\" de los a\u00f1os 50 y 60. Experimente m\u00e1s de 30 salvajes y maravillosos paseos y atracciones acu\u00e1ticas, una fabulosa piscina de olas, entretenimiento en vivo, restaurantes y mucho m\u00e1s.<\/p>\r\n\r\n[custom_headline level=\"h3\" looks_like=\"h5\"]Paseos y Toboganes[\/custom_headline]\r\n\r\n<p>En <strong>Water Country Williamsburg<\/strong>, hay algo para todos. Elija entre una variedad de divertidos paseos acu\u00e1ticas y emocionantes toboganes. La balsa acu\u00e1tica Aquazoid se sumerge a grupos a m\u00e1s de 850 pies de descenso por una tuber\u00eda cerrada a una velocidad de m\u00e1s de 20 pies por segundo, pasando por las cascadas y un chapoteo final donde nadie dejar\u00e1 de empaparse. <\/p> \r\n\r\n<p>El <strong>Jet Scream<\/strong> cuenta con cuatro canales de agua diferentes, cada uno de los cuales lo lleva a una velocidad de 400 pies de emoci\u00f3n acu\u00e1tica que llega hasta 25 mph. Por su parte, Rampage es un emocionante surf-boggan que lo env\u00eda por un tobog\u00e1n empinado en un \u00e1ngulo de 60 grados antes de deslizarse por una piscina de 120 pies.<\/p>\r\n\r\n<p>Los m\u00e1s j\u00f3venes disfrutar\u00e1n de paseos m\u00e1s lentos como Cow-A-Bunga, H2O OVNI, Kritter Korral y m\u00e1s, mientras que toda la familia puede disfrutar de la <strong>Hubba Hubba Highway<\/strong>, un r\u00edo perezoso de 1.500 pies de aventura de flotaci\u00f3n libre con g\u00e9iseres sorpresa, rociadores y cocos locos, todo dise\u00f1ado para empapar a los desprevenidos.<\/p>\r\n\r\n[custom_headline level=\"h4\" looks_like=\"h5\"]Vanish Point\u00ae | Water Country USA\u00ae Williamsburg VA[\/custom_headline]\r\n<iframe loading=\"lazy\" width=\"853\" height=\"480\" src=\"https:\/\/www.youtube-nocookie.com\/embed\/PWgHpkI7w18?list=PLnfoDUb2Gs5OX5-RhQRPsduPScsOfCA6Y\" frameborder=\"0\" allowfullscreen><\/iframe>\r\n\r\n\r\n[custom_headline level=\"h4\" looks_like=\"h5\"]Diversi\u00f3n de verano en Westgate Historic Williamsburg Resort[\/custom_headline]\r\n\r\n<p>Water Country USA tambi\u00e9n se encuentra cerca del <a href=\"\/es\/resorts\/westgate-historic-williamsburg-resort\/\">Westgate Historic Williamsburg Resort<\/a>. Esta propiedad de resort familiar se encuentra en el coraz\u00f3n de Williamsburg, cerca del distrito hist\u00f3rico. El complejo le ofrece lujo, mucho espacio y una larga lista de amenidades, pregunte por los boletos con descuento a Water Country Williamsburg y tambi\u00e9n por descuentos para otras <a href=\"\/es\/williamsburg\/attractions\/\">atracciones en Williamsburg<\/a>.<\/p>\r\n\r\n\r\n[custom_headline level=\"h2\" looks_like=\"h3\"]Ofertas de paquetes vacacionales a Water County USA[\/custom_headline]\r\n<!-- Packages-->\r\n[specials ids=\"11495\"]\r\n<!-- \/Packages-->\r\n\r\n\r\n<h5 class=\"center-text\">\u00a1Comience a planificar sus vacaciones en Williamsburg Vacation hoy mismo!<br\/>\r\nCall Today [phone_link][tel][\/phone_link]<\/h5>\r\n\r\n\r\n[gap size=\"2em\"]\r\n[line]\r\nExplore nuestra lista de consejos, informaci\u00f3n privilegiada y paquetes de vacaciones que har\u00e1n que sus vacaciones en Williamsburg est\u00e9n llenas de experiencias y solo a una fracci\u00f3n del costo:\r\n<br\/>\r\n[columnize class=\"mts\"]\r\n<ul>   \r\n<li><a href=\"\/es\/williamsburg\/attractions\/\"> Atracciones en Williamsburg<\/a><\/li>\r\n<li><a href=\"\/es\/williamsburg\/attractions\/busch-gardens\/\"> Busch Gardens Williamsburg<\/a><\/li>\r\n<li><a href=\"\/es\/williamsburg\/attractions\/historic-jamestown-settlement\/\"> Jamestowne Hist\u00f3rico<\/a><\/li>\r\n<li><a href=\"\/es\/williamsburg\/attractions\/historic-triangle\/\"> Williamsburg Tri\u00e1ngulo Hist\u00f3rico<\/a><\/li>\r\n<li><a href=\"\/es\/williamsburg\/attractions\/water-country-usa\/\"> Water Country USA Williamsburg<\/a><\/li>\r\n<\/ul>\r\n[\/columnize]\r\n[line]\r\n\r\n<\/div>\r\n<div class=\"x-column x-sm x-1-4 last\">[sidebar class=\"mtm\" sidebar_id=\"ups-sidebar-williamsburg-landingpage\"]<\/div>\r\n<\/div>\r\n<!--\/content 2\/3 - 1\/3-->\r\n\r\n[\/container]","protected":false},"excerpt":{"rendered":"<p>[content_band class=\"mtn mbl\" bg_image=\"https:\/\/westgatecdn.com\/2016\/04\/Water-Country-USA.jpg\" inner_container=\"true\" parallax=\"false\" alt=\"Water Country USA\"] [custom_headline style=\"margin-top: 0; color:#ffffff;\" type=\"center\" level=\"h1\" looks_like=\"h2\"]Water Country USA Williamsburg [\/custom_headline] [\/content_band] [container] [visibility type=\"visible-phone\"] Call to Book your Vacation Package ... <\/p>\n<div><a href=\"https:\/\/www.westgatereservations.com\/es\/williamsburg\/attractions\/water-country-usa\/\" class=\"more-link\">Leer M\u00e1s<\/a><\/div>\n","protected":false},"author":6,"featured_media":0,"parent":17540,"menu_order":0,"comment_status":"closed","ping_status":"closed","template":"template-blank-4.php","meta":{"footnotes":""},"_links":{"self":[{"href":"https:\/\/www.westgatereservations.com\/es\/wp-json\/wp\/v2\/pages\/17551"}],"collection":[{"href":"https:\/\/www.westgatereservations.com\/es\/wp-json\/wp\/v2\/pages"}],"about":[{"href":"https:\/\/www.westgatereservations.com\/es\/wp-json\/wp\/v2\/types\/page"}],"author":[{"embeddable":true,"href":"https:\/\/www.westgatereservations.com\/es\/wp-json\/wp\/v2\/users\/6"}],"replies":[{"embeddable":true,"href":"https:\/\/www.westgatereservations.com\/es\/wp-json\/wp\/v2\/comments?post=17551"}],"version-history":[{"count":0,"href":"https:\/\/www.westgatereservations.com\/es\/wp-json\/wp\/v2\/pages\/17551\/revisions"}],"up":[{"embeddable":true,"href":"https:\/\/www.westgatereservations.com\/es\/wp-json\/wp\/v2\/pages\/17540"}],"wp:attachment":[{"href":"https:\/\/www.westgatereservations.com\/es\/wp-json\/wp\/v2\/media?parent=17551"}],"curies":[{"name":"wp","href":"https:\/\/api.w.org\/{rel}","templated":true}]}}