{"id":17547,"date":"2016-05-12T10:07:12","date_gmt":"2016-05-12T14:07:12","guid":{"rendered":"https:\/\/www.westgatereservations.com\/williamsburg\/attractions\/historic-triangle\/"},"modified":"2020-02-28T10:17:08","modified_gmt":"2020-02-28T15:17:08","slug":"historic-triangle","status":"publish","type":"page","link":"https:\/\/www.westgatereservations.com\/es\/williamsburg\/attractions\/historic-triangle\/","title":{"rendered":"El Tri\u00e1ngulo Hist\u00f3rico de Williamsburg"},"content":{"rendered":"[content_band class=\"mtn mbl\" bg_image=\"https:\/\/westgatecdn.com\/2016\/05\/Jamestown-colonial-williamsburg.jpg\" inner_container=\"true\" parallax=\"true\" alt=\"Historic Triangle\"]\r\n[custom_headline style=\"margin-top: 0; color:#ffffff;\" type=\"center\" level=\"h1\" looks_like=\"h2\"]Tri\u00e1ngulo Hist\u00f3rico[\/custom_headline]\r\n[\/content_band]\r\n[container]\r\n[visibility type=\"visible-phone\"]\r\n<a class=\"x-btn x-btn-block x-btn-rounded x-btn-regular btn-orange\" href=\"tel:[tel]\">\r\n<i class=\"x-icon-phone\"><\/i>Llame para reservar su paquete de vacaciones<\/a>\r\n[gap size=\"2em\"]\r\n[\/visibility]\r\n<!--content 3\/4 - 1\/4-->\r\n<div>\r\n<div class=\"x-column x-sm x-3-4\">\r\n[custom_headline level=\"h2\" looks_like=\"h4\" class=\"mtn\"]El Tri\u00e1ngulo Hist\u00f3rico de Williamsburg[\/custom_headline]\r\n\r\n<p><strong>\u00bfQui\u00e9n dice que la historia no puede ser divertida para ni\u00f1os y adultos?\r\n<\/strong><\/p>\r\n\r\n<p>El \u00c1rea Hist\u00f3rica de Williamsburg Colonial ofrece una oportunidad \u00fanica de retroceder m\u00e1s de 220 a\u00f1os a la v\u00edspera de la Revoluci\u00f3n Americana. Como el museo de historia viva m\u00e1s grande de la naci\u00f3n, los 301 acres de Williamsburg incluyen 500 edificios, casas, tiendas y tabernas, todos reconstruidos y restaurados para reflejar su misma apariencia del siglo XVIII. Sin embargo, es la gente de Williamsburg la que realmente da vida a la incre\u00edble historia para el goce de todos.\r\n<\/p>\r\n\r\n<p>Encontrar\u00e1 comerciantes que practican 30 oficios hist\u00f3ricos y artesan\u00edas dom\u00e9sticas; int\u00e9rpretes hist\u00f3ricos listos para responder a sus preguntas; actores que representan los personajes de eventos cr\u00edticos en el desarrollo de nuestra naci\u00f3n y 90 acres de jardines. Todo es parte de Colonial Williamsburg.<\/p>\r\n\r\n[custom_headline level=\"h3\" looks_like=\"h5\"]El Tri\u00e1ngulo Hist\u00f3rico de Am\u00e9rica[\/custom_headline]\r\n\r\n<p>Desde las visitas a los edificios hist\u00f3ricos y campos de batalla hasta el drama de acci\u00f3n en vivo, Revolucionario City\u2122, Williamsburg ofrece una oportunidad incre\u00edble para explorar la rica historia de Am\u00e9rica de una manera divertida e interactiva. Pero eso es solo un tercio del tri\u00e1ngulo hist\u00f3rico del \u00e1rea en Virginia.\r\n<\/p> \r\n\r\n<p>El Tri\u00e1ngulo Hist\u00f3rico de Am\u00e9rica tambi\u00e9n incluye el cercano asentamiento de Jamestown, donde John Smith y compa\u00f1\u00eda establecieron la primera colonia inglesa permanente en el Nuevo Mundo, y la hist\u00f3rica ciudad de York, donde se libr\u00f3 la batalla m\u00e1s decisiva de la Guerra Revolucionaria.<\/p>\r\n\r\n[custom_headline level=\"h4\" looks_like=\"h5\"]Historia y un d\u00eda de diversi\u00f3n moderna[\/custom_headline]\r\n\r\n<p>El Tri\u00e1ngulo Hist\u00f3rico de Virginia ofrece una mirada \u00fanica a c\u00f3mo naci\u00f3 Am\u00e9rica. Pero en Williamsburg tambi\u00e9n encontrar\u00e1 de grandes emociones y diversi\u00f3n moderna. Puede montar monta\u00f1as rusas de nivel internacional en los cercanos Jardines Busch. El parque tem\u00e1tico europeo ofrece hasta 350 acres de atracciones, encuentros con animales y entretenimiento en vivo. Para los calurosos d\u00edas de verano, puede llevar a toda la familia a refrescarse a Water Country USA, el parque acu\u00e1tico m\u00e1s grande del Atl\u00e1ntico medio.\r\n<\/p>\r\n\r\n<p>Con tanta historia y emociones actuales, no es de extra\u00f1ar que el Tri\u00e1ngulo Hist\u00f3rico de Williamsburg siga siendo uno de los destinos favoritos de Am\u00e9rica.<\/p>\r\n\r\n\r\n[custom_headline level=\"h2\" looks_like=\"h3\"]Paquetes vacacionales a Colonial Williamsburg[\/custom_headline]\r\n<!-- Packages-->\r\n[specials ids=\"8856,11495,10410\"]\r\n<!-- \/Packages-->\r\n\r\n\r\n<h5 class=\"center-text\">\u00a1Comience a planificar sus vacaciones en Colonial Williamsburg hoy mismo!<br\/>\r\nLl\u00e1menos hoy al [phone_link][tel][\/phone_link]<\/h5>\r\n[gap size=\"3em\"]\r\n[line]\r\nExplore nuestra lista de consejos, informaci\u00f3n privilegiada y paquetes de vacaciones que har\u00e1n que sus vacaciones en Williamsburg est\u00e9n llenas de experiencias y solo a una fracci\u00f3n del costo:\r\n \r\n<br\/>\r\n[columnize class=\"mts\"]\r\n<ul>\r\n<li><a href=\"\/es\/williamsburg\/attractions\/\"> Atracciones en Williamsburg<\/a><\/li>\r\n<li><a href=\"\/es\/williamsburg\/attractions\/busch-gardens\/\"> Busch Gardens Williamsburg<\/a><\/li>\r\n<li><a href=\"\/es\/williamsburg\/attractions\/historic-jamestown-settlement\/\"> Jamestown Hist\u00f3rico<\/a><\/li>\r\n<li><a href=\"\/es\/williamsburg\/attractions\/water-country-usa\/\"> Water Country USA Williamsburg<\/a><\/li>\r\n<li><a href=\"\/es\/williamsburg\/busch-gardens-tickets\/\"> Boletos de entrada a Busch Gardens<\/a><\/li>\r\n<li><a href=\"\/es\/williamsburg\/hotels\/\"> Hoteles en Williamsburg<\/a><\/li>\r\n<li><a href=\"\/es\/williamsburg\/vacation-packages\/\"> Paquetes de Vacaciones en Williamsburg<\/a><\/li>\r\n<\/ul>\r\n[\/columnize]\r\n[line]\r\n\r\n<\/div>\r\n<div class=\"x-column x-sm x-1-4 last\">[sidebar class=\"mtm\" sidebar_id=\"ups-sidebar-williamsburg-landingpage\"]<\/div>\r\n<\/div>\r\n<!--\/content 2\/3 - 1\/3-->\r\n\r\n[\/container]","protected":false},"excerpt":{"rendered":"<p>[content_band class=\"mtn mbl\" bg_image=\"https:\/\/westgatecdn.com\/2016\/05\/Jamestown-colonial-williamsburg.jpg\" inner_container=\"true\" parallax=\"true\" alt=\"Historic Triangle\"] [custom_headline style=\"margin-top: 0; color:#ffffff;\" type=\"center\" level=\"h1\" looks_like=\"h2\"]Tri\u00e1ngulo Hist\u00f3rico[\/custom_headline] [\/content_band] [container] [visibility type=\"visible-phone\"] Llame para reservar su paquete de vacaciones [gap size=\"2em\"] [\/visibility] ... <\/p>\n<div><a href=\"https:\/\/www.westgatereservations.com\/es\/williamsburg\/attractions\/historic-triangle\/\" class=\"more-link\">Leer M\u00e1s<\/a><\/div>\n","protected":false},"author":6,"featured_media":0,"parent":17540,"menu_order":0,"comment_status":"closed","ping_status":"closed","template":"template-blank-4.php","meta":{"footnotes":""},"_links":{"self":[{"href":"https:\/\/www.westgatereservations.com\/es\/wp-json\/wp\/v2\/pages\/17547"}],"collection":[{"href":"https:\/\/www.westgatereservations.com\/es\/wp-json\/wp\/v2\/pages"}],"about":[{"href":"https:\/\/www.westgatereservations.com\/es\/wp-json\/wp\/v2\/types\/page"}],"author":[{"embeddable":true,"href":"https:\/\/www.westgatereservations.com\/es\/wp-json\/wp\/v2\/users\/6"}],"replies":[{"embeddable":true,"href":"https:\/\/www.westgatereservations.com\/es\/wp-json\/wp\/v2\/comments?post=17547"}],"version-history":[{"count":0,"href":"https:\/\/www.westgatereservations.com\/es\/wp-json\/wp\/v2\/pages\/17547\/revisions"}],"up":[{"embeddable":true,"href":"https:\/\/www.westgatereservations.com\/es\/wp-json\/wp\/v2\/pages\/17540"}],"wp:attachment":[{"href":"https:\/\/www.westgatereservations.com\/es\/wp-json\/wp\/v2\/media?parent=17547"}],"curies":[{"name":"wp","href":"https:\/\/api.w.org\/{rel}","templated":true}]}}