{"id":17544,"date":"2016-05-11T14:14:23","date_gmt":"2016-05-11T18:14:23","guid":{"rendered":"https:\/\/www.westgatereservations.com\/williamsburg\/attractions\/historic-jamestown-settlement\/"},"modified":"2020-02-28T10:09:59","modified_gmt":"2020-02-28T15:09:59","slug":"historic-jamestown-settlement","status":"publish","type":"page","link":"https:\/\/www.westgatereservations.com\/es\/williamsburg\/attractions\/historic-jamestown-settlement\/","title":{"rendered":"Asentamiento hist\u00f3rico de Jamestown"},"content":{"rendered":"[content_band class=\"mtn mbl\" bg_image=\"https:\/\/westgatecdn.com\/2016\/05\/Jamestown-colonial-williamsburg.jpg\" inner_container=\"true\" parallax=\"false\" alt=\"Historic Jamestown Settlement\"]\r\n[custom_headline style=\"margin-top: 0; color:#ffffff;\" type=\"center\" level=\"h1\" looks_like=\"h2\"]Asentamiento hist\u00f3rico de Jamestown[\/custom_headline]\r\n[\/content_band]\r\n[container]\r\n[visibility type=\"visible-phone\"]\r\n<a class=\"x-btn x-btn-block x-btn-rounded x-btn-regular btn-orange\" href=\"tel:[tel]\">\r\n<i class=\"x-icon-phone\"><\/i>Llame para reservar su paquete de vacaciones\r\n<\/a>\r\n[gap size=\"2em\"]\r\n[\/visibility]\r\n<!--content 3\/4 - 1\/4-->\r\n<div>\r\n<div class=\"x-column x-sm x-3-4\">\r\n[custom_headline level=\"h2\" looks_like=\"h4\" class=\"mtn\"]Asentamiento de Jamestown[\/custom_headline]\r\n\r\n<p>Como parte del Tri\u00e1ngulo Hist\u00f3rico de Am\u00e9rica, el asentamiento de Jamestown cuenta la historia de la primera colonia inglesa permanente de Am\u00e9rica. Reviva la experiencia de la llegada de los colonos ingleses all\u00e1 por 1607 mientras aprende sobre sus matices culturales y todos los eventos que llevaron a la formaci\u00f3n de una nueva naci\u00f3n.<\/p>\r\n\r\n<img loading=\"lazy\" decoding=\"async\" src=\"https:\/\/westgatecdn.com\/2016\/05\/williamsburg-historic-plantation-300x216.jpg\" alt=\"williamsburg-historic-plantation\" width=\"300\" height=\"216\" class=\"alignleft size-medium wp-image-9341\" srcset=\"https:\/\/www.westgatereservations.com\/app\/uploads\/2016\/05\/williamsburg-historic-plantation-300x216.jpg 300w, https:\/\/www.westgatereservations.com\/app\/uploads\/2016\/05\/williamsburg-historic-plantation-100x72.jpg 100w, https:\/\/www.westgatereservations.com\/app\/uploads\/2016\/05\/williamsburg-historic-plantation.jpg 660w, https:\/\/www.westgatereservations.com\/app\/uploads\/2016\/05\/williamsburg-historic-plantation-368x265.jpg 368w, https:\/\/www.westgatereservations.com\/app\/uploads\/2016\/05\/williamsburg-historic-plantation-418x301.jpg 418w\" sizes=\"(max-width: 300px) 100vw, 300px\" \/>\r\n\r\n<p><strong>El hist\u00f3rico asentamiento de Jamestown es una de las populares atracciones de Williamsburg muy divertida para toda la familia, ya que ofrece pel\u00edculas, exposiciones en galer\u00edas y un incre\u00edble museo de historia viviente al aire libre. Un recorrido por el asentamiento de Jamestown le brinda la oportunidad de subir a bordo de r\u00e9plicas de los tres barcos que zarparon de Inglaterra a Virginia, mientras explora recreaciones de su fortaleza colonial y de un pueblo indio Powhatan. Los personajes disfrazados ayudan a dar vida a la aventura, con demostraciones de la vida cotidiana.\r\n<\/p>\r\n\r\n\r\n\r\n<p>En la aldea Powhatan, conocer\u00e1 a Pocahontas, hija de Powhatan, ver\u00e1 casas cubiertas de juncos, cultivos y un c\u00edrculo ceremonial o postes de madera tallados. Pruebe moler ma\u00edz, hacer jardiner\u00eda o incluso jugar un juego de dardos con las mazorcas de ma\u00edz.<\/p>\r\n\r\n<img loading=\"lazy\" decoding=\"async\" src=\"https:\/\/westgatecdn.com\/2016\/05\/williamsburg-historic-triangle-300x216.jpg\" alt=\"williamsburg-historic-triangle\" width=\"300\" height=\"216\" class=\"alignright size-medium wp-image-9337\" srcset=\"https:\/\/www.westgatereservations.com\/app\/uploads\/2016\/05\/williamsburg-historic-triangle-300x216.jpg 300w, https:\/\/www.westgatereservations.com\/app\/uploads\/2016\/05\/williamsburg-historic-triangle-100x72.jpg 100w, https:\/\/www.westgatereservations.com\/app\/uploads\/2016\/05\/williamsburg-historic-triangle.jpg 660w, https:\/\/www.westgatereservations.com\/app\/uploads\/2016\/05\/williamsburg-historic-triangle-368x265.jpg 368w, https:\/\/www.westgatereservations.com\/app\/uploads\/2016\/05\/williamsburg-historic-triangle-418x301.jpg 418w\" sizes=\"(max-width: 300px) 100vw, 300px\" \/>\r\n\r\n[custom_headline level=\"h3\" looks_like=\"h5\"]Aventuras hist\u00f3ricas[\/custom_headline]\r\n\r\n<p>Desde el Centro de Visitantes Hist\u00f3rico de Jamestown hasta las maravillosas galer\u00edas, el fuerte y los barcos, experimentar\u00e1 una aventura hist\u00f3rica \u00fanica en la vida. Sin embargo, el sitio hist\u00f3rico de Jamestown es solo una parte del Tri\u00e1ngulo Hist\u00f3rico.<\/p> \r\n\r\n\r\n<p>Retroceda en el tiempo y experimente la Am\u00e9rica primitiva en Williamsburg, Virginia. J\u00f3venes y adultos por igual disfrutar\u00e1n de una visita a esta capital restaurada de la Virginia colonial del siglo XVIII. Por su parte, la cercana Yorktown es el lugar de la \u00faltima gran batalla de la Guerra de la Revoluci\u00f3n. En el oto\u00f1o de 1781, el General George Washington, con tropas aliadas americanas y francesas, derrot\u00f3 al ej\u00e9rcito brit\u00e1nico liderado por el General Charles Lord Cornwallis, lo que puso fin a la guerra y asegur\u00f3 la independencia americana.<\/p>\r\n\r\n\r\n\r\n[custom_headline level=\"h4\" looks_like=\"h5\"]Westgate Historic Williamsburg Resort[\/custom_headline]\r\n\r\n<p><strong>El Westgate Historic Williamsburg Resort lo pone en el centro de todo, adem\u00e1s de brindarle relajantes alojamientos de \u00e9poca. El complejo est\u00e1 localizado a solo a 2.4 km (1.5 millas) de Colonial Williamsburg y a un corto trayecto en auto de Busch Gardens, Water Country USA, Yorktown y del asentamiento de Jametown.<\/p>\r\n\r\n[resorts ids=\"5975\"]\r\n\r\n[custom_headline level=\"h2\" looks_like=\"h3\"]Paquetes de vacaciones a Colonial Williamsburg[\/custom_headline]\r\n<!-- Packages-->\r\n[specials ids=\"8856,11495,10410\"]\r\n<!-- \/Packages-->\r\n\r\n\r\n<h5 class=\"center-text\">\u00a1Comience a planificar sus vacaciones en Colonial Williamsburg hoy mismo!\r\n<br\/>\r\nLl\u00e1menos hoy al  [phone_link][tel][\/phone_link]<\/h5>\r\n\r\n\r\n[gap size=\"3em\"]\r\n[line]\r\nExplore our list of tips, insider information and vacation packages that will make your Williamsburg vacation one full of experiences and only at a fraction of the cost: \r\n<br\/>\r\n[columnize class=\"mts\"]\r\n<ul>    \r\n<li><a href=\"\/es\/williamsburg\/attractions\/\"> Atracciones en Williamsburg<\/a><\/li>\r\n<li><a href=\"\/es\/williamsburg\/attractions\/busch-gardens\/\"> Busch Gardens Williamsburg<\/a><\/li>\r\n<li><a href=\"\/es\/williamsburg\/attractions\/historic-triangle\/\"> Williamsburg Tri\u00e1ngulo Hist\u00f3rico<\/a><\/li>\r\n<li><a href=\"\/es\/williamsburg\/attractions\/water-country-usa\/\"> Water Country USA Williamsburg<\/a><\/li>\r\n<li><a href=\"\/es\/williamsburg\/hotels\/\"> Hoteles en Williamsburg<\/a><\/li>\r\n<li><a href=\"\/es\/williamsburg\/vacation-packages\/\"> Paquetes de Vacaciones en Williamsburg<\/a><\/li>\r\n<\/ul>\r\n[\/columnize]\r\n[line]\r\n<\/div>\r\n<div class=\"x-column x-sm x-1-4 last\">[sidebar class=\"mtm\" sidebar_id=\"ups-sidebar-williamsburg-landingpage\"]<\/div>\r\n<\/div>\r\n<!--\/content 2\/3 - 1\/3-->\r\n\r\n[\/container]","protected":false},"excerpt":{"rendered":"<p>[content_band class=\"mtn mbl\" bg_image=\"https:\/\/westgatecdn.com\/2016\/05\/Jamestown-colonial-williamsburg.jpg\" inner_container=\"true\" parallax=\"false\" alt=\"Historic Jamestown Settlement\"] [custom_headline style=\"margin-top: 0; color:#ffffff;\" type=\"center\" level=\"h1\" looks_like=\"h2\"]Asentamiento hist\u00f3rico de Jamestown[\/custom_headline] [\/content_band] [container] [visibility type=\"visible-phone\"] Llame para reservar su paquete de vacaciones ... <\/p>\n<div><a href=\"https:\/\/www.westgatereservations.com\/es\/williamsburg\/attractions\/historic-jamestown-settlement\/\" class=\"more-link\">Leer M\u00e1s<\/a><\/div>\n","protected":false},"author":6,"featured_media":0,"parent":17540,"menu_order":0,"comment_status":"closed","ping_status":"closed","template":"template-blank-4.php","meta":{"footnotes":""},"_links":{"self":[{"href":"https:\/\/www.westgatereservations.com\/es\/wp-json\/wp\/v2\/pages\/17544"}],"collection":[{"href":"https:\/\/www.westgatereservations.com\/es\/wp-json\/wp\/v2\/pages"}],"about":[{"href":"https:\/\/www.westgatereservations.com\/es\/wp-json\/wp\/v2\/types\/page"}],"author":[{"embeddable":true,"href":"https:\/\/www.westgatereservations.com\/es\/wp-json\/wp\/v2\/users\/6"}],"replies":[{"embeddable":true,"href":"https:\/\/www.westgatereservations.com\/es\/wp-json\/wp\/v2\/comments?post=17544"}],"version-history":[{"count":0,"href":"https:\/\/www.westgatereservations.com\/es\/wp-json\/wp\/v2\/pages\/17544\/revisions"}],"up":[{"embeddable":true,"href":"https:\/\/www.westgatereservations.com\/es\/wp-json\/wp\/v2\/pages\/17540"}],"wp:attachment":[{"href":"https:\/\/www.westgatereservations.com\/es\/wp-json\/wp\/v2\/media?parent=17544"}],"curies":[{"name":"wp","href":"https:\/\/api.w.org\/{rel}","templated":true}]}}