{"id":17540,"date":"2025-03-23T12:00:44","date_gmt":"2025-03-23T16:00:44","guid":{"rendered":"https:\/\/www.westgatereservations.com\/williamsburg\/attractions\/"},"modified":"2025-04-08T11:46:56","modified_gmt":"2025-04-08T15:46:56","slug":"attractions","status":"publish","type":"page","link":"https:\/\/www.westgatereservations.com\/es\/williamsburg\/attractions\/","title":{"rendered":"Atracciones"},"content":{"rendered":"[content_band class=\"mtn mbl\" bg_image=\"https:\/\/westgatecdn.com\/2016\/04\/Busch-Gardens-Williamsburg-Alpengeist.jpg\" inner_container=\"true\" parallax=\"false\"]\r\n<div class=\"py-0 py-md-5\">\r\n<div class=\"py-2 py-md-5 my-0 my-md-5\">\r\n[custom_headline style=\"margin-top: 0; color:#ffffff;\" type=\"center\" level=\"h1\" looks_like=\"h2\"]Atracciones en Williamsburg[\/custom_headline]\r\n<\/div>\r\n<\/div>\r\n[\/content_band]\r\n[container]\r\n[visibility type=\"visible-phone\"]\r\n<a class=\"x-btn x-btn-block x-btn-rounded x-btn-regular btn-orange\" href=\"tel:[tel]\">\r\n<i class=\"x-icon-phone\"><\/i> Ll\u00e1menos hoy al <\/a>\r\n[gap size=\"2em\"]\r\n[\/visibility]\r\n<!--content 3\/4 - 1\/4-->\r\n<div>\r\n<div class=\"\">\r\n<p>\r\nUbicado en el coraz\u00f3n de la zona colonial de Williamsburg, <a href=\"[home_url]resorts\/westgate-historic-williamsburg-resort\/\">Westgate Historic Williamsburg Resort<\/a> ofrece un c\u00f3modo acceso a la zona hist\u00f3rica y a algunas de las atracciones m\u00e1s populares de Williamsburg, tiendas outlet y mucho m\u00e1s. Para las familias que buscan una experiencia \u00fanica, cerca de atracciones como Busch Gardens Williamsburg que ofrece aventuras emocionantes, incluyendo monta\u00f1as rusas que tendr\u00e1n a todos al borde de sus asientos.<\/p>\r\n\r\n<p>Con su mezcla de historia, emoci\u00f3n y diversi\u00f3n familiar, este es un destino perfecto para aquellos que buscan experimentar lo mejor del patrimonio y el entretenimiento de Norteam\u00e9rica. \u00a1Empieza a hacer tu lista de lugares para visitar y crea las vacaciones perfectas en Williamsburg para ti y tu familia con Westgate Resorts!<\/p> \r\n\r\n<h2>Actividades Divertidas para Hacer en Williamsburg, VA <\/h2>\r\n<!-- Attraction 1-->\r\n\t<div>\r\n<h3>Busch Gardens Williamsburg<\/h3>\r\n<p>Distancia desde Westgate Historic Williamsburg Resort: <a href=\"https:\/\/www.google.com\/maps\/dir\/Westgate+Historic+Williamsburg,+1324+Richmond+Road,+Williamsburg,+VA+23185\/Busch+Gardens+Williamsburg,+Busch+Gardens+Boulevard,+Williamsburg,+VA\/@37.2681848,-76.7129972,13z\/data=!3m1!4b1!4m13!4m12!1m5!1m1!1s0x89b0896f14adf2c5:0x91263444cbee8dc4!2m2!1d-76.7204732!2d37.2837939!1m5!1m1!1s0x89b07d5fca884c61:0xbcc368944bb80c82!2m2!1d-76.6462172!2d37.2347096\">6.7 millas<\/a><\/p>\r\n\t\t[column type=\"one-half\"] \r\n[image type=\"none\" float=\"none\" src=\"https:\/\/westgatecdn.com\/2016\/04\/Busch-Gardens-Williamsburg-Griffon.jpg\" alt=\"Busch Gardens in Williamsburg\" title=\"Busch Gardens in Williamsburg\"]\r\n\t\t[\/column]\r\n\t\t[column type=\"one-half\" last=\"true\"] \r\n<p><a href=\"\/es\/williamsburg\/attractions\/busch-gardens\/\">Busch Gardens Williamsburg<\/a> es uno de los destinos m\u00e1s populares de Williamsburg, VA, pero tambi\u00e9n es el ganador del premio al parque de atracciones m\u00e1s hermoso del mundo cada a\u00f1o desde que se estableci\u00f3 el premio en 1990. Inspirado por el encanto del siglo 17 y con toda la tecnolog\u00eda del siglo 21, Busch Gardens Williamsburg cuenta con m\u00e1s de 50 juegos y atracciones como Verbolten, Alpengeist y Griffon que lleva a sus pasajeros hasta a 205 pies de altura y luego los lanza 90 grados en l\u00ednea recta hacia abajo a 75 mph. \u00a1Y eso es solo el comienzo!\r\n<\/p>\r\n\r\n\t\t[\/column]\r\n[clear]\r\n\t<\/div>\r\n<!-- \/Attraction 1-->\r\n\r\n[line]\r\n<h6 class=\"left mtn mbn\">Tickets y Ofertas de Busch Gardens Williamsburg<\/h6><p class=\"right h6 mtn mbn\"> <a href=\"\/es\/williamsburg\/busch-gardens-tickets\/\">A partir<br class=\"x-visible-phone\"> DE: $49 &nbsp;<i class=\"fas fa-lg fa-chevron-circle-right\"><\/i><\/a><\/p>\r\n[clear]\r\n[line style=\"border: 1px solid #64b4e0;\"]\r\n\r\n\r\n<!-- Attraction 2-->\r\n\t<div>\r\n<h3>Water Country USA<\/h3>\r\n<p>Distancia desde Westgate Historic Williamsburg Resort: <a href=\"https:\/\/www.google.com\/maps\/dir\/Westgate+Historic+Williamsburg,+1324+Richmond+Road,+Williamsburg,+VA+23185\/Water+Country+USA,+176+Water+Country+Parkway,+Williamsburg,+VA+23185\/@37.2685975,-76.6914326,14z\/data=!3m1!4b1!4m13!4m12!1m5!1m1!1s0x89b0896f14adf2c5:0x91263444cbee8dc4!2m2!1d-76.7204732!2d37.2837939!1m5!1m1!1s0x89b0862c808c5c8f:0xbff05bb0e96a319!2m2!1d-76.635282!2d37.2616042\">6.3 milas<\/a><\/p>\r\n\t\t[column type=\"one-half\"] \r\n[image type=\"none\" float=\"none\" src=\"https:\/\/westgatecdn.com\/2016\/04\/Williamsburg-Water-Country-USA.jpg\" alt=\"Water Country USA\" title=\"Water Country USA in Williamsburg, VA\"]\r\n\t\t[\/column]\r\n\t\t[column type=\"one-half\" last=\"true\"] \r\n<p><a href=\"\/es\/williamsburg\/attractions\/water-country-usa\/\">Water Country USA<\/a>, el parque acu\u00e1tico al aire libre m\u00e1s grande de Virginia, \u00a1cuenta con m\u00e1s de 40 toboganes de agua, entretenimiento en vivo y piscinas refrescantes! Ubicado cerca de Busch Gardens, este emocionante parque acu\u00e1tico alberga la gran aventura: Colossal Curl, una atracci\u00f3n familiar que presenta una combinaci\u00f3n \u00fanica de elementos de embudo y olas.\r\n <\/p>\r\n<p>Los ni\u00f1os pueden chapotear y divertirse en los parques infantiles acu\u00e1ticos como H2O UFO y Cow-A-Bunga.<\/p>\r\n\t\t[\/column]\r\n[clear]\r\n\t<\/div>\r\n<!-- \/Attraction 2-->\r\n<!-- Attraction 3-->\r\n\t<div>\r\n<h3>Ripley's Believe it or Not<\/h3>\r\n<p>Distancia desde Westgate Historic Williamsburg Resort: <a href=\"https:\/\/www.google.com\/maps\/dir\/Westgate+Historic+Williamsburg,+1324+Richmond+Road,+Williamsburg,+VA+23185\/Ripley's+Believe+It+or+Not,+Richmond+Road,+Williamsburg,+VA\/@37.2895784,-76.7270294,16z\/data=!3m1!4b1!4m13!4m12!1m5!1m1!1s0x89b0896f14adf2c5:0x91263444cbee8dc4!2m2!1d-76.7204732!2d37.2837939!1m5!1m1!1s0x89b0895cf552b115:0x6f1c23c0eee8c21f!2m2!1d-76.7247974!2d37.2953459\">0.9 millas<\/a><\/p>\r\n\t\t[column type=\"one-half\"] \r\n[image type=\"none\" float=\"none\" src=\"https:\/\/westgatecdn.com\/2016\/04\/ripleys-believe-it-or-not-williamsburg.jpg\" alt=\"Ripley's Believe or Not in Williamsburg\" title=\"Ripley's Believe or Not in Williamsburg\"]\r\n\t\t[\/column]\r\n\t\t[column type=\"one-half\" last=\"true\"] \r\n<p>\u00bfQu\u00e9 ser\u00eda una experiencia de Ripley's Believe it Or Not sin que ocurriera algo raro? Prep\u00e1rate para experimentar un Odditorium con m\u00e1s de 350 exhibiciones, un Teatro 4D y un Laser Race. En esta \u00faltima, te adentrar\u00e1s en un laberinto lleno de l\u00e1seres donde deber\u00e1s encontrar la salida.\r\n <\/p>\r\n<p>Esta y muchas otras extra\u00f1as y divertidas atracciones de Ripley te esperan a pasos de nuestro Westgate Historic Williamsburg Resort. <\/p>\r\n\t\t[\/column]\r\n[clear]\r\n\t<\/div>\r\n<!-- \/Attraction 3-->\r\n<!-- Attraction 4-->\r\n\t<div>\r\n<h3>Colonial Williamsburg<\/h3>\r\n<p>Distancia desde Westgate Historic Williamsburg Resort: <a href=\"https:\/\/www.google.com\/maps\/dir\/Westgate+Historic+Williamsburg,+1324+Richmond+Road,+Williamsburg,+VA+23185\/Colonial+Williamsburg,+101+Visitor+Center+Drive,+Williamsburg,+VA+23185\/@37.2800132,-76.7140643,16z\/data=!4m14!4m13!1m5!1m1!1s0x89b0896f14adf2c5:0x91263444cbee8dc4!2m2!1d-76.7204732!2d37.2837939!1m5!1m1!1s0x89b0890920e2b94d:0x75c62cca2b935812!2m2!1d-76.6987216!2d37.2792376!5i1\">1.8 millas<\/a><\/p>\r\n\t\t[column type=\"one-half\"] \r\n[image type=\"none\" float=\"none\" src=\"https:\/\/westgatecdn.com\/2016\/04\/colonial-Williamsburg.jpg\" alt=\"Colonial Williamsburg\" title=\"Colonial Williamsburg\"]\r\n\t\t[\/column]\r\n\t\t[column type=\"one-half\" last=\"true\"] \r\n<p>Colonial Williamsburg es el museo vivo m\u00e1s grande del mundo, que da testimonio de la Revoluci\u00f3n Americana. Explora y experimenta los numerosos sitios de exposici\u00f3n, tiendas de comercio colonial y recorridos por distintos lugares. Incluso puedes participar en las actuaciones diarias en vivo que recrean y relatan los famosos eventos que condujeron a la Revoluci\u00f3n. Colonial Williamsburg cuenta con cientos de casas y edificios restaurados que van desde pintorescas tabernas y posadas hasta edificios gubernamentales. <\/p>\r\n\t\t[\/column]\r\n[clear]\r\n\t<\/div>\r\n<!-- \/Attraction 4-->\r\n\r\n[line]\r\n<h6 class=\"left mtn mbn\">Paquetes de Vacaciones en Williamsburg<\/h6><p class=\"right h6 mtn mbn\"> <a href=\"\/es\/williamsburg\/vacation-packages\/\"><br class=\"x-visible-phone\"> DESDE: $99 &nbsp;<i class=\"fas fa-lg fa-chevron-circle-right\"><\/i><\/a><\/p>\r\n[clear]\r\n[line style=\"border: 1px solid #64b4e0;\"]\r\n\r\n<!-- Attraction 5-->\r\n\t<div>\r\n<h3>Merchants Square<\/h3>\r\n<p>Distancia desde Westgate Historic Williamsburg Resort: <a href=\"https:\/\/www.google.com\/maps\/dir\/Westgate+Historic+Williamsburg,+1324+Richmond+Road,+Williamsburg,+VA+23185\/Colonial+Williamsburg's+Merchants+Square,+134+North+Henry+Street,+Williamsburg,+VA+23185\/@37.2800132,-76.7140643,16z\/data=!4m13!4m12!1m5!1m1!1s0x89b0896f14adf2c5:0x91263444cbee8dc4!2m2!1d-76.7204732!2d37.2837939!1m5!1m1!1s0x89b0890bb0df5f8f:0x7a75f7f7b2657274!2m2!1d-76.7066549!2d37.2714921\">1.2 miles<\/a><\/p>\r\n\t\t[column type=\"one-half\"] \r\n[image type=\"none\" float=\"none\" src=\"https:\/\/westgatecdn.com\/2016\/04\/Merchants-Square.jpg\" alt=\"Merchants Square\" title=\"Merchants Square\"]\r\n\t\t[\/column]\r\n\t\t[column type=\"one-half\" last=\"true\"] \r\n<p>Ubicada junto al \u00e1rea hist\u00f3rica de Williamsburg, Merchants Square es un pueblo comercial del siglo XVIII con m\u00e1s de 40 tiendas y restaurantes. Tanto los visitantes como los residentes locales experimentan con regularidad las ofertas de compras, restaurantes y eventos especiales de la plaza en un entorno incomparable lleno de belleza y elegancia.<\/p>\r\n\t\t[\/column]\r\n[clear]\r\n\t<\/div>\r\n<!-- \/Attraction 5-->\r\n<!-- Attraction 6-->\r\n\t<div>\r\n<h3>Hist\u00f3rica Jamestowne<\/h3>\r\n<p>Distancia desde Westgate Historic Williamsburg Resort: 7.8 millas<\/p>\r\n\t\t[column type=\"one-half\"] \r\n[image type=\"none\" float=\"none\" src=\"https:\/\/westgatecdn.com\/2016\/04\/Historic-Jamestowne.jpg\" alt=\"Historic Jamestowne\" title=\"Historic Jamestowne\"]\r\n\t\t[\/column]\r\n\t\t[column type=\"one-half\" last=\"true\"] \r\n<p><a href=\"\/es\/williamsburg\/attractions\/historic-jamestown-settlement\/\">La hist\u00f3rica Jamestowne<\/a>, una de las tres comunidades coloniales que forman el Tri\u00e1ngulo Hist\u00f3rico de Am\u00e9rica y tambi\u00e9n donde John Smith en compa\u00f1\u00eda estableci\u00f3 la primera colonia inglesa permanente en el Nuevo Mundo, est\u00e1 ubicada a pocos kil\u00f3metros del Westgate Historic Williamsburg Resort. Revive momentos como el primer D\u00eda de Acci\u00f3n de Gracias y aprende sobre los primeros colonos americanos en el Museo del Asentamiento de Jamestown o explora, escala y da rumbo a los barcos inspirados en el siglo XVII en el muelle.<\/p>\r\n\t\t[\/column]\r\n[clear]\r\n\t<\/div>\r\n<!-- \/Attraction 6-->\r\n<!-- Attraction 8-->\r\n\t<div>\r\n<h3>Yorktown, VA<\/h3>\r\n<p>Distancia desde Westgate Historic Williamsburg Resort:<a href=\"https:\/\/www.google.com\/maps\/dir\/Westgate+Historic+Williamsburg,+1324+Richmond+Road,+Williamsburg,+VA+23185\/Yorktown,+VA\/@37.2572759,-76.6856201,12z\/data=!3m1!4b1!4m13!4m12!1m5!1m1!1s0x89b0896f14adf2c5:0x91263444cbee8dc4!2m2!1d-76.7204732!2d37.2837939!1m5!1m1!1s0x89b07e380e35244f:0x4975b4e857c250c9!2m2!1d-76.5096731!2d37.2387556\"> 13.1 millas<\/a><\/p>\r\n\t\t[column type=\"one-half\"] \r\n[image type=\"none\" float=\"none\" src=\"https:\/\/westgatecdn.com\/2016\/04\/historic-yorktown-battlefield.jpg\" alt=\"Yorktown\" title=\"Yorktown\"]\r\n\t\t[\/column]\r\n\t\t[column type=\"one-half\" last=\"true\"] \r\n<p>Yorktown es el hogar del campo de batalla donde se libr\u00f3 la batalla m\u00e1s decisiva de la Guerra Revolucionaria, convirti\u00e9ndolo as\u00ed en una parte clave del <a href=\"https:\/\/www.westgatereservations.com\/es\/williamsburg\/attractions\/historic-triangle\/\">Tri\u00e1ngulo Hist\u00f3rico<\/a>. Las recreaciones en el Centro de la Victoria de Yorktown dan vida a la historia y te ubican en medio de la emoci\u00f3n revolucionaria.\r\n<\/p>\r\n<p>Junto con la Jamestowne hist\u00f3rica y la Williamsburg colonial, estas tres comunidades deber\u00edan estar definitivamente en tu lista de <a href=\"\/es\/williamsburg\/attractions\/\">atracciones de Williamsburg<\/a> para visitar.<\/p>\r\n\r\n\t\t[\/column]\r\n[clear]\r\n\t<\/div>\r\n<!-- \/Attraction 8-->\r\n\r\n[line]\r\n<h6 class=\"left mtn mbn\">Westgate Historic Williamsburg Resort<\/h6><p class=\"right h6 mtn mbn\"> <a href=\"\/es\/resorts\/westgate-historic-williamsburg-resort\/\">VER <br class=\"x-visible-phone\"> DISPONIBILIDAD &nbsp;<i class=\"fas fa-lg fa-chevron-circle-right\"><\/i><\/a><\/p>\r\n[clear]\r\n[line style=\"border: 1px solid #64b4e0;\"]\r\n\r\n<!-- Attraction 9-->\r\n\t<div>\r\n[custom_headline level=\"h3\" looks_like=\"h4\" class=\"mtm\"]Recorrido de Fantasmas[\/custom_headline]\r\n<p>Distancia desde Westgate Historic Williamsburg Resort:<a href=\"https:\/\/www.google.com\/maps\/dir\/Westgate+Historic+Williamsburg,+1324+Richmond+Road,+Williamsburg,+VA+23185\/Colonial+Ghosts,+424+West+Duke+of+Gloucester+Street,+Williamsburg,+VA+23185\/@37.2778955,-76.722217,15z\/data=!3m1!4b1!4m13!4m12!1m5!1m1!1s0x89b0896f14adf2c5:0x91263444cbee8dc4!2m2!1d-76.7204732!2d37.2837939!1m5!1m1!1s0x89b0890a4709c279:0x6eea9bdb316a4d46!2m2!1d-76.706454!2d37.270834\"> 1.4 millas<\/a><\/p>\r\n\t\t[column type=\"one-half\"] \r\n[image type=\"none\" float=\"none\" src=\"https:\/\/westgatecdn.com\/2016\/04\/ghost-tours-williamsburg.jpg\" alt=\"Ghost Tours\" title=\"Ghost Tours\"]\r\n\t\t[\/column]\r\n\t\t[column type=\"one-half\" last=\"true\"] \r\n<p>\u00bfQuieres llevar tu lista de \"Cosas que hacer en Williamsburg\" al siguiente nivel? \u00a1Entonces atr\u00e9vete a escuchar algunas de las historias m\u00e1s espeluznantes y recorrer edificios inquietantes en Colonial Williamsburg, gracias a un aterrador Recorrido de Fantasmas en Williamsburg!\r\n <\/p>\r\n<p>Descubrir\u00e1s una gran variedad de otros recorridos y atracciones m\u00e1s familiares y menos atemorizantes.<\/p>\r\n\t\t[\/column]\r\n[clear]\r\n\t<\/div>\r\n<!-- \/Attraction 9-->\r\n[gap size=\"1em\"]\r\n<h5 class=\"center-text\">\u00a1Comienza hoy mismo a planear tus vacaciones en Williamsburg!<br\/>\r\nLl\u00e1menos hoy al   [phone_link][tel][\/phone_link]<\/h5>\r\n[gap size=\"3em\"]\r\n\r\n<\/div>\r\n<\/div>\r\n<!--\/content 2\/3 - 1\/3-->\r\n\r\n[\/container]\r\n\r\n","protected":false},"excerpt":{"rendered":"<p>[content_band class=\"mtn mbl\" bg_image=\"https:\/\/westgatecdn.com\/2016\/04\/Busch-Gardens-Williamsburg-Alpengeist.jpg\" inner_container=\"true\" parallax=\"false\"] [custom_headline style=\"margin-top: 0; color:#ffffff;\" type=\"center\" level=\"h1\" looks_like=\"h2\"]Atracciones en Williamsburg[\/custom_headline] [\/content_band] [container] [visibility type=\"visible-phone\"] Ll\u00e1menos hoy al [gap size=\"2em\"] [\/visibility] Ubicado en el coraz\u00f3n de ... <\/p>\n<div><a href=\"https:\/\/www.westgatereservations.com\/es\/williamsburg\/attractions\/\" class=\"more-link\">Leer M\u00e1s<\/a><\/div>\n","protected":false},"author":6,"featured_media":0,"parent":17523,"menu_order":0,"comment_status":"closed","ping_status":"closed","template":"template-blank-4.php","meta":{"footnotes":""},"_links":{"self":[{"href":"https:\/\/www.westgatereservations.com\/es\/wp-json\/wp\/v2\/pages\/17540"}],"collection":[{"href":"https:\/\/www.westgatereservations.com\/es\/wp-json\/wp\/v2\/pages"}],"about":[{"href":"https:\/\/www.westgatereservations.com\/es\/wp-json\/wp\/v2\/types\/page"}],"author":[{"embeddable":true,"href":"https:\/\/www.westgatereservations.com\/es\/wp-json\/wp\/v2\/users\/6"}],"replies":[{"embeddable":true,"href":"https:\/\/www.westgatereservations.com\/es\/wp-json\/wp\/v2\/comments?post=17540"}],"version-history":[{"count":0,"href":"https:\/\/www.westgatereservations.com\/es\/wp-json\/wp\/v2\/pages\/17540\/revisions"}],"up":[{"embeddable":true,"href":"https:\/\/www.westgatereservations.com\/es\/wp-json\/wp\/v2\/pages\/17523"}],"wp:attachment":[{"href":"https:\/\/www.westgatereservations.com\/es\/wp-json\/wp\/v2\/media?parent=17540"}],"curies":[{"name":"wp","href":"https:\/\/api.w.org\/{rel}","templated":true}]}}