{"id":17519,"date":"2018-12-12T11:57:08","date_gmt":"2018-12-12T16:57:08","guid":{"rendered":"https:\/\/www.westgatereservations.com\/timeshare\/"},"modified":"2025-09-03T13:32:36","modified_gmt":"2025-09-03T17:32:36","slug":"timeshare","status":"publish","type":"page","link":"https:\/\/www.westgatereservations.com\/es\/timeshare\/","title":{"rendered":"Tiempo Compartido"},"content":{"rendered":"<div class=\"x-container max width\">\r\n    [gap size=\"3em\"]\r\n    <div class=\"x-column x-sm x-3-4\">\r\n        <div style=\"padding:2em; background-image: url(https:\/\/westgatecdn.com\/2018\/12\/westgate-timeshare-1.jpg);\" class=\"background-cover\">\r\n            <div class=\"pal mtl mbl\">\r\n                [clear]\r\n                <h1 class=\"h2 man white\">Tiempo Compartido<\/h1>\r\n                <p class=\"white h5 mtn\"><strong>Experimente los placeres del tiempo compartido de los Westgate Resorts<\/strong><\/p>\r\n                [clear]\r\n                <a href=\"\/es\/search\/\"  class=\"x-btn x-btn-medium btn-orange mtm\"> Reserve sus vacaciones <\/a>\r\n            <\/div>\r\n        <\/div>\r\n        [clear]                \r\n        <h2 class=\"h3\">Disfrute de una vacaci\u00f3n de tiempo compartido<\/h2>\r\n        <p>Cuando se trata de pasar tiempo en familia, no hay nada como vacacionar en un tiempo compartido. Los propietarios de tiempo compartido pueden disfrutar de unas vacaciones de ensue\u00f1o en lujosas propiedades vacacionales a\u00f1o tras a\u00f1o. Con el tiempo compartido, ser\u00e1 el propietario de parte de una casa de vacaciones espaciosa y lujosa en un destino popular de su elecci\u00f3n. Apreciar\u00e1 tener todas las comodidades de su hogar, sin mencionar una larga lista de amenidades y actividades exclusivas de estilo resort que mantendr\u00e1n a toda la familia feliz y en actividad. Con nuestras propiedades vacacionales estar\u00e1 en el coraz\u00f3n mismo de la diversi\u00f3n, cerca de atracciones populares en los destinos m\u00e1s buscados de los Estados Unidos. Mejor a\u00fan, tambi\u00e9n podr\u00e1 usar una empresa de intercambio asociada si deseara intercambiar destinos en otras propiedades lujosas de todo el mundo.<\/p>\r\n    <\/div>\r\n    <div class=\"x-column x-sm x-1-4 last\">\r\n        <!-- topnav -->\r\n        [content-block name=\"timeshare-silo-top-nav-es\"]\r\n        <!--\/topnav-->\r\n        [content-block name=\"call-hours\"]\r\n    <\/div>\r\n    [clear]\r\n    [gap size=\"2em\"]\r\n<\/div>\r\n<!---->\r\n<div style=\"background-color: rgba(25,33,44,.9);\">\r\n    <div class=\"x-container max width\">\r\n        <div class=\"x-content-band marginless-columns mbn ptm pbm\">\r\n[gap size=\"1em\" class=\"x-hidden-phone\"]\r\n            <div class=\"x-container\">\r\n                <div class=\"x-column x-sm x-1-4\" style=\"vertical-align: middle;\">\r\n                    <h2 class=\"h3 man white\">\u00a1Inicie su aventura!<\/h2>\r\n                <\/div>\r\n                <div class=\"x-column x-sm x-3-4 last\">\r\n                    [search-availability layout=\"horizontal\" hide_title=\"true\" class=\"no-bg pan\"]\r\n                <\/div>\r\n            <\/div>\r\n[gap size=\"1em\" class=\"x-hidden-phone\"]\r\n        <\/div>\r\n    <\/div>\r\n<\/div>\r\n<!---->\r\n\r\n<div class=\"x-container max width ptl pbl\">\r\n    <div class=\"center-text\">\r\n        <h3 class=\"center-text mbm\">S\u00famese a los Westgate Resorts en sus pr\u00f3ximas vacaciones familiares<\/h3>\r\n        <p>Haga de todas sus vacaciones un tiempo de ensue\u00f1o. En Westgate Resorts le ofrecemos una extensa lista de planes de vacaciones. Como propietario de tiempo compartido, ya no tendr\u00e1 que pasar sus vacaciones en una peque\u00f1a habitaci\u00f3n de hotel. Ser\u00e1 propietario de bienes ra\u00edces y tendr\u00e1 el derecho de usar su semana de tiempo compartido en muchos destinos populares. Podr\u00e1 incluso elegir el tama\u00f1o de su unidad, as\u00ed como el complejo de tiempo compartido. Existen varias medidas de unidades, desde suites studio de amplio espacio a enormes villas de una, dos y tres habitaciones o incluso suites m\u00e1s grandes que albergan hasta 16 personas.<\/p>\r\n        [gap size=\"2em\"]\r\n    <\/div>\r\n    [specials ids=\"3919,13549,4431\"]\r\n    [gap size=\"1em\"]\r\n<\/div>\r\n\r\n<div class=\"x-content-band center-text bg-image marginless-columns pan\">\r\n    <div class=\"x-container\">\r\n        <div class=\"x-column x-sm x-1-2 background-cover\" style=\"background-image: url(https:\/\/westgatecdn.com\/2018\/12\/westgate-timeshare-special.jpg);\">\r\n            <div class=\"x-visible-phone\" style=\"height:200px;\"><\/div>\r\n        <\/div>\r\n        <div class=\"x-column x-sm x-1-2 white center-text\" style=\"background-color: #232c35;\">\r\n            <div class=\"pal\">\r\n                <div class=\"x-column x-sm x-1-9\">\r\n                <\/div>\r\n                <div class=\"x-column x-sm x-7-9\">\r\n                    <hr class=\"x-gap x-hidden-phone mam\">\r\n                    <hr class=\"x-gap x-hidden-phone mal\">\r\n                        <h3 class=\"white mtn\">Especiales de tiempo compartido<\/h3>\r\n                        <hr class=\"x-gap\" style=\"margin: 15px 0 0 0;\">\r\n                        <p>Deje de alquilar y empiece a ser due\u00f1o de sus vacaciones. Westgate Resorts ofrece actualmente una amplia variedad de paquetes vacacionales con descuentos \u00fanicos en propiedades de tiempo compartido que incluyen parques tem\u00e1ticos, playas, monta\u00f1as y m\u00e1s. Si usted es un potencial  interesado en comprar un tiempo compartido, en Westgate podr\u00e1 experimentar el lujo y los beneficios de unas vacaciones de tiempo compartido de primer nivel. Nuestros especiales de tiempo compartido hoy mismo y comience a crear una vida de recuerdos para su familia.<\/p>\r\n                        <a href=\"\/es\/timeshare\/promotions-and-deals\/\" class=\"x-btn x-btn-large btn-orange\"> Vea las ofertas de tiempo compartido <\/a>\r\n                     <hr class=\"x-gap x-hidden-phone mal\">\r\n                     <hr class=\"x-gap x-hidden-phone mam\">\r\n                <\/div>\r\n                <div class=\"x-column x-sm x-1-9\">\r\n                <\/div>\r\n            <\/div>\r\n           \r\n        <\/div>\r\n    <\/div>\r\n    [gap size=\"1em\"]\r\n<\/div>\r\n\r\n<div class=\"x-container max width ptl pbl\">\r\n    <div class=\"ta responsive\">\r\n        [column type=\"1\/2\" fade=\"true\" fade_animation=\"in-from-right\" fade_animation_offset=\"40px\" class=\"tc x-1-2-push rel last background-cover\" style=\"background-image: url(https:\/\/westgatecdn.com\/2018\/12\/westgate-timeshare-resorts.jpg);\"]\r\n            <div class=\"x-visible-phone\" style=\"height:200px;\"><\/div>\r\n        [\/column]\r\n        <div class=\"tc x-column x-sm x-1-2 x-1-2-pull rel\">\r\n            [gap size=\"1em\" class=\"x-visible-phone\"]\r\n            <h3 class=\"h3 man mbs\">Nuestros Resorts<\/h3>\r\n            <p>Westgate Resorts ofrece oportunidades de tiempo compartido en destinos de vacaciones favoritos que incluyen:\r\n[columnize]\r\n<ul>\r\n<li>Orlando, FL<\/li>\r\n<li>Las Vegas, NV<\/li>\r\n<li>Gatlinburg, TN<\/li>\r\n<li>Myrtle Beach, SC<\/li>\r\n<li>Williamsburg, VA<\/li>\r\n<li>Branson, MO<\/li>\r\n<li>Cocoa Beach, FL<\/li>\r\n<\/ul>\r\n[\/columnize]\r\nLa elecci\u00f3n es suya. Puede alojarse en un resort a pasos del Walt Disney World Resort, disfrutar de alojamiento en primera l\u00ednea de playa, experimentar la belleza de las Great Smoky Mountains o probar los juegos de casino de la suerte.<\/p>\r\n<p>Nuestros resorts vacacionales cuentan con amplias \u00e1reas de estar con c\u00f3modos muebles de cuero, televisores de pantalla gigante y mucho espacio para usted y los ni\u00f1os. Contar\u00e1 con habitaciones separadas para mayor privacidad. Hay patios y balcones privados y todas las dem\u00e1s comodidades de un hogar. Tendr\u00e1 tambi\u00e9n una cocina totalmente equipada que le permitir\u00e1 ahorrar el dinero de cenas en restaurantes. <\/p>\r\n<p>Seg\u00fan la ubicaci\u00f3n, nuestros resorts tambi\u00e9n ofrecen amenidades exclusivas como m\u00faltiples piscinas climatizadas y jacuzzis, parques acu\u00e1ticos, restaurantes, minigolf, botes de remo, gimnasios, spas de primera clase y mucho m\u00e1s.<\/p>\r\n            <a href=\"\/es\/resorts\/\" class=\"x-btn x-btn-large btn-orange\"> Vea los destinos de los Westgate Resorts <\/a>\r\n        <\/div>\r\n        [clear]\r\n    <\/div>\r\n    [gap size=\"3em\"]\r\n    <div class=\"ta responsive\">\r\n        [column type=\"1\/2\" fade=\"true\" fade_animation=\"in-from-left\" fade_animation_offset=\"40px\" class=\"tc rel background-cover\" style=\"background-image: url(https:\/\/westgatecdn.com\/2018\/12\/westgate-vacation.jpg);\"]\r\n        <div class=\"x-hidden-phone\" style=\"height:300px;\"><\/div>\r\n        <div class=\"x-visible-phone\" style=\"height:200px;\"><\/div>\r\n        [\/column]\r\n        <div class=\"tc x-column x-sm x-1-2 x-mr-push rel\">\r\n            [gap size=\"1em\" class=\"x-visible-phone\"]\r\n            <h3 class=\"h3 man mbs\">Vacaciones flexibles<\/h3>\r\n            <p>Vacacionar en un tiempo compartido pone el mundo en sus manos. Podr\u00e1 volver a \"casa\" a un resort de destino tur\u00edstico familiar a\u00f1o tras a\u00f1o. Podr\u00e1 tambi\u00e9n intercambiar sus vacaciones para disfrutar de cualquiera de las otras hermosas propiedades de Westgate Resorts en todo el pa\u00eds, incluso utilizar un intercambio de tiempo compartido para experimentar miles de otras incre\u00edbles opciones de tiempo compartido en todo el mundo.<\/p>\r\n            <a href=\"https:\/\/www.westgatereservations.com\/es\/timeshare\/vacations\/\" class=\"x-btn x-btn-large btn-orange\"> Vacaciones de tiempo compartido <\/a>\r\n        <\/div>\r\n        [clear]\r\n    <\/div>\r\n    [gap size=\"3em\"]\r\n<\/div>\r\n\r\n\r\n\r\n<!-- call banner-->\r\n<div style=\"background: #232c35;\">\r\n    <div class=\"x-container max width\">\r\n        [gap size=\"1em\"]\r\n        <div class=\"x-column x-sm x-2-3 white stack-center-m pas\">\r\n            <h5 class=\"font-lighter white man\">Reserve hoy mismo sus vacaciones de tiempo compartido<\/h5>\r\n            <p>\u00a1Llame ahora para obtener los \u00faltimos descuentos en los paquetes vacacionales de tiempo compartido de su elecci\u00f3n!<\/p>\r\n        <\/div>\r\n        <div class=\"x-column x-sm x-1-3 pam last\">\r\n            [phone_link class=\"x-btn x-btn-block btn-orange\"]Comun\u00edquese al [tel][\/phone_link]\r\n            [gap size=\"1em\" class=\"x-visible-phone\"]\r\n        <\/div>\r\n    <\/div>\r\n<\/div>\r\n<!--\/call banner-->\r\n\r\n\r\n","protected":false},"excerpt":{"rendered":"<p>[gap size=\"3em\"] [clear] Tiempo Compartido Experimente los placeres del tiempo compartido de los Westgate Resorts [clear] Reserve sus vacaciones [clear] Disfrute de una vacaci\u00f3n de tiempo compartido Cuando se trata ... <\/p>\n<div><a href=\"https:\/\/www.westgatereservations.com\/es\/timeshare\/\" class=\"more-link\">Leer M\u00e1s<\/a><\/div>\n","protected":false},"author":2,"featured_media":0,"parent":0,"menu_order":0,"comment_status":"closed","ping_status":"closed","template":"template-blank-4.php","meta":{"footnotes":""},"_links":{"self":[{"href":"https:\/\/www.westgatereservations.com\/es\/wp-json\/wp\/v2\/pages\/17519"}],"collection":[{"href":"https:\/\/www.westgatereservations.com\/es\/wp-json\/wp\/v2\/pages"}],"about":[{"href":"https:\/\/www.westgatereservations.com\/es\/wp-json\/wp\/v2\/types\/page"}],"author":[{"embeddable":true,"href":"https:\/\/www.westgatereservations.com\/es\/wp-json\/wp\/v2\/users\/2"}],"replies":[{"embeddable":true,"href":"https:\/\/www.westgatereservations.com\/es\/wp-json\/wp\/v2\/comments?post=17519"}],"version-history":[{"count":0,"href":"https:\/\/www.westgatereservations.com\/es\/wp-json\/wp\/v2\/pages\/17519\/revisions"}],"wp:attachment":[{"href":"https:\/\/www.westgatereservations.com\/es\/wp-json\/wp\/v2\/media?parent=17519"}],"curies":[{"name":"wp","href":"https:\/\/api.w.org\/{rel}","templated":true}]}}