{"id":17517,"date":"2019-02-25T11:39:15","date_gmt":"2019-02-25T16:39:15","guid":{"rendered":"https:\/\/www.westgatereservations.com\/vacation-deals\/weekend\/"},"modified":"2024-04-16T10:04:01","modified_gmt":"2024-04-16T14:04:01","slug":"weekend","status":"publish","type":"page","link":"https:\/\/www.westgatereservations.com\/es\/vacation-deals\/weekend\/","title":{"rendered":"Ofertas de Vacaciones de Fin de Semana"},"content":{"rendered":"<div class=\"fw-absolute ptm\">\r\n<div class=\"fw-container\">\r\n    <img class=\"banner\" ng-cloak ng-src=\"{{app.data.is_mobile && 'https:\/\/westgatecdn.com\/2019\/06\/weekend-vacation-packages.jpg' || 'https:\/\/westgatecdn.com\/2019\/06\/weekend-vacation-deals-1.jpg'}}\" alt=\"Ofertas de Vacaciones de Fin de Semana\">\r\n<\/div>\r\n    <div class=\"x-container max width dshadow x-hidden-phone\" style=\"position: relative;\">\r\n        <h1 class=\"man ptm white center-text\">Ofertas de Vacaciones de Fin de Semana\r\n <\/h1>\r\n        <div class=\"h5 man ptm white center-text\">\u00a1Encuentre su aventura favorita!\r\n<\/div>\r\n        <div class=\"center-text white mbl mts\">\r\n        <span>DESDE: <\/span><span class=\"h1 white\">$99<\/span> \/PAQUETE<\/span>\r\n        <\/div>\r\n    <\/div>\r\n    [gap size=\"1em\" class=\"x-hidden-phone\"]\r\n    <div class=\"x-container max width search-ow-resort availability-search\">\r\n        <div class=\"x-visible-phone\">\r\n            <h1 class=\"dshadow man pts white center-text\">Ofertas de vacaciones de fin de semana\r\n<\/h1>\r\n            <div class=\"dshadow h5 man pts white center-text\">\u00a1Encuentre su aventura favorita!\r\n<\/div>\r\n            <div class=\"availability-horizontal center-text\">\r\n                <span class=\"no-break\"><span class=\"white\">DESDE: <\/span><span class=\"price white\"><b>$99<\/b><\/span> <span class=\"white\">\/PAQUETE<\/span><\/span>\r\n            <\/div>\r\n        <\/div>\r\n        <div class=\"x-content-band marginless-columns mbn ptn pbn\">\r\n            <div class=\"x-container\">\r\n                [gap size=\"1em\"]\r\n            [search-availability layout=\"horizontal\" hide_title=\"true\" class=\"no-bg pan\"]\r\n                [gap size=\"1em\" class=\"x-hidden-phone\"]\r\n            <\/div>\r\n        <\/div>\r\n    <\/div>\r\n    [gap size=\"1em\" class=\"x-visible-phone\"]\r\n<\/div>\r\n\r\n\r\n\r\n<div class=\"center-text x-breadcrumb-wrap x-visible-phone\">\r\n [subscribe modal=\"true\" trigger=\"link\" show_name=\"true\" trigger_content=\"<i class=\"fas fa-envelope \" aria-hidden=\"true\"><\/i>Sign up for the <b>latest<\/b> deal alerts\"]\r\n<\/div>\r\n<div class=\"x-container max width mtl\">\r\n    [gap size=\"1em\"]\r\n    <div class=\"x-column x-sm x-1-4\">\r\n        <div class=\"email-sidebar mbl x-hidden-phone\">\r\n            [subscribe headline=\"Sign up for special offers and coupon codes\" show_name=\"true\" class=\"pan man\" confirm_content=\"<div class='pam' style='background:#a3d2b4; color:#fff;'><h6 class='mts'>Thanks for signing up! <br\/> Be sure to check your email for more savings!<\/h6> <\/div>\"]\r\n        <\/div>\r\n        [content-block name=\"call-hours\"]\r\n    <\/div>\r\n    <div class=\"x-column x-sm x-3-4 last\">\r\n\r\n\r\n<!-- Intro -->\r\n    <h2 class=\"h3 mtn mbs stack-center-m\">Ofertas y paquetes de vacaciones de fin de semana<\/h2>\r\n        <div class=\"x-column x-sm x-1-3 mbm\">\r\n            <wf-scroll hash=\"orl\" class=\"x-btn x-btn-block btn-gray x-btn-transparent\">Ofertas a Orlando<\/wf-scroll>\r\n        <\/div>\r\n        <div class=\"x-column x-sm x-1-3 mbm\">\r\n            <wf-scroll hash=\"gat\" class=\"x-btn x-btn-block btn-gray x-btn-transparent\">Ofertas a Gatlinburg<\/wf-scroll>\r\n        <\/div>\r\n        <div class=\"x-column x-sm x-1-3 last mbm\">\r\n            <wf-scroll hash=\"bran\" class=\"x-btn x-btn-block btn-gray x-btn-transparent\">Ofertas a Branson<\/wf-scroll>\r\n        <\/div>\r\n        [clear]\r\n         <div class=\"x-column x-sm x-1-3 mbm\">\r\n            <wf-scroll hash=\"cocoa\" class=\"x-btn x-btn-block btn-gray x-btn-transparent\">Ofertas a Cocoa Beach<\/wf-scroll>\r\n        <\/div>\r\n        <div class=\"x-column x-sm x-1-3 mbm\">\r\n            <wf-scroll hash=\"will\" class=\"x-btn x-btn-block btn-gray x-btn-transparent\">Ofertas a Williamsburg<\/wf-scroll>\r\n        <\/div>\r\n        <div class=\"x-column x-sm x-1-3 last mbm\">\r\n            <wf-scroll hash=\"lv\" class=\"x-btn x-btn-block btn-gray x-btn-transparent\">Ofertas a Las Vegas<\/wf-scroll>\r\n        <\/div>\r\n        [clear]\r\n        <p class=\"mtm\">Hay veces en que una escapadita de fin de semana es todo lo que se necesita para cambiar de actitud y perspectiva. Especialmente cuando puede alejarse de un destino popular y disfrutar de las exclusivas amenidades de un resort. En Westgate Resorts, ofrecemos una gran variedad de escapadas de fin de semana a una serie de emocionantes destinos en todo Estados Unidos. Ya sea que desee visitar Disney World, montar las monta\u00f1as rusas, emprender una caminata por las Grandes Monta\u00f1as Humeantes (Great Smoky Mountains), probar suerte en los casinos, o simplemente distenderse en la playa con un buen libro, tenemos para ofrecerle la escapadita ideal que necesita. \u00a1Solo escoja el destino y nosotros le proporcionaremos un lujoso alojamiento con las mejores amenidades que valdr\u00e1n cada d\u00eda de su estad\u00eda!<\/p>\r\n[line]\r\n<!--\/-->\r\n\r\n\r\n<!-- Orlando destination -->\r\n<div id=\"orl\"><\/div>\r\n    <h2 class=\"h3 mtl mbs stack-center-m\">Ofertas de fin de semana a Orlando:<\/h3>\r\n        <p>\u00a1An\u00edmese a una escapadita corta de fin de semana al estado del sol! Elija entre una serie de excepcionales propiedades en los resorts de Orlando y disfrute de paquetes de descuento que incluyen entradas para los parques tem\u00e1ticos de Disney World, Universal Orlando, SeaWorld y muchas otras atracciones populares en todo Florida central.<\/p>\r\n    [specials ids=\"11062,5663,5658,5661\"]\r\n<!--\/-->\r\n[line]\r\n\r\n<!-- Disney destination -->\r\n<div id=\"gat\"><\/div>\r\n    <h3 class=\"h3 mtl mbm stack-center-m\" >Ofertas de fin de semana en Gatlinburg:<\/h3>\r\n        <p>Una de las mejores maneras de relajarse y alejarse de todo es con una escapada de fin de semana a la hermosa Gatlinburg, TN, la puerta de entrada a Great Smoky Mountains National Park. Gatlinburg le ofrece un lugar en la monta\u00f1a donde podr\u00e1 hacer senderismo, pescar y explorar el aire libre o disfrutar de pintorescas tiendas, restaurantes, galer\u00edas y otras atracciones.<\/p>\r\n    [specials ids=\"12058\"] \r\n<!--\/-->\r\n[line]\r\n\r\n<!-- Disney destination -->\r\n<div id=\"bran\"><\/div>\r\n    <h3 class=\"h3 mtl mbm stack-center-m\" >Ofertas de fin de semana a Branson:<\/h3>\r\n        <p>Pasar un fin de semana largo en Branson, MO, no toma mucho tiempo y es ideal para una breves vacaciones en familia. Este destino ofrece m\u00e1s de 100 espect\u00e1culos y conciertos en vivo. Tambi\u00e9n puede navegar y pescar en los hermosos lagos de Branson, caminar por las monta\u00f1as Ozark o disfrutar de paseos, monta\u00f1as rusas, m\u00fasica, entretenimientos en vivo y ver artesan\u00edas en el parque tem\u00e1tico de Silver Dollar City.<\/p>\r\n    [specials ids=\"5641,10400\"]\r\n<!--\/-->\r\n[line]\r\n\r\n<!-- Disney destination -->\r\n<div id=\"cocoa\"><\/div>\r\n    <h3 class=\"h3 mtl mbm stack-center-m\" >Cocoa Beach Weekend Deals:<\/h3>\r\n        <p>Qu\u00e9 mejor que un relajante fin de semana en la playa con la arena escurri\u00e9ndose entre los dedos de los pies y las olas rompiendo a solo unos metros de distancia. Cocoa Beach cuenta con un oleaje perfecto para el surf, de los mejores en la costa este. Adem\u00e1s, encontrar\u00e1 muchas atracciones para recorrer en la zona, como el cercano Complejo de Visitantes del Centro Espacial Kennedy. Y si es est\u00e1 en su d\u00eda de suerte, \u00a1podr\u00e1 ver un lanzamiento de cohetes de verdad!<\/p>\r\n    [specials ids=\"12882\"] \r\n<!--\/-->\r\n[line]\r\n\r\n<!-- Disney destination -->\r\n<div id=\"will\"><\/div>\r\n    <h3 class=\"h3 mtl mbm stack-center-m\" >Ofertas de fin de semana a Williamsburg:<\/h3>\r\n        <p>Solo hace falta un fin de semana para retroceder en el tiempo y explorar la Am\u00e9rica colonial en la hist\u00f3rica Williamsburg, VA. Disfrute de los edificios hist\u00f3ricos y las recreaciones en Colonial Williamsburg. De un paseo por las calles que una vez camin\u00f3 George Washington. Puede visitar tambi\u00e9n Busch Gardens Williamsburg y disfrutar de una sana diversi\u00f3n en el parque tem\u00e1tico m\u00e1s bello del mundo.<\/p>\r\n    [specials ids=\"5666\"] \r\n<!--\/-->\r\n[line]\r\n\r\n<!-- Disney destination -->\r\n<div id=\"lv\"><\/div>\r\n    <h3 class=\"h3 mtl mbm stack-center-m\" >Ofertas de fin de semana a Las Vegas:<\/h3>\r\n        <p>\u00bfBusca una excitante aventura de fin de semana? Las Vegas es el lugar ideal donde podr\u00e1 probar su suerte en los juegos de casino, asistir a un concierto en vivo, a un espect\u00e1culo pleno de magia o a cualquiera de las mega producciones que Las Vegas tiene para ofrecerle. Tambi\u00e9n podr\u00e1 conocer la represa Hoover o explorar los muchos casinos de los resorts m\u00e1s importantes que se extienden a todo lo largo de la Franja de Las Vegas (Vegas Strip). O simplemente disfrute de un buen relax en una piscina tropical.<\/p>\r\n    [specials ids=\"11070\"] \r\n<!--\/-->\r\n[line]\r\n    <\/div>\r\n    [clear]\r\n    [gap size=\"2em\"]\r\n<\/div>\r\n<!----->\r\n<div style=\"background: #efefef;\">\r\n    <div class=\"x-container max width ptl pbl center-text\">\r\n<h3>Comience a planificar sus vacaciones de fin de semana<\/h3>\r\n<p>\u00a1Consulte nuestros \u00faltimos blogs y encuentre una incre\u00edble escapada de fin de semana! <\/p>\r\n[recent_posts count=\"3\" ]\r\n\r\n[gap size=\"2em\"]\r\n      \r\n    <\/div>\r\n<\/div>\r\n<!-- call banner-->\r\n<div style=\"background: #232c35;\">\r\n    <div class=\"x-container max width\">\r\n        [gap size=\"1em\"]\r\n        <div class=\"x-column x-sm x-2-3 white stack-center-m pas\">\r\n            <h5 class=\"font-lighter white man\">Reserve hoy mismo su escapada de fin de semana<\/h5>\r\n            <p>\u00a1Llame ahora para obtener los \u00faltimos descuentos en el paquete de vacaciones de fin de semana de su elecci\u00f3n!<\/p>\r\n        <\/div>\r\n        <div class=\"x-column x-sm x-1-3 pam last\">\r\n            [phone_link class=\"x-btn x-btn-block btn-orange\"]Comun\u00edquese al [tel][\/phone_link]\r\n            [gap size=\"1em\" class=\"x-visible-phone\"]\r\n        <\/div>\r\n    <\/div>\r\n<\/div>\r\n<!--\/call banner-->\r\n<!-- Recommended Vacation Destinations -->\r\n[container]\r\n<div class=\"x-container max width\">\r\n    [gap size=\"3em\"]\r\n[line]\r\n<div style=\"background: #efefef; padding: 10px 20px 10px 20px;\">\r\n<h5 class=\"mbs mtn h4\">Ofertas Populares para Usted:<\/h5>\r\n                <div class=\"x-column x-sm x-1-4\">\r\n<h6 class=\"mbs mtn\"><i class=\"far fa-compass\"><\/i> Destinos Cerca de Usted<\/h6>\r\n<ul style=\"list-style-type:none;\" >\r\n<li><a href=\"\/es\/vacation-deals\/myrtle-beach\/\" class=\"inheritcolor\"><i class=\"fas fa-angle-right\"><\/i> Ofertas Vacacionales en Myrtle Beach<\/a><\/li>\r\n<li><a href=\"\/es\/vacation-deals\/vegas\/\" class=\"inheritcolor\"><i class=\"fas fa-angle-right\"><\/i> Ofertas Vacacionales en Las Vegas<\/a><\/li>\r\n<li><a href=\"\/es\/vacation-deals\/florida\/\" class=\"inheritcolor\"><i class=\"fas fa-angle-right\"><\/i> Ofertas Vacacionales en Florida<\/a><\/li>\r\n<li><a href=\"\/es\/vacation-deals\/orlando\/\" class=\"inheritcolor\"><i class=\"fas fa-angle-right\"><\/i> Ofertas Vacacionales en Orlando<\/a><\/li>\r\n<li><a href=\"\/es\/vacation-deals\/gatlinburg\/\" class=\"inheritcolor\"><i class=\"fas fa-angle-right\"><\/i> Ofertas Vacacionales en Gatlinburg<\/a><\/li>\r\n<li><a href=\"\/es\/vacation-deals\/usa\/\" class=\"inheritcolor\"><i class=\"fas fa-angle-right\"><\/i> Ofertas Vacacionales en EEUU<\/a><\/li>\r\n<\/ul>\r\n        <\/div>\r\n        <div class=\"x-column x-sm x-1-4\">\r\n<h6 class=\"mbs mtn\"><i class=\"fas fa-chart-line\"><\/i> Ofertas Populares<\/h6>\r\n<ul style=\"list-style-type:none;\">\r\n<li><a href=\"\/es\/vacation-deals\/beach\/\" class=\"inheritcolor\"><i class=\"fas fa-angle-right\"><\/i> Ofertas Vacacionales de Playa<\/a><\/li>\r\n<li><a href=\"\/es\/vacation-deals\/couples\/\" class=\"inheritcolor\"><i class=\"fas fa-angle-right\"><\/i> Paquetes para Parejas<\/a><\/li>\r\n<li><a href=\"\/es\/vacation-deals\/family\/\" class=\"inheritcolor\"><i class=\"fas fa-angle-right\"><\/i> Ofertas Vacacionales para Familias<\/a><\/li>\r\n<li><a href=\"\/es\/vacation-deals\/summer\/\" class=\"inheritcolor\"><i class=\"fas fa-angle-right\"><\/i> Ofertas Vacacionales de Verano<\/a><\/li>\r\n<li><a href=\"\/es\/vacation-deals\/spring\/\" class=\"inheritcolor\"><i class=\"fas fa-angle-right\"><\/i> Ofertas Vacacionales de Primavera<\/a><\/li>\r\n<li><a href=\"\/es\/vacation-deals\/fall\/\" class=\"inheritcolor\"><i class=\"fas fa-angle-right\"><\/i> Ofertas Vacacionales de Oto\u00f1o<\/a><\/li>\r\n<\/ul>\r\n        <\/div>\r\n        <div class=\"x-column x-sm x-1-4\">\r\n<h6 class=\"mbs mtn\"><i class=\"fas fa-dollar-sign\"><\/i> Lo \u00daltimo<\/h6>\r\n<ul style=\"list-style-type:none;\">\r\n<li><a href=\"\/es\/vacation-deals\/best\/\" class=\"inheritcolor\"><i class=\"fas fa-angle-right\"><\/i> Mejores Ofertas Vacacionales<\/a><\/li>\r\n<li><a href=\"\/es\/vacation-deals\/cheap\/\" class=\"inheritcolor\"><i class=\"fas fa-angle-right\"><\/i> Ofertas Vacacionales Econ\u00f3micas<\/a><\/li>\r\n<li><a href=\"\/es\/vacation-deals\/timeshare\/\" class=\"inheritcolor\"><i class=\"fas fa-angle-right\"><\/i> Ofertas Vacacionales de Tiempo Compartido<\/a><\/li>\r\n<li><a href=\"\/es\/vacation-deals\/last-minute\/\" class=\"inheritcolor\"><i class=\"fas fa-angle-right\"><\/i> Ofertas Vacacionales de \u00daltimo Minuto<\/a><\/li>\r\n<li><a href=\"\/es\/vacation-deals\/hot\/\" class=\"inheritcolor\"><i class=\"fas fa-angle-right\"><\/i> Ofertas Vacacionales Populares<\/a><\/li>\r\n<\/ul>\r\n        <\/div>\r\n\r\n        <div class=\"x-column x-sm x-1-4 last\">\r\n<h6 class=\"mbs mtn\"><i class=\"fas fa-clipboard-list\"><\/i> Planifica su Viaje<\/h6>\r\n<ul style=\"list-style-type:none;\">\r\n<li><a href=\"\/es\/vacation-deals\/june\/\" class=\"inheritcolor\"><i class=\"fas fa-angle-right\"><\/i> Paquetes de Verano<\/a><\/li>\r\n<li><a href=\"\/es\/vacation-deals\/july\/\" class=\"inheritcolor\"><i class=\"fas fa-angle-right\"><\/i> Ofertas Vacacionales para Julio<\/a><\/li>\r\n<li><a href=\"\/es\/vacation-deals\/october\/\" class=\"inheritcolor\"><i class=\"fas fa-angle-right\"><\/i> Ofertas Vacacionales para Octubre<\/a><\/li>\r\n<li><a href=\"\/es\/vacation-deals\/september\/\" class=\"inheritcolor\"><i class=\"fas fa-angle-right\"><\/i> Ofertas Vacacionales para Septiembre<\/a><\/li>\r\n<li><a href=\"\/es\/vacation-deals\/december\/\" class=\"inheritcolor\"><i class=\"fas fa-angle-right\"><\/i> Ofertas Vacacionales para Diciembre<\/a><\/li>\r\n<\/ul>\r\n         <\/div>\r\n         [clear]\r\n         <div style=\"text-align: center;\" class=\"mtm\">\r\n         <a href=\"\/es\/vacation-deals\/\">VER TODAS LAS OFERTAS<\/a>\r\n        <\/div>\r\n<\/div>\r\n[line]\r\n<\/div>\r\n    [gap size=\"3em\"]\r\n[\/container]","protected":false},"excerpt":{"rendered":"<p>Choose from a wide range of exciting vacation destinations and enjoy a luxurious and fun-filled discount vacation package with Westgate Resorts<\/p>\n","protected":false},"author":9,"featured_media":0,"parent":16484,"menu_order":0,"comment_status":"closed","ping_status":"closed","template":"template-blank-4.php","meta":{"footnotes":""},"_links":{"self":[{"href":"https:\/\/www.westgatereservations.com\/es\/wp-json\/wp\/v2\/pages\/17517"}],"collection":[{"href":"https:\/\/www.westgatereservations.com\/es\/wp-json\/wp\/v2\/pages"}],"about":[{"href":"https:\/\/www.westgatereservations.com\/es\/wp-json\/wp\/v2\/types\/page"}],"author":[{"embeddable":true,"href":"https:\/\/www.westgatereservations.com\/es\/wp-json\/wp\/v2\/users\/9"}],"replies":[{"embeddable":true,"href":"https:\/\/www.westgatereservations.com\/es\/wp-json\/wp\/v2\/comments?post=17517"}],"version-history":[{"count":0,"href":"https:\/\/www.westgatereservations.com\/es\/wp-json\/wp\/v2\/pages\/17517\/revisions"}],"up":[{"embeddable":true,"href":"https:\/\/www.westgatereservations.com\/es\/wp-json\/wp\/v2\/pages\/16484"}],"wp:attachment":[{"href":"https:\/\/www.westgatereservations.com\/es\/wp-json\/wp\/v2\/media?parent=17517"}],"curies":[{"name":"wp","href":"https:\/\/api.w.org\/{rel}","templated":true}]}}