{"id":17510,"date":"2019-02-19T16:23:09","date_gmt":"2019-02-19T21:23:09","guid":{"rendered":"https:\/\/www.westgatereservations.com\/vacation-deals\/summer\/"},"modified":"2025-06-05T12:04:44","modified_gmt":"2025-06-05T16:04:44","slug":"summer","status":"publish","type":"page","link":"https:\/\/www.westgatereservations.com\/es\/vacation-deals\/summer\/","title":{"rendered":"Ofertas de Vacaciones de Verano"},"content":{"rendered":"<div class=\"full-banner\">\r\n    <div role=\"img\" aria-label=\"Vacaciones en el Mes de Julio | Westgate Resorts\" class=\"image-wrap ptl\" style=\"\r\n    background:url(https:\/\/www.westgatereservations.com\/app\/uploads\/2025\/05\/banner-full-beach-friends-12.jpg) no-repeat center center;\r\n    -webkit-background-size: cover;\r\n    -moz-background-size: cover;\r\n    -o-background-size: cover;\r\n    background-size: cover;\r\n    \">\r\n        <div class=\"x-container max width x-hidden-phone\">\r\n            <div class=\"dshadow h1 man pts white center-text\">Ofertas de Vacaciones de Verano<\/div>\r\n            <div class=\"dshadow h4 man mtn white center-text\">Haga de este verano un recuerdo inolvidable<\/div>\r\n            <div class=\"center-text white mbs dshadow\">\r\n            <span>DESDE: <\/span><span class=\"h1 white\">$99<\/span><span> \/PAQUETE<\/span>\r\n            <\/div>\r\n\r\n            <div class=\"center-text\">\r\n                <div class=\"x-column x-1-3 x-sm\"><span class=\"x-hidden-phone\">&nbsp;<\/span><\/div>\r\n                <div class=\"x-column x-1-3 x-sm last\"><span class=\"x-hidden-phone\">&nbsp;<\/span><\/div>\r\n                [clear]\r\n                [gap size=\"3em\"]\r\n            <\/div>\r\n        <\/div>\r\n\r\n        <!----->\r\n        <div class=\"x-container max width mbl search-ow-resort availability-search\">\r\n            <div class=\"x-visible-phone\">\r\n                <<div class=\"dshadow h1 man pts white center-text\">Ofertas de Vacaciones de Verano<\/div>\r\n                <div class=\"dshadow h5 man mtn pts white center-text\">Haga de este verano un recuerdo inolvidable<\/div>\r\n                <div class=\"availability-horizontal center-text\">\r\n                    <span class=\"no-break\"><span class=\"white\">DESDE: <\/span><span class=\"price orange\"><b>$99<\/b><\/span> <span class=\"white\">\/PAQUETE<\/span><\/span>\r\n                <\/div>\r\n            <\/div>\r\n            [gap size=\"1em\"]\r\n            [search-availability layout=\"horizontal\" hide_title=\"true\" class=\"no-bg pan\"]\r\n            [gap size=\"1em\" class=\"x-hidden-phone\"]\r\n        <\/div>\r\n        [gap size=\"1em\" class=\"x-visible-phone\"]\r\n        <!---->\r\n    <\/div>\r\n<\/div>\r\n\r\n\r\n\r\n<div class=\"center-text x-breadcrumb-wrap x-visible-phone\">\r\n [subscribe modal=\"true\" trigger=\"link\" show_name=\"true\" trigger_content=\"<i class=\"fas fa-envelope \" aria-hidden=\"true\"><\/i>Sign up for the <b>latest<\/b> deal alerts\"]\r\n<\/div>\r\n<div class=\"x-container max width mtl\">\r\n    [gap size=\"1em\"]\r\n    <div class=\"x-column x-sm x-1-4\">\r\n        <div class=\"email-sidebar mbl x-hidden-phone\">\r\n            [subscribe headline=\"Sign up for special offers and coupon codes\" show_name=\"true\" class=\"pan man\" confirm_content=\"<div class='pam' style='background:#a3d2b4; color:#fff;'><h6 class='mts'>Thanks for signing up! <br\/> Be sure to check your email for more savings!<\/h6> <\/div>\"]\r\n        <\/div>\r\n        [content-block name=\"call-hours\"]\r\n    <\/div>\r\n    <div class=\"x-column x-sm x-3-4 last\">\r\n\r\n\r\n\r\n\r\n<!-- Intro -->\r\n    <h2 class=\"h3 mtn mbs stack-center-m\">Super oferta de viajes y paquetes de verano<\/h2>\r\n        <div class=\"x-column x-sm x-1-3 mbm\">\r\n            <wf-scroll hash=\"orl\" class=\"x-btn x-btn-block btn-gray x-btn-transparent\">Ofertas de verano a Orlando <\/wf-scroll>\r\n        <\/div>\r\n        <div class=\"x-column x-sm x-1-3 mbm\">\r\n            <wf-scroll hash=\"lv\" class=\"x-btn x-btn-block btn-gray x-btn-transparent\">Ofertas de verano a Las Vegas <\/wf-scroll>\r\n        <\/div>\r\n        <div class=\"x-column x-sm x-1-3 last mbm\">\r\n            <wf-scroll hash=\"cocoa\" class=\"x-btn x-btn-block btn-gray x-btn-transparent\">Ofertas de verano a Cocoa Beach<\/wf-scroll>\r\n        <\/div>\r\n        [clear]\r\n <div class=\"x-column x-sm x-1-3 mbm\">\r\n            <wf-scroll hash=\"myrtle\" class=\"x-btn x-btn-block btn-gray x-btn-transparent\">Ofertas de verano a Myrtle Beach<\/wf-scroll>\r\n        <\/div>\r\n        <div class=\"x-column x-sm x-1-3 mbm\">\r\n            <wf-scroll hash=\"bran\" class=\"x-btn x-btn-block btn-gray x-btn-transparent\">Ofertas de verano a Gatlinburg <\/wf-scroll>\r\n        <\/div>\r\n        <div class=\"x-column x-sm x-1-3 last mbm\">\r\n            <wf-scroll hash=\"gat\" class=\"x-btn x-btn-block btn-gray x-btn-transparent\">Ofertas de verano a Branson<\/wf-scroll>\r\n        <\/div>\r\n        [clear]\r\n        <p class=\"mtm\">\u00a1Haga de este verano uno para recordar con unas incre\u00edbles vacaciones en Westgate Resorts! Con paquetes de destino excepcionales desde los soleados rayos de Orlando y Cocoa Beach, FL hasta los valles naturales de Gatlinburg, TN, tenemos ofertas de vacaciones de verano para todos. Con nuestras ofertas de viajes de verano, puede chapotear en el oc\u00e9ano, caminar por las Great Smoky Mountains, experimentar el \u00e1rea de Branson Lakes o cobrar en un casino de Las Vegas.\r\n<\/p>\r\n<p>Por lo tanto, independientemente de lo que elija hacer y donde quiera que elija ir este verano, podemos asegurarnos de que disfrute de una espectacular escapada al resort con hermosos alojamientos y una extensa lista de servicios y actividades llenos de diversi\u00f3n en los terrenos de su resort de elecci\u00f3n.\r\n<\/p>\r\n\r\n<p>Ahora, te invitamos a buscar tu escapada perfecta con nuestros paquetes de vacaciones de verano con descuento.<\/p>\r\n\r\n[line]\r\n<!--\/-->\r\n\r\n\r\n<!-- Orlando destination -->\r\n<div id=\"orl\"><\/div>\r\n    <h2 class=\"h3 mtl mbs stack-center-m\">Ofertas de verano a Orlando:<\/h3>\r\n        <p>Experimente el mundo m\u00e1gico de Harry PotterTM en<a href=\"https:\/\/www.westgatereservations.com\/es\/vacations\/theme-park\/universal-orlando\/\">Universal Studios<\/a> Orlando. Vea todos sus personajes favoritos en <a href=\"https:\/\/www.westgatereservations.com\/es\/orlando\/theme-parks\/walt-disney-world\/\">Walt Disney World Resort<\/a>. Ac\u00e9rquese a ping\u00fcinos, delfines, orcas y mucho m\u00e1s en SeaWorld Orlando. O dese un chapuz\u00f3n en uno de los asombrosos <a href=\"https:\/\/www.westgatereservations.com\/es\/orlando\/resorts-and-hotels\/water-park\/\">Parques Acuaticos de Orlando<\/a>.Aqu\u00ed, en nuestros resorts de Westgate Orlando, encontrar\u00e1 excelentes oportunidades gastron\u00f3micas, alquileres deportivos y deportivos, parques acu\u00e1ticos en el lugar, mini golf, gimnasios y mucho m\u00e1s.\r\n\r\n<\/p>\r\n [specials ids=\"20706,20214,27835\" show_hidden=\"true\"]\r\n<!--\/-->\r\n[line]\r\n\r\n<!-- destination -->\r\n<div id=\"lv\"><\/div>\r\n    <h3 class=\"h3 mtl mbm stack-center-m\" >Ofertas de verano a Las Vegas:<\/h3>\r\n        <p>\u00a1Disfrute de las luces brillantes y las noches interminables <a href=\"https:\/\/www.westgatereservations.com\/es\/las-vegas\/\"> de Las Vegas <\/a>!\r\nExperimente la emoci\u00f3n sin parar del famoso Strip de Las Vegas, asista a un espect\u00e1culo espectacular o un concierto de superestrellas, visite la enorme presa Hoover, pruebe suerte en los juegos de casino o simplemente si\u00e9ntese junto a una piscina tropical. Adem\u00e1s, en nuestro resort de Westgate Las Vegas, le complacer\u00e1 saber que las comodidades van desde restaurantes de alta calidad y 95,000 pies cuadrados de acci\u00f3n de juegos hasta el mejor libro de carreras y deportes en Las Vegas.\r\n\r\n<\/p>\r\n    [specials ids=\"11070\"] \r\n<!--\/-->\r\n[line]\r\n\r\n<!-- destination -->\r\n<div id=\"cocoa\"><\/div>\r\n    <h3 class=\"h3 mtl mbm stack-center-m\">Ofertas de verano a Cocoa Beach:<\/h3>\r\n        <p>\u00a1Aproveche al m\u00e1ximo el verano con una visita a la costa espacial del centro de Florida! Camina por la playa. B\u00fasqueda de conchas marinas. Explore el muelle de Cocoa Beach. Clases de surf Eake o visite la famosa tienda de surf Ron Jon. Coma mariscos frescos. Sum\u00e9rjase en el brillante sol de Florida. Todo es posible como parte de su <a href=\"https:\/\/www.westgatereservations.com\/es\/cocoa-beach\/\">Cocoa Beach vacation<\/a>. Adem\u00e1s, nuestro complejo Westgate Cocoa Beach ofrece transporte gratuito al muelle de Westgate Cocoa Beach, junto con un parque acu\u00e1tico con splash pad para los ni\u00f1os y bebidas refrescantes servidas junto a la piscina. \r\n<\/p>\r\n    [specials ids=\"12882\"] \r\n<!--\/-->\r\n[line]\r\n\r\n<!-- destination -->\r\n<div id=\"myrtle\"><\/div>\r\n    <h3 class=\"h3 mtl mbm stack-center-m\">Ofertas de verano a Myrtle Beach:<\/h3>\r\n        <p>\u00a1Qu\u00e9 mejor que pasar un verano en Myrtle Beach! Disfrute de mucha diversi\u00f3n al sol, escoja entre m\u00e1s de 100 campos de golf de campeonato, disfrute de parques tem\u00e1ticos y atracciones, incre\u00edbles tiendas, restaurantes y vida nocturna. Todo esto lo espera en la hermosa Grand Strand de Carolina del Sur.<\/p>\r\n    [specials ids=\"5654\"] \r\n<!--\/-->\r\n[line]\r\n<!-- destination -->\r\n<div id=\"bran\"><\/div>\r\n    <h2 class=\"h3 my-3 stack-center-m\">Ofertas de verano en Branson:<\/h3>\r\n        <p>\u00a1Qu\u00e9 mejor lugar para tomar unas vacaciones familiares de verano que Branson, ideal para familias! Disfrute de las pintorescas monta\u00f1as Ozark de Missouri y la fant\u00e1stica zona de lagos de Branson. S\u00fabete a las monta\u00f1as rusas en el parque tem\u00e1tico Silver Dollar City. Vea uno de los 100+ espect\u00e1culos y conciertos familiares en \"The Live Entertainment Capital of the World\". O echa un vistazo a las muchas otras atracciones de la zona. Como beneficio adicional, nuestro complejo Westgate Branson est\u00e1 ubicado en 145 acres boscosos, dando paso a muchas caminatas, visitas tur\u00edsticas y admiraci\u00f3n por las cascadas circundantes.\r\n<\/p>\r\n    [specials ids=\"5641\"] \r\n<!--\/-->\r\n<!-- destination -->\r\n<div id=\"gat\"><\/div>\r\n    <h3 class=\"h3 mtl mbm stack-center-m\">Ofertas de verano a Gatlinburg:<\/h3>\r\n        <p>Haga recuerdos de verano con una visita a Gatlinburg, TN, la puerta de entrada al parque nacional m\u00e1s visitado de Estados Unidos: el Parque Nacional Great Smoky Mountains. Este ic\u00f3nico pueblo de monta\u00f1a est\u00e1 lleno de pintorescas tiendas y galer\u00edas de arte, restaurantes familiares, atracciones llenas de diversi\u00f3n y excepcionales vistas y actividades a la monta\u00f1a. Conocido como uno de nuestros destinos m\u00e1s populares, nuestro\r\n<a href=\"https:\/\/www.westgatereservations.com\/es\/gatlinburg\/\">Westgate Gatlinburg<\/a> El complejo alberga uno de los parques acu\u00e1ticos cubiertos m\u00e1s grandes, experiencias gastron\u00f3micas excepcionales, mini golf y vistas incre\u00edbles de las Smoky Mountains. \r\n <\/p>\r\n    [specials ids=\"11431,12058,18428\"] \r\n<!--\/-->\r\n[line]\r\n<!-- destination -->\r\n\r\n    <h3 class=\"h3 mtl mbm stack-center-m\">Ofertas de verano a Williamsburg:<\/h3>\r\n        <p>Retroceda en el tiempo hasta el lugar donde Estados Unidos lleg\u00f3 a ser: \u00a1Williamsburg, VA! Unas <a href=\"https:\/\/www.westgatereservations.com\/es\/williamsburg\/\"> Vacaciones en Williamsburg <\/a> es un medio para explorar edificios hist\u00f3ricos y disfrutar de recreaciones de momentos hist\u00f3ricos de la d\u00e9cada de 1800. Luego, retroceda a los tiempos modernos con un viaje al incre\u00edble Busch Gardens Williamsburg, el parque tem\u00e1tico m\u00e1s hermoso del mundo. Pero no se pierda las bellezas de nuestro complejo Westgate Williamsburg, que ofrece a los hu\u00e9spedes disfrutar de una piscina al aire libre de temporada y ba\u00f1era de hidromasaje, gimnasio, alquiler de deportes y sala de juegos para la diversi\u00f3n cl\u00e1sica de arcade.<\/p>\r\n    [specials ids=\"11495\"] \r\n<!--\/-->\r\n\r\n\r\n    <\/div>\r\n    [clear]\r\n    [gap size=\"2em\"]\r\n<\/div>\r\n<!----->\r\n<div style=\"background: #efefef;\">\r\n    <div class=\"x-container max width ptl pbl center-text\">\r\n<h3>Comience a planear sus vacaciones de verano.<\/h3>\r\n<p>\u00a1Consulte nuestros \u00faltimos blogs de vacaciones y empiece a planificar su aventura de verano!<\/p>\r\n[recent_posts count=\"3\" ]\r\n\r\n[gap size=\"2em\"]\r\n      \r\n    <\/div>\r\n<\/div>\r\n<!-- call banner-->\r\n<div style=\"background: #232c35;\">\r\n    <div class=\"x-container max width\">\r\n        [gap size=\"1em\"]\r\n        <div class=\"x-column x-sm x-2-3 white stack-center-m pas\">\r\n            <h5 class=\"font-lighter white man\">Book Your Vacation Today<\/h5>\r\n            <p>Call now for the latest discounts on your choice of vacation packages!<\/p>\r\n        <\/div>\r\n        <div class=\"x-column x-sm x-1-3 pam last\">\r\n            [phone_link class=\"x-btn x-btn-block btn-orange\"]Comun\u00edquese al [tel][\/phone_link]\r\n            [gap size=\"1em\" class=\"x-visible-phone\"]\r\n        <\/div>\r\n    <\/div>\r\n<\/div>\r\n<!--\/call banner-->\r\n<!-- Recommended Vacation Destinations -->\r\n[container]\r\n<div class=\"x-container max width\">\r\n    [gap size=\"3em\"]\r\n[line]\r\n<div style=\"background: #efefef; padding: 10px 20px 10px 20px;\">\r\n<h5 class=\"mbs mtn h4\">Ofertas Populares para Usted:<\/h5>\r\n                <div class=\"x-column x-sm x-1-4\">\r\n<h6 class=\"mbs mtn\"><i class=\"far fa-compass\"><\/i> Destinos Cerca de Usted<\/h6>\r\n<ul style=\"list-style-type:none;\" >\r\n<li><a href=\"\/es\/vacation-deals\/myrtle-beach\/\" class=\"inheritcolor\"><i class=\"fas fa-angle-right\"><\/i> Ofertas Vacacionales en Myrtle Beach<\/a><\/li>\r\n<li><a href=\"\/es\/vacation-deals\/vegas\/\" class=\"inheritcolor\"><i class=\"fas fa-angle-right\"><\/i> Ofertas Vacacionales en Las Vegas<\/a><\/li>\r\n<li><a href=\"\/es\/vacation-deals\/florida\/\" class=\"inheritcolor\"><i class=\"fas fa-angle-right\"><\/i> Ofertas Vacacionales en Florida<\/a><\/li>\r\n<li><a href=\"\/es\/vacation-deals\/orlando\/\" class=\"inheritcolor\"><i class=\"fas fa-angle-right\"><\/i> Ofertas Vacacionales en Orlando<\/a><\/li>\r\n<li><a href=\"\/es\/vacation-deals\/gatlinburg\/\" class=\"inheritcolor\"><i class=\"fas fa-angle-right\"><\/i> Ofertas Vacacionales en Gatlinburg<\/a><\/li>\r\n<li><a href=\"\/es\/vacation-deals\/usa\/\" class=\"inheritcolor\"><i class=\"fas fa-angle-right\"><\/i> Ofertas Vacacionales en EEUU<\/a><\/li>\r\n<\/ul>\r\n        <\/div>\r\n        <div class=\"x-column x-sm x-1-4\">\r\n<h6 class=\"mbs mtn\"><i class=\"fas fa-chart-line\"><\/i> Ofertas Populares<\/h6>\r\n<ul style=\"list-style-type:none;\">\r\n<li><a href=\"\/es\/vacation-deals\/beach\/\" class=\"inheritcolor\"><i class=\"fas fa-angle-right\"><\/i> Ofertas Vacacionales de Playa<\/a><\/li>\r\n<li><a href=\"\/es\/vacation-deals\/couples\/\" class=\"inheritcolor\"><i class=\"fas fa-angle-right\"><\/i> Paquetes para Parejas<\/a><\/li>\r\n<li><a href=\"\/es\/vacation-deals\/family\/\" class=\"inheritcolor\"><i class=\"fas fa-angle-right\"><\/i> Ofertas Vacacionales para Familias<\/a><\/li>\r\n<li><a href=\"\/es\/vacation-deals\/spring\/\" class=\"inheritcolor\"><i class=\"fas fa-angle-right\"><\/i> Ofertas Vacacionales de Primavera<\/a><\/li>\r\n<li><a href=\"\/es\/vacation-deals\/fall\/\" class=\"inheritcolor\"><i class=\"fas fa-angle-right\"><\/i> Ofertas Vacacionales de Oto\u00f1o<\/a><\/li>\r\n<\/ul>\r\n        <\/div>\r\n        <div class=\"x-column x-sm x-1-4\">\r\n<h6 class=\"mbs mtn\"><i class=\"fas fa-dollar-sign\"><\/i> Lo \u00daltimo<\/h6>\r\n<ul style=\"list-style-type:none;\">\r\n<li><a href=\"\/es\/vacation-deals\/best\/\" class=\"inheritcolor\"><i class=\"fas fa-angle-right\"><\/i> Mejores Ofertas Vacacionales<\/a><\/li>\r\n<li><a href=\"\/es\/vacation-deals\/cheap\/\" class=\"inheritcolor\"><i class=\"fas fa-angle-right\"><\/i> Ofertas Vacacionales Econ\u00f3micas<\/a><\/li>\r\n<li><a href=\"\/es\/vacation-deals\/timeshare\/\" class=\"inheritcolor\"><i class=\"fas fa-angle-right\"><\/i> Ofertas Vacacionales de Tiempo Compartido<\/a><\/li>\r\n<li><a href=\"\/es\/vacation-deals\/weekend\/\" class=\"inheritcolor\"><i class=\"fas fa-angle-right\"><\/i> Ofertas Vacacionales de Fin de Semana<\/a><\/li>\r\n<li><a href=\"\/es\/vacation-deals\/last-minute\/\" class=\"inheritcolor\"><i class=\"fas fa-angle-right\"><\/i> Ofertas Vacacionales de \u00daltimo Minuto<\/a><\/li>\r\n<li><a href=\"\/es\/vacation-deals\/hot\/\" class=\"inheritcolor\"><i class=\"fas fa-angle-right\"><\/i> Ofertas Vacacionales Populares<\/a><\/li>\r\n<\/ul>\r\n        <\/div>\r\n\r\n        <div class=\"x-column x-sm x-1-4 last\">\r\n<h6 class=\"mbs mtn\"><i class=\"fas fa-clipboard-list\"><\/i> Planifica su Viaje<\/h6>\r\n<ul style=\"list-style-type:none;\">\r\n<li><a href=\"\/es\/vacation-deals\/june\/\" class=\"inheritcolor\"><i class=\"fas fa-angle-right\"><\/i> Paquetes de Verano<\/a><\/li>\r\n<li><a href=\"\/es\/vacation-deals\/july\/\" class=\"inheritcolor\"><i class=\"fas fa-angle-right\"><\/i> Ofertas Vacacionales para Julio<\/a><\/li>\r\n<li><a href=\"\/es\/vacation-deals\/october\/\" class=\"inheritcolor\"><i class=\"fas fa-angle-right\"><\/i> Ofertas Vacacionales para Octubre<\/a><\/li>\r\n<li><a href=\"\/es\/vacation-deals\/september\/\" class=\"inheritcolor\"><i class=\"fas fa-angle-right\"><\/i> Ofertas Vacacionales para Septiembre<\/a><\/li>\r\n<li><a href=\"\/es\/vacation-deals\/december\/\" class=\"inheritcolor\"><i class=\"fas fa-angle-right\"><\/i> Ofertas Vacacionales para Diciembre<\/a><\/li>\r\n<\/ul>\r\n         <\/div>\r\n         [clear]\r\n         <div style=\"text-align: center;\" class=\"mtm\">\r\n         <a href=\"\/es\/vacation-deals\/\">VER TODAS LAS OFERTAS<\/a>\r\n        <\/div>\r\n<\/div>\r\n[line]\r\n<\/div>\r\n    [gap size=\"3em\"]\r\n[\/container]","protected":false},"excerpt":{"rendered":"<p>Enjoy amazing summer vacation deals with packages to Orlando, Las Vegas, Branson, Gatlinburg, Myrtle Beach, Williamsburg and other great destinations.<\/p>\n","protected":false},"author":9,"featured_media":27930,"parent":16484,"menu_order":0,"comment_status":"closed","ping_status":"closed","template":"template-blank-4.php","meta":{"footnotes":""},"_links":{"self":[{"href":"https:\/\/www.westgatereservations.com\/es\/wp-json\/wp\/v2\/pages\/17510"}],"collection":[{"href":"https:\/\/www.westgatereservations.com\/es\/wp-json\/wp\/v2\/pages"}],"about":[{"href":"https:\/\/www.westgatereservations.com\/es\/wp-json\/wp\/v2\/types\/page"}],"author":[{"embeddable":true,"href":"https:\/\/www.westgatereservations.com\/es\/wp-json\/wp\/v2\/users\/9"}],"replies":[{"embeddable":true,"href":"https:\/\/www.westgatereservations.com\/es\/wp-json\/wp\/v2\/comments?post=17510"}],"version-history":[{"count":0,"href":"https:\/\/www.westgatereservations.com\/es\/wp-json\/wp\/v2\/pages\/17510\/revisions"}],"up":[{"embeddable":true,"href":"https:\/\/www.westgatereservations.com\/es\/wp-json\/wp\/v2\/pages\/16484"}],"wp:featuredmedia":[{"embeddable":true,"href":"https:\/\/www.westgatereservations.com\/es\/wp-json\/wp\/v2\/media\/27930"}],"wp:attachment":[{"href":"https:\/\/www.westgatereservations.com\/es\/wp-json\/wp\/v2\/media?parent=17510"}],"curies":[{"name":"wp","href":"https:\/\/api.w.org\/{rel}","templated":true}]}}