{"id":17508,"date":"2019-02-19T16:01:29","date_gmt":"2019-02-19T21:01:29","guid":{"rendered":"https:\/\/www.westgatereservations.com\/vacation-deals\/spring\/"},"modified":"2023-03-15T14:27:56","modified_gmt":"2023-03-15T18:27:56","slug":"spring","status":"publish","type":"page","link":"https:\/\/www.westgatereservations.com\/es\/vacation-deals\/spring\/","title":{"rendered":"Ofertas Vacacionales de  Primavera"},"content":{"rendered":"<div class=\"fw-absolute ptm\">\r\n<div class=\"fw-container\">\r\n    <img class=\"banner\" ng-cloak=\"\" ng-src=\"{{app.data.is_mobile && 'https:\/\/westgatecdn.com\/2019\/06\/spring-vacation-packages.jpg' || 'https:\/\/westgatecdn.com\/2023\/03\/banner-full-couple-hammock-3.jpg'}}\" alt=\"Spring Minute Vacation Deals\"><\/div>\r\n<div class=\"x-container max width dshadow x-hidden-phone\" style=\"position: relative;\">\r\n<h1 class=\"man ptm white center-text\">Ofertas de Primavera<\/h1>\r\n<div class=\"h5 man ptm white center-text\">\u00a1Elige un destino y cultiva tus propios recuerdos de Primavera!<\/div>\r\n<div class=\"center-text white mbl mts\">\r\n        <span>DESDE: <\/span><span class=\"h1 white\">$99<\/span> \/POR PAQUETE<\/div>\r\n<\/div>\r\n[gap size=\"1em\" class=\"x-hidden-phone\"]+\r\n<div class=\"x-container max width search-ow-resort availability-search\">\r\n<div class=\"x-visible-phone\">\r\n<h1 class=\"dshadow man pts white center-text\">Ofertas de Primavera<\/h1>\r\n<div class=\"dshadow h5 man pts white center-text\">\u00a1Elige un destino y cultiva tus propios recuerdos de Primavera!<\/div>\r\n<div class=\"availability-horizontal center-text\">\r\n                <span class=\"no-break\"><span class=\"white\">DESDE: <\/span><span class=\"price white\"><b>$99<\/b><\/span> <span class=\"white\">\/POR PAQUETE<\/span><\/span><\/div>\r\n<\/div>\r\n<div class=\"x-content-band marginless-columns mbn ptn pbn\">\r\n<div class=\"x-container\">\r\n                [gap size=\"1em\"]\r\n[search-availability layout=\"horizontal\" hide_title=\"true\" class=\"no-bg pan\"]\r\n[gap size=\"1em\" class=\"x-hidden-phone\"]<\/div>\r\n<\/div>\r\n<\/div>\r\n[gap size=\"1em\" class=\"x-visible-phone\"]\r\n\r\n<\/div>\r\n<div class=\"center-text x-breadcrumb-wrap x-visible-phone\">\r\n [subscribe modal=\"true\" trigger=\"link\" show_name=\"true\" trigger_content=\"<i class=\"fas fa-envelope \" aria-hidden=\"true\"><\/i>Reg\u00edstrese para las <b>\u00faltimas<\/b> Alertas de ofertas\"]<\/div>\r\n<div class=\"x-container max width mtl\">\r\n    [gap size=\"1em\"]\r\n<div class=\"x-column x-sm x-1-4\">\r\n<div class=\"email-sidebar mbl x-hidden-phone\">\r\n            [subscribe headline=\"Reg\u00edstrese para recibir ofertas especiales y c\u00f3digos de cup\u00f3n\" show_name=\"true\" class=\"pan man\" confirm_content=\"\r\n<div class=\"pam\" style=\"background:#a3d2b4; color:#fff;\">\r\n<h6 class=\"mts\">\u00a1Gracias por registrarte!\r\n\u00a1Aseg\u00farese de revisar su correo electr\u00f3nico para obtener m\u00e1s ahorros!\r\n<\/h6>\r\n<\/div>\r\n\"]\r\n\r\n<\/div>\r\n[content-block name=\"call-hours\"]\r\n\r\n<\/div>\r\n<div class=\"x-column x-sm x-3-4 last\">\r\n\r\n<!-- Intro -->\r\n<h2 class=\"h3 mtn mbs stack-center-m\">Ofertas y Paquetes Vacacionales de Primavera<\/h2>\r\n<div class=\"x-column x-sm x-1-3 mbm\">\r\n            <wf-scroll hash=\"orl\" class=\"x-btn x-btn-block btn-gray x-btn-transparent\">Ofertas de Primavera en Orlando<\/wf-scroll><\/div>\r\n<div class=\"x-column x-sm x-1-3 mbm\">\r\n            <wf-scroll hash=\"gat\" class=\"x-btn x-btn-block btn-gray x-btn-transparent\">Ofertas de Primavera en Gatlinburg<\/wf-scroll><\/div>\r\n<div class=\"x-column x-sm x-1-3 last mbm\">\r\n            <wf-scroll hash=\"vegas\" class=\"x-btn x-btn-block btn-gray x-btn-transparent\">Ofertas de Primavera en Las Vegas<\/wf-scroll><\/div>\r\n[clear]\r\n<div class=\"x-column x-sm x-1-3 mbm\">\r\n            <wf-scroll hash=\"branson\" class=\"x-btn x-btn-block btn-gray x-btn-transparent\">Ofertas de Primavera en Branson<\/wf-scroll><\/div>\r\n<div class=\"x-column x-sm x-1-3 mbm\">\r\n            <wf-scroll hash=\"cocoa\" class=\"x-btn x-btn-block btn-gray x-btn-transparent\">Ofertas de Primavera en Cocoa Beach<\/wf-scroll><\/div>\r\n<div class=\"x-column x-sm x-1-3 last mbm\">\r\n            <wf-scroll hash=\"will\" class=\"x-btn x-btn-block btn-gray x-btn-transparent\">Ofertas de Primavera en Williamsburg<\/wf-scroll><\/div>\r\n[clear]\r\n<p class=\"mtm\">\u00a1La primavera est\u00e1 en el aire! Y eso significa que no hay mejor momento para reservar sus emocionantes y relajantes vacaciones familiares de vacaciones de primavera. En Westgate Resorts, queremos que aproveche al m\u00e1ximo sus vacaciones de primavera. Es por eso que tenemos paquetes especiales de vacaciones de primavera con descuento a una amplia gama de destinos populares, incluidos Orlando, FL; Cocoa Beach, Florida; Gatlinburg, Tennessee; Branson, MO; Williamsburg, Virginia; y Las Vegas, NV. \u00a1Vea c\u00f3mo puede disfrutar de una espectacular escapada de resort con alojamiento de lujo y una extensa lista de servicios y actividades llenos de diversi\u00f3n!\r\n<\/p>\r\n[line]\r\n<!--\/-->\r\n\r\n<!--Destino Orlando -->\r\n<div id=\"orl\"><\/div>\r\n<h2 class=\"h3 mtl mbs stack-center-m\">Ofertas de Primavera en Orlando:<\/h2>\r\n<p>Esc\u00e1pese de la nieve y el fr\u00edo con una emocionante escapada de vacaciones de primavera a la soleada Orlando. Disfrute de impresionantes resorts idealmente ubicados cerca de Disney World, Universal Studios y muchas otras atracciones, restaurantes y tiendas de clase mundial de Orlando.\r\n<\/p>\r\n\r\n[specials ids=\"20706,8640,5658\"]\r\n<!--\/-->\r\n[line]\r\n\r\n<!-- destination -->\r\n<div id=\"gat\"><\/div>\r\n<h3 class=\"h3 mtl mbm stack-center-m\">Ofertas de Primavera en Gatlinburg:<\/h3>\r\n<p>Visite las espectaculares Great Smoky Mountains mientras las vistas de las monta\u00f1as comienzan a explotar con colores primaverales y flores silvestres. Experimente una aventura al aire libre como ninguna otra en Anakeesta. O echa un vistazo a la m\u00fasica, espect\u00e1culos en vivo y atracciones divertidas en el parque tem\u00e1tico Dollywood.\r\n<\/p>\r\n\r\n[specials ids=\"11431\"]\r\n<!--\/-->\r\n[line]\r\n\r\n<!-- destination -->\r\n<div id=\"branson\"><\/div>\r\n<h3 class=\"h3 mtl mbm stack-center-m\">Ofertas de Primavera Branson:<\/h3>\r\n<p>Experimente la primavera en las espectaculares monta\u00f1as Ozark. Explore las emocionantes atracciones, la emoci\u00f3n, los espect\u00e1culos en vivo, la m\u00fasica, las artesan\u00edas, la comida y m\u00e1s en el parque tem\u00e1tico Silver Dollar City. O vea uno de los muchos espect\u00e1culos en vivo que hacen de Branson la Capital Mundial del Entretenimiento.\r\n<\/p>\r\n\r\n[specials ids=\"5641,10400,5638\"]\r\n<!--\/-->\r\n[line]\r\n<!-- destination -->\r\n<div id=\"cocoa\"><\/div>\r\n<h3 class=\"h3 mtl mbm stack-center-m\">Ofertas de Primavera Cocoa Beach:<\/h3>\r\n<p>\u00a1Rel\u00e1jese con estilo a lo largo de la famosa Costa Espacial de Florida! Disfrute de las playas de arena blanca y las olas que hacen de Cocoa Beach la Capital del Surf de la Costa Este. O experimente una amplia gama de oportunidades recreativas al aire libre o visite el cercano Complejo de visitantes del Kennedy Space Center.\r\n<\/p>\r\n\r\n[specials ids=\"12882\"]\r\n<!--\/-->\r\n[line]\r\n<!-- destination -->\r\n<div id=\"vegas\"><\/div>\r\n<h3 class=\"h3 mtl mbm stack-center-m\">Ofertas de Primavera Las Vegas:<\/h3>\r\n<p>Crea recuerdos de vacaciones de primavera con una escapada a Las Vegas. Nuestro complejo de Las Vegas lo coloca en el coraz\u00f3n de la acci\u00f3n, a solo una cuadra del famoso Strip de Las Vegas. Disfrute de entretenimiento en vivo, juegos de casino excepcionales y la casa de apuestas deportivas y de carreras m\u00e1s grande del mundo.\r\n<\/p>\r\n\r\n[specials ids=\"22581\"]\r\n<!--\/-->\r\n[line]\r\n<!-- destination -->\r\n<div id=\"will\"><\/div>\r\n<h3 class=\"h3 mtl mbm stack-center-m\">Ofertas de Primavera Williamsburg:<\/h3>\r\n<p>Retrocede en el tiempo y descubre el lugar de nacimiento de Am\u00e9rica. Explore el museo de historia viva m\u00e1s grande del mundo y camine por las mismas calles que una vez caminaron George Washington y otros. Entonces experimente las emociones modernas y las monta\u00f1as rusas en Busch Gardens Williamsburg.<\/p>\r\n\r\n[specials ids=\"5666\"]\r\n\r\n<\/div>\r\n[clear]\r\n[gap size=\"2em\"]\r\n\r\n<\/div>\r\n<!----->\r\n<div style=\"background: #efefef;\">\r\n<div class=\"x-container max width ptl pbl center-text\">\r\n<h3>Comience a Planificar sus Vacaciones de Primavera<\/h3>\r\n<p>\u00a1Echa un vistazo a nuestros \u00faltimos blogs y las mejores ideas para las vacaciones de primavera!<\/p>\r\n\r\n[recent_posts count=\"3\" ]\r\n\r\n[gap size=\"2em\"]\r\n\r\n<\/div>\r\n<\/div>\r\n<!-- call banner-->\r\n<div style=\"background: #232c35;\">\r\n<div class=\"x-container max width\">\r\n        [gap size=\"1em\"]\r\n<div class=\"x-column x-sm x-2-3 white stack-center-m pas\">\r\n<h5 class=\"font-lighter white man\">Reserve sus Vacaciones Hoy<\/h5>\r\n\u00a1Llame ahora para obtener los \u00faltimos descuentos en su elecci\u00f3n de paquetes de vacaciones de primavera!\r\n\r\n<\/div>\r\n<div class=\"x-column x-sm x-1-3 pam last\">\r\n            [phone_link class=\"x-btn x-btn-block btn-orange\"]Llame [tel][\/phone_link]\r\n[gap size=\"1em\" class=\"x-visible-phone\"]<\/div>\r\n<\/div>\r\n<\/div>\r\n<!--\/call banner-->\r\n<!-- Destinos Vacacionales Recomendados -->\r\n[container]\r\n<div class=\"x-container max width\">\r\n    [gap size=\"3em\"]\r\n[line]\r\n<div style=\"background: #efefef; padding: 10px 20px 10px 20px;\">\r\n<h5 class=\"mbs mtn h4\">Ofertas de vacaciones populares para usted:<\/h5>\r\n<div class=\"x-column x-sm x-1-4\">\r\n<h6 class=\"mbs mtn\"><i class=\"far fa-compass\"><\/i> Destinos cerca de ti<\/h6>\r\n<ul style=\"list-style-type:none;\">\r\n \t<li><a href=\"\/vacation-deals\/myrtle-beach\/\" class=\"inheritcolor\"><i class=\"fas fa-angle-right\"><\/i> Myrtle Beach Vacation Deals<\/a><\/li>\r\n \t<li><a href=\"\/vacation-deals\/vegas\/\" class=\"inheritcolor\"><i class=\"fas fa-angle-right\"><\/i> Vegas Vacation Deals<\/a><\/li>\r\n \t<li><a href=\"\/vacation-deals\/orlando\/\" class=\"inheritcolor\"><i class=\"fas fa-angle-right\"><\/i> Orlando Vacation Deals<\/a><\/li>\r\n \t<li><a href=\"\/vacation-deals\/florida\/\" class=\"inheritcolor\"><i class=\"fas fa-angle-right\"><\/i> Florida Vacation Deals<\/a><\/li>\r\n \t<li><a href=\"\/vacation-deals\/gatlinburg\/\" class=\"inheritcolor\"><i class=\"fas fa-angle-right\"><\/i> Gatlinburg Vacation Deals<\/a><\/li>\r\n \t<li><a href=\"\/vacation-deals\/usa\/\" class=\"inheritcolor\"><i class=\"fas fa-angle-right\"><\/i> USA Vacation Deals<\/a><\/li>\r\n<\/ul>\r\n<\/div>\r\n<div class=\"x-column x-sm x-1-4\">\r\n<h6 class=\"mbs mtn\"><i class=\"fas fa-chart-line\"><\/i> Vea las Tendencias<\/h6>\r\n<ul style=\"list-style-type:none;\">\r\n \t<li><a href=\"\/vacation-deals\/beach\/\" class=\"inheritcolor\"><i class=\"fas fa-angle-right\"><\/i> Beach Vacation Deals<\/a><\/li>\r\n \t<li><a href=\"\/vacation-deals\/couples\/\" class=\"inheritcolor\"><i class=\"fas fa-angle-right\"><\/i> Couples Vacation Deals<\/a><\/li>\r\n \t<li><a href=\"\/vacation-deals\/family\/\" class=\"inheritcolor\"><i class=\"fas fa-angle-right\"><\/i> Family Vacation Deals<\/a><\/li>\r\n \t<li><a href=\"\/vacation-deals\/summer\/\" class=\"inheritcolor\"><i class=\"fas fa-angle-right\"><\/i> Summer Vacation Deals<\/a><\/li>\r\n \t<li><a href=\"\/vacation-deals\/fall\/\" class=\"inheritcolor\"><i class=\"fas fa-angle-right\"><\/i> Fall Vacation Deals<\/a><\/li>\r\n<\/ul>\r\n<\/div>\r\n<div class=\"x-column x-sm x-1-4\">\r\n<h6 class=\"mbs mtn\"><i class=\"fas fa-dollar-sign\"><\/i> Obtenga las \u00faltimas Ofertas<\/h6>\r\n<ul style=\"list-style-type:none;\">\r\n \t<li><a href=\"\/vacation-deals\/best\/\" class=\"inheritcolor\"><i class=\"fas fa-angle-right\"><\/i> Best Vacation Deals<\/a><\/li>\r\n \t<li><a href=\"\/vacation-deals\/cheap\/\" class=\"inheritcolor\"><i class=\"fas fa-angle-right\"><\/i> Cheap Vacation Deals<\/a><\/li>\r\n \t<li><a href=\"\/vacation-deals\/timeshare\/\" class=\"inheritcolor\"><i class=\"fas fa-angle-right\"><\/i> Timeshare Vacation Deals<\/a><\/li>\r\n \t<li><a href=\"\/vacation-deals\/weekend\/\" class=\"inheritcolor\"><i class=\"fas fa-angle-right\"><\/i> Weekend Vacation Deals<\/a><\/li>\r\n \t<li><a href=\"\/vacation-deals\/last-minute\/\" class=\"inheritcolor\"><i class=\"fas fa-angle-right\"><\/i> Last Minute Vacation Deals<\/a><\/li>\r\n \t<li><a href=\"\/vacation-deals\/hot\/\" class=\"inheritcolor\"><i class=\"fas fa-angle-right\"><\/i> Hot Vacation Deals<\/a><\/li>\r\n<\/ul>\r\n<\/div>\r\n<div class=\"x-column x-sm x-1-4 last\">\r\n<h6 class=\"mbs mtn\"><i class=\"fas fa-clipboard-list\"><\/i> Planifica tu Viaje<\/h6>\r\n<ul style=\"list-style-type:none;\">\r\n \t<li><a href=\"\/vacation-deals\/june\/\" class=\"inheritcolor\"><i class=\"fas fa-angle-right\"><\/i> June Vacation Deals<\/a><\/li>\r\n \t<li><a href=\"\/vacation-deals\/july\/\" class=\"inheritcolor\"><i class=\"fas fa-angle-right\"><\/i> July Vacation Deals<\/a><\/li>\r\n \t<li><a href=\"\/vacation-deals\/october\/\" class=\"inheritcolor\"><i class=\"fas fa-angle-right\"><\/i> October Vacation Deals<\/a><\/li>\r\n \t<li><a href=\"\/vacation-deals\/september\/\" class=\"inheritcolor\"><i class=\"fas fa-angle-right\"><\/i> September Vacation Deals<\/a><\/li>\r\n \t<li><a href=\"\/vacation-deals\/december\/\" class=\"inheritcolor\"><i class=\"fas fa-angle-right\"><\/i> December Vacation Deals<\/a><\/li>\r\n<\/ul>\r\n<\/div>\r\n[clear]\r\n<div style=\"text-align: center;\" class=\"mtm\">\r\n         <a href=\"\/vacation-deals\/\">VER TODAS LAS OFERTAS VACACIONALES<\/a><\/div>\r\n<\/div>\r\n[line]\r\n\r\n<\/div>\r\n[gap size=\"3em\"]\r\n[\/container]","protected":false},"excerpt":{"rendered":"<p>Grow magical family memories with spring vacation deals featuring discount packages to Orlando, Gatlinburg, Cocoa Beach, Las Vegas, Branson &#038; Williamsburg<\/p>\n","protected":false},"author":9,"featured_media":22449,"parent":16484,"menu_order":0,"comment_status":"closed","ping_status":"closed","template":"template-blank-4.php","meta":{"footnotes":""},"_links":{"self":[{"href":"https:\/\/www.westgatereservations.com\/es\/wp-json\/wp\/v2\/pages\/17508"}],"collection":[{"href":"https:\/\/www.westgatereservations.com\/es\/wp-json\/wp\/v2\/pages"}],"about":[{"href":"https:\/\/www.westgatereservations.com\/es\/wp-json\/wp\/v2\/types\/page"}],"author":[{"embeddable":true,"href":"https:\/\/www.westgatereservations.com\/es\/wp-json\/wp\/v2\/users\/9"}],"replies":[{"embeddable":true,"href":"https:\/\/www.westgatereservations.com\/es\/wp-json\/wp\/v2\/comments?post=17508"}],"version-history":[{"count":0,"href":"https:\/\/www.westgatereservations.com\/es\/wp-json\/wp\/v2\/pages\/17508\/revisions"}],"up":[{"embeddable":true,"href":"https:\/\/www.westgatereservations.com\/es\/wp-json\/wp\/v2\/pages\/16484"}],"wp:featuredmedia":[{"embeddable":true,"href":"https:\/\/www.westgatereservations.com\/es\/wp-json\/wp\/v2\/media\/22449"}],"wp:attachment":[{"href":"https:\/\/www.westgatereservations.com\/es\/wp-json\/wp\/v2\/media?parent=17508"}],"curies":[{"name":"wp","href":"https:\/\/api.w.org\/{rel}","templated":true}]}}