{"id":17506,"date":"2019-02-27T14:12:56","date_gmt":"2019-02-27T19:12:56","guid":{"rendered":"https:\/\/www.westgatereservations.com\/vacation-deals\/september\/"},"modified":"2024-07-22T17:31:30","modified_gmt":"2024-07-22T21:31:30","slug":"september","status":"publish","type":"page","link":"https:\/\/www.westgatereservations.com\/es\/vacation-deals\/september\/","title":{"rendered":"September Vacation Deals"},"content":{"rendered":"<div class=\"fw-absolute ptm\">\r\n<div class=\"fw-container\">\r\n    <img class=\"banner\" ng-cloak ng-src=\"{{app.data.is_mobile && 'https:\/\/westgatecdn.com\/2019\/06\/september-vacation-packages.jpg' || 'https:\/\/westgatecdn.com\/2019\/06\/september-vacation-deals.jpg'}}\" alt=\"Ofertas de vacaciones en septiembre\">\r\n<\/div>\r\n    <div class=\"x-container max width dshadow x-hidden-phone\" style=\"position: relative;\">\r\n        <h1 class=\"man ptm white center-text\">Ofertas de vacaciones en septiembre\r\n<\/h1>\r\n        <div class=\"h5 man ptm white center-text\">\u00a1Incre\u00edbles aventuras de oto\u00f1o!\r\n<\/div>\r\n        <div class=\"center-text white mbl mts\">\r\n        <span>DESDE: <\/span><span class=\"h1 white\">$59<\/span> \/PAQUETE<\/span>\r\n        <\/div>\r\n    <\/div>\r\n    [gap size=\"1em\" class=\"x-hidden-phone\"]\r\n    <div class=\"x-container max width search-ow-resort availability-search\">\r\n        <div class=\"x-visible-phone\">\r\n            <h1 class=\"dshadow man pts white center-text\">Ofertas de vacaciones en septiembre\r\n<\/h1>\r\n            <div class=\"dshadow h5 man pts white center-text\">\u00a1Incre\u00edbles aventuras de oto\u00f1o!\r\n<\/div>\r\n            <div class=\"availability-horizontal center-text\">\r\n                <span class=\"no-break\"><span class=\"white\">DESDE: <\/span><span class=\"price white\"><b>$59<\/b><\/span> <span class=\"white\">\/PAQUETE<\/span><\/span>\r\n            <\/div>\r\n        <\/div>\r\n        <div class=\"x-content-band marginless-columns mbn ptn pbn\">\r\n            <div class=\"x-container\">\r\n                [gap size=\"1em\"]\r\n            [search-availability layout=\"horizontal\" hide_title=\"true\" class=\"no-bg pan\"]\r\n                [gap size=\"1em\" class=\"x-hidden-phone\"]\r\n            <\/div>\r\n        <\/div>\r\n    <\/div>\r\n    [gap size=\"1em\" class=\"x-visible-phone\"]\r\n<\/div>\r\n\r\n<div class=\"center-text x-breadcrumb-wrap x-visible-phone\">\r\n [subscribe modal=\"true\" trigger=\"link\" show_name=\"true\" trigger_content=\"<i class=\"fas fa-envelope \" aria-hidden=\"true\"><\/i>SUSCR\u00cdBETE PARA OFERTAS Y DESCUENTOS ESPECIALES\"]\r\n<\/div>\r\n<div class=\"x-container max width mtl\">\r\n    [gap size=\"1em\"]\r\n    <div class=\"x-column x-sm x-1-4\">\r\n        <div class=\"email-sidebar mbl x-hidden-phone\">\r\n            [subscribe headline=\"Suscr\u00edbete para Ofertas y Descuentos Especiales\" show_name=\"true\" class=\"pan man\" confirm_content=\"<div class='pam' style='background:#a3d2b4; color:#fff;'><h6 class='mts'>\u00a1Gracias por Suscribirte! <br\/> Recuerda verificar tu correo electr\u00f3nico<\/h6> <\/div>\"]\r\n        <\/div>\r\n        [content-block name=\"call-hours\"]\r\n    <\/div>\r\n    <div class=\"x-column x-sm x-3-4 last\">\r\n\r\n\r\n<!-- Intro -->\r\n    <h2 class=\"h3 mtn mbs stack-center-m\">Ofertas y Paquetes de Vacaciones en Septiembre<\/h2>\r\n        <div class=\"x-column x-sm x-1-3 mbm\">\r\n            <wf-scroll hash=\"orl\" class=\"x-btn x-btn-block btn-gray x-btn-transparent\">Ofertas en Orlando:<\/wf-scroll>\r\n        <\/div>\r\n        <div class=\"x-column x-sm x-1-3 mbm\">\r\n            <wf-scroll hash=\"bran\" class=\"x-btn x-btn-block btn-gray x-btn-transparent\">Ofertas en Branson:<\/wf-scroll>\r\n        <\/div>\r\n        <div class=\"x-column x-sm x-1-3 last mbm\">\r\n            <wf-scroll hash=\"lv\" class=\"x-btn x-btn-block btn-gray x-btn-transparent\">Ofertas en Las Vegas:<\/wf-scroll>\r\n        <\/div>\r\n        [clear]\r\n <div class=\"x-column x-sm x-1-3 mbm\">\r\n            <wf-scroll hash=\"gat\" class=\"x-btn x-btn-block btn-gray x-btn-transparent\">Ofertas en Gatlinburg:<\/wf-scroll>\r\n        <\/div>\r\n        <div class=\"x-column x-sm x-1-3 mbm\">\r\n            <wf-scroll hash=\"will\" class=\"x-btn x-btn-block btn-gray x-btn-transparent\">Ofertas en Williamsburg:<\/wf-scroll>\r\n        <\/div>\r\n        [clear]\r\n\r\n        <p class=\"mtm\">Septiembre es una gran \u00e9poca para una escapada especial de vacaciones. A medida que las familias regresan a la escuela, encontrar\u00e1s menos aglomeraciones y mejores ofertas en algunos de los destinos vacacionales m\u00e1s populares. En destinos como la soleada ciudad de Orlando, FL, tambi\u00e9n podr\u00e1s experimentar temperaturas ligeramente m\u00e1s frescas que en los meses extremos de verano. El comienzo del oto\u00f1o es tambi\u00e9n el comienzo de muchos festivales de cosecha de oto\u00f1o y otros festivales favoritos. \u00c9chale un vistazo a lo mucho que puedes disfrutar en este mes de septiembre con una escapada espectacular a un resort que cuenta con alojamiento de lujo y una extensa lista de comodidades y actividades llenas de diversi\u00f3n.<\/p>\r\n[line]\r\n<!--\/-->\r\n\r\n\r\n<!-- Orlando destination -->\r\n<div id=\"orl\"><\/div>\r\n    <h2 class=\"h3 mtl mbs stack-center-m\">Ofertas de Septiembre en Orlando:<\/h3>\r\n        <p>Septiembre trae cosas grandes para los parques tem\u00e1ticos favoritos de Orlando, como el Festival Internacional de comida y vino anual en Epcot, y el comienzo de los inolvidables y divertidos eventos de Halloween en Disney, Universal Studios y SeaWorld Orlando. Por lo general, en septiembre las filas en los parques tem\u00e1ticos son m\u00e1s cortas y la temperatura es m\u00e1s fresca.<\/p>\r\n    [specials ids=\"5658,5661,5663,15037,11062\"] \r\n<!--\/-->\r\n[line]\r\n\r\n<!-- Disney destination -->\r\n<div id=\"bran\"><\/div>\r\n    <h3 class=\"h3 mtl mbm stack-center-m\" >Ofertas de Septiembre en Branson:<\/h3>\r\n        <p>Cuando el calendario cambia a septiembre, la diversi\u00f3n contin\u00faa en Branson. En el parque tem\u00e1tico de Silver Dollar City, que tiene como tema la d\u00e9cada de 1880, disfrutar\u00e1s del comienzo de los Festivales de Cosecha anuales, y del Country Music Days que cuenta con 13 d\u00edas de m\u00fasica country ic\u00f3nica. Puedes disfrutar de la naturaleza con los \u00e1rboles que est\u00e1n alrededor de los Ozarks, ya que estos comienzan a cambiar su color y tambi\u00e9n encontrar\u00e1s m\u00e1s de 100 espect\u00e1culos de entretenimiento en vivo.<\/p>\r\n    [specials ids=\"5644,5641\"] \r\n<!--\/-->\r\n[line]\r\n\r\n<!-- Orlando destination -->\r\n<div id=\"lv\"><\/div>\r\n    <h2 class=\"h3 mtl mbs stack-center-m\">Ofertas de Septiembre en Las Vegas:<\/h3>\r\n        <p>Aunque el mes de septiembre trae un clima m\u00e1s fresco a Las Vegas, la ciudad sigue siendo un punto caliente para todos los visitantes. Encontrar\u00e1s la habitual variedad de conciertos en vivo, espect\u00e1culos de gran producci\u00f3n, actos de magia y mucho m\u00e1s. Tambi\u00e9n es un buen momento para visitar las casas de apuestas deportivas y ver a tus equipos favoritos en acci\u00f3n cuando comience la temporada de f\u00fatbol.<\/p>\r\n    [specials ids=\"22581\"] \r\n<!--\/-->\r\n[line]\r\n\r\n<!-- Cocoa Beach destination -->\r\n<div id=\"gat\"><\/div>\r\n    <h3 class=\"h3 mtl mbm stack-center-m\">Ofertas de Septiembre en Gatlinburg:<\/h3>\r\n        <p>Una de las mejores temporadas para visitar Gatlinburg es en septiembre: despu\u00e9s de que las grandes multitudes de turismo del verano ya se hayan marchado y antes de que otras tantas multitudes de fan\u00e1ticos de los colores del oto\u00f1o lleguen. Disfruta de temperaturas m\u00e1s frescas, ideales para hacer senderismo en el Parque Nacional de las Grandes Monta\u00f1as Humeantes (Great Smoky Mountains) y experimenta el comienzo de la temporada de la celebraci\u00f3n de la cosecha.<\/p>\r\n    [specials ids=\"11386,18428\"] \r\n<!--\/-->\r\n\r\n<!-- Orlando destination -->\r\n<div id=\"will\"><\/div>\r\n    <h2 class=\"h3 mtl mbs stack-center-m\">Ofertas de Septiembre en Williamsburg:<\/h3>\r\n        <p>Desde el incre\u00edble clima, hasta el comienzo de la temporada de los espectaculares colores del oto\u00f1o, septiembre es un mes especial para visitar Williamsburg, VA. Encontrar\u00e1s tambi\u00e9n una gran variedad de eventos que van desde el Williamsburg Fall Arts Festival y el Busch Gardens Bier Fest, hasta Yorktown Market Days y la celebraci\u00f3n de la victoria de Yorktown en el Yorktown Victory Celebration.<\/p>\r\n    [specials ids=\"5666\"] \r\n<!--\/-->\r\n[line]\r\n\r\n\r\n\r\n\r\n    <\/div>\r\n    [clear]\r\n    [gap size=\"2em\"]\r\n<\/div>\r\n<!----->\r\n<div style=\"background: #efefef;\">\r\n    <div class=\"x-container max width ptl pbl center-text\">\r\n<h3>Comienza a planear tus vacaciones de septiembre<\/h3>\r\n<p>\u00a1Echa un vistazo a nuestros \u00faltimos blogs y descubre los grandes destinos que te esperan en septiembre! <\/p>\r\n[recent_posts ids=\"13736,13366,13395\"]\r\n\r\n[gap size=\"2em\"]\r\n      \r\n    <\/div>\r\n<\/div>\r\n<!-- call banner-->\r\n<div style=\"background: #232c35;\">\r\n    <div class=\"x-container max width\">\r\n        [gap size=\"1em\"]\r\n        <div class=\"x-column x-sm x-2-3 white stack-center-m pas\">\r\n            <h5 class=\"font-lighter white man\">Reserva tus vacaciones de septiembre hoy mismo<\/h5>\r\n            <p>\u00a1Comun\u00edcate con nosotros ahora para obtener los \u00faltimos descuentos en tu elecci\u00f3n de paquetes de vacaciones de septiembre!<\/p>\r\n        <\/div>\r\n        <div class=\"x-column x-sm x-1-3 pam last\">\r\n            [phone_link class=\"x-btn x-btn-block btn-orange\"]Llama al [tel][\/phone_link]\r\n            [gap size=\"1em\" class=\"x-visible-phone\"]\r\n        <\/div>\r\n    <\/div>\r\n<\/div>\r\n<!--\/call banner-->\r\n<!-- Recommended Vacation Destinations -->\r\n[container]\r\n<div class=\"x-container max width\">\r\n    [gap size=\"3em\"]\r\n[line]\r\n<div style=\"background: #efefef; padding: 10px 20px 10px 20px;\">\r\n<h5 class=\"mbs mtn h4\">Ofertas Populares para Usted:<\/h5>\r\n                <div class=\"x-column x-sm x-1-4\">\r\n<h6 class=\"mbs mtn\"><i class=\"far fa-compass\"><\/i> Destinos Cerca de Usted<\/h6>\r\n<ul style=\"list-style-type:none;\" >\r\n<li><a href=\"\/es\/vacation-deals\/myrtle-beach\/\" class=\"inheritcolor\"><i class=\"fas fa-angle-right\"><\/i> Ofertas Vacacionales en Myrtle Beach<\/a><\/li>\r\n<li><a href=\"\/es\/vacation-deals\/vegas\/\" class=\"inheritcolor\"><i class=\"fas fa-angle-right\"><\/i> Ofertas Vacacionales en Las Vegas<\/a><\/li>\r\n<li><a href=\"\/es\/vacation-deals\/florida\/\" class=\"inheritcolor\"><i class=\"fas fa-angle-right\"><\/i> Ofertas Vacacionales en Florida<\/a><\/li>\r\n<li><a href=\"\/es\/vacation-deals\/orlando\/\" class=\"inheritcolor\"><i class=\"fas fa-angle-right\"><\/i> Ofertas Vacacionales en Orlando<\/a><\/li>\r\n<li><a href=\"\/es\/vacation-deals\/gatlinburg\/\" class=\"inheritcolor\"><i class=\"fas fa-angle-right\"><\/i> Ofertas Vacacionales en Gatlinburg<\/a><\/li>\r\n<li><a href=\"\/es\/vacation-deals\/usa\/\" class=\"inheritcolor\"><i class=\"fas fa-angle-right\"><\/i> Ofertas Vacacionales en EEUU<\/a><\/li>\r\n<\/ul>\r\n        <\/div>\r\n        <div class=\"x-column x-sm x-1-4\">\r\n<h6 class=\"mbs mtn\"><i class=\"fas fa-chart-line\"><\/i> Ofertas Populares<\/h6>\r\n<ul style=\"list-style-type:none;\">\r\n<li><a href=\"\/es\/vacation-deals\/beach\/\" class=\"inheritcolor\"><i class=\"fas fa-angle-right\"><\/i> Ofertas Vacacionales de Playa<\/a><\/li>\r\n<li><a href=\"\/es\/vacation-deals\/couples\/\" class=\"inheritcolor\"><i class=\"fas fa-angle-right\"><\/i> Paquetes para Parejas<\/a><\/li>\r\n<li><a href=\"\/es\/vacation-deals\/family\/\" class=\"inheritcolor\"><i class=\"fas fa-angle-right\"><\/i> Ofertas Vacacionales para Familias<\/a><\/li>\r\n<li><a href=\"\/es\/vacation-deals\/summer\/\" class=\"inheritcolor\"><i class=\"fas fa-angle-right\"><\/i> Ofertas Vacacionales de Verano<\/a><\/li>\r\n<li><a href=\"\/es\/vacation-deals\/spring\/\" class=\"inheritcolor\"><i class=\"fas fa-angle-right\"><\/i> Ofertas Vacacionales de Primavera<\/a><\/li>\r\n<li><a href=\"\/es\/vacation-deals\/fall\/\" class=\"inheritcolor\"><i class=\"fas fa-angle-right\"><\/i> Ofertas Vacacionales de Oto\u00f1o<\/a><\/li>\r\n<\/ul>\r\n        <\/div>\r\n        <div class=\"x-column x-sm x-1-4\">\r\n<h6 class=\"mbs mtn\"><i class=\"fas fa-dollar-sign\"><\/i> Lo \u00daltimo<\/h6>\r\n<ul style=\"list-style-type:none;\">\r\n<li><a href=\"\/es\/vacation-deals\/best\/\" class=\"inheritcolor\"><i class=\"fas fa-angle-right\"><\/i> Mejores Ofertas Vacacionales<\/a><\/li>\r\n<li><a href=\"\/es\/vacation-deals\/cheap\/\" class=\"inheritcolor\"><i class=\"fas fa-angle-right\"><\/i> Ofertas Vacacionales Econ\u00f3micas<\/a><\/li>\r\n<li><a href=\"\/es\/vacation-deals\/timeshare\/\" class=\"inheritcolor\"><i class=\"fas fa-angle-right\"><\/i> Ofertas Vacacionales de Tiempo Compartido<\/a><\/li>\r\n<li><a href=\"\/es\/vacation-deals\/weekend\/\" class=\"inheritcolor\"><i class=\"fas fa-angle-right\"><\/i> Ofertas Vacacionales de Fin de Semana<\/a><\/li>\r\n<li><a href=\"\/es\/vacation-deals\/last-minute\/\" class=\"inheritcolor\"><i class=\"fas fa-angle-right\"><\/i> Ofertas Vacacionales de \u00daltimo Minuto<\/a><\/li>\r\n<li><a href=\"\/es\/vacation-deals\/hot\/\" class=\"inheritcolor\"><i class=\"fas fa-angle-right\"><\/i> Ofertas Vacacionales Populares<\/a><\/li>\r\n<\/ul>\r\n        <\/div>\r\n\r\n        <div class=\"x-column x-sm x-1-4 last\">\r\n<h6 class=\"mbs mtn\"><i class=\"fas fa-clipboard-list\"><\/i> Planifica su Viaje<\/h6>\r\n<ul style=\"list-style-type:none;\">\r\n<li><a href=\"\/es\/vacation-deals\/june\/\" class=\"inheritcolor\"><i class=\"fas fa-angle-right\"><\/i> Paquetes de Verano<\/a><\/li>\r\n<li><a href=\"\/es\/vacation-deals\/july\/\" class=\"inheritcolor\"><i class=\"fas fa-angle-right\"><\/i> Ofertas Vacacionales para Julio<\/a><\/li>\r\n<li><a href=\"\/es\/vacation-deals\/october\/\" class=\"inheritcolor\"><i class=\"fas fa-angle-right\"><\/i> Ofertas Vacacionales para Octubre<\/a><\/li>\r\n<li><a href=\"\/es\/vacation-deals\/december\/\" class=\"inheritcolor\"><i class=\"fas fa-angle-right\"><\/i> Ofertas Vacacionales para Diciembre<\/a><\/li>\r\n<\/ul>\r\n         <\/div>\r\n         [clear]\r\n         <div style=\"text-align: center;\" class=\"mtm\">\r\n         <a href=\"\/es\/vacation-deals\/\">VER TODAS LAS OFERTAS<\/a>\r\n        <\/div>\r\n<\/div>\r\n[line]\r\n<\/div>\r\n    [gap size=\"3em\"]\r\n[\/container]","protected":false},"excerpt":{"rendered":"<p>With families headed back to school, September is a great time to visit many popular destinations across the U.S. Discover some of the best September deals.<\/p>\n","protected":false},"author":9,"featured_media":14754,"parent":16484,"menu_order":0,"comment_status":"closed","ping_status":"closed","template":"template-blank-4.php","meta":{"footnotes":""},"_links":{"self":[{"href":"https:\/\/www.westgatereservations.com\/es\/wp-json\/wp\/v2\/pages\/17506"}],"collection":[{"href":"https:\/\/www.westgatereservations.com\/es\/wp-json\/wp\/v2\/pages"}],"about":[{"href":"https:\/\/www.westgatereservations.com\/es\/wp-json\/wp\/v2\/types\/page"}],"author":[{"embeddable":true,"href":"https:\/\/www.westgatereservations.com\/es\/wp-json\/wp\/v2\/users\/9"}],"replies":[{"embeddable":true,"href":"https:\/\/www.westgatereservations.com\/es\/wp-json\/wp\/v2\/comments?post=17506"}],"version-history":[{"count":0,"href":"https:\/\/www.westgatereservations.com\/es\/wp-json\/wp\/v2\/pages\/17506\/revisions"}],"up":[{"embeddable":true,"href":"https:\/\/www.westgatereservations.com\/es\/wp-json\/wp\/v2\/pages\/16484"}],"wp:featuredmedia":[{"embeddable":true,"href":"https:\/\/www.westgatereservations.com\/es\/wp-json\/wp\/v2\/media\/14754"}],"wp:attachment":[{"href":"https:\/\/www.westgatereservations.com\/es\/wp-json\/wp\/v2\/media?parent=17506"}],"curies":[{"name":"wp","href":"https:\/\/api.w.org\/{rel}","templated":true}]}}