{"id":17502,"date":"2019-02-19T16:54:21","date_gmt":"2019-02-19T21:54:21","guid":{"rendered":"https:\/\/www.westgatereservations.com\/vacation-deals\/orlando\/"},"modified":"2025-01-24T16:31:26","modified_gmt":"2025-01-24T21:31:26","slug":"orlando","status":"publish","type":"page","link":"https:\/\/www.westgatereservations.com\/es\/vacation-deals\/orlando\/","title":{"rendered":"Ofertas de Vacaciones en Orlando"},"content":{"rendered":"<div class=\"fw-absolute ptm\">\r\n<div class=\"fw-container\">\r\n    <img class=\"banner\" ng-cloak ng-src=\"{{app.data.is_mobile && 'https:\/\/westgatecdn.com\/2019\/06\/orlando-best-vacation-deals.jpg' || 'https:\/\/westgatecdn.com\/2019\/06\/orlando-vacation-deals.jpg'}}\" alt=\"Ofertas de Vacaciones en Orlando\">\r\n<\/div>\r\n    <div class=\"x-container max width dshadow x-hidden-phone\" style=\"position: relative;\">\r\n        <h1 class=\"man ptm white center-text\">Ofertas de Vacaciones en Orlando\r\n<\/h1>\r\n        <div class=\"h5 man ptm white center-text\">\u00a1Parques tem\u00e1ticos, parques acu\u00e1ticos y mucho m\u00e1s!\r\n<\/div>\r\n        <div class=\"center-text white mbl mts\">\r\n        <span>DESDE: <\/span><span class=\"h1 white\">$99<\/span> \/PAQUETE<\/span>\r\n        <\/div>\r\n    <\/div>\r\n    [gap size=\"1em\" class=\"x-hidden-phone\"]\r\n    <div class=\"x-container max width search-ow-resort availability-search\">\r\n        <div class=\"x-visible-phone\">\r\n            <h1 class=\"dshadow man pts white center-text\">Ofertas de vacaciones en Orlando\r\n<\/h1>\r\n            <div class=\"dshadow h5 man pts white center-text\">Parques tem\u00e1ticos, parques acu\u00e1ticos y mucho m\u00e1s!\r\n<\/div>\r\n            <div class=\"availability-horizontal center-text\">\r\n                <span class=\"no-break\"><span class=\"white\">DESDE: <\/span><span class=\"price white\"><b>$99<\/b><\/span> <span class=\"white\">\/PAQUETE<\/span><\/span>\r\n            <\/div>\r\n        <\/div>\r\n        <div class=\"x-content-band marginless-columns mbn ptn pbn\">\r\n            <div class=\"x-container\">\r\n                [gap size=\"1em\"]\r\n    [search-availability destination=\"Orlando\" layout=\"horizontal\" hide_title=\"true\" class=\"no-bg pan\"]\r\n                [gap size=\"1em\" class=\"x-hidden-phone\"]\r\n            <\/div>\r\n        <\/div>\r\n    <\/div>\r\n    [gap size=\"1em\" class=\"x-visible-phone\"]\r\n<\/div>\r\n\r\n\r\n\r\n<div class=\"center-text x-breadcrumb-wrap x-visible-phone\">\r\n [subscribe modal=\"true\" trigger=\"link\" show_name=\"true\" trigger_content=\"<i class=\"fas fa-envelope \" aria-hidden=\"true\"><\/i>Sign up for the <b>latest<\/b> deal alerts\"]\r\n<\/div>\r\n<div class=\"x-container max width mtl\">\r\n    [gap size=\"1em\"]\r\n    <div class=\"x-column x-sm x-1-4\">\r\n        <div class=\"email-sidebar mbl x-hidden-phone\">\r\n            [subscribe headline=\"Sign up for special offers and coupon codes\" show_name=\"true\" class=\"pan man\" confirm_content=\"<div class='pam' style='background:#a3d2b4; color:#fff;'><h6 class='mts'>Thanks for signing up! <br\/> Be sure to check your email for more savings!<\/h6> <\/div>\"]\r\n        <\/div>\r\n        [content-block name=\"call-hours\"]\r\n    <\/div>\r\n    <div class=\"x-column x-sm x-3-4 last\">\r\n\r\n\r\n\r\n\r\n<!-- Intro -->\r\n    <h2 class=\"h3 mtn mbs stack-center-m\">Ofertas y promociones de Vacaciones en Orlando<\/h2>\r\n        <div class=\"x-column x-sm x-1-3 mbm\">\r\n            <wf-scroll hash=\"orl\" class=\"x-btn x-btn-block btn-gray x-btn-transparent\">Ofertas de Vacaciones en Orlando<\/wf-scroll>\r\n        <\/div>\r\n        <div class=\"x-column x-sm x-1-3 mbm\">\r\n            <wf-scroll hash=\"disney\" class=\"x-btn x-btn-block btn-gray x-btn-transparent\">Ofertas de Vacaciones en Disney<\/wf-scroll>\r\n        <\/div>\r\n        <div class=\"x-column x-sm x-1-3 last mbm\">\r\n            <wf-scroll hash=\"universal\" class=\"x-btn x-btn-block btn-gray x-btn-transparent\">Ofertas de Vacaciones en Universal<\/wf-scroll>\r\n        <\/div>\r\n        [clear]\r\n        <p class=\"mtm\">Experimenta parques tem\u00e1ticos de fama mundial como Disney World, Universal Studios y SeaWorld Orlando. Disfruta de la emoci\u00f3n de toboganes acu\u00e1ticos o rel\u00e1jate en un r\u00edo lento en uno de los muchos parques acu\u00e1ticos. \u00a1O tambi\u00e9n explora la aventura local! \u00a1Estas son solo algunas de las experiencias que te esperan en la hermosa ciudad de Orlando, FL! Consulta nuestras muchas ofertas de paquetes de vacaciones con descuento en Orlando y disfruta de una espectacular escapada a un resort con alojamiento de lujo y una extensa lista de actividades y servicios llenos de diversi\u00f3n.<\/p>\r\n[line]\r\n<!--\/-->\r\n\r\n\r\n<!-- Orlando destination -->\r\n<div id=\"orl\"><\/div>\r\n    <h2 class=\"h3 mtl mbs stack-center-m\">Ofertas de vacaciones en Resorts en Orlando:<\/h3>\r\n        <p>Ya sea que prefieras un refrescante parque acu\u00e1tico, una aventura en un parque tem\u00e1tico, o simplemente relajarte en total comodidad y disfrutar del incre\u00edble sol de Florida, Westgate Resorts tiene el paquete de vacaciones perfecto para ti y tu familia. Est\u00e1 garantizado que experimentar\u00e1s un sinn\u00famero de actividades cuando est\u00e9s de vacaciones en la hermosa ciudad de Orlando, FL. <\/p>\r\n    [specials ids=\"20706,8640\"] \r\n<!--\/-->\r\n[line]\r\n\r\n<!-- destination -->\r\n<div id=\"disney\"><\/div>\r\n    <h3 class=\"h3 mtl mbm stack-center-m\" >Ofertas de vacaciones en Disney World:<\/h3>\r\n        <p>Con cuatro parques tem\u00e1ticos incre\u00edbles, incluyendo el emblem\u00e1tico Magic Kingdom, dos grandes parques acu\u00e1ticos, adem\u00e1s de un enorme complejo comercial, gastron\u00f3mico y de entretenimiento en Disney Springs, no hay nada como una escapadita familiar a Orlando y Walt Disney World Resort. Un viaje a Disney World es m\u00e1s que solo unas vacaciones, es una oportunidad para crear momentos llenos de magia e inolvidables que toda la familia recordar\u00e1 por muchos a\u00f1os.<\/p>\r\n    [specials ids=\"5658\"] \r\n<!--\/-->\r\n[line]\r\n\r\n<!-- destination -->\r\n<div id=\"universal\"><\/div>\r\n    <h3 class=\"h3 mtl mbm stack-center-m\">Ofertas de vacaciones en Universal en Orlando:<\/h3>\r\n        <p>Desde atracciones llenas de diversi\u00f3n y monta\u00f1as rusas prometedoras, hasta el popular Wizarding World of Harry Potter, podr\u00e1s vivir las pel\u00edculas en primera persona en los parques tem\u00e1ticos Universal Studios Florida y Universal's Islands of Adventure. Ya sea que quieras vivir tus sue\u00f1os de superh\u00e9roe, escapar de la venganza de una momia o explorar el mundo de los magos, las emociones no van a faltar.<\/p>\r\n    [specials ids=\"5661\"] \r\n<!--\/-->\r\n[line]\r\n<!-- destination -->\r\n    <h3 class=\"h3 mtl mbm stack-center-m\">Ofertas de vacaciones en SeaWorld Orlando:<\/h3>\r\n        <p>Este lugar es conocido por sus incre\u00edbles encuentros cercanos con animales, \u00a1pero SeaWorld Orlando tambi\u00e9n ofrece entretenimiento sorprendente y cuenta con muchas de las monta\u00f1as rusas m\u00e1s r\u00e1pidas, m\u00e1s altas y m\u00e1s emocionantes de Orlando! Aqu\u00ed, podr\u00e1s superar tus l\u00edmites con atracciones sorprendentes y luego perderte en la belleza de la naturaleza. <\/p>\r\n    [specials ids=\"5663,14366\"] \r\n<!--\/-->\r\n\r\n[line]\r\n\r\n<!-- destination -->\r\n<div id=\"universal\"><\/div>\r\n    <h3 class=\"h3 my-3 stack-center-m\">Ofertas de Vacaciones en Legoland:<\/h3>\r\n        <p>Ampliamente conocido por sus creaciones LEGO sorpendentes y sus atracciones interactivas, Legoland Florida ofrece una experiencia llena de diversi\u00f3n para las familias con ni\u00f1os peque\u00f1os. El parque cuenta con impresionantes terrenos tem\u00e1ticos, desde una ciudad LEGO, hasta una zona pirata, as\u00ed como tambi\u00e9n juegos emocionantes, atracciones acu\u00e1ticas y shows en vivo. Los ni\u00f1os tambi\u00e9n pueden explorar zonas de construcci\u00f3n interactivas y conocer a sus personajes LEGO favoritos, lo que lo hace un lugar perfecto para el juego creativo y las aventuras.<\/p>\r\n    [specials ids=\"11042\"] \r\n<!--\/-->\r\n\r\n[line]\r\n\r\n<p>En general, Orlando ofrece una gran variedad de opciones vacacionales para cada tipo de viajero, desde aventuras emocionantes en parques tem\u00e1ticos, hasta estad\u00edas relajantes en Westgate Resorts. Gracias a una gran variedad de paquetes de vacaciones disponibles, los visitantes pueden disfrutar de descuentos en alojamientos espaciosos, beneficios exclusivos y f\u00e1cil acceso a las atracciones m\u00e1s populares de Orlando. Ya sea que quieras visitar el ic\u00f3nico Walt Disney World Resort, experimentar la adrenalina de Universal Orlando o explorar la belleza natural y el entretenimiento emocionante de la ciudad, Orlando promete una escapada inolvidable. Al aprovechar estas ofertas de vacaciones, las familias pueden disfrutar m\u00e1s de la diversi\u00f3n, la comodidad y el ahorro, \u00a1y as\u00ed asegurar unas vacaciones inolvidables en el coraz\u00f3n de Orlando!<\/p>\r\n\r\n    <\/div>\r\n    [clear]\r\n    [gap size=\"2em\"]\r\n<\/div>\r\n<!----->\r\n<div style=\"background: #efefef;\">\r\n    <div class=\"x-container max width ptl pbl center-text\">\r\n<h3>Comienza a planear tus vacaciones en Orlando<\/h3>\r\n<p>\u00a1Consulta nuestros \u00faltimos blogs y comienza a planear tu aventura familiar en Orlando!<\/p>\r\n[recent_posts count=\"3\" orientation=\"horizontal\" category=\"Orlando\"]\r\n\r\n[gap size=\"2em\"]\r\n      \r\n    <\/div>\r\n<\/div>\r\n<!-- call banner-->\r\n<div style=\"background: #232c35;\">\r\n    <div class=\"x-container max width\">\r\n        [gap size=\"1em\"]\r\n        <div class=\"x-column x-sm x-2-3 white stack-center-m pas\">\r\n            <h5 class=\"font-lighter white man\">Reserva tus vacaciones hoy mismo<\/h5>\r\n            <p>\u00a1Llama ahora para obtener los \u00faltimos descuentos en el paquete de vacaciones de tu elecci\u00f3n!<\/p>\r\n        <\/div>\r\n        <div class=\"x-column x-sm x-1-3 pam last\">\r\n            [phone_link class=\"x-btn x-btn-block btn-orange\"]Comun\u00edcate al [tel][\/phone_link]\r\n            [gap size=\"1em\" class=\"x-visible-phone\"]\r\n        <\/div>\r\n    <\/div>\r\n<\/div>\r\n<!--\/call banner-->\r\n<!-- Recommended Vacation Destinations -->\r\n[container]\r\n<div class=\"x-container max width\">\r\n    [gap size=\"3em\"]\r\n[line]\r\n<div style=\"background: #efefef; padding: 10px 20px 10px 20px;\">\r\n<h5 class=\"mbs mtn h4\">Ofertas Populares para Ti:<\/h5>\r\n                <div class=\"x-column x-sm x-1-4\">\r\n<h6 class=\"mbs mtn\"><i class=\"far fa-compass\"><\/i> Destinos Cerca de Ti<\/h6>\r\n<ul style=\"list-style-type:none;\" >\r\n<li><a href=\"\/es\/vacation-deals\/myrtle-beach\/\" class=\"inheritcolor\"><i class=\"fas fa-angle-right\"><\/i> Ofertas Vacacionales en Myrtle Beach<\/a><\/li>\r\n<li><a href=\"\/es\/vacation-deals\/vegas\/\" class=\"inheritcolor\"><i class=\"fas fa-angle-right\"><\/i> Ofertas Vacacionales en Las Vegas<\/a><\/li>\r\n<li><a href=\"\/es\/vacation-deals\/florida\/\" class=\"inheritcolor\"><i class=\"fas fa-angle-right\"><\/i> Ofertas Vacacionales en Florida<\/a><\/li>\r\n<li><a href=\"\/es\/vacation-deals\/gatlinburg\/\" class=\"inheritcolor\"><i class=\"fas fa-angle-right\"><\/i> Ofertas Vacacionales en Gatlinburg<\/a><\/li>\r\n<li><a href=\"\/es\/vacation-deals\/usa\/\" class=\"inheritcolor\"><i class=\"fas fa-angle-right\"><\/i> Ofertas Vacacionales en EEUU<\/a><\/li>\r\n<\/ul>\r\n        <\/div>\r\n        <div class=\"x-column x-sm x-1-4\">\r\n<h6 class=\"mbs mtn\"><i class=\"fas fa-chart-line\"><\/i> Ofertas Populares<\/h6>\r\n<ul style=\"list-style-type:none;\">\r\n<li><a href=\"\/es\/vacation-deals\/beach\/\" class=\"inheritcolor\"><i class=\"fas fa-angle-right\"><\/i> Ofertas Vacacionales de Playa<\/a><\/li>\r\n<li><a href=\"\/es\/vacation-deals\/couples\/\" class=\"inheritcolor\"><i class=\"fas fa-angle-right\"><\/i> Paquetes para Parejas<\/a><\/li>\r\n<li><a href=\"\/es\/vacation-deals\/family\/\" class=\"inheritcolor\"><i class=\"fas fa-angle-right\"><\/i> Ofertas Vacacionales para Familias<\/a><\/li>\r\n<li><a href=\"\/es\/vacation-deals\/summer\/\" class=\"inheritcolor\"><i class=\"fas fa-angle-right\"><\/i> Ofertas Vacacionales de Verano<\/a><\/li>\r\n<li><a href=\"\/es\/vacation-deals\/spring\/\" class=\"inheritcolor\"><i class=\"fas fa-angle-right\"><\/i> Ofertas Vacacionales de Primavera<\/a><\/li>\r\n<li><a href=\"\/es\/vacation-deals\/fall\/\" class=\"inheritcolor\"><i class=\"fas fa-angle-right\"><\/i> Ofertas Vacacionales de Oto\u00f1o<\/a><\/li>\r\n<\/ul>\r\n        <\/div>\r\n        <div class=\"x-column x-sm x-1-4\">\r\n<h6 class=\"mbs mtn\"><i class=\"fas fa-dollar-sign\"><\/i> Lo \u00daltimo<\/h6>\r\n<ul style=\"list-style-type:none;\">\r\n<li><a href=\"\/es\/vacation-deals\/best\/\" class=\"inheritcolor\"><i class=\"fas fa-angle-right\"><\/i> Mejores Ofertas Vacacionales<\/a><\/li>\r\n<li><a href=\"\/es\/vacation-deals\/cheap\/\" class=\"inheritcolor\"><i class=\"fas fa-angle-right\"><\/i> Ofertas Vacacionales Econ\u00f3micas<\/a><\/li>\r\n<li><a href=\"\/es\/vacation-deals\/timeshare\/\" class=\"inheritcolor\"><i class=\"fas fa-angle-right\"><\/i> Ofertas Vacacionales de Tiempo Compartido<\/a><\/li>\r\n<li><a href=\"\/es\/vacation-deals\/weekend\/\" class=\"inheritcolor\"><i class=\"fas fa-angle-right\"><\/i> Ofertas Vacacionales de Fin de Semana<\/a><\/li>\r\n<li><a href=\"\/es\/vacation-deals\/last-minute\/\" class=\"inheritcolor\"><i class=\"fas fa-angle-right\"><\/i> Ofertas Vacacionales de \u00daltimo Minuto<\/a><\/li>\r\n<li><a href=\"\/es\/vacation-deals\/hot\/\" class=\"inheritcolor\"><i class=\"fas fa-angle-right\"><\/i> Ofertas Vacacionales Populares<\/a><\/li>\r\n<\/ul>\r\n        <\/div>\r\n\r\n        <div class=\"x-column x-sm x-1-4 last\">\r\n<h6 class=\"mbs mtn\"><i class=\"fas fa-clipboard-list\"><\/i> Planifica tu Viaje<\/h6>\r\n<ul style=\"list-style-type:none;\">\r\n<li><a href=\"\/es\/vacation-deals\/june\/\" class=\"inheritcolor\"><i class=\"fas fa-angle-right\"><\/i> Paquetes de Verano<\/a><\/li>\r\n<li><a href=\"\/es\/vacation-deals\/july\/\" class=\"inheritcolor\"><i class=\"fas fa-angle-right\"><\/i> Ofertas Vacacionales para Julio<\/a><\/li>\r\n<li><a href=\"\/es\/vacation-deals\/october\/\" class=\"inheritcolor\"><i class=\"fas fa-angle-right\"><\/i> Ofertas Vacacionales para Octubre<\/a><\/li>\r\n<li><a href=\"\/es\/vacation-deals\/september\/\" class=\"inheritcolor\"><i class=\"fas fa-angle-right\"><\/i> Ofertas Vacacionales para Septiembre<\/a><\/li>\r\n<li><a href=\"\/es\/vacation-deals\/december\/\" class=\"inheritcolor\"><i class=\"fas fa-angle-right\"><\/i> Ofertas Vacacionales para Diciembre<\/a><\/li>\r\n<\/ul>\r\n         <\/div>\r\n         [clear]\r\n         <div style=\"text-align: center;\" class=\"mtm\">\r\n         <a href=\"\/es\/vacation-deals\/\">VER TODAS LAS OFERTAS<\/a>\r\n        <\/div>\r\n<\/div>\r\n[line]\r\n<\/div>\r\n    [gap size=\"3em\"]\r\n[\/container]","protected":false},"excerpt":{"rendered":"<p>From there parks and water parks to plush resorts and outdoor adventures, we have a wide range of discount Orlando vacation deals for you and your family. Explore the possibilities with an Orlando getaway.<\/p>\n","protected":false},"author":9,"featured_media":21413,"parent":16484,"menu_order":0,"comment_status":"closed","ping_status":"closed","template":"template-blank-4.php","meta":{"footnotes":""},"_links":{"self":[{"href":"https:\/\/www.westgatereservations.com\/es\/wp-json\/wp\/v2\/pages\/17502"}],"collection":[{"href":"https:\/\/www.westgatereservations.com\/es\/wp-json\/wp\/v2\/pages"}],"about":[{"href":"https:\/\/www.westgatereservations.com\/es\/wp-json\/wp\/v2\/types\/page"}],"author":[{"embeddable":true,"href":"https:\/\/www.westgatereservations.com\/es\/wp-json\/wp\/v2\/users\/9"}],"replies":[{"embeddable":true,"href":"https:\/\/www.westgatereservations.com\/es\/wp-json\/wp\/v2\/comments?post=17502"}],"version-history":[{"count":0,"href":"https:\/\/www.westgatereservations.com\/es\/wp-json\/wp\/v2\/pages\/17502\/revisions"}],"up":[{"embeddable":true,"href":"https:\/\/www.westgatereservations.com\/es\/wp-json\/wp\/v2\/pages\/16484"}],"wp:featuredmedia":[{"embeddable":true,"href":"https:\/\/www.westgatereservations.com\/es\/wp-json\/wp\/v2\/media\/21413"}],"wp:attachment":[{"href":"https:\/\/www.westgatereservations.com\/es\/wp-json\/wp\/v2\/media?parent=17502"}],"curies":[{"name":"wp","href":"https:\/\/api.w.org\/{rel}","templated":true}]}}