{"id":17500,"date":"2019-02-27T14:11:56","date_gmt":"2019-02-27T19:11:56","guid":{"rendered":"https:\/\/www.westgatereservations.com\/vacation-deals\/october\/"},"modified":"2024-08-30T13:49:19","modified_gmt":"2024-08-30T17:49:19","slug":"october","status":"publish","type":"page","link":"https:\/\/www.westgatereservations.com\/es\/vacation-deals\/october\/","title":{"rendered":"October Vacation Deals"},"content":{"rendered":"<div class=\"full-banner\">\r\n    <div role=\"img\" aria-label=\"Ofertas de vacaciones en octubre | Westgate Reservations\" class=\"image-wrap ptl\" style=\"\r\n    background:url(https:\/\/westgatecdn.com\/2019\/02\/october-vacation-deals.jpg) no-repeat center center;\r\n    -webkit-background-size: cover;\r\n    -moz-background-size: cover;\r\n    -o-background-size: cover;\r\n    background-size: cover;\r\n    \">\r\n        <div class=\"x-container max width x-hidden-phone\">\r\n            <div class=\"dshadow h1 man pts white center-text\">Ofertas de Vacaciones en Octubre<\/div>\r\n            <div class=\"dshadow h4 man mtn white center-text\">\u00a1Encuentra Tu Aventura de Oto\u00f1o Favorita!<\/div>\r\n            <div class=\"center-text white mbs dshadow\">\r\n            <span>DESDE: <\/span><span class=\"h1 white\">$99<\/span><span> \/PAQUETE<\/span>\r\n            <\/div>\r\n\r\n            <div class=\"center-text\">\r\n                <div class=\"x-column x-1-3 x-sm\"><span class=\"x-hidden-phone\">&nbsp;<\/span><\/div>\r\n                <div class=\"x-column x-1-3 x-sm last\"><span class=\"x-hidden-phone\">&nbsp;<\/span><\/div>\r\n                [clear]\r\n                [gap size=\"3em\"]\r\n            <\/div>\r\n        <\/div>\r\n\r\n        <!----->\r\n        <div class=\"x-container max width mbl search-ow-resort availability-search\">\r\n            <div class=\"x-visible-phone\">\r\n                <<div class=\"dshadow h1 man pts white center-text\">Ofertas de vacaciones en octubre<\/div>\r\n                <div class=\"dshadow h5 man mtn pts white center-text\">Encuentre su aventura de oto\u00f1o favorita!<\/div>\r\n                <div class=\"availability-horizontal center-text\">\r\n                    <span class=\"no-break\"><span class=\"white\">DESDE: <\/span><span class=\"price orange\"><b>$99<\/b><\/span> <span class=\"white\">\/PAQUETE<\/span><\/span>\r\n                <\/div>\r\n            <\/div>\r\n            [gap size=\"1em\"]\r\n            [search-availability layout=\"horizontal\" hide_title=\"true\" class=\"no-bg pan\"]\r\n            [gap size=\"1em\" class=\"x-hidden-phone\"]\r\n        <\/div>\r\n        [gap size=\"1em\" class=\"x-visible-phone\"]\r\n        <!---->\r\n    <\/div>\r\n<\/div>\r\n\r\n<div class=\"center-text x-breadcrumb-wrap x-visible-phone\">\r\n [subscribe modal=\"true\" trigger=\"link\" show_name=\"true\" trigger_content=\"<i class=\"fas fa-envelope \" aria-hidden=\"true\"><\/i>SUSCR\u00cdBETE PARA OFERTAS Y DESCUENTOS ESPECIALES\"]\r\n<\/div>\r\n<div class=\"x-container max width\">\r\n    [gap size=\"1em\"]\r\n    <div class=\"x-column x-sm x-1-4\">\r\n        <div class=\"email-sidebar mbl x-hidden-phone\">\r\n            [subscribe headline=\"Suscr\u00edbete para Ofertas y Descuentos Especiales\" show_name=\"true\" class=\"pan man\" confirm_content=\"<div class='pam' style='background:#a3d2b4; color:#fff;'><h6 class='mts'>\u00a1Gracias por Suscribirte! <br\/> Recuerda verificar tu correo electr\u00f3nico<\/h6> <\/div>\"]\r\n        <\/div>\r\n        [content-block name=\"call-hours\"]\r\n    <\/div>\r\n    <div class=\"x-column x-sm x-3-4 last\">\r\n<!-- Intro -->\r\n    <h1 class=\"h3 mtn mbs stack-center-m\">Ofertas y paquetes de vacaciones en Octubre<\/h1>\r\n        <div class=\"x-column x-sm x-1-3 mbm\">\r\n        \t<wf-scroll hash=\"orl\" class=\"x-btn x-btn-block btn-gray x-btn-transparent\">Ofertas para Orlando en Octubre:<\/wf-scroll>\r\n        <\/div>\r\n        <div class=\"x-column x-sm x-1-3 mbm\">\r\n        \t<wf-scroll hash=\"lv\" class=\"x-btn x-btn-block btn-gray x-btn-transparent\">Ofertas para Las Vegas en Octubre:<\/wf-scroll>\r\n        <\/div>\r\n        <div class=\"x-column x-sm x-1-3 last mbm\">\r\n\t\t\t<wf-scroll hash=\"gat\" class=\"x-btn x-btn-block btn-gray x-btn-transparent\">Ofertas para Gatlinburg en Octubre:<\/wf-scroll>\r\n        <\/div>\r\n        [clear]\r\n        <div class=\"x-column x-sm x-1-3 mbm\">\r\n        \t<wf-scroll hash=\"will\" class=\"x-btn x-btn-block btn-gray x-btn-transparent\">Ofertas para Williamsburg en Octubre:<\/wf-scroll>\r\n        <\/div>\r\n        <div class=\"x-column x-sm x-1-3 mbm\">\r\n        \t<wf-scroll hash=\"bran\" class=\"x-btn x-btn-block btn-gray x-btn-transparent\">Ofertas para Branson en Octubre:<\/wf-scroll>\r\n        <\/div>\r\n        \r\n        [clear]\r\n        <p class=\"mtm\">Este octubre, tiene una gran oferta de opciones para disfrutar de una espectacular escapada a un resort con alojamientos de lujo y una extensa lista de amenidades y actividades llenas de diversi\u00f3n. Podr\u00e1 ver una amplia gama de entretenimientos, desde los festivales donde se celebran las cosecha de oto\u00f1o hasta algunos eventos de Halloween muy entretenidos que no olvidar\u00e1 jam\u00e1s. Octubre es la \u00e9poca perfecta para visitar muchos destinos populares en todo Estados Unidos: desde la soleada Orlando hasta las Grandes Monta\u00f1as Humeantes de Tennessee, pasando por Williamsburg, VA y Las Vegas, octubre tambi\u00e9n ofrece temperaturas agradablemente m\u00e1s frescas y un sinf\u00edn de eventos de oto\u00f1o. Vea c\u00f3mo puede experimentar algunos de los eventos m\u00e1s populares del pa\u00eds mientras disfruta de las lujosas instalaciones de los Westgate Resorts y de una larga lista de exquisitas comodidades y actividades al estilo resort.<\/p>\r\n[line]\r\n<!--\/-->\r\n\r\n\r\n<!-- Orlando destination -->\r\n<div id=\"orl\"><\/div>\r\n    <h2 class=\"h3 mtl mbs stack-center-m\">Ofertas para Orlando en Octubre:<\/h3>\r\n        <p>El mes de octubre en Orlando brinda descanso del calor del verano y algunos de los eventos de Halloween m\u00e1s populares del mundo. Si lo que desea es una emoci\u00f3n fuerte y tenebrosa, visite las espeluznantes Halloween Horror Nights de Universal, si prefiere una diversi\u00f3n menos atemorizante, puede optar por la Fiesta de Halloween no tan tenebroosa de Mickey, o el electrizante \"Spooktacular\" show de Halloween en SeaWorld Orlando.<\/p>\r\n    [specials ids=\"13536,13394,21453\"] \r\n<!--\/-->\r\n[line]\r\n\r\n<!-- Disney destination -->\r\n<div id=\"lv\"><\/div>\r\n    <h3 class=\"h3 mtl mbm stack-center-m\" >Ofertas para Vegas en Octubre:<\/h3>\r\n        <p>Octubre trae consigo temperaturas m\u00e1s frescas, ofreciendo un clima ideal para explorar la mundialmente famosa zona de Las Vegas Strip o para hacer turismo en la represa Hoover, en el \u00e1rea de conservaci\u00f3n del ca\u00f1\u00f3n Roca Roja o en el Gran Ca\u00f1\u00f3n. Tambi\u00e9n puede visitar los libros de deportes del casino para ver a sus equipos favoritos de f\u00fatbol en plena acci\u00f3n.<\/p>\r\n    [specials ids=\"22581\"] \r\n<!--\/-->\r\n[line]\r\n\r\n<!-- Cocoa Beach destination -->\r\n<div id=\"gat\"><\/div>\r\n    <h3 class=\"h3 mtl mbm stack-center-m\">Ofertas para Gatlinburg en Octubre:<\/h3>\r\n        <p>Octubre no solo es uno de los mejores meses para visitar Gatlinburg, Tennessee, sino que tambi\u00e9n es uno de los momentos m\u00e1s espectaculares del a\u00f1o para descubrir las maravillas del lugar. Experimente la asombrosa escena de colores de oto\u00f1o mientras toda la regi\u00f3n del Parque Nacional de las Grandes Monta\u00f1as Humeantes (Great Smoky Mountains) estalla en un deslumbrante despliegue de tonos rojos, naranjas y amarillos. Podr\u00e1 tambi\u00e9n gozar de muchos eventos en el festival de la cosecha de oto\u00f1o en Gatlinburg.<\/p>\r\n    [specials ids=\"18428\"] \r\n<!--\/-->\r\n\r\n<!-- Cocoa Beach destination -->\r\n<div id=\"will\"><\/div>\r\n    <h3 class=\"h3 mtl mbm stack-center-m\">Ofertas para Williamsburg en Octubre:<\/h3>\r\n        <p>Desde los hermosos colores del oto\u00f1o y el clima refrescante hasta los divertidos festivales de la cosecha de oto\u00f1o y otros eventos populares, Williamsburg es una verdadera delicia en octubre. Disfrute del Festival anual de la cerveza en el parque tem\u00e1tico Busch Gardens de Williamsburg o explore las maravillas de la Am\u00e9rica colonial en el distrito hist\u00f3rico.<\/p>\r\n    [specials ids=\"5666\"] \r\n<!--\/-->\r\n\r\n<!-- Cocoa Beach destination -->\r\n<div id=\"bran\"><\/div>\r\n    <h3 class=\"h3 mtl mbm stack-center-m\">Ofertas para Branson en Octubre:<\/h3>\r\n        <p>Con varios festivales y eventos de oto\u00f1o, extraordinarios colores estacionales en las monta\u00f1as de Ozark, y celebraciones exclusivas en el parque tem\u00e1tico de Silver Dollar City, octubre es un gran momento para visitar Branson, MO. Disfrute de los muchos espect\u00e1culos y conciertos en vivo, o explore la belleza de la maravillosa \u00e1rea de los lagos de Branson.<\/p>\r\n    [specials ids=\"5641\"] \r\n<!--\/-->\r\n\r\n\r\n    <\/div>\r\n    [clear]\r\n    [gap size=\"2em\"]\r\n<\/div>\r\n<!----->\r\n<div style=\"background: #efefef;\">\r\n    <div class=\"x-container max width ptl pbl center-text\">\r\n<h3>Comienza a planificar tus vacaciones de Octubre<\/h3>\r\n<p>\u00a1Echa un vistazo a nuestros \u00faltimos blogs y encuentra la aventura de octubre hecha a tu medida!<\/p>\r\n[recent_posts ids=\"21430,26186,25008\"]\r\n\r\n[gap size=\"2em\"]\r\n      \r\n    <\/div>\r\n<\/div>\r\n<!-- call banner-->\r\n<div style=\"background: #232c35;\">\r\n    <div class=\"x-container max width\">\r\n        [gap size=\"1em\"]\r\n        <div class=\"x-column x-sm x-2-3 white stack-center-m pas\">\r\n            <h5 class=\"font-lighter white man\">Reserva tus vacaciones de Octubre hoy mismo<\/h5>\r\n            <p>\u00a1Llama ahora para obtener los \u00faltimos descuentos en tu elecci\u00f3n de paquetes de vacaciones de Octubre!<\/p>\r\n        <\/div>\r\n        <div class=\"x-column x-sm x-1-3 pam last\">\r\n            [phone_link class=\"x-btn x-btn-block btn-orange\"]Llama al [tel][\/phone_link]\r\n            [gap size=\"1em\" class=\"x-visible-phone\"]\r\n        <\/div>\r\n    <\/div>\r\n<\/div>\r\n<!--\/call banner-->\r\n<!-- Recommended Vacation Destinations -->\r\n[container]\r\n<div class=\"x-container max width\">\r\n    [gap size=\"3em\"]\r\n[line]\r\n<div style=\"background: #efefef; padding: 10px 20px 10px 20px;\">\r\n<h5 class=\"mbs mtn h4\">Ofertas Populares para Usted:<\/h5>\r\n                <div class=\"x-column x-sm x-1-4\">\r\n<h6 class=\"mbs mtn\"><i class=\"far fa-compass\"><\/i> Destinos Cerca Tuyo<\/h6>\r\n<ul style=\"list-style-type:none;\" >\r\n<li><a href=\"\/es\/vacation-deals\/myrtle-beach\/\" class=\"inheritcolor\"><i class=\"fas fa-angle-right\"><\/i> Ofertas Vacacionales en Myrtle Beach<\/a><\/li>\r\n<li><a href=\"\/es\/vacation-deals\/vegas\/\" class=\"inheritcolor\"><i class=\"fas fa-angle-right\"><\/i> Ofertas Vacacionales en Las Vegas<\/a><\/li>\r\n<li><a href=\"\/es\/vacation-deals\/florida\/\" class=\"inheritcolor\"><i class=\"fas fa-angle-right\"><\/i> Ofertas Vacacionales en Florida<\/a><\/li>\r\n<li><a href=\"\/es\/vacation-deals\/orlando\/\" class=\"inheritcolor\"><i class=\"fas fa-angle-right\"><\/i> Ofertas Vacacionales en Orlando<\/a><\/li>\r\n<li><a href=\"\/es\/vacation-deals\/gatlinburg\/\" class=\"inheritcolor\"><i class=\"fas fa-angle-right\"><\/i> Ofertas Vacacionales en Gatlinburg<\/a><\/li>\r\n<li><a href=\"\/es\/vacation-deals\/usa\/\" class=\"inheritcolor\"><i class=\"fas fa-angle-right\"><\/i> Ofertas Vacacionales en EEUU<\/a><\/li>\r\n<\/ul>\r\n        <\/div>\r\n        <div class=\"x-column x-sm x-1-4\">\r\n<h6 class=\"mbs mtn\"><i class=\"fas fa-chart-line\"><\/i> Ofertas Populares<\/h6>\r\n<ul style=\"list-style-type:none;\">\r\n<li><a href=\"\/es\/vacation-deals\/beach\/\" class=\"inheritcolor\"><i class=\"fas fa-angle-right\"><\/i> Ofertas Vacacionales de Playa<\/a><\/li>\r\n<li><a href=\"\/es\/vacation-deals\/couples\/\" class=\"inheritcolor\"><i class=\"fas fa-angle-right\"><\/i> Paquetes para Parejas<\/a><\/li>\r\n<li><a href=\"\/es\/vacation-deals\/family\/\" class=\"inheritcolor\"><i class=\"fas fa-angle-right\"><\/i> Ofertas Vacacionales para Familias<\/a><\/li>\r\n<li><a href=\"\/es\/vacation-deals\/summer\/\" class=\"inheritcolor\"><i class=\"fas fa-angle-right\"><\/i> Ofertas Vacacionales de Verano<\/a><\/li>\r\n<li><a href=\"\/es\/vacation-deals\/spring\/\" class=\"inheritcolor\"><i class=\"fas fa-angle-right\"><\/i> Ofertas Vacacionales de Primavera<\/a><\/li>\r\n<li><a href=\"\/es\/vacation-deals\/fall\/\" class=\"inheritcolor\"><i class=\"fas fa-angle-right\"><\/i> Ofertas Vacacionales de Oto\u00f1o<\/a><\/li>\r\n<\/ul>\r\n        <\/div>\r\n        <div class=\"x-column x-sm x-1-4\">\r\n<h6 class=\"mbs mtn\"><i class=\"fas fa-dollar-sign\"><\/i> Lo \u00daltimo<\/h6>\r\n<ul style=\"list-style-type:none;\">\r\n<li><a href=\"\/es\/vacation-deals\/best\/\" class=\"inheritcolor\"><i class=\"fas fa-angle-right\"><\/i> Mejores Ofertas Vacacionales<\/a><\/li>\r\n<li><a href=\"\/es\/vacation-deals\/cheap\/\" class=\"inheritcolor\"><i class=\"fas fa-angle-right\"><\/i> Ofertas Vacacionales Econ\u00f3micas<\/a><\/li>\r\n<li><a href=\"\/es\/vacation-deals\/timeshare\/\" class=\"inheritcolor\"><i class=\"fas fa-angle-right\"><\/i> Ofertas Vacacionales de Tiempo Compartido<\/a><\/li>\r\n<li><a href=\"\/es\/vacation-deals\/weekend\/\" class=\"inheritcolor\"><i class=\"fas fa-angle-right\"><\/i> Ofertas Vacacionales de Fin de Semana<\/a><\/li>\r\n<li><a href=\"\/es\/vacation-deals\/last-minute\/\" class=\"inheritcolor\"><i class=\"fas fa-angle-right\"><\/i> Ofertas Vacacionales de \u00daltimo Minuto<\/a><\/li>\r\n<li><a href=\"\/es\/vacation-deals\/hot\/\" class=\"inheritcolor\"><i class=\"fas fa-angle-right\"><\/i> Ofertas Vacacionales Populares<\/a><\/li>\r\n<\/ul>\r\n        <\/div>\r\n\r\n        <div class=\"x-column x-sm x-1-4 last\">\r\n<h6 class=\"mbs mtn\"><i class=\"fas fa-clipboard-list\"><\/i> Planea tu Viaje<\/h6>\r\n<ul style=\"list-style-type:none;\">\r\n<li><a href=\"\/es\/vacation-deals\/june\/\" class=\"inheritcolor\"><i class=\"fas fa-angle-right\"><\/i> Paquetes de Verano<\/a><\/li>\r\n<li><a href=\"\/es\/vacation-deals\/july\/\" class=\"inheritcolor\"><i class=\"fas fa-angle-right\"><\/i> Ofertas Vacacionales para Julio<\/a><\/li>\r\n<li><a href=\"\/es\/vacation-deals\/september\/\" class=\"inheritcolor\"><i class=\"fas fa-angle-right\"><\/i> Ofertas Vacacionales para Septiembre<\/a><\/li>\r\n<li><a href=\"\/es\/vacation-deals\/december\/\" class=\"inheritcolor\"><i class=\"fas fa-angle-right\"><\/i> Ofertas Vacacionales para Diciembre<\/a><\/li>\r\n<\/ul>\r\n         <\/div>\r\n         [clear]\r\n         <div style=\"text-align: center;\" class=\"mtm\">\r\n         <a href=\"\/es\/vacation-deals\/\">VER TODAS LAS OFERTAS<\/a>\r\n        <\/div>\r\n<\/div>\r\n[line]\r\n<\/div>\r\n    [gap size=\"3em\"]\r\n[\/container]","protected":false},"excerpt":{"rendered":"<p>From fun-filled fall harvest festivals to hauntingly fun Halloween events, October remains a great time to take a family vacation with Westgate Resorts.<\/p>\n","protected":false},"author":9,"featured_media":14749,"parent":16484,"menu_order":0,"comment_status":"closed","ping_status":"closed","template":"template-blank-4.php","meta":{"footnotes":""},"_links":{"self":[{"href":"https:\/\/www.westgatereservations.com\/es\/wp-json\/wp\/v2\/pages\/17500"}],"collection":[{"href":"https:\/\/www.westgatereservations.com\/es\/wp-json\/wp\/v2\/pages"}],"about":[{"href":"https:\/\/www.westgatereservations.com\/es\/wp-json\/wp\/v2\/types\/page"}],"author":[{"embeddable":true,"href":"https:\/\/www.westgatereservations.com\/es\/wp-json\/wp\/v2\/users\/9"}],"replies":[{"embeddable":true,"href":"https:\/\/www.westgatereservations.com\/es\/wp-json\/wp\/v2\/comments?post=17500"}],"version-history":[{"count":0,"href":"https:\/\/www.westgatereservations.com\/es\/wp-json\/wp\/v2\/pages\/17500\/revisions"}],"up":[{"embeddable":true,"href":"https:\/\/www.westgatereservations.com\/es\/wp-json\/wp\/v2\/pages\/16484"}],"wp:featuredmedia":[{"embeddable":true,"href":"https:\/\/www.westgatereservations.com\/es\/wp-json\/wp\/v2\/media\/14749"}],"wp:attachment":[{"href":"https:\/\/www.westgatereservations.com\/es\/wp-json\/wp\/v2\/media?parent=17500"}],"curies":[{"name":"wp","href":"https:\/\/api.w.org\/{rel}","templated":true}]}}