{"id":17490,"date":"2019-02-25T14:05:13","date_gmt":"2019-02-25T19:05:13","guid":{"rendered":"https:\/\/www.westgatereservations.com\/vacation-deals\/july\/"},"modified":"2024-06-07T16:49:18","modified_gmt":"2024-06-07T20:49:18","slug":"july","status":"publish","type":"page","link":"https:\/\/www.westgatereservations.com\/es\/vacation-deals\/july\/","title":{"rendered":"Ofertas de vacaciones para el mes de Julio"},"content":{"rendered":"<div class=\"full-banner\">\r\n    <div role=\"img\" aria-label=\"Vacaciones en el Mes de Julio | Westgate Resorts\" class=\"image-wrap ptl\" style=\"\r\n    background:url(https:\/\/westgatecdn.com\/2019\/02\/july-vacations-deals.jpg) no-repeat center center;\r\n    -webkit-background-size: cover;\r\n    -moz-background-size: cover;\r\n    -o-background-size: cover;\r\n    background-size: cover;\r\n    \">\r\n        <div class=\"x-container max width x-hidden-phone\">\r\n            <div class=\"dshadow h1 man pts white center-text\">Ofertas de vacaciones para el mes de Julio<\/div>\r\n            <div class=\"dshadow h4 man mtn white center-text\">\u00a1Aproveche al m\u00e1ximo sus aventuras de verano!<\/div>\r\n            <div class=\"center-text white mbs dshadow\">\r\n            <span>DESDE: <\/span><span class=\"h1 white\">$99<\/span><span> \/PAQUETE<\/span>\r\n            <\/div>\r\n\r\n            <div class=\"center-text\">\r\n                <div class=\"x-column x-1-3 x-sm\"><span class=\"x-hidden-phone\">&nbsp;<\/span><\/div>\r\n                <div class=\"x-column x-1-3 x-sm last\"><span class=\"x-hidden-phone\">&nbsp;<\/span><\/div>\r\n                [clear]\r\n                [gap size=\"3em\"]\r\n            <\/div>\r\n        <\/div>\r\n\r\n        <!----->\r\n        <div class=\"x-container max width mbl search-ow-resort availability-search\">\r\n            <div class=\"x-visible-phone\">\r\n                <<div class=\"dshadow h1 man pts white center-text\">Ofertas de vacaciones en el mes de julio<\/div>\r\n                <div class=\"dshadow h5 man mtn pts white center-text\">\u00a1Aproveche al m\u00e1ximo sus aventuras de verano!<\/div>\r\n                <div class=\"availability-horizontal center-text\">\r\n                    <span class=\"no-break\"><span class=\"white\">DESDE: <\/span><span class=\"price orange\"><b>$99<\/b><\/span> <span class=\"white\">\/PAQUETE<\/span><\/span>\r\n                <\/div>\r\n            <\/div>\r\n            [gap size=\"1em\"]\r\n            [search-availability layout=\"horizontal\" hide_title=\"true\" class=\"no-bg pan\"]\r\n            [gap size=\"1em\" class=\"x-hidden-phone\"]\r\n        <\/div>\r\n        [gap size=\"1em\" class=\"x-visible-phone\"]\r\n        <!---->\r\n    <\/div>\r\n<\/div>\r\n\r\n<div class=\"center-text x-breadcrumb-wrap x-visible-phone\">\r\n [subscribe modal=\"true\" trigger=\"link\" show_name=\"true\" trigger_content=\"<i class=\"fas fa-envelope \" aria-hidden=\"true\"><\/i>Sign up for the <b>latest<\/b> deal alerts\"]\r\n<\/div>\r\n<div class=\"x-container max width\">\r\n    [gap size=\"1em\"]\r\n    <div class=\"x-column x-sm x-1-4\">\r\n        <div class=\"email-sidebar mbl x-hidden-phone\">\r\n            [subscribe headline=\"Sign up for special offers and coupon codes\" show_name=\"true\" class=\"pan man\" confirm_content=\"<div class='pam' style='background:#a3d2b4; color:#fff;'><h6 class='mts'>Thanks for signing up! <br\/> Be sure to check your email for more savings!<\/h6> <\/div>\"]\r\n        <\/div>\r\n        [content-block name=\"call-hours\"]\r\n    <\/div>\r\n    <div class=\"x-column x-sm x-3-4 last\">\r\n<!-- Intro -->\r\n    <h1 class=\"h3 mtn mbs stack-center-m\">Paquetes y ofertas de vacaciones en julio<\/h1>\r\n        <div class=\"x-column x-sm x-1-3 mbm\">\r\n        \t<wf-scroll hash=\"orl\" class=\"x-btn x-btn-block btn-gray x-btn-transparent\">Ofertas a Orlando<\/wf-scroll>\r\n        <\/div>\r\n        <div class=\"x-column x-sm x-1-3 mbm\">\r\n        \t<wf-scroll hash=\"lv\" class=\"x-btn x-btn-block btn-gray x-btn-transparent\">Ofertas a Las Vegas<\/wf-scroll>\r\n        <\/div>\r\n        <div class=\"x-column x-sm x-1-3 last mbm\">\r\n\t\t\t<wf-scroll hash=\"cocoa\" class=\"x-btn x-btn-block btn-gray x-btn-transparent\">Ofertas a Cocoa Beach<\/wf-scroll>\r\n        <\/div>\r\n        [clear]\r\n        <div class=\"x-column x-sm x-1-3 mbm\">\r\n        \t<wf-scroll hash=\"myrtle\" class=\"x-btn x-btn-block btn-gray x-btn-transparent\">Ofertas a Myrtle Beach<\/wf-scroll>\r\n        <\/div>\r\n        <div class=\"x-column x-sm x-1-3 mbm\">\r\n        \t<wf-scroll hash=\"gat\" class=\"x-btn x-btn-block btn-gray x-btn-transparent\">Ofertas a Gatlinburg<\/wf-scroll>\r\n        <\/div>\r\n        <div class=\"x-column x-sm x-1-3 last mbm\">\r\n\t\t\t<wf-scroll hash=\"bran\" class=\"x-btn x-btn-block btn-gray x-btn-transparent\">Ofertas a Branson<\/wf-scroll>\r\n        <\/div>\r\n        [clear]\r\n        <p class=\"mtm\">\u00a1Vacaciones de verano! Julio trae el D\u00eda de la Independencia y el comienzo oficial de la temporada de vacaciones m\u00e1s concurrida del a\u00f1o. La escuela est\u00e1 cerrada, las temperaturas son hermosas y parece que todos est\u00e1n listos para romper con la rutina diaria. En Westgate Resorts, podemos ayudarte a encontrar la escapada de verano perfecta con nuestros paquetes de vacaciones del 4 de julio, que ofrecen incre\u00edbles propiedades de resorts en todo el pa\u00eds. Con comodidades estilo resort como piscinas tropicales, minigolf, botes de remo y m\u00e1s, nos aseguraremos de que tus vacaciones de verano est\u00e9n llenas de diversi\u00f3n y aventura. \u00a1Echa un vistazo a los destinos disponibles para el 4 de julio a continuaci\u00f3n!<\/p>\r\n [line] \r\n<!--\/-->\r\n\r\n\r\n<!-- Orlando destination -->\r\n<div id=\"orl\"><\/div>\r\n    <h2 class=\"h3 mtl mbs stack-center-m\">Ofertas de Julio en Orlando:<\/h3>\r\n        <p>\u00bfNo est\u00e1s seguro de d\u00f3nde vacacionar en julio? \u00bfQu\u00e9 tal Orlando? Nuestros resorts en Orlando son ideales para las vacaciones de julio. Te pondremos en la puerta de Walt Disney World Resort y otros parques tem\u00e1ticos de la zona. O puedes simplemente quedarte en el lugar y disfrutar de comodidades exclusivas, como parques acu\u00e1ticos como Treasure Cove Water Park o Ship Wreck Island Water Park, m\u00faltiples piscinas, bicicletas, minigolf, tenis, v\u00f3ley playa, botes de remo, restaurantes y m\u00e1s.<\/p>\r\n   [specials ids=\"20706,8640\"]\r\n<!--\/-->\r\n[line]\r\n<!-- Gatlinburg destination -->\r\n<div id=\"gat\"><\/div>\r\n    <h3 class=\"h3 mtl mbm stack-center-m\" >Ofertas de Julio en Gatlinburg:<\/h3>\r\n        <p>Julio es un momento fant\u00e1stico para visitar las Monta\u00f1as Great Smoky y Gatlinburg, TN. Hogar del Parque Nacional de las Monta\u00f1as Great Smoky, podr\u00e1s explorar los senderos para caminatas y contemplar la belleza natural y la vida silvestre de la zona. Visita las tiendas, galer\u00edas y restaurantes en el centro de Gatlinburg. \u00a1O refr\u00e9scate en nuestro propio parque acu\u00e1tico Wild Bear Falls Water Park!<\/p>\r\n    [specials ids=\"11431,18428\"] \r\n<!--\/-->\r\n[line]\r\n\r\n\r\n<!-- Las Vegas destination -->\r\n<div id=\"lv\"><\/div>\r\n    <h3 class=\"h3 mtl mbm stack-center-m\" >Ofertas de Julio para Las Vegas:<\/h3>\r\n        <p>Cuando el clima de julio se calienta, tambi\u00e9n lo hace la fabulosa Las Vegas. Pasa tus vacaciones de verano en medio de la acci\u00f3n de Las Vegas, con alojamiento a solo una cuadra del Strip. Disfruta de compras extravagantes, deliciosos restaurantes, vida nocturna y juegos de casino, o visita atracciones cercanas como Red Rock Canyon y la presa Hoover. \u00a1Las Vegas es definitivamente un destino imprescindible para viajar en el 4 de julio!<\/p>\r\n    [specials ids=\"22581\"] \r\n<!--\/-->\r\n[line]\r\n\r\n<!-- Cocoa destination -->\r\n<div id=\"cocoa\"><\/div>\r\n    <h3 class=\"h3 mtl mbm stack-center-m\">Ofertas de Julio para  Cocoa Beach:<\/h3>\r\n        <p>En julio las temperaturas son altas en el estado del sol y no hay mejor manera de combatir el calor que con una escapada de verano a Cocoa Beach, la capital del surf de la costa este. Jugar en la playa, chapotear en las olas, \"colgar los diez\" en una tabla de surf o ir al Complejo de Visitantes del Centro Espacial Kennedy son apenas algunas actividades para disfrutar durante su estad\u00eda en Cocoa Beach. <\/p>\r\n    [specials ids=\"12893,12882\"] \r\n<!--\/-->\r\n[line]\r\n<!-- Myrtle Beach destination -->\r\n<div id=\"myrtle\"><\/div>\r\n    <h3 class=\"h3 mtl mbm stack-center-m\">Ofertas de Julio para Myrtle Beach:<\/h3>\r\n        <p>Con millas de extensi\u00f3n de playa y las refrescantes olas del Oc\u00e9ano Atl\u00e1ntico, es f\u00e1cil entender por qu\u00e9 Myrtle Beach es uno de los lugares de vacaciones favoritos en julio y durante los meses de verano. Adem\u00e1s de una playa incre\u00edble, encontrar\u00e1 campos de golf de campeonato, tiendas, restaurantes, vida nocturna y muchas atracciones divertidas.<\/p>\r\n    [specials ids=\"5654\"] \r\n<!--\/-->\r\n\r\n[line]\r\n<!-- Branson destination -->\r\n<div id=\"bran\"><\/div>\r\n    <h3 class=\"h3 mtl mbm stack-center-m\" >Ofertas de Julio para  Branson:<\/h3>\r\n        <p>Descubrir\u00e1 mucha diversi\u00f3n y emoci\u00f3n en Branson en el mes de julio y durante todo el verano. Pesque lubinas en los lagos de Branson, explore las monta\u00f1as Ozark, visite el parque tem\u00e1tico Silver Dollar City, o asista a uno (o m\u00e1s) de los m\u00e1s de 100 espect\u00e1culos en vivo, conciertos y eventos especiales en el distrito de los teatros.<\/p>\r\n    [specials ids=\"5641,10400\"] \r\n<!--\/-->\r\n[line]\r\n<!-- Williamsburg destination -->\r\n<div id=\"theme\"><\/div>\r\n    <h3 class=\"h3 mtl mbm stack-center-m\" >Ofertas de Julio para Williamsburg:<\/h3>\r\n        <p>Julio es el momento perfecto para explorar Williamsburg. Ya sea que prefieras recorrer la zona hist\u00f3rica y aprender de primera mano sobre la vida en la Am\u00e9rica colonial, o prefieras montar en las monta\u00f1as rusas del parque tem\u00e1tico m\u00e1s hermoso del mundo, Busch Gardens Williamsburg, hay algo para todos.<\/p>\r\n   [specials ids=\"5666\"] \r\n<!--\/-->\r\n[line]\r\n\r\nBuscando una escapada dentro del presupuesto es una necesidad. \u00bfPor qu\u00e9 gastar m\u00e1s dinero del necesario en un viaje con la familia? <a href=\"[home_url]blog\/family-travel-on-a-budget-everything-you-need-to-know\/\">Los viajes familiares <\/a> son muy asequibles si sabes d\u00f3nde buscar las mejores ofertas. \u00a1Nuestro compromiso contigo es proporcionarte ahorros garantizados que superen a los competidores locales! Ya sea que planifiques unas vacaciones con anticipaci\u00f3n o unas vacaciones de \u00faltimo minuto para el 4 de julio, \u00a1tenemos todo cubierto en <a href=\"[home_url]resorts\/\">Westgate Resorts<\/a>.<\/p>\r\n\r\n<p>Reserva tu estad\u00eda con un descuento de hasta el 65% reservando nuestra tarifa de Presentaci\u00f3n del Resort (que incluye un recorrido por tiempos compartidos), o reserva nuestra Tarifa Minorista, que es la tarifa est\u00e1ndar de dichos alojamientos. \u00a1Siempre ten en cuenta que hay opciones disponibles para ti y tus compa\u00f1eros de viaje!<\/p>\r\n\r\n    <\/div>\r\n    [clear]\r\n    [gap size=\"2em\"]\r\n<\/div>\r\n<!----->\r\n<div style=\"background: #efefef;\">\r\n    <div class=\"x-container max width ptl pbl center-text\">\r\n<h3>Comience a planificar sus vacaciones de julio<\/h3>\r\n<p>\u00a1Consulte nuestros \u00faltimos blogs y encuentre la aventura perfecta para sus vacaciones de julio!<\/p>\r\n[recent_posts count=\"3\"]\r\n\r\n[gap size=\"2em\"]\r\n      \r\n    <\/div>\r\n<\/div>\r\n<!-- call banner-->\r\n<div style=\"background: #232c35;\">\r\n    <div class=\"x-container max width\">\r\n        [gap size=\"1em\"]\r\n        <div class=\"x-column x-sm x-2-3 white stack-center-m pas\">\r\n            <h5 class=\"font-lighter white man\">Reserve hoy mismo sus vacaciones de julio<\/h5>\r\n            <p>\u00a1Llame ahora para obtener los \u00faltimos descuentos en el paquete de vacaciones de julio de su elecci\u00f3n!<\/p>\r\n        <\/div>\r\n        <div class=\"x-column x-sm x-1-3 pam last\">\r\n            [phone_link class=\"x-btn x-btn-block btn-orange\"]Comun\u00edquese al [tel][\/phone_link]\r\n            [gap size=\"1em\" class=\"x-visible-phone\"]\r\n        <\/div>\r\n    <\/div>\r\n<\/div>\r\n<!--\/call banner-->\r\n<!-- Recommended Vacation Destinations -->\r\n[container]\r\n<div class=\"x-container max width\">\r\n    [gap size=\"3em\"]\r\n[line]\r\n<div style=\"background: #efefef; padding: 10px 20px 10px 20px;\">\r\n<h5 class=\"mbs mtn h4\">Ofertas Populares para Usted:<\/h5>\r\n                <div class=\"x-column x-sm x-1-4\">\r\n<h6 class=\"mbs mtn\"><i class=\"far fa-compass\"><\/i> Destinos Cerca de Usted<\/h6>\r\n<ul style=\"list-style-type:none;\" >\r\n<li><a href=\"\/es\/vacation-deals\/myrtle-beach\/\" class=\"inheritcolor\"><i class=\"fas fa-angle-right\"><\/i> Ofertas Vacacionales en Myrtle Beach<\/a><\/li>\r\n<li><a href=\"\/es\/vacation-deals\/vegas\/\" class=\"inheritcolor\"><i class=\"fas fa-angle-right\"><\/i> Ofertas Vacacionales en Las Vegas<\/a><\/li>\r\n<li><a href=\"\/es\/vacation-deals\/florida\/\" class=\"inheritcolor\"><i class=\"fas fa-angle-right\"><\/i> Ofertas Vacacionales en Florida<\/a><\/li>\r\n<li><a href=\"\/es\/vacation-deals\/orlando\/\" class=\"inheritcolor\"><i class=\"fas fa-angle-right\"><\/i> Ofertas Vacacionales en Orlando<\/a><\/li>\r\n<li><a href=\"\/es\/vacation-deals\/gatlinburg\/\" class=\"inheritcolor\"><i class=\"fas fa-angle-right\"><\/i> Ofertas Vacacionales en Gatlinburg<\/a><\/li>\r\n<li><a href=\"\/es\/vacation-deals\/usa\/\" class=\"inheritcolor\"><i class=\"fas fa-angle-right\"><\/i> Ofertas Vacacionales en EEUU<\/a><\/li>\r\n<\/ul>\r\n        <\/div>\r\n        <div class=\"x-column x-sm x-1-4\">\r\n<h6 class=\"mbs mtn\"><i class=\"fas fa-chart-line\"><\/i> Ofertas Populares<\/h6>\r\n<ul style=\"list-style-type:none;\">\r\n<li><a href=\"\/es\/vacation-deals\/beach\/\" class=\"inheritcolor\"><i class=\"fas fa-angle-right\"><\/i> Ofertas Vacacionales de Playa<\/a><\/li>\r\n<li><a href=\"\/es\/vacation-deals\/couples\/\" class=\"inheritcolor\"><i class=\"fas fa-angle-right\"><\/i> Paquetes para Parejas<\/a><\/li>\r\n<li><a href=\"\/es\/vacation-deals\/family\/\" class=\"inheritcolor\"><i class=\"fas fa-angle-right\"><\/i> Ofertas Vacacionales para Familias<\/a><\/li>\r\n<li><a href=\"\/es\/vacation-deals\/summer\/\" class=\"inheritcolor\"><i class=\"fas fa-angle-right\"><\/i> Ofertas Vacacionales de Verano<\/a><\/li>\r\n<li><a href=\"\/es\/vacation-deals\/spring\/\" class=\"inheritcolor\"><i class=\"fas fa-angle-right\"><\/i> Ofertas Vacacionales de Primavera<\/a><\/li>\r\n<li><a href=\"\/es\/vacation-deals\/fall\/\" class=\"inheritcolor\"><i class=\"fas fa-angle-right\"><\/i> Ofertas Vacacionales de Oto\u00f1o<\/a><\/li>\r\n<\/ul>\r\n        <\/div>\r\n        <div class=\"x-column x-sm x-1-4\">\r\n<h6 class=\"mbs mtn\"><i class=\"fas fa-dollar-sign\"><\/i> Lo \u00daltimo<\/h6>\r\n<ul style=\"list-style-type:none;\">\r\n<li><a href=\"\/es\/vacation-deals\/best\/\" class=\"inheritcolor\"><i class=\"fas fa-angle-right\"><\/i> Mejores Ofertas Vacacionales<\/a><\/li>\r\n<li><a href=\"\/es\/vacation-deals\/cheap\/\" class=\"inheritcolor\"><i class=\"fas fa-angle-right\"><\/i> Ofertas Vacacionales Econ\u00f3micas<\/a><\/li>\r\n<li><a href=\"\/es\/vacation-deals\/timeshare\/\" class=\"inheritcolor\"><i class=\"fas fa-angle-right\"><\/i> Ofertas Vacacionales de Tiempo Compartido<\/a><\/li>\r\n<li><a href=\"\/es\/vacation-deals\/weekend\/\" class=\"inheritcolor\"><i class=\"fas fa-angle-right\"><\/i> Ofertas Vacacionales de Fin de Semana<\/a><\/li>\r\n<li><a href=\"\/es\/vacation-deals\/last-minute\/\" class=\"inheritcolor\"><i class=\"fas fa-angle-right\"><\/i> Ofertas Vacacionales de \u00daltimo Minuto<\/a><\/li>\r\n<li><a href=\"\/es\/vacation-deals\/hot\/\" class=\"inheritcolor\"><i class=\"fas fa-angle-right\"><\/i> Ofertas Vacacionales Populares<\/a><\/li>\r\n<\/ul>\r\n        <\/div>\r\n\r\n        <div class=\"x-column x-sm x-1-4 last\">\r\n<h6 class=\"mbs mtn\"><i class=\"fas fa-clipboard-list\"><\/i> Planifica su Viaje<\/h6>\r\n<ul style=\"list-style-type:none;\">\r\n<li><a href=\"\/es\/vacation-deals\/june\/\" class=\"inheritcolor\"><i class=\"fas fa-angle-right\"><\/i> Paquetes de Verano<\/a><\/li>\r\n<li><a href=\"\/es\/vacation-deals\/october\/\" class=\"inheritcolor\"><i class=\"fas fa-angle-right\"><\/i> Ofertas Vacacionales para Octubre<\/a><\/li>\r\n<li><a href=\"\/es\/vacation-deals\/september\/\" class=\"inheritcolor\"><i class=\"fas fa-angle-right\"><\/i> Ofertas Vacacionales para Septiembre<\/a><\/li>\r\n<li><a href=\"\/es\/vacation-deals\/december\/\" class=\"inheritcolor\"><i class=\"fas fa-angle-right\"><\/i> Ofertas Vacacionales para Diciembre<\/a><\/li>\r\n<\/ul>\r\n         <\/div>\r\n         [clear]\r\n         <div style=\"text-align: center;\" class=\"mtm\">\r\n         <a href=\"\/es\/vacation-deals\/\">VER TODAS LAS OFERTAS<\/a>\r\n        <\/div>\r\n<\/div>\r\n[line]\r\n<\/div>\r\n    [gap size=\"3em\"]\r\n[\/container]","protected":false},"excerpt":{"rendered":"<p>July kicks off the official summer vacation season - find some of the best July deals on popular vacation destinations at special discount prices. Westgate Resorts.<\/p>\n","protected":false},"author":9,"featured_media":21299,"parent":16484,"menu_order":0,"comment_status":"closed","ping_status":"closed","template":"template-blank-4.php","meta":{"footnotes":""},"_links":{"self":[{"href":"https:\/\/www.westgatereservations.com\/es\/wp-json\/wp\/v2\/pages\/17490"}],"collection":[{"href":"https:\/\/www.westgatereservations.com\/es\/wp-json\/wp\/v2\/pages"}],"about":[{"href":"https:\/\/www.westgatereservations.com\/es\/wp-json\/wp\/v2\/types\/page"}],"author":[{"embeddable":true,"href":"https:\/\/www.westgatereservations.com\/es\/wp-json\/wp\/v2\/users\/9"}],"replies":[{"embeddable":true,"href":"https:\/\/www.westgatereservations.com\/es\/wp-json\/wp\/v2\/comments?post=17490"}],"version-history":[{"count":0,"href":"https:\/\/www.westgatereservations.com\/es\/wp-json\/wp\/v2\/pages\/17490\/revisions"}],"up":[{"embeddable":true,"href":"https:\/\/www.westgatereservations.com\/es\/wp-json\/wp\/v2\/pages\/16484"}],"wp:featuredmedia":[{"embeddable":true,"href":"https:\/\/www.westgatereservations.com\/es\/wp-json\/wp\/v2\/media\/21299"}],"wp:attachment":[{"href":"https:\/\/www.westgatereservations.com\/es\/wp-json\/wp\/v2\/media?parent=17490"}],"curies":[{"name":"wp","href":"https:\/\/api.w.org\/{rel}","templated":true}]}}