{"id":17489,"date":"2019-02-06T10:49:00","date_gmt":"2019-02-06T15:49:00","guid":{"rendered":"https:\/\/www.westgatereservations.com\/how-to-get\/"},"modified":"2025-04-08T16:53:04","modified_gmt":"2025-04-08T20:53:04","slug":"how-to-get","status":"publish","type":"page","link":"https:\/\/www.westgatereservations.com\/es\/timeshare\/how-to-get\/","title":{"rendered":"C\u00f3mo Obtener un Tiempo Compartido"},"content":{"rendered":"<div class=\"x-container max width pbm\">\r\n    [gap size=\"3em\"]\r\n    <div class=\"x-column x-sm x-3-4\">\r\n        <div style=\"padding:2em; background-image: url(https:\/\/westgatecdn.com\/2019\/03\/How-to-get-a-timeshare.jpg);\" class=\"background-cover\">\r\n            <div class=\"pal mtl mbl\">\r\n                [clear]\r\n                <h1 class=\"h4 man white dshadow\">\u00bfC\u00f3mo obtener un tiempo compartido?<\/h1>\r\n                [clear]\r\n                [gap size=\"2em\"]\r\n                [phone_link class=\"x-btn btn-orange\"]Comun\u00edquese al [tel][\/phone_link]\r\n            <\/div>\r\n        <\/div>\r\n        [clear]\r\n        <h2 class=\"h3\">\u00bfListo para sumarse al Movimiento de tiempo compartido?<\/h2>\r\n        <p>El tiempo compartido, tambi\u00e9n conocido como propiedad vacacional, es una de las formas m\u00e1s populares para disfrutar sus vacaciones todos los a\u00f1os. \u00bfPor qu\u00e9 conformarse con menos cuando puede tomar unas lujosas vacaciones en pr\u00e1cticamente cualquier destino que desee? Todo es posible cuando se tiene una propiedad vacacional de tiempo compartido.<\/p>\r\n\r\n<p>Westgate Resorts cuenta con m\u00e1s de 400.000 propietarios de tiempo compartido que gozan de exquisitos alojamientos en Orlando, cerca de Disney, as\u00ed como en Las Vegas, Gatlinburg, Myrtle Beach, Branson, Williamsburg, Miami, Park City, Cocoa Beach y otros destinos emocionantes y populares, en amplias y lujosas villas con todas las comodidades de un hogar, sin mencionar la extensa lista de divertidas amenidades estilo resort como piscinas tropicales y jacuzzis, parques acu\u00e1ticos, gimnasios, minigolf, restaurantes, botes a remo, actividades programadas y mucho m\u00e1s.<\/p>\r\n\r\n<p><strong>\u00bfC\u00f3mo sumarse a la diversi\u00f3n?<\/strong><\/p>\r\n<p><strong>\u00bfC\u00f3mo puede obtener su propio plan de vacaciones de tiempo compartido? Es m\u00e1s f\u00e1cil, y probablemente mucho m\u00e1s barato de lo que cree.<\/strong><\/p>\r\n    <\/div>\r\n    <div class=\"x-column x-sm x-1-4 last\">\r\n        <!-- topnav -->\r\n        [content-block name=\"timeshare-silo-top-nav-es\"]\r\n        <!--\/topnav-->\r\n        [content-block name=\"call-hours\"]\r\n        <!--Seasonal Ad-->\r\n       [content-block name=\"single-sitewide-seasonal-ad\"]\r\n    <\/div>\r\n\r\n    [clear]\r\n    [gap size=\"2em\"]\r\n<\/div>\r\n<!---->\r\n<div style=\"background-color: rgba(25,33,44,.9);\">\r\n    <div class=\"x-container max width\">\r\n        <div class=\"x-content-band marginless-columns mbn ptm pbm\">\r\n            <div class=\"x-container\">\r\n                <div class=\"x-column x-sm x-1-4\" style=\"vertical-align: middle;\">\r\n                    <h3 class=\"h3 man white font-lighter\">\u00a1Comience la cuenta regresiva de vacaciones!<\/h3>\r\n                <\/div>\r\n                <div class=\"x-column x-sm x-3-4 last\">\r\n                    [search-availability layout=\"horizontal\" search_title=\"&nbsp;\" class=\"no-bg pan\"]\r\n                <\/div>\r\n            <\/div>\r\n        <\/div>\r\n    <\/div>\r\n<\/div>\r\n<!---->\r\n<div class=\"x-container max width ptl pbl\">\r\n    [gap size=\"2em\"]\r\n    <div class=\"ta responsive\">\r\n        [column type=\"1\/2\" fade=\"true\" fade_animation=\"in-from-right\" fade_animation_offset=\"40px\" class=\"tc x-1-2-push rel last\"]\r\n            <img alt=\"Hoteles de Tiempo Compartido\" ng-src=\"{{app.data.is_mobile && 'https:\/\/westgatecdn.com\/2019\/03\/westgate-timeshare-hotels.jpg' || 'https:\/\/westgatecdn.com\/2019\/03\/timeshare-vacation-packages.jpg'}}\">\r\n        [\/column]\r\n        <div class=\"tc x-column x-sm x-1-2 x-1-2-pull rel\">\r\n            [gap size=\"1em\" class=\"x-visible-phone\"]\r\n            <h3 class=\"h3 man mbs\">Viva la diferencia con un tiempo compartido<\/h3>\r\n            <p>La mejor manera de obtener un tiempo compartido es probar primero una propiedad vacacional, \u00bfy c\u00f3mo ser\u00eda?: \u00a1tomando unas vacaciones! Solo escoja su destino favorito y disfrute de un tour de tiempo compartido y un paquete de vacaciones que le ahorrar\u00e1 dinero.\r\n <\/p>\r\n<ul>\r\n<li>Ver\u00e1 c\u00f3mo reduce considerablemente los precios de los cl\u00e1sicos paquetes vacacional.<\/li>\r\n<li>Estos paquetes populares a menudo incluyen entradas de cortes\u00eda para espect\u00e1culos y atracciones.<\/li>\r\n<li>Disfrute de una espaciosa villa resort con todas las comodidades de un hogar<\/li>\r\n<li>Experimente nuestras muchas y exclusivas actividades y amenidades que ofrecemos en el resort\r\n<\/li>\r\n<\/ul>\r\n\r\n<p>No tiene ninguna obligaci\u00f3n de comprar la propiedad vacacional. El tour y la presentaci\u00f3n del resort de tiempo compartido incluir\u00e1:<\/p>\r\n<ul>\r\n<li>Un delicioso desayuno caliente<\/li>\r\n<li>Un divertido tour de 2 horas en carrito de golf recorriendo la propiedad<\/li>\r\n<li>Una oportunidad para ver todo en el complejo y hacer preguntas sobre el resort<\/li>\r\n<li>Una breve presentaci\u00f3n que resume las ventajas de la propiedad de tiempo compartido<\/li>\r\n<li>El tiempo compartido no es un paquete \u00fanico<\/li>\r\n<\/ul> \r\n\r\n<p> Hay muchas opciones que pueden aumentar o reducir sus costos, incluyendo la locaci\u00f3n del resort, el tama\u00f1o de la unidad, la \u00e9poca del a\u00f1o en la que desea vacacionar, la duraci\u00f3n de la estad\u00eda y otras consideraciones.<\/p>\r\n        <\/div>\r\n        [clear]\r\n    <\/div>\r\n    [gap size=\"3em\"]\r\n    <div class=\"ta responsive\">\r\n        [column type=\"1\/2\" fade=\"true\" fade_animation=\"in-from-left\" fade_animation_offset=\"40px\" class=\"tc rel background-cover\" style=\"background-image: url(https:\/\/westgatecdn.com\/2019\/03\/I-want-to-buy-a-timeshare.jpg);\"]\r\n        <div class=\"x-hidden-phone\" style=\"height:300px;\"><\/div>\r\n        <div class=\"x-visible-phone\" style=\"height:200px;\"><\/div>\r\n        [\/column]\r\n        <div class=\"tc x-column x-sm x-1-2 x-mr-push rel\">\r\n            [gap size=\"1em\" class=\"x-visible-phone\"]\r\n            <h3 class=\"h3 man mbs\">Escoja su paquete de tiempo compartido<\/h3>\r\n            <p>\u00bfListo para hacer de cada vacaci\u00f3n unas vacaciones de ensue\u00f1o? En Westgate Resorts, ofrecemos una extensa variedad de <a href=\"[home_url]specials\/\">paquetes de vacaciones<\/a> en destinos incre\u00edbles. Cuando sea propietario de un tiempo compartido, podr\u00e1 dejar de alquilar sus vacaciones y olvidarse de las t\u00edpicas habitaciones de hoteles de espacio tan reducido.\r\n <\/p>\r\n<p>Todo puede ser m\u00e1s sencillo si posee sus vacaciones con bienes ra\u00edces escriturados, con derecho a usar su semana de tiempo compartido en cualquiera de nuestros destinos tur\u00edsticos populares. No importa el lugar que escoja para sus vacaciones, disfrutar\u00e1 de grandes alojamientos de lujo que recrean la calidez de un verdadero hogar lejos de casa. <\/p>\r\n        <\/div>\r\n        [clear]\r\n    <\/div>\r\n    [gap size=\"4em\"]\r\n<\/div>\r\n<!---->\r\n<div class=\"x-content-band center-text bg-image marginless-columns pan mbn\">\r\n    <div class=\"x-container\">\r\n        <div class=\"x-column x-sm x-1-2\">\r\n            <img decoding=\"async\" src=\"https:\/\/westgatecdn.com\/2019\/03\/timshare-special-offer.jpg\" alt=\"Paquetes de Tiempo Compartido\">\r\n        <\/div>\r\n        <div class=\"x-column x-sm x-1-2 white center-text\" style=\"background-color: #232c35;\">\r\n            <div class=\"pal\">\r\n                <div class=\"x-column x-sm x-1-9\">\r\n                <\/div>\r\n                <div class=\"x-column x-sm x-7-9\">\r\n                    <hr class=\"x-gap x-hidden-phone mam\">\r\n                    <hr class=\"x-gap x-hidden-phone mal\">\r\n                        <h3 class=\"white mtn\">Ofertas especiales de tiempo compartido<\/h3>\r\n                        <hr class=\"x-gap\" style=\"margin: 15px 0 0 0;\">\r\n                        <p>No hay mejor momento para ver c\u00f3mo el tiempo compartido puede adaptarse a sus necesidades y empezar a crear una vida de recuerdos con fant\u00e1sticas vacaciones en Westgate Resorts. Consulte nuestras ofertas vacacionales especiales de tiempo compartido y paquetes de descuento.\r\n<\/p>\r\n                        <a href=\"\/es\/timeshare\/promotions-and-deals\/\" class=\"x-btn x-btn-large btn-orange\"> Ver ofertas de tiempo compartido <\/a>\r\n                     <hr class=\"x-gap x-hidden-phone mal\">\r\n                     <hr class=\"x-gap x-hidden-phone mam\">\r\n                <\/div>\r\n                <div class=\"x-column x-sm x-1-9\">\r\n                <\/div>\r\n            <\/div>\r\n           \r\n        <\/div>\r\n    <\/div>\r\n<\/div>\r\n<!---->\r\n<div style=\"background: #efefef;\">\r\n    <div class=\"x-container max width ptl pbs center-text\">\r\n        <h4 class=\"h3\">Preguntas frecuentes<\/h4>\r\n        <div class=\"ptl pbl\">\r\n           <div class=\"x-column x-sm x-1-2\">\r\n                [accordion]\r\n                [accordion_item title=\"\u00bfD\u00f3nde puedo obtener una vista previa de un resort?\"]\r\n                <p>Aunque Orlando es nuestro destino m\u00e1s popular, ofrecemos recorridos de presentaci\u00f3n de tiempo compartido en una variedad de emocionantes y populares destinos incluyendo Las Vegas, Gatlinburg, Myrtle Beach, Williamsburg, Branson, y m\u00e1s.<\/p>\r\n                [\/accordion_item] \r\n                [\/accordion]\r\n                [accordion]\r\n                [accordion_item title=\"\u00bfCu\u00e1nto dura la presentaci\u00f3n de tiempo compartido?\"]\r\n                <p>Las vistas previas y la presentaci\u00f3n de nuestro resort suelen durar unas 2 horas, comienzan con un desayuno caliente y continuan con un divertido recorrido en carrito de golf por la propiedad del resort y una presentaci\u00f3n del tiempo compartido.<\/p>\r\n                [\/accordion_item] \r\n                [\/accordion]\r\n           <\/div>\r\n           <div class=\"x-column x-sm x-1-2 last\">\r\n                [accordion]\r\n                [accordion_item title=\"\u00bfC\u00f3mo se obtienen las ofertas de tiempo compartido?\"]\r\n                <p>Tenemos una extensa gama de ofertas de paquetes de vacaciones de tiempo compartido durante todo el a\u00f1o. Estos paquetes con descuentos especiales var\u00edan seg\u00fan el destino y pueden variar seg\u00fan el n\u00famero de d\u00edas. Algunas ofertas tambi\u00e9n pueden incluir regalos adicionales o boletos para atracciones cuando participa de un recorrido por el complejo y la presentaci\u00f3n de tiempo compartido.<\/p>\r\n                [\/accordion_item] \r\n                [\/accordion]\r\n                [accordion]\r\n                [accordion_item title=\"\u00bfPuedo obtener un paquete vacacional de tiempo compartido de Disney?\"]\r\n                <p>YS\u00ed, muchos de nuestros paquetes de tiempo compartido en Orlando incluyen su elecci\u00f3n de entradas para los parques tem\u00e1ticos de Disney y nuestras propiedades en Orlando est\u00e1n idealmente ubicadas cerca de Walt Disney World Resort, as\u00ed como de otros parques tem\u00e1ticos y atracciones populares en la Florida Central.<\/p>\r\n                [\/accordion_item] \r\n                [\/accordion]\r\n            <\/div>\r\n            [clear]\r\n        <\/div>\r\n        [gap size=\"3em\"]\r\n    <\/div>\r\n<\/div>\r\n<!-- call banner-->\r\n<div style=\"background: #232c35;\">\r\n    <div class=\"x-container max width\">\r\n        [gap size=\"1em\"]\r\n        <div class=\"x-column x-sm x-2-3 white stack-center-m pas\">\r\n            <h5 class=\"font-lighter white man\">Reserve hoy mismo sus vacaciones de tiempo compartido<\/h5>\r\n            <p>\u00a1Llame ahora para obtener los \u00faltimos descuentos en los paquetes vacacionales de tiempo compartido de su elecci\u00f3n!<\/p>\r\n        <\/div>\r\n        <div class=\"x-column x-sm x-1-3 pam last\">\r\n            [phone_link class=\"x-btn x-btn-block btn-orange\"]Comun\u00edquese al [tel][\/phone_link]\r\n            [gap size=\"1em\" class=\"x-visible-phone\"]\r\n        <\/div>\r\n    <\/div>\r\n<\/div>\r\n<!--\/call banner-->\r\n\r\n\r\n\r\n","protected":false},"excerpt":{"rendered":"<p>[gap size=\"3em\"] [clear] \u00bfC\u00f3mo obtener un tiempo compartido? [clear] [gap size=\"2em\"] [phone_link class=\"x-btn btn-orange\"]Comun\u00edquese al [tel][\/phone_link] [clear] \u00bfListo para sumarse al Movimiento de tiempo compartido? El tiempo compartido, tambi\u00e9n conocido ... <\/p>\n<div><a href=\"https:\/\/www.westgatereservations.com\/es\/timeshare\/how-to-get\/\" class=\"more-link\">Leer M\u00e1s<\/a><\/div>\n","protected":false},"author":2,"featured_media":0,"parent":17519,"menu_order":0,"comment_status":"closed","ping_status":"closed","template":"template-blank-4.php","meta":{"footnotes":""},"_links":{"self":[{"href":"https:\/\/www.westgatereservations.com\/es\/wp-json\/wp\/v2\/pages\/17489"}],"collection":[{"href":"https:\/\/www.westgatereservations.com\/es\/wp-json\/wp\/v2\/pages"}],"about":[{"href":"https:\/\/www.westgatereservations.com\/es\/wp-json\/wp\/v2\/types\/page"}],"author":[{"embeddable":true,"href":"https:\/\/www.westgatereservations.com\/es\/wp-json\/wp\/v2\/users\/2"}],"replies":[{"embeddable":true,"href":"https:\/\/www.westgatereservations.com\/es\/wp-json\/wp\/v2\/comments?post=17489"}],"version-history":[{"count":0,"href":"https:\/\/www.westgatereservations.com\/es\/wp-json\/wp\/v2\/pages\/17489\/revisions"}],"up":[{"embeddable":true,"href":"https:\/\/www.westgatereservations.com\/es\/wp-json\/wp\/v2\/pages\/17519"}],"wp:attachment":[{"href":"https:\/\/www.westgatereservations.com\/es\/wp-json\/wp\/v2\/media?parent=17489"}],"curies":[{"name":"wp","href":"https:\/\/api.w.org\/{rel}","templated":true}]}}