{"id":17487,"date":"2019-02-25T13:42:19","date_gmt":"2019-02-25T18:42:19","guid":{"rendered":"https:\/\/www.westgatereservations.com\/vacation-deals\/hot\/"},"modified":"2024-06-17T12:09:41","modified_gmt":"2024-06-17T16:09:41","slug":"hot","status":"publish","type":"page","link":"https:\/\/www.westgatereservations.com\/es\/vacation-deals\/hot\/","title":{"rendered":"Grandes Ofertas de Vacaciones"},"content":{"rendered":"<div class=\"fw-absolute ptm\">\r\n<div class=\"fw-container\">\r\n    <img class=\"banner\" ng-cloak ng-src=\"{{app.data.is_mobile && 'https:\/\/westgatecdn.com\/2019\/06\/hot-vacation-packages.jpg' || 'https:\/\/westgatecdn.com\/2019\/06\/hot-vacation-deals.jpg'}}\" alt=\"Grandes ofertas de vacaciones\">\r\n<\/div>\r\n    <div class=\"x-container max width dshadow x-hidden-phone\" style=\"position: relative;\">\r\n        <h1 class=\"man ptm white center-text\">Grandes ofertas de vacaciones\r\n<\/h1>\r\n        <div class=\"h5 man ptm white center-text\">Encuentre los mejores precios para sus vacaciones!\r\n<\/div>\r\n        <div class=\"center-text white mbl mts\">\r\n        <span>DESDE: <\/span><span class=\"h1 white\">$99<\/span> \/PAQUETE<\/span>\r\n        <\/div>\r\n    <\/div>\r\n    [gap size=\"1em\" class=\"x-hidden-phone\"]\r\n    <div class=\"x-container max width search-ow-resort availability-search\">\r\n        <div class=\"x-visible-phone\">\r\n            <h1 class=\"dshadow man pts white center-text\">Grandes ofertas de vacaciones\r\n<\/h1>\r\n            <div class=\"dshadow h5 man pts white center-text\">Encuentre los mejores precios para sus vacaciones!\r\n<\/div>\r\n            <div class=\"availability-horizontal center-text\">\r\n                <span class=\"no-break\"><span class=\"white\">DESDE: <\/span><span class=\"price white\"><b>$99<\/b><\/span> <span class=\"white\">\/PAQUETE<\/span><\/span>\r\n            <\/div>\r\n        <\/div>\r\n        <div class=\"x-content-band marginless-columns mbn ptn pbn\">\r\n            <div class=\"x-container\">\r\n                [gap size=\"1em\"]\r\n            [search-availability layout=\"horizontal\" hide_title=\"true\" class=\"no-bg pan\"]\r\n                [gap size=\"1em\" class=\"x-hidden-phone\"]\r\n            <\/div>\r\n        <\/div>\r\n    <\/div>\r\n    [gap size=\"1em\" class=\"x-visible-phone\"]\r\n<\/div>\r\n\r\n\r\n\r\n<div class=\"center-text x-breadcrumb-wrap x-visible-phone\">\r\n [subscribe modal=\"true\" trigger=\"link\" show_name=\"true\" trigger_content=\"<i class=\"fas fa-envelope \" aria-hidden=\"true\"><\/i>Sign up for the <b>latest<\/b> deal alerts\"]\r\n<\/div>\r\n<div class=\"x-container max width mtl\">\r\n    [gap size=\"1em\"]\r\n    <div class=\"x-column x-sm x-1-4\">\r\n        <div class=\"email-sidebar mbl x-hidden-phone\">\r\n            [subscribe headline=\"Sign up for special offers and coupon codes\" show_name=\"true\" class=\"pan man\" confirm_content=\"<div class='pam' style='background:#a3d2b4; color:#fff;'><h6 class='mts'>Thanks for signing up! <br\/> Be sure to check your email for more savings!<\/h6> <\/div>\"]\r\n        <\/div>\r\n        [content-block name=\"call-hours\"]\r\n    <\/div>\r\n    <div class=\"x-column x-sm x-3-4 last\">\r\n\r\n\r\n\r\n\r\n<!-- Intro -->\r\n\r\n    <h2 class=\"h3 mtn mbs stack-center-m\">Grandes paquetes y ofertas de vacaciones<\/h2>\r\n        <div class=\"x-column x-sm x-1-3 mbm\">\r\n            <wf-scroll hash=\"orl\" class=\"x-btn x-btn-block btn-gray x-btn-transparent\">Ofertas a Orlando<\/wf-scroll>\r\n        <\/div>\r\n        <div class=\"x-column x-sm x-1-3 mbm\">\r\n            <wf-scroll hash=\"lv\" class=\"x-btn x-btn-block btn-gray x-btn-transparent\">Ofertas a Las Vegas<\/wf-scroll>\r\n        <\/div>\r\n        <div class=\"x-column x-sm x-1-3 last mbm\">\r\n            <wf-scroll hash=\"gat\" class=\"x-btn x-btn-block btn-gray x-btn-transparent\">Ofertas a Gatlinburg<\/wf-scroll>\r\n        <\/div>\r\n        [clear]\r\n        <div class=\"x-column x-sm x-1-3 mbm\">\r\n            <wf-scroll hash=\"cocoa\" class=\"x-btn x-btn-block btn-gray x-btn-transparent\">Ofertas a Cocoa Beach<\/wf-scroll>\r\n        <\/div>\r\n        <div class=\"x-column x-sm x-1-3 mbm\">\r\n            <wf-scroll hash=\"bran\" class=\"x-btn x-btn-block btn-gray x-btn-transparent\">Ofertas a Branson<\/wf-scroll>\r\n        <\/div>\r\n        <div class=\"x-column x-sm x-1-3 last mbm\">\r\n            <wf-scroll hash=\"will\" class=\"x-btn x-btn-block btn-gray x-btn-transparent\">Ofertas a Williamsburg<\/wf-scroll>\r\n        <\/div>\r\n        [clear]\r\n        <p class=\"mtm\">Cuando se trata de vacaciones familiares, las opciones son muchas. En Westgate Resorts, sin embargo, ofrecemos descuentos exclusivos en algunos de los destinos m\u00e1s populares y de mayor demanda en los Estados Unidos. Estar\u00e1 en el coraz\u00f3n mismo de las Grandes Monta\u00f1as Humeantes (Great Smoky Mountains) y las hermosas monta\u00f1as Ozarks de Missouri, muy cerca del surf y la arena en Cocoa Beach y Myrtle Beach. Podr\u00e1 tambi\u00e9n viajar en el tiempo y ser testigo de la \u00e9poca colonial de Am\u00e9rica en Williamsburg. Disfrutar\u00e1 de una espectacular escapada a un resort en los destinos m\u00e1s buscados, con alojamiento de lujo y una extensa lista de amenidades y actividades llenas de diversi\u00f3n.<\/p>\r\n[line]\r\n<!--\/-->\r\n\r\n\r\n<!-- Orlando destination -->\r\n<div id=\"orl\"><\/div>\r\n    <h2 class=\"h3 mtl mbs stack-center-m\">Ofertas de vacaciones en Orlando:<\/h3>\r\n        <p>\u00a1Los destinos de vacaciones familiares m\u00e1s buscados est\u00e1n en Orlando, FL! Familias de todo el mundo acuden en masa al centro de Florida para visitar Disney World, Universal Studios y SeaWorld. Nuestros Westgate Resorts en Orlando est\u00e1n localizados estrat\u00e9gicamente, muy cercanos a los parques, centros comerciales, restaurantes y lugares de entretenimiento. Nuestra oferta tambi\u00e9n incluye traslados gratuitos al parque tem\u00e1tico. <\/p>\r\n    [specials ids=\"20706,8640,14366\"] \r\n<!--\/-->\r\n[line]\r\n\r\n<!-- Disney destination -->\r\n<div id=\"lv\"><\/div>\r\n    <h3 class=\"h3 mtl mbm stack-center-m\" >Ofertas de vacaciones en Las Vegas:<\/h3>\r\n        <p>La fabulosa Las Vegas sigue siendo otro de los destinos m\u00e1s populares y buscados del mundo, y por una buena raz\u00f3n. Perm\u00edtanos conducirlo al centro mismo de toda la emoci\u00f3n, a una cuadra de La Franja de Las Vegas (Vegas Strip). Disfrute de lujosas habitaciones, emocionantes juegos de casino, deliciosas opciones gastron\u00f3micas, entretenimiento de primera clase, compras exclusivas, vida nocturna interminable y mucho m\u00e1s.<\/p>\r\n    [specials ids=\"5650,11070\"] \r\n<!--\/-->\r\n[line]\r\n\r\n<!-- Universal destination -->\r\n<div id=\"gat\"><\/div>\r\n    <h3 class=\"h3 mtl mbm stack-center-m\">Ofertas de vacaciones en Gatlinburg:<\/h3>\r\n        <p>Otro de los destinos muy solicitados es Gatlinburg. Este pintoresco pueblo de monta\u00f1a es la puerta de entrada al Parque Nacional Great Smoky Mountains, el m\u00e1s visitado del pa\u00eds. Disfrute de las incre\u00edbles vistas de las monta\u00f1as, de un parque acu\u00e1tico y de la cercan\u00eda al parque y a muchas tiendas, restaurantes, galer\u00edas y atracciones \u00fanicas. <\/p>\r\n    [specials ids=\"11386,11431\"] \r\n<!--\/-->\r\n[line]\r\n<!-- Cocoa Beach destination -->\r\n<div id=\"cocoa\"><\/div>\r\n    <h3 class=\"h3 mtl mbm stack-center-m\">Ofertas de vacaciones en Cocoa Beach:<\/h3>\r\n        <p>Cuando el clima est\u00e1 caluroso en Florida, Cocoa Beach es otro de los destino muy buscado por su gran oferta de opciones refrescantes. Disfrute de un alojamiento en primera l\u00ednea de playa y mucha diversi\u00f3n bajo el sol a lo largo del Oc\u00e9ano Atl\u00e1ntico, para nadar, surfear, pescar y divertirse en la playa, o visite el cercano Complejo de Visitantes del Centro Espacial Kennedy, a solo minutos de distancia.<\/p>\r\n    [specials ids=\"12893,12882\"] \r\n<!--\/-->\r\n<!-- Cocoa Beach destination -->\r\n<div id=\"bran\"><\/div>\r\n    <h3 class=\"h3 mtl mbm stack-center-m\">Ofertas de vacaciones en Branson:<\/h3>\r\n        <p>\u00bfBusca algo de diversi\u00f3n familiar? En Branson encontrar\u00e1 muchas opciones interesantes. Explore las hermosas monta\u00f1as Ozark y la zona de los lagos de Branson. Pase un d\u00eda en el emocionante parque tem\u00e1tico de Silver Dollar City con su ambiente del siglo XIX. O visite el distrito de los teatros, donde encontrar\u00e1 m\u00e1s de 100 espect\u00e1culos en vivo, conciertos y actos especiales.<\/p>\r\n    [specials ids=\"10400\"] \r\n<!--\/-->\r\n<!-- Cocoa Beach destination -->\r\n<div id=\"will\"><\/div>\r\n    <h3 class=\"h3 mtl mbm stack-center-m\">Ofertas de vacaciones en Williamsburg:<\/h3>\r\n        <p>\u00bfAlguna vez se ha preguntado c\u00f3mo era la vida en la Am\u00e9rica colonial? Experimente la vida colonial en persona en Williamsburg, A, superar\u00e1 cualquier informaci\u00f3n que haya le\u00eddo en los textos escolares. Explore el museo de historia viva m\u00e1s grande del mundo, donde encontrar\u00e1 lugares hist\u00f3ricos, edificios y recreaciones. Podr\u00e1 tambi\u00e9n visitar Busch Gardens Williamsburg y montar en las monta\u00f1as rusas m\u00e1s populares y emocionantes del mundo.<\/p>\r\n    [specials ids=\"5666\"] \r\n<!--\/-->\r\n<!-- Cocoa Beach destination -->\r\n<div id=\"myrtle\"><\/div>\r\n    <h3 class=\"h3 mtl mbm stack-center-m\">Ofertas de vacaciones en Myrtle Beach:<\/h3>\r\n        <p>Cuando el calor apremia, las familias se dirigen a la playa de Myrtle Beach para una escapada refrescante. Rel\u00e1jese en el Oc\u00e9ano Atl\u00e1ntico, o disfrute de nuestro caluroso r\u00edo perezoso y de la zona de juegos acu\u00e1ticos para ni\u00f1os. Juegue al golf de campeonato en m\u00e1s de 100 campos de golf de la zona. Podr\u00e1 tambi\u00e9n explorar una variedad de tiendas, restaurantes y otras atracciones que encontrar\u00e1 a lo largo de la Grand Strand de Carolina del Sur.<\/p>\r\n    [specials ids=\"5654\"] \r\n<!--\/-->\r\n    <\/div>\r\n    [clear]\r\n    [gap size=\"2em\"]\r\n<\/div>\r\n<!----->\r\n<div style=\"background: #efefef;\">\r\n    <div class=\"x-container max width ptl pbl center-text\">\r\n<h3>Comience a planificar sus pr\u00f3ximas vacaciones<\/h3>\r\n<p>\u00a1Consulte nuestros \u00faltimos blogs y descubra las mejores aventuras de vacaciones! <\/p>\r\n[recent_posts count=\"3\"]\r\n\r\n[gap size=\"2em\"]\r\n      \r\n    <\/div>\r\n<\/div>\r\n<!-- call banner-->\r\n<div style=\"background: #232c35;\">\r\n    <div class=\"x-container max width\">\r\n        [gap size=\"1em\"]\r\n        <div class=\"x-column x-sm x-2-3 white stack-center-m pas\">\r\n            <h5 class=\"font-lighter white man\">\u00a1Reserve sus vacaciones hoy mismo!<\/h5>\r\n            <p>\u00a1Llame ahora para obtener los \u00faltimos descuentos y las mejores ofertas en nuestros paquetes de vacaciones!<\/p>\r\n        <\/div>\r\n        <div class=\"x-column x-sm x-1-3 pam last\">\r\n            [phone_link class=\"x-btn x-btn-block btn-orange\"]Comun\u00edquese al [tel][\/phone_link]\r\n            [gap size=\"1em\" class=\"x-visible-phone\"]\r\n        <\/div>\r\n    <\/div>\r\n<\/div>\r\n<!--\/call banner-->\r\n<!-- Recommended Vacation Destinations -->\r\n[container]\r\n<div class=\"x-container max width\">\r\n    [gap size=\"3em\"]\r\n[line]\r\n<div style=\"background: #efefef; padding: 10px 20px 10px 20px;\">\r\n<h5 class=\"mbs mtn h4\">Popular Vacation Deals For You:<\/h5>\r\n                <div class=\"x-column x-sm x-1-4\">\r\n<h6 class=\"mbs mtn\"><i class=\"far fa-compass\"><\/i> Destinations near You<\/h6>\r\n<ul style=\"list-style-type:none;\" >\r\n<li><a href=\"\/vacation-deals\/myrtle-beach\/\" class=\"inheritcolor\"><i class=\"fas fa-angle-right\"><\/i> Myrtle Beach Vacation Deals<\/a><\/li>\r\n<li><a href=\"\/vacation-deals\/vegas\/\" class=\"inheritcolor\"><i class=\"fas fa-angle-right\"><\/i> Vegas Vacation Deals<\/a><\/li>\r\n<li><a href=\"\/vacation-deals\/florida\/\" class=\"inheritcolor\"><i class=\"fas fa-angle-right\"><\/i> Florida Vacation Deals<\/a><\/li>\r\n<li><a href=\"\/vacation-deals\/orlando\/\" class=\"inheritcolor\"><i class=\"fas fa-angle-right\"><\/i> Orlando Vacation Deals<\/a><\/li>\r\n<li><a href=\"\/vacation-deals\/gatlinburg\/\" class=\"inheritcolor\"><i class=\"fas fa-angle-right\"><\/i> Gatlinburg Vacation Deals<\/a><\/li>\r\n<li><a href=\"\/vacation-deals\/usa\/\" class=\"inheritcolor\"><i class=\"fas fa-angle-right\"><\/i> USA Vacation Deals<\/a><\/li>\r\n<\/ul>\r\n        <\/div>\r\n        <div class=\"x-column x-sm x-1-4\">\r\n<h6 class=\"mbs mtn\"><i class=\"fas fa-chart-line\"><\/i> See What's Trending<\/h6>\r\n<ul style=\"list-style-type:none;\">\r\n<li><a href=\"\/vacation-deals\/beach\/\" class=\"inheritcolor\"><i class=\"fas fa-angle-right\"><\/i> Beach Vacation Deals<\/a><\/li>\r\n<li><a href=\"\/vacation-deals\/couples\/\" class=\"inheritcolor\"><i class=\"fas fa-angle-right\"><\/i> Couples Vacation Deals<\/a><\/li>\r\n<li><a href=\"\/vacation-deals\/family\/\" class=\"inheritcolor\"><i class=\"fas fa-angle-right\"><\/i> Family Vacation Deals<\/a><\/li>\r\n<li><a href=\"\/vacation-deals\/summer\/\" class=\"inheritcolor\"><i class=\"fas fa-angle-right\"><\/i> Summer Vacation Deals<\/a><\/li>\r\n<li><a href=\"\/vacation-deals\/spring\/\" class=\"inheritcolor\"><i class=\"fas fa-angle-right\"><\/i> Spring Vacation Deals<\/a><\/li>\r\n<li><a href=\"\/vacation-deals\/fall\/\" class=\"inheritcolor\"><i class=\"fas fa-angle-right\"><\/i> Fall Vacation Deals<\/a><\/li>\r\n<\/ul>\r\n        <\/div>\r\n        <div class=\"x-column x-sm x-1-4\">\r\n<h6 class=\"mbs mtn\"><i class=\"fas fa-dollar-sign\"><\/i> Get the Latest Deals<\/h6>\r\n<ul style=\"list-style-type:none;\">\r\n<li><a href=\"\/vacation-deals\/best\/\" class=\"inheritcolor\"><i class=\"fas fa-angle-right\"><\/i> Best Vacation Deals<\/a><\/li>\r\n<li><a href=\"\/vacation-deals\/cheap\/\" class=\"inheritcolor\"><i class=\"fas fa-angle-right\"><\/i> Cheap Vacation Deals<\/a><\/li>\r\n<li><a href=\"\/vacation-deals\/timeshare\/\" class=\"inheritcolor\"><i class=\"fas fa-angle-right\"><\/i> Timeshare Vacation Deals<\/a><\/li>\r\n<li><a href=\"\/vacation-deals\/weekend\/\" class=\"inheritcolor\"><i class=\"fas fa-angle-right\"><\/i> Weekend Vacation Deals<\/a><\/li>\r\n<li><a href=\"\/vacation-deals\/last-minute\/\" class=\"inheritcolor\"><i class=\"fas fa-angle-right\"><\/i> Last Minute Vacation Deals<\/a><\/li>\r\n<\/ul>\r\n        <\/div>\r\n\r\n        <div class=\"x-column x-sm x-1-4 last\">\r\n<h6 class=\"mbs mtn\"><i class=\"fas fa-clipboard-list\"><\/i> Plan your Trip<\/h6>\r\n<ul style=\"list-style-type:none;\">\r\n<li><a href=\"\/vacation-deals\/june\/\" class=\"inheritcolor\"><i class=\"fas fa-angle-right\"><\/i> June Vacation Deals<\/a><\/li>\r\n<li><a href=\"\/vacation-deals\/july\/\" class=\"inheritcolor\"><i class=\"fas fa-angle-right\"><\/i> July Vacation Deals<\/a><\/li>\r\n<li><a href=\"\/vacation-deals\/october\/\" class=\"inheritcolor\"><i class=\"fas fa-angle-right\"><\/i> October Vacation Deals<\/a><\/li>\r\n<li><a href=\"\/vacation-deals\/september\/\" class=\"inheritcolor\"><i class=\"fas fa-angle-right\"><\/i> September Vacation Deals<\/a><\/li>\r\n<li><a href=\"\/vacation-deals\/december\/\" class=\"inheritcolor\"><i class=\"fas fa-angle-right\"><\/i> December Vacation Deals<\/a><\/li>\r\n<\/ul>\r\n         <\/div>\r\n         [clear]\r\n         <div style=\"text-align: center;\" class=\"mtm\">\r\n         <a href=\"\/vacation-deals\/\">SEE ALL VACATION DEALS<\/a>\r\n        <\/div>\r\n<\/div>\r\n[line]\r\n<\/div>\r\n    [gap size=\"3em\"]\r\n[\/container]","protected":false},"excerpt":{"rendered":"<p>Discover the hottest vacation values in the hottest, most popular destinations and enjoy exclusive Westgate Resorts accommodations, amenities &#038; activities.<\/p>\n","protected":false},"author":9,"featured_media":0,"parent":16484,"menu_order":0,"comment_status":"closed","ping_status":"closed","template":"template-blank-4.php","meta":{"footnotes":""},"_links":{"self":[{"href":"https:\/\/www.westgatereservations.com\/es\/wp-json\/wp\/v2\/pages\/17487"}],"collection":[{"href":"https:\/\/www.westgatereservations.com\/es\/wp-json\/wp\/v2\/pages"}],"about":[{"href":"https:\/\/www.westgatereservations.com\/es\/wp-json\/wp\/v2\/types\/page"}],"author":[{"embeddable":true,"href":"https:\/\/www.westgatereservations.com\/es\/wp-json\/wp\/v2\/users\/9"}],"replies":[{"embeddable":true,"href":"https:\/\/www.westgatereservations.com\/es\/wp-json\/wp\/v2\/comments?post=17487"}],"version-history":[{"count":0,"href":"https:\/\/www.westgatereservations.com\/es\/wp-json\/wp\/v2\/pages\/17487\/revisions"}],"up":[{"embeddable":true,"href":"https:\/\/www.westgatereservations.com\/es\/wp-json\/wp\/v2\/pages\/16484"}],"wp:attachment":[{"href":"https:\/\/www.westgatereservations.com\/es\/wp-json\/wp\/v2\/media?parent=17487"}],"curies":[{"name":"wp","href":"https:\/\/api.w.org\/{rel}","templated":true}]}}