{"id":17485,"date":"2019-03-01T11:24:59","date_gmt":"2019-03-01T16:24:59","guid":{"rendered":"https:\/\/www.westgatereservations.com\/vacation-deals\/gatlinburg\/"},"modified":"2025-04-18T15:48:26","modified_gmt":"2025-04-18T19:48:26","slug":"gatlinburg","status":"publish","type":"page","link":"https:\/\/www.westgatereservations.com\/es\/vacation-deals\/gatlinburg\/","title":{"rendered":"Ofertas de Vacaciones en Gatlinburg"},"content":{"rendered":"<div class=\"fw-absolute ptm\">\r\n<div class=\"fw-container\">\r\n    <img class=\"banner\" ng-cloak ng-src=\"{{app.data.is_mobile && 'https:\/\/westgatecdn.com\/2019\/06\/gatlinburg-vacation-packages.jpg' || 'https:\/\/westgatecdn.com\/2019\/06\/gatlinburg-vacation-deals.jpg'}}\" alt=\"Ofertas de Vacaciones en Gatlinburg\">\r\n<\/div>\r\n    <div class=\"x-container max width dshadow x-hidden-phone\" style=\"position: relative;\">\r\n        <h1 class=\"man ptm white center-text\">Ofertas de Vacaciones en Gatlinburg\r\n<\/h1>\r\n        <div class=\"h5 man ptm white center-text\">\u00a1Vacaciones Grandes en las Grandes Monta\u00f1as Humeantes! \r\n<\/div>\r\n        <div class=\"center-text white mbl mts\">\r\n        <span>DESDE: <\/span><span class=\"h1 white\">$99<\/span> \/PAQUETE<\/span>\r\n        <\/div>\r\n    <\/div>\r\n    [gap size=\"1em\" class=\"x-hidden-phone\"]\r\n    <div class=\"x-container max width search-ow-resort availability-search\">\r\n        <div class=\"x-visible-phone\">\r\n            <h1 class=\"dshadow man pts white center-text\">Ofertas de vacaciones en Gatlinburg \r\n<\/h1>\r\n            <div class=\"dshadow h5 man pts white center-text\">\u00a1Vacaciones Grandes en las Grandes Monta\u00f1as Humeantes! \r\n<\/div>\r\n            <div class=\"availability-horizontal center-text\">\r\n                <span class=\"no-break\"><span class=\"white\">DESDE: <\/span><span class=\"price white\"><b>$99<\/b><\/span> <span class=\"white\">\/PAQUETE<\/span><\/span>\r\n            <\/div>\r\n        <\/div>\r\n        <div class=\"x-content-band marginless-columns mbn ptn pbn\">\r\n            <div class=\"x-container\">\r\n                [gap size=\"1em\"]\r\n            [search-availability layout=\"horizontal\" hide_title=\"true\" class=\"no-bg pan\"]\r\n                [gap size=\"1em\" class=\"x-hidden-phone\"]\r\n            <\/div>\r\n        <\/div>\r\n    <\/div>\r\n    [gap size=\"1em\" class=\"x-visible-phone\"]\r\n<\/div>\r\n\r\n\r\n\r\n<div class=\"center-text x-breadcrumb-wrap x-visible-phone\">\r\n [subscribe modal=\"true\" trigger=\"link\" show_name=\"true\" trigger_content=\"<i class=\"fas fa-envelope \" aria-hidden=\"true\"><\/i>Sign up for the <b>latest<\/b> deal alerts\"]\r\n<\/div>\r\n<div class=\"x-container max width mtl\">\r\n    [gap size=\"1em\"]\r\n    <div class=\"x-column x-sm x-1-4\">\r\n        <div class=\"email-sidebar mbl x-hidden-phone\">\r\n            [subscribe headline=\"Sign up for special offers and coupon codes\" show_name=\"true\" class=\"pan man\" confirm_content=\"<div class='pam' style='background:#a3d2b4; color:#fff;'><h6 class='mts'>Thanks for signing up! <br\/> Be sure to check your email for more savings!<\/h6> <\/div>\"]\r\n        <\/div>\r\n        [content-block name=\"call-hours\"]\r\n    <\/div>\r\n    <div class=\"x-column x-sm x-3-4 last\">\r\n\r\n\r\n\r\n\r\n\r\n<!-- Intro -->\r\n    <h2 class=\"h3 mtn mbs stack-center-m\">Ofertas y promociones de vacaciones en Gatlinburg<\/h2>\r\n        <div class=\"x-column x-sm x-1-3 mbm\">\r\n            <wf-scroll hash=\"gat\" class=\"x-btn x-btn-block btn-gray x-btn-transparent\">Gatlinburg, TN<\/wf-scroll>\r\n        <\/div>\r\n        <div class=\"x-column x-sm x-1-3 mbm\">\r\n            <wf-scroll hash=\"pigeon\" class=\"x-btn x-btn-block btn-gray x-btn-transparent\">Pigeon Forge, TN<\/wf-scroll>\r\n        <\/div>\r\n               [clear]\r\n        <p class=\"mtm\">\u00a1V\u00e9alo todo, int\u00e9ntelo todo! Gatlinburg ofrece una variedad de actividades para pasar sus vacaciones familiares: aventuras al aire libre, eventos y atracciones para ni\u00f1os, adem\u00e1s de paisajes espectaculares. Puede practicar esqu\u00ed, golf, pesca, tirolesa, snowboard, ciclismo, montar a caballo, hacer rafting en aguas bravas o caminar casi 800 millas de senderos en el Parque Nacional Great Smoky Mountains. Y eso es solo la recreaci\u00f3n al aire libre. Tendr\u00e1 tambi\u00e9n la posibilidad de recorrer todas las pintorescas tiendas, restaurantes, galer\u00edas de arte, artesanos \u00fanicos y otras atracciones. Disfrutar\u00e1 de todas estas maravillas con una espectacular escapada a un resort que le ofrece un alojamiento de lujo y una extensa lista de amenidades y actividades llenas de diversi\u00f3n.<\/p>\r\n[line]\r\n<!--\/-->\r\n\r\n\r\n<!-- Orlando destination -->\r\n<div id=\"gat\"><\/div>\r\n    <h2 class=\"h3 mtl mbs stack-center-m\">Ofertas de vacaciones en Gatlinburg, TN:<\/h3>\r\n        <p>Escapar de la nieve y el fr\u00edo y tome unas vacaciones de monta\u00f1a emocionantes en la hermosa Gatlinburg, TN. Disfrute de un impresionante resort en la ladera de la monta\u00f1a, junto al Parque Nacional Great Smoky Mountains, con impresionantes vistas, villas pobladas de casas estilo caba\u00f1as y amenidades exclusivas que incluyen el parque acu\u00e1tico interior y al aire libre Wild Bear Falls que permanece abierto durante todo el a\u00f1o.<\/p>\r\n    [specials ids=\"11386\"] \r\n<!--\/-->\r\n[line]\r\n\r\n<!-- destination -->\r\n<div id=\"pigeon\"><\/div>\r\n    <h3 class=\"h3 mtl mbm stack-center-m\" >Ofertas de vacaciones en Pigeon Forge, TN:<\/h3>\r\n        <p>Aventuras familiares sin fin en las monta\u00f1as de Gatlinburg y la vecina Pigeon Forge, con su gran variedad de parques y atracciones llenas de diversi\u00f3n, como Dollywood y el Smoky Mountain Opry.<\/p>\r\n    [specials ids=\"13778,11252,12058\"] \r\n<!--\/-->\r\n[line]\r\n\r\n    <\/div>\r\n    [clear]\r\n    [gap size=\"2em\"]\r\n<\/div>\r\n<!----->\r\n<div style=\"background: #efefef;\">\r\n    <div class=\"x-container max width ptl pbl center-text\">\r\n<h3>Comience a planificar sus vacaciones en Gatlinburg<\/h3>\r\n<p>\u00a1Consulte nuestros \u00faltimos blogs y empiece a vivir su aventura familiar en Gatlinburg!<\/p>\r\n[recent_posts ids=\"11586,13616,14290\"]\r\n\r\n[gap size=\"2em\"]\r\n      \r\n    <\/div>\r\n<\/div>\r\n<!-- call banner-->\r\n<div style=\"background: #232c35;\">\r\n    <div class=\"x-container max width\">\r\n        [gap size=\"1em\"]\r\n        <div class=\"x-column x-sm x-2-3 white stack-center-m pas\">\r\n            <h5 class=\"font-lighter white man\">Reserve hoy mismo sus vacaciones en Gatlinburg<\/h5>\r\n            <p>\u00a1Llame ahora para obtener los \u00faltimos descuentos en el paquete de vacaciones a Gatlinburg de su elecci\u00f3n!<\/p>\r\n        <\/div>\r\n        <div class=\"x-column x-sm x-1-3 pam last\">\r\n            [phone_link class=\"x-btn x-btn-block btn-orange\"]Comun\u00edquese al [tel][\/phone_link]\r\n            [gap size=\"1em\" class=\"x-visible-phone\"]\r\n        <\/div>\r\n    <\/div>\r\n<\/div>\r\n<!--\/call banner-->\r\n<!-- Recommended Vacation Destinations -->\r\n[container]\r\n<div class=\"x-container max width\">\r\n    [gap size=\"3em\"]\r\n[line]\r\n<div style=\"background: #efefef; padding: 10px 20px 10px 20px;\">\r\n<h5 class=\"mbs mtn h4\">Ofertas Populares para Usted:<\/h5>\r\n                <div class=\"x-column x-sm x-1-4\">\r\n<h6 class=\"mbs mtn\"><i class=\"far fa-compass\"><\/i> Destinos Cerca de Usted<\/h6>\r\n<ul style=\"list-style-type:none;\" >\r\n<li><a href=\"\/es\/vacation-deals\/myrtle-beach\/\" class=\"inheritcolor\"><i class=\"fas fa-angle-right\"><\/i> Ofertas Vacacionales en Myrtle Beach<\/a><\/li>\r\n<li><a href=\"\/es\/vacation-deals\/vegas\/\" class=\"inheritcolor\"><i class=\"fas fa-angle-right\"><\/i> Ofertas Vacacionales en Las Vegas<\/a><\/li>\r\n<li><a href=\"\/es\/vacation-deals\/florida\/\" class=\"inheritcolor\"><i class=\"fas fa-angle-right\"><\/i> Ofertas Vacacionales en Florida<\/a><\/li>\r\n<li><a href=\"\/es\/vacation-deals\/orlando\/\" class=\"inheritcolor\"><i class=\"fas fa-angle-right\"><\/i> Ofertas Vacacionales en Orlando<\/a><\/li>\r\n<li><a href=\"\/es\/vacation-deals\/gatlinburg\/\" class=\"inheritcolor\"><i class=\"fas fa-angle-right\"><\/i> Ofertas Vacacionales en Gatlinburg<\/a><\/li>\r\n<li><a href=\"\/es\/vacation-deals\/usa\/\" class=\"inheritcolor\"><i class=\"fas fa-angle-right\"><\/i> Ofertas Vacacionales en EEUU<\/a><\/li>\r\n<\/ul>\r\n        <\/div>\r\n        <div class=\"x-column x-sm x-1-4\">\r\n<h6 class=\"mbs mtn\"><i class=\"fas fa-chart-line\"><\/i> Ofertas Populares<\/h6>\r\n<ul style=\"list-style-type:none;\">\r\n<li><a href=\"\/es\/vacation-deals\/beach\/\" class=\"inheritcolor\"><i class=\"fas fa-angle-right\"><\/i> Ofertas Vacacionales de Playa<\/a><\/li>\r\n<li><a href=\"\/es\/vacation-deals\/couples\/\" class=\"inheritcolor\"><i class=\"fas fa-angle-right\"><\/i> Paquetes para Parejas<\/a><\/li>\r\n<li><a href=\"\/es\/vacation-deals\/family\/\" class=\"inheritcolor\"><i class=\"fas fa-angle-right\"><\/i> Ofertas Vacacionales para Familias<\/a><\/li>\r\n<li><a href=\"\/es\/vacation-deals\/summer\/\" class=\"inheritcolor\"><i class=\"fas fa-angle-right\"><\/i> Ofertas Vacacionales de Verano<\/a><\/li>\r\n<li><a href=\"\/es\/vacation-deals\/spring\/\" class=\"inheritcolor\"><i class=\"fas fa-angle-right\"><\/i> Ofertas Vacacionales de Primavera<\/a><\/li>\r\n<li><a href=\"\/es\/vacation-deals\/fall\/\" class=\"inheritcolor\"><i class=\"fas fa-angle-right\"><\/i> Ofertas Vacacionales de Oto\u00f1o<\/a><\/li>\r\n<\/ul>\r\n        <\/div>\r\n        <div class=\"x-column x-sm x-1-4\">\r\n<h6 class=\"mbs mtn\"><i class=\"fas fa-dollar-sign\"><\/i> Lo \u00daltimo<\/h6>\r\n<ul style=\"list-style-type:none;\">\r\n<li><a href=\"\/es\/vacation-deals\/best\/\" class=\"inheritcolor\"><i class=\"fas fa-angle-right\"><\/i> Mejores Ofertas Vacacionales<\/a><\/li>\r\n<li><a href=\"\/es\/vacation-deals\/cheap\/\" class=\"inheritcolor\"><i class=\"fas fa-angle-right\"><\/i> Ofertas Vacacionales Econ\u00f3micas<\/a><\/li>\r\n<li><a href=\"\/es\/vacation-deals\/timeshare\/\" class=\"inheritcolor\"><i class=\"fas fa-angle-right\"><\/i> Ofertas Vacacionales de Tiempo Compartido<\/a><\/li>\r\n<li><a href=\"\/es\/vacation-deals\/weekend\/\" class=\"inheritcolor\"><i class=\"fas fa-angle-right\"><\/i> Ofertas Vacacionales de Fin de Semana<\/a><\/li>\r\n<li><a href=\"\/es\/vacation-deals\/last-minute\/\" class=\"inheritcolor\"><i class=\"fas fa-angle-right\"><\/i> Ofertas Vacacionales de \u00daltimo Minuto<\/a><\/li>\r\n<li><a href=\"\/es\/vacation-deals\/hot\/\" class=\"inheritcolor\"><i class=\"fas fa-angle-right\"><\/i> Ofertas Vacacionales Populares<\/a><\/li>\r\n<\/ul>\r\n        <\/div>\r\n\r\n        <div class=\"x-column x-sm x-1-4 last\">\r\n<h6 class=\"mbs mtn\"><i class=\"fas fa-clipboard-list\"><\/i> Planifica su Viaje<\/h6>\r\n<ul style=\"list-style-type:none;\">\r\n<li><a href=\"\/es\/vacation-deals\/june\/\" class=\"inheritcolor\"><i class=\"fas fa-angle-right\"><\/i> Paquetes de Verano<\/a><\/li>\r\n<li><a href=\"\/es\/vacation-deals\/july\/\" class=\"inheritcolor\"><i class=\"fas fa-angle-right\"><\/i> Ofertas Vacacionales para Julio<\/a><\/li>\r\n<li><a href=\"\/es\/vacation-deals\/october\/\" class=\"inheritcolor\"><i class=\"fas fa-angle-right\"><\/i> Ofertas Vacacionales para Octubre<\/a><\/li>\r\n<li><a href=\"\/es\/vacation-deals\/september\/\" class=\"inheritcolor\"><i class=\"fas fa-angle-right\"><\/i> Ofertas Vacacionales para Septiembre<\/a><\/li>\r\n<li><a href=\"\/es\/vacation-deals\/december\/\" class=\"inheritcolor\"><i class=\"fas fa-angle-right\"><\/i> Ofertas Vacacionales para Diciembre<\/a><\/li>\r\n<\/ul>\r\n         <\/div>\r\n         [clear]\r\n         <div style=\"text-align: center;\" class=\"mtm\">\r\n         <a href=\"\/es\/vacation-deals\/\">VER TODAS LAS OFERTAS<\/a>\r\n        <\/div>\r\n<\/div>\r\n[line]\r\n<\/div>\r\n    [gap size=\"3em\"]\r\n[\/container]","protected":false},"excerpt":{"rendered":"<p>Experience the wonder of the Great Smoky Mountains with a Gatlinburg vacation package featuring villa accommodations at Westage Smoky Mountain Resort &#038; Spa.<\/p>\n","protected":false},"author":9,"featured_media":14767,"parent":16484,"menu_order":0,"comment_status":"closed","ping_status":"closed","template":"template-blank-4.php","meta":{"footnotes":""},"_links":{"self":[{"href":"https:\/\/www.westgatereservations.com\/es\/wp-json\/wp\/v2\/pages\/17485"}],"collection":[{"href":"https:\/\/www.westgatereservations.com\/es\/wp-json\/wp\/v2\/pages"}],"about":[{"href":"https:\/\/www.westgatereservations.com\/es\/wp-json\/wp\/v2\/types\/page"}],"author":[{"embeddable":true,"href":"https:\/\/www.westgatereservations.com\/es\/wp-json\/wp\/v2\/users\/9"}],"replies":[{"embeddable":true,"href":"https:\/\/www.westgatereservations.com\/es\/wp-json\/wp\/v2\/comments?post=17485"}],"version-history":[{"count":0,"href":"https:\/\/www.westgatereservations.com\/es\/wp-json\/wp\/v2\/pages\/17485\/revisions"}],"up":[{"embeddable":true,"href":"https:\/\/www.westgatereservations.com\/es\/wp-json\/wp\/v2\/pages\/16484"}],"wp:featuredmedia":[{"embeddable":true,"href":"https:\/\/www.westgatereservations.com\/es\/wp-json\/wp\/v2\/media\/14767"}],"wp:attachment":[{"href":"https:\/\/www.westgatereservations.com\/es\/wp-json\/wp\/v2\/media?parent=17485"}],"curies":[{"name":"wp","href":"https:\/\/api.w.org\/{rel}","templated":true}]}}