{"id":17479,"date":"2019-10-24T09:06:49","date_gmt":"2019-10-24T13:06:49","guid":{"rendered":"https:\/\/www.westgatereservations.com\/?page_id=17479"},"modified":"2025-01-09T17:06:15","modified_gmt":"2025-01-09T22:06:15","slug":"gatlinburg","status":"publish","type":"page","link":"https:\/\/www.westgatereservations.com\/es\/gatlinburg\/","title":{"rendered":"Vacaciones en Gatlinburg"},"content":{"rendered":"<div class=\"py-2 py-md-5 background-cover\" style=\"background-image:url('https:\/\/westgatecdn.com\/2024\/06\/Gatlinburg-Resort.webp');\">\r\n    <div class=\"x-container max width my-5\">\r\n        <div class=\"row\">\r\n            <div class=\"col-12 col-sm-11 col-md-10 mx-auto\">\r\n                <h1 class=\"h2 m-0 pb-3 pb-md-3 white center-text dshadow\">Paquetes de Vacaciones en Gatlinburg<\/h1>\r\n                <div class=\"p-3 pb-md-4 px-md-5\" style=\"background-color: rgba(255, 255, 255, .9); border-radius: 10px;\">\r\n                    <div class=\"center-text\">\r\n                          <p class=\"h5 m-0 dark-blue center-text\">\u00a1Desde: $99<\/p>\r\n                          <b class=\"h6 m-0 p-0 dark-blue center-text\">por estad\u00eda!<\/b>\r\n                    <\/div>\r\n                    [search-availability layout=\"horizontal\" destination=\"Gatlinburg\" hide_title=\"true\" class=\"no-bg dark-label p-0\"]\r\n                <\/div>\r\n                <div class=\"row\">\r\n                <div class=\"col-12 col-md-8 mx-auto\">\r\n                    <div class=\"mt-4 mt-md-0\">\r\n                    <div class=\"p-1 mt-md-n3\" style=\"border-radius: 10px; background-color: rgba(255, 255, 255, 1);\">\r\n                        <!-- call text chat-->\r\n                        <div class=\"row py-3 px-2 px-md-1 highlights d-flex justify-content-between\">\r\n                            <div class=\"col-6 col-lg-4 d-flex justify-content-center\">\r\n                                <div class=\"icon-item pl-5\">\r\n                                    <a href=\"tel:[tel]\" class=\"inheritcolor\">\r\n                                        <i class=\"fas fa-headset fa-2x\"><\/i>\r\n                                        <strong>Llama hoy<\/strong><br\/>\r\n                                        <span><a href=\"tel:[tel]\">[phone]<\/a><\/span>\r\n                                    <\/a>\r\n                                <\/div>\r\n                            <\/div>\r\n                            <div class=\"col-6 col-lg-4 d-flex justify-content-center\">\r\n                                <div class=\"icon-item pl-5\">\r\n                                    <i class=\"fa-solid fa-mobile-screen-button fa-2x\"><\/i>\r\n                                    <b>Env\u00eda VACATION al:<\/b><br\/>\r\n                                    <a href=\"sms:+18777161160\" style=\"color:;\" cm_dontconvertlink> 1-877-716-1160<\/a>\r\n                                <\/div>\r\n                            <\/div>\r\n                            <div class=\"col-6 col-lg-4 d-flex justify-content-center d-none d-lg-block\">\r\n                                <div class=\"icon-item pl-5\">\r\n                                    <a href=\"#\"; onclick=\"SnapEngage.startLink();\" class=\"inheritcolor\">\r\n                                        <i class=\"far fa-comments fa-2x\"><\/i>\r\n                                        <strong>Chat en Vivo<\/strong><br\/>\r\n                                        <span>Chatea con un agente<\/span>\r\n                                    <\/a>\r\n                                <\/div>\r\n                            <\/div>\r\n                        <\/div>\r\n                        <!-- \/call text chat-->\r\n                    <\/div>\r\n                    <\/div>\r\n                <\/div>\r\n                <\/div>\r\n            <\/div>\r\n        <\/div>\r\n    <\/div>\r\n<\/div>\r\n<!----->\r\n[container class=\"mbl pbl\"]\r\n    [gap size=\"2em\" class=\"x-hidden-phone\"]\r\n    <div class=\"x-column x-sm x-1-4 x-3-4-push rel last\">\r\n        <!-- topnav -->\r\n        <wf-scroll hash=\"specials\" class=\"x-btn x-btn-block btn-blue x-btn-transparent x-visible-phone mbm\">View Gatlinburg Packages<\/wf-scroll>\r\n        <div class=\"x-toc mbl\" style=\"width:100%;\">\r\n        <!-- table of contents -->\r\n        <h4 class=\"h-toc\">Tabla de Contenidos<\/h4>\r\n            <ul class=\"unstyled cf\">\r\n            <li class=\"x-toc-item\">\r\n            <wf-scroll hash=\"specials\">Encuentra Paquetes Vacacionales<\/wf-scroll>\r\n            <\/li>  \r\n            <li class=\"x-toc-item\">\r\n            <wf-scroll hash=\"top-resorts\">Resorts m\u00e1s Populares en Gatlinburg, TN <\/wf-scroll>\r\n            <\/li>\r\n            <li class=\"x-toc-item\">\r\n            <wf-scroll hash=\"explore\">\u00a1Explora unas Vacaciones en Gatlinburg!<\/wf-scroll>\r\n            <\/li>    \r\n            <\/ul>\r\n        <\/div>\r\n        <!--\/topnav-->\r\n        [gap size=\"2em\" class=\"x-visible-phone\"]\r\n        <img decoding=\"async\" src=\"https:\/\/westgatecdn.com\/2019\/02\/best-price-logo.png\" alt=\"Gatlinburg Best Price Guarantee\">\r\n        [line class=\"x-hidden-phone\"]\r\n        <div class=\"rating-overall x-hidden-phone\">\r\n            <p class=\"font-400 mbn\"><strong>Calificacion de Nuestros Clientes:<\/strong><\/p>\r\n            <div class=\"orange\">\r\n                <i class=\"fas fa-star\" aria-hidden=\"true\"><\/i>\r\n                <i class=\"fas fa-star\" aria-hidden=\"true\"><\/i>\r\n                <i class=\"fas fa-star\" aria-hidden=\"true\"><\/i>\r\n                <i class=\"fas fa-star\" aria-hidden=\"true\"><\/i>\r\n                <i class=\"fas fa-star-half\" aria-hidden=\"true\"><\/i>\r\n                <\/div>\r\n            <\/div>\r\n    <\/div>\r\n    <div class=\"x-column x-sm x-3-4 x-1-4-pull rel\">\r\n<h2 class=\"h3 mt-2 mbm\">Encuentra las Mejores Ofertas de Vacaciones en Gatlinburg<\/h2>\r\n<p class=\"mbs\">[dropcap]N[\/dropcap]o hay nada como tomar el sol y el aire fresco de la monta\u00f1a mientras deambulas por las espectaculares Great Smoky Mountains en unas vacaciones en Gatlinburg. De hecho, el \u00e1rea est\u00e1 repleta de emocionantes oportunidades recreativas al aire libre y otras actividades familiares que te llenar\u00e1n de asombro y maravilla.<\/p>\r\n\r\n<p>Comienza tus vacaciones en Gatlinburg o Pigeon Forge con una visita al Parque Nacional Great Smoky Mountains. El parque nacional m\u00e1s visitado de los Estados Unidos es una atracci\u00f3n en s\u00ed misma, y da la bienvenida a m\u00e1s de 13 millones de visitantes anualmente. El parque se extiende a lo largo de 70 millas de la frontera de Carolina del Norte y Tennessee, ofreciendo m\u00e1s de 522,000 acres de belleza esc\u00e9nica y maravilla a lo largo de las crestas azules brumosas. El Parque Nacional es ideal para el senderismo con m\u00e1s de 800 millas de senderos espectaculares que van desde caminatas para principiantes hasta m\u00e1s desafiantes. Ya sea que desees caminar o ir en coche, \u00a1encontrar\u00e1s una opci\u00f3n que vaya acorde a tus planes de vacaciones en Gatlinburg o Pigeon Forge!<\/p>\r\n\r\n<p>La puerta principal a las Great Smoky Mountains no es otra que Gatlinburg, TN. Explora y experimenta el encanto del Centro de Gatlinburg con sus emocionantes atracciones que van desde Anakeesta y Ober Gatlinburg hasta The Village Shops y Ole Smoky Distillery. Hay algo para todos en esta ciudad monta\u00f1osa, \u00bfest\u00e1s listo para la aventura?<\/p>\r\n\r\n <\/div>\r\n    [clear]\r\n    [gap size=\"2em\"]\r\n[\/container]\r\n<div style=\"background: #efefef;\">\r\n    [container class=\"ptl pbl\"]\r\n    <h3 class=\"h3 mbm center-text\" id=\"specials\">Paquetes de Vacaciones en Gatlinburg<\/h3>\r\n    [specials ids=\"11386, 11431, 18428\" show_hidden=\"true\"]\r\n    [\/container]\r\n<\/div>\r\n\r\n<!--3-->\r\n<div class=\"x-container max width py-5\">\r\n     <!-- callout-->\r\n    <div class=\"x-callout center-text my-5\">\r\n    <h2 class=\"h-callout\">4 D\u00edas y 3 Noches en Gatlinburg desde $99<\/h2>\r\n    <p class=\"p-callout\">\u00a1Experimenta la gloria de las Great Smoky Mountains!<\/p>\r\n    [phone_link class=\"x-btn\" title=\"Call Today\"]<i class=\"x-icon-phone\"><\/i>Llama Hoy [tel][\/phone_link]\r\n    <\/div>\r\n    <!--\/callout-->\r\n<\/div>\r\n<!-- featured resorts-->\r\n<div style=\"background: #efefef;\">\r\n    [container class=\"ptl pbl\"]\r\n        <h3 class=\"mbm center-text\" id=\"top-resorts\">Nuestros Resorts en Gatlinburg, TN<\/h3>\r\n        <div class=\"quicklinks\">\r\n            [resorts ids=\"5738, 9430, 5701\" layout=\"cards\" excerpt=\"false\"]\r\n        <\/div>\r\n        [gap size=\"1em\"]\r\n        <a href=\"\/resorts\/Gatlinburg\/\" class=\"right\"><strong>M\u00e1s Resorts en Gatlinburg <i class=\"fas fa-chevron-right\"><\/i><\/strong><\/a>\r\n        [clear]\r\n        [gap size=\"1em\"]\r\n\r\n<h3>Al\u00f3jate en una caba\u00f1a acogedora<\/h3>\r\n<p>En Westgate en Gatlinburg, encontrar\u00e1s una gran variedad de habitaciones dise\u00f1adas para satisfacer todas las necesidades y preferencias. Para aquellos que buscan m\u00e1s espacio que una habitaci\u00f3n de hotel est\u00e1ndar, la espaciosa Villa Estudio ofrece un refugio econ\u00f3mico, pero amplio, con mucho espacio para estirarse y relajarse. Si buscas una experiencia m\u00e1s hogare\u00f1a, considera la posibilidad de mejorar a una Villa de una Habitaci\u00f3n, que cuenta con todos los servicios y comodidades que necesitas, desde una cocina totalmente equipada hasta acogedoras salas de estar. <\/p>\r\n\r\n<p> Para grupos m\u00e1s grandes o familias, Westgate tambi\u00e9n ofrece lujosas villas de hasta 5 dormitorios, perfectas para alojar a varios hu\u00e9spedes y garantizar que todos disfruten de la privacidad y la conveniencia. No importa el tama\u00f1o de tu grupo, \u00a1puedes contar con un alojamiento de primera categor\u00eda, un nivel incomparable de confort y una estad\u00eda inolvidable en Westgate en Gatlinburg!<\/p>\r\n\r\n  [\/container]\r\n<\/div>\r\n\r\n<div class=\"x-container max width py-5\">\r\n\r\n    <h4 class=\"h5 mtn\">Escapa con Westgate a Gatlinburg, TN<\/h4>\r\n<p>Hay una amplia gama de excelentes opciones de alquiler de caba\u00f1as en el \u00e1rea, pero ninguna puede compararse con la extensa lista de comodidades, actividades y tarifas de habitaciones econ\u00f3micas que vienen con tu experiencia en Westgate. No solo tienes la comodidad de estar al lado de la atracci\u00f3n m\u00e1s popular de Gatlinburg, el Parque Nacional Great Smoky Mountains, sino que tambi\u00e9n tendr\u00e1s acceso a actividades en el resort como mini golf, rutas de senderismo, piscinas, sala de juegos, gimnasio y restaurantes como Southern Comfort Restaurant. <\/p>\r\n\r\n<p>Para hacerlo mucho mejor, nuestro Westgate Smoky Mountain Resort tiene un parque acu\u00e1tico interior \/ exterior lleno de diversi\u00f3n y agradable para los ni\u00f1os que permanece abierto todo el a\u00f1o: <a href=\"[home_url]gatlinburg\/wild-bear-falls-indoor-waterpark\/\">Wild Bear Falls Water Park<\/a>. \u00a1No hace falta decir que esta ciudad tiene grandes aventuras y lugares de inter\u00e9s que esperan ser disfrutados y admirados por ti y tus seres queridos! \u00a1Deja que tu lado aventurero te gu\u00ede!<\/p>\r\n\r\n[blockquote type=\"center\"]\u00a1Encuentra tu paquete de vacaciones en Gatlinburg ideal! <br>Ll\u00e1manos al [phone_link][tel][\/phone_link] [\/blockquote]\r\n\r\n <h4 class=\"h5 mtn\">Exploraci\u00f3n sin fin al Alcance de Tu Mano<\/h4>\r\n\r\n<p>Una vez que llegues a Westgate Smoky Mountain Resort, descubrir\u00e1s r\u00e1pidamente que no hay necesidad de salir de la propiedad, \u00a1a menos que, por supuesto, quieras hacerlo! El resort ofrece un sinn\u00famero de actividades y servicios para que nunca te aburras. Desde relajaci\u00f3n en el spa, hasta aventuras emocionantes al aire libre, tendr\u00e1s todo lo que necesitas al alcance de tu mano con <a href=\"https:\/\/www.westgateresorts.com\/es\/\">Westgate Resorts<\/a>.<\/p>\r\n\r\n<p>Pero si te sientes con ganas de explorar, Gatlinburg est\u00e1 cerca de todo y ofrece m\u00e1s de 50 <a href=\"[home_url]blog\/50-things-to-do-in-gatlinburg\/\">cosas para hacer en Gatlinburg<\/a> para visitantes de todas las edades. Ya sea que est\u00e9s interesado en explorar las tiendas locales o disfrutar del entretenimiento familiar, Gatlinburg tiene algo para todos.<\/p>\r\n\r\n <\/p>\r\n<\/div>\r\n<!-- call banner-->\r\n<div class=\"availability-search p-0\">\r\n    <div class=\"x-container max width\">\r\n        [gap size=\"1em\"]\r\n        <div class=\"x-column x-sm x-2-3 white stack-center-m pas\">\r\n            <h5 class=\"font-lighter white man\">\u00a1Comienza a Planear tus Vacaciones en Gatlinburg con Westgate Resorts!<\/h5>\r\n        <\/div>\r\n        <div class=\"x-column x-sm x-1-3 pam last\">\r\n            [phone_link class=\"x-btn x-btn-block btn-orange\"]Llama al [tel][\/phone_link]\r\n            [gap size=\"1em\" class=\"x-visible-phone\"]\r\n        <\/div>\r\n    <\/div>\r\n<\/div>\r\n<!--\/call banner-->\r\n\r\n<div class=\"x-container max width pbl mtl\">\r\n<!-- Recommended Vacation Destinations -->\r\n<div>\r\n    <div class=\"x-container max width\">\r\n        <h5 class=\"h3 mbs mts\">Destinos de Vacaciones Recomendados para Ti<\/h5>\r\n        <div class=\"x-column x-sm x-1-4\">\r\n<a href=\"\/es\/las-vegas\/\">\r\n<div class=\"x-promo\">\r\n                <div class=\"x-promo-image-wrap\"><img decoding=\"async\" src=\"https:\/\/westgatecdn.com\/2019\/03\/lasvegas.jpg\" alt=\"Las Vegas Vacation\" \/><\/div>\r\n                <div class=\"x-promo-content center-text\">\r\n                <h6 class=\"man\">Vacaciones en Las Vegas<\/h6>\r\n<\/div>\r\n<\/a>\r\n            <\/div>\r\n        <\/div>\r\n        <div class=\"x-column x-sm x-1-4\">\r\n<a href=\"\/es\/gatlinburg\/\">\r\n<div class=\"x-promo\">\r\n                <div class=\"x-promo-image-wrap\"><img decoding=\"async\" src=\"https:\/\/westgatecdn.com\/2015\/06\/resort-smoky-mountain-660x425.jpg\" alt=\"Gatlinburg Vacation\"\/><\/div>\r\n                <div class=\"x-promo-content center-text\">\r\n                <h6 class=\"man\">Vacaciones en Gatlinburg<\/h6>\r\n                <\/div>\r\n<\/div>\r\n<\/a>\r\n        <\/div>\r\n        <div class=\"x-column x-sm x-1-4\">\r\n<a href=\"\/es\/williamsburg\/\">\r\n<div class=\"x-promo\">\r\n                <div class=\"x-promo-image-wrap\"><img decoding=\"async\" src=\"https:\/\/westgatecdn.com\/2015\/06\/resort-williamsburg-660x425.jpg\" alt=\"Williamsburg Vacation\"\/><\/div>\r\n                <div class=\"x-promo-content center-text\">\r\n                <h6 class=\"man\">Vacaciones en Williamsburg<\/h6>\r\n                <\/div>\r\n<\/div>\r\n<\/a>\r\n        <\/div>\r\n        <div class=\"x-column x-sm x-1-4 last\">\r\n<a href=\"\/es\/kissimmee\/\">\r\n<div class=\"x-promo\">\r\n                <div class=\"x-promo-image-wrap\"><img decoding=\"async\" src=\"https:\/\/westgatecdn.com\/2015\/06\/resort-westgate-towers-660x425.jpg\" alt=\"Kissimmee Vacation\" \/><\/div>\r\n                <div class=\"x-promo-content center-text\">\r\n                <h6 class=\"man\">Vacaciones en Kissimmee<\/h6>\r\n                <\/div>\r\n<\/div>\r\n<\/a>\r\n        <\/div>\r\n    <\/div>\r\n    [gap size=\"3em\"]\r\n<\/div>","protected":false},"excerpt":{"rendered":"<p>Paquetes de Vacaciones en Gatlinburg \u00a1Desde: $99 por estad\u00eda! [search-availability layout=\"horizontal\" destination=\"Gatlinburg\" hide_title=\"true\" class=\"no-bg dark-label p-0\"] Llama hoy [phone] Env\u00eda VACATION al: 1-877-716-1160 Chat en Vivo Chatea con un agente ... <\/p>\n<div><a href=\"https:\/\/www.westgatereservations.com\/es\/gatlinburg\/\" class=\"more-link\">Leer M\u00e1s<\/a><\/div>\n","protected":false},"author":39,"featured_media":0,"parent":0,"menu_order":0,"comment_status":"closed","ping_status":"closed","template":"template-blank-4.php","meta":{"footnotes":""},"_links":{"self":[{"href":"https:\/\/www.westgatereservations.com\/es\/wp-json\/wp\/v2\/pages\/17479"}],"collection":[{"href":"https:\/\/www.westgatereservations.com\/es\/wp-json\/wp\/v2\/pages"}],"about":[{"href":"https:\/\/www.westgatereservations.com\/es\/wp-json\/wp\/v2\/types\/page"}],"author":[{"embeddable":true,"href":"https:\/\/www.westgatereservations.com\/es\/wp-json\/wp\/v2\/users\/39"}],"replies":[{"embeddable":true,"href":"https:\/\/www.westgatereservations.com\/es\/wp-json\/wp\/v2\/comments?post=17479"}],"version-history":[{"count":0,"href":"https:\/\/www.westgatereservations.com\/es\/wp-json\/wp\/v2\/pages\/17479\/revisions"}],"wp:attachment":[{"href":"https:\/\/www.westgatereservations.com\/es\/wp-json\/wp\/v2\/media?parent=17479"}],"curies":[{"name":"wp","href":"https:\/\/api.w.org\/{rel}","templated":true}]}}