{"id":17468,"date":"2018-03-29T10:14:55","date_gmt":"2018-03-29T14:14:55","guid":{"rendered":"https:\/\/www.westgatereservations.com\/cocoa-beach\/hotels-resorts\/near-kennedy-space\/"},"modified":"2020-07-13T11:13:35","modified_gmt":"2020-07-13T15:13:35","slug":"near-kennedy-space","status":"publish","type":"page","link":"https:\/\/www.westgatereservations.com\/es\/cocoa-beach\/hotels-resorts\/near-kennedy-space\/","title":{"rendered":"Hoteles en Cocoa Beach cerca del Kennedy Space Center"},"content":{"rendered":"<section role=\"contentinfo\">\r\n    <img decoding=\"async\" src=\"https:\/\/westgatecdn.com\/2017\/12\/kennedy-space-center.jpg\" alt=\"Hoteles Cocoa Beach cerca del Centro Espacial Kennedy | Westgate Cocoa Beach Resort\" class=\"x-visible-phone\">\r\n    <div class=\"x-container max width mtl\">\r\n        [gap size=\"3em\" class=\"x-hidden-phone\"]\r\n            <div class=\"x-column x-sm x-1-2 x-1-2-push rel last\">\r\n               <img decoding=\"async\" src=\"https:\/\/westgatecdn.com\/2017\/12\/kennedy-space-center.jpg\" alt=\"Hoteles Cocoa Beach cerca del Centro Espacial Kennedy | Westgate Cocoa Beach Resort\" class=\"x-hidden-phone\">\r\n               [clear]\r\n            <\/div>\r\n\r\n            <div class=\"x-column x-sm x-1-2 x-1-2-pull rel\">\r\n                [gap size=\"1em\" class=\"x-visible-phone\"]\r\n                <h1 class=\"h3 man mbs\">Hoteles Cocoa Beach cerca del Centro Espacial Kennedy\r\n<\/h1>\r\n                <p>Cocoa Beach, Florida ofrece un destino tur\u00edstico tropical ideal en la hermosa costa Atl\u00e1ntica. Junto con la cercana Isla Merritt, Puerto Ca\u00f1averal y Cabo Ca\u00f1averal, Cocoa Beach forma parte de la popular zona de la Costa Espacial y se encuentra a poca distancia en carro del Complejo de Visitantes del Centro Espacial Kennedy.\r\n\r\n\r\n\r\n\r\n\r\n <\/p>\r\n                <div class=\"x-container stack-center-m icon-nav light\">\r\n                    <div class=\"x-column x-not-sm x-1-3\">\r\n                        [phone_link class=\"inheritcolor\"]\r\n                            <i class=\"fas fa-phone fa-2x left-stack-m focus\"><\/i>\r\n                            <div class=\"left-stack-m mrm\" style=\"height:10px;\">&nbsp;<\/div>\r\n                            <p class=\"x-visible-phone mts\">\r\n                                <strong>Llame para<br\/> reservar<\/strong>\r\n                            <\/p>\r\n                            <p class=\"x-hidden-phone font-120\" style=\"line-height: 3em;\">\r\n                                <strong>Llame para reservar!<\/strong>\r\n                                <span>[tel]<\/span>\r\n                            <\/p>\r\n                        [\/phone_link]\r\n                        [clear]\r\n                    <\/div>\r\n                    <div class=\"x-column x-not-sm x-1-3\">\r\n                        [subscribe modal=\"true\" trigger=\"link\" show_name=\"true\" trigger_class=\"inheritcolor\"]\r\n                            <i class=\"fas fa-envelope fa-2x left-stack-m\"><\/i>\r\n                            <div class=\"left-stack-m mrm\" style=\"height:10px;\">&nbsp;<\/div>\r\n                            <p class=\"x-visible-phone mts\">\r\n                                <strong>\u00a1Reg\u00edstrese<br\/> para recibir ofertas incred\u00edbles!<\/strong>\r\n                            <\/p>\r\n                            <p class=\"x-hidden-phone font-120\" style=\"line-height: 3em;\">\r\n                                <strong> \u00a1Reg\u00edstrese para recibir ofertas incred\u00edbles!<\/strong>\r\n                                <span> Podr\u00e1 ahorrar hasta un 40% de descuento<\/span>\r\n                            <\/p>\r\n                        [\/subscribe]\r\n                        [clear]\r\n                    <\/div>\r\n                    <div class=\"x-column x-not-sm x-1-3 last\">\r\n                        <a href=\"#\"; onclick=\"SnapEngage.startLink();\" class=\"inheritcolor\">\r\n                            <i class=\"fas fa-comment-alt fa-2x left-stack-m\"><\/i>\r\n                            <div class=\"left-stack-m mrm\" style=\"height:10px;\">&nbsp;<\/div>\r\n                            <p class=\"x-visible-phone mts\">\r\n                                <strong>a trav\u00e9s del chat<br\/> uno de nuestros agentes<\/strong>\r\n                            <\/p>\r\n                            <p class=\"x-hidden-phone font-120\" style=\"line-height: 3em;\">\r\n                                <strong>en l\u00ednea a trav\u00e9s del chat<\/strong>\r\n                                <span>Cont\u00e1ctatese con uno de nuestros agentes en l\u00ednea a trav\u00e9s del chat.<\/span>\r\n                            <\/p>\r\n                        <\/a>\r\n                        [clear]\r\n                    <\/div>\r\n                <\/div>\r\n            <\/div>\r\n            [clear]\r\n        [gap size=\"2em\"]\r\n    <\/div>\r\n<\/section>\r\n[gap size=\"3em\" class=\"x-hidden-phone\"]\r\n<section role=\"search\">\r\n    <div class=\"availability-search x-content-band marginless-columns\">\r\n        <div class=\"x-container max width pbm ptm\">\r\n            <div class=\"x-column x-sm x-1-4\" style=\"vertical-align: middle;\">\r\n                <p class=\"h3 man white\">Encuentre un resort en Cocoa Beach<\/p>\r\n            <\/div>\r\n            <div class=\"x-column x-sm x-3-4 last\">\r\n                [search-availability layout=\"horizontal\" destination=\"Cocoa Beach\" hide_title=\"true\" class=\"no-bg pan\"]\r\n            <\/div>\r\n        <\/div>\r\n    <\/div>\r\n<\/section>\r\n\r\n\r\n\r\n\r\n  <div class=\"x-container max width mtl mbs\">\r\n        [gap size=\"3em\" class=\"x-hidden-phone\"]\r\n            <div class=\"x-column x-sm x-1-2 x-1-2-push rel last\">\r\n            <div>\r\n[google_map lat=\"28.351394\" lng=\"-80.608514\" zoom=\"9\" zoom_control=\"true\" drag=\"true\" height=\"350px\" no_container=\"true\" class=\"mbn\"]\r\n[google_map_marker image=\"https:\/\/westgatecdn.com\/2015\/07\/marker-resort.png\" lat=\"28.351394\" lng=\"-80.608514\" info=\"Wakulla Suites\"][\/google_map_marker]\r\n[google_map_marker image=\"https:\/\/westgatecdn.com\/2015\/08\/Family-Activity.png\" lat=\"28.523510\" lng=\"-80.682721\" info=\"Kennedy Space Center\"][\/google_map_marker]\r\n[google_map_marker image=\"https:\/\/westgatecdn.com\/2015\/07\/shopping-marker1.png\" lat=\"28.332016\" lng=\"-80.611723\" info=\"Ron Jon's Surf Shop\"][\/google_map_marker]\r\n[google_map_marker image=\"https:\/\/westgatecdn.com\/2015\/08\/Family-Activity.png\" lat=\"28.367760\" lng=\"-80.603022\" info=\"Cocoa Beach Pier\"][\/google_map_marker]\r\n[google_map_marker image=\"https:\/\/westgatecdn.com\/2015\/08\/Family-Activity.png\" lat=\"28.224782\" lng=\"-80.713500\" info=\"Brevard Zoo\"][\/google_map_marker]\r\n[\/google_map]\r\n<\/div> \r\n               [clear]\r\n            <\/div>\r\n            <div class=\"x-column x-sm x-1-2 x-1-2-pull rel\">\r\n                [gap size=\"1em\" class=\"x-visible-phone\"]\r\n                <h2 class=\"h3 man mbs\">Encuentre el Hotel Space en la hermosa Space Coast en Florida\r\n\r\n\r\n<\/h2>\r\n              <p class=\"mtl\">\r\n[dropcap]EL[\/dropcap] Centro de visitantes del Centro Espacial Kennedy sigue siendo una de las atracciones m\u00e1s visitadas en el centro de Florida y la favorita al tope de la lista de cosas para hacer en Cocoa Beach, Florida. Consulte el programa de la NASA para el pr\u00f3ximo lanzamiento de cohetes y experimente las vistas y sonidos de estos eventos incre\u00edbles. Desde el confort de su hotel obtendr\u00e1 con seguridad una gran vista de cualquier lanzamiento en el \u00e1rea del Centro Espacial Kennedy. Si lo prefiere, tambi\u00e9n podr\u00e1 unirse a la multitud en Lori Wilson Park, Alan Shepard Park, Jetty Park en Puerto Ca\u00f1averal, Marina Park en Titusville, la Torre de la Exploraci\u00f3n, o \u00e1reas a lo largo de las orillas del r\u00edo Indio, Costa Nacional Ca\u00f1averal (Canaveral National Seashore) y otras playas al sur de Puerto Ca\u00f1averal.\r\n<\/p>\r\n\r\n<p>\r\nLa Costa Espacial se encuentra muy pr\u00f3xima a Orlando a la que podr\u00e1 acceder f\u00e1cilmente desde la autopista I-95. Perm\u00edtanos ayudarle a encontrar dentro de las comodidades que ofrece el hotel del Centro Espacial Kennedy, la m\u00e1s adecuada para usted y su familia. Podr\u00e1 escoger entre Holiday Inn, Fairfield, Hilton, Holiday Inn Titusville, y el mismo Westgate Cocoa Beach Resort en Cocoa Beach.\r\n<\/p>\r\n               \r\n            <\/div>\r\n            [clear]\r\n        [gap size=\"2em\"]\r\n    <\/div>\r\n\r\n[line]\r\n \r\n<section role=\"contentinfo\">\r\n    <div>\r\n        [container class=\"pbl\"]\r\n            <h3 id=\"resorts\" class=\"mbm left-text\" id=\"specials\">Disfrute de esta gran aventura de vacaciones en el Westgate Cocoa Beach Resort, a pasos del mundo espacial del Kennedy Space Center\r\n\r\n<\/h3>\r\n   \r\n        [clear]\r\n            <div class=\"cards\">\r\n[resorts ids=\"12523\"]\r\n\r\n            <\/div>\r\n            [gap size=\"1em\"]\r\n        [\/container]\r\n    <\/div>\r\n<\/section>\r\n\r\n<div style=\"background: #efefef;\">\r\n    [container class=\"ptl pbl\"]\r\n    <h3 class=\"h3 mbm center-text\" id=\"specials\">El hotel ofrece maravillosas vistas al oc\u00e9ano\r\n\r\n\r\n<\/h3>\r\n[specials ids=\"12882,12893,14999\"]\r\n    [\/container]\r\n<\/div>\r\n\r\n\r\n\r\n<div class=\"x-container max width ptl pbs\">\r\n    <h4 class=\"h3 center-text\" id=\"explore\">Descubra los encantos que ofrece Cocoa Beach\r\n<\/h4>\r\n    <div class=\"ptl pbs\">\r\n       [tab_nav type=\"three-up\"]\r\n       [tab_nav_item title=\"Alojamiento en el Westgate\" active=\"true\"]\r\n       [tab_nav_item title=\"Atracciones\" active=\"\"]\r\n       [tab_nav_item title=\"Actividades\" active=\"\"]\r\n\r\n       [\/tab_nav]\r\n       [tabs]\r\n       [tab active=\"true\"] \r\n       \r\n <div class=\"x-container\">\r\n            <div class=\"x-column x-sm x-1-2\">\r\n                <div>\r\n                [image class=\"galleryimg1 interior\" src=\"https:\/\/westgatecdn.com\/2017\/12\/Wakulla-Suites-signature.jpg\" alt=\"Westgate Cocoa Beach | Resorts in Cocoa Beach, FL\" type=\"thumbnail\" link=\"true\" title=\"Resorts in Cocoa Beach\"]\r\n                <\/div>\r\n                <div>\r\n                    <div class=\"x-column x-1-3\">[image class=\"galleryimg1 interior\" src=\"https:\/\/westgatecdn.com\/2017\/12\/Wakulla-Suites-pool.jpg\" alt=\"Westgate Cocoa Beach Resort Pool | top rated resorts in cocoa beach\" type=\"thumbnail\" link=\"true\" title=\"Westgate Cocoa Beach Resort Pool\"]<\/div>\r\n\r\n                    <div class=\"x-column x-1-3\">[image class=\"galleryimg1 interior\" src=\"https:\/\/westgatecdn.com\/2017\/12\/Wakulla-Suites-2br-master-bedroom.jpg\" alt=\"Westgate Cocoa Beach Resorts Suites and Rooms\" type=\"thumbnail\" link=\"true\" title=\"Westgate Cocoa Beach Resorts Suites and Rooms\"]<\/div>\r\n\r\n                    <div class=\"x-column x-1-3 last\">[image class=\"galleryimg1 interior\" src=\"https:\/\/westgatecdn.com\/2017\/12\/Wakulla-Suites-2br-living-room.jpg\" alt=\"Westgate Cocoa Beach Resort | Cocoa Beach Resorts Oceanfront\" type=\"thumbnail\" link=\"true\" title=\"Cocoa Beach Resorts\"]<\/div>\r\n                <\/div>\r\n                [clear]\r\n                [lightbox selector=\".galleryimg1\" deeplink=\"\" opacity=\"0.875\" prev_scale=\"0.75\" prev_opacity=\"0.75\" next_scale=\"0.75\" next_opacity=\"0.75\" orientation=\"horizontal\" thumbnails=\"true\"]\r\n            <\/div>\r\n            <div class=\"x-column x-sm x-1-2 last\">\r\n                <h4 class=\"h5 mtn\">Lo m\u00e1s destacado de Westgate Cocoa Beach Resort:<\/h4>\r\n\r\n<p>El condado de Brevard de Florida cuenta con una amplia gama de posadas familiares, suites, hoteles, moteles, resorts y otras opciones para alojar a los hu\u00e9spedes. Desde Cocoa, Merritt y Titusville hasta Cabo Ca\u00f1averal y Puerto Ca\u00f1averal, encontrar\u00e1 hoteles cerca del Centro Espacial Kennedy que se adaptan a sus necesidades y presupuesto. Preg\u00fantenos sobre ofertas especiales actuales, opciones para mascotas y hoteles cerca del Centro Espacial Kennedy que ofrecen un desayuno buffet caliente.\r\n<\/p>\r\n \r\n <p>\r\nSi su deseo es vacacionar en la playa, qu\u00e9 mejor que alojarse en ella. An\u00edmese a un colorido retiro frente al mar en Westgate Cocoa Beach Resort, muy pr\u00f3ximo al Centro Espacial Kennedy, donde podra explorar el mundo espacial con su familia. Disfrutar\u00e1 las amplias y lujosas habitaciones para no fumadores muy f\u00e1ciles de reservar, con r\u00e1pidos check in and check out, y muchas comodidades y servicios en el lugar.\r\n\r\n\r\n\r\n<\/p>\r\n         \r\n[columnize]\r\n<ul> \r\n<li>Suites de 2 dormitorios<\/li>\r\n<li>Cocinas totalmente equipadas<\/li>\r\n<li>Patio con jard\u00edn tropical<\/li>\r\n<li>Piscina exterior<\/li>\r\n<li>Recepci\u00f3n las 24 horas<\/li>\r\n<li>Wi-Fi de alta velocidad<\/li>\r\n<li>Parrillas para barbacoas<\/li>\r\n<li>Pista de voleibol de playa<\/li>\r\n<li>Sala de ejercicios<\/li>\r\n<li>Acceso directo a Cocoa Beach<\/li>\r\n<\/ul>\r\n[\/columnize]\r\n\r\n            <\/div>\r\n        <\/div>\r\n       [\/tab]\r\n [tab] \r\n       <div class=\"x-container\">\r\n\r\n[pullquote cite=\"Descubre en el emblem\u00e1tico muelle de Westgate Cocoa Beach sus de tiendas, restaurantes, entretenimiento y vistas \u00e9picas.\" type=\"right\"]<img decoding=\"async\" alt=\"cocoa beach pier\" src=\"https:\/\/westgatecdn.com\/2018\/03\/cocoa-beach-pier.jpg\">[\/pullquote]\r\n                    [gap size=\"2em\" class=\"x-visible-phone\"]\r\n\r\n\r\n                    <h5 class=\"mtn mbm\">Explore el hist\u00f3rico muelle de Westgate Cocoa Beach<\/h5>\r\n                   <p>\r\n\r\nEl \u00e1rea del muelle de Cocoa Beach es conocida por su surf y muchas competencias anuales de este deporte se celebran cerca del muelle. El lugar tambi\u00e9n es ideal para pescar, y encontrar\u00e1 una serie de restaurantes y bares para comer o disfrutar de un c\u00f3ctel en medio de una hermosa vista.\r\n\r\n<\/p>\r\n<p>\r\nTome el sol y disfrute de la nataci\u00f3n, la caza de conchas marinas, la construcci\u00f3n de castillos de arena y mucho m\u00e1s. Podr\u00e1 incluso practicar el deporte favorito de Cocoa, el surf. En la capital del surf de la costa este, encontrar\u00e1 todo lo que necesite en la tienda de surf Ron Jon y otras m\u00e1s dedicadas a la venta de art\u00edculos de surf de la zona, alquiler o compra de tablas de bodyboard, tablas de surf, paddleboard o cualquier otro equipo, opciones variadas de ropa y recuerdos especiales.<\/p>\r\n\r\n\r\n\r\n\r\n                [clear]\r\n[pullquote cite=\"Descubra m\u00e1s sobre la luna y la estaci\u00f3n espacial internacional en el Centro Espacial Kennedy\" type=\"right\"]<img decoding=\"async\" alt=\"kennedy space center\" src=\"https:\/\/westgatecdn.com\/2018\/03\/specials_thumbnail_kennedy_space_shuttle.jpg\">[\/pullquote]\r\n                    [gap size=\"2em\" class=\"x-visible-phone\"]\r\n\r\n           <h5 class=\"mtn mbm\">Inicie sus vacaciones con alojamientos cerca del Centro Espacial Kennedy\r\n<\/h5>\r\n                         <p>Como visitante del Centro Espacial Kennedy de la NASA, estar\u00e1 inmerso en un ambiente colmado de cosas para aprender y divertirse, y descubrir\u00e1 las respuestas a todas sus preguntas sobre el espacio, viajes espaciales, cohetes, transbordadores al espacio y mucho m\u00e1s. Explorar\u00e1 atracciones ideales para todas las edades. Pasee por un jard\u00edn de cohetes, vea una pel\u00edcula IMAX, conozca a un verdadero astronauta, vea de cerca un transbordador espacial, aprenda sobre los programas G\u00e9minis, Apolo y Saturno, haga recorridos entre bambalinas por los sitios de lanzamiento y mucho m\u00e1s. Sepa todo sobre la luna y la estaci\u00f3n espacial internacional. Podr\u00e1 tambi\u00e9n experimentar por usted mismo la maravilla de los vuelos espaciales con la Experiencia de Lanzamiento del Trasbordador y, si el momento es propicio, \u00a1podr\u00e1 incluso ser testigo de un verdadero lanzamiento de un cohete de la NASA!\r\n\r\n<\/p>\r\n\r\n                [clear]\r\n\r\n            <\/div>\r\n       [\/tab]\r\n       [tab] \r\n\r\n                    <h5 class=\"mtn mbm\">Atracciones cerca de los hoteles en Cocoa Beach, Florida\r\n<\/h5>\r\n\r\n               \r\n<div>\r\n<div class=\"x-column x-sm x-1-3\">\r\n<img decoding=\"async\" class=\"x-img-thumbnail\" src=\"https:\/\/westgatecdn.com\/2018\/03\/cocoa-beach-pier.jpg\" alt=\"Cocoa Beach pier\">\r\n<h5 class=\"h-custom-headline accent\"><span>Muelle de Cocoa Beach<\/span><\/h5> \r\n<\/div>\r\n<div class=\"x-column x-sm x-1-3\">\r\n<img decoding=\"async\" class=\"x-img-thumbnail\" src=\"https:\/\/westgatecdn.com\/2017\/12\/ron-jon-surf-shop-cocoa.jpg\" alt=\"tienda ron jon surf shop en cocoa beach\">\r\n<h5 class=\"h-custom-headline accent\"><span>Tienda de surf Ron Jon<\/span><\/h5> \r\n<\/div>\r\n<div class=\"x-column x-sm x-1-3\">\r\n<img decoding=\"async\" class=\"x-img-thumbnail\" src=\"https:\/\/westgatecdn.com\/2017\/12\/brevard-zoo-giraffe.jpg\" alt=\"zoologico de brevard\">\r\n<h5 class=\"h-custom-headline accent\"><span>Zool\u00f3gico Brevard<\/span><\/h5> \r\n<\/div>\r\n<\/div>\r\n<p>En Westgate Cocoa Beach Resort, tambi\u00e9n podemos ofrecerle boletos de descuentos exclusivos para el complejo de visitantes del Centro Espacial Kennedy o una variedad de otros parques tem\u00e1ticos y atracciones, incluyendo Disney World.<\/p>\r\n\r\n<p>Westgate Cocoa Beach Resort tambi\u00e9n se encuentra cerca de otras atracciones de la zona, entre ellas: la mundialmente famosa tienda de surf Ron Jon, Playalinda Beach, Lori Wilson Park, la imperdible Costa Nacional Ca\u00f1averal (Canaveral National Seashore), el Parque estatal Sebastina Inlet (Sebastian Inlet State Park), The Dinosaur Store Adventure Zone, el museo de surf de Florida (Florida Surf Museum), el hist\u00f3rico pueblo Cocoa Beach Village, el muelle emblem\u00e1tico de Cocoa Beach, el parque fluvial de Cocoa (Cocoa Riverfront Park), Brevard Nature Alliance, el zool\u00f3gico Brevard, el casino de Victory Casino Cruises, Cocoa Beach Skate Park, el museo American Police Hall of Fame, el teatro Emma Parrish, marina-kayaks, el santuario del bosque encantado en el condado de Brevard, el museo Valiant Air Command Warbird, y mucho m\u00e1s.<\/p>\r\n       [\/tab]\r\n       \r\n      \r\n       [\/tabs]\r\n    <\/div>\r\n    [gap size=\"3em\"]\r\n<\/div>\r\n\r\n<div style=\"background: #efefef;\">\r\n\r\n<div class=\"x-container max width pts pbl\">\r\n        <h5 class=\"h3 center-text pbm\">Preguntas frecuentes<\/h5>\r\n            <div class=\"x-column x-sm x-1-2\">\r\n[accordion]\r\n[accordion_item title=\"\u00bfA qu\u00e9 distancia se encuentra Westgate Cocoa Beach Resort del Centro Espacial Kennedy?\"]\r\n<p>Wakulla Suites se encuentra a tan solo minutos en autom\u00f3vil del Centro Espacial Kennedy, ubicado a 7 millas (11 km aprox.) al norte por la autopista Florida 1A.<\/p>\r\n[\/accordion_item] \r\n[\/accordion]\r\n[accordion]\r\n[accordion_item title=\"\u00bfCu\u00e1l es el mejor momento del a\u00f1o para visitar el Centro Espacial Kenedy?\"]<p>El Centro Espacial Kennedy est\u00e1 abierto todo el a\u00f1o y gracias al clima subtropical de la Florida Central, podr\u00e1 disfrutar de temperaturas muy gradables en cualquier momento que decida realizar una visita. Los momentos de mayor concurrencia al sitio son los pr\u00f3ximos a d\u00edas festivos, los per\u00edodos de vacaciones escolares y cuando se programa el lanzamiento de un cohete. <\/p>[\/accordion_item] \r\n[\/accordion]\r\n[accordion]\r\n[accordion_item title=\"\u00bfCu\u00e1nto se cobra el aparcamiento en el Centro Espacial Kenedy?\"]<p>Las tarifas de aparcamiento son $10 por autom\u00f3vil o motocicletas y de $15 por cuatrimoto o casas rodantes <\/p>[\/accordion_item] \r\n[\/accordion]\r\n   <\/div>\r\n   <div class=\"x-column x-sm x-1-2 last\">\r\n[accordion]\r\n[accordion_item title=\"\u00bfCu\u00e1les son los horarios de visita del Centro Espacial Kenedy?\"]<p>El Complejo de visitantes del Centro Espacial Kennedy abre sus puertas a las 9 am los 365 d\u00edas del a\u00f1o. Los horarios de cierre pueden variar dependiendo de los d\u00edas festivos y las estaciones, por este motivo, lo invitamos a visitar el sitio web del Centro Espacial Kenedy para conocer los horarios de cierre espec\u00edficos antes de su visita.<\/p>[\/accordion_item] \r\n[\/accordion]\r\n[accordion]\r\n[accordion_item title=\"\u00bfPuedo agregar los boletos de entrada para el Centro Espacial Kenedy a cualquier oferta?\"]<p>Efectivamente, puede agregar boletos de descuento para atracciones a cualquiera de nuestras ofertas de paquetes vacacionales. Tenemos boletos de entrada para el Centro Espacial Kennedy y muchas otras atracciones de la zona, incluso para Disney World. Tambi\u00e9n puede prolongar su estancia con noches adicionales o mejorar su habitaci\u00f3n (seg\u00fan disponibilidad).<\/p>[\/accordion_item] \r\n[\/accordion]\r\n   <\/div>\r\n[clear]\r\n<\/div>\r\n<\/div>\r\n<\/div>\r\n\r\n\r\n<!-- cta bar -->\r\n<section role=\"contentinfo\">\r\n    <div style=\"background: #232c35;\">\r\n        <div class=\"x-container max width\">\r\n            [gap size=\"1em\"]\r\n            <div class=\"x-column x-sm x-2-3 white stack-center-m pas\">\r\n                <h5 class=\"font-lighter white man\">Hosp\u00e9dese en Westgate en sus pr\u00f3ximas vacaciones en familia en Cocoa Beach\r\n<\/h5>\r\n                <p>Acceso directo a la playa, cerca de todas las atracciones populares. \u00a1Disponemos de boletos de descuento!\r\n\r\n\r\n\r\n<\/p>\r\n            <\/div>\r\n            <div class=\"x-column x-sm x-1-3 pam last\">\r\n                [phone_link class=\"x-btn x-btn-block btn-orange\"]Comun\u00edquese al [tel][\/phone_link]\r\n            <\/div>\r\n        <\/div>\r\n    <\/div>\r\n<\/section>\r\n<!-- additional links -->\r\n<section role=\"contentinfo\">\r\n    <div class=\"x-container max width pbl mtl\">\r\n        <h5 class=\"h5 mtn\">Latest Related Posts<\/h5>\r\n[columnize]\r\n<ul>\r\n<li><a href=\"https:\/\/www.westgatereservations.com\/cocoa-beach\/hotels-resorts\/\">Cocoa Beach Florida Hotels<\/a><\/li>\r\n<li><a href=\"https:\/\/www.westgatereservations.com\/cocoa-beach\/vacation-rentals\/\">Cocoa Beach Vacation Rentals<\/a><\/li>\r\n<li><a href=\"https:\/\/www.westgatereservations.com\/cocoa-beach\/hotels-resorts\/near-port-canaveral\/\">Hotels Near Port Canaveral<\/a><\/li>\r\n<li><a href=\"https:\/\/www.westgatereservations.com\/cocoa-beach\/hotels-resorts\/ocean-view\/\">Cocoa Beach Hotels with Oceanfront Balcony<\/a><\/li>\r\n<\/ul>\r\n[\/columnize]\r\n\r\n    <\/div>\r\n<\/section>\r\n","protected":false},"excerpt":{"rendered":"<p>[gap size=\"3em\" class=\"x-hidden-phone\"] [clear] [gap size=\"1em\" class=\"x-visible-phone\"] Hoteles Cocoa Beach cerca del Centro Espacial Kennedy Cocoa Beach, Florida ofrece un destino tur\u00edstico tropical ideal en la hermosa costa Atl\u00e1ntica. Junto ... <\/p>\n<div><a href=\"https:\/\/www.westgatereservations.com\/es\/cocoa-beach\/hotels-resorts\/near-kennedy-space\/\" class=\"more-link\">Leer M\u00e1s<\/a><\/div>\n","protected":false},"author":2,"featured_media":0,"parent":17158,"menu_order":0,"comment_status":"closed","ping_status":"closed","template":"template-blank-4.php","meta":{"footnotes":""},"_links":{"self":[{"href":"https:\/\/www.westgatereservations.com\/es\/wp-json\/wp\/v2\/pages\/17468"}],"collection":[{"href":"https:\/\/www.westgatereservations.com\/es\/wp-json\/wp\/v2\/pages"}],"about":[{"href":"https:\/\/www.westgatereservations.com\/es\/wp-json\/wp\/v2\/types\/page"}],"author":[{"embeddable":true,"href":"https:\/\/www.westgatereservations.com\/es\/wp-json\/wp\/v2\/users\/2"}],"replies":[{"embeddable":true,"href":"https:\/\/www.westgatereservations.com\/es\/wp-json\/wp\/v2\/comments?post=17468"}],"version-history":[{"count":0,"href":"https:\/\/www.westgatereservations.com\/es\/wp-json\/wp\/v2\/pages\/17468\/revisions"}],"up":[{"embeddable":true,"href":"https:\/\/www.westgatereservations.com\/es\/wp-json\/wp\/v2\/pages\/17158"}],"wp:attachment":[{"href":"https:\/\/www.westgatereservations.com\/es\/wp-json\/wp\/v2\/media?parent=17468"}],"curies":[{"name":"wp","href":"https:\/\/api.w.org\/{rel}","templated":true}]}}