{"id":17448,"date":"2018-03-26T15:18:17","date_gmt":"2018-03-26T19:18:17","guid":{"rendered":"https:\/\/www.westgatereservations.com\/cocoa-beach\/vacation-packages\/"},"modified":"2024-03-11T16:16:46","modified_gmt":"2024-03-11T20:16:46","slug":"vacation-packages","status":"publish","type":"page","link":"https:\/\/www.westgatereservations.com\/es\/cocoa-beach\/vacation-packages\/","title":{"rendered":"Cocoa Beach Vacation Packages"},"content":{"rendered":"<div>\r\n    <div class=\"ptl background-cover\" style=\"\r\n    background-image:url(https:\/\/westgatecdn.com\/2018\/03\/cocoa-beach-500.jpg);\">\r\n        <div class=\"x-container max width dshadow x-hidden-phone\">\r\n            <h1 class=\"pts white center-text\">Elija paquetes de vacaciones en Cocoa Beach\r\n<\/h1>\r\n            <p class=\"h3 man pts white center-text\">\u00a1Encuentre las vacaciones de sus sue\u00f1os!<\/p>\r\n            <div class=\"center-text white mbl\" style=\"font-weight: 500;\">\r\n            <span>Desde: <\/span><span class=\"h1 white\">$169<\/span> \/POR PAQUETE<\/span>\r\n            <\/div>\r\n        <\/div>\r\n        [gap size=\"1em\"]\r\n        <!----->\r\n        <div class=\"x-container max width search-ow-resort availability-search\">\r\n            <div class=\"x-visible-phone\">\r\n                <h1 class=\"dshadow mts white center-text\">Choose Cocoa Beach Vacation Packages\r\n<\/h1>\r\n                <p class=\"h3 dshadow man pts white center-text\">Find your Dream Vacation!<\/p>\r\n                <div class=\"availability-horizontal center-text\">\r\n                    <span class=\"no-break\"><span class=\"white\">Desde: <\/span><span class=\"price white\"><b>$169<\/b><\/span> <span class=\"white\">\/POR PAQUETE<\/span><\/span>\r\n                <\/div>\r\n            <\/div>\r\n\r\n            <div class=\"x-content-band marginless-columns mbn ptm pbm\">\r\n                <div class=\"x-container\">\r\n                    <div class=\"x-column x-sm x-1-4 x-hidden-phone\" style=\"vertical-align: middle;\">\r\n                        <p class=\"h3 man white\">\u00a1Vamos a una aventura!<\/p>\r\n                    <\/div>\r\n                    <div class=\"x-column x-sm x-3-4 last\">\r\n                        [search-availability layout=\"horizontal\" destination=\"Orlando\" hide_title=\"true\" class=\"no-bg pan\"]\r\n                    <\/div>\r\n                <\/div>\r\n            <\/div>\r\n        <\/div>\r\n        [gap size=\"1em\" class=\"x-visible-phone\"]\r\n        <!---->\r\n    <\/div>\r\n<\/div>\r\n[container]\r\n     <div class=\"ptm icon-nav light pbs\">\r\n        [gap size=\"1em\" class=\"x-hidden-phone\"]\r\n            <div class=\"x-column x-1-3 stack-center-m\">\r\n                <div>\r\n                    [phone_link class=\"inheritcolor\"]\r\n                    <div class=\"x-column x-sm x-1-4\">\r\n                        <i class=\"fas fa-phone fa-2x right-stack-m focus\"><\/i>\r\n                    <\/div>\r\n                    <div class=\"x-column x-sm x-3-4 last\">\r\n                        <p class=\"x-visible-phone mts\" style=\"line-height:1.2em;\">\r\n                            <strong>\u00a1Llame para<br\/> reservar<\/strong>\r\n                        <\/p>\r\n                        <p class=\"x-hidden-phone font-120\">\r\n                            <strong>\u00a1Llame para reservar!<\/strong><br\/>\r\n                            <span>[tel]<\/span>\r\n                        <\/p>\r\n                    <\/div>\r\n                    [\/phone_link]\r\n                    [clear]\r\n                <\/div>\r\n            <\/div>\r\n            <div class=\"x-column x-1-3 stack-center-m\">\r\n                <div>\r\n                    [subscribe modal=\"true\" trigger=\"link\" show_name=\"true\" trigger_class=\"inheritcolor\"]\r\n                    <div class=\"x-column x-sm x-1-4\">\r\n                        <i class=\"fas fa-envelope fa-2x right-stack-m\"><\/i>\r\n                    <\/div>\r\n                    <div class=\"x-column x-sm x-3-4 last\">\r\n                        <p class=\"x-visible-phone mts\" style=\"line-height:1.2em;\">\r\n                            <strong> \u00a1Reg\u00edstrese<br\/> para ofertas! <\/strong>\r\n                        <\/p>\r\n                        <p class=\"x-hidden-phone font-120\">\r\n                            <strong> \u00a1Reg\u00edstrese para ofertas! <\/strong><br\/>\r\n                            <span>Ahorre hasta un 40%<\/span>\r\n                        <\/p>\r\n                    <\/div>\r\n                    [\/subscribe]\r\n                    [clear]\r\n                <\/div>\r\n            <\/div>\r\n            <div class=\"x-column x-1-3 stack-center-m last\">\r\n                <div>\r\n                    <a href=\"#\"; onclick=\"SnapEngage.startLink();\" class=\"inheritcolor\">\r\n                        <div class=\"x-column x-sm x-1-4\">\r\n                            <i class=\"fas fa-comment-alt fa-2x right-stack-m\"><\/i>\r\n                        <\/div>\r\n                        <div class=\"x-column x-sm x-3-4 last\">\r\n                            <p class=\"x-visible-phone mts\" style=\"line-height:1.2em;\">\r\n                                <strong>Chat con<br\/> un agente<\/strong>\r\n                            <\/p>\r\n                            <p class=\"x-hidden-phone font-120\">\r\n                                <strong>Chat en vivo<\/strong><br\/>\r\n                                <span>Hable con un agente<\/span>\r\n                            <\/p>\r\n                        <\/div>\r\n                    <\/a>\r\n                    [clear]\r\n                <\/div>\r\n            <\/div>\r\n            [clear]\r\n            [gap size=\"1em\" class=\"x-hidden-phone\"]\r\n        <\/div>\r\n[\/container]\r\n<div class=\"x-colophon\">&nbsp;<\/div>\r\n[container class=\"mbl pbl\"]\r\n    [gap size=\"2em\" class=\"x-hidden-phone\"]\r\n    <div class=\"x-column x-sm x-1-4\">\r\n        <!-- topnav -->\r\n        <wf-scroll hash=\"vacpac\" class=\"x-btn btn-blue x-btn-transparent x-visible-phone mbm\">View Cocoa Beach Packages<\/wf-scroll>\r\n        <!--\/topnav-->\r\n        [gap size=\"2em\" class=\"x-visible-phone\"]\r\n        <img decoding=\"async\" alt=\"Best Price Guarantee on all of Our Orlando Vacation Packages\" src=\"https:\/\/westgatecdn.com\/2019\/02\/best-price-logo.png\">\r\n        [line class=\"x-hidden-phone\"]\r\n        [line class=\"x-hidden-phone\"]\r\n        <div class=\"x-hidden-phone\">\r\n            <p class=\"font-400 mbn\"><strong>Our Customers Rate It:<\/strong><\/p>\r\n            <div class=\"orange\">\r\n            <i class=\"fas fa-star\" aria-hidden=\"true\"><\/i>\r\n            <i class=\"fas fa-star\" aria-hidden=\"true\"><\/i>\r\n            <i class=\"fas fa-star\" aria-hidden=\"true\"><\/i>\r\n            <i class=\"fas fa-star\" aria-hidden=\"true\"><\/i>\r\n            <i class=\"fas fa-star-half\" aria-hidden=\"true\"><\/i>\r\n            <span>Great Deal!<\/span>\r\n            <\/div>\r\n            <p style=\"color:#848b94;\">Read our <a target=\"_blank\" href=\"\/reviews-orlando\/\" rel=\"noopener noreferrer\">Customer Reviews<\/a><\/p>\r\n            [line]\r\n            <p class=\"center-text mtn font-120\"><strong>We are authorized ticket sellers for the following theme parks!<\/strong><\/p>\r\n            <img decoding=\"async\" class=\"mtm\" alt=\"Orlando Theme Parks | Our Orlando Theme Park Partners: Disney, Universal, SeaWorld, Legoland\" src=\"https:\/\/westgatecdn.com\/2019\/03\/side-logo-bar.jpg\">\r\n            [line]\r\n            [content-block name=\"single-sitewide-seasonal-ad\"]\r\n        <\/div>\r\n\r\n    <\/div>\r\n    <div class=\"x-column x-sm x-3-4 last\">\r\n        [gap size=\"1em\" class=\"x-visible-phone\"]\r\n        <h2 class=\"h3 mtn mbs\">Al\u00f3jese en Westgate en sus pr\u00f3ximas vacaciones familiares en Cocoa Beach\r\n<\/h2>\r\n      <p class=\"mtl\">[dropcap]C[\/dropcap]uando se trata de vacaciones, pocos destinos pueden igualar la emoci\u00f3n de Cocoa Beach, Florida. Y pocos destinos ofrecen paquetes de vacaciones econ\u00f3micos donde puede disfrutar de tanta emoci\u00f3n. Desde la playa hermosa hasta atracciones llenas de diversi\u00f3n, Cocoa Beach est\u00e1 llena de actividades idealmente dise\u00f1adas para una aventura familiar \u00e9pica.\r\n\r\n<\/p>        [line class=\"x-hidden-phone\"]\r\n        <h3 class=\"mtn mbm\" id=\"vacpac\">Paquetes de vacaciones en Cocoa Beach\r\n<\/h3>\r\n        <!-- Packages-->\r\n[specials ids=\"12882,12893,14999\"]\r\n        <!-- \/Packages-->\r\n    <\/div>\r\n    [clear]\r\n[\/container]\r\n<div style=\"background: #efefef;\">\r\n    [container class=\"ptl pbl\"]\r\n    <h3 class=\"h3 mbm center-text\">Experimente unas vacaciones familiares en Cocoa Beach\r\n<\/h3>\r\n    <div class=\"ptl pbl\">\r\n       [tab_nav type=\"three-up\"]\r\n       [tab_nav_item title=\"Atracciones\" active=\"true\"]\r\n       [tab_nav_item title=\"Centro Espacial Kennedy\" active=\"\"]\r\n       [tab_nav_item title=\"Ron Jon Surf Shop\" active=\"\"]\r\n       [\/tab_nav]\r\n       [tabs]\r\n       [tab active=\"true\"] \r\n        <div class=\"x-container\">\r\n            <div class=\"x-column x-sm x-1-2\">\r\n                <div>\r\n                [image class=\"galleryimg1 interior\" src=\"https:\/\/westgatecdn.com\/2019\/07\/cocoa-beach-vacations-1.jpg\" alt=\"Cocoa beach Mangroves | Vacation at Cocoa Beach\" type=\"thumbnail\" link=\"true\" title=\"Cocoa Beach Pier\"]\r\n                <\/div>\r\n                <div>\r\n                    <div class=\"x-column x-1-3\">[image class=\"galleryimg1 interior\" src=\"https:\/\/westgatecdn.com\/2019\/07\/westgate-cocoa-beach-pier.jpg\" alt=\"Makua Lanai at Westgate Cocoa Beach Resort\" type=\"thumbnail\" link=\"true\" title=\"Makua Lanai\"]<\/div>\r\n\r\n                    <div class=\"x-column x-1-3\">[image class=\"galleryimg1 interior\" src=\"https:\/\/westgatecdn.com\/2019\/07\/cocoa-beach-lifestyle.jpg\" alt=\"Couple enjoying drinks at cocoa beach Resort\" type=\"thumbnail\" link=\"true\" title=\"Cocoa Beach Activities\"]<\/div>\r\n\r\n                    <div class=\"x-column x-1-3 last\">[image class=\"galleryimg1 interior\" src=\"https:\/\/westgatecdn.com\/2019\/07\/cocoa-beach-surfiing.jpg\" alt=\"Surfing at Cocoa Beach | Cocoa Beach Vacations\" type=\"thumbnail\" link=\"true\" title=\"Surf at Cocoa Beach\"]<\/div>\r\n                <\/div>\r\n                [clear]\r\n                [lightbox selector=\".galleryimg1\" deeplink=\"\" opacity=\"0.875\" prev_scale=\"0.75\" prev_opacity=\"0.75\" next_scale=\"0.75\" next_opacity=\"0.75\" orientation=\"horizontal\" thumbnails=\"true\"]\r\n            <\/div>\r\n            <div class=\"x-column x-sm x-1-2 last\">\r\n                <h4 class=\"h5 mtn\">Explore las atracciones en Cocoa Beach<\/h4>\r\n                <p>\r\n \u00a1Naturalmente, la mejor y m\u00e1s grande atracci\u00f3n de vacaciones familiares en Cocoa Beach es el oc\u00e9ano! Todos aman el agua. Y es seguro que toda escapada en Cocoa Beach estar\u00e1 llena del id\u00edlico surf, la arena y olas rompiendo en el hermoso Oc\u00e9ano Atl\u00e1ntico. Pase un d\u00eda chapoteando en las olas. Toma el abundante sol en Florida. Coleccione caracoles. Construya castillos de arena. \u00a1O participe de la actividad m\u00e1s popular en Cocoa - surfing! <\/p>\r\n\r\n<p>Otras zonas de f\u00e1cil acceso desde Cocoa Beach incluyen Titusville, Merritt Island y Puerto Ca\u00f1averal. Explore la larga lista de animales salvajes en Brevard Zoo. O dir\u00edjase al puerto en Ca\u00f1averal para ver los enormes cruceros de la l\u00edneas Disney, Carnival y Royal Caribbean.  \r\n<\/p>\r\n<strong>Para m\u00e1s diversi\u00f3n familiar, visite:<\/strong>\r\n[columnize]\r\n<ul> \r\n<li>Dinosaur Store and Adventure Zone<\/li>\r\n<li>Golf N Gator Miniature Golf<\/li>\r\n<li>Florida Surf Museum<\/li>\r\n<li>Historic Cocoa Village<\/li>\r\n<li>Baytree National Golf Links<\/li>\r\n<li>Cocoa Beach Kayaking Tour<\/li>\r\n<li>Cocoa Beach Pier<\/li>\r\n<li>Twister Airboat Rides<\/li>\r\n<li>Cocoa Riverfront Park<\/li>\r\n<li>Turkey Creek Sanctuary Park<\/li>\r\n<li>Cocoa Beach Skate Park<\/li>\r\n<\/ul>\r\n[\/columnize]\r\n         \r\n            <\/div>\r\n        <\/div>\r\n       [\/tab]\r\n       [tab] \r\n       <div class=\"x-container\">\r\n            <div class=\"x-column x-sm x-2-5\">\r\n                <img decoding=\"async\" class=\"mtm\" alt=\"Kennedy Space Center | Discounted Kennedy Space Center Vacation packages \" src=\"https:\/\/westgatecdn.com\/2019\/07\/space-kennedy-cocoa-beach.jpg\">\r\n            <\/div>\r\n            <div class=\"x-column x-sm x-3-5 last\">\r\n                [gap size=\"2em\" class=\"x-visible-phone\"]\r\n                <h4 class=\"h5 mtn mbm\">Centro Espacial Kennedy.  <\/h4>\r\n<p>  Localizado en Brevard County en la hermosa Costa Espacial, Cocoa Beach es el perfecto punto de partida para una visita al Centro Espacial Kennedy cerca de Cabo Ca\u00f1averal. Explore la historia y el futuro de los viajes espaciales en esta atracci\u00f3n emocionante donde usted puede conocer de cerca los cohetes desde el Apollo y Saturno hasta los transbordadores espaciales. Usted podr\u00e1 conocer un astronauta real, recorrer las \u00e1reas de lanzamiento e incluso experimentar el poder de un lanzamiento espacial simulado.  \r\n\r\n<\/p>\r\n                <p>\r\n   Si est\u00e1 en el tiempo correcto, incluso podr\u00eda tener la oportunidad de experimentar la emoci\u00f3n de un lanzamiento real de cohetes. Usted puede escuchar, sentir y ver el poder de un lanzamiento de un cohete en vivo desde Cocoa Beach, o desde parques de la zona tales como Alan Shepard Park o Lori Wilson Park.\r\n\r\n<\/p>\r\n\r\n\r\n            <\/div>\r\n        <\/div>\r\n       [\/tab]\r\n       [tab] \r\n       <div class=\"x-container\">\r\n            <div class=\"x-column x-sm x-2-5\">\r\n                <img decoding=\"async\" class=\"mtm\" alt=\"Shopping at Ron Jon Surf Shop | Cocoa Beach, Florida\" src=\"https:\/\/westgatecdn.com\/2017\/12\/ron-jon-surf-shop-cocoa.jpg\">\r\n            <\/div>\r\n            <div class=\"x-column x-sm x-3-5 last\">\r\n                [gap size=\"2em\" class=\"x-visible-phone\"]\r\n                <h4 class=\"h5 mtn mbm\">Ron Jon Surf Shop<\/h4>\r\n                <p>\r\n                Hogar del ic\u00f3nico Ron Jon Surf Shop, Cocoa Beach es la capital del surfing de Florida, ofreciendo algunas de las mejores olas y presentando algunas de las mejores competencias anuales. Ron Jon cuenta con todo el equipo que usted necesita, incluyendo tablas de cuerpo, skim boards, trajes isot\u00e9rmicos, ropa y accesorios, recordatorios y m\u00e1s. La tienda Ron Jon en Cocoa Beach es la m\u00e1s grande del mundo, ofreciendo m\u00e1s de 52.00 pies cuadrados de equipo de playa.\r\n\r\n<\/p>\r\n              \r\n            <\/div>\r\n        <\/div>\r\n       [\/tab]\r\n       [\/tabs]\r\n    <\/div>\r\n    [\/container]\r\n<\/div>\r\n\r\n<!---->\r\n   <div class=\"x-container max width ptl\">\r\n        <h5 class=\"h3 center-text\">Preguntas frecuentes<\/h5>\r\n        <div class=\"ptl pbl\">\r\n            [accordion]\r\n            [accordion_item title=\"\u00bfSe admiten mascotas en Cocoa Beach?\"]\r\n            <p>Una amplia gama de hoteles ofrecen opciones que admiten mascotas. Directamente en Cocoa Beach no hay playas en las cuales admitan perros, sin embargo, usted puede disfrutar de la playa Canova Dog cerca de Indialantic, FL. Este parque playero de 9.1 acres ofrece un gazebo con parrillas y un \u00e1rea para picnic, as\u00ed como ba\u00f1os y duchas exteriores. Los perros deben llevar correas y chapas que muestren su licencia y vacunas.\r\n\r\n\r\n            <\/p>\r\n            [\/accordion_item] \r\n            [\/accordion]\r\n            [accordion]\r\n            [accordion_item title=\"\u00bfPuedo tomar clases de surfing en Cocoa Beach?\r\n\"]\r\n            <p>Como la capital del surf en la Costa Este, usted encontrar\u00e1 muchas opciones para clases de surfing privadas o grupales. Tambi\u00e9n puede rentar o comprar equipo de surfing en Ron Jon Surf Shop o en Cocoa Beach Surf Company.\r\n <\/p>\r\n            [\/accordion_item] \r\n            [\/accordion]\r\n            [accordion]\r\n            [accordion_item title=\"\u00bfQu\u00e9 es el Muelle Cocoa Beach?\"]\r\n            <p>El Westgate Cocoa Beach Pier es un hito hist\u00f3rico, extendi\u00e9ndose 800 pies sobre el Oc\u00e9ano Atl\u00e1ntico. \u00a1El muelle presenta una variedad de restaurantes, bares, tiendas de regalos, pesca, entretenimiento musical en vivo, y unas vistas extraordinarias! \r\n<\/p>\r\n            [\/accordion_item] \r\n            [\/accordion]\r\n        <\/div>\r\n          \r\n            [clear]\r\n        <\/div>\r\n        [gap size=\"3em\"]\r\n    <\/div>\r\n<!-- call banner-->\r\n<div style=\"background: #232c35;\">\r\n    <div class=\"x-container max width\">\r\n        [gap size=\"1em\"]\r\n        <div class=\"x-column x-sm x-2-3 white stack-center-m pas\">\r\n            <h5 class=\"font-lighter white man\">\u00a1Los paquetes de descuento en Cocoa Beach est\u00e1n disponible ahora!\r\n<\/h5>\r\n            <p>Acceso directo a la playa, cerca de todas las atracciones populares. \u00a1Entradas con descuentos disponibles!\r\n\r\n<\/p>\r\n        <\/div>\r\n        <div class=\"x-column x-sm x-1-3 pam last\">\r\n            [phone_link class=\"x-btn x-btn-block btn-orange\"]Llame al [tel][\/phone_link]\r\n            [gap size=\"1em\" class=\"x-visible-phone\"]\r\n        <\/div>\r\n    <\/div>\r\n<\/div>\r\n<!--\/call banner-->\r\n<!---->\r\n<div class=\"x-container max width x-visible-phone mtl\">\r\n    [line]\r\n    <div>\r\n        <p class=\"font-400 mbn\"><strong>Our Customers Rate It:<\/strong><\/p>\r\n        <div class=\"orange\">\r\n        <i class=\"fas fa-star\" aria-hidden=\"true\"><\/i>\r\n        <i class=\"fas fa-star\" aria-hidden=\"true\"><\/i>\r\n        <i class=\"fas fa-star\" aria-hidden=\"true\"><\/i>\r\n        <i class=\"fas fa-star\" aria-hidden=\"true\"><\/i>\r\n        <i class=\"fas fa-star-half\" aria-hidden=\"true\"><\/i>\r\n        <span>Great Deal!<\/span>\r\n        <\/div>\r\n        <p style=\"color:#848b94;\">Read our <a target=\"_blank\" href=\"\/reviews-orlando\/\" rel=\"noopener noreferrer\">Customer Reviews<\/a><\/p>\r\n        [line]\r\n        <p class=\"center-text mtn font-120\"><strong>We are authorized ticket sellers for the following theme parks!<\/strong><\/p>\r\n        <img decoding=\"async\" class=\"mtm\" alt=\"Orlando Theme Parks | Our Orlando Theme Park Partners: Disney, Universal, SeaWorld, Legoland\" src=\"https:\/\/westgatecdn.com\/2019\/03\/side-logo-bar.jpg\">\r\n        [line]\r\n        [content-block name=\"single-sitewide-seasonal-ad\"]\r\n    <\/div>\r\n<\/div>\r\n<!---->\r\n\r\n<div class=\"x-container max width pbl mtl\">\r\n<h5 class=\"h5 mtn\">Additional Cocoa Beach Links:<\/h5>\r\n[columnize]\r\n<ul>\r\n<li><a href=\"\/cocoa-beach\/\">Plan Your Cocoa Beach Vacation<\/a><\/li>\r\n<li><a href=\"\/cocoa-beach\/places-to-stay\/\">Top Places to Stay in Cocoa Beach FL<\/a><\/li>\r\n<li><a href=\"\/cocoa-beach\/hotels-resorts\/\">What Are My Cocoa Beach Hotel Options?<\/a><\/li>\r\n<\/ul>\r\n[\/columnize]\r\n<\/div>\r\n","protected":false},"excerpt":{"rendered":"<p>Elija paquetes de vacaciones en Cocoa Beach \u00a1Encuentre las vacaciones de sus sue\u00f1os! Desde: $169 \/POR PAQUETE [gap size=\"1em\"] Choose Cocoa Beach Vacation Packages Find your Dream Vacation! Desde: $169 ... <\/p>\n<div><a href=\"https:\/\/www.westgatereservations.com\/es\/cocoa-beach\/vacation-packages\/\" class=\"more-link\">Leer M\u00e1s<\/a><\/div>\n","protected":false},"author":2,"featured_media":0,"parent":17156,"menu_order":0,"comment_status":"closed","ping_status":"closed","template":"template-blank-4.php","meta":{"footnotes":""},"_links":{"self":[{"href":"https:\/\/www.westgatereservations.com\/es\/wp-json\/wp\/v2\/pages\/17448"}],"collection":[{"href":"https:\/\/www.westgatereservations.com\/es\/wp-json\/wp\/v2\/pages"}],"about":[{"href":"https:\/\/www.westgatereservations.com\/es\/wp-json\/wp\/v2\/types\/page"}],"author":[{"embeddable":true,"href":"https:\/\/www.westgatereservations.com\/es\/wp-json\/wp\/v2\/users\/2"}],"replies":[{"embeddable":true,"href":"https:\/\/www.westgatereservations.com\/es\/wp-json\/wp\/v2\/comments?post=17448"}],"version-history":[{"count":0,"href":"https:\/\/www.westgatereservations.com\/es\/wp-json\/wp\/v2\/pages\/17448\/revisions"}],"up":[{"embeddable":true,"href":"https:\/\/www.westgatereservations.com\/es\/wp-json\/wp\/v2\/pages\/17156"}],"wp:attachment":[{"href":"https:\/\/www.westgatereservations.com\/es\/wp-json\/wp\/v2\/media?parent=17448"}],"curies":[{"name":"wp","href":"https:\/\/api.w.org\/{rel}","templated":true}]}}