{"id":17445,"date":"2018-03-26T16:51:47","date_gmt":"2018-03-26T20:51:47","guid":{"rendered":"https:\/\/www.westgatereservations.com\/cocoa-beach\/places-to-stay\/"},"modified":"2020-03-04T15:22:20","modified_gmt":"2020-03-04T20:22:20","slug":"places-to-stay","status":"publish","type":"page","link":"https:\/\/www.westgatereservations.com\/es\/cocoa-beach\/places-to-stay\/","title":{"rendered":"Places to Stay in Cocoa Beach"},"content":{"rendered":"<section role=\"contentinfo\">\r\n    <img decoding=\"async\" src=\"https:\/\/westgatecdn.com\/2019\/08\/cocoa-beach-places-to-stay.jpg\" alt=\"Lugares para alojarse en Cocoa Beach\" class=\"x-visible-phone\">\r\n    <div class=\"x-container max width mtl\">\r\n        [gap size=\"3em\" class=\"x-hidden-phone\"]\r\n            <div class=\"x-column x-sm x-1-2 x-1-2-push rel last\">\r\n               <img decoding=\"async\" src=\"https:\/\/westgatecdn.com\/2019\/08\/cocoa-beach-places-to-stay.jpg\" alt=\"Lugares para alojarse en Cocoa Beach\" class=\"x-hidden-phone\">\r\n               [clear]\r\n            <\/div>\r\n            <div class=\"x-column x-sm x-1-2 x-1-2-pull rel\">\r\n                [gap size=\"1em\" class=\"x-visible-phone\"]\r\n                <h1 class=\"h3 man mbs\">Lugares para alojarse en Cocoa Beach\r\n<\/h1>\r\n                <p>Cocoa Beach est\u00e1 a s\u00f3lo una hora manejando desde Orlando y el lugar ofrece una variedad excepcional de atracciones divertidas para la familia. Por supuesto, la m\u00e1s grande y mejor atracci\u00f3n es la playa misma - donde usted encontrar\u00e1 mucha luz del sol, arena blanca y las olas tentadoras del Oc\u00e9ano Atl\u00e1ntico.\r\n <\/p>\r\n                <div class=\"x-container stack-center-m icon-nav light\">\r\n                    <div class=\"x-column x-not-sm x-1-3\">\r\n                        [phone_link class=\"inheritcolor\"]\r\n                            <i class=\"fas fa-phone fa-2x left-stack-m focus\"><\/i>\r\n                            <div class=\"left-stack-m mrm\" style=\"height:10px;\">&nbsp;<\/div>\r\n                            <p class=\"x-visible-phone mts\">\r\n                                <strong>\u00a1Llame para<br\/> reservar<\/strong>\r\n                            <\/p>\r\n                            <p class=\"x-hidden-phone font-120\" style=\"line-height: 3em;\">\r\n                                <strong>\u00a1Llame para reservar!<\/strong>\r\n                                <span>[tel]<\/span>\r\n                            <\/p>\r\n                        [\/phone_link]\r\n                        [clear]\r\n                    <\/div>\r\n                    <div class=\"x-column x-not-sm x-1-3\">\r\n                        [subscribe modal=\"true\" trigger=\"link\" show_name=\"true\" trigger_class=\"inheritcolor\"]\r\n                            <i class=\"fas fa-envelope fa-2x left-stack-m\"><\/i>\r\n                            <div class=\"left-stack-m mrm\" style=\"height:10px;\">&nbsp;<\/div>\r\n                            <p class=\"x-visible-phone mts\">\r\n                                <strong> \u00a1Reg\u00edstrese<br\/> para ofertas! <\/strong>\r\n                            <\/p>\r\n                            <p class=\"x-hidden-phone font-120\" style=\"line-height: 3em;\">\r\n                                <strong> \u00a1Reg\u00edstrese para ofertas! <\/strong>\r\n                                <span> Ahorre hasta un 40%.<\/span>\r\n                            <\/p>\r\n                        [\/subscribe]\r\n                        [clear]\r\n                    <\/div>\r\n                    <div class=\"x-column x-not-sm x-1-3 last\">\r\n                        <a href=\"#\"; onclick=\"SnapEngage.startLink();\" class=\"inheritcolor\">\r\n                            <i class=\"fas fa-comment-alt fa-2x left-stack-m\"><\/i>\r\n                            <div class=\"left-stack-m mrm\" style=\"height:10px;\">&nbsp;<\/div>\r\n                            <p class=\"x-visible-phone mts\">\r\n                                <strong>Hable con<br\/> un agente<\/strong>\r\n                            <\/p>\r\n                            <p class=\"x-hidden-phone font-120\" style=\"line-height: 3em;\">\r\n                                <strong>Chat en vivo.<\/strong>\r\n                                <span>Hable con un agente<\/span>\r\n                            <\/p>\r\n                        <\/a>\r\n                        [clear]\r\n                    <\/div>\r\n                <\/div>\r\n            <\/div>\r\n            [clear]\r\n        [gap size=\"2em\"]\r\n    <\/div>\r\n<\/section>\r\n[gap size=\"3em\" class=\"x-hidden-phone\"]\r\n<section role=\"search\">\r\n    <div class=\"availability-search x-content-band marginless-columns\">\r\n        <div class=\"x-container max width pbm ptm\">\r\n            <div class=\"x-column x-sm x-1-4\" style=\"vertical-align: middle;\">\r\n                <p class=\"h3 man white\">Encuentre un Parador en Cocoa Beach<\/p>\r\n            <\/div>\r\n            <div class=\"x-column x-sm x-3-4 last\">\r\n                [search-availability layout=\"horizontal\" destination=\"Cocoa Beach\" hide_title=\"true\" class=\"no-bg pan\"]\r\n            <\/div>\r\n        <\/div>\r\n    <\/div>\r\n<\/section>\r\n\r\n\r\n\r\n\r\n  <div class=\"x-container max width mtl mbs\">\r\n        [gap size=\"3em\" class=\"x-hidden-phone\"]\r\n            <div class=\"x-column x-sm x-1-2 x-1-2-push rel last\">\r\n            <div>\r\n[google_map lat=\"28.351394\" lng=\"-80.608514\" zoom=\"9\" zoom_control=\"true\" drag=\"true\" height=\"350px\" no_container=\"true\" class=\"mbn\"]\r\n[google_map_marker image=\"https:\/\/westgatecdn.com\/2015\/07\/marker-resort.png\" lat=\"28.351394\" lng=\"-80.608514\" info=\"Wakulla Suites\"][\/google_map_marker]\r\n[google_map_marker image=\"https:\/\/westgatecdn.com\/2015\/08\/Family-Activity.png\" lat=\"28.523510\" lng=\"-80.682721\" info=\"Kennedy Space Center\"][\/google_map_marker]\r\n[google_map_marker image=\"https:\/\/westgatecdn.com\/2015\/07\/shopping-marker1.png\" lat=\"28.332016\" lng=\"-80.611723\" info=\"Ron Jon's Surf Shop\"][\/google_map_marker]\r\n[google_map_marker image=\"https:\/\/westgatecdn.com\/2015\/08\/Family-Activity.png\" lat=\"28.367760\" lng=\"-80.603022\" info=\"Cocoa Beach Pier\"][\/google_map_marker]\r\n[google_map_marker image=\"https:\/\/westgatecdn.com\/2015\/08\/Family-Activity.png\" lat=\"28.224782\" lng=\"-80.713500\" info=\"Brevard Zoo\"][\/google_map_marker]\r\n[\/google_map]\r\n<\/div> \r\n               [clear]\r\n            <\/div>\r\n            <div class=\"x-column x-sm x-1-2 x-1-2-pull rel\">\r\n                [gap size=\"1em\" class=\"x-visible-phone\"]\r\n                <h2 class=\"h3 man mbs\">\u00bfPor qu\u00e9 vacacionar en Cocoa Beach?\r\n<\/h2>\r\n              <p class=\"mtl\">\r\n[dropcap]N[\/dropcap]o hay vacaciones tan relajantes como unas vacaciones en la playa. Y si se dirige a Cocoa Beach, Florida, no hay nada mejor que un hotel frente a la playa con vistas al mar. Hay muchos paradores y suites frente al mar en Cocoa Beach y la mayor\u00eda de los hoteles, posadas, alquileres de condominios y alquileres de vacaciones en Cocoa Beach est\u00e1n perfectamente localizados cerca de las atracciones populares para la familia, de las tiendas, restaurantes y la vida nocturna..\r\n<\/p>\r\n\r\n<p>\r\n Una estad\u00eda en Cocoa Beach tambi\u00e9n permite f\u00e1cil acceso a Puerto Ca\u00f1averal, hogar de una amplia gama de grandes barcos cruceros. Tome un crucero o s\u00f3lo mire los barcos entrar y salir de Puerto Ca\u00f1averal. Durante todo el a\u00f1o Puerto Ca\u00f1averal es el hogar de las l\u00edneas de cruceros Disney, Carnival y Royal Caribbean.\r\n<\/p>\r\n               \r\n            <\/div>\r\n            [clear]\r\n        [gap size=\"2em\"]\r\n    <\/div>\r\n\r\n[line]\r\n \r\n<section role=\"contentinfo\">\r\n    <div>\r\n        [container class=\"pbl\"]\r\n            <h3 id=\"resorts\" class=\"mbm left-text\" id=\"specials\">Los mejores Hoteles y Paradores en Cocoa Beach<\/h3>\r\n   \r\n        [clear]\r\n            <div class=\"cards\">\r\n[resorts ids=\"12523\"]\r\n\r\n            <\/div>\r\n            [gap size=\"1em\"]\r\n        [\/container]\r\n    <\/div>\r\n<\/section>\r\n\r\n<div style=\"background: #efefef;\">\r\n    [container class=\"ptl pbl\"]\r\n    <h3 class=\"h3 mbm center-text\" id=\"specials\">Paquetes de vacaciones en Cocoa Beach\r\n\r\n<\/h3>\r\n[specials ids=\"12882,12893,14999\"]\r\n    [\/container]\r\n<\/div>\r\n\r\n\r\n\r\n<div class=\"x-container max width ptl pbs\">\r\n    <h4 class=\"h3 center-text\" id=\"explore\">Explore lo que Cocoa Beach tiene para ofrecer\r\n<\/h4>\r\n    <div class=\"ptl pbs\">\r\n       [tab_nav type=\"four-up\"]\r\n       [tab_nav_item title=\"Alojarse\" active=\"true\"]\r\n       [tab_nav_item title=\"Comer\" active=\"\"]\r\n       [tab_nav_item title=\"Beber\" active=\"\"]\r\n       [tab_nav_item title=\"Hacer\" active=\"\"]\r\n       [\/tab_nav]\r\n       [tabs]\r\n       [tab active=\"true\"] \r\n       \r\n <h4 class=\"h4 mtn font-100\">Cocoa Beach, FL: [highlight]Alojarse[\/highlight]<\/h4>\r\n\r\n<div>[column type=\"one-third\"]\r\n[image class=\"resort-gallery-img interior\" src=\"https:\/\/westgatecdn.com\/2017\/12\/Wakulla-Suites-beach.jpg\" alt=\"Wakulla Suites Beachfront Resort in Cocoa Beach | Cocoa Beach Hotel\" type=\"thumbnail\" link=\"true\" href=\"https:\/\/westgatecdn.com\/2017\/12\/Wakulla-Suites-beach.jpg\" title=\"Wakulla Suites Beachfront Resort in Cocoa Beach\"]\r\n[\/column]\r\n[column type=\"one-third\"]\r\n[image class=\"resort-gallery-img interior\" src=\"https:\/\/westgatecdn.com\/2017\/12\/Wakulla-Suites-2br-master-bedroom.jpg\" alt=\"Wakulla Suites In Cocoa Beach Master Bedroom\" type=\"thumbnail\" link=\"true\" href=\"https:\/\/westgatecdn.com\/2017\/12\/Wakulla-Suites-2br-master-bedroom.jpg\" title=\"Wakulla Suites In Cocoa Beach Master Bedroom\"]\r\n[\/column]\r\n[column type=\"one-third\" last=\"true\"]\r\n[image class=\"resort-gallery-img interior\" src=\"https:\/\/westgatecdn.com\/2017\/12\/Wakulla-Suites-2br-living-room.jpg\" alt=\"Places to Stay in Cocoa Beach | Westgate Cocoa Beach Resort\" type=\"thumbnail\" link=\"true\" href=\"https:\/\/westgatecdn.com\/2017\/12\/Wakulla-Suites-2br-living-room.jpg\" title=\"\"]\r\n[\/column]<\/div>\r\n[clear]\r\n[lightbox selector=\".resort-gallery-img\" deeplink=\"\" opacity=\"0.875\" prev_scale=\"0.75\" prev_opacity=\"0.75\" next_scale=\"0.75\" next_opacity=\"0.75\" orientation=\"horizontal\" thumbnails=\"true\"]\r\n\r\n<p>Uno de los destinos favoritos en Cocoa, Florida es es Parador Westgate Cocoa Beach, convenientemente localizado en el coraz\u00f3n de Cocoa Beach cerca de  ic\u00f3nico Ron Jon Surf Shop. Este parador junto a la playa, para no fumadores y que admite mascotas, ofrece habitaciones c\u00f3modas, y una excelente localizaci\u00f3n a pocos pasos del divertido Muelle de Cocoa Beach.       <\/p>\r\n\r\n<p>Disfrute the habitaciones de dos camas libres de humo y muchas comodidades incluyendo una piscina al aire libre, f\u00e1cil registro y salida del hotel, estacionamiento gratis, mostrador 24 horas, Wi-Fi de alta velocidad, parrillas de barbacoa, voleibol playero, juego de tejo, tienda de recordatorios, alquiler de equipo playero, y un hermoso patio con jard\u00edn tropical con \u00e1rboles frutales floreciendo, bamb\u00faes, palmas, hibiscos, aves del para\u00edso. Adem\u00e1s de la piscina, hay una piscina infantil, y tendr\u00e1 acceso f\u00e1cil y directo a la playa donde puede disfrutar del surf y de la arena a lo largo del Oc\u00e9ano Atl\u00e1ntico. Las c\u00f3modas y espaciosas suites y las habitaciones de hu\u00e9spedes est\u00e1n hermosamente decoradas y ofrecen cocinas completamente equipadas con horno y estufa, horno microhondas, tostadora, cafetera y nevera. Pregunte por las \u00faltimas ofertas especiales y otras opciones de servicio completo.  <\/p>\r\n\r\n<p>Entre los muchos alojamientos en Cocoa Beach a lo largo de la Avenida principal Atl\u00e1ntico Norte, usted encontrar\u00e1 una amplia gama de hoteles incluyendo Wakulla Suites, Cocoa Beach Suites, Discovery Beach Resort, La Quinta Inn & Suites Cocoa Beach Oceanfront y otras opciones asequibles. <\/p>\r\n\r\n\r\n       [\/tab]\r\n       [tab] \r\n\r\n\r\n\r\n      <h4 class=\"h4 mtn font-100\">Cocoa Beach, FL: [highlight]Comer[\/highlight]<\/h4>\r\n\r\n\r\n<div>\r\n<div class=\"x-column x-sm x-1-3\">\r\n<img decoding=\"async\" class=\"x-img-thumbnail\" src=\"https:\/\/westgatecdn.com\/2017\/12\/rikki-tiki-tavern.jpg\" alt=\"Rikki Tiki Tavern at the Cocoa Beach Pier\">\r\n<h6 class=\"h-custom-headline accent\"><span>Rikki Tiki Tavern<\/span><\/h6> \r\n<\/div>\r\n<div class=\"x-column x-sm x-1-3\">\r\n<img decoding=\"async\" class=\"x-img-thumbnail\" src=\"https:\/\/westgatecdn.com\/2017\/12\/pelicans-bar-and-grill.jpg\" alt=\"Pelican's Bar in Cocoa Beach, FL \">\r\n<h6 class=\"h-custom-headline accent\"><span>Pelican's Bar<\/span><\/h6> \r\n<\/div>\r\n<div class=\"x-column x-sm x-1-3\">\r\n<img decoding=\"async\" class=\"x-img-thumbnail\" src=\"https:\/\/westgatecdn.com\/2017\/12\/keiths-oyster-bar.jpg\" alt=\"Keith's Oyster Bar in Cocoa Beach, FL\">\r\n<h6 class=\"h-custom-headline accent\"><span>Keith's Oyster Bar<\/span><\/h6> \r\n<\/div>\r\n<\/div>\r\n\r\n<p>Como se podr\u00eda esperar, Cocoa Beach est\u00e1 repleto de marisquer\u00edas excepcionales as\u00ed como de una amplia gama de restaurantes familiares que van desde pizza, sushi y mejicano a italiano, c\u00f3mida r\u00e1pida y comida japonesa. Elija entre restaurantes tales como Gregory's Steak & Seafood, The Fat Snook, Pompano Grill, Fat Kahuna's Beachside Grill, The Tiny Turtle, Rock the Guac, Barrier Jack's y muchos m\u00e1s.  <\/p>\r\n\r\n<p>Uno de los lugares m\u00e1s populares para cenar en Cocoa Beach is el ic\u00f3nico Muelle Cocoa Beach. Extendi\u00e9ndose 800 pies sobre el Oc\u00e9ano Atl\u00e1ntico, el muelle combina una variedad de opciones de cena con unas espectaculares vistas al mar. Las opciones incluyen Pelicans Bar & Grill, Rikki Tiki Tavern, The Boardwalk Bar, Keith's Oyster Bar y Sea Dogs.<\/p>\r\n\r\n       [\/tab]\r\n       [tab] \r\n       <h4 class=\"h4 mtn font-100\">Cocoa Beach, FL: [highlight]Beber[\/highlight]<\/h4>\r\n\r\n<div>\r\n<div class=\"x-column x-sm x-1-3\">\r\n<img decoding=\"async\" class=\"x-img-thumbnail\" src=\"https:\/\/westgatecdn.com\/2018\/04\/longboards.jpg\" alt=\"Longboards tiki beach grille on the Cocoa Beach Pier\">\r\n<h6 class=\"h-custom-headline accent\"><span>Longboards Tiki Beach Grille<\/span><\/h6> \r\n<\/div>\r\n<div class=\"x-column x-sm x-1-3\">\r\n<img decoding=\"async\" class=\"x-img-thumbnail\" src=\"https:\/\/westgatecdn.com\/2018\/04\/twin-finnegans.jpg\" alt=\"Twin Finnegans in Cocoa Beach, FL\">\r\n<h6 class=\"h-custom-headline accent\"><span>Twin Finnegans<\/span><\/h6> \r\n<\/div>\r\n<div class=\"x-column x-sm x-1-3\">\r\n<img decoding=\"async\" class=\"x-img-thumbnail\" src=\"https:\/\/westgatecdn.com\/2018\/04\/time-out-sports-bar.jpg\" alt=\"Timeout Sports Bar in Cocoa Beach\">\r\n<h6 class=\"h-custom-headline accent\"><span>Time Out Sports Bar<\/span><\/h6> \r\n<\/div>\r\n<\/div>\r\n\r\n<p>El Muelle Cocoa Beach es un gran lugar para tomar un cerveza o un coct\u00e9l y relajarse. Pero hay muchas m\u00e1s opciones para tomar un trago mientras disfruta las vistas al mar.\u00a0 Algunos de los mejores lugares de reuni\u00f3n incluyen Longboards Tiki Beach Grille, Twin Finnegans, el Sandbar Sports Grill, Coconuts on the Beach, Time Out Sports Bar, Jumps Tiny Tavern y Cocoa Beach Casablanca.<\/p>\r\n       [\/tab]\r\n       [tab] \r\n       <div class=\"x-container\">\r\n<h4 class=\"h4 mtn font-100\">Cocoa Beach, FL: [highlight]DO[\/highlight]<\/h4>\r\n [column type=\"2\/5\" fade=\"true\" fade_animation=\"in-from-top\" fade_animation_offset=\"40px\"]\r\n                    <img decoding=\"async\" class=\"mtm\" alt=\"Things to do in Cocoa Beach - Relax at the beach\" src=\"https:\/\/westgatecdn.com\/2019\/07\/cocoa-beach-fun.jpg\" >\r\n                [\/column]\r\n                [column type=\"3\/5\" fade=\"true\" fade_animation=\"in-from-top\" fade_animation_offset=\"40px\" last=\"true\"]\r\n                    [gap size=\"2em\" class=\"x-visible-phone\"]\r\n                    <h5 class=\"mtn mbm\">Explore Cocoa Beach<\/h5>\r\n                   <p> \u00a1Localizada a lo largo de la espectacular Costa Espacial en Brevard County, Cocoa Beach, Florida tiene mucho para hacer y hay algo para disfrutar para cada uno de la familia! Cocoa est\u00e1 a solo unas millas de Cabo Ca\u00f1averal y una escapada a Cabo Ca\u00f1averal no est\u00e1 completa sin una visita al Centro Espacial Kennedy. No hay una mejor manera de explorar las maravillas del espacio y los viajes al espacio que visitando el Complejo de Visitantes del Centro Espacial Kennedy. \u00a1Es un gran lugar para ver de cerca cohetes y transbordadores al espacio, recorrer las instalaciones de lanzamiento y hasta conocer un astronaura real!<\/p>\r\n<p>Otras atracciones en el \u00e1rea incluyen:<\/p>\r\n\r\n[columnize]\r\n<ul> \r\n<li>Ron Jon Surf Shop<\/li>\r\n<li>Dinosaur Store & Adventure Zone<\/li>\r\n<li>Golf N Gator Miniature Golf<\/li>\r\n<li>Brevard Zoo<\/li>\r\n<\/ul>\r\n[\/columnize]\r\n                [\/column]\r\n                [clear]\r\n                [line]\r\n                [column type=\"2\/5\" fade=\"true\" fade_animation=\"in-from-top\" fade_animation_offset=\"40px\"]\r\n                    <img decoding=\"async\" class=\"mtm\" alt=\"Kennedy Space Center\" src=\"https:\/\/westgatecdn.com\/2017\/12\/kennedy-space-center.jpg\">\r\n                [\/column]\r\n                [column type=\"3\/5\" fade=\"true\" fade_animation=\"in-from-top\" fade_animation_offset=\"40px\" last=\"true\"]\r\n                    [gap size=\"2em\" class=\"x-visible-phone\"]\r\n                    <h5 class=\"mtn mbm\">Centro Espacial Kennedy<\/h5>\r\n                      <p>Aprende todo lo que hay que saber acerca de La Carrera a la Luna, explora los logros de astronauras legendarios, toma una excursi\u00f3n tras bastidores, explora un transbordador espacial, y descubre la historia tras el Mercury, Gemini, Apollo y los programas de transporte. De un paseo por el jard\u00edn de cohetes, explore el sal\u00f3n de la fama de los Astronautas americanos, vea una pel\u00edcula del primer aterrizaje lunar, experimente los m\u00f3dulos y la microgravedad en la Estaci\u00f3n Espacial Internacional, echa un vistazo a un veh\u00edculo explorador de Marte, o experimente las vistas, sonidos y sensaciones de cuando se vuela al espacio dentro de un transbordador espacial.<\/p>\r\n\r\n                [\/column]\r\n                [clear]\r\n                [line]\r\n                [column type=\"2\/5\" fade=\"true\" fade_animation=\"in-from-top\" fade_animation_offset=\"40px\"]\r\n                    <img decoding=\"async\" class=\"mtm\" alt=\"\u00a1Surfing en Cocoa Beach\" src=\"https:\/\/westgatecdn.com\/2018\/03\/cocoa-beach-surfing.jpg\">\r\n                [\/column]\r\n                [column type=\"3\/5\" fade=\"true\" fade_animation=\"in-from-top\" fade_animation_offset=\"40px\" last=\"true\"]\r\n                    [gap size=\"2em\" class=\"x-visible-phone\"]\r\n                    <h5 class=\"mtn mbm\">Surfing<\/h5>\r\n                         <p>Cuando usted se queda en la playa, usted quiere hacer lo que los locales hacen y experimentar las grandes alegr\u00edas del surfing en Cocoa Beach! Como la capital del surfing de la costa este, Cocoa Beach es un excelente lugar para alcanzar las mejores olas que se pueden encontrar en el Atl\u00e1ntico.Compruebe sus destrezas haciendo el hang ten o simplemente llegue al Muelle Cocoa Beach para ver a otros. Incluso podr\u00eda ver alguna de las mejores competencias de surfing que se celebran anualmente cerca del muelle.<\/p>\r\n\r\n                [\/column]\r\n                [clear]\r\n            <\/div>\r\n       [\/tab]\r\n       [\/tabs]\r\n    <\/div>\r\n    [gap size=\"3em\"]\r\n<\/div>\r\n\r\n\r\n\r\n\r\n\r\n<!-- cta bar -->\r\n<section role=\"contentinfo\">\r\n    <div style=\"background: #232c35;\">\r\n        <div class=\"x-container max width\">\r\n            [gap size=\"1em\"]\r\n            <div class=\"x-column x-sm x-2-3 white stack-center-m pas\">\r\n                <h5 class=\"font-lighter white man\">Unase a los Paradores Westgate en sus pr\u00f3simas vacaciones familiares en Disney.<\/h5>\r\n                <p>\u00a1Al\u00f3jese s\u00f3lo a unas pocas millas de Disney y ahorre hasta un 70% en sus boletos hoy! \r\n\r\n<\/p>\r\n            <\/div>\r\n            <div class=\"x-column x-sm x-1-3 pam last\">\r\n                [phone_link class=\"x-btn x-btn-block btn-orange\"]Llama al [tel][\/phone_link]\r\n            <\/div>\r\n        <\/div>\r\n    <\/div>\r\n<\/section>\r\n<!-- additional links -->\r\n<section role=\"contentinfo\">\r\n    <div class=\"x-container max width pbl mtl\">\r\n          <div class=\"x-container max width pbl mtl\">\r\n        <h5 class=\"h5 mtn\">Enlaces Adiccionales de Cocoa Beach<\/h5>\r\n[columnize]\r\n<ul> \r\n<li><a href=\"\/es\/cocoa-beach\/\">Planifica tus Vacaciones en Cocoa Beach<\/a><\/li>\r\n<li><a href=\"\/es\/cocoa-beach\/vacation-packages\/\">Encuentra los Mejores Paquetes Vacacionales de Cocoa Beach<\/a><\/li>\r\n<li><a href=\"\/es\/cocoa-beach\/vacation-rentals\/\">Alquileres Vacacionales en Cocoa Beach<\/a><\/li>\r\n<li><a href=\"\/es\/cocoa-beach\/places-to-stay\/\">D\u00f3nde Quedarse en Cocoa Beach<\/a><\/li>\r\n<li><a href=\"\/es\/cocoa-beach\/hotels-resorts\/\">\u00bfCu\u00e1les son mis opciones de hotel en Cocoa Beach?<\/a><\/li>\r\n<\/ul>\r\n[\/columnize]\r\n    <\/div>\r\n<\/section>\r\n","protected":false},"excerpt":{"rendered":"<p>[gap size=\"3em\" class=\"x-hidden-phone\"] [clear] [gap size=\"1em\" class=\"x-visible-phone\"] Lugares para alojarse en Cocoa Beach Cocoa Beach est\u00e1 a s\u00f3lo una hora manejando desde Orlando y el lugar ofrece una variedad excepcional ... <\/p>\n<div><a href=\"https:\/\/www.westgatereservations.com\/es\/cocoa-beach\/places-to-stay\/\" class=\"more-link\">Leer M\u00e1s<\/a><\/div>\n","protected":false},"author":2,"featured_media":0,"parent":17156,"menu_order":0,"comment_status":"closed","ping_status":"closed","template":"template-blank-4.php","meta":{"footnotes":""},"_links":{"self":[{"href":"https:\/\/www.westgatereservations.com\/es\/wp-json\/wp\/v2\/pages\/17445"}],"collection":[{"href":"https:\/\/www.westgatereservations.com\/es\/wp-json\/wp\/v2\/pages"}],"about":[{"href":"https:\/\/www.westgatereservations.com\/es\/wp-json\/wp\/v2\/types\/page"}],"author":[{"embeddable":true,"href":"https:\/\/www.westgatereservations.com\/es\/wp-json\/wp\/v2\/users\/2"}],"replies":[{"embeddable":true,"href":"https:\/\/www.westgatereservations.com\/es\/wp-json\/wp\/v2\/comments?post=17445"}],"version-history":[{"count":0,"href":"https:\/\/www.westgatereservations.com\/es\/wp-json\/wp\/v2\/pages\/17445\/revisions"}],"up":[{"embeddable":true,"href":"https:\/\/www.westgatereservations.com\/es\/wp-json\/wp\/v2\/pages\/17156"}],"wp:attachment":[{"href":"https:\/\/www.westgatereservations.com\/es\/wp-json\/wp\/v2\/media?parent=17445"}],"curies":[{"name":"wp","href":"https:\/\/api.w.org\/{rel}","templated":true}]}}