{"id":17414,"date":"2019-02-25T10:28:43","date_gmt":"2019-02-25T15:28:43","guid":{"rendered":"https:\/\/www.westgatereservations.com\/vacation-deals\/best\/"},"modified":"2025-04-10T12:16:10","modified_gmt":"2025-04-10T16:16:10","slug":"best","status":"publish","type":"page","link":"https:\/\/www.westgatereservations.com\/es\/vacation-deals\/best\/","title":{"rendered":"Las Mejores Ofertas de Vacaciones"},"content":{"rendered":"<div class=\"fw-absolute ptm\">\r\n<div class=\"fw-container\">\r\n    <img class=\"banner\" ng-cloak ng-src=\"{{app.data.is_mobile && 'https:\/\/westgatecdn.com\/2019\/06\/the-best-vacation-deals.jpg' || 'https:\/\/westgatecdn.com\/2019\/06\/the-best-vacation-deals-2.jpg'}}\" alt=\"Las mejores ofertas de vacaciones\">\r\n<\/div>\r\n    <div class=\"x-container max width dshadow x-hidden-phone\" style=\"position: relative;\">\r\n        <h1 class=\"man ptm white center-text\">Las mejores ofertas de vacaciones\r\n<\/h1>\r\n        <div class=\"h5 man ptm white center-text\">Disfrute los mejores precios en los mejores destinos\r\n<\/div>\r\n        <div class=\"center-text white mbl mts\">\r\n        <span>Desde: <\/span><span class=\"h1 white\">$99<\/span> \/el paquete<\/span>\r\n        <\/div>\r\n    <\/div>\r\n    [gap size=\"1em\" class=\"x-hidden-phone\"]\r\n    <div class=\"x-container max width search-ow-resort availability-search\">\r\n        <div class=\"x-visible-phone\">\r\n            <h1 class=\"dshadow man pts white center-text\">Las mejores ofertas de vacaciones\r\n<\/h1>\r\n            <div class=\"dshadow h5 man pts white center-text\">Disfrute los mejores precios en los mejores destinos\r\n<\/div>\r\n            <div class=\"availability-horizontal center-text\">\r\n                <span class=\"no-break\"><span class=\"white\">Desde: <\/span><span class=\"price white\"><b>$99<\/b><\/span> <span class=\"white\">\/el paquete<\/span><\/span>\r\n            <\/div>\r\n        <\/div>\r\n        <div class=\"x-content-band marginless-columns mbn ptn pbn\">\r\n            <div class=\"x-container\">\r\n                [gap size=\"1em\"]\r\n            [search-availability layout=\"horizontal\" hide_title=\"true\" class=\"no-bg pan\"]\r\n                [gap size=\"1em\" class=\"x-hidden-phone\"]\r\n            <\/div>\r\n        <\/div>\r\n    <\/div>\r\n    [gap size=\"1em\" class=\"x-visible-phone\"]\r\n<\/div>\r\n\r\n\r\n\r\n<div class=\"center-text x-breadcrumb-wrap x-visible-phone\">\r\n [subscribe modal=\"true\" trigger=\"link\" show_name=\"true\" trigger_content=\"<i class=\"fas fa-envelope \" aria-hidden=\"true\"><\/i>Suscr\u00edbete para Ofertas y Descuentos Especiales\"]\r\n<\/div>\r\n<div class=\"x-container max width mtl\">\r\n    [gap size=\"1em\"]\r\n    <div class=\"x-column x-sm x-1-4\">\r\n        <div class=\"email-sidebar mbl x-hidden-phone\">\r\n            [subscribe headline=\"Suscr\u00edbete para Ofertas y Descuentos Especiales\" show_name=\"true\" class=\"pan man\" confirm_content=\"<div class='pam' style='background:#a3d2b4; color:#fff;'><h6 class='mts'>\u00a1Gracias por Suscribirte! <br\/> Recuerda verificar tu correo electr\u00f3nico<\/h6> <\/div>\"]\r\n        <\/div>\r\n        [content-block name=\"call-hours\"]\r\n    <\/div>\r\n    <div class=\"x-column x-sm x-3-4 last\">\r\n\r\n<!-- Intro -->\r\n    <h2 class=\"h3 mtn mbs stack-center-m\">Las mejores ofertas y paquetes de vacaciones<\/h2>\r\n        <div class=\"x-column x-sm x-1-3 mbm\">\r\n            <wf-scroll hash=\"orl\" class=\"x-btn x-btn-block btn-gray x-btn-transparent\">Ofertas en Orlando<\/wf-scroll>\r\n        <\/div>\r\n        <div class=\"x-column x-sm x-1-3 mbm\">\r\n            <wf-scroll hash=\"lv\" class=\"x-btn x-btn-block btn-gray x-btn-transparent\">Ofertas en Las Vegas<\/wf-scroll>\r\n        <\/div>\r\n        <div class=\"x-column x-sm x-1-3 last mbm\">\r\n            <wf-scroll hash=\"gat\" class=\"x-btn x-btn-block btn-gray x-btn-transparent\">Ofertas en Gatlinburg<\/wf-scroll>\r\n        <\/div>\r\n        [clear]\r\n        <div class=\"x-column x-sm x-1-3 mbm\">\r\n            <wf-scroll hash=\"cocoa\" class=\"x-btn x-btn-block btn-gray x-btn-transparent\">Ofertas en Cocoa <\/wf-scroll>\r\n        <\/div>\r\n        <div class=\"x-column x-sm x-1-3 mbm\">\r\n            <wf-scroll hash=\"bran\" class=\"x-btn x-btn-block btn-gray x-btn-transparent\">Ofertas en Branson <\/wf-scroll>\r\n        <\/div>\r\n        <div class=\"x-column x-sm x-1-3 last mbm\">\r\n            <wf-scroll hash=\"will\" class=\"x-btn x-btn-block btn-gray x-btn-transparent\">Ofertas en Williamsburg<\/wf-scroll>\r\n        <\/div>\r\n        [clear]\r\n        <p class=\"mtm\">Las mejores vacaciones crean los mejores recuerdos. En los Resorts de Westgate, nuestro objetivo cada vez es brindarle a usted y a su familia los mejores recuerdos de vacaciones.  Es por esto que ofrecemos los mejores precios en <a href=\"[home_url]specials\/\">paquetes de vacaciones<\/a> a los mejores destinos del pa\u00eds, incluyendo Orlando, Gatlinburg, Myrtle Beach, Cocoa Beach, Branson, Williamsburg y Las Vegas. Mire c\u00f3mo puede disfrutar una escapada espectacular a un parador con alojamiento de lujo y y una extensa lista de entretenimientos y actividades divertidas. Experimente los Resorts de Westgate y experimente las mejores vacaciones de su vida.<\/p>\r\n[line]\r\n<!--\/-->\r\n\r\n\r\n<!-- Orlando destination -->\r\n<div id=\"orl\"><\/div>\r\n    <h2 class=\"h3 mtl mbs stack-center-m\">Ofertas de vacaciones en Orlando:<\/h3>\r\n        <p>\u00a1Qu\u00e9 puede ser mejor que unas vacaciones en Orlando, FL - el hogar de Walt Disney World Resort, Universal Orlando y SeaWorld Orlando! Desde los parques tem\u00e1ticos y los parques acu\u00e1ticos a docenas de otras atracciones, adem\u00e1s las compras, las cenas y la vida nocturna, es el momento de hacer de Orlando sus mejores vacaciones.<\/p>\r\n    [specials ids=\"5663,3919,5661,5658\"] \r\n<!--\/-->\r\n[line]\r\n\r\n<!-- Disney destination -->\r\n<div id=\"lv\"><\/div>\r\n    <h3 class=\"h3 mtl mbm stack-center-m\" >Ofertas de vacaciones en Las Vegas:<\/h3>\r\n        <p>Con \u00fanicos y extraordinarios complejos de casinos y juegos de casinos, entretenimiento en vivo y asombrosos espect\u00e1culos y atracciones, usted puede descubrir sus mejores vacaciones en Las Vegas. Al\u00f3jese en facilidades de lujo justo a un bloque del mundialmente famoso Vegas Strip, logre asistir a un concierto de una super estrella o a un espect\u00e1culo de comedia, o simplemente rel\u00e1jese en una piscina tropical. Las Vegas es un destino vacacional como ning\u00fan otro.<\/p>\r\n    [specials ids=\"22581\"] \r\n<!--\/-->\r\n[line]\r\n\r\n<!-- Universal destination -->\r\n<div id=\"gat\"><\/div>\r\n    <h3 class=\"h3 mtl mbm stack-center-m\">Ofertas vacacionales en Gatlinburg:<\/h3>\r\n        <p>Cuando se trata de los mejores destinos vacacionales en Am\u00e9rica, es f\u00e1cil argumentar acerca de Gatlinburg, TN. Localizada en el coraz\u00f3n de las Great Smoky Mountains, Gatlinburg es la puerta al Parque Nacional de las Great Smoky Mountains y el hogar de las vistas a las hermosas monta\u00f1as, 800 millas de rutas de senderismo, atracciones divertidas, as\u00ed como compras, cenas, vida nocturna y m\u00e1s. <\/p>\r\n    [specials ids=\"11431\"] \r\n<!--\/-->\r\n[line]\r\n<!-- Cocoa Beach destination -->\r\n<div id=\"cocoa\"><\/div>\r\n    <h3 class=\"h3 mtl mbm stack-center-m\">Ofertas vacacionales en Cocoa Beach:<\/h3>\r\n        <p>Con seis millas de hermosas arenas blancas, Cocoa Beach ofrece algo para todos. Divi\u00e9rtase en el sol, ya sea surfing, body boarding o s\u00f3lo construyendo castillos de arena. Experimente un parador tropical frente a la playa con espaciosas suites de dos camas. Explore el espacio exterior con un viaje al cercano Complejo para Visitantes del Centro Espacial Kennedy. O coma algo observando el Muelle de Cocoa Beach.<\/p>\r\n    [specials ids=\"12893,12882\"] \r\n<!--\/-->\r\n<!-- Cocoa Beach destination -->\r\n<div id=\"bran\"><\/div>\r\n    <h3 class=\"h3 mtl mbm stack-center-m\">Ofertas vacacionales en Branson:<\/h3>\r\n        <p>Lo mejor est\u00e1 por venir cuando usted visita Branson, MO en el coraz\u00f3n de las Monta\u00f1as Ozark. Esto es porque siempre hay algo nuevo a la vuelta de la esquina. Disfrute un paseo en barco o pescar en Branson Lakes. Asiste a un espect\u00e1culo en vivo de m\u00fasica y entretenimiento a magia y comedia. O m\u00f3ntese en las monta\u00f1as rusas en el parque tem\u00e1tico Silver Dollar City.<\/p>\r\n    [specials ids=\"5641\"] \r\n<!--\/-->\r\n<!-- Cocoa Beach destination -->\r\n<div id=\"will\"><\/div>\r\n    <h3 class=\"h3 mtl mbm stack-center-m\">Ofertas vacacionales en Williamsburg:<\/h3>\r\n        <p>Williamsburg ofrece lo mejor del pasado y del presente. Explore el museo de historia viva m\u00e1s grande del pa\u00eds en Colonial Williamsburg, con edificios y recreaciones hist\u00f3ricas. Luego visite el presente en Busch Gardens Williamsburg con sus monta\u00f1as rusas futuristas y su pasaijismo que hace este parque el m\u00e1s hermoso del mundo.<\/p>\r\n    [specials ids=\"5666\"] \r\n<!--\/-->\r\n<!-- Cocoa Beach destination -->\r\n<div id=\"myrtle\"><\/div>\r\n    <h3 class=\"h3 mtl mbm stack-center-m\">Ofertas vacacionales en Myrtle Beach:<\/h3>\r\n        <p>Las mejores vacaciones en la playa abarcan m\u00e1s que la playa. De seguro, usted tendr\u00e1 mucha diversi\u00f3n en el sol en la hermosa Myrtle Beach, localizada en el Oc\u00e9ano Atl\u00e1ntico. Pero usted tambi\u00e9n encontrar\u00e1, muchas otras actividades, incluyendo parques tem\u00e1ticos, campeonatos de golf, compras, cenas y docenas de atracciones y entretenimiento familiar.<\/p>\r\n    [specials ids=\"5654\"] \r\n<!--\/-->\r\n    <\/div>\r\n    [clear]\r\n    [gap size=\"2em\"]\r\n<\/div>\r\n<!----->\r\n<div style=\"background: #efefef;\">\r\n    <div class=\"x-container max width ptl pbl center-text\">\r\n<h3>Comience a planificar sus mejores vacaciones<\/h3>\r\n<p>\u00a1Revise nuestros m\u00e1s recientes blogs de vacaciones y mire c\u00f3mo puede planificar su mejor aventura vacacional! <\/p>\r\n[recent_posts count=\"3\" ]\r\n\r\n[gap size=\"2em\"]\r\n      \r\n    <\/div>\r\n<\/div>\r\n<!-- call banner-->\r\n<div style=\"background: #232c35;\">\r\n    <div class=\"x-container max width\">\r\n        [gap size=\"1em\"]\r\n        <div class=\"x-column x-sm x-2-3 white stack-center-m pas\">\r\n            <h5 class=\"font-lighter white man\">Reserve hoy sus mejores vacaciones<\/h5>\r\n            <p>\u00a1Llame ahora para los \u00faltimos descuentos en su elecci\u00f3n de paquetes vacacionales!<\/p>\r\n        <\/div>\r\n        <div class=\"x-column x-sm x-1-3 pam last\">\r\n            [phone_link class=\"x-btn x-btn-block btn-orange\"]Llame al [tel][\/phone_link]\r\n            [gap size=\"1em\" class=\"x-visible-phone\"]\r\n        <\/div>\r\n    <\/div>\r\n<\/div>\r\n<!--\/call banner-->\r\n<!-- Recommended Vacation Destinations -->\r\n[container]\r\n<div class=\"x-container max width\">\r\n    [gap size=\"3em\"]\r\n[line]\r\n<div style=\"background: #efefef; padding: 10px 20px 10px 20px;\">\r\n<h5 class=\"mbs mtn h4\">Popular Vacation Deals For You:<\/h5>\r\n                <div class=\"x-column x-sm x-1-4\">\r\n<h6 class=\"mbs mtn\"><i class=\"far fa-compass\"><\/i> Destinations near You<\/h6>\r\n<ul style=\"list-style-type:none;\" >\r\n<li><a href=\"\/vacation-deals\/myrtle-beach\/\" class=\"inheritcolor\"><i class=\"fas fa-angle-right\"><\/i> Myrtle Beach Vacation Deals<\/a><\/li>\r\n<li><a href=\"\/vacation-deals\/vegas\/\" class=\"inheritcolor\"><i class=\"fas fa-angle-right\"><\/i> Vegas Vacation Deals<\/a><\/li>\r\n<li><a href=\"\/vacation-deals\/orlando\/\" class=\"inheritcolor\"><i class=\"fas fa-angle-right\"><\/i> Orlando Vacation Deals<\/a><\/li>\r\n<li><a href=\"\/vacation-deals\/gatlinburg\/\" class=\"inheritcolor\"><i class=\"fas fa-angle-right\"><\/i> Gatlinburg Vacation Deals<\/a><\/li>\r\n<li><a href=\"\/vacation-deals\/florida\/\" class=\"inheritcolor\"><i class=\"fas fa-angle-right\"><\/i> Florida Vacation Deals<\/a><\/li>\r\n<li><a href=\"\/vacation-deals\/usa\/\" class=\"inheritcolor\"><i class=\"fas fa-angle-right\"><\/i> USA Vacation Deals<\/a><\/li>\r\n<\/ul>\r\n        <\/div>\r\n        <div class=\"x-column x-sm x-1-4\">\r\n<h6 class=\"mbs mtn\"><i class=\"fas fa-chart-line\"><\/i> See What's Trending<\/h6>\r\n<ul style=\"list-style-type:none;\">\r\n<li><a href=\"\/vacation-deals\/beach\/\" class=\"inheritcolor\"><i class=\"fas fa-angle-right\"><\/i> Beach Vacation Deals<\/a><\/li>\r\n<li><a href=\"\/vacation-deals\/couples\/\" class=\"inheritcolor\"><i class=\"fas fa-angle-right\"><\/i> Couples Vacation Deals<\/a><\/li>\r\n<li><a href=\"\/vacation-deals\/family\/\" class=\"inheritcolor\"><i class=\"fas fa-angle-right\"><\/i> Family Vacation Deals<\/a><\/li>\r\n<li><a href=\"\/vacation-deals\/summer\/\" class=\"inheritcolor\"><i class=\"fas fa-angle-right\"><\/i> Summer Vacation Deals<\/a><\/li>\r\n<li><a href=\"\/vacation-deals\/spring\/\" class=\"inheritcolor\"><i class=\"fas fa-angle-right\"><\/i> Spring Vacation Deals<\/a><\/li>\r\n<li><a href=\"\/vacation-deals\/fall\/\" class=\"inheritcolor\"><i class=\"fas fa-angle-right\"><\/i> Fall Vacation Deals<\/a><\/li>\r\n<\/ul>\r\n        <\/div>\r\n        <div class=\"x-column x-sm x-1-4\">\r\n<h6 class=\"mbs mtn\"><i class=\"fas fa-dollar-sign\"><\/i> Get the Latest Deals<\/h6>\r\n<ul style=\"list-style-type:none;\">\r\n<li><a href=\"\/vacation-deals\/cheap\/\" class=\"inheritcolor\"><i class=\"fas fa-angle-right\"><\/i> Cheap Vacation Deals<\/a><\/li>\r\n<li><a href=\"\/vacation-deals\/timeshare\/\" class=\"inheritcolor\"><i class=\"fas fa-angle-right\"><\/i> Timeshare Vacation Deals<\/a><\/li>\r\n<li><a href=\"\/vacation-deals\/weekend\/\" class=\"inheritcolor\"><i class=\"fas fa-angle-right\"><\/i> Weekend Vacation Deals<\/a><\/li>\r\n<li><a href=\"\/vacation-deals\/last-minute\/\" class=\"inheritcolor\"><i class=\"fas fa-angle-right\"><\/i> Last Minute Vacation Deals<\/a><\/li>\r\n<li><a href=\"\/vacation-deals\/hot\/\" class=\"inheritcolor\"><i class=\"fas fa-angle-right\"><\/i> Hot Vacation Deals<\/a><\/li>\r\n<\/ul>\r\n        <\/div>\r\n\r\n        <div class=\"x-column x-sm x-1-4 last\">\r\n<h6 class=\"mbs mtn\"><i class=\"fas fa-clipboard-list\"><\/i> Plan your Trip<\/h6>\r\n<ul style=\"list-style-type:none;\">\r\n<li><a href=\"\/vacation-deals\/june\/\" class=\"inheritcolor\"><i class=\"fas fa-angle-right\"><\/i> June Vacation Deals<\/a><\/li>\r\n<li><a href=\"\/vacation-deals\/july\/\" class=\"inheritcolor\"><i class=\"fas fa-angle-right\"><\/i> July Vacation Deals<\/a><\/li>\r\n<li><a href=\"\/vacation-deals\/october\/\" class=\"inheritcolor\"><i class=\"fas fa-angle-right\"><\/i> October Vacation Deals<\/a><\/li>\r\n<li><a href=\"\/vacation-deals\/september\/\" class=\"inheritcolor\"><i class=\"fas fa-angle-right\"><\/i> September Vacation Deals<\/a><\/li>\r\n<li><a href=\"\/vacation-deals\/december\/\" class=\"inheritcolor\"><i class=\"fas fa-angle-right\"><\/i> December Vacation Deals<\/a><\/li>\r\n<\/ul>\r\n         <\/div>\r\n         [clear]\r\n         <div style=\"text-align: center;\" class=\"mtm\">\r\n         <a href=\"\/vacation-deals\/\">SEE ALL VACATION DEALS<\/a>\r\n        <\/div>\r\n<\/div>\r\n[line]\r\n<\/div>\r\n    [gap size=\"3em\"]\r\n[\/container]","protected":false},"excerpt":{"rendered":"<p>Experience the best vacation deals with a discount vacation package at Westgate Resorts. Enjoy luxury villas in many of America's most popular destinations. <\/p>\n","protected":false},"author":9,"featured_media":0,"parent":16484,"menu_order":0,"comment_status":"closed","ping_status":"closed","template":"template-blank-4.php","meta":{"footnotes":""},"_links":{"self":[{"href":"https:\/\/www.westgatereservations.com\/es\/wp-json\/wp\/v2\/pages\/17414"}],"collection":[{"href":"https:\/\/www.westgatereservations.com\/es\/wp-json\/wp\/v2\/pages"}],"about":[{"href":"https:\/\/www.westgatereservations.com\/es\/wp-json\/wp\/v2\/types\/page"}],"author":[{"embeddable":true,"href":"https:\/\/www.westgatereservations.com\/es\/wp-json\/wp\/v2\/users\/9"}],"replies":[{"embeddable":true,"href":"https:\/\/www.westgatereservations.com\/es\/wp-json\/wp\/v2\/comments?post=17414"}],"version-history":[{"count":0,"href":"https:\/\/www.westgatereservations.com\/es\/wp-json\/wp\/v2\/pages\/17414\/revisions"}],"up":[{"embeddable":true,"href":"https:\/\/www.westgatereservations.com\/es\/wp-json\/wp\/v2\/pages\/16484"}],"wp:attachment":[{"href":"https:\/\/www.westgatereservations.com\/es\/wp-json\/wp\/v2\/media?parent=17414"}],"curies":[{"name":"wp","href":"https:\/\/api.w.org\/{rel}","templated":true}]}}