{"id":17413,"date":"2019-02-25T10:51:32","date_gmt":"2019-02-25T15:51:32","guid":{"rendered":"https:\/\/www.westgatereservations.com\/vacation-deals\/cheap\/"},"modified":"2025-01-15T15:15:02","modified_gmt":"2025-01-15T20:15:02","slug":"cheap","status":"publish","type":"page","link":"https:\/\/www.westgatereservations.com\/es\/vacation-deals\/cheap\/","title":{"rendered":"Ofertas Vacacionales Econ\u00f3micas"},"content":{"rendered":"<div class=\"fw-absolute ptm\">\r\n<div class=\"fw-container\">\r\n    <img class=\"banner\" ng-cloak ng-src=\"{{app.data.is_mobile && 'https:\/\/westgatecdn.com\/2019\/06\/cheap-vacation-deals.jpg' || 'https:\/\/westgatecdn.com\/2019\/06\/cheap-vacation-deal.jpg'}}\" alt=\"Ofertas vacacionales econ\u00f3micas | Westgate Resorts\">\r\n<\/div>\r\n    <div class=\"x-container max width dshadow x-hidden-phone\" style=\"position: relative;\">\r\n        <h1 class=\"man ptm white center-text\">Ofertas vacacionales econ\u00f3micas\r\n<\/h1>\r\n        <div class=\"h5 man ptm white center-text\">\u00a1Encuentra tu aventura favorita - por un menor precio!\r\n<\/div>\r\n        <div class=\"center-text white mbl mts\">\r\n        <span>DESDE: <\/span><span class=\"h1 white\">$99<\/span> \/PAQUETE<\/span>\r\n        <\/div>\r\n    <\/div>\r\n    [gap size=\"1em\" class=\"x-hidden-phone\"]\r\n    <div class=\"x-container max width search-ow-resort availability-search\">\r\n        <div class=\"x-visible-phone\">\r\n            <h1 class=\"dshadow man pts white center-text\">Ofertas vacacionales econ\u00f3micas\r\n<\/h1>\r\n            <div class=\"dshadow h5 man pts white center-text\">\u00a1Encuentra tu aventura favorita - por un menor precio!\r\n<\/div>\r\n            <div class=\"availability-horizontal center-text\">\r\n                <span class=\"no-break\"><span class=\"white\">DESDE: <\/span><span class=\"price white\"><b>$99<\/b><\/span> <span class=\"white\">\/PAQUETE<\/span><\/span>\r\n            <\/div>\r\n        <\/div>\r\n        <div class=\"x-content-band marginless-columns mbn ptn pbn\">\r\n            <div class=\"x-container\">\r\n                [gap size=\"1em\"]\r\n            [search-availability layout=\"horizontal\" hide_title=\"true\" class=\"no-bg pan\"]\r\n                [gap size=\"1em\" class=\"x-hidden-phone\"]\r\n            <\/div>\r\n        <\/div>\r\n    <\/div>\r\n    [gap size=\"1em\" class=\"x-visible-phone\"]\r\n<\/div>\r\n\r\n\r\n\r\n<div class=\"center-text x-breadcrumb-wrap x-visible-phone\">\r\n [subscribe modal=\"true\" trigger=\"link\" show_name=\"true\" trigger_content=\"<i class=\"fas fa-envelope \" aria-hidden=\"true\"><\/i>SUSCR\u00cdBETE PARA OFERTAS Y DESCUENTOS ESPECIALES\"]\r\n<\/div>\r\n<div class=\"x-container max width mtl\">\r\n    [gap size=\"1em\"]\r\n    <div class=\"x-column x-sm x-1-4\">\r\n        <div class=\"email-sidebar mbl x-hidden-phone\">\r\n            [subscribe headline=\"Suscr\u00edbete para Ofertas y Descuentos Especiales\" show_name=\"true\" class=\"pan man\" confirm_content=\"<div class='pam' style='background:#a3d2b4; color:#fff;'><h6 class='mts'>\u00a1Gracias por Suscribirte! <br\/> Recuerda verificar tu correo electr\u00f3nico<\/h6> <\/div>\"]\r\n        <\/div>\r\n        [content-block name=\"call-hours\"]\r\n    <\/div>\r\n    <div class=\"x-column x-sm x-3-4 last\">\r\n\r\n\r\n\r\n\r\n<!-- Intro -->\r\n    <h2 class=\"h3 mtn mbs stack-center-m\">Paquetes y ofertas econ\u00f3micas de vacaciones en Florida<\/h2>\r\n        <div class=\"x-column x-sm x-1-3 mbm\">\r\n            <wf-scroll hash=\"orl\" class=\"x-btn x-btn-block btn-gray x-btn-transparent\">Paquetes en Orlando<\/wf-scroll>\r\n        <\/div>\r\n        <div class=\"x-column x-sm x-1-3 mbm\">\r\n            <wf-scroll hash=\"gat\" class=\"x-btn x-btn-block btn-gray x-btn-transparent\">Paquetes en Gattlinburg<\/wf-scroll>\r\n        <\/div>\r\n        <div class=\"x-column x-sm x-1-3 last mbm\">\r\n            <wf-scroll hash=\"bran\" class=\"x-btn x-btn-block btn-gray x-btn-transparent\">Paquetes en Branson<\/wf-scroll>\r\n        <\/div>\r\n        [clear]\r\n        <div class=\"x-column x-sm x-1-3 mbm\">\r\n            <wf-scroll hash=\"lv\" class=\"x-btn x-btn-block btn-gray x-btn-transparent\">Paquetes en Las Vegas<\/wf-scroll>\r\n        <\/div>\r\n        <div class=\"x-column x-sm x-1-3 mbm\">\r\n            <wf-scroll hash=\"will\" class=\"x-btn x-btn-block btn-gray x-btn-transparent\">Paquetes en Williamsburg<\/wf-scroll>\r\n        <\/div>\r\n        <div class=\"x-column x-sm x-1-3 last mbm\">\r\n            <wf-scroll hash=\"cocoa\" class=\"x-btn x-btn-block btn-gray x-btn-transparent\">Paquetes en Cocoa Beach<\/wf-scroll>\r\n        <\/div>\r\n        [clear]\r\n        <p class=\"mtm\">\u00bfBuscas unas divertidas y relajantes vacaciones familiares que no cuesten un dineral? \u00a1Westgate Resorts te puede ayudar! Nosotros ofrecemos una gran variedad de paquetes vacacionales exclusivos con descuentos incre\u00edbles. Mejor a\u00fan, puedes elegir tu aventura y aun as\u00ed ahorrar\u00e1s. Disfruta el maravilloso mundo de Orlando y Walt Disney World. Ponte c\u00f3modo y rel\u00e1jate en las orillas arenosas de Myrtle Beach o Cocoa Beach. Practica senderismo en las incre\u00edbles rutas del Parque Nacional Great Smoky Mountain cerca de Gatlinburg. Explora la historia de los Estados Unidos en Williamsburg. Disfruta de un show en vivo o ve a los parques tem\u00e1ticos en Branson. Todas nuestras vacaciones con descuento incluyen habitaciones de lujo con todas las comodidades del hogar y muchos servicios y actividades exclusivas.<\/p>\r\n[line]\r\n<!--\/-->\r\n\r\n<!-- Orlando destination -->\r\n<div id=\"orl\"><\/div>\r\n    <h3 class=\"h3 mtl mbm stack-center-m\" >Ofertas vacacionales en Orlando:<\/h3>\r\n        <p>No dejes que los altos precios de Disney te mantengan alejado de tus tan esperadas vacaciones en Disney. Westgate ofrece paquetes de vacaciones con descuentos que te pondr\u00e1n en un lujoso resort y a un paso de Disney World por un menor precio. Muchos de nuestros paquetes incluyen los tickets de Disney de tu elecci\u00f3n. Nosotros incluso incluimos transporte programado gratuito hacia y desde Disney World para que ahorres en los costos de estacionamiento. <\/p>\r\n    [specials ids=\"8285,8640\"] \r\n<!--\/-->\r\n[line]\r\n\r\n<!-- Gatlinburg destination -->\r\n<div id=\"gat\"><\/div>\r\n    <h3 class=\"h3 mtl mbm stack-center-m\">Ofertas vacacionales en Gatlinburg:<\/h3>\r\n        <p>\u00bfBuscas una escapada incre\u00edble por un menor precio? Reserva tu visita en la igual de incre\u00edble ciudad monta\u00f1osa de Gatlinburg, TN. Adem\u00e1s de una escapada al Parque Nacional de las Great Smoky Mountains, Gatlinburg te puede ofrecer acceso a m\u00e1s de 800 millas de rutas de senderismo, vistas espectaculares de las monta\u00f1as y muchas actividades al aire libre. Tambi\u00e9n encontrar\u00e1s un lugar lleno de restaurantes pintorescos y galer\u00edas de arte, artesanos, tiendas \u00fanicas y atracciones llenas de diversi\u00f3n. <\/p>\r\n    [specials ids=\"11386\"] \r\n<!--\/-->\r\n[line]\r\n<!-- Branson destination -->\r\n<div id=\"bran\"><\/div>\r\n    <h3 class=\"h3 mtl mbm stack-center-m\">Ofertas vacacionales en Branson:<\/h3>\r\n        <p>\u00a1\u00bfPor qu\u00e9 no tomar unas vacaciones familiares y econ\u00f3micas en Branson, MO?! Branson es famoso por su atm\u00f3sfera familiar que es ideal para cualquier generaci\u00f3n. Desde los juegos, las atracciones, la m\u00fasica y el entretenimiento en el parque tem\u00e1tico Silver Dollar City hasta la hermosa \u00e1rea de Branson Lakes y los m\u00e1s de 100 shows en vivo y conciertos en el distrito del entretenimiento, encontrar\u00e1s muchas ideas para que todos en la familia disfruten.<\/p>\r\n    [specials ids=\"5644\"] \r\n<!--\/-->\r\n<!-- Las Vegas destination -->\r\n<div id=\"lv\"><\/div>\r\n    <h2 class=\"h3 mtl mbs stack-center-m\">Ofertas vacacionales en Las Vegas:<\/h3>\r\n        <p>En los Resorts de Westgate, te colocamos en el coraz\u00f3n de Las Vegas por un menor precio. Disfruta de un resort espectacular que est\u00e1 ubicado a solo una cuadra de Vegas Strip y completa tu escapada con compras, cenas, entretenimiento, una enorme \u00e1rea de juegos de casino y la casa de apuestas deportivas y de carreras m\u00e1s grandes del mundo. Hay incluso una estaci\u00f3n de monorriel de Las Vegas en el sitio, haci\u00e9ndolo m\u00e1s f\u00e1cil para que puedas explorar todo Vegas Strip y sus muchos resorts \u00fanicos, casinos y atracciones. <\/p>\r\n    [specials ids=\"22581\"] \r\n<!--\/-->\r\n[line]\r\n<!-- Orlando destination -->\r\n<div id=\"cocoa\"><\/div>\r\n    <h2 class=\"h3 mtl mbs stack-center-m\">Ofertas vacacionales en Cocoa Beach:<\/h3>\r\n        <p>\u00a1Imag\u00ednate en la playa de la hermosa Cocoa Beach! Idealmente ubicada a solo una hora de Orlando y junto al Oc\u00e9ano Atl\u00e1ntico, en la Space Coast de Florida. Cocoa Beach es el lugar perfecto para una escapada familiar relajante. Disfrutar\u00e1s de un resort frente a la playa, cerca de la Ron Jon Surf Shop y el Muelle Cocoa Beach. Tambi\u00e9n hay una conveniente piscina y un parque acu\u00e1tico con un r\u00edo lento. \u00a1Aprovecha al m\u00e1ximo el surf, la arena y el sol.... \u00a1por un menor precio!<\/p>\r\n    [specials ids=\"22871\"] \r\n<!--\/-->\r\n[line]\r\n<!-- Myrtle Beachdestination -->\r\n<div id=\"myrtle\"><\/div>\r\n    <h2 class=\"h3 mtl mbs stack-center-m\">Ofertas vacacionales en Myrtle Beach:<\/h3>\r\n        <p>Experimenta unas vacaciones econ\u00f3micas en la playa familiar favorita de los Estados Unidos: la hermosa Myrtle Beach. Idealmente ubicada a lo largo del Grand Strand de Carolina del Sur, Myrtle Beach permanece como el destino nacional m\u00e1s popular, en donde encontrar\u00e1s millas de playas junto al Oc\u00e9ano Atl\u00e1ntico, m\u00e1s de 100 campos de golf de campeonato, deportes marinos, complejos incre\u00edbles de compras y entretenimiento, museos, atracciones, muchos restaurantes y vida nocturna emocionante.<\/p>\r\n    [specials ids=\"5654\"] \r\n<!--\/-->\r\n[line]\r\n\r\n\r\n    <\/div>\r\n    [clear]\r\n    [gap size=\"2em\"]\r\n<\/div>\r\n<!----->\r\n<div style=\"background: #efefef;\">\r\n    <div class=\"x-container max width ptl pbl center-text\">\r\n<h3>\u00a1Comienza a planificar tus vacaciones econ\u00f3micas hoy!<\/h3>\r\n<p>\u00a1Revisa nuestros blogs de vacaciones m\u00e1s recientes  y mira c\u00f3mo ahorrar en tu pr\u00f3xima aventura!<\/p>\r\n[recent_posts count=\"3\" ]\r\n\r\n[gap size=\"2em\"]\r\n      \r\n    <\/div>\r\n<\/div>\r\n<!-- call banner-->\r\n<div style=\"background: #232c35;\">\r\n    <div class=\"x-container max width\">\r\n        [gap size=\"1em\"]\r\n        <div class=\"x-column x-sm x-2-3 white stack-center-m pas\">\r\n            <h5 class=\"font-lighter white man\">Reserve sus vacaciones econ\u00f3micas ahora.<\/h5>\r\n            <p>\u00a1Llame ahora para los \u00faltimos descuentos en su elecci\u00f3n de paquetes vacacionales!<\/p>\r\n        <\/div>\r\n        <div class=\"x-column x-sm x-1-3 pam last\">\r\n            [phone_link class=\"x-btn x-btn-block btn-orange\"]Llame al [tel][\/phone_link]\r\n            [gap size=\"1em\" class=\"x-visible-phone\"]\r\n        <\/div>\r\n    <\/div>\r\n<\/div>\r\n<!--\/call banner-->\r\n<!-- Recommended Vacation Destinations -->\r\n[container]\r\n<div class=\"x-container max width\">\r\n    [gap size=\"3em\"]\r\n[line]\r\n<div style=\"background: #efefef; padding: 10px 20px 10px 20px;\">\r\n<h5 class=\"mbs mtn h4\">Ofertas Populares para Usted:<\/h5>\r\n                <div class=\"x-column x-sm x-1-4\">\r\n<h6 class=\"mbs mtn\"><i class=\"far fa-compass\"><\/i> Destinos Cerca de Usted<\/h6>\r\n<ul style=\"list-style-type:none;\" >\r\n<li><a href=\"\/es\/vacation-deals\/myrtle-beach\/\" class=\"inheritcolor\"><i class=\"fas fa-angle-right\"><\/i> Vacaciones en Myrtle Beach<\/a><\/li>\r\n<li><a href=\"\/es\/vacation-deals\/vegas\/\" class=\"inheritcolor\"><i class=\"fas fa-angle-right\"><\/i> Vacaciones en Las Vegas<\/a><\/li>\r\n<li><a href=\"\/es\/vacation-deals\/florida\/\" class=\"inheritcolor\"><i class=\"fas fa-angle-right\"><\/i> Vacaciones en Florida<\/a><\/li>\r\n<li><a href=\"\/es\/vacation-deals\/orlando\/\" class=\"inheritcolor\"><i class=\"fas fa-angle-right\"><\/i> Vacaciones en Orlando<\/a><\/li>\r\n<li><a href=\"\/es\/vacation-deals\/gatlinburg\/\" class=\"inheritcolor\"><i class=\"fas fa-angle-right\"><\/i> Vacaciones en Gatlinburg<\/a><\/li>\r\n<li><a href=\"\/es\/vacation-deals\/usa\/\" class=\"inheritcolor\"><i class=\"fas fa-angle-right\"><\/i> Vacaciones en EEUU<\/a><\/li>\r\n<\/ul>\r\n        <\/div>\r\n        <div class=\"x-column x-sm x-1-4\">\r\n<h6 class=\"mbs mtn\"><i class=\"fas fa-chart-line\"><\/i> Ofertas Populares<\/h6>\r\n<ul style=\"list-style-type:none;\">\r\n<li><a href=\"\/es\/vacation-deals\/beach\/\" class=\"inheritcolor\"><i class=\"fas fa-angle-right\"><\/i> Ofertas Vacacionales de Playa<\/a><\/li>\r\n<li><a href=\"\/es\/vacation-deals\/couples\/\" class=\"inheritcolor\"><i class=\"fas fa-angle-right\"><\/i> Paquetes para Parejas<\/a><\/li>\r\n<li><a href=\"\/es\/vacation-deals\/family\/\" class=\"inheritcolor\"><i class=\"fas fa-angle-right\"><\/i> Ofertas para Familias<\/a><\/li>\r\n<li><a href=\"\/es\/vacation-deals\/summer\/\" class=\"inheritcolor\"><i class=\"fas fa-angle-right\"><\/i> Ofertas de Verano<\/a><\/li>\r\n<li><a href=\"\/es\/vacation-deals\/spring\/\" class=\"inheritcolor\"><i class=\"fas fa-angle-right\"><\/i> Ofertas de Primavera<\/a><\/li>\r\n<li><a href=\"\/es\/vacation-deals\/fall\/\" class=\"inheritcolor\"><i class=\"fas fa-angle-right\"><\/i> Ofertas de Oto\u00f1o<\/a><\/li>\r\n<\/ul>\r\n        <\/div>\r\n        <div class=\"x-column x-sm x-1-4\">\r\n<h6 class=\"mbs mtn\"><i class=\"fas fa-dollar-sign\"><\/i> Lo \u00daltimo<\/h6>\r\n<ul style=\"list-style-type:none;\">\r\n<li><a href=\"\/es\/vacation-deals\/best\/\" class=\"inheritcolor\"><i class=\"fas fa-angle-right\"><\/i> Mejores Ofertas Vacacionales<\/a><\/li>\r\n<li><a href=\"\/es\/vacation-deals\/timeshare\/\" class=\"inheritcolor\"><i class=\"fas fa-angle-right\"><\/i> Ofertas de Tiempo Compartido<\/a><\/li>\r\n<li><a href=\"\/es\/vacation-deals\/weekend\/\" class=\"inheritcolor\"><i class=\"fas fa-angle-right\"><\/i> Ofertas de Fin de Semana<\/a><\/li>\r\n<li><a href=\"\/es\/vacation-deals\/last-minute\/\" class=\"inheritcolor\"><i class=\"fas fa-angle-right\"><\/i> Ofertas de \u00daltimo Minuto<\/a><\/li>\r\n<li><a href=\"\/es\/vacation-deals\/hot\/\" class=\"inheritcolor\"><i class=\"fas fa-angle-right\"><\/i> Ofertas Populares<\/a><\/li>\r\n<\/ul>\r\n        <\/div>\r\n\r\n        <div class=\"x-column x-sm x-1-4 last\">\r\n<h6 class=\"mbs mtn\"><i class=\"fas fa-clipboard-list\"><\/i> Planifica su Viaje<\/h6>\r\n<ul style=\"list-style-type:none;\">\r\n<li><a href=\"\/es\/vacation-deals\/june\/\" class=\"inheritcolor\"><i class=\"fas fa-angle-right\"><\/i> Paquetes de Verano<\/a><\/li>\r\n<li><a href=\"\/es\/vacation-deals\/july\/\" class=\"inheritcolor\"><i class=\"fas fa-angle-right\"><\/i> Ofertas para Julio<\/a><\/li>\r\n<li><a href=\"\/es\/vacation-deals\/october\/\" class=\"inheritcolor\"><i class=\"fas fa-angle-right\"><\/i> Ofertas para Octubre<\/a><\/li>\r\n<li><a href=\"\/es\/vacation-deals\/september\/\" class=\"inheritcolor\"><i class=\"fas fa-angle-right\"><\/i> Ofertas para Septiembre<\/a><\/li>\r\n<li><a href=\"\/es\/vacation-deals\/december\/\" class=\"inheritcolor\"><i class=\"fas fa-angle-right\"><\/i> Ofertas para Diciembre<\/a><\/li>\r\n<\/ul>\r\n         <\/div>\r\n         [clear]\r\n         <div style=\"text-align: center;\" class=\"mtm\">\r\n         <a href=\"\/es\/vacation-deals\/\">VER TODAS LAS OFERTAS<\/a>\r\n        <\/div>\r\n<\/div>\r\n[line]\r\n<\/div>\r\n    [gap size=\"3em\"]\r\n[\/container]","protected":false},"excerpt":{"rendered":"<p>Enjoy an incredible resort vacation in the destination of your choice at deeply discounted prices and experience the many luxuries and amenities at Westgate Resorts.<\/p>\n","protected":false},"author":9,"featured_media":0,"parent":16484,"menu_order":0,"comment_status":"closed","ping_status":"closed","template":"template-blank-4.php","meta":{"footnotes":""},"_links":{"self":[{"href":"https:\/\/www.westgatereservations.com\/es\/wp-json\/wp\/v2\/pages\/17413"}],"collection":[{"href":"https:\/\/www.westgatereservations.com\/es\/wp-json\/wp\/v2\/pages"}],"about":[{"href":"https:\/\/www.westgatereservations.com\/es\/wp-json\/wp\/v2\/types\/page"}],"author":[{"embeddable":true,"href":"https:\/\/www.westgatereservations.com\/es\/wp-json\/wp\/v2\/users\/9"}],"replies":[{"embeddable":true,"href":"https:\/\/www.westgatereservations.com\/es\/wp-json\/wp\/v2\/comments?post=17413"}],"version-history":[{"count":0,"href":"https:\/\/www.westgatereservations.com\/es\/wp-json\/wp\/v2\/pages\/17413\/revisions"}],"up":[{"embeddable":true,"href":"https:\/\/www.westgatereservations.com\/es\/wp-json\/wp\/v2\/pages\/16484"}],"wp:attachment":[{"href":"https:\/\/www.westgatereservations.com\/es\/wp-json\/wp\/v2\/media?parent=17413"}],"curies":[{"name":"wp","href":"https:\/\/api.w.org\/{rel}","templated":true}]}}