{"id":17411,"date":"2019-02-27T14:10:31","date_gmt":"2019-02-27T19:10:31","guid":{"rendered":"https:\/\/www.westgatereservations.com\/vacation-deals\/couples\/"},"modified":"2025-12-08T16:27:44","modified_gmt":"2025-12-08T21:27:44","slug":"couples","status":"publish","type":"page","link":"https:\/\/www.westgatereservations.com\/es\/vacation-deals\/couples\/","title":{"rendered":"Ofertas Vacacionales para Parejas"},"content":{"rendered":"<div class=\"fw-absolute ptm\">\r\n<div class=\"fw-container\">\r\n    <img class=\"banner\" ng-cloak ng-src=\"{{app.data.is_mobile && 'https:\/\/westgatecdn.com\/2019\/06\/couple-vacatioin-packages.jpg' || 'https:\/\/westgatecdn.com\/2019\/06\/couples-vacation-Deals.jpg'}}\" alt=\"Ofertas de vacaciones en pareja | WestgateReservations.com\">\r\n<\/div>\r\n    <div class=\"x-container max width dshadow x-hidden-phone\" style=\"position: relative;\">\r\n        <h1 class=\"man ptm white center-text\">Ofertas de vacaciones en pareja\r\n<\/h1>\r\n        <div class=\"h5 man ptm white center-text\">\u00a1Encuentre una aventura que ambos amar\u00e1n!\r\n<\/div>\r\n        <div class=\"center-text white mbl mts\">\r\n        <span>DESDE: <\/span><span class=\"h1 white\">$99<\/span> \/PAQUETE<\/span>\r\n        <\/div>\r\n    <\/div>\r\n    [gap size=\"1em\" class=\"x-hidden-phone\"]\r\n    <div class=\"x-container max width search-ow-resort availability-search\">\r\n        <div class=\"x-visible-phone\">\r\n            <h1 class=\"dshadow man pts white center-text\">Ofertas de vacaciones en pareja<\/h1>\r\n            <div class=\"dshadow h5 man pts white center-text\">v\r\n<\/div>\r\n            <div class=\"availability-horizontal center-text\">\r\n                <span class=\"no-break\"><span class=\"white\">DESDE: <\/span><span class=\"price white\"><b>$59<\/b><\/span> <span class=\"white\"> \/PAQUETE<\/span><\/span>\r\n            <\/div>\r\n        <\/div>\r\n        <div class=\"x-content-band marginless-columns mbn ptn pbn\">\r\n            <div class=\"x-container\">\r\n                [gap size=\"1em\"]\r\n            [search-availability layout=\"horizontal\" hide_title=\"true\" class=\"no-bg pan\"]\r\n                [gap size=\"1em\" class=\"x-hidden-phone\"]\r\n            <\/div>\r\n        <\/div>\r\n    <\/div>\r\n    [gap size=\"1em\" class=\"x-visible-phone\"]\r\n<\/div>\r\n\r\n\r\n\r\n<div class=\"center-text x-breadcrumb-wrap x-visible-phone\">\r\n [subscribe modal=\"true\" trigger=\"link\" show_name=\"true\" trigger_content=\"<i class=\"fas fa-envelope \" aria-hidden=\"true\"><\/i>SUSCR\u00cdBETE PARA OFERTAS Y DESCUENTOS ESPECIALES\"]\r\n<\/div>\r\n<div class=\"x-container max width mtl\">\r\n    [gap size=\"1em\"]\r\n    <div class=\"x-column x-sm x-1-4\">\r\n        <div class=\"email-sidebar mbl x-hidden-phone\">\r\n            [subscribe headline=\"Suscr\u00edbete para Ofertas y Descuentos Especiales\" show_name=\"true\" class=\"pan man\" confirm_content=\"<div class='pam' style='background:#a3d2b4; color:#fff;'><h6 class='mts'>\u00a1Gracias por Suscribirte! <br\/> Recuerda verificar tu correo electr\u00f3nico<\/h6> <\/div>\"]\r\n        <\/div>\r\n        [content-block name=\"call-hours\"]\r\n    <\/div>\r\n    <div class=\"x-column x-sm x-3-4 last\">\r\n\r\n\r\n\r\n<!-- Intro -->\r\n    <h2 class=\"h3 mtn mbs stack-center-m\">Ofertas y paquetes\u00a0para vacaciones en pareja<\/h2>\r\n        <div class=\"x-column x-sm x-1-3 mbm\">\r\n            <wf-scroll hash=\"orl\" class=\"x-btn x-btn-block btn-gray x-btn-transparent\">Vacaciones en Orlando<\/wf-scroll>\r\n        <\/div>\r\n        <div class=\"x-column x-sm x-1-3 mbm\">\r\n            <wf-scroll hash=\"lv\" class=\"x-btn x-btn-block btn-gray x-btn-transparent\">Vacaciones en Las Vegas<\/wf-scroll>\r\n        <\/div>\r\n<div class=\"x-column x-sm x-1-3 last mbm\">\r\n            <wf-scroll hash=\"gat\" class=\"x-btn x-btn-block btn-gray x-btn-transparent\">Gatlinburg Vacation<\/wf-scroll>\r\n        <\/div>\r\n        [clear]\r\n        <div class=\"x-column x-sm x-1-3 mbm\">\r\n            <wf-scroll hash=\"cocoa\" class=\"x-btn x-btn-block btn-gray x-btn-transparent\">Vacaciones en Cocoa Beach<\/wf-scroll>\r\n   \r\n      <\/div>\r\n        [clear]\r\n        <p class=\"mtm\">\u00bfDesea pasar un fin de semana rom\u00e1ntico o celebrar un evento especial? Westgate Resorts ofrece una amplia gama de destinos especiales y paquetes dise\u00f1ados para parejas. Ya sea que prefiera explorar el Festival Internacional anual de la Comida y el Vino (International Food & Wine Festival) en Epcot en Disney World, o explorar las m\u00e1s de 600 millas de senderismo del Parque Nacional de las Monta\u00f1as Great Smoky cerca de Gatlinburg, TN, \u00a1ofrecemos <a href=\"[home_url]specials\/\">paquetes de vacaciones<\/a> \u00fanicos y emocionantes, exclusivos para parejas! Y, para brindarle un paquete a\u00fan m\u00e1s espectacular, le ofrecemos una escapada al resort con alojamientos de lujo y una extensa lista de servicios y actividades llenas de diversi\u00f3n.<\/p>\r\n[line]\r\n<!--\/-->\r\n[custom_headline type=\"left\" class=\"mbs mtm\" level=\"h5\" looks_like=\"h4\" accent=\"true\"]Oferta Destacada[\/custom_headline]\r\n[specials ids=\"22771,5652\" show_hidden=\"true\"]\r\n\r\n<!-- Orlando destination -->\r\n<div id=\"orl\"><\/div>\r\n    <h2 class=\"h3 mtl mbs stack-center-m\">Ofertas de vacaciones en Orlando:<\/h3>\r\n        <p>\u00bfQui\u00e9n dice que Disney es solo para ni\u00f1os? Encontrar\u00e1 mucha emoci\u00f3n adulta en todo Orlando. Podr\u00e1 ser protagonista de eventos anuales en Disney World como el Festival internacional de flores y jardines (International Flower & Garden Festival) o el Festival de Comidas y Vinos (Food & Wine Festival) ambos en Epcot. Encontrar\u00e1 tambi\u00e9n mucha vida nocturna en los parques tem\u00e1ticos de Universal Orlando CityWalk y Disney Springs.<\/p>\r\n    [specials ids=\"8285\" show_hidden=\"true\"] \r\n<!--\/-->\r\n[line]\r\n\r\n<div id=\"gat\"><\/div>\r\n    <h3 class=\"h3 mtl mbm stack-center-m\">Ofertas de vacaciones en Gatlinburg:<\/h3>\r\n        <p>Al\u00e9jese del ajetreo y el bullicio de la vida cotidiana con un paquete de vacaciones para parejas en Gatlinburg, TN. Camine, monte en bicicleta o conduzca a trav\u00e9s de los muchos circuitos esc\u00e9nicos dentro del Parque Nacional Great Smoky Mountains. Explore las muchas galer\u00edas y tiendas pintorescas a lo largo del Arts & Crafts Trail o simplemente disfrute de una deliciosa comida a lo largo de la avenida en el centro de Gatlinburg. <\/p>\r\n    [specials ids=\"11386\"] \r\n<!--\/-->\r\n[line]\r\n\r\n<div id=\"lv\"><\/div>\r\n    <h3 class=\"h3 mtl mbm stack-center-m\" >Ofertas de vacaciones en Las Vegas:<\/h3>\r\n        <p>Las Vegas sigue liderando los destinos m\u00e1s populares para las escapadas en pareja. All\u00ed encontrar\u00e1 una amplia variedad de actividades para realizar juntos, desde ir de compras, cenar y explorar la Franja de Las Vegas (Vegas Strip) hasta asistir a un espect\u00e1culo o concierto en vivo, disfrutar de los numerosos bares y clubes nocturnos, jugar en el casino o simplemente descansar junto a la fabulosa piscina de un resort.<\/p>\r\n    [specials ids=\"22581\" show_hidden=\"true\"] \r\n<!--\/-->\r\n[line]\r\n\r\n<!--  destination -->\r\n<div id=\"cocoa\"><\/div>\r\n    <h2 class=\"h3 mtl mbs stack-center-m\">Ofertas de vacaciones en Cocoa Beach:<\/h3>\r\n        <p>La playa es una gran escapada para parejas en cualquier \u00e9poca del a\u00f1o. Disfrute de un alojamiento frente al mar en la hermosa Cocoa Beach, donde podr\u00e1 disfrutar de un f\u00e1cil acceso a las playas de arena que circundan el Oc\u00e9ano Atl\u00e1ntico, recorrer tiendas, restaurantes y atracciones cercanas y visitar el Centro Espacial Kennedy que se encuentra a solo una hora de distancia en autom\u00f3vil de Orlando.<\/p>\r\n    [specials ids=\"12882\" show_hidden=\"true\"] \r\n<!--\/-->\r\n\r\n[line]\r\n    <\/div>\r\n    [clear]\r\n    [gap size=\"2em\"]\r\n<\/div>\r\n<!----->\r\n<div style=\"background: #efefef;\">\r\n    <div class=\"x-container max width ptl pbl center-text\">\r\n<h3>Comience a planificar sus vacaciones en pareja<\/h3>\r\n<p>Consulte nuestros blogs y encuentre sus pr\u00f3ximas vacaciones de aventuras para disfrutar con su pareja.<\/p>\r\n[recent_posts ids=\"12390,13694,14306\"]\r\n\r\n-->\r\n[gap size=\"2em\"]\r\n      \r\n    <\/div>\r\n<\/div>\r\n<!-- call banner-->\r\n<div style=\"background: #232c35;\">\r\n    <div class=\"x-container max width\">\r\n        [gap size=\"1em\"]\r\n        <div class=\"x-column x-sm x-2-3 white stack-center-m pas\">\r\n            <h5 class=\"font-lighter white man\">Reserve sus vacaciones en pareja hoy mismo.<\/h5>\r\n            <p>\u00a1Ll\u00e1menos ahora y obtenga descuentos actualizados para el paquete de vacaciones en pareja de su elecci\u00f3n!<\/p>\r\n        <\/div>\r\n        <div class=\"x-column x-sm x-1-3 pam last\">\r\n            [phone_link class=\"x-btn x-btn-block btn-orange\"]Comun\u00edquese al [tel][\/phone_link]\r\n            [gap size=\"1em\" class=\"x-visible-phone\"]\r\n        <\/div>\r\n    <\/div>\r\n<\/div>\r\n<!--\/call banner-->\r\n<!-- Recommended Vacation Destinations -->\r\n[container]\r\n<div class=\"x-container max width\">\r\n    [gap size=\"3em\"]\r\n[line]\r\n<div style=\"background: #efefef; padding: 10px 20px 10px 20px;\">\r\n<h5 class=\"mbs mtn h4\">Ofertas Populares para Usted:<\/h5>\r\n                <div class=\"x-column x-sm x-1-4\">\r\n<h6 class=\"mbs mtn\"><i class=\"far fa-compass\"><\/i> Destinos Cerca de Usted<\/h6>\r\n<ul style=\"list-style-type:none;\" >\r\n<li><a href=\"\/es\/vacation-deals\/myrtle-beach\/\" class=\"inheritcolor\"><i class=\"fas fa-angle-right\"><\/i> Ofertas Vacacionales en Myrtle Beach<\/a><\/li>\r\n<li><a href=\"\/es\/vacation-deals\/vegas\/\" class=\"inheritcolor\"><i class=\"fas fa-angle-right\"><\/i> Ofertas Vacacionales en Las Vegas<\/a><\/li>\r\n<li><a href=\"\/es\/vacation-deals\/orlando\/\" class=\"inheritcolor\"><i class=\"fas fa-angle-right\"><\/i> Ofertas Vacacionales en Orlando<\/a><\/li>\r\n<li><a href=\"\/es\/vacation-deals\/gatlinburg\/\" class=\"inheritcolor\"><i class=\"fas fa-angle-right\"><\/i> Ofertas Vacacionales en Gatlinburg<\/a><\/li>\r\n<li><a href=\"\/es\/vacation-deals\/usa\/\" class=\"inheritcolor\"><i class=\"fas fa-angle-right\"><\/i> Ofertas Vacacionales en EEUU<\/a><\/li>\r\n<\/ul>\r\n        <\/div>\r\n        <div class=\"x-column x-sm x-1-4\">\r\n<h6 class=\"mbs mtn\"><i class=\"fas fa-chart-line\"><\/i> Ofertas Populares<\/h6>\r\n<ul style=\"list-style-type:none;\">\r\n<li><a href=\"\/es\/vacation-deals\/beach\/\" class=\"inheritcolor\"><i class=\"fas fa-angle-right\"><\/i> Ofertas Vacacionales de Playa<\/a><\/li>\r\n<li><a href=\"\/es\/vacation-deals\/family\/\" class=\"inheritcolor\"><i class=\"fas fa-angle-right\"><\/i> Ofertas Vacacionales para Familias<\/a><\/li>\r\n<li><a href=\"\/es\/vacation-deals\/summer\/\" class=\"inheritcolor\"><i class=\"fas fa-angle-right\"><\/i> Ofertas Vacacionales de Verano<\/a><\/li>\r\n<li><a href=\"\/es\/vacation-deals\/spring\/\" class=\"inheritcolor\"><i class=\"fas fa-angle-right\"><\/i> Ofertas Vacacionales de Primavera<\/a><\/li>\r\n<li><a href=\"\/es\/vacation-deals\/fall\/\" class=\"inheritcolor\"><i class=\"fas fa-angle-right\"><\/i> Ofertas Vacacionales de Oto\u00f1o<\/a><\/li>\r\n<\/ul>\r\n        <\/div>\r\n        <div class=\"x-column x-sm x-1-4\">\r\n<h6 class=\"mbs mtn\"><i class=\"fas fa-dollar-sign\"><\/i> Lo \u00daltimo<\/h6>\r\n<ul style=\"list-style-type:none;\">\r\n<li><a href=\"\/es\/vacation-deals\/best\/\" class=\"inheritcolor\"><i class=\"fas fa-angle-right\"><\/i> Mejores Ofertas Vacacionales<\/a><\/li>\r\n<li><a href=\"\/es\/vacation-deals\/cheap\/\" class=\"inheritcolor\"><i class=\"fas fa-angle-right\"><\/i> Ofertas Vacacionales Econ\u00f3micas<\/a><\/li>\r\n<li><a href=\"\/es\/vacation-deals\/timeshare\/\" class=\"inheritcolor\"><i class=\"fas fa-angle-right\"><\/i> Ofertas Vacacionales de Tiempo Compartido<\/a><\/li>\r\n<li><a href=\"\/es\/vacation-deals\/weekend\/\" class=\"inheritcolor\"><i class=\"fas fa-angle-right\"><\/i> Ofertas Vacacionales de Fin de Semana<\/a><\/li>\r\n<li><a href=\"\/es\/vacation-deals\/last-minute\/\" class=\"inheritcolor\"><i class=\"fas fa-angle-right\"><\/i> Ofertas Vacacionales de \u00daltimo Minuto<\/a><\/li>\r\n<li><a href=\"\/es\/vacation-deals\/hot\/\" class=\"inheritcolor\"><i class=\"fas fa-angle-right\"><\/i> Ofertas Vacacionales Populares<\/a><\/li>\r\n<\/ul>\r\n        <\/div>\r\n\r\n        <div class=\"x-column x-sm x-1-4 last\">\r\n<h6 class=\"mbs mtn\"><i class=\"fas fa-clipboard-list\"><\/i> Planifica su Viaje<\/h6>\r\n<ul style=\"list-style-type:none;\">\r\n<li><a href=\"\/es\/vacation-deals\/june\/\" class=\"inheritcolor\"><i class=\"fas fa-angle-right\"><\/i> Paquetes de Verano<\/a><\/li>\r\n<li><a href=\"\/es\/vacation-deals\/july\/\" class=\"inheritcolor\"><i class=\"fas fa-angle-right\"><\/i> Ofertas Vacacionales para Julio<\/a><\/li>\r\n<li><a href=\"\/es\/vacation-deals\/october\/\" class=\"inheritcolor\"><i class=\"fas fa-angle-right\"><\/i> Ofertas Vacacionales para Octubre<\/a><\/li>\r\n<li><a href=\"\/es\/vacation-deals\/september\/\" class=\"inheritcolor\"><i class=\"fas fa-angle-right\"><\/i> Ofertas Vacacionales para Septiembre<\/a><\/li>\r\n<li><a href=\"\/es\/vacation-deals\/december\/\" class=\"inheritcolor\"><i class=\"fas fa-angle-right\"><\/i> Ofertas Vacacionales para Diciembre<\/a><\/li>\r\n<\/ul>\r\n         <\/div>\r\n         [clear]\r\n         <div style=\"text-align: center;\" class=\"mtm\">\r\n         <a href=\"\/es\/vacation-deals\/\">VER TODAS LAS OFERTAS<\/a>\r\n        <\/div>\r\n<\/div>\r\n[line]\r\n<\/div>\r\n    [gap size=\"3em\"]\r\n[\/container]","protected":false},"excerpt":{"rendered":"<p>Whether you want a romantic getaway or just a fun-filled vacation to celebrate a special occasion, Westgate Resorts has a number of couples vacation deals<\/p>\n","protected":false},"author":9,"featured_media":23242,"parent":16484,"menu_order":0,"comment_status":"closed","ping_status":"closed","template":"template-blank-4.php","meta":{"footnotes":""},"_links":{"self":[{"href":"https:\/\/www.westgatereservations.com\/es\/wp-json\/wp\/v2\/pages\/17411"}],"collection":[{"href":"https:\/\/www.westgatereservations.com\/es\/wp-json\/wp\/v2\/pages"}],"about":[{"href":"https:\/\/www.westgatereservations.com\/es\/wp-json\/wp\/v2\/types\/page"}],"author":[{"embeddable":true,"href":"https:\/\/www.westgatereservations.com\/es\/wp-json\/wp\/v2\/users\/9"}],"replies":[{"embeddable":true,"href":"https:\/\/www.westgatereservations.com\/es\/wp-json\/wp\/v2\/comments?post=17411"}],"version-history":[{"count":0,"href":"https:\/\/www.westgatereservations.com\/es\/wp-json\/wp\/v2\/pages\/17411\/revisions"}],"up":[{"embeddable":true,"href":"https:\/\/www.westgatereservations.com\/es\/wp-json\/wp\/v2\/pages\/16484"}],"wp:featuredmedia":[{"embeddable":true,"href":"https:\/\/www.westgatereservations.com\/es\/wp-json\/wp\/v2\/media\/23242"}],"wp:attachment":[{"href":"https:\/\/www.westgatereservations.com\/es\/wp-json\/wp\/v2\/media?parent=17411"}],"curies":[{"name":"wp","href":"https:\/\/api.w.org\/{rel}","templated":true}]}}