{"id":17408,"date":"2019-02-25T11:47:23","date_gmt":"2019-02-25T16:47:23","guid":{"rendered":"https:\/\/www.westgatereservations.com\/vacation-deals\/fall\/"},"modified":"2025-10-21T12:08:00","modified_gmt":"2025-10-21T16:08:00","slug":"fall","status":"publish","type":"page","link":"https:\/\/www.westgatereservations.com\/es\/vacation-deals\/fall\/","title":{"rendered":"Ofertas de vacaciones en oto\u00f1o"},"content":{"rendered":"<div class=\"fw-absolute ptm\">\r\n<div class=\"fw-container\">\r\n    <img class=\"banner\" ng-cloak ng-src=\"{{app.data.is_mobile && '\/app\/uploads\/2025\/10\/smoky-mtn-exterior-fall-m.jpg' || '\/app\/uploads\/2025\/10\/smoky-mtn-exterior-fall.jpg'}}\" alt=\"Fall Vacation Deals\">\r\n<\/div>\r\n    <div class=\"x-container max width dshadow x-hidden-phone py-5\" style=\"position: relative;\">\r\n        <h1 class=\"man ptm white center-text\">Ofertas de vacaciones en oto\u00f1o\r\n<\/h1>\r\n        <div class=\"h5 man ptm white center-text\">\u00a1Encuentre su aventura favorita de vacaciones de oto\u00f1o!\r\n<\/div>\r\n        <div class=\"center-text white mbl mts\">F\r\n        <span>DESDE: <\/span><span class=\"h1 white\">$99<\/span> \/PAQUETE<\/span>\r\n        <\/div>\r\n    <\/div>\r\n    [gap size=\"1em\" class=\"x-hidden-phone\"]\r\n    <div class=\"x-container max width search-ow-resort availability-search\">\r\n        <div class=\"x-visible-phone\">\r\n            <h1 class=\"dshadow man pts white center-text\">Ofertas de vacaciones en oto\u00f1o\r\n<\/h1>\r\n            <div class=\"dshadow h5 man pts white center-text\">\u00a1Encuentre su aventura favorita de vacaciones de oto\u00f1o!\r\n<\/div>\r\n            <div class=\"availability-horizontal center-text\">\r\n                <span class=\"no-break\"><span class=\"white\">DESDE: <\/span><span class=\"price white\"><b>$99<\/b><\/span> <span class=\"white\"> \/PAQUETE<\/span><\/span>\r\n            <\/div>\r\n        <\/div>\r\n        <div class=\"x-content-band marginless-columns mbn ptn pbn\">\r\n            <div class=\"x-container\">\r\n                [gap size=\"1em\"]\r\n            [search-availability layout=\"horizontal\" hide_title=\"true\" class=\"no-bg pan\"]\r\n                [gap size=\"1em\" class=\"x-hidden-phone\"]\r\n            <\/div>\r\n        <\/div>\r\n    <\/div>\r\n    [gap size=\"1em\" class=\"x-visible-phone\"]\r\n<\/div>\r\n\r\n\r\n\r\n<div class=\"center-text x-breadcrumb-wrap x-visible-phone\">\r\n [subscribe modal=\"true\" trigger=\"link\" show_name=\"true\" trigger_content=\"<i class=\"fas fa-envelope \" aria-hidden=\"true\"><\/i>SUSCR\u00cdBETE PARA OFERTAS Y DESCUENTOS ESPECIALES\"]\r\n<\/div>\r\n<div class=\"x-container max width mtl\">\r\n    [gap size=\"1em\"]\r\n    <div class=\"x-column x-sm x-1-4\">\r\n        <div class=\"email-sidebar mbl x-hidden-phone\">\r\n            [subscribe headline=\"Suscr\u00edbete para Ofertas y Descuentos Especiales\" show_name=\"true\" class=\"pan man\" confirm_content=\"<div class='pam' style='background:#a3d2b4; color:#fff;'><h6 class='mts'>\u00a1Gracias por Suscribirte! <br\/> Recuerda verificar tu correo electr\u00f3nico<\/h6> <\/div>\"]\r\n        <\/div>\r\n        [content-block name=\"call-hours\"]\r\n    <\/div>\r\n    <div class=\"x-column x-sm x-3-4 last\">\r\n\r\n\r\n\r\n\r\n\r\n<!-- Intro -->\r\n      <h2 class=\"h3 mtn mbs stack-center-m\">Ofertas y Paquetes de Vacaciones de Oto\u00f1o<\/h2>\r\n        <div class=\"x-column x-sm x-1-3 mbm\">\r\n            <wf-scroll hash=\"gat\" class=\"x-btn x-btn-block btn-gray x-btn-transparent\">Vacaciones en Gatlinburg <\/wf-scroll>\r\n        <\/div>\r\n        <div class=\"x-column x-sm x-1-3 mbm\">\r\n            <wf-scroll hash=\"orl\" class=\"x-btn x-btn-block btn-gray x-btn-transparent\">Vacaciones en Orlando <\/wf-scroll>\r\n        <\/div>\r\n        <div class=\"x-column x-sm x-1-3 last mbm\">\r\n            <wf-scroll hash=\"bran\" class=\"x-btn x-btn-block btn-gray x-btn-transparent\">Vacaciones en Branson <\/wf-scroll>\r\n        <\/div>\r\n        [clear]\r\n        <div class=\"x-column x-sm x-1-3 mbm\">\r\n            <wf-scroll hash=\"will\" class=\"x-btn x-btn-block btn-gray x-btn-transparent\">Vacaciones en Williamsburg <\/wf-scroll>\r\n        <\/div>\r\n        <div class=\"x-column x-sm x-1-3 mbm\">\r\n<wf-scroll hash=\"myrtle\" class=\"x-btn x-btn-block btn-gray x-btn-transparent\">Vacaciones en Myrtle Beach <\/wf-scroll>\r\n     \r\n        <\/div>\r\n        <div class=\"x-column x-sm x-1-3 last mbm\">\r\n<wf-scroll hash=\"lv\" class=\"x-btn x-btn-block btn-gray x-btn-transparent\">Vacaciones en Las Vegas <\/wf-scroll>\r\n         \r\n        <\/div>\r\n        [clear]\r\n<div class=\"x-column x-sm x-1-3 mbm\">\r\n            <wf-scroll hash=\"cocoa\" class=\"x-btn x-btn-block btn-gray x-btn-transparent\">Vacaciones en Cocoa Beach <\/wf-scroll>\r\n        <\/div>\r\n        <div class=\"x-column x-sm x-1-3 mbm\">\r\n            \r\n        <\/div>\r\n        <div class=\"x-column x-sm x-1-3 last mbm\">\r\n            \r\n        <\/div>\r\n        [clear]\r\n        <p class=\"mtm\">Cuando se trata de vacaciones, una de las mejores \u00e9pocas del a\u00f1o para viajar es en oto\u00f1o. Ya sea que est\u00e9s buscando un fabuloso recorrido por los colores del oto\u00f1o o la oportunidad de experimentar los famosos parques tem\u00e1ticos de Orlando sin el calor del verano de Florida, ofrecemos una escapada de oto\u00f1o ideal para cada familia. A diferencia de las concurridas temporadas de verano y vacaciones, vacacionar en oto\u00f1o generalmente significa mejores precios y menos gente en los destinos m\u00e1s populares. Echa un vistazo a algunos de los muchos paquetes de vacaciones de oto\u00f1o que se ofrecen en Westgate Resorts y descubre por qu\u00e9 tanta gente se enamora de nuestras escapadas de oto\u00f1o. Desde las monta\u00f1as hasta la playa y los parques tem\u00e1ticos, puedes disfrutar de una espectacular escapada en un resort con alojamientos de lujo y una amplia lista de comodidades y actividades llenas de diversi\u00f3n.<\/p>\r\n[line]\r\n<!--\/-->\r\n\r\n\r\n<!-- Gatlinburg destination -->\r\n<div id=\"gat\"><\/div>\r\n    <h2 class=\"h3 mtl mbs stack-center-m\">Ofertas de oto\u00f1o a Gatlinburg:<\/h3>\r\n        <p>Gatlinburg, ubicado en el coraz\u00f3n de las Smoky Mountains, es un destino especial en cualquier \u00e9poca del a\u00f1o. Pero no hay nada como las Smoky Mountains en oto\u00f1o, cuando los \u00e1rboles estallan en vibrantes tonos de rojo, naranja y amarillo. Una visita en oto\u00f1o a Gatlinburg, especialmente al centro de la ciudad con sus numerosos eventos, es una escapada que nunca olvidar\u00e1s f\u00e1cilmente.<\/p>\r\n    [specials ids=\"11386, 10880\"] \r\n<!--\/-->\r\n[line]\r\n\r\n<!-- Orlando destination -->\r\n<div id=\"orl\"><\/div>\r\n    <h3 class=\"h3 mtl mbm stack-center-m\" >Ofertas de oto\u00f1o en Orlando:<\/h3>\r\n        <p>Durante las vacaciones escolares y las temporadas de vacaciones, las multitudes en Disney World pueden ser enormes. \u00a1Por qu\u00e9 no evitar el calor del verano y las multitudes visitando Orlando en oto\u00f1o! No te preocupes, a\u00fan disfrutar\u00e1s de temperaturas c\u00e1lidas y el brillo subtropical del sol, y probablemente encontrar\u00e1s filas m\u00e1s cortas en tus atracciones y juegos favoritos. Tambi\u00e9n encontrar\u00e1s algunos de los mejores festivales de oto\u00f1o en Orlando en esta \u00e9poca del a\u00f1o.<\/p>\r\n    [specials ids=\"20214, 10869\"] \r\n<!--\/-->\r\n[line]\r\n\r\n<!-- Branson destination -->\r\n<div id=\"bran\"><\/div>\r\n    <h2 class=\"h3 mtl mbs stack-center-m\">Ofertas de oto\u00f1o en Branson:<\/h3>\r\n        <p>Situado en las incre\u00edbles monta\u00f1as Ozark de Missouri, Branson es una ciudad llena de diversi\u00f3n que recibe encantada la visita de las familias. Encontrar\u00e1 muchos espect\u00e1culos en vivo y recreaci\u00f3n al aire libre, adem\u00e1s de un emocionante parque tem\u00e1tico en Silver Dollar City. No hay mejor momento para visitarla que el oto\u00f1o para apreciar las monta\u00f1as circundantes y las coloridas hojas de los \u00e1rboles.<\/p>\r\n    [specials ids=\"5641, 10400, 10884\"] \r\n<!--\/-->\r\n[line]\r\n\r\n<!-- Williamsburg destination -->\r\n<div id=\"will\"><\/div>\r\n    <h2 class=\"h3 mtl mbs stack-center-m\">Ofertas de oto\u00f1o en Williamsburg:<\/h3>\r\n        <p>Williamsburg en oto\u00f1o es diferente a cualquier otro lugar. Encontrar\u00e1s sitios hist\u00f3ricos, hermosos jardines y visitas intrigantes y recreaciones en sus distritos coloniales. Tambi\u00e9n descubrir\u00e1s festivales de cosecha de temporada, tours de fantasmas embrujados, celebraciones hist\u00f3ricas de Halloween, festivales de arte y mucho m\u00e1s, todo ello en medio del colorido follaje oto\u00f1al de Virginia.<\/p>\r\n    [specials ids=\"5666, 20083\"] \r\n<!--\/-->\r\n[line]\r\n\r\n<!-- destination -->\r\n<div id=\"myrtle\"><\/div>\r\n    <h3 class=\"h3 mtl mbm stack-center-m\" >Ofertas de oto\u00f1o en Myrtle Beach:<\/h3>\r\n        <p>\u00a1Experimenta el sol y la diversi\u00f3n de la playa favorita de Am\u00e9rica para familias con un paquete de vacaciones en un resort en Myrtle Beach en oto\u00f1o! A lo largo de la Gran Franja de Carolina del Sur, disfrutar\u00e1s del golf, deportes acu\u00e1ticos, teatro, pesca, parques de atracciones, compras, restaurantes o simplemente relaj\u00e1ndote en la playa. <\/p>\r\n    [specials ids=\"5654\" show_hidden=\"true\"] \r\n<!--\/-->\r\n[line]\r\n\r\n<!-- Las Vegas destination -->\r\n<div id=\"lv\"><\/div>\r\n    <h2 class=\"h3 mtl mbs stack-center-m\">Oferta de oto\u00f1o en Las Vegas:<\/h3>\r\n        <p>El oto\u00f1o es una \u00e9poca incre\u00edble para visitar la fabulosa Las Vegas. El clima est\u00e1 m\u00e1s fresco, lo que resulte ideal a la hora de explorar la variedad de mega resorts y casinos de La Franja de Las Vegas (Vegas Strip). Le encantar\u00e1 salir a jugar golf al aire libre, visitar la presa Hoover o hacer senderismo en el \u00c1rea Nacional de Conservaci\u00f3n del Ca\u00f1\u00f3n Red Rock. Y ser\u00e1 un buen momento tambi\u00e9n para ir a los casinos o a las apuestas deportivas y ver a sus equipos de f\u00fatbol favoritos en acci\u00f3n.<\/p>\r\n    [specials ids=\"22581\"] \r\n<!--\/-->\r\n[line]\r\n\r\n<!-- Cocoa Beach destination -->\r\n<div id=\"cocoa\"><\/div>\r\n    <h2 class=\"h3 mtl mbs stack-center-m\">Ofertas de oto\u00f1o en Cocoa Beach:<\/h3>\r\n        <p>La mayor\u00eda de las personas asocia tomar vacaciones en la playa con la \u00e9poca de verano. Sin embargo, el oto\u00f1o tambi\u00e9n es un buen momento para visitar Cocoa Beach. Aunque el clima es m\u00e1s fresco que la abrasadora temporada de sol de verano en el centro de Florida, todav\u00eda disfrutar\u00e1 de las temperatura c\u00e1lida de la estaci\u00f3n y de la agradable temperatura del agua del oc\u00e9ano. Tambi\u00e9n es una ocasi\u00f3n ideal para visitar el centro espacial o el zool\u00f3gico de Brevard pr\u00f3ximo a Cocoa Beach.<\/p>\r\n    [specials ids=\"22871\"] \r\n<!--\/-->\r\n[line]\r\n\r\n\r\n\r\n\r\n    <\/div>\r\n    [clear]\r\n    [gap size=\"2em\"]\r\n<\/div>\r\n<!----->\r\n<div style=\"background: #efefef;\">\r\n    <div class=\"x-container max width ptl pbl center-text\">\r\n<h3>Comience a planificar sus vacaciones de oto\u00f1o con <a href=\"[home_url]\">Westgate Reservations<\/a><\/h3>\r\n<p>Consulte nuestros nuevos blogs y descubra algunas de las m\u00e1s grandiosas aventuras de viajes para realizar en el oto\u00f1o.<\/p>\r\n[recent_posts count=\"3\" ]\r\n\r\n[gap size=\"2em\"]\r\n      \r\n    <\/div>\r\n<\/div>\r\n<!-- call banner-->\r\n<div style=\"background: #232c35;\">\r\n    <div class=\"x-container max width\">\r\n        [gap size=\"1em\"]\r\n        <div class=\"x-column x-sm x-2-3 white stack-center-m pas\">\r\n            <h5 class=\"font-lighter white man\">Reserve sus vacaciones de oto\u00f1o hoy mismo.<\/h5>\r\n            <p>\u00a1Ll\u00e1menos ahora para obtener descuentos actualizados para el paquete de vacaciones de oto\u00f1o de su elecci\u00f3n!<\/p>\r\n        <\/div>\r\n        <div class=\"x-column x-sm x-1-3 pam last\">\r\n            [phone_link class=\"x-btn x-btn-block btn-orange\"]Comun\u00edquese al  [tel][\/phone_link]\r\n            [gap size=\"1em\" class=\"x-visible-phone\"]\r\n        <\/div>\r\n    <\/div>\r\n<\/div>\r\n<!--\/call banner-->\r\n<!-- Recommended Vacation Destinations -->\r\n[container]\r\n<div class=\"x-container max width\">\r\n    [gap size=\"3em\"]\r\n[line]\r\n<div style=\"background: #efefef; padding: 10px 20px 10px 20px;\">\r\n<h5 class=\"mbs mtn h4\">Ofertas Populares para Usted:<\/h5>\r\n                <div class=\"x-column x-sm x-1-4\">\r\n<h6 class=\"mbs mtn\"><i class=\"far fa-compass\"><\/i> Destinos Cerca de Usted<\/h6>\r\n<ul style=\"list-style-type:none;\" >\r\n<li><a href=\"\/es\/vacation-deals\/myrtle-beach\/\" class=\"inheritcolor\"><i class=\"fas fa-angle-right\"><\/i> Vacaciones en Myrtle Beach<\/a><\/li>\r\n<li><a href=\"\/es\/vacation-deals\/vegas\/\" class=\"inheritcolor\"><i class=\"fas fa-angle-right\"><\/i> Vacaciones en Las Vegas<\/a><\/li>\r\n<li><a href=\"\/es\/vacation-deals\/florida\/\" class=\"inheritcolor\"><i class=\"fas fa-angle-right\"><\/i> Vacaciones en Florida<\/a><\/li>\r\n<li><a href=\"\/es\/vacation-deals\/orlando\/\" class=\"inheritcolor\"><i class=\"fas fa-angle-right\"><\/i> Vacaciones en Orlando<\/a><\/li>\r\n<li><a href=\"\/es\/vacation-deals\/gatlinburg\/\" class=\"inheritcolor\"><i class=\"fas fa-angle-right\"><\/i> Vacaciones en Gatlinburg<\/a><\/li>\r\n<li><a href=\"\/es\/vacation-deals\/usa\/\" class=\"inheritcolor\"><i class=\"fas fa-angle-right\"><\/i> Vacaciones en EEUU<\/a><\/li>\r\n<\/ul>\r\n        <\/div>\r\n        <div class=\"x-column x-sm x-1-4\">\r\n<h6 class=\"mbs mtn\"><i class=\"fas fa-chart-line\"><\/i> Ofertas Populares<\/h6>\r\n<ul style=\"list-style-type:none;\">\r\n<li><a href=\"\/es\/vacation-deals\/beach\/\" class=\"inheritcolor\"><i class=\"fas fa-angle-right\"><\/i> Ofertas Vacacionales de Playa<\/a><\/li>\r\n<li><a href=\"\/es\/vacation-deals\/couples\/\" class=\"inheritcolor\"><i class=\"fas fa-angle-right\"><\/i> Paquetes para Parejas<\/a><\/li>\r\n<li><a href=\"\/es\/vacation-deals\/family\/\" class=\"inheritcolor\"><i class=\"fas fa-angle-right\"><\/i> Ofertas para Familias<\/a><\/li>\r\n<li><a href=\"\/es\/vacation-deals\/summer\/\" class=\"inheritcolor\"><i class=\"fas fa-angle-right\"><\/i> Ofertas de Verano<\/a><\/li>\r\n<li><a href=\"\/es\/vacation-deals\/spring\/\" class=\"inheritcolor\"><i class=\"fas fa-angle-right\"><\/i> Ofertas de Primavera<\/a><\/li>\r\n<\/ul>\r\n        <\/div>\r\n        <div class=\"x-column x-sm x-1-4\">\r\n<h6 class=\"mbs mtn\"><i class=\"fas fa-dollar-sign\"><\/i> Lo \u00daltimo<\/h6>\r\n<ul style=\"list-style-type:none;\">\r\n<li><a href=\"\/es\/vacation-deals\/best\/\" class=\"inheritcolor\"><i class=\"fas fa-angle-right\"><\/i> Mejores Ofertas Vacacionales<\/a><\/li>\r\n<li><a href=\"\/es\/vacation-deals\/cheap\/\" class=\"inheritcolor\"><i class=\"fas fa-angle-right\"><\/i> Ofertas Econ\u00f3micas<\/a><\/li>\r\n<li><a href=\"\/es\/vacation-deals\/timeshare\/\" class=\"inheritcolor\"><i class=\"fas fa-angle-right\"><\/i> Ofertas de Tiempo Compartido<\/a><\/li>\r\n<li><a href=\"\/es\/vacation-deals\/weekend\/\" class=\"inheritcolor\"><i class=\"fas fa-angle-right\"><\/i> Ofertas de Fin de Semana<\/a><\/li>\r\n<li><a href=\"\/es\/vacation-deals\/last-minute\/\" class=\"inheritcolor\"><i class=\"fas fa-angle-right\"><\/i> Ofertas de \u00daltimo Minuto<\/a><\/li>\r\n<li><a href=\"\/es\/vacation-deals\/hot\/\" class=\"inheritcolor\"><i class=\"fas fa-angle-right\"><\/i> Ofertas Populares<\/a><\/li>\r\n<\/ul>\r\n        <\/div>\r\n\r\n        <div class=\"x-column x-sm x-1-4 last\">\r\n<h6 class=\"mbs mtn\"><i class=\"fas fa-clipboard-list\"><\/i> Planifica su Viaje<\/h6>\r\n<ul style=\"list-style-type:none;\">\r\n<li><a href=\"\/es\/vacation-deals\/june\/\" class=\"inheritcolor\"><i class=\"fas fa-angle-right\"><\/i> Paquetes de Verano<\/a><\/li>\r\n<li><a href=\"\/es\/vacation-deals\/july\/\" class=\"inheritcolor\"><i class=\"fas fa-angle-right\"><\/i> Ofertas para Julio<\/a><\/li>\r\n<li><a href=\"\/es\/vacation-deals\/october\/\" class=\"inheritcolor\"><i class=\"fas fa-angle-right\"><\/i> Ofertas para Octubre<\/a><\/li>\r\n<li><a href=\"\/es\/vacation-deals\/september\/\" class=\"inheritcolor\"><i class=\"fas fa-angle-right\"><\/i> Ofertas para Septiembre<\/a><\/li>\r\n<li><a href=\"\/es\/vacation-deals\/december\/\" class=\"inheritcolor\"><i class=\"fas fa-angle-right\"><\/i> Ofertas para Diciembre<\/a><\/li>\r\n<\/ul>\r\n         <\/div>\r\n         [clear]\r\n         <div style=\"text-align: center;\" class=\"mtm\">\r\n         <a href=\"https:\/\/www.westgatereservations.com\/es\/\">VER TODAS LAS OFERTAS<\/a>\r\n        <\/div>\r\n<\/div>\r\n[line]\r\n<\/div>\r\n    [gap size=\"3em\"]\r\n[\/container]","protected":false},"excerpt":{"rendered":"<p>From the mountains to the beach to the theme parks, fall is a great time to vacation. Enjoy cooler temps and smaller crowds without missing out on the fun.<\/p>\n","protected":false},"author":9,"featured_media":29177,"parent":16484,"menu_order":0,"comment_status":"closed","ping_status":"closed","template":"template-blank-4.php","meta":{"footnotes":""},"_links":{"self":[{"href":"https:\/\/www.westgatereservations.com\/es\/wp-json\/wp\/v2\/pages\/17408"}],"collection":[{"href":"https:\/\/www.westgatereservations.com\/es\/wp-json\/wp\/v2\/pages"}],"about":[{"href":"https:\/\/www.westgatereservations.com\/es\/wp-json\/wp\/v2\/types\/page"}],"author":[{"embeddable":true,"href":"https:\/\/www.westgatereservations.com\/es\/wp-json\/wp\/v2\/users\/9"}],"replies":[{"embeddable":true,"href":"https:\/\/www.westgatereservations.com\/es\/wp-json\/wp\/v2\/comments?post=17408"}],"version-history":[{"count":0,"href":"https:\/\/www.westgatereservations.com\/es\/wp-json\/wp\/v2\/pages\/17408\/revisions"}],"up":[{"embeddable":true,"href":"https:\/\/www.westgatereservations.com\/es\/wp-json\/wp\/v2\/pages\/16484"}],"wp:featuredmedia":[{"embeddable":true,"href":"https:\/\/www.westgatereservations.com\/es\/wp-json\/wp\/v2\/media\/29177"}],"wp:attachment":[{"href":"https:\/\/www.westgatereservations.com\/es\/wp-json\/wp\/v2\/media?parent=17408"}],"curies":[{"name":"wp","href":"https:\/\/api.w.org\/{rel}","templated":true}]}}