{"id":17158,"date":"2018-03-27T12:12:17","date_gmt":"2018-03-27T16:12:17","guid":{"rendered":"https:\/\/www.westgatereservations.com\/cocoa-beach\/hotels-resorts\/"},"modified":"2019-11-11T17:02:17","modified_gmt":"2019-11-11T22:02:17","slug":"hotels-resorts","status":"publish","type":"page","link":"https:\/\/www.westgatereservations.com\/es\/cocoa-beach\/hotels-resorts\/","title":{"rendered":"Hoteles y Resorts en Cocoa Beach"},"content":{"rendered":"<section role=\"contentinfo\">\r\n    <div>\r\n        <div class=\"ptl background-cover\" style=\"\r\n        background-image:url(https:\/\/westgatecdn.com\/2019\/08\/cocoa-beach-hotels-1.jpg);\">\r\n            <div class=\"x-container max width dshadow x-hidden-phone\">\r\n                <h1 class=\"pts white center-text\">Hoteles y Resorts en Cocoa Beach<\/h1>\r\n                <p class=\"h3 man pts white center-text\">\u00a1Encuentra las vacaciones de tus sue\u00f1os!<\/p>\r\n                <div class=\"center-text white mbl\" style=\"font-weight: 500;\">\r\n                <span>Desde: <\/span><span class=\"h1 white\">$135<\/span>\/noche<\/span>\r\n                <\/div>\r\n            <\/div>\r\n            [gap size=\"1em\"]\r\n            <!----->\r\n            <div class=\"x-container max width search-ow-resort availability-search\">\r\n                <div class=\"x-visible-phone\">\r\n                    <h1 class=\"dshadow mts white center-text\">Hoteles y Resorts en Cocoa Beach<\/h1>\r\n                    <p class=\"h3 dshadow man pts white center-text\">\u00a1Encuentra las vacaciones de tus sue\u00f1os!<\/p>\r\n                    <div class=\"availability-horizontal center-text\">\r\n                        <span class=\"no-break\"><span class=\"white\">Desde: <\/span><span class=\"price white\"><b>$135<\/b><\/span> <span class=\"white\">\/noche<\/span><\/span>\r\n                    <\/div>\r\n                <\/div>\r\n\r\n                <div class=\"x-content-band marginless-columns mbn ptm pbm\">\r\n                    <section role=\"search\">\r\n                        <div class=\"x-container\">\r\n                            <div class=\"x-column x-sm x-1-4 x-hidden-phone\" style=\"vertical-align: middle;\">\r\n                                <p class=\"h3 man white\">Encuentra las mejores tarifas<\/p>\r\n                            <\/div>\r\n                            <div class=\"x-column x-sm x-3-4 last\">\r\n                                [search-availability layout=\"horizontal\" destination=\"Cocoa Beach\" hide_title=\"true\" class=\"no-bg pan\"]\r\n                            <\/div>\r\n                        <\/div>\r\n                    <\/section>\r\n                <\/div>\r\n            <\/div>\r\n            [gap size=\"1em\" class=\"x-visible-phone\"]\r\n            <!---->\r\n        <\/div>\r\n    <\/div>\r\n    [container]\r\n         <div class=\"ptm icon-nav light pbs\">\r\n            [gap size=\"1em\" class=\"x-hidden-phone\"]\r\n                <div class=\"x-column x-1-3 stack-center-m\">\r\n                    <div>\r\n                        [phone_link class=\"inheritcolor\"]\r\n                        <div class=\"x-column x-sm x-1-4\">\r\n                            <i class=\"fas fa-phone fa-2x right-stack-m focus\"><\/i>\r\n                        <\/div>\r\n                        <div class=\"x-column x-sm x-3-4 last\">\r\n                            <p class=\"x-visible-phone mts\" style=\"line-height:1.2em;\">\r\n                                <strong>Llamar a<br\/> book<\/strong>\r\n                            <\/p>\r\n                            <p class=\"x-hidden-phone font-120\">\r\n                                <strong>\u00a1Llama para reservar!<\/strong><br\/>\r\n                                <span>[tel]<\/span>\r\n                            <\/p>\r\n                        <\/div>\r\n                        [\/phone_link]\r\n                        [clear]\r\n                    <\/div>\r\n                <\/div>\r\n                <div class=\"x-column x-1-3 stack-center-m\">\r\n                    <div>\r\n                        [subscribe modal=\"true\" trigger=\"link\" show_name=\"true\" trigger_class=\"inheritcolor\"]\r\n                        <div class=\"x-column x-sm x-1-4\">\r\n                            <i class=\"fas fa-envelope fa-2x right-stack-m\"><\/i>\r\n                        <\/div>\r\n                        <div class=\"x-column x-sm x-3-4 last\">\r\n                            <p class=\"x-visible-phone mts\" style=\"line-height:1.2em;\">\r\n                                <strong>\u00a1Reg\u00edstrese <br\/> para ofertas!<\/strong>\r\n                            <\/p>\r\n                            <p class=\"x-hidden-phone font-120\">\r\n                                <strong>\u00a1Reg\u00edstrese para ofertas! <\/strong><br\/>\r\n                                <span> Ahorre hasta un 40%<\/span>\r\n                            <\/p>\r\n                        <\/div>\r\n                        [\/subscribe]\r\n                        [clear]\r\n                    <\/div>\r\n                <\/div>\r\n                <div class=\"x-column x-1-3 stack-center-m last\">\r\n                    <div>\r\n                        <a href=\"#\"; onclick=\"SnapEngage.startLink();\" class=\"inheritcolor\">\r\n                            <div class=\"x-column x-sm x-1-4\">\r\n                                <i class=\"fas fa-comment-alt fa-2x right-stack-m\"><\/i>\r\n                            <\/div>\r\n                            <div class=\"x-column x-sm x-3-4 last\">\r\n                                <p class=\"x-visible-phone mts\" style=\"line-height:1.2em;\">\r\n                                    <strong>Chat with<br\/> Agents<\/strong>\r\n                                <\/p>\r\n                                <p class=\"x-hidden-phone font-120\">\r\n                                    <strong>Chat en vivo<\/strong><br\/>\r\n                                    <span>Chat con un agente<\/span>\r\n                                <\/p>\r\n                            <\/div>\r\n                        <\/a>\r\n                        [clear]\r\n                    <\/div>\r\n                <\/div>\r\n                [clear]\r\n                [gap size=\"1em\" class=\"x-hidden-phone\"]\r\n            <\/div>\r\n    [\/container]\r\n<\/section>\r\n\r\n\r\n<div class=\"x-colophon\">&nbsp;<\/div>\r\n\r\n\r\n  <div class=\"x-container max width mtm mbs\">\r\n  <!-- topnav -->\r\n        <wf-scroll hash=\"resorts\" class=\"x-btn x-btn-block btn-blue x-btn-transparent x-visible-phone mbl\">\r\nVea nuestro Cocoa Beach Resort<\/wf-scroll>\r\n        <!--\/topnav-->\r\n        [gap size=\"3em\" class=\"x-hidden-phone\"]\r\n            <div class=\"x-column x-sm x-1-2 x-1-2-push rel last\">\r\n            <div class=\"mtm\">\r\n[google_map lat=\"28.351394\" lng=\"-80.608514\" zoom=\"9\" zoom_control=\"true\" drag=\"true\" height=\"350px\" no_container=\"true\" class=\"mbn\"]\r\n[google_map_marker image=\"https:\/\/westgatecdn.com\/2015\/07\/marker-resort.png\" lat=\"28.351394\" lng=\"-80.608514\" info=\"Westgate Cocoa Beach Resort\"][\/google_map_marker]\r\n[google_map_marker image=\"https:\/\/westgatecdn.com\/2015\/08\/Family-Activity.png\" lat=\"28.523510\" lng=\"-80.682721\" info=\"Kennedy Space Center\"][\/google_map_marker]\r\n[google_map_marker image=\"https:\/\/westgatecdn.com\/2015\/07\/shopping-marker1.png\" lat=\"28.332016\" lng=\"-80.611723\" info=\"Ron Jon's Surf Shop\"][\/google_map_marker]\r\n[google_map_marker image=\"https:\/\/westgatecdn.com\/2015\/08\/Family-Activity.png\" lat=\"28.367760\" lng=\"-80.603022\" info=\"Cocoa Beach Pier\"][\/google_map_marker]\r\n[google_map_marker image=\"https:\/\/westgatecdn.com\/2015\/08\/Family-Activity.png\" lat=\"28.224782\" lng=\"-80.713500\" info=\"Brevard Zoo\"][\/google_map_marker]\r\n[\/google_map]\r\n<\/div> \r\n               [clear]\r\n            <\/div>\r\n\r\n            <div class=\"x-column x-sm x-1-2 x-1-2-pull rel\">\r\n                [gap size=\"1em\" class=\"x-visible-phone\"]\r\n                <h2 class=\"h3 man mbs\">Los hoteles de Cocoa Beach perfectos para sus pr\u00f3ximas vacaciones\r\n\r\n<\/h2>\r\n             [dropcap]U[\/dropcap]na gran vacaci\u00f3n familiar en Florida usualmente incluye un paseo a la playa. Puede encontrar surf incre\u00edble, arena y sol desde arriba hasta abajo tanto en la costa del Atl\u00e1ntico como en la Costa del Golfo en el estado del sol.  Y mientras hay literalmente docenas de asombrosos destinos de playa y mar en Florida, Cocoa Beach, FL contin\u00faa atrayendo familias a\u00f1o tras a\u00f1o con su amplia gama de hoteles, atracciones llenas de diversi\u00f3n, y su hermosa zona frente al mar.\r\n<\/p>\r\n<p>\r\nCon tanta actividad de playa cerca de Cocoa, puede estar seguro de que tambi\u00e9n hay una amplia gama de hoteles, moteles, suites, paradores, posadas frente al mar y otros alquileres familiares, condominios, tiempo-compartido y casas de hu\u00e9spedes disponibles todo el a\u00f1o. Muchos admiten mascotas y la mayor\u00eda est\u00e1n llenos de servicios como piscinas, habitaciones m\u00faltiples, acceso a la playa y gimnasios.\r\n<\/p>\r\n               \r\n            <\/div>\r\n            [clear]\r\n        [gap size=\"2em\"]\r\n    <\/div>\r\n\r\n[line]\r\n \r\n<section role=\"contentinfo\">\r\n    <div>\r\n        [container class=\"pbl\"]\r\n            <h3 id=\"resorts\" class=\"mbm left-text\" id=\"specials\">Los mejores hoteles y paradores en Cocoa Beach<\/h3>\r\n            <p>Conduzca hacia arriba y hacia abajo por la Avenida Atl\u00e1ntico Norte en Cocoa Beach y encontrar\u00e1 docenas de opciones de hoteles.  Escoja desde Comfort Inn & Suites en el \u00e1rea de Puerto Ca\u00f1averal, Parador Westgate Cocoa Beach, Suites Hilton Cocoa Beach, Fawlty Towers, y muchas otras suites y lugares de playa que ofrecen f\u00e1cil acceso al Oc\u00e9ano Atl\u00e1ntico y a las arenas blancas de Cocoa Beach.\r\n\r\n<\/p>\r\n        [clear]\r\n            <div class=\"cards\">\r\n[resorts ids=\"12523\"]\r\n\r\n            <\/div>\r\n            [gap size=\"1em\"]\r\n        [\/container]\r\n    <\/div>\r\n<\/section>\r\n\r\n<div style=\"background: #efefef;\">\r\n\r\n<div class=\"x-container max width ptl pbs\">\r\n    <h4 class=\"h3 center-text\" id=\"explore\">Westgate Resorts est\u00e1 justo en el coraz\u00f3n de la acci\u00f3n\r\n<\/h4>\r\n    <div class=\"ptl pbs\">\r\n       [tab_nav type=\"three-up\"]\r\n       [tab_nav_item title=\"Comodidades\r\n\" active=\"true\"]\r\n       [tab_nav_item title=\"Atracciones\" active=\"\"]\r\n       [tab_nav_item title=\"Comentarios\" active=\"\"]\r\n       [\/tab_nav]\r\n       [tabs]\r\n       [tab active=\"true\"] \r\n       \r\n <div class=\"x-container\">\r\n            <div class=\"x-column x-sm x-1-2\">\r\n                <div>\r\n                [image class=\"galleryimg1 interior\" src=\"https:\/\/westgatecdn.com\/2017\/12\/Wakulla-Suites-signature.jpg\" alt=\"Westgate Cocoa Beach | Hoteles y Resorts en Cocoa Beach\" type=\"thumbnail\" link=\"true\" title=\"Resorts en Cocoa Beach\"]\r\n                <\/div>\r\n                <div>\r\n                    <div class=\"x-column x-1-3\">[image class=\"galleryimg1 interior\" src=\"https:\/\/westgatecdn.com\/2017\/12\/Wakulla-Suites-pool.jpg\" alt=\"Piscina de Westgate Cocoa Beach Resort\" type=\"thumbnail\" link=\"true\" title=\"Piscina de Westgate Cocoa Beach Resort\"]<\/div>\r\n\r\n                    <div class=\"x-column x-1-3\">[image class=\"galleryimg1 interior\" src=\"https:\/\/westgatecdn.com\/2017\/12\/Wakulla-Suites-2br-master-bedroom.jpg\" alt=\"Habitciones de Westgate Cocoa Beach Resorts\" type=\"thumbnail\" link=\"true\" title=\"Habitciones de Westgate Cocoa Beach Resorts\"]<\/div>\r\n\r\n                    <div class=\"x-column x-1-3 last\">[image class=\"galleryimg1 interior\" src=\"https:\/\/westgatecdn.com\/2017\/12\/Wakulla-Suites-2br-living-room.jpg\" alt=\"Westgate Cocoa Beach Resort\" type=\"thumbnail\" link=\"true\" title=\"Westgate Cocoa Beach Resort\"]<\/div>\r\n                <\/div>\r\n                [clear]\r\n                [lightbox selector=\".galleryimg1\" deeplink=\"\" opacity=\"0.875\" prev_scale=\"0.75\" prev_opacity=\"0.75\" next_scale=\"0.75\" next_opacity=\"0.75\" orientation=\"horizontal\" thumbnails=\"true\"]\r\n            <\/div>\r\n            <div class=\"x-column x-sm x-1-2 last\">\r\n                <h4 class=\"h5 mtn\">Servicios y actividades en Westgate Cocoa Beach Resort<\/h4>\r\n\r\n<p>Los hoteles en Cocoa Beach ofrecen f\u00e1cil acceso a Puerto Ca\u00f1averal y a los muelles de los cruceros. Las l\u00edneas de cruceros de Disney y de Royal Caribbean todas llaman hogar a Puerto Ca\u00f1averal y usted puede ver muchos de los grandes cruceros entrando y saliendo del puerto.\r\n\r\n<\/p>\r\n \r\n                <p>\r\nEn el parador Westgate Cocoa Beach, usted disfrutar\u00e1 de las comodidades y servicios en el lugar incluyendo:    \r\n\r\n<\/p>\r\n         \r\n[columnize]\r\n<ul> \r\n<li>Espaciosas suites de dos habitaciones <\/li>\r\n<li> Cocina completamente equipada<\/li>\r\n<li> Wi-Fi de alta velocidad<\/li>\r\n<li> Mostrador 24 horas<\/li>\r\n<li>TV por cable con HBO\r\n<\/li>\r\n<li>Piscina exterior con calentado<\/li>\r\n<li> Sal\u00f3n de juegos<\/li>\r\n<li>Juego de Tejo  <\/li>\r\n<li> Voleibol de playa <\/li>\r\n<li>Patio con jard\u00edn<\/li>\r\n<li> Parrillas de barbacoa<\/li>\r\n<li>Acceso directo a Cocoa Beach<\/li>\r\n<li>Transportaci\u00f3n gratuita a Victory Casino Cruises<\/li>\r\n<li>Transportaci\u00f3n gratuita al Muelle de Cocoa Beach<\/li>\r\n<\/ul>\r\n[\/columnize]\r\n\r\n            <\/div>\r\n        <\/div>\r\n       [\/tab]\r\n       [tab] \r\n\r\n<h4 class=\"h5 mtn\">Atracciones cerca de Hoteles en Cocoa Beach, Florida\r\n\r\n<\/h4>\r\n               \r\n\r\n<div>\r\n<div class=\"x-column x-sm x-1-3\">\r\n<img decoding=\"async\" class=\"x-img-thumbnail\" src=\"https:\/\/westgatecdn.com\/2018\/03\/cocoa-beach-pier.jpg\" alt=\"Muelle de Westgate Cocoa Beach Resort\">\r\n<h5 class=\"h-custom-headline accent\"><span>Muelle Cocoa Beach<\/span><\/h5> \r\n<\/div>\r\n<div class=\"x-column x-sm x-1-3\">\r\n<img decoding=\"async\" class=\"x-img-thumbnail\" src=\"https:\/\/westgatecdn.com\/2017\/12\/ron-jon-surf-shop-cocoa.jpg\" alt=\"Atracciones de Cocoa Beach | Ron Jon Surf Shop\">\r\n<h5 class=\"h-custom-headline accent\"><span>Ron Jon Surf Shop<\/span><\/h5> \r\n<\/div>\r\n<div class=\"x-column x-sm x-1-3\">\r\n<img decoding=\"async\" class=\"x-img-thumbnail\" src=\"https:\/\/westgatecdn.com\/2017\/12\/brevard-zoo-giraffe.jpg\" alt=\"Zoologico Brevard en Cocoa Beach\">\r\n<h5 class=\"h-custom-headline accent\"><span>Brevard Zoo<\/span><\/h5> \r\n<\/div>\r\n<\/div>\r\n<p>Localizado cerca de Puerto Ca\u00f1averal y Cabo Ca\u00f1averal, el parador tambi\u00e9n ofrece f\u00e1cil acceso al puerto de cruceros, al Complejo de Visitantes del Centro Espacial Kennedy, al Zool\u00f3gico Brevard, al Ron Jon Surf Shop, a la tienda de Dinosaurios y la Zona de la Aventura, y al Muelle Cocoa Beach.  El Muelle es el destino ideal para un d\u00eda fabuloso en la playa.  Usted puede alquilar virtualmente cualquier tipo de equipo de playa y el Muelle Cocoa Beach ofrece una variedad de restaurantes especializados y bares, algunos presentando entretenimiento en vivo. El muelle es el lugar ideal para probar su suerte pescando, puede intentar con el deporte m\u00e1s famoso de Cocoa Beach - surfing.  Intente un \"hang ten\" o mire a otros intentarlo. El Muelle tambi\u00e9n es el hogar de muchas competencias de surfing durante el a\u00f1o.  Los restaurantes incluyen el Rikki Tiki Tavern, Keith's Oyster Bar, The Boardwalk Bar, Pelican's Bar & Grill Sea Dogs.   .<\/p>\r\n\r\n<p>  El otro Ca\u00f1averal, Cabo Ca\u00f1averal, es el hogar de Centro Espacial Kennedy donde usted puede explorar el mundo del espacio y el viaje al espacio a trav\u00e9s de los a\u00f1os.  Cocoa Beach, FL est\u00e1 a s\u00f3lo una hora conduciendo a Orlando, FL en donde encontrar\u00e1 el Parador de Walt Disney World, el Parador de Universal en Orlando, Sea World en Orlando y muchos otros parques tem\u00e1ticos de clase mundial, parques acu\u00e1ticos y m\u00e1s.  Disney World presenta cuatro parques tem\u00e1ticos excepcionales en Epcot, Magic Kingdom, Disney's Hollywood Studios and Disney's Animal Kingdom, adem\u00e1s de dos parques acu\u00e1ticos - Blizzard Beach and Typhoon Lagoon.  Mientras tanto Universal ofrece Universal Studios en Florida, Universal's Islands of Adventure y el nuevo parque acu\u00e1tico Volcano Bay.  Orlando tambi\u00e9n incluye un s\u00ednnumero de compras de clase mundial, cenas y vida nocturna - todo a poca distancia de Cocoa Beach, Florida.<\/p>\r\n       [\/tab]\r\n       [tab] \r\n        <div>\r\n<div class=\"x-column x-1-2 x-sm review-bars\">\r\n<div class=\"rating\">\r\n        <i class=\"fas fa-star\" aria-hidden=\"true\"><\/i>\r\n        <i class=\"fas fa-star\" aria-hidden=\"true\"><\/i>\r\n        <i class=\"fas fa-star\" aria-hidden=\"true\"><\/i>\r\n        <i class=\"fas fa-star\" aria-hidden=\"true\"><\/i>\r\n        <i class=\"far fa-star-half \" aria-hidden=\"true\"><\/i>\r\n<span>4.5\/5 (84)<\/span>\r\n    <\/div>\r\n        <div class=\"bar-wrap\">\r\n        [skill_bar heading=\"5 Star\" percent=\"82%\"]\r\n        <\/div>\r\n        <div class=\"bar-wrap\">\r\n        [skill_bar heading=\"4 Star\" percent=\"17%\"]\r\n        <\/div>\r\n        <div class=\"bar-wrap\">\r\n        [skill_bar heading=\"3 Star\" percent=\"07%\"]\r\n        <\/div>\r\n        <div class=\"bar-wrap\">\r\n        [skill_bar heading=\"2 Star\" percent=\"3%\"]\r\n        <\/div>\r\n        <div class=\"bar-wrap\">\r\n        [skill_bar heading=\"1 Star\" percent=\"1%\"]\r\n        <\/div>\r\n    <\/div>\r\n    <div class=\"x-column x-1-2 x-sm last\">\r\n <h4 class=\"h5 mtn\">Wakulla Suites comentarios\r\n\r\n<\/h4>\r\n    <p class=\"mtm\">Seg\u00fan las opiniones de los hu\u00e9spedes, Westgate Cocoa Beach Resort sigue siendo uno de los resorts con vista al mar m\u00e1s populares en Cocoa Beach. La propiedad tropical de Westgate en N Atlantic Ave cuenta con amplias y c\u00f3modas suites. Con un registro de llegada y salida r\u00e1pido y f\u00e1cil, es un destino ideal para su pr\u00f3xima escapada a Cocoa Beach. Cons\u00faltenos sobre nuestras ofertas especiales m\u00e1s actuales.\r\n<\/p>\r\n    <\/div>\r\n<\/div>\r\n    [clear]\r\n\r\n       [\/tab]\r\n\r\n       [\/tabs]\r\n    <\/div>\r\n    [gap size=\"3em\"]\r\n<\/div>\r\n\r\n<\/div>\r\n\r\n    <div class=\"x-container max width ptl\">\r\n        <h5 class=\"h3 center-text\">Preguntas frecuentes<\/h5>\r\n        <div class=\"ptl pbl\">\r\n            [accordion]\r\n            [accordion_item title=\"\u00bfAceptan mascotas en Cocoa Beach?\"]\r\n            <p>Una amplia gama de hoteles proporcionan opciones para mascotas.  No hay playas en las que acepten perros directamente en Cocoa Beach, sin embargo, usted puede disfrutar de la playa Canova Dog en las cercan\u00edas de Indialantic, FL. El parque playero de 9.1 acres ofrece un pabell\u00f3n con parrillas, gazebo para pasad\u00edas, as\u00ed como restaurantes y duchas exteriores.  Los perros pueden estar con su correa y usar chapas que muestren su licencia y vacunas.\r\n\r\n\r\n            <\/p>\r\n            [\/accordion_item] \r\n            [\/accordion]\r\n            [accordion]\r\n            [accordion_item title=\"\u00bfPuedo tomar clases de surfing en Cocoa Beach?\r\n\"]\r\n            <p>Como la Capital del Suf en la Costa Este, usted encontrar\u00e1 muchas opciones de clases de surf privadas y grupales. Usted tambi\u00e9n podr\u00e1 comprar o alquilar equipo de surfing en Ron Jon Surf Shop o en Cocoa Beach Surf Company.\r\n <\/p>\r\n            [\/accordion_item] \r\n            [\/accordion]\r\n            [accordion]\r\n            [accordion_item title=\"\u00bfQu\u00e9 es el muelle Cocoa Beach?\"]\r\n            <p>El muelle Westgate Cocoa Beach Pier es un lugar prominente hist\u00f3rico, que se extiende 800 pies sobre el Oc\u00e9ano Atl\u00e1ntico.  \u00a1El muelle cuenta con una variedad de restaurantes, bares, tiendas de regalos, pesca, entretenimiento musical en vivo, y unas vistas extraordinarias!\r\n<\/p>\r\n            [\/accordion_item] \r\n            [\/accordion]\r\n        <\/div>\r\n          \r\n            [clear]\r\n        <\/div>\r\n        [gap size=\"3em\"]\r\n    <\/div>\r\n\r\n\r\n<!-- cta bar -->\r\n<section role=\"contentinfo\">\r\n    <div style=\"background: #232c35;\">\r\n        <div class=\"x-container max width\">\r\n            [gap size=\"1em\"]\r\n            <div class=\"x-column x-sm x-2-3 white stack-center-m pas\">\r\n                <h5 class=\"font-lighter white man\">Qu\u00e9dese en Westgate en sus pr\u00f3ximas vacaciones en Cocoa Beach.\r\n<\/h5>\r\n                <p>Acceso directo a la playa, cerca de todas las atracciones populares.  \u00a1Disponibles boletos con descuentos!\r\n\r\n\r\n<\/p>\r\n            <\/div>\r\n            <div class=\"x-column x-sm x-1-3 pam last\">\r\n                [phone_link class=\"x-btn x-btn-block btn-orange\"]Llame al  [tel][\/phone_link]\r\n            <\/div>\r\n        <\/div>\r\n    <\/div>\r\n<\/section>\r\n<!-- additional links -->\r\n<section role=\"contentinfo\">\r\n    <div class=\"x-container max width pbl mtl\">\r\n        <h5 class=\"h5 mtn\">Enlaces Adiccionales de Cocoa Beach<\/h5>\r\n[columnize]\r\n<ul> \r\n<li><a href=\"\/es\/cocoa-beach\/\">Planifica tus Vacaciones en Cocoa Beach<\/a><\/li>\r\n<li><a href=\"\/es\/cocoa-beach\/vacation-packages\/\">Encuentra los Mejores Paquetes Vacacionales de Cocoa Beach<\/a><\/li>\r\n<li><a href=\"\/es\/cocoa-beach\/vacation-rentals\/\">Alquileres Vacacionales en Cocoa Beach<\/a><\/li>\r\n<li><a href=\"\/es\/cocoa-beach\/places-to-stay\/\">D\u00f3nde Quedarse en Cocoa Beach<\/a><\/li>\r\n<li><a href=\"\/es\/cocoa-beach\/hotels-resorts\/near-port-canaveral\/\">Hoteles cerca del Puerto Ca\u00f1averal<\/a><\/li>\r\n<li><a href=\"\/es\/cocoa-beach\/hotels-resorts\/near-kennedy-space\/\">Hoteles cerca del Centro Espacial Kennedy<\/a><\/li>\r\n<li><a href=\"\/es\/cocoa-beach\/hotels-resorts\/ocean-view\/\">Hoteles en Cocoa Beach con Vista al Mar<\/a><\/li>\r\n<\/ul>\r\n[\/columnize]\r\n","protected":false},"excerpt":{"rendered":"<p>Hoteles y Resorts en Cocoa Beach \u00a1Encuentra las vacaciones de tus sue\u00f1os! Desde: $135\/noche [gap size=\"1em\"] Hoteles y Resorts en Cocoa Beach \u00a1Encuentra las vacaciones de tus sue\u00f1os! Desde: $135 ... <\/p>\n<div><a href=\"https:\/\/www.westgatereservations.com\/es\/cocoa-beach\/hotels-resorts\/\" class=\"more-link\">Leer M\u00e1s<\/a><\/div>\n","protected":false},"author":2,"featured_media":0,"parent":17156,"menu_order":0,"comment_status":"closed","ping_status":"closed","template":"template-blank-4.php","meta":{"footnotes":""},"_links":{"self":[{"href":"https:\/\/www.westgatereservations.com\/es\/wp-json\/wp\/v2\/pages\/17158"}],"collection":[{"href":"https:\/\/www.westgatereservations.com\/es\/wp-json\/wp\/v2\/pages"}],"about":[{"href":"https:\/\/www.westgatereservations.com\/es\/wp-json\/wp\/v2\/types\/page"}],"author":[{"embeddable":true,"href":"https:\/\/www.westgatereservations.com\/es\/wp-json\/wp\/v2\/users\/2"}],"replies":[{"embeddable":true,"href":"https:\/\/www.westgatereservations.com\/es\/wp-json\/wp\/v2\/comments?post=17158"}],"version-history":[{"count":0,"href":"https:\/\/www.westgatereservations.com\/es\/wp-json\/wp\/v2\/pages\/17158\/revisions"}],"up":[{"embeddable":true,"href":"https:\/\/www.westgatereservations.com\/es\/wp-json\/wp\/v2\/pages\/17156"}],"wp:attachment":[{"href":"https:\/\/www.westgatereservations.com\/es\/wp-json\/wp\/v2\/media?parent=17158"}],"curies":[{"name":"wp","href":"https:\/\/api.w.org\/{rel}","templated":true}]}}