{"id":16484,"date":"2019-02-19T12:09:52","date_gmt":"2019-02-19T17:09:52","guid":{"rendered":"https:\/\/www.westgatereservations.com\/vacation-deals\/"},"modified":"2025-04-10T12:36:49","modified_gmt":"2025-04-10T16:36:49","slug":"vacation-deals","status":"publish","type":"page","link":"https:\/\/www.westgatereservations.com\/es\/vacation-deals\/","title":{"rendered":"OFERTAS DE VACACIONES"},"content":{"rendered":"[container class=\"mtl mbl pbl\"]\r\n<h1 class=\"p mts mbs center-text\">Paquetes y Ofertas Vacacionales<\/h1>\r\n[line]\r\n<div class=\"x-column x-sm x-1-3\">\r\n<i class=\"fas fa-check-circle fa-2x left prs\" aria-hidden=\"true\" style=\"color:#1E79B0;\"><\/i> <p><b>\r\nAhorra hasta un 40%<\/b> cuando reservas con WestgateReservations.com. Aplican t\u00e9rminos.<\/p>\r\n<\/div>\r\n<div class=\"x-column x-sm x-1-3\">\r\n<i class=\"fas fa-check-circle fa-2x left prs\" aria-hidden=\"true\" style=\"color:#1E79B0;\"><\/i> <p><b>No hay cargos por paquetes cancelados<\/b> 7+ d\u00edas antes de la llegada.<\/p>\r\n<\/div>\r\n<div class=\"x-column x-sm x-1-3 last\">\r\n<i class=\"fas fa-check-circle fa-2x left prs\" aria-hidden=\"true\" style=\"color:#1E79B0;\"><\/i> <p><b>Descuentos y ofertas<\/b> para los principales destinos familiares de EE. UU.<\/p>\r\n<\/div>\r\n[clear]\r\n[line class=\"x-hidden-phone\"]\r\n<div class=\"x-container max width mbm center-text x-hidden-phone\">\r\n<p>Westgate Resorts ofrece resorts lujosos en muchos de los destinos m\u00e1s populares en los EE. UU. Nuestros resorts te colocan a pasos de parques tem\u00e1ticos de clase mundial como Walt Disney World en Orlando, a pasos del oc\u00e9ano en Cocoa Beach, Myrtle Beach y Miami, y en espectaculares paisajes monta\u00f1osos como Gatlinburg y Branson. Donde sea que elijas vacacionar, es probable que tambi\u00e9n ofrezcamos grandes ahorros con nuestras muchas ofertas y paquetes de vacaciones con descuento. Comienza a ahorrar en tus pr\u00f3ximas vacaciones hoy.<\/p>\r\n<\/div>\r\n[line]\r\n<div class=\"x-content-band center-text bg-image marginless-columns pan mbn\">\r\n    <div class=\"x-container\">\r\n        <div class=\"x-column x-sm x-1-3\">\r\n            <div class=\"mas\" style=\"position:relative; overflow: hidden; height: 250px;\">\r\n                <img decoding=\"async\" src=\"https:\/\/westgatecdn.com\/2019\/02\/Florida-Vacation-Deals_600x389.jpg\" style=\"width: 100%; min-height: 250px; alt=\"Florida Vacation Deals | Florida Vacation packages | WestgateReservations\">\r\n                <a ng-href=\"\/es\/vacation-deals\/florida\/\" target=\"_blank\" rel=\"noopener noreferrer\">\r\n                    <div style=\"position: absolute; top: 0; left: 0; right:0; bottom:0; background-color: rgba(0,0,0,.5);\"><\/div>\r\n                    <div style=\"width:100%; position: absolute; top: 50%; left: 50%; transform: translate(-50%, -50%);\">\r\n                        <div class=\"prm plm\">\r\n                            <p class=\"h5 mtm white\">Ofertas Vacacionales de Florida<\/p>\r\n                            <p class=\"white font-120\"> 12 Ofertas Disponibles  <span style=\"color: #d95d31;\">| 2 Ofertas Nuevas<\/span><\/p>\r\n                        <\/div>\r\n                    <\/div>\r\n                <\/a>\r\n            <\/div>\r\n        <\/div>\r\n        <div class=\"x-column x-sm x-1-3 last\">\r\n            <div class=\"mas\" style=\"position:relative; overflow: hidden; height: 250px;\">\r\n                <img decoding=\"async\" src=\"https:\/\/westgatecdn.com\/2019\/02\/family-vacation-deals_600x389.jpg\" style=\"width: 100%; min-height: 250px; alt=\"Family Vacation Deals | Cheap Family Vacation Deals | Westgate Resorts\">\r\n                <a href=\"\/es\/vacation-deals\/family\/\" target=\"_blank\" rel=\"noopener noreferrer\">\r\n                    <div style=\"position: absolute; top: 0; left: 0; right:0; bottom:0; background-color: rgba(0,0,0,.5);\"><\/div>\r\n                    <div style=\"width:100%; position: absolute; top: 50%; left: 50%; transform: translate(-50%, -50%);\">\r\n                            <div class=\"prm plm\">\r\n                                <p class=\"h5 mtm white\">Ofertas Vacacionales para Familias<\/p>\r\n                                <p class=\"white font-120\"> 17 Ofertas Disponibles<\/p>\r\n                            <\/div>\r\n                        \r\n                    <\/div>\r\n                <\/a>\r\n            <\/div>\r\n        <\/div>\r\n        <div class=\"x-column x-sm x-1-3\">\r\n            <div class=\"mas\" style=\"position:relative; overflow: hidden; height: 250px;\">\r\n                <img decoding=\"async\" src=\"https:\/\/westgatecdn.com\/2019\/02\/Beach-Vacation-Deals_600x389.jpg\" style=\"width: 100%; min-height: 250px; alt=\"Beach Vacation Deals | Travel Deals Beach | Westgate Beach Vacations\">\r\n                <a href=\"\/es\/vacation-deals\/beach\/\" target=\"_blank\" rel=\"noopener noreferrer\">\r\n                <div style=\"position: absolute; top: 0; left: 0; right:0; bottom:0; background-color: rgba(0,0,0,.5);\"><\/div>\r\n                <div style=\"width:100%; position: absolute; top: 50%; left: 50%; transform: translate(-50%, -50%);\">\r\n                    <div class=\"prm plm\">\r\n                        <p class=\"h5 mtm white\">Ofertas Vacacionales de Playa<\/p>\r\n                        <p class=\"white font-120\">3 Ofertas Disponibles <span style=\"color: #d95d31;\">| <i class=\"fas fa-dollar-sign\"><\/i> Paquetes desde <strong>$99<\/strong><\/span><\/p>\r\n                    <\/div>\r\n                <\/div>\r\n                <\/a>\r\n            <\/div>\r\n        <\/div>\r\n    <\/div>\r\n<\/div>\r\n<!-- END ROW 1 -->\r\n<div class=\"read-more\" ng-class=\"{expand: show}\">\r\n<!-- START ROW 2 -->\r\n<div class=\"x-content-band center-text bg-image marginless-columns pan mbn\">\r\n    <div class=\"x-container\">\r\n        <div class=\"x-column x-sm x-1-3\">\r\n            <div class=\"mas\" style=\"position:relative; overflow: hidden; height: 250px;\">\r\n                <img decoding=\"async\" src=\"https:\/\/westgatecdn.com\/2019\/02\/Spring-Vacation-Deals_600x389.jpg\" style=\"width: 100%; min-height: 250px; alt=\"Spring Vacation Deals | Spring break Trips | Spring Vacations Westgate Resorts \">\r\n                <a ng-href=\"\/es\/vacation-deals\/spring\/\" target=\"_blank\" rel=\"noopener noreferrer\">\r\n                <div style=\"position: absolute; top: 0; left: 0; right:0; bottom:0; background-color: rgba(0,0,0,.5);\"><\/div>\r\n                <div style=\"width:100%; position: absolute; top: 50%; left: 50%; transform: translate(-50%, -50%);\">\r\n                        <div class=\"prm plm\">\r\n                            <p class=\"h5 mtm white\">Ofertas Vacacionales de Primavera<\/p>\r\n                            <p class=\"white font-120\"> 17 Ofertas Disponibles<\/p>\r\n                        <\/div>\r\n                <\/div>\r\n                <\/a>\r\n            <\/div>\r\n        <\/div>\r\n        <div class=\"x-column x-sm x-1-3\">\r\n            <div class=\"mas\" style=\"position:relative; overflow: hidden; height: 250px;\">\r\n                <img decoding=\"async\" src=\"https:\/\/westgatecdn.com\/2019\/02\/Summer-Vacation-Deals_600x389.jpg\" style=\"width: 100%; min-height: 250px; alt=\"Summer Vacation Deals | Best Summer Deals | Westgate Summer Deals\">\r\n                <a href=\"\/es\/vacation-deals\/summer\/\" target=\"_blank\" rel=\"noopener noreferrer\">\r\n                <div style=\"position: absolute; top: 0; left: 0; right:0; bottom:0; background-color: rgba(0,0,0,.5);\"><\/div>\r\n                <div style=\"width:100%; position: absolute; top: 50%; left: 50%; transform: translate(-50%, -50%);\">\r\n                        <div class=\"prm plm\">\r\n                            <p class=\"h5 mtm white\">Ofertas Vacacionales de Verano<\/p>\r\n                            <p class=\"white font-120\">20 Ofertas Disponibles<\/p>\r\n                        <\/div>\r\n                <\/div>\r\n                <\/a>\r\n            <\/div>\r\n        <\/div>\r\n        <div class=\"x-column x-sm x-1-3 last\">\r\n            <div class=\"mas\" style=\"position:relative; overflow: hidden; height: 250px;\">\r\n                <img decoding=\"async\" src=\"https:\/\/westgatecdn.com\/2019\/02\/last-minute-travel-deals_600x389.jpg\" style=\"width: 100%; min-height: 250px; alt=\"Last Minute Travel Deals | Westgate's Last Minute Deals\">\r\n                <a href=\"\/es\/vacation-deals\/last-minute\/\" target=\"_blank\" rel=\"noopener noreferrer\">\r\n                <div style=\"position: absolute; top: 0; left: 0; right:0; bottom:0; background-color: rgba(0,0,0,.5);\"><\/div>\r\n                <div style=\"width:100%; position: absolute; top: 50%; left: 50%; transform: translate(-50%, -50%);\">\r\n                        <div class=\"prm plm\">\r\n                            <p class=\"h5 mtm white\">Ofertas de \u00daltimo Minuto<\/p>\r\n                            <p class=\"white font-120\"> 15 Ofertas Disponibles<\/p>\r\n                        <\/div>\r\n                <\/div>\r\n                <\/a>\r\n            <\/div>\r\n        <\/div>\r\n    <\/div>\r\n<\/div>\r\n<!-- END ROW 2 -->\r\n<!-- START ROW 3 -->\r\n<div class=\"x-content-band center-text bg-image marginless-columns pan mbn\">\r\n    <div class=\"x-container\">\r\n        <div class=\"x-column x-sm x-1-3\">\r\n            <div class=\"mas\" style=\"position:relative; overflow: hidden; height: 250px;\">\r\n                <img decoding=\"async\" src=\"https:\/\/westgatecdn.com\/2019\/02\/Las-Vegas-Vacation-Deals_600x389.jpg\" style=\"width: 100%; min-height: 250px; alt=\"Vegas Vacation Deals | Las Vegas Vacations Specials | Westgate Las Vegas Packages\">\r\n                <a ng-href=\"\/es\/vacation-deals\/vegas\/\" target=\"_blank\" rel=\"noopener noreferrer\">\r\n                <div style=\"position: absolute; top: 0; left: 0; right:0; bottom:0; background-color: rgba(0,0,0,.5);\"><\/div>\r\n                <div style=\"width:100%; position: absolute; top: 50%; left: 50%; transform: translate(-50%, -50%);\">\r\n                        <div class=\"prm plm\">\r\n                            <p class=\"h5 mtm white\">Ofertas Vacacionales de Las Vegas<\/p>\r\n                            <p class=\"white font-120\"> 4 Ofertas Disponibles  <span style=\"color: #d95d31;\">| 1 Oferta Nueva<\/span><\/p>\r\n                        <\/div>\r\n                <\/div>\r\n                <\/a>\r\n            <\/div>\r\n        <\/div>\r\n        <div class=\"x-column x-sm x-1-3\">\r\n            <div class=\"mas\" style=\"position:relative; overflow: hidden; height: 250px;\">\r\n                <img decoding=\"async\" src=\"https:\/\/westgatecdn.com\/2019\/02\/Orlando-Travel-Deals_600x389.jpg\" style=\"width: 100%; min-height: 250px; alt=\"Orlando Vacation Deals | Orlando Deals & Packages | Westgate Resorts\">\r\n                <a href=\"\/es\/vacation-deals\/orlando\/\" target=\"_blank\" rel=\"noopener noreferrer\">\r\n                <div style=\"position: absolute; top: 0; left: 0; right:0; bottom:0; background-color: rgba(0,0,0,.5);\"><\/div>\r\n                <div style=\"width:100%; position: absolute; top: 50%; left: 50%; transform: translate(-50%, -50%);\">\r\n                        <div class=\"prm plm\">\r\n                            <p class=\"h5 mtm white\">Ofertas Vacacionales de Orlando<\/p>\r\n                            <p class=\"white font-120\">11 Ofertas Disponibles <span style=\"color: #86ceff;\">| <i class=\"fas fa-award\"><\/i> <strong>Destino Popular<\/strong><\/span><\/p>\r\n                        <\/div>\r\n                <\/div>\r\n                <\/a>\r\n            <\/div>\r\n        <\/div>\r\n        <div class=\"x-column x-sm x-1-3 last\">\r\n            <div class=\"mas\" style=\"position:relative; overflow: hidden; height: 250px;\">\r\n                <img decoding=\"async\" src=\"https:\/\/westgatecdn.com\/2019\/02\/Gatlinburg-Vacation-Deals_600x389.jpg\" style=\"width: 100%; min-height: 250px; alt=\"Gatlinburg Vacation Deals | Gatlinburg Deals & Packages\">\r\n                <a href=\"\/es\/vacation-deals\/gatlinburg\/\" target=\"_blank\" rel=\"noopener noreferrer\">\r\n                <div style=\"position: absolute; top: 0; left: 0; right:0; bottom:0; background-color: rgba(0,0,0,.5);\"><\/div>\r\n                <div style=\"width:100%; position: absolute; top: 50%; left: 50%; transform: translate(-50%, -50%);\">\r\n                        <div class=\"prm plm\">\r\n                            <p class=\"h5 mtm white\">Ofertas Vacacionales de Gatlinburg<\/p>\r\n                            <p class=\"white font-120\"> 30 Ofertas Disponibles<\/p>\r\n                        <\/div>\r\n                <\/div>\r\n                <\/a>\r\n            <\/div>\r\n        <\/div>\r\n    <\/div>\r\n<\/div>\r\n<!-- END ROW 3 -->\r\n <div ng-if=\"!show\" class=\"fade-bottom\"><\/div>\r\n<\/div>\r\n<button class=\"x-visible-phone read-m\" ng-init=\"show = false\" ng-hide=\"show\" ng-click=\"show = !show\">VER M\u00c1S OFERTAS<\/button>\r\n<!--Content-->\r\n<h2 class=\"h3\">Paquetes Vacacionales<\/h2>\r\n<p class=\"x-visible-phone\">Westgate Resorts ofrece resorts lujosos en muchos de los destinos m\u00e1s populares en los EE. UU. Nuestros resorts te colocan a pasos de parques tem\u00e1ticos de clase mundial como Walt Disney World en Orlando, a pasos del oc\u00e9ano en Cocoa Beach, Myrtle Beach y Miami, y en espectaculares paisajes monta\u00f1osos como Gatlinburg y Branson. Donde sea que elijas vacacionar, es probable que tambi\u00e9n ofrezcamos grandes ahorros con nuestras muchas ofertas y paquetes de vacaciones con descuento. Comienza a ahorrar en tus pr\u00f3ximas vacaciones hoy.<\/p>\r\n<p>Ofertas, ofertas y m\u00e1s ofertas. Ahorra en grande en tus vacaciones en la playa, <a href=\"[home_url]specials\/\">paquetes de vacaciones<\/a> de verano, viajes de \u00faltimo minuto y vacaciones en la Florida, Las Vegas, Gatlinburg y m\u00e1s. \u00c9chale un vistazo a todas las ofertas actuales y ve c\u00f3mo puedes gozar la vida en un resort lujoso y disfrutar de las muchas comodidades y actividades exclusivas y llenas de diversi\u00f3n que se ofrecen en nuestras hermosas propiedades.<\/p>\r\n<!-- END Content -->\r\n[\/container]\r\n<!-- call banner-->\r\n<div style=\"background: #232c35;\">\r\n    <div class=\"x-container max width\">\r\n        [gap size=\"1em\"]\r\n        <div class=\"x-column x-sm x-2-3 white stack-center-m pas\">\r\n            <h5 class=\"font-lighter white man\">Reserva tus Vacaciones Hoy<\/h5>\r\n            <p>\u00a1Llama ahora para obtener los \u00faltimos descuentos y ofertas!<\/p>\r\n        <\/div>\r\n        <div class=\"x-column x-sm x-1-3 pam last\">\r\n            [phone_link class=\"x-btn x-btn-block btn-orange\"]Llama al [tel][\/phone_link]\r\n            [gap size=\"1em\" class=\"x-visible-phone\"]\r\n        <\/div>\r\n    <\/div>\r\n<\/div>\r\n<!--\/call banner-->\r\n<!-- Recommended Vacation Destinations -->\r\n[container]\r\n<div class=\"x-container max width\">\r\n    [gap size=\"3em\"]\r\n[line]\r\n<div style=\"background: #efefef; padding: 10px 20px 10px 20px;\">\r\n<h5 class=\"mbs mtn h4\">Ofertas Populares para Ti:<\/h5>\r\n                <div class=\"x-column x-sm x-1-4\">\r\n<h6 class=\"mbs mtn\"><i class=\"far fa-compass\"><\/i> Destinos Cerca de Ti<\/h6>\r\n<ul style=\"list-style-type:none;\" >\r\n<li><a href=\"\/es\/vacation-deals\/myrtle-beach\/\" class=\"inheritcolor\"><i class=\"fas fa-angle-right\"><\/i> Ofertas Vacacionales de Myrtle Beach<\/a><\/li>\r\n<li><a href=\"\/es\/vacation-deals\/usa\/\" class=\"inheritcolor\"><i class=\"fas fa-angle-right\"><\/i> Ofertas Vacacionales de EEUU<\/a><\/li>\r\n<\/ul>\r\n        <\/div>\r\n        <div class=\"x-column x-sm x-1-4\">\r\n<h6 class=\"mbs mtn\"><i class=\"fas fa-chart-line\"><\/i> Ofertas Populares<\/h6>\r\n<ul style=\"list-style-type:none;\">\r\n<li><a href=\"\/es\/vacation-deals\/couples\/\" class=\"inheritcolor\"><i class=\"fas fa-angle-right\"><\/i> Paquetes para Parejas<\/a><\/li>\r\n<li><a href=\"\/es\/vacation-deals\/fall\/\" class=\"inheritcolor\"><i class=\"fas fa-angle-right\"><\/i> Ofertas de Oto\u00f1o<\/a><\/li>\r\n<li><a href=\"\/es\/vacation-deals\/weekend\/\" class=\"inheritcolor\"><i class=\"fas fa-angle-right\"><\/i> Ofertas de Fin de Semana<\/a><\/li>\r\n<\/ul>\r\n        <\/div>\r\n        <div class=\"x-column x-sm x-1-4\">\r\n<h6 class=\"mbs mtn\"><i class=\"fas fa-dollar-sign\"><\/i> Lo \u00daltimo<\/h6>\r\n<ul style=\"list-style-type:none;\">\r\n<li><a href=\"\/es\/vacation-deals\/best\/\" class=\"inheritcolor\"><i class=\"fas fa-angle-right\"><\/i> Mejores Ofertas Vacacionales<\/a><\/li>\r\n<li><a href=\"\/es\/vacation-deals\/cheap\/\" class=\"inheritcolor\"><i class=\"fas fa-angle-right\"><\/i> Ofertas Econ\u00f3micas<\/a><\/li>\r\n<li><a href=\"\/es\/vacation-deals\/timeshare\/\" class=\"inheritcolor\"><i class=\"fas fa-angle-right\"><\/i> Ofertas de Tiempo Compartido<\/a><\/li>\r\n<li><a href=\"\/es\/vacation-deals\/hot\/\" class=\"inheritcolor\"><i class=\"fas fa-angle-right\"><\/i> Ofertas Populares<\/a><\/li>\r\n<\/ul>\r\n        <\/div>\r\n\r\n        <div class=\"x-column x-sm x-1-4 last\">\r\n<h6 class=\"mbs mtn\"><i class=\"fas fa-clipboard-list\"><\/i> Planifica tu Viaje<\/h6>\r\n<ul style=\"list-style-type:none;\">\r\n<li><a href=\"\/es\/vacation-deals\/june\/\" class=\"inheritcolor\"><i class=\"fas fa-angle-right\"><\/i> Paquetes de Verano<\/a><\/li>\r\n<li><a href=\"\/es\/vacation-deals\/july\/\" class=\"inheritcolor\"><i class=\"fas fa-angle-right\"><\/i> Ofertas para Julio<\/a><\/li>\r\n<li><a href=\"\/es\/vacation-deals\/october\/\" class=\"inheritcolor\"><i class=\"fas fa-angle-right\"><\/i> Ofertas para Octubre<\/a><\/li>\r\n<li><a href=\"\/es\/vacation-deals\/september\/\" class=\"inheritcolor\"><i class=\"fas fa-angle-right\"><\/i> Ofertas para Septiembre<\/a><\/li>\r\n<li><a href=\"\/es\/vacation-deals\/december\/\" class=\"inheritcolor\"><i class=\"fas fa-angle-right\"><\/i> Ofertas para Diciembre<\/a><\/li>\r\n<\/ul>\r\n         <\/div>\r\n         [clear]\r\n\r\n<\/div>\r\n[line]\r\n<\/div>\r\n    [gap size=\"3em\"]\r\n[\/container]\r\n    <\/div>\r\n    [gap size=\"3em\"]\r\n<\/div>","protected":false},"excerpt":{"rendered":"<p>[container class=\"mtl mbl pbl\"] Paquetes y Ofertas Vacacionales [line] Ahorra hasta un 40% cuando reservas con WestgateReservations.com. Aplican t\u00e9rminos. No hay cargos por paquetes cancelados 7+ d\u00edas antes de la ... <\/p>\n<div><a href=\"https:\/\/www.westgatereservations.com\/es\/vacation-deals\/\" class=\"more-link\">Leer M\u00e1s<\/a><\/div>\n","protected":false},"author":6,"featured_media":0,"parent":0,"menu_order":0,"comment_status":"closed","ping_status":"closed","template":"template-blank-4.php","meta":{"footnotes":""},"_links":{"self":[{"href":"https:\/\/www.westgatereservations.com\/es\/wp-json\/wp\/v2\/pages\/16484"}],"collection":[{"href":"https:\/\/www.westgatereservations.com\/es\/wp-json\/wp\/v2\/pages"}],"about":[{"href":"https:\/\/www.westgatereservations.com\/es\/wp-json\/wp\/v2\/types\/page"}],"author":[{"embeddable":true,"href":"https:\/\/www.westgatereservations.com\/es\/wp-json\/wp\/v2\/users\/6"}],"replies":[{"embeddable":true,"href":"https:\/\/www.westgatereservations.com\/es\/wp-json\/wp\/v2\/comments?post=16484"}],"version-history":[{"count":0,"href":"https:\/\/www.westgatereservations.com\/es\/wp-json\/wp\/v2\/pages\/16484\/revisions"}],"wp:attachment":[{"href":"https:\/\/www.westgatereservations.com\/es\/wp-json\/wp\/v2\/media?parent=16484"}],"curies":[{"name":"wp","href":"https:\/\/api.w.org\/{rel}","templated":true}]}}