{"id":16473,"date":"2019-02-19T14:55:20","date_gmt":"2019-02-19T19:55:20","guid":{"rendered":"https:\/\/www.westgatereservations.com\/florida\/"},"modified":"2025-03-12T16:43:42","modified_gmt":"2025-03-12T20:43:42","slug":"florida","status":"publish","type":"page","link":"https:\/\/www.westgatereservations.com\/es\/vacation-deals\/florida\/","title":{"rendered":"Ofertas Vacacionales de Florida"},"content":{"rendered":"<div class=\"fw-absolute ptm\">\r\n<div class=\"fw-container\">\r\n    <img class=\"banner\" ng-cloak ng-src=\"{{app.data.is_mobile && 'https:\/\/westgatecdn.com\/2019\/06\/Florida-Vacation-Deals-mobile.jpg' || 'https:\/\/westgatecdn.com\/2019\/06\/Florida-Vacation-Deals.jpg'}}\" alt=\"Florida Vacation Deals\">\r\n<\/div>\r\n    <div class=\"x-container max width dshadow x-hidden-phone\" style=\"position: relative;\">\r\n        <h1 class=\"man ptm white center-text\">Ofertas Vacacionales de Florida<\/h1>\r\n        <div class=\"h5 man ptm white center-text\">\u00a1Encuentra tu aventura favorita en Florida!<\/div>\r\n        <div class=\"center-text white mbl mts\">\r\n        <span>DESDE: <\/span><span class=\"h1 white\">$99<\/span> \/PAQUETE<\/span>\r\n        <\/div>\r\n    <\/div>\r\n    [gap size=\"1em\" class=\"x-hidden-phone\"]\r\n    <div class=\"x-container max width search-ow-resort availability-search\">\r\n        <div class=\"x-visible-phone\">\r\n            <h1 class=\"dshadow man pts white center-text\">Ofertas Vacacionales de Florida<\/h1>\r\n            <div class=\"dshadow h5 man pts white center-text\">\u00a1Encuentra tu aventura favorita en Florida!<\/div>\r\n            <div class=\"availability-horizontal center-text\">\r\n                <span class=\"no-break\"><span class=\"white\">DESDE: <\/span><span class=\"price white\"><b>$99<\/b><\/span> <span class=\"white\">\/PAQUETE<\/span><\/span>\r\n            <\/div>\r\n        <\/div>\r\n        <div class=\"x-content-band marginless-columns mbn ptn pbn\">\r\n            <div class=\"x-container\">\r\n                [gap size=\"1em\"]\r\n            [search-availability destination=\"Orlando,Miami,Cocoa Beach\" layout=\"horizontal\" hide_title=\"true\" class=\"no-bg pan\"]\r\n            [gap size=\"1em\" class=\"x-hidden-phone\"]\r\n            <\/div>\r\n        <\/div>\r\n    <\/div>\r\n    [gap size=\"1em\" class=\"x-visible-phone\"]\r\n<\/div>\r\n\r\n\r\n\r\n<div class=\"center-text x-breadcrumb-wrap x-visible-phone\">\r\n [subscribe modal=\"true\" trigger=\"link\" show_name=\"true\" trigger_content=\"<i class=\"fas fa-envelope \" aria-hidden=\"true\"><\/i>Suscr\u00edbete para Ofertas y Descuentos Especiales\"]\r\n<\/div>\r\n<div class=\"x-container max width mtl\">\r\n    [gap size=\"1em\"]\r\n    <div class=\"x-column x-sm x-1-4\">\r\n        <div class=\"email-sidebar mbl x-hidden-phone\">\r\n            [subscribe headline=\"Suscr\u00edbete para Ofertas y Descuentos Especiales\" show_name=\"true\" class=\"pan man\" confirm_content=\"<div class='pam' style='background:#a3d2b4; color:#fff;'><h6 class='mts'>\u00a1Gracias por Suscribirte! <br\/> Recuerda verificar tu correo electr\u00f3nico<\/h6> <\/div>\"]\r\n        <\/div>\r\n        [content-block name=\"call-hours\"]\r\n    <\/div>\r\n    <div class=\"x-column x-sm x-3-4 last\">\r\n<!-- Intro -->\r\n    <h1 class=\"h3 mtn mbs stack-center-m\">Los Mejores Paquetes Vacacionales en Florida<\/h1>\r\n            <hr>\r\n    <p class=\"h6 mt-0\">Ofertas por Destino<\/p>\r\n<wf-scroll hash=\"orl\" class=\"x-btn x-btn btn-gray-light mb-2 mr-2\">Ofertas en Orlando<\/wf-scroll>\r\n<wf-scroll hash=\"theme\" class=\"x-btn x-btn btn-gray-light mb-2 mr-2\">Ofertas con Parques Tem\u00e1ticos<\/wf-scroll>\r\n<wf-scroll hash=\"cocoa\" class=\"x-btn x-btn btn-gray-light mb-2 mr-2\">Ofertas en Cocoa Beach<\/wf-scroll>\r\n<wf-scroll hash=\"river\" class=\"x-btn x-btn btn-gray-light mb-2 mr-2\">Ofertas en River Ranch<\/wf-scroll>\r\n        \r\n  <hr>\r\n        <h2>\u00a1Encuentra las mejores ofertas vacacionales en Florida para ti y tu familia!<\/h2>\r\n        <p class=\"mtm\">\u00bfBuscas unas vacaciones familiares econ\u00f3micas en Florida? Aunque el Estado del Sol es un destino popular para relajarse y experimentar la adrenalina en uno de sus numerosos parques tem\u00e1ticos, los gastos pueden incrementar r\u00e1pidamente. Estamos hablando de viaje, alojamiento, comida, atracciones, souvenirs y m\u00e1s. La buena noticia es que t\u00fa y tu familia podr\u00e1n encontrar paquetes vacacionales econ\u00f3micos en Florida para reducir los costos, y al mismo tiempo, \u00a1crear recuerdos familiares que duren para toda la vida!<\/p>\r\n\r\n<p>Westgate Resorts cuenta con varios resorts en toda Florida, desde Orlando, Cocoa Beach y Kissimmee para ofrecerle a tu familia una variedad de escapadas hechas a la medida. Y, si buscas un gran paquete vacacional en Florida, no te equivocar\u00e1s al escoger nuestro alojamiento de estilo resort que es perfecto para familias grandes y parejas. \u00a1Veamos hoy algunas de las mejores ofertas vacacionales en Florida para ti y tu seres queridos!\r\n\r\n\r\n[line]\r\n<!--\/-->\r\n\r\n\r\n<!-- Orlando destination -->\r\n<div id=\"orl\"><\/div>\r\n    <h2 class=\"h3 mtl mbs stack-center-m\">Ofertas de Paquetes Vacacionales Econ\u00f3micos en Orlando:<\/h3>\r\n        <p>Planear unas vacaciones familiares sin romper el bolsillo es posible; \u00a1d\u00e9janos mostrarte por qu\u00e9 Westgate Reservations tiene los paquetes vacacionales en Orlando que necesitas! Nuestros resorts familiares ofrecen servicios de calidad, alojamiento espacioso y c\u00f3modo, y muchas actividades divertidas para ni\u00f1os. Ya sea nadando en las piscinas al aire libre o experimentando un show en vivo en nuestro teatro, encontrar\u00e1s la forma perfecta de disfrutar de una estad\u00eda en Orlando. Y si est\u00e1s buscando ofertas de \u00faltima hora de vacaciones en Florida, no te preocupes, nosotros te ayudaremos.<\/p>\r\n    [specials ids=\"20214,20706\"] \r\n<!--\/-->\r\n[line]\r\n\r\n<h2 class=\"h3 my-3\">Paquetes Vacacionales de Parques Tem\u00e1ticos en Orlando<\/h2>\r\n<p>Si eres una familia con ni\u00f1os y buscas pasar unas vacaciones inolvidables y econ\u00f3micas en Orlando, has llegado al lugar indicado. Orlando es conocido como la \"Capital Mundial de los Parques Tem\u00e1ticos\" y es hogar de algunas de las atracciones m\u00e1s emocionantes y famosas.<\/p>\r\n\r\n<!-- Disney destination -->\r\n<div id=\"theme\"><\/div>\r\n    <h3 class=\"h3 mtl mbm stack-center-m\" >Paquetes Vacacionales de Disney:<\/h3>\r\n        <p>Si eres un padre que planea unas vacaciones familiares en Disney, sabes que puede convertirse en un asunto caro. Afortunadamente, Westgate Reservations est\u00e1 aqu\u00ed para ofrecerte paquetes vacacionales en Disney que se adaptan a los presupuestos de las familias. Adem\u00e1s de fant\u00e1sticas suites familiares, te encantar\u00e1 la variedad de descuentos y ofertas especiales para familias que van a Disney en Orlando. Desde descuentos para tickets de parques tem\u00e1ticos, hasta ofertas especiales de comida, puedes ahorrar dinero mientras disfrutas de toda la diversi\u00f3n y emoci\u00f3n de Disney World.<\/p>\r\n\r\n<p>As\u00ed que, si est\u00e1s buscando una gran oferta de <a href=\"[home_url]orlando\/theme-parks\/walt-disney-world\/\">vacaciones en Disney World<\/a>, aseg\u00farate de echarle un vistazo a Westgate Reservations. T\u00fa y tu familia disfrutar\u00e1n de un tiempo agradable en Disney sin romper el bolsillo.<\/p>\r\n    [specials ids=\"5658,15530,18343\"] \r\n<!--\/-->\r\n[line]\r\n\r\n<!-- Universal destination -->\r\n    <h3 class=\"h3 mtl mbm stack-center-m\">Paquetes Vacacionales en Universal:<\/h3>\r\n        <p>Al ser un padre de familia con ni\u00f1os, sabes qu\u00e9 tan importante es crear recuerdos inolvidables con tu familia. Y, \u00bfqu\u00e9 mejor manera de crearlos que yendo a Universal Studios en Orlando? Las familias de todo el mundo viajan para conocer Universal Studios, pero algunas familias no pueden disfrutar este parque tem\u00e1tico debido a los precios incrementados. <\/p>\r\n\r\n<p>Aqu\u00ed es donde entra Westgate Reservations. Nosotros ofrecemos <a href=\"[home_url]vacations\/theme-park\/universal-orlando\/\">paquetes de Universal Studios<\/a> o de Universal's Islands of Adventure que son perfectos para las familias que cuentan con un presupuesto ajustado. Las familias como la tuya disfrutar\u00e1n de nuestras suites que alojan hasta a 8 personas; encontrar\u00e1n demasiado espacio para todos.<\/p>\r\n    [specials ids=\"5661,15861,19290\"] \r\n\r\n<!--\/-->\r\n\r\n[line]\r\n<!-- SeaWorld destination -->\r\n       \r\n      <h3 class=\"h3 my-3 stack-center-m\">Paquetes Vacacionales de SeaWorld<\/h3>\r\n      <p>Si eres un padre con ni\u00f1os que busca planear unas vacaciones con presupuesto para SeaWorld en Orlando, entonces querr\u00e1s echarle un vistazo a los <a href=\"[home_url]vacation-deals\/florida\/\">paquetes de vacaciones de SeaWorld<\/a> ofrecidos por Westgate Reservations.<\/p>\r\n\r\n<p>Nuestros resorts est\u00e1n hechos para las familias y nuestras suites espaciosas familiares est\u00e1n dise\u00f1adas para alojar a familias de todos los tama\u00f1os, con una sala de estar separadas y dormitorios, kitchenettes y mucho espacio para estirarse y relajarse luego de un largo d\u00eda de diversi\u00f3n en el parque. Adem\u00e1s, puedes utilizar nuestras cocinas de tama\u00f1o completo para ahorrar el dinerio que te gastar\u00edas comprando comida en los parques tem\u00e1ticos.<\/p>\r\n\r\n<\/p>\r\n[specials ids=\"5663\"] \r\n<!--\/-->\r\n\r\n[line]\r\n\r\n<!-- LEGOLAND destination -->\r\n    <h3 class=\"h3 my-3 stack-center-m\">Paquetes Vacacionales de Legoland<\/h3>\r\n    <p>\u00bfBuscas un paquete vacacional econ\u00f3mico de Legoland? Westgate Reservations ofrece excelentes paquetes y descuentos para las familias, perfectos para visitar Legoland en Orlando. Adem\u00e1s de ahorros en tickets y alojamiento, las familias que reservan un paquete vacacional pueden tambi\u00e9n aprovechar al m\u00e1ximo otros servicios como las piscinas del resort, parques acu\u00e1ticos en el lugar, servicio de spa y m\u00e1s.<\/p>\r\n\r\n<p>Aprovechar al m\u00e1ximo tu viaje no significa que tienes que pasarte de tu presupuesto. As\u00ed que, \u00a1para empezar a planear hoy tu viaje familiar divertido a <a href=\"\/es\/vacations\/theme-park\/legoland-florida\/\">Legoland Florida<\/a> con Westgate Reservations!\r\n<\/p>\r\n \r\n [specials ids=\"11042\"] \r\n<!--\/-->\r\n\r\n[line]\r\n\r\n<h2>Paquetes Vacacionales de Parques Acu\u00e1ticos<\/h2>\r\n<p>Si eres un padre con ni\u00f1os que les encantan los parques acu\u00e1ticos, \u00a1entonces hoy es tu d\u00eda de suerte! Westgate Reservations ofrece paquetes vacacionales fant\u00e1sticos de parques acu\u00e1ticos que incluyen una estad\u00eda en el resort m\u00e1s tickets para el parque acu\u00e1tico. Tus hijos no solo la pasar\u00e1n incre\u00edblemente bien chapoteando, sino que t\u00fa tambi\u00e9n te relajar\u00e1s y disfrutar\u00e1s de un necesario tiempo para descansar. \u00a1No olvides pedir una bebida para que te la tomes junto a la piscina!<\/p>\r\n\r\n<p>Los paquetes de parques acu\u00e1ticos con Westgate Reservations son una gran opci\u00f3n para las familias con un presupuesto ajustado. Dicho esto, tu familia puede disfrutar de los mejores paquetes de parques acu\u00e1ticos en Orlando que se encuentran a solo minutos de tu suite familiar. Y en Westgate reservations, tendr\u00e1s la posibilidad de escoger entre varias ofertas vacacionales en Florida en funci\u00f3n a las necesidades y preferencias de tu familia.<\/p>\r\n\r\n[specials ids=\"20706,8640\"] \r\n<!--\/-->\r\n\r\n<!--section-->\r\n<div class=\"my-4\">\r\n[line]\r\n<h6 class=\"left mtn mbn\">\u00a1Ve m\u00e1s Vacaciones Econ\u00f3micas en Orlando!<\/h6><p class=\"right h6 mtn mbn\"> <a href=\"\/es\/orlando\/cheap-vacations\/\">Por tan solo $99 por paquete <i class=\"fas fa-lg fa-chevron-circle-right\"><\/i><\/a><\/p>\r\n[clear]\r\n<hr class=\"x-hr\" style=\"border: 1px solid #64b4e0\">\r\n<\/div>\r\n<!--\/section-->\r\n\r\n<!-- Cocoa Beach destination -->\r\n\r\n<div id=\"cocoa\"><\/div>\r\n\r\n    <h3 class=\"h3 mtl mbm stack-center-m\">Ofertas Vacacionales Cerca de la Playa en Florida:<\/h3>\r\n        <p>Si buscas un <a href=\"[home_url]vacations\/beach-vacations\/\">viaje divertido a la playa<\/a>, no busques m\u00e1s, \u00a1Westgate Reservations ofrece los mejores resorts playeros al mejor precio! Nosotros ofrecemos paquetes vacacionales sorprendentes cerca de la playa de la hermosa Cocoa Beach. Las familias pueden relajarse y desconectarse con todas las comodidades lujosas. Disfruta las vistas de un espectacular atardecer gracias a habitaciones seleccionadas, f\u00e1cil acceso a la playa con entradas privadas y alojamiento agradable para grupos de todos los tama\u00f1os.<\/p>\r\n\r\n<p>Con seis millas de arena blanca, Cocoa Beach ofrece algo para todos. Disfruta de la diversi\u00f3n bajo el sol, con una escapada tropical frente a la playa. Explora el universo con un viaje al cercano Complejo de Visitantes del Centro Espacial Kennedy. Descubre la emoci\u00f3n del surf en las olas que hacen de Cocoa Beach la capital del surf de la Costa Este. O simplemente disfruta de una comida con una vista incre\u00edble desde el emblem\u00e1tico Westgate Cocoa Beach Pier. <i>Nota: \u00a1Ofrecemos transporte en shuttle para ir al muelle desde nuestro resort!<\/i><\/p>\r\n    [specials ids=\"12882,22871\"] \r\n<!--\/-->\r\n\r\n\r\n[line]\r\n\r\n<!-- River Ranch destination -->\r\n<div id=\"river\"><\/div>\r\n    <h3 class=\"h3 my-3 stack-center-m\">Ofertas de Vacaciones en River Ranch<\/h3>\r\n        <p>Un esc\u00e9nico y tranquilo viaje en coche desde Orlando te conducir\u00e1 al encantador y pintoresco River Ranch, FL, donde podr\u00e1s disfrutar del tranquilo entorno y la belleza natural de esta joya escondida. Si buscas relajarte o explorar las numerosas aventuras naturales que te esperan, River Ranch te ofrece una escapada perfecta lejos del estr\u00e9s y el alboroto de la vida urbana. Aqu\u00ed encontrar\u00e1s nuestro famoso rancho y resort tipo gampling de lujo, situado en 1,700 acres con vistas al pintoresco R\u00edo Kissimmee.\r\n<\/p>\r\n<\/p>\r\n    [specials ids=\"26004\"] \r\n<!--\/-->\r\n\r\n[line]\r\n\r\n<h2>Disfruta los Mejores Paquetes Vacacionales en Florida<\/h2>\r\n<p>Con los paquetes vacacionales de Westgate en Florida, t\u00fa y tu familia crear\u00e1n recuerdos que durar\u00e1n para toda la vida. Nuestros resorts cuentan con amplias habitaciones para todos en tu familia, con excelentes servicios como piscinas y gimnasios. Adem\u00e1s, estan convenientemente situados cerca de algunas de las principales atracciones y playas ic\u00f3nicas de Florida, perfectas para pasar un buen rato al aire libre o disfrutar de un atardecer rom\u00e1ntico. \u00a1Reserva con nosotros hoy y aprovecha al m\u00e1ximo tu pr\u00f3xima escapada inolvidable a Florida!<\/p>\r\n\r\n<p>\u00a1Tampoco te olvides de echarle un vistazo a nuestro sitio web regularmente para ver las ofertas de temporada y las <a href=\"[home_url]vacation-deals\/\">ofertas de resort<\/a> exclusivas para que puedas sacarle el provecho m\u00e1ximo a tu presupuesto de vacaciones!<\/p>\r\n\r\n    <\/div>\r\n    [clear]\r\n    [gap size=\"2em\"]\r\n<\/div>\r\n<!----->\r\n<div style=\"background: #efefef;\">\r\n    <div class=\"x-container max width ptl pbl center-text\">\r\n<h3>Comienza a Planificar tus Vacaciones en Florida<\/h3>\r\n<p>\u00a1\u00c9chale un vistazo nuestros \u00faltimos blogs de viajes y ve c\u00f3mo puedes convertir tus pr\u00f3ximas vacaciones en una aventura en Florida!<\/p>\r\n[recent_posts count=\"3\" orientation=\"horizontal\" category=\"Orlando,Cocoa Beach\"]\r\n\r\n[gap size=\"2em\"]\r\n      \r\n    <\/div>\r\n<\/div>\r\n<!-- call banner-->\r\n<div style=\"background: #232c35;\">\r\n    <div class=\"x-container max width\">\r\n        [gap size=\"1em\"]\r\n        <div class=\"x-column x-sm x-2-3 white stack-center-m pas\">\r\n            <h5 class=\"font-lighter white man\">Reserva unas Vacaciones en la Florida hoy<\/h5>\r\n            <p>\u00a1Llama ahora para obtener los \u00faltimos descuentos en paquetes vacacionales!<\/p>\r\n        <\/div>\r\n        <div class=\"x-column x-sm x-1-3 pam last\">\r\n            [phone_link class=\"x-btn x-btn-block btn-orange\"]Llama al [tel][\/phone_link]\r\n            [gap size=\"1em\" class=\"x-visible-phone\"]\r\n        <\/div>\r\n    <\/div>\r\n<\/div>\r\n<!--\/call banner-->\r\n<!-- Recommended Vacation Destinations -->\r\n[container]\r\n<div class=\"x-container max width\">\r\n    [gap size=\"3em\"]\r\n[line]\r\n<div style=\"background: #efefef; padding: 10px 20px 10px 20px;\">\r\n<h5 class=\"mbs mtn h4\">Ofertas Populares para Usted:<\/h5>\r\n                <div class=\"x-column x-sm x-1-4\">\r\n<h6 class=\"mbs mtn\"><i class=\"far fa-compass\"><\/i> Destinos Cerca de Usted<\/h6>\r\n<ul style=\"list-style-type:none;\" >\r\n<li><a href=\"\/es\/vacation-deals\/myrtle-beach\/\" class=\"inheritcolor\"><i class=\"fas fa-angle-right\"><\/i> Ofertas Vacacionales en Myrtle Beach<\/a><\/li>\r\n<li><a href=\"\/es\/vacation-deals\/vegas\/\" class=\"inheritcolor\"><i class=\"fas fa-angle-right\"><\/i> Ofertas Vacacionales en Las Vegas<\/a><\/li>\r\n<li><a href=\"\/es\/vacation-deals\/orlando\/\" class=\"inheritcolor\"><i class=\"fas fa-angle-right\"><\/i> Ofertas Vacacionales en Orlando<\/a><\/li>\r\n<li><a href=\"\/es\/vacation-deals\/gatlinburg\/\" class=\"inheritcolor\"><i class=\"fas fa-angle-right\"><\/i> Ofertas Vacacionales en Gatlinburg<\/a><\/li>\r\n<li><a href=\"\/es\/vacation-deals\/usa\/\" class=\"inheritcolor\"><i class=\"fas fa-angle-right\"><\/i> Ofertas Vacacionales en EEUU<\/a><\/li>\r\n<\/ul>\r\n        <\/div>\r\n        <div class=\"x-column x-sm x-1-4\">\r\n<h6 class=\"mbs mtn\"><i class=\"fas fa-chart-line\"><\/i> Ofertas Populares<\/h6>\r\n<ul style=\"list-style-type:none;\">\r\n<li><a href=\"\/es\/vacation-deals\/beach\/\" class=\"inheritcolor\"><i class=\"fas fa-angle-right\"><\/i> Ofertas Vacacionales de Playa<\/a><\/li>\r\n<li><a href=\"\/es\/vacation-deals\/couples\/\" class=\"inheritcolor\"><i class=\"fas fa-angle-right\"><\/i> Paquetes para Parejas<\/a><\/li>\r\n<li><a href=\"\/es\/vacation-deals\/family\/\" class=\"inheritcolor\"><i class=\"fas fa-angle-right\"><\/i> Ofertas Vacacionales para Familias<\/a><\/li>\r\n<li><a href=\"\/es\/vacation-deals\/summer\/\" class=\"inheritcolor\"><i class=\"fas fa-angle-right\"><\/i> Ofertas Vacacionales de Verano<\/a><\/li>\r\n<li><a href=\"\/es\/vacation-deals\/spring\/\" class=\"inheritcolor\"><i class=\"fas fa-angle-right\"><\/i> Ofertas Vacacionales de Primavera<\/a><\/li>\r\n<li><a href=\"\/es\/vacation-deals\/fall\/\" class=\"inheritcolor\"><i class=\"fas fa-angle-right\"><\/i> Ofertas Vacacionales de Oto\u00f1o<\/a><\/li>\r\n<\/ul>\r\n        <\/div>\r\n        <div class=\"x-column x-sm x-1-4\">\r\n<h6 class=\"mbs mtn\"><i class=\"fas fa-dollar-sign\"><\/i> Lo \u00daltimo<\/h6>\r\n<ul style=\"list-style-type:none;\">\r\n<li><a href=\"\/es\/vacation-deals\/best\/\" class=\"inheritcolor\"><i class=\"fas fa-angle-right\"><\/i> Mejores Ofertas Vacacionales<\/a><\/li>\r\n<li><a href=\"\/es\/vacation-deals\/cheap\/\" class=\"inheritcolor\"><i class=\"fas fa-angle-right\"><\/i> Ofertas Vacacionales Econ\u00f3micas<\/a><\/li>\r\n<li><a href=\"\/es\/vacation-deals\/timeshare\/\" class=\"inheritcolor\"><i class=\"fas fa-angle-right\"><\/i> Ofertas Vacacionales de Tiempo Compartido<\/a><\/li>\r\n<li><a href=\"\/es\/vacation-deals\/weekend\/\" class=\"inheritcolor\"><i class=\"fas fa-angle-right\"><\/i> Ofertas Vacacionales de Fin de Semana<\/a><\/li>\r\n<li><a href=\"\/es\/vacation-deals\/last-minute\/\" class=\"inheritcolor\"><i class=\"fas fa-angle-right\"><\/i> Ofertas Vacacionales de \u00daltimo Minuto<\/a><\/li>\r\n<li><a href=\"\/es\/vacation-deals\/hot\/\" class=\"inheritcolor\"><i class=\"fas fa-angle-right\"><\/i> Ofertas Vacacionales Populares<\/a><\/li>\r\n<\/ul>\r\n        <\/div>\r\n\r\n        <div class=\"x-column x-sm x-1-4 last\">\r\n<h6 class=\"mbs mtn\"><i class=\"fas fa-clipboard-list\"><\/i> Planifica su Viaje<\/h6>\r\n<ul style=\"list-style-type:none;\">\r\n<li><a href=\"\/es\/vacation-deals\/june\/\" class=\"inheritcolor\"><i class=\"fas fa-angle-right\"><\/i> Paquetes de Verano<\/a><\/li>\r\n<li><a href=\"\/es\/vacation-deals\/july\/\" class=\"inheritcolor\"><i class=\"fas fa-angle-right\"><\/i> Ofertas Vacacionales para Julio<\/a><\/li>\r\n<li><a href=\"\/es\/vacation-deals\/october\/\" class=\"inheritcolor\"><i class=\"fas fa-angle-right\"><\/i> Ofertas Vacacionales para Octubre<\/a><\/li>\r\n<li><a href=\"\/es\/vacation-deals\/september\/\" class=\"inheritcolor\"><i class=\"fas fa-angle-right\"><\/i> Ofertas Vacacionales para Septiembre<\/a><\/li>\r\n<li><a href=\"\/es\/vacation-deals\/december\/\" class=\"inheritcolor\"><i class=\"fas fa-angle-right\"><\/i> Ofertas Vacacionales para Diciembre<\/a><\/li>\r\n<\/ul>\r\n         <\/div>\r\n         [clear]\r\n         <div style=\"text-align: center;\" class=\"mtm\">\r\n         <a href=\"\/es\/vacation-deals\/\">VER TODAS LAS OFERTAS<\/a>\r\n        <\/div>\r\n<\/div>\r\n[line]\r\n<\/div>\r\n    [gap size=\"3em\"]\r\n[\/container]","protected":false},"excerpt":{"rendered":"<p>From Orlando's theme parks and water parks to the sandy beaches, enjoy a fun-filled, discount Florida vacation package that's perfect for your family.<\/p>\n","protected":false},"author":9,"featured_media":0,"parent":16484,"menu_order":0,"comment_status":"closed","ping_status":"closed","template":"template-blank-4.php","meta":{"footnotes":""},"_links":{"self":[{"href":"https:\/\/www.westgatereservations.com\/es\/wp-json\/wp\/v2\/pages\/16473"}],"collection":[{"href":"https:\/\/www.westgatereservations.com\/es\/wp-json\/wp\/v2\/pages"}],"about":[{"href":"https:\/\/www.westgatereservations.com\/es\/wp-json\/wp\/v2\/types\/page"}],"author":[{"embeddable":true,"href":"https:\/\/www.westgatereservations.com\/es\/wp-json\/wp\/v2\/users\/9"}],"replies":[{"embeddable":true,"href":"https:\/\/www.westgatereservations.com\/es\/wp-json\/wp\/v2\/comments?post=16473"}],"version-history":[{"count":0,"href":"https:\/\/www.westgatereservations.com\/es\/wp-json\/wp\/v2\/pages\/16473\/revisions"}],"up":[{"embeddable":true,"href":"https:\/\/www.westgatereservations.com\/es\/wp-json\/wp\/v2\/pages\/16484"}],"wp:attachment":[{"href":"https:\/\/www.westgatereservations.com\/es\/wp-json\/wp\/v2\/media?parent=16473"}],"curies":[{"name":"wp","href":"https:\/\/api.w.org\/{rel}","templated":true}]}}