{"id":15490,"date":"2017-10-11T16:05:37","date_gmt":"2017-10-11T20:05:37","guid":{"rendered":"https:\/\/www.westgatereservations.com\/walt-disney-world\/disney-hollywood-studios\/"},"modified":"2023-11-21T16:55:33","modified_gmt":"2023-11-21T21:55:33","slug":"disney-hollywood-studios","status":"publish","type":"page","link":"https:\/\/www.westgatereservations.com\/es\/orlando\/theme-parks\/walt-disney-world\/disney-hollywood-studios\/","title":{"rendered":"Disney's Hollywood Studios"},"content":{"rendered":"[custom_headline type=\"left\" level=\"h1\" looks_like=\"h3\" class=\"responsive-heading mtn\"]Disney's Hollywood Studios[\/custom_headline]\r\n\r\n<p>Experimente la magia del mundo del espect\u00e1culo en Disney's Hollywood Studios, ubicado en el coraz\u00f3n de Walt Disney World, cerca de Orlando, FL. Desde el momento en que usted y su familia entren a Hollywood Boulevard, se sorprender\u00e1n al ver c\u00f3mo el mundo mundano se transforma en un sue\u00f1o technicolor. Ser\u00e1s teletransportado al pasado a una caprichosa fusi\u00f3n de ne\u00f3n, cromo y art d\u00e9co del Hollywood cl\u00e1sico.<\/p> \r\n\r\nEn Disney's Hollywood Studios, eres m\u00e1s que un espectador: \u00a1t\u00fa y tus peque\u00f1os sois las estrellas! Viaje desde la \u00e9poca dorada de Hollywood a la vanguardia del entretenimiento. Disfrute de un mundo donde las fantas\u00edas del rock 'n' roll cobran vida y las actuaciones al estilo Broadway encienden su imaginaci\u00f3n. Quedar\u00e1 cautivado por la combinaci\u00f3n \u00fanica de cl\u00e1sicos nost\u00e1lgicos y entretenimiento contempor\u00e1neo. Disfrute de la mejor experiencia de Hollywood, completa con oportunidades exclusivas para echar un vistazo detr\u00e1s de escena. \u00a1Descubre el encantador reino de Tinseltown, al estilo Disney, y saborea tu papel protag\u00f3nico en esta inolvidable aventura!<\/p>\r\n\r\n[line]\r\n<!--Top Banner-->\r\n<img decoding=\"async\" src=\"https:\/\/westgatecdn.com\/2017\/10\/hollywood-studios-banner.jpg\" alt=\"Hollywood Studios Orlando\" title=\"Hollywood Studios Orlando\" \/>\r\n<!--\/-->\r\n[line]\r\n\r\n<h3>\u00c1reas alrededor de los estudios de Disney en Hollywood<\/h3>\r\n<p>Experimente un caleidoscopio de maravillas cinematogr\u00e1ficas en Disney's Hollywood Studios, donde ocho \u00e1reas tem\u00e1ticas distintas esperan ser exploradas. Cada uno ofrece un viaje inmersivo a trav\u00e9s de diferentes facetas del cine y la televisi\u00f3n. \u00a1Descubre la magia de Hollywood, abrazando el encanto de anta\u00f1o y el encanto del mundo del entretenimiento actual en esta aventura inolvidable!<\/p>\r\n\r\n<div>\r\n   <div class=\"x-column x-sm x-1-2\">\r\n<img decoding=\"async\" class=\"x-img-thumbnail\" src=\"https:\/\/westgatecdn.com\/2017\/10\/hollywood-boulevard.jpg\" alt=\"Hollywood Boulevard at Hollywood Studios\">\r\n<br>\r\n<br>\r\n<h6 class=\"h-custom-headline accent\"><span>Hollywood Boulevard<\/span><\/h6>\r\n<p>\r\nLa entrada principal del parque, el bulevar, est\u00e1 llena de tiendas, en un estilo que recuerda al Hollywood Boulevard de Los \u00c1ngeles. La calle tambi\u00e9n presenta desfiles y atracciones como la r\u00e9plica del emblem\u00e1tico Teatro Chino, The Great Movie Ride y una r\u00e9plica del restaurante Brown Derby.<\/p>\r\n   <\/div>\r\n<div class=\"x-column x-sm x-1-2 last\">\r\n<img decoding=\"async\" class=\"x-img-thumbnail\" src=\"https:\/\/westgatecdn.com\/2017\/10\/streets-of-america.jpg\" alt=\"Grand Avenue | Hollywood Studios\">\r\n<br>\r\n<br>\r\n<h6 class=\"h-custom-headline accent\"><span>Grand Avenue<\/span><\/h6> \r\n<p>\r\nEsta \u00e1rea, que originalmente era un set de rodaje en funcionamiento, presenta fachadas que se asemejan a la ciudad de Nueva York y San Francisco. Las atracciones incluyen Muppet Vision 3D y restaurantes como PizzeRizzo y BaseLine Tap House.<\/p>\r\n   <\/div>\r\n<div class=\"x-column x-sm x-1-2\">\r\n<img decoding=\"async\" class=\"x-img-thumbnail\" src=\"https:\/\/westgatecdn.com\/2017\/10\/echo-lake.jpg\" alt=\"Echo Lake at Disneys Hollywood Studios\">\r\n<br>\r\n<br>\r\n<h6 class=\"h-custom-headline accent\"><span>Echo Lake<\/span><\/h6> \r\n<p>\r\nEsta \u00e1rea, que representa la arquitectura \"California Crazy\" de la Edad de Oro de Hollywood, presenta una peque\u00f1a laguna con la forma de una de las orejas de Mickey. Las atracciones clave incluyen un ABC Sound Studio, Star Wars Star Tours - The AdventuresContin, The Jedi Training Academy, Indiana Jones Epic Stunt Spectacular, el espect\u00e1culo de acrobacias Raiders of the Lost Ark de Steven Spielberg, el restaurante Sci-Fi Dine-In y m\u00e1s.<\/p>\r\n   <\/div>\r\n<div class=\"x-column x-sm x-1-2 last\">\r\n<img decoding=\"async\" class=\"x-img-thumbnail\" src=\"https:\/\/westgatecdn.com\/2023\/08\/Toy-Story.jpg\" alt=\"Toy Story Land\">\r\n<br>\r\n<br>\r\n<h6 class=\"h-custom-headline accent\"><span>Toy Story Land<\/span><\/h6> \r\n<p>\r\nReduzca el tama\u00f1o al tama\u00f1o de un juguete mientras Toy Story Land est\u00e1 lleno de temas divertidos, detalles caprichosos y estructuras inspiradas en juguetes. \u00a1Encontrar\u00e1s versiones de gran tama\u00f1o de juguetes familiares como bloques de construcci\u00f3n, piezas de tablero de juego y un Woody de tama\u00f1o natural! \u00a1Las principales atracciones incluyen Slinky Dog Dash, Alien Swirling Saucers y Toy Story Mania!\r\n\u200b<\/p>\r\n   <\/div>\r\n[clear]\r\n[blockquote type=\"center\"]\u00a1S\u00ed, puedes personalizar tu propio paquete de vacaciones!<br> Ll\u00e1manos ahora <strong>[phone_link][tel][\/phone_link]<\/strong> [\/blockquote]\r\n<div class=\"x-column x-sm x-1-2\">\r\n<img decoding=\"async\" class=\"x-img-thumbnail\" src=\"https:\/\/westgatecdn.com\/2017\/10\/animation-courtyard.jpg\" alt=\"Animation Courtyard\">\r\n<br>\r\n<br>\r\n<h6 class=\"h-custom-headline accent\"><span>Animation Courtyard<\/span><\/h6> <p>Sum\u00e9rgete en la magia de Animation Courtyard en Disney's Hollywood Studios. Descubra el legado creativo de Walt Disney, viaje a trav\u00e9s de fascinantes exhibiciones y d\u00e9jese cautivar por espect\u00e1culos fascinantes como El viaje de la Little Mermaid. \r\n<\/p>\r\n   <\/div>\r\n<div class=\"x-column x-sm x-1-2 last\">\r\n<img decoding=\"async\" class=\"x-img-thumbnail\" src=\"https:\/\/westgatecdn.com\/2017\/10\/sunset-boulevard.jpg\" alt=\"Sunset Boulevard\">\r\n<br>\r\n<br>\r\n<h6 class=\"h-custom-headline accent\"><span>Sunset Boulevard<\/span><\/h6> \r\n<p>Basado en el verdadero Sunset Boulevard, lo m\u00e1s destacado de esta \u00e1rea es la atracci\u00f3n ic\u00f3nica, The Twilight Zone Tower of Terror. Otras atracciones incluyen la popular monta\u00f1a rusa Rock 'n' Roller Coaster Starring Aerosmith, una emocionante atracci\u00f3n con velocidades de hasta 60 MPH, Beauty and the Beast Live on Stage y el espect\u00e1culo nocturno Fantasmic.<\/p>\r\n   <\/div>\r\n<div class=\"x-column x-sm x-1-2\">\r\n<img decoding=\"async\" class=\"x-img-thumbnail\" src=\"https:\/\/westgatecdn.com\/2023\/08\/Star-Wars-Galaxys-Edge.jpg\" alt=\"Star Wars: Galaxy's Edge\">\r\n<br>\r\n<br>\r\n<h6 class=\"h-custom-headline accent\"><span>Star Wars: Galaxy's Edge<\/span><\/h6> \r\n<p>Avent\u00farate en Star Wars: Galaxy's Edge en Disney's Hollywood Studios. Sum\u00e9rgete en una galaxia muy, muy lejana. Pilota el Halc\u00f3n Milenario, \u00fanete a la Resistencia o prueba cocinas gal\u00e1cticas ex\u00f3ticas: experimenta Star Wars como nunca antes en esta aventura \u00e9pica. \u00a1Aseg\u00farate de ver las fant\u00e1sticas atracciones y atracciones, adem\u00e1s de los famosos patios de bebidas y comidas!<\/p>\r\n<\/p>\r\n  <\/div>\r\n<div class=\"x-column x-sm x-1-2 last\">\r\n<img decoding=\"async\" class=\"x-img-thumbnail\" src=\"https:\/\/westgatecdn.com\/2023\/08\/Hollywood-Studios.jpg\" alt=\"Commissary Lane\">\r\n<br>\r\n<br>\r\n<h6 class=\"h-custom-headline accent\"><span>Commissary Lane<\/span><\/h6> \r\n<p>\u00a1Emb\u00e1rcate en un encantador desv\u00edo por Commissary Lane en Disney's Hollywood Studios! Sum\u00e9rgete en el brillo de la \u00e9poca dorada de Hollywood, saboreando cocinas tentadoras y atracciones atractivas. \u00a1Experimente esta encantadora avenida que mantiene vivo el esp\u00edritu cl\u00e1sico de Tinseltown!<\/p>\r\n   <\/div>\r\n[clear]\r\n\r\n<!-- Packages-->\r\n[custom_headline type=\"left\" level=\"h2\" looks_like=\"h4\" class=\"mtm\"] Paquetes Vacacionales M\u00e1gicos de Disney [\/custom_headline]\r\n[specials ids=\"3419,12619,12623,12740,12737,12741,12725,12766,12624\"]\r\n<!-- \/Packages-->\r\n\r\n<h3>Entretenimiento Adicional<\/h3>\r\n<div>\r\n[column type=\"1\/3\"] \r\n<img decoding=\"async\" class=\"x-img-thumbnail mbm\" src=\"https:\/\/westgatecdn.com\/2017\/10\/hollywood-studios-frozen.jpg\" alt=\"Hollywood Studios Frozen\">\r\n[\/column]\r\n[column type=\"2\/3\" last=\"true\"] \r\n<p>\r\n<strong> Experimenta mucha diversi\u00f3n Congelada <\/strong> - A pesar del c\u00e1lido sol de Florida, encontrar\u00e1s mucha diversi\u00f3n CONGELADA en Disney's Hollywood Studios. \u00danase a las estrellas Anna y Elsa de la exitosa pel\u00edcula de Disney \"Frozen\" en un espect\u00e1culo musical especial: Por primera vez en siempre: una celebraci\u00f3n para cantar a coro de Frozen. Las hermanas reales tambi\u00e9n participan en una procesi\u00f3n especial por el parque.\r\n\u200b\r\n<\/p>\r\n[\/column]\r\n[clear]\r\n[line]\r\n[column type=\"1\/3\"] \r\n<img decoding=\"async\" class=\"x-img-thumbnail mbm\" src=\"https:\/\/westgatecdn.com\/2017\/10\/hollywood-studios-live-show.jpg\" alt=\"Hollywood Studios Live Show\">\r\n[\/column]\r\n[column type=\"2\/3\" last=\"true\"] \r\n<p>\r\n<strong> Disfruta de actuaciones en Vivo <\/strong> - Tambi\u00e9n encontrar\u00e1s muchas otras representaciones teatrales de Disney Hollywood Studios, incluidas La Bella y la Bestia \u2013 Live on Stage, Disney Junior \u2013 Live on Stage e Indiana Jones Epic Stunt Spectacular.\r\n<\/p>\r\n[\/column]\r\n[clear]\r\n[line]\r\n[column type=\"1\/3\"] \r\n<img decoding=\"async\" class=\"x-img-thumbnail mbm\" src=\"https:\/\/westgatecdn.com\/2017\/10\/fantasmic.jpg\" alt=\"Fantasmic\">\r\n[\/column]\r\n[column type=\"2\/3\" last=\"true\"] \r\n<p>\r\n<strong>Fantastic Fantasmic! <\/strong>- \u00a1Uno de los aspectos m\u00e1s destacados de Disney Hollywood Studios Florida es Fantasmic! El espect\u00e1culo de medios mixtos se presenta en una isla frente a un enorme anfiteatro con capacidad para cerca de 10.000 invitados. El espect\u00e1culo, protagonizado por Mickey Mouse como el Aprendiz de Brujo de Fantas\u00eda, combina l\u00e1seres, im\u00e1genes proyectadas, fuegos artificiales, iluminaci\u00f3n y m\u00fasica para crear un espect\u00e1culo impresionante lleno de pr\u00e1cticamente todos los personajes de Disney.\r\n<\/p>\r\n[\/column]\r\n[clear]\r\n<\/div>\r\n[line]\r\n<p>\r\n<strong> Opciones gastron\u00f3micas en el parque <\/strong> en Disney's Hollywood Studios incluyen opciones de servicio r\u00e1pido y servicio de mesa como Hollywood & Vine, 50's Prime Time Caf\u00e9, Mama Melrose's Ristorante Italiano y Roundup Rodeo BBQ.\r\n<\/p>\r\n\r\n<div style=\"background: #efefef;\">\r\n    <div class=\"x-container max width my-5 py-4\">\r\n        <div class=\"row\">\r\n            <div class=\"col\">\r\n                <h2 class=\"h3 mt-3\" id=\"resorts\"> \u00bfBusca complejos tur\u00edsticos cerca de los estudios de Disney Hollywood? <\/h2>\r\n                <p>\u00bfQu\u00e9 podr\u00eda ser mejor que quedarse a pocos minutos de la magia de los Parques Disney? Lo tenemos cubierto con nuestros resorts cerca de Disney World que lo ubicar\u00e1n justo en el coraz\u00f3n de todo.<\/p>\r\n                [resorts ids=\"981, 659, 937\"]\r\n            <\/div>\r\n        <\/div>\r\n    <\/div>\r\n<\/div>\r\n<!---->\r\n\r\n[line]\r\n<h3>Tips para tener un gran viaje a Disney Hollywood Studios<\/h3>\r\n<p>Desde acortar los tiempos de espera hasta saborear delicias imprescindibles, hemos seleccionado estrategias para una aventura inolvidable. Perm\u00edtanos guiarlo a trav\u00e9s de Hollywood, al estilo Disney, para vivir una experiencia que realmente ser\u00e1 digna de atenci\u00f3n con una breve descripci\u00f3n de las principales pol\u00edticas que afectar\u00e1n su experiencia en Disney Hollywood Studios.<\/p>\r\n \r\n<li><strong> Estacionamiento a Hollywood Studios:<\/strong> El estacionamiento en Hollywood Studios es eficiente y conveniente, perfecto para quienes traen sus propios veh\u00edculos. Los tranv\u00edas transportan a los visitantes desde lugares de estacionamiento distantes hasta la puerta principal, lo que garantiza un comienzo perfecto de su aventura en Hollywood.<\/li>\r\n<li><strong>Comida Exterior:<\/strong> \u00a1Trae tus bocadillos favoritos para el d\u00eda! Tenga en cuenta que no se permiten envases de vidrio ni alcohol y, por seguridad de Animal Kingdom, tambi\u00e9n se proh\u00edben las pajitas. \u00a1Mant\u00e9ngase lleno de energ\u00eda para su viaje m\u00e1gico!<\/li>\r\n<li><strong>Coolers:<\/strong> Empaque su picnic en una hielera peque\u00f1a que no exceda las 24 \u2033 por 15 \u2033 por 18 \u2033 y aseg\u00farese de verificar que su hielera no exceda las pautas de tama\u00f1o del parque. Recuerde, no se permite hielo suelto o seco, as\u00ed que opte por una bolsa de hielo para mantener sus art\u00edculos frescos.<\/li>\r\n<li><strong>Vagones:<\/strong> Para la seguridad y comodidad de todos los hu\u00e9spedes, est\u00e1 prohibido llevar art\u00edculos detr\u00e1s de usted, incluidos los carros. Esto garantiza una experiencia Disney fluida y sin obst\u00e1culos para todos.<\/li>\r\n<li><strong>Selfie Sticks:<\/strong> Por favor, deja tu selfie stick en casa. No est\u00e1n permitidos en los parques de Disney World, lo que permite vistas m\u00e1s seguras y sin obst\u00e1culos de la magia que te rodea.<\/li>\r\n\r\n<!---->\r\n<div style=\"background: #efefef;\">\r\n    <div class=\"x-container max width my-5 py-4\">\r\n    \t<div class=\"row mb-3\">\r\n\t        <div class=\"col\">\r\n    <h1 class=\"h3 mb-3\" id=\"faq\">Preguntas Frecuentes<\/h2>\r\n    <div class=\"row\">\r\n    \t<div class=\"col\">\r\n\t\t\t<h2 class=\"h5 mt-1\"><i class=\"far fa-question-circle\"><\/i> \u00bfQu\u00e9 incluye Disney Hollywood Studios?<\/h2>\r\n\t\t\t<h3 class=\"h5 font-smaller mt-0\">Disney's Hollywood Studios tiene m\u00e1s de 20 atracciones y espect\u00e1culos en vivo, as\u00ed como personajes que deambulan por el parque para tomar una fotograf\u00eda r\u00e1pida.<\/h3>\r\n<h2 class=\"h5\"><i class=\"far fa-question-circle\"><\/i> \u00bfVale la pena Disney Hollywood Studios?<\/h2>\r\n\t\t\t<h3 class=\"h5 font-smaller mt-0\"> Absolutamente. Incluso si no eres fan\u00e1tico de Star Wars, hay toneladas de cosas que hacer y atracciones para disfrutar. <\/h3>\r\n\t\t\t<h2 class=\"h5\"><i class=\"far fa-question-circle\"><\/i>\u00bfExisten restricciones sobre lo que puedo llevar a Disney's Hollywood Studios?<\/h2>\r\n\t\t\t<h3 class=\"h5 font-smaller mt-0\">Ciertos art\u00edculos, incluidos carritos, palos para selfies y refrigeradores grandes, no est\u00e1n permitidos por razones de seguridad y comodidad. Consulte el sitio web oficial de Disney para obtener una lista completa y garantizar una entrada perfecta al parque.<\/h3>\r\n\t\t\t<h2 class=\"h5\"><i class=\"far fa-question-circle\"><\/i>\u00bfCu\u00e1l es la mejor manera de navegar por Disney's Hollywood Studios?<\/h2>\r\n\t\t\t<h3 class=\"h5 font-smaller mt-0\"> Utilice el mapa del parque y la aplicaci\u00f3n m\u00f3vil de Disney para guiar su exploraci\u00f3n. Ambos brindan informaci\u00f3n en tiempo real sobre horarios, restaurantes, atracciones y m\u00e1s para ayudarlo a maximizar su experiencia en Hollywood Studios.<\/h3>\r\n    \t<\/div>\r\n    <\/div>\r\n<\/div>\r\n\t    <\/div>\r\n\t<\/div>\r\n<\/div>\r\n\r\n[custom_headline level=\"h3\" looks_like=\"h5\"]Enlaces adicionales de Disney[\/custom_headline]\r\n\r\n[columnize]\r\n<ul>\t\r\n<li><a href=\"\/es\/orlando\/theme-parks\/walt-disney-world\/\">Walt Disney World<\/a><\/li>\r\n<li><a href=\"\/es\/orlando\/theme-parks\/walt-disney-world\/epcot-orlando\/\">Epcot Orlando<\/a><\/li>\r\n<li><a href=\"\/es\/orlando\/theme-parks\/walt-disney-world\/animal-kingdom-orlando\/\">Disney's Animal Kingdom Orlando<\/a><\/li>\r\n<li><a href=\"\/es\/orlando\/theme-parks\/walt-disney-world\/typhoon-lagoon-orlando\/\">Typhoon Lagoon<\/a><\/li>\r\n<li><a href=\"\/es\/orlando\/theme-parks\/walt-disney-world\/blizzard-beach-orlando\/\">Blizzard Beach<\/a><\/li>\r\n<li><a href=\"\/es\/orlando\/theme-parks\/walt-disney-world\/disney-springs\/\">Disney Springs<\/a><\/li>\r\n<li><a href=\"\/es\/orlando\/theme-parks\/walt-disney-world\/discount-disney-tickets\/\">Entradas a Disney con Descuento<\/a><\/li>\r\n<li><a href=\"\/es\/orlando\/theme-parks\/walt-disney-world\/magic-kingdom-orlando\/magic-kingdom-discount-tickets\/\">Entradas a Magic Kingdom con Descuento<\/a><\/li>\r\n<li><a href=\"\/es\/orlando\/theme-parks\/walt-disney-world\/animal-kingdom-orlando\/animal-kingdom-discount-tickets\/\">Entradas a Animal Kingdom con Descuento<\/a><\/li>\r\n<li><a href=\"\/es\/orlando\/theme-parks\/walt-disney-world\/epcot-orlando\/epcot-discount-tickets\/\">Entradas a Epcot con Descuento<\/a><\/li>\r\n<li><a href=\"\/es\/orlando\/theme-parks\/walt-disney-world\/disney-hollywood-studios\/hollywood-studios-discount-tickets\/\">Entradas a Hollywood Studios con Descuento<\/a><\/li>\r\n<li><a href=\"\/es\/orlando\/theme-parks\/walt-disney-world\/visit-disney-at-christmas\/\">Navidades en Disney<\/a><\/li>\r\n\r\n<\/ul>\r\n[\/columnize]\r\n[line]\r\n\r\n[clear]\r\n[visibility type=\"visible-phone\"]\r\n[gap size=\"2em\"]\r\n[\/visibility]\r\n [content-block name=\"disney-special\"]","protected":false},"excerpt":{"rendered":"<p>[custom_headline type=\"left\" level=\"h1\" looks_like=\"h3\" class=\"responsive-heading mtn\"]Disney's Hollywood Studios[\/custom_headline] Experimente la magia del mundo del espect\u00e1culo en Disney's Hollywood Studios, ubicado en el coraz\u00f3n de Walt Disney World, cerca de Orlando, ... <\/p>\n<div><a href=\"https:\/\/www.westgatereservations.com\/es\/orlando\/theme-parks\/walt-disney-world\/disney-hollywood-studios\/\" class=\"more-link\">Leer M\u00e1s<\/a><\/div>\n","protected":false},"author":6,"featured_media":0,"parent":23868,"menu_order":0,"comment_status":"open","ping_status":"closed","template":"template-blank-1.php","meta":{"footnotes":""},"_links":{"self":[{"href":"https:\/\/www.westgatereservations.com\/es\/wp-json\/wp\/v2\/pages\/15490"}],"collection":[{"href":"https:\/\/www.westgatereservations.com\/es\/wp-json\/wp\/v2\/pages"}],"about":[{"href":"https:\/\/www.westgatereservations.com\/es\/wp-json\/wp\/v2\/types\/page"}],"author":[{"embeddable":true,"href":"https:\/\/www.westgatereservations.com\/es\/wp-json\/wp\/v2\/users\/6"}],"replies":[{"embeddable":true,"href":"https:\/\/www.westgatereservations.com\/es\/wp-json\/wp\/v2\/comments?post=15490"}],"version-history":[{"count":0,"href":"https:\/\/www.westgatereservations.com\/es\/wp-json\/wp\/v2\/pages\/15490\/revisions"}],"up":[{"embeddable":true,"href":"https:\/\/www.westgatereservations.com\/es\/wp-json\/wp\/v2\/pages\/23868"}],"wp:attachment":[{"href":"https:\/\/www.westgatereservations.com\/es\/wp-json\/wp\/v2\/media?parent=15490"}],"curies":[{"name":"wp","href":"https:\/\/api.w.org\/{rel}","templated":true}]}}