{"id":15488,"date":"2017-10-24T11:04:30","date_gmt":"2017-10-24T15:04:30","guid":{"rendered":"https:\/\/www.westgatereservations.com\/walt-disney-world\/hollywood-studios-discount-tickets\/"},"modified":"2023-11-17T14:25:23","modified_gmt":"2023-11-17T19:25:23","slug":"hollywood-studios-discount-tickets","status":"publish","type":"page","link":"https:\/\/www.westgatereservations.com\/es\/orlando\/theme-parks\/walt-disney-world\/disney-hollywood-studios\/hollywood-studios-discount-tickets\/","title":{"rendered":"Hollywood Studios Discount Tickets"},"content":{"rendered":"<img decoding=\"async\" class=\"x-visible-phone\" src=\"https:\/\/westgatecdn.com\/2023\/11\/banner-full-hollywood-studios.webp\" alt=\"Disney Hollywood Studios\" \/>\r\n<div class=\"p-5 x-hidden-phone\" style=\"background-size:cover; background-image: url('https:\/\/westgatecdn.com\/2023\/11\/banner-full-hollywood-studios.webp'); background-position: center;\">\r\n<div class=\"p-5\"><\/div>\r\n<div class=\"p-5\"><\/div>\r\n<div class=\"p-3\"><\/div>\r\n<\/div>\r\n<!---->\r\n<div class=\"availability-search\">\r\n    <div class=\"x-container max width\">\r\n            <div class=\"row d-flex align-items-center py-1\">\r\n                <div class=\"col col-12 col-md-3\" style=\"vertical-align: middle;\">\r\n                    <h4 class=\"man white\">\u00a1Encuentre complejos tur\u00edsticos cerca de Disney!<\/h4>\r\n                <\/div>\r\n                <div class=\"col col-12 col-md-9\">\r\n                    [search-availability layout=\"horizontal\" destination=\"Orlando\" hide_title=\"true\" class=\"no-bg pan\"]\r\n                <\/div>\r\n            <\/div>\r\n    <\/div>\r\n<\/div>\r\n<!---->\r\n<div class=\"center-text fw-wrapper x-hidden-phone\">\r\n    <div class=\"d-flex justify-content-center font-120 mt-1\">\r\n        <wf-scroll hash=\"tickets\" class=\"mx-2\">Tickets<\/wf-scroll>\r\n        <wf-scroll hash=\"packages\" class=\"mx-2\">Paquetes Vacacionales<\/wf-scroll>\r\n        <wf-scroll hash=\"faq\" class=\"mx-2\">Preguntas Frecuentes<\/wf-scroll>\r\n    <\/div>\r\n<\/div>\r\n\r\n<div class=\"x-container max width mt-3 mt-md-5\">\r\n    <div class=\"row\">\r\n        <div class=\"col-12 col-md-9\">\r\n\r\n            <h1>Disney's Hollywood Studios Tickets<\/h1>\r\n\r\n            <p class=\"mtm\">Saluda al mundo del espect\u00e1culo, desde los cl\u00e1sicos de Hollywood hasta lo mejor del entretenimiento popular. Tome el centro del escenario como la estrella de su propia aventura: desde la fantas\u00eda del rock 'n' roll hasta espect\u00e1culos teatrales al estilo Broadway, desde la pantalla grande hasta la pantalla de televisi\u00f3n y detr\u00e1s de escena. Desde monta\u00f1as rusas y espect\u00e1culos emocionantes hasta una mirada detr\u00e1s de escena de las pel\u00edculas, la diversi\u00f3n nunca termina.<\/p>\r\n\r\n            <p>Por supuesto, tambi\u00e9n encontrar\u00e1s muchas representaciones teatrales de Disney, incluidas La Bella y la Bestia: en vivo en el escenario, Indiana Jones Epic Stunt Spectacular, Por primera vez en siempre: Una celebraci\u00f3n congelada para cantar y m\u00e1s en el y \u00fanico: Disney's Hollywood Studios.\r\n\u200b<\/p>\r\n\r\n            <p>Aqu\u00ed te sumergir\u00e1s en Disney's Hollywood Studios con Westgate Reservations, donde cada familia se convierte en la estrella de su propia historia cinematogr\u00e1fica. \u00a1Asegura hoy tu boleto al estrellato para ti y tu familia con boletos con descuento para Disney Hollywood Studios!\r\n\u200b<\/p>\r\n\r\n[line]\r\n            <img decoding=\"async\" src=\"https:\/\/westgatecdn.com\/2023\/11\/banner-disney-hollywood-studios-toy-story.webp\" alt=\"Disney hollywood studios toy story land\" \/>\r\n[line]\r\n\r\n            <h4>Una aventura de Disney que encantar\u00e1 a toda la familia<\/h4>\r\n\r\n            <p class=\"mt-3\">Sum\u00e9rgete en el brillo y el glamour de la pantalla grande sin el precio de plata en Disney's Hollywood Studios. <b><a href=\"[home_url]\">Westgate Reservations<\/a><\/b> te acerca a la magia, convirtiendo a cada miembro de la familia en la estrella de su propia aventura taquillera.<\/p>\r\n\r\n            <p>Los entusiastas de las emociones fuertes pueden divertirse en una monta\u00f1a rusa como Rock 'n' Roller Coaster protagonizada por Aerosmith, un viaje de 0 a 57 mph en menos de 3 segundos con la m\u00fasica rock de Aerosmith. Mientras tanto, The Twilight Zone Tower of Terror lleva a los hu\u00e9spedes por el ascensor embrujado del hotel de 13 pisos. Cuando el cable se rompa, ser\u00e1s enviado a trav\u00e9s de una serie de zambullidas, completas con muchos efectos visuales y de audio. Otras aventuras favoritas incluyen la aventura de ciencia ficci\u00f3n Star Wars: Galaxy's Edge, Toy Story Mania, Muppet Vision, Pixar Place, Animation Courtyard y Wonderful World of Animation. No olvides el espectacular nocturno Fantasmic con su pre-show, fuegos artificiales y luces l\u00e1ser. Tambi\u00e9n puede encontrar comida y delicias para cenar en una variedad de lugares alrededor de Echo Lake y en todo el parque.<\/p>\r\n\r\n\r\n[line]\r\n\r\n            <div id=\"tickets\"><\/div>\r\n            [content-block name=\"disney-tickets\"]\r\n\r\n[line]\r\n\r\n            <h4>Encuentre el mejor precio para los estudios de Disney en Hollywood para su familia<\/h4>\r\n            <p>\u00a1Luces, c\u00e1mara, ahorro! Sum\u00e9rgete en el coraz\u00f3n de la magia cinematogr\u00e1fica con las entradas con descuento para Disney Hollywood Studios de Westgate Reservations. Ya sea que est\u00e9s disfrutando de un d\u00eda repleto de estrellas o planeando un viaje cinematogr\u00e1fico \u00e9pico de cuatro d\u00edas, tenemos un boleto hecho a tu medida:<\/p>\r\n\r\n            <li>Vea nuestros  <b><a href=\"https:\/\/kgstix.com\/westgate\/walt-disney-world\/\">Paquetes de Westgate en  Disney<\/a><\/b> Hollywood Studios.<\/li>\r\n            <br>\r\n            <p>Crea la historia de tus sue\u00f1os de Disney sin el precio de Hollywood, solo con Westgate. \u00a1Acci\u00f3n!<\/p>\r\n\r\n            [blockquote type=\"center\"]\u00a1Paquetes con descuento de Disney!\r\n            Llama[phone_link][tel][\/phone_link][\/blockquote]  \r\n\r\n    \r\n        <\/div>\r\n        <!--sidebar-->\r\n        <div class=\"col-12 col-md-3\">\r\n            [content-block name=\"sidebar-default-silo\"]\r\n            [recent_posts count=\"1\" no_image=\"false\" orientation=\"vertical\" category=\"disney world\"]\r\n            [recent_posts count=\"2\" no_image=\"true\" orientation=\"vertical\" offset=\"1\" category=\"disney world\" ]\r\n        <\/div>\r\n        <!--\/sidebar-->\r\n    <\/div>\r\n    <!---->\r\n<\/div>\r\n<div style=\"background: #efefef;\">\r\n    <div class=\"x-container max width my-5 py-4\">\r\n        <div class=\"row\">\r\n            <div class=\"col\">\r\n                <!-- Packages-->\r\n                <h2 class=\"h3 mb-2\" id=\"packages\">Paquetes vacacionales m\u00e1gicos de Disney<\/h2>\r\n                [specials ids=\"5658,5584,13354\"]\r\n                <!-- \/Packages-->\r\n                [blockquote type=\"center\"]Need Tickets? Get <a target=\"_blank\" rel=\"noreferrer noopener\" href=\"https:\/\/kgstix.com\/westgate\/walt-disney-world\/\">Tickets con descuento para Disney hoy<\/a>[\/blockquote]\r\n\r\n            <\/div>\r\n        <\/div>\r\n    <\/div>\r\n<\/div>\r\n<!---->\r\n<div class=\"x-container max width\">\r\n\r\n    <div class=\"row\">\r\n        <div class=\"col\">\r\n\r\n            <h5>Experimente todo lo que Hollywood Studios tiene para ofrecer<\/h5>\r\n\r\n            <p>Ingrese a un reino donde las mejores historias de Hollywood cobran vida en Disney's Hollywood Studios, un parque dividido en ocho fascinantes secciones con los  <b><a href=\"[home_url]blog\/the-complete-guide-to-the-best-rides-at-hollywood-studios\/\"> mejores rides  en Hollywood Studios <\/a><\/b> que capturan la esencia del entretenimiento.<\/p>\r\n\r\n            <h6>Hollywood Boulevard<\/h6>\r\n            <p>El coraz\u00f3n de los estudios, Hollywood Boulevard, te transporta a una \u00e9poca pasada con su ambiente vintage. Camine entre lugares legendarios, descubra tiendas exquisitas, sea testigo de grandes desfiles, disfrute de una comida en el famoso Brown Derby y disfrute de Mickey & Minnie's Runaway Railway.\r\n\u200b.<\/p>\r\n\r\n            <h6>Grand Avenue<\/h6>\r\n            <p>Viaje a trav\u00e9s del \u00e1rea reinventada formada por las antiguas Calles de Am\u00e9rica y el Patio de los Muppets. Interact\u00faa con los Muppets en 3D y disfruta de algunas opciones para cenar.<\/p>\r\n\r\n            <h6>Echo Lake<\/h6>\r\n            <p>Ubicado alrededor de una laguna caprichosa con forma de Mickey, Echo Lake ofrece atracciones que van desde la escapada de Star Wars, Star Tours - The AdventuresContins y espect\u00e1culos de acrobacias trepidantes hasta varias opciones gastron\u00f3micas. Sum\u00e9rgete y del\u00e9itate con la nostalgia.<\/p>\r\n\r\n            <h6>Toy Story Land<\/h6>\r\n            <p>Ingrese al vibrante mundo de Pixar Place en Hollywood Studios, donde el encanto de los personajes ic\u00f3nicos de Pixar cobra vida. Aqu\u00ed es donde te espera el emocionante juego 4D de Toy Story Mania y el popular Slinky Dog Dash. Sum\u00e9rgete en divertidas escapadas, marca objetivos interactivos y s\u00e9 testigo del legendario Luxo Jr. en su gloria. Es un tributo al asombro infantil que todos llevamos dentro.<\/p>\r\n\r\n            <h6>Animation Courtyard<\/h6>\r\n            <p>Profundiza en el universo imaginativo de Animation Courtyard en Disney's Hollywood Studios. Redescubre la incomparable visi\u00f3n creativa de Walt Disney, pasea entre la cautivadora exhibici\u00f3n de Walt Disney Presents y mu\u00e9vete con Disney Junior Play & Dance.<\/p>\r\n\r\n            <h6>Sunset Boulevard<\/h6>\r\n            <p>Emb\u00e1rcate en un viaje electrizante por Sunset Boulevard en Disney's Hollywood Studios. Para los adictos a la adrenalina, sum\u00e9rjase en la misteriosa Torre del Terror de Twilight Zone y sienta el ritmo de la monta\u00f1a rusa Rock 'n' Roller protagonizada por Aerosmith. \u00a1Disfruta de actuaciones cautivadoras y concluye tu velada con el fascinante Fantasmic! Te espera una brillante odisea de entretenimiento.<\/p>\r\n\r\n            <h6>Star Wars: Galaxy\u2019s Edge<\/h6>\r\n            <p>Ingrese al cautivador mundo de Star Wars: Galaxy's Edge en Disney's Hollywood Studios. Sum\u00e9rgete en una galaxia que parece estar a mundos de distancia y convi\u00e9rtete en el Comandante del Halc\u00f3n Milenario, al\u00edate con la Resistencia y disfruta de delicias culinarias. Experimenta Star Wars a gran escala construyendo tu propio sable l\u00e1ser o droide, creando recuerdos que durar\u00e1n a\u00f1os luz. No olvide explorar las bebidas legendarias como la leche azul o verde congelada y los restaurantes como Oga's Cantina o Docking Bay 7 Food and Cargo.<\/p>\r\n\r\n            <h6>Commissary Lane<\/h6>\r\n            <p>Viaja a trav\u00e9s del encanto antiguo de Commissary Lane en Disney's Hollywood Studios. \u00a1Sum\u00e9rgete en el glamour de la \u00e9poca dorada de Hollywood conociendo a Mickey y Minnie Mouse! Un paseo por esta calle ic\u00f3nica es un paseo por el encanto atemporal de la historia del cine.<\/p>\r\n\r\n\r\n            <h5>How much are Disney Hollywood Studio Tickets?<\/h5>\r\n            <p>Como su fuente autorizada de boletos para los parques tem\u00e1ticos de Walt Disney World, puede comprar sus boletos para el parque por adelantado de manera segura. Adem\u00e1s de los grandes ahorros, tambi\u00e9n puedes ahorrar tiempo ya que evitar\u00e1s las largas colas para comprar entradas en el parque el mismo d\u00eda. Comprar sus boletos con descuento para Disney World Resort a trav\u00e9s de un agente de boletos autorizado brinda otra ventaja distintiva: puede personalizar su experiencia en el parque Disney con anticipaci\u00f3n. La compra de las opciones Genie+ y Lightning Lane te permite saltarte la fila de espera en algunas de las atracciones, espect\u00e1culos y saludos de personajes m\u00e1s populares. Estos son independientes de tus boletos de Disney.<\/p>\r\n\r\n        \r\n            <p>El costo de las entradas a precio regular de Hollywood Studios puede variar mucho seg\u00fan el tipo de entradas que compre, la cantidad de d\u00edas que desee visitar y la \u00e9poca del a\u00f1o. Un boleto de un d\u00eda para un parque de Disney comprado en la puerta cuesta m\u00e1s de $100. Multiplique eso por una familia entera y el costo aumentar\u00e1 r\u00e1pidamente.<\/p>\r\n            <\/p>\r\n\r\n            <h4>Stay longer to save even more!<\/h4>\r\n            <p>Prolongue los momentos de cuento de hadas de su familia en Disney's Hollywood Studios sin estirar su presupuesto. En Westgate Reservations, las estad\u00edas m\u00e1s largas deber\u00edan generar ahorros m\u00e1gicos. Cuando las familias eligen quedarse un poco m\u00e1s en medio del brillo y el glamour de Hollywood Studios, ofrecemos entradas con descuentos progresivos, lo que garantiza m\u00e1s momentos cinematogr\u00e1ficos por menos. Sum\u00e9rgete profundamente en la magia de Disney; saber cada d\u00eda adicional amplifica la alegr\u00eda de su familia y maximiza sus ahorros. \u00a1Con Westgate, cada la  diversi\u00f3n se convierte en una ovaci\u00f3n de pie para los ahorros! La experiencia de tus sue\u00f1os en Disney te espera a precios realmente deslumbrantes.<\/p>\r\n\r\n\r\n        <\/div>\r\n    <\/div>\r\n\r\n    \r\n<\/div>\r\n\r\n<!---->\r\n<div style=\"background: #efefef;\">\r\n    <div class=\"x-container max width my-5 py-4\">\r\n        <div class=\"row mb-3\">\r\n            <div class=\"col\">\r\n                <h1 class=\"h3 mb-3\" id=\"faq\"> Preguntas frecuentes sobre Tickets con descuento para Disney Hollywood Studios<\/h2>\r\n                <div class=\"row\">\r\n                    <div class=\"col\">\r\n                        <h2 class=\"h5 mt-1\"><i class=\"far fa-question-circle\"><\/i> \u00bfCu\u00e1ntas entradas puedo comprar a precio reducido?<\/h2>\r\n                        <h3 class=\"h5 font-smaller mt-0\"> Algunos de nuestros paquetes de vacaciones en Disney incluyen dos boletos de un d\u00eda para adultos a Disney's Hollywood Studios. Se pueden comprar boletos adicionales con descuento y agregarlos a su paquete. Tambi\u00e9n puedes agregar d\u00edas en los parques acu\u00e1ticos de Disney World, Blizzard Beach y Typhoon Lagoon, Epcot, Animal Kingdom y Magic Kingdom, as\u00ed como en otros parques como SeaWorld, Aquatica, Universal Orlando, Universal Studios Florida, Legoland y m\u00e1s.\r\n<\/h3>\r\n\r\n                        <h2 class=\"h5\"><i class=\"far fa-question-circle\"><\/i> \u00bfQu\u00e9 incluye una entrada a Disney's Hollywood Studios?<\/h2>\r\n                        <h3 class=\"h5 font-smaller mt-0\">El boleto base incluye la entrada a Disney's Hollywood Studios por un solo d\u00eda. Una vez que los boletos est\u00e9n asegurados, tambi\u00e9n podr\u00e1 comprar pases Genie+ y Lightning Lane.<\/h3>\r\n\r\n                        <h2 class=\"h5\"><i class=\"far fa-question-circle\"><\/i> \u00bfHay alg\u00fan cargo adicional por espect\u00e1culos y atracciones dentro del parque?<\/h2>\r\n                        <h3 class=\"h5 font-smaller mt-0\">No, todas las atracciones, espect\u00e1culos, atracciones y desfiles dentro del parque son parte de la entrada. Los \u00fanicos costos adicionales ser\u00edan por saltarse la fila regular, alimentos\/bebidas, comidas con servicio de mesa y gastos imprevistos como alquiler de cochecitos o souvenirs.<\/h3>\r\n\r\n                        <h2 class=\"h5\"><i class=\"far fa-question-circle\"><\/i> \u00bfCu\u00e1ndo caducan las entradas para Disney's Hollywood Studios?<\/h2>\r\n                        <h3 class=\"h5 font-smaller mt-0\">Los boletos base de un d\u00eda de Disney vencen 14 d\u00edas despu\u00e9s de la fecha de inicio seleccionada.<\/h3>\r\n\r\n                        <h2 class=\"h5\"><i class=\"far fa-question-circle\"><\/i>Necesito comprar entradas para otros parques tem\u00e1ticos. \u00bfPuedo actualizar mi paquete?<\/h2>\r\n                        <h3 class=\"h5 font-smaller mt-0\">S\u00ed, nuestros paquetes de vacaciones en Orlando pueden mejorarse con noches adicionales, mejoras de habitaci\u00f3n y entradas adicionales para otros parques tem\u00e1ticos, cenas con espect\u00e1culo y atracciones de otras \u00e1reas.\r\n<\/h3>\r\n                    <\/div>\r\n                <\/div>\r\n            <\/div>\r\n        <\/div>\r\n    <\/div>\r\n<\/div>\r\n    \r\n<div class=\"x-container max width\">\r\n    <div class=\"row pb-5\">\r\n        <h3 class=\"h5 mt-0\">Enlaces de Disney <\/h3>\r\n        [columnize]\r\n        <ul>    \r\n       <li><a href=\"\/es\/orlando\/theme-parks\/walt-disney-world\/\">Walt Disney World<\/a><\/li>\r\n<li><a href=\"\/es\/orlando\/theme-parks\/walt-disney-world\/epcot-orlando\/\">Epcot Orlando<\/a><\/li>\r\n<li><a href=\"\/es\/orlando\/theme-parks\/walt-disney-world\/animal-kingdom-orlando\/\">Disney's Animal Kingdom Orlando<\/a><\/li>\r\n<li><a href=\"\/es\/orlando\/theme-parks\/walt-disney-world\/disney-hollywood-studios\/\">Disney's Hollywood Studios<\/a><\/li>\r\n<li><a href=\"\/es\/orlando\/theme-parks\/walt-disney-world\/typhoon-lagoon-orlando\/\">Typhoon Lagoon<\/a><\/li>\r\n<li><a href=\"\/es\/orlando\/theme-parks\/walt-disney-world\/blizzard-beach-orlando\/\">Blizzard Beach<\/a><\/li>\r\n<li><a href=\"\/es\/orlando\/theme-parks\/walt-disney-world\/disney-springs\/\">Disney Springs<\/a><\/li>\r\n<li><a href=\"\/es\/orlando\/theme-parks\/walt-disney-world\/discount-disney-tickets\/\">Entradas a Disney con Descuento<\/a><\/li>\r\n<li><a href=\"\/es\/orlando\/theme-parks\/walt-disney-world\/magic-kingdom-orlando\/magic-kingdom-discount-tickets\/\">Entradas a Magic Kingdom con Descuento<\/a><\/li>\r\n<li><a href=\"\/es\/orlando\/theme-parks\/walt-disney-world\/animal-kingdom-orlando\/animal-kingdom-discount-tickets\/\">Entradas a Animal Kingdom con Descuento<\/a><\/li>\r\n<li><a href=\"\/es\/orlando\/theme-parks\/walt-disney-world\/epcot-orlando\/epcot-discount-tickets\/\">Entradas a Epcot con Descuento<\/a><\/li>\r\n<li><a href=\"\/es\/orlando\/theme-parks\/walt-disney-world\/visit-disney-at-christmas\/\">Navidades en Disney<\/a><\/li>\r\n\r\n        <\/ul>\r\n        [\/columnize]\r\n    [clear]\r\n    [content-block name=\"disney-special\"]\r\n\r\n    <\/div>\r\n<\/div>","protected":false},"excerpt":{"rendered":"<p>\u00a1Encuentre complejos tur\u00edsticos cerca de Disney! [search-availability layout=\"horizontal\" destination=\"Orlando\" hide_title=\"true\" class=\"no-bg pan\"] Tickets Paquetes Vacacionales Preguntas Frecuentes Disney's Hollywood Studios Tickets Saluda al mundo del espect\u00e1culo, desde los cl\u00e1sicos de ... <\/p>\n<div><a href=\"https:\/\/www.westgatereservations.com\/es\/orlando\/theme-parks\/walt-disney-world\/disney-hollywood-studios\/hollywood-studios-discount-tickets\/\" class=\"more-link\">Leer M\u00e1s<\/a><\/div>\n","protected":false},"author":2,"featured_media":0,"parent":15490,"menu_order":0,"comment_status":"closed","ping_status":"closed","template":"template-blank-4.php","meta":{"footnotes":""},"_links":{"self":[{"href":"https:\/\/www.westgatereservations.com\/es\/wp-json\/wp\/v2\/pages\/15488"}],"collection":[{"href":"https:\/\/www.westgatereservations.com\/es\/wp-json\/wp\/v2\/pages"}],"about":[{"href":"https:\/\/www.westgatereservations.com\/es\/wp-json\/wp\/v2\/types\/page"}],"author":[{"embeddable":true,"href":"https:\/\/www.westgatereservations.com\/es\/wp-json\/wp\/v2\/users\/2"}],"replies":[{"embeddable":true,"href":"https:\/\/www.westgatereservations.com\/es\/wp-json\/wp\/v2\/comments?post=15488"}],"version-history":[{"count":0,"href":"https:\/\/www.westgatereservations.com\/es\/wp-json\/wp\/v2\/pages\/15488\/revisions"}],"up":[{"embeddable":true,"href":"https:\/\/www.westgatereservations.com\/es\/wp-json\/wp\/v2\/pages\/15490"}],"wp:attachment":[{"href":"https:\/\/www.westgatereservations.com\/es\/wp-json\/wp\/v2\/media?parent=15488"}],"curies":[{"name":"wp","href":"https:\/\/api.w.org\/{rel}","templated":true}]}}