{"id":15456,"date":"2017-10-11T16:09:16","date_gmt":"2017-10-11T20:09:16","guid":{"rendered":"https:\/\/www.westgatereservations.com\/walt-disney-world\/disney-springs\/"},"modified":"2023-11-29T12:15:28","modified_gmt":"2023-11-29T17:15:28","slug":"disney-springs","status":"publish","type":"page","link":"https:\/\/www.westgatereservations.com\/es\/orlando\/theme-parks\/walt-disney-world\/disney-springs\/","title":{"rendered":"Disney Springs (antes Downtown Disney)"},"content":{"rendered":"<img decoding=\"async\" class=\"x-visible-phone\" src=\"https:\/\/westgatecdn.com\/2023\/07\/disney-springs-2.webp\" alt=\"Disney Springs\" \/>\r\n<div class=\"p-5 x-hidden-phone\" style=\"background-size:cover; background-image: url('https:\/\/westgatecdn.com\/2023\/07\/banner-full-disney-springs-dining.webp'); background-position: center;\">\r\n<div class=\"p-5\"><\/div>\r\n<div class=\"p-5\"><\/div>\r\n<div class=\"p-2\"><\/div>\r\n<\/div>\r\n<!---->\r\n<div class=\"availability-search\">\r\n    <div class=\"x-container max width\">\r\n        <div class=\"row d-flex align-items-center py-1\">\r\n            <div class=\"col col-12 col-md-3\" style=\"vertical-align: middle;\">\r\n                <h4 class=\"man white\">Buscar Resorts cerca de Disney Springs<\/h4>\r\n            <\/div>\r\n            <div class=\"col col-12 col-md-9\">\r\n                [search-availability layout=\"horizontal\" destination=\"Orlando\" hide_title=\"true\" class=\"no-bg pan\"]\r\n            <\/div>\r\n        <\/div>\r\n    <\/div>\r\n<\/div>\r\n\r\n<div class=\"center-text fw-wrapper x-hidden-phone\">\r\n    <div class=\"d-flex justify-content-center font-120 mt-1\">\r\n        <wf-scroll hash=\"neighborhoods\" class=\"mx-2\"> Vecindarios de Disney<\/wf-scroll>\r\n        <wf-scroll hash=\"resorts\" class=\"mx-2\">Resorts Cercanos<\/wf-scroll>\r\n        <wf-scroll hash=\"faq\" class=\"mx-2\">Preguntas Frecuentes<\/wf-scroll>\r\n    <\/div>\r\n<\/div>\r\n\r\n<div class=\"x-container max width mt-3 mt-md-5\">\r\n    <div class=\"row\">\r\n        <div class=\"col-12 col-md-9\">\r\n            <h1 class=\"h3 mt-0\">Disney Springs<\/h1>\r\n\r\n            <p>Anteriormente conocido como Downtown Disney, Disney Springs es un distrito vibrante ubicado en el coraz\u00f3n de la propiedad de Walt Disney, a solo minutos de los parques tem\u00e1ticos y acu\u00e1ticos de los alrededores. Lleno de tiendas y boutiques \u00fanicas, restaurantes tem\u00e1ticos y entretenimiento en vivo, Disney Springs ofrece de todo, desde simples recuerdos hasta art\u00edculos para el hogar de alta gama y exquisitas obras de arte.<\/p>\r\n\t\t\t<p>Hay mucho para disfrutar en Disney World y esta gu\u00eda te ayudar\u00e1 a aprovechar al m\u00e1ximo tu pr\u00f3ximo viaje con a&nbsp;<a href=\"[home_url]\/orlando\/vacation-packages\/disney\/\">Paquetes Vacacionales de Walt Disney<\/a> mientras planifica un viaje a Disney Springs en sus pr\u00f3ximas vacaciones. \u00a1Deje que la magia de esta hist\u00f3rica y encantadora ciudad, construida alrededor de manantiales naturales que alguna vez atrajeron a los colonos, cautive su imaginaci\u00f3n!<\/p>\r\n\r\n\t\r\n\t\t\t<img decoding=\"async\" class=\"mt-3\" src=\"https:\/\/westgatecdn.com\/2023\/07\/disney-springs-marketplace-1.webp\" alt=\"disney springs marketplace\">\r\n\r\n\t\t\t<h2 class=\"mt-3\" id=\"neighborhoods\">Descubra los  cuatro vecindarios de Disney Springs<\/h2>\r\n\t\t\t<p>Usted y su familia disfrutar\u00e1n de un d\u00eda de compras, comidas y aventuras en Disney Springs porque el \u00e1rea est\u00e1 dividida en cuatro vecindarios distintos, cada uno de los cuales ofrece sus propias atracciones y entretenimiento \u00fanicos. Basado en una ciudad hist\u00f3rica y encantadora construida alrededor de una serie de manantiales naturales que atrajeron por primera vez a los colonos al \u00e1rea, Disney Springs cuenta con cuatro \u00e1reas distintas interconectadas por la costa: el centro de la ciudad, The Landing, The Marketplace y West Side.<\/p>\r\n\t\t\t<p>El estacionamiento es gratuito en Disney Springs, con cinco estacionamientos de \u00faltima generaci\u00f3n que tienen tableros de mensajes digitales para indicar cu\u00e1ndo los garajes y espacios de estacionamiento est\u00e1n llenos. Tambi\u00e9n puedes acceder a Disney Springs en taxi acu\u00e1tico de cortes\u00eda desde varios Resorts de Disney.<\/p>\r\n\r\n   \t\t\t[blockquote type=\"center\"]\u00a1Los paquetes a Disney ya est\u00e1n disponibles!\r\n            Llama [phone_link][tel][\/phone_link][\/blockquote]    \r\n\r\n\t\t<h3>The Marketplace<\/h3>\r\n\t\t<p>El Marketplace en Disney Springs es un vibrante distrito comercial, ubicado dentro de Walt Disney World Resort. Aqu\u00ed encontrar\u00e1 una combinaci\u00f3n ecl\u00e9ctica de boutiques \u00fanicas, restaurantes de clase mundial y tiendas centradas en Disney donde podr\u00e1 comprar productos \u00fanicos con temas de Disney que no est\u00e1n disponibles en ning\u00fan otro lugar. El entorno al aire libre de esta zona con paisajes exuberantes y vistas al mar crea una experiencia encantadora de compras y cenas para todas las edades.<\/p>\r\n\r\n\t\t<h3>The Landing<\/h3>\r\n\t\t<p>El  Landing en Disney Springs es un elegante distrito costero que cuenta con varias opciones gastron\u00f3micas gourmet y tiendas de alta gama. Sum\u00e9rgete en la atm\u00f3sfera de lujo mientras disfrutas de las hermosas vistas del Lago Buena Vista. The Landing ofrece una experiencia \u00fanica y exclusiva en medio de la magia de Walt Disney World Resort.<\/p>\r\n\r\n\t\t<h3>Town Center<\/h3>\r\n\t\t<p>Town Center en Disney Springs invita a los visitantes a explorar su arquitectura de estilo renacentista espa\u00f1ol, paseos bordeados de palmeras y manantiales resplandecientes. Una combinaci\u00f3n sofisticada de marcas y boutiques exclusivas, y tambi\u00e9n ofrece una impresionante variedad de opciones gastron\u00f3micas. Es un destino \u00fanico y contempor\u00e1neo para muchos visitantes que visitan Disney Springs.<\/p>\r\n\r\n\t\t<h3>West Side<\/h3>\r\n\t\t<p>El West Side de Disney Springs es el coraz\u00f3n del entretenimiento en Disney Springs en Walt Disney World. Es el hogar de varios espect\u00e1culos en vivo, cafeter\u00edas de moda y atracciones innovadoras. Con lugares como el Cirque du Soleil y el Disney Springs Kids Club, el West Side ofrece entretenimiento emocionante para todas las edades.<\/p>     \r\n\r\n        <\/div>\r\n        <!--sidebar-->\r\n        <div class=\"col-12 col-md-3\">\r\n            [content-block name=\"sidebar-default-silo\"]\r\n            [recent_posts count=\"1\" no_image=\"false\" orientation=\"vertical\" category=\"disney world\"]\r\n            [recent_posts count=\"2\" no_image=\"true\" orientation=\"vertical\" offset=\"1\" category=\"disney world\" ]\r\n        <\/div>\r\n        <!--\/sidebar-->\r\n    <\/div>\r\n    <!---->\r\n<\/div>\r\n<div style=\"background: #efefef;\">\r\n    <div class=\"x-container max width my-5 py-4\">\r\n        <div class=\"row\">\r\n            <div class=\"col\">\r\n                <h2 class=\"h3 mt-3\" id=\"resorts\">Buscando Resorts cerca de Disney Springs?<\/h2>\r\n                <p>\u00bfQu\u00e9 podr\u00eda ser mejor que quedarse a pocos minutos de la magia de los Parques Disney? Lo tenemos cubierto con nuestros resorts cerca de Disney World que lo ubicar\u00e1n justo en el coraz\u00f3n de todo.<\/p>\r\n                [resorts ids=\"5810, 5917, 5945\"]\r\n            <\/div>\r\n        <\/div>\r\n    <\/div>\r\n<\/div>\r\n<!---->\r\n<div class=\"x-container max width\">\r\n\r\n\r\n<div class=\"row\">\r\n    <div class=\"col-12 col-md-9\">\r\n    \t<img decoding=\"async\" class=\"mt-3\" src=\"https:\/\/westgatecdn.com\/2023\/07\/disney-springs-shopping.webp\" alt=\"disney springs marketplace\">\r\n\r\n\t\t\t<h2 class=\"mt-3\">Shopping en Disney Springs<\/h2>\r\n\r\n\t\t\t<p>Explore m\u00e1s de 100 opciones de compras, con tiendas que ofrecen marcas y productos tem\u00e1ticos de Disney que van desde Art of Disney hasta Art of Shaving. Ya sea que est\u00e9 buscando accesorios divertidos, souvenirs, recuerdos de coleccionistas, art\u00edculos para el hogar, arte, pines de Disney, ropa de moda, dulces, joyas o cualquier otra cosa, lo encontrar\u00e1 en Disney Springs. Disney Springs tambi\u00e9n alberga Bibbidi Bobbidi Boutique: un sal\u00f3n de belleza encantado que ofrece cambios de imagen m\u00e1gicos para princesas y caballeros de 3 a 12 a\u00f1os.<\/p>\r\n\t\t\t<p>Lo que distingue a Disney Springs es la experiencia de inmersi\u00f3n que se ofrece en cada vecindario. Pasear por Disney Springs ofrece la mejor experiencia de compras, y su viaje de compras lo llevar\u00e1 a trav\u00e9s de mundos distintivos, desde el encanto m\u00e1gico de Disney hasta la elegancia chic de la alta costura. Esta diversa gama de tiendas combinada con entornos \u00fanicos hacen de Disney Springs un destino de compras de visita obligada, que ofrece algo para todos.<\/p>\r\n\r\n    <\/div>\r\n    <div class=\"col-12 col-md-3\">\r\n    \t<div class=\"x-promo p-3\">\r\n\t\t\t<div class=\"center-text\">\r\n\t\t\t\t<p class=\"mt-3 h5\">Disney Tickets<\/p>\r\n\t\t\t\t<img decoding=\"async\" src=\"https:\/\/westgatecdn.com\/2023\/05\/logo-walt-disney-world-2023.jpg\" alt=\"Disney Logo\">\r\n\t\t\t\t<p class=\"mt-3 h6\">Park Tickets Por:<\/p>\r\n\t\t\t\tMagic Kingdom Park<br\/>\r\n\t\t\t\tAnimal Kingdom <br\/>\r\n\t\t\t\tHollywood Studios<br\/>\r\n\t\t\t\tEpcot<br\/>\r\n\t\t\t\t<a target=\"_blank\" href=\"https:\/\/kgstix.com\/westgate\/walt-disney-world\/\" class=\"mt-3 x-btn btn-orange px-5\" rel=\"noopener\">Purchase<\/a>\r\n\t\t\t\t<p class=\"mt-4 font-smaller font-90 font-80\">\r\n\t\t\t\t\tPark Hopper option: <span class=\"green\">Disponible<\/span><br\/>\r\nPark Hopper Plus option: <span class=\"green\">Disponible<\/span><br\/>\r\nWater Park and Sports option: <span class=\"green\">Disponible<\/span><br\/>\r\n\t\t\t\t<\/p>\r\n\t\t\t<\/div>\r\n\t\t<\/div>\r\n    <\/div>\r\n<\/div>\r\n\r\n    <div class=\"row\">\r\n        <div class=\"col\">\r\n\r\n\t\t\t<h2 class=\"mt-3\">Disney Springs Entertainment<\/h2>\r\n\t\t\t<p>Disney Springs ofrece fuentes interactivas donde ni\u00f1os y adultos pueden esquivar las salpicaduras de agua o saltar y mojarse. \u00bfTe encantan los LEGO? El LEGO Imagination Center ofrece un \u00e1rea de juego gratuita repleta de bloques LEGO de todas las formas, tama\u00f1os y colores. Construye tu propia creaci\u00f3n LEGO o t\u00f3mate fotograf\u00edas frente a las distintas esculturas LEGO. \u00bfQuieres ver la \u00faltima pel\u00edcula? AMC Movies en Disney Springs 24 ofrece una lista completa de los \u00faltimos estrenos. Para disfrutar de una vista panor\u00e1mica del \u00e1rea, d\u00e9 un paseo en Characters in Flight, un paseo en globo de helio atado que asciende 400 pies en el aire sobre Disney Springs. Si busca refrescarse del c\u00e1lido sol de Florida, juegue en las fuentes de la zona de salpicaduras de agua.<\/p>\r\n\t\t\t<p>Splitsville Luxury Laneses una bolera exclusiva para ni\u00f1os y adultos de todas las edades. O puede consultar el \u00faltimo calendario de conciertos en House of Blues o presenciar las incre\u00edbles acrobacias del Cirque du Soleil en La Nouba. Disney Springs tambi\u00e9n cuenta con una variedad de escenarios que ofrecen entretenimiento especial en vivo y actividades llenas de diversi\u00f3n para los ni\u00f1os. Encontrar\u00e1s una fiesta de baile con DJ todas las noches en Waterside Stage o Fountain Stage.<\/p>\r\n\r\n\r\n\t\t\t<h3>Marketplace Entertainment<\/h3>\r\n\t\t\t<p>Marketplace en Disney Springs es un centro de entretenimiento continuo para toda la familia. Desde actuaciones de m\u00fasica en vivo y cautivadores espect\u00e1culos callejeros hasta atractivas experiencias interactivas, siempre suceder\u00e1 algo emocionante que lo dejar\u00e1 sonriendo y encantado durante su visita.<\/p>\r\n\t\t\t<p>\u00c9stos son algunos de los lugares de entretenimiento favoritos en Disney Springs Marketplace:<\/p>\r\n\t\t\t<ul>\r\n\t\t\t    <li>\r\n\t\t\t        <p><strong>Classic Carousel:<\/strong> Este incre\u00edble carrusel italiano tiene 19 caballos, dos carruajes y una altura m\u00ednima de 42\". No te preocupes si tu peque\u00f1o no cumple con los requisitos de altura; solo necesitan un adulto con ellos.<\/p>\r\n\t\t\t    <\/li>\r\n\t\t\t    <li>\r\n\t\t\t        <p><strong>Marketplace Stage:<\/strong> \u00a1A ti y a tu familia les encantar\u00e1 el entretenimiento en vivo en Disney Springs! Disfrute de actos talentosos de todo el mundo con nuevos espect\u00e1culos que aparecen a lo largo del d\u00eda.\r\n\u200b<\/p>\r\n\t\t\t    <\/li>\r\n\t\t\t    <li>\r\n\t\t\t        <p><strong>Marketplace Train Express:<\/strong> Los ni\u00f1os pueden disfrutar de un paseo en mini tren justo en Disney Springs. \u00a1Este es un excelente lugar para tomar fotograf\u00edas para familias que desean crear recuerdos que durar\u00e1n toda la vida!<\/p>\r\n\t\t\t    <\/li>\r\n\t\t\t<\/ul>\r\n\r\n\t\t\t<h3>West Side Entertainment<\/h3>\r\n\t\t\t<p>El West Side en Disney Springs ofrece una variedad de sensacionales opciones de entretenimiento para todas las edades. Desde m\u00fasica en vivo y actuaciones en\u00e9rgicas hasta experiencias interactivas, hay algo para deleitar a todos.<\/p>\r\n\t\t\t<p>Prep\u00e1rese para sumergirse en la vibrante atm\u00f3sfera de diversi\u00f3n y emoci\u00f3n con algunas de nuestras atracciones favoritas:<\/p>\r\n\t\t\t<ul>\r\n\t\t\t    <li>\r\n\t\t\t        <p><strong>AMC Disney Springs 24:<\/strong> Con 24 pantallas gigantes y m\u00e1s de 5400 c\u00f3modos asientos, este es uno de los cines m\u00e1s grandes del centro de Florida. Las familias pueden disfrutar de excelentes comidas y bebidas mientras se relajan juntas para ver una pel\u00edcula en Disney Springs.<\/p>\r\n\t\t\t    <\/li>\r\n\t\t\t    <li>\r\n\t\t\t        <p><strong>Aerophile:<\/strong> Esta experiencia de alto vuelo le ofrece a usted y a su familia una vista a\u00e9rea de Disney Springs. Cada viaje dura entre 8 y 10 minutos y los hu\u00e9spedes alcanzan una altura de 400 pies en el aire.<\/p>\r\n\t\t\t    <\/li>\r\n\t\t\t    <li>\r\n\t\t\t        <p><strong>Cirque du Soleil:<\/strong> \u00a1Su familia quedar\u00e1 fascinada con acrobacias impresionantes, coreograf\u00edas cautivadoras y m\u00fasica encantadora en cada espect\u00e1culo impresionante!<\/p>\r\n\t\t\t    <\/li>\r\n\t\t\t<\/ul>\r\n\r\n\t\t\t[blockquote type=\"center\"]Necesitas Tickets? Obten <a target=\"_blank\" rel=\"noreferrer noopener\" href=\"https:\/\/kgstix.com\/westgate\/walt-disney-world\/\">Discount Disney Tickets Hoy <\/a>[\/blockquote]\r\n\r\n\r\n\t\t\t<h3>The Landing Entertainment<\/h3>\r\n\t\t\t<p>At The Landing en  Disney Springs, Encontrar\u00e1s un mundo de entretenimiento que har\u00e1 las delicias de toda la familia. Desde recorridos en barco hasta cenas junto al agua, siempre sucede algo emocionante que crea recuerdos duraderos y momentos de pura alegr\u00eda que todos apreciar\u00e1n.\r\n\u200b.<\/p>\r\n\t\t\t<p>Estas son algunas de las mejores experiencias de entretenimiento en The Landing en Disney Springs:&nbsp;<\/p>\r\n\t\t\t<ul>\r\n\t\t\t    <li>\r\n\t\t\t        <p><strong>Romantic Italian Water Taxi Cruise:<\/strong> Tome un paseo en el taxi acu\u00e1tico italiano de 40 pies y navegue por el lago Buena Vista. Los hu\u00e9spedes pueden disfrutar de fresas cubiertas de chocolate y champ\u00e1n en una experiencia \u00fanica.<\/p>\r\n\t\t\t    <\/li>\r\n\t\t\t    <li>\r\n\t\t\t        <p><strong>Vintage Amphicar Ride:<\/strong> Tres miembros de tu familia pueden disfrutar de un recorrido de 20 minutos por tierra y agua con este veh\u00edculo antiguo \u00fanico. Los paseos est\u00e1n disponibles de 10 a.m. a 10 p.m., si el clima lo permite.<\/p>\r\n\t\t\t    <\/li>\r\n\t\t\t<\/ul>\r\n\r\n\r\n\t\t\t<h3>Town Center Entertainment<\/h3>\r\n\t\t\t<p>Town Center en Disney Springs es un vibrante centro de entretenimiento para toda la familia. Desde actuaciones en vivo hasta experiencias inmersivas, hay algo para todos los gustos. Descubra talentosos artistas callejeros, m\u00fasicos cautivadores y exhibiciones interactivas que llevan alegr\u00eda y emoci\u00f3n a cada rinc\u00f3n. A los m\u00e1s peque\u00f1os les encantar\u00e1n las luces y la emoci\u00f3n, y los adultos disfrutar\u00e1n de las impresionantes im\u00e1genes mientras usted disfruta de una bebida o de una de las muchas opciones para cenar..<\/p>\r\n\r\n\t\t\t<h3>Dining Experiences At Disney Springs<\/h3>\r\n\t\t\t<p>Cenar en Disney Springs es un viaje culinario a trav\u00e9s de sus cuatro vibrantes vecindarios. Cada uno de los cuatro vecindarios de Disney Springs ofrece un conjunto \u00fanico de restaurantes tem\u00e1ticos y opciones gastron\u00f3micas. A usted y a su familia les encantar\u00e1 la variedad de platos, adem\u00e1s pueden participar en todo, desde comidas de servicio r\u00e1pido y salones hasta servicio de mesa y quioscos para garantizar que todos obtengan algo de comer que disfruten.<\/p>\r\n\r\n\r\n\t\t\t<h3>Our Favorite Disney Springs Dining Options<\/h3>\r\n\t\t\t<p>Disney Springs tiene algo para todos los gustos y presupuestos, desde caf\u00e9s junto al agua y restaurantes tem\u00e1ticos hasta excelentes restaurantes de clase mundial. De hecho, encontrar\u00e1 m\u00e1s de 50 opciones tentadoras para toda la familia. Elija entre una amplia gama de exquisitos restaurantes de servicio completo, como The Boathouse, Bongos Cuban Caf\u00e9, Cookes of Dublin y Jock Lindsey's Hangar Bar. O tome un bocado r\u00e1pido o un refrigerio en lugares como Aristocrepes, Blaze Fast-Fire'd Pizza, D-Luxe Burger, Dockside Margaritas, Earl of Sandwich y Sprinkles Bakery. Cualquiera que sea su gusto, seguramente lo encontrar\u00e1 en Disney Springs.\r\n\u200b<\/p>\r\n\t\t\t<p>Independientemente de su preferencia, hay una experiencia de sabor esperando para tentar su paladar. Estas son algunas de las opciones gastron\u00f3micas mejor valoradas en Disney Springs para que disfrutes t\u00fa y tu familia:&nbsp;<\/p>\r\n\t\t\t<ul>\r\n\t\t\t    <li>\r\n\t\t\t        <p><strong>Wine Bar George:<\/strong> El \u00fanico bar de vinos dirigido por un maestro sommelier de Florida est\u00e1 dirigido por George Miliotes, uno de los 274 expertos mundiales. Saboree comidas desde el brunch hasta la cena, que incluyen platos como hummus, ensaladas, filete de falda, pollo estofado en vino, lubina a la parrilla y vinos californianos \u00fanicos.-<\/p>\r\n\t\t\t    <\/li>\r\n\t\t\t    <li>\r\n\t\t\t        <p><strong>House of Blues Restaurant and Bar:<\/strong> Experimente la emoci\u00f3n de un concierto con su cena, que incluye delicias de Jambalaya y Voodoo Shrimp hasta una variedad de platos sure\u00f1os y bebidas especiales del d\u00eda. Los domingos ofrecemos un renombrado brunch gospel con actuaciones locales en vivo.<\/p>\r\n\t\t\t    <\/li>\r\n\t\t\t    <li>\r\n\t\t\t        <p><strong>Chef Art Smith&apos;s Homecomin&apos;:<\/strong> Saboree el legado agr\u00edcola de Florida con c\u00f3cteles artesanales y cocina de la granja a la mesa. Disfrute de reconfortantes cl\u00e1sicos sure\u00f1os como Hummingbird Cake, Hush Puppies, pollo frito, camarones y s\u00e9mola para una experiencia culinaria incomparable.<\/p>\r\n\t\t\t    <\/li>\r\n\t\t\t    <li>\r\n\t\t\t        <p><strong>Enzo&apos;s Hideaway:<\/strong> Este bar de t\u00fanel, que recuerda a los bares clandestinos de la era de la prohibici\u00f3n, ofrece una mezcla ecl\u00e9ctica de rones y whiskys junto con una variedad de comida, que incluye pasta, pizza y hamburguesas toscanas, complementadas con bebidas especiales y espressos.<\/p>\r\n\t\t\t    <\/li>\r\n\t\t\t    <li>\r\n\t\t\t        <p><strong>Raglan Road:<\/strong>Este galardonado pub irland\u00e9s ofrece una experiencia gastron\u00f3mica familiar inolvidable que ofrece Fish &amp; Patatas fritas y pastel de pastor. Complementando su comida de clase mundial se encuentran actuaciones espectaculares de aut\u00e9nticos artistas irlandeses.<\/p>\r\n\t\t\t    <\/li>\r\n\t\t\t<\/ul>\r\n\t\t\t<p>\u00bfBuscas a\u00fan m\u00e1s opciones gastron\u00f3micas excelentes en Disney Springs? Consulte nuestra publicaci\u00f3n de blog que describe the&nbsp;<a href=\"[home_url]\/blog\/ranked-reveal-best-disney-springs-restaurants\/\">top restaurantes en  Disney Springs <\/a> \u00a1Basado en rese\u00f1as de varios sitios de rese\u00f1as confiables!<\/p>\r\n\r\n        <\/div>\r\n    <\/div>\r\n    \r\n<\/div>\r\n<!---->\r\n<div style=\"background: #efefef;\">\r\n    <div class=\"x-container max width my-5 py-4\">\r\n    \t<div class=\"row mb-3\">\r\n\t        <div class=\"col\">\r\n    <h1 class=\"h3 mb-3\" id=\"faq\">Preguntas Frecuentes<\/h2>\r\n    <div class=\"row\">\r\n    \t<div class=\"col\">\r\n\t\t\t<h2 class=\"h5 mt-1\"><i class=\"far fa-question-circle\"><\/i> \u00bfHay alg\u00fan consejo para estacionar en Disney Springs?<\/h2>\r\n\t\t\t<h3 class=\"h5 font-smaller mt-0\">Disney Springs ofrece estacionamiento gratuito en varios garajes. Se recomienda llegar al menos 60 minutos antes durante las horas pico, especialmente los fines de semana. El servicio de aparcacoches tambi\u00e9n est\u00e1 disponible por un cargo adicional.<\/h3>\r\n\t\t\t<h2 class=\"h5\"><i class=\"far fa-question-circle\"><\/i> \u00bfDisney Springs es solo para ir de compras y cenar?<\/h2>\r\n\t\t\t<h3 class=\"h5 font-smaller mt-0\">Si bien es famoso por sus restaurantes y tiendas, Disney Springs tambi\u00e9n ofrece una variedad de opciones de entretenimiento, que incluyen presentaciones en vivo, cines y eventos especiales para todas las edades.<\/h3>\r\n\t\t\t<h2 class=\"h5\"><i class=\"far fa-question-circle\"><\/i> Cuantos restaurantes y; \u00bfHay tiendas en Disney Springs?<\/h2>\r\n\t\t\t<h3 class=\"h5 font-smaller mt-0\">Con m\u00e1s de 100 tiendas minoristas y m\u00e1s de 60 opciones gastron\u00f3micas, Disney Springs es conocido por su amplia selecci\u00f3n de experiencias gastron\u00f3micas y gastron\u00f3micas.<\/h3>\r\n<h2 class=\"h5\"><i class=\"far fa-question-circle\"><\/i> \u00bfPuedes ver los fuegos artificiales de Disney Springs?<\/h2>\r\n\t\t\t<h3 class=\"h5 font-smaller mt-0\">TT\u00e9cnicamente, s\u00ed. La mejor vista la encontrar\u00e1s en la cubierta superior de Paddlefish. De lo contrario, es muy probable que simplemente escuches los fuegos artificiales.<\/h3>\r\n<h2 class=\"h5\"><i class=\"far fa-question-circle\"><\/i> \u00bfD\u00f3nde comprar Magic Bands en Disney Springs?<\/h2>\r\n\t\t\t<h3 class=\"h5 font-smaller mt-0\">Las MagicBands se pueden encontrar en Disney Springs en Disney Pin Traders, Marketplace Co-Op, Star Wars Trading Post y World of Disney.<\/h3>\r\n<h2 class=\"h5\"><i class=\"far fa-question-circle\"><\/i> \u00bfPuedes usar tarjetas de regalo de Disney en Disney Springs?<\/h2>\r\n\t\t\t<h3 class=\"h5 font-smaller mt-0\">La mayor\u00eda de las tiendas en Disney Springs aceptar\u00e1n tarjetas de regalo de Disney como forma de pago. \u00a1Siempre es beneficioso confirmarlo previamente con el personal de la tienda! Desbloquea la magia de Disney con nuestra <a href=\"[home_url]specials\/westgates-official-disney-vacation\/\">Oferta de Disney gift card <\/a>.<\/h3>\r\n    \t<\/div>\r\n    <\/div>\r\n<\/div>\r\n\t    <\/div>\r\n\t<\/div>\r\n<\/div>\r\n    \r\n<div class=\"x-container max width\">\r\n    <div class=\"row pb-5\">\r\n        [line]\r\n        <h3 class=\"h5 mt-0\">Enlaces \u00datiles<\/h3>\r\n        [columnize]\r\n        <ul>\r\n           <li><a href=\"\/es\/orlando\/theme-parks\/walt-disney-world\/\">Walt Disney World<\/a><\/li>\r\n<li><a href=\"\/es\/orlando\/theme-parks\/walt-disney-world\/epcot-orlando\/\">Epcot Orlando<\/a><\/li>\r\n<li><a href=\"\/es\/orlando\/theme-parks\/walt-disney-world\/animal-kingdom-orlando\/\">Disney's Animal Kingdom Orlando<\/a><\/li>\r\n<li><a href=\"\/es\/orlando\/theme-parks\/walt-disney-world\/disney-hollywood-studios\/\">Disney's Hollywood Studios<\/a><\/li>\r\n<li><a href=\"\/es\/orlando\/theme-parks\/walt-disney-world\/typhoon-lagoon-orlando\/\">Typhoon Lagoon<\/a><\/li>\r\n<li><a href=\"\/es\/orlando\/theme-parks\/walt-disney-world\/blizzard-beach-orlando\/\">Blizzard Beach<\/a><\/li>\r\n<li><a href=\"\/es\/orlando\/theme-parks\/walt-disney-world\/discount-disney-tickets\/\">Entradas a Disney con Descuento<\/a><\/li>\r\n<li><a href=\"\/es\/orlando\/theme-parks\/walt-disney-world\/magic-kingdom-orlando\/magic-kingdom-discount-tickets\/\">Entradas a Magic Kingdom con Descuento<\/a><\/li>\r\n<li><a href=\"\/es\/orlando\/theme-parks\/walt-disney-world\/animal-kingdom-orlando\/animal-kingdom-discount-tickets\/\">Entradas a Animal Kingdom con Descuento<\/a><\/li>\r\n<li><a href=\"\/es\/orlando\/theme-parks\/walt-disney-world\/epcot-orlando\/epcot-discount-tickets\/\">Entradas a Epcot con Descuento<\/a><\/li>\r\n<li><a href=\"\/es\/orlando\/theme-parks\/walt-disney-world\/disney-hollywood-studios\/hollywood-studios-discount-tickets\/\">Entradas a Hollywood Studios con Descuento<\/a><\/li>\r\n<li><a href=\"\/es\/orlando\/theme-parks\/walt-disney-world\/visit-disney-at-christmas\/\">Navidades en Disney<\/a><\/li>\r\n\r\n        <\/ul>\r\n        [\/columnize]\r\n        [line]\r\n\r\n    <\/div>\r\n<\/div>\r\n\r\n\r\n\r\n          ","protected":false},"excerpt":{"rendered":"<p>Buscar Resorts cerca de Disney Springs [search-availability layout=\"horizontal\" destination=\"Orlando\" hide_title=\"true\" class=\"no-bg pan\"] Vecindarios de Disney Resorts Cercanos Preguntas Frecuentes Disney Springs Anteriormente conocido como Downtown Disney, Disney Springs es un ... <\/p>\n<div><a href=\"https:\/\/www.westgatereservations.com\/es\/orlando\/theme-parks\/walt-disney-world\/disney-springs\/\" class=\"more-link\">Leer M\u00e1s<\/a><\/div>\n","protected":false},"author":6,"featured_media":0,"parent":23868,"menu_order":0,"comment_status":"open","ping_status":"closed","template":"template-blank-4.php","meta":{"footnotes":""},"_links":{"self":[{"href":"https:\/\/www.westgatereservations.com\/es\/wp-json\/wp\/v2\/pages\/15456"}],"collection":[{"href":"https:\/\/www.westgatereservations.com\/es\/wp-json\/wp\/v2\/pages"}],"about":[{"href":"https:\/\/www.westgatereservations.com\/es\/wp-json\/wp\/v2\/types\/page"}],"author":[{"embeddable":true,"href":"https:\/\/www.westgatereservations.com\/es\/wp-json\/wp\/v2\/users\/6"}],"replies":[{"embeddable":true,"href":"https:\/\/www.westgatereservations.com\/es\/wp-json\/wp\/v2\/comments?post=15456"}],"version-history":[{"count":0,"href":"https:\/\/www.westgatereservations.com\/es\/wp-json\/wp\/v2\/pages\/15456\/revisions"}],"up":[{"embeddable":true,"href":"https:\/\/www.westgatereservations.com\/es\/wp-json\/wp\/v2\/pages\/23868"}],"wp:attachment":[{"href":"https:\/\/www.westgatereservations.com\/es\/wp-json\/wp\/v2\/media?parent=15456"}],"curies":[{"name":"wp","href":"https:\/\/api.w.org\/{rel}","templated":true}]}}