{"id":15449,"date":"2025-03-31T12:00:39","date_gmt":"2025-03-31T16:00:39","guid":{"rendered":"https:\/\/www.westgatereservations.com\/walt-disney-world\/epcot-discount-tickets\/"},"modified":"2025-04-11T12:49:38","modified_gmt":"2025-04-11T16:49:38","slug":"epcot-discount-tickets","status":"publish","type":"page","link":"https:\/\/www.westgatereservations.com\/es\/orlando\/theme-parks\/walt-disney-world\/epcot-orlando\/epcot-discount-tickets\/","title":{"rendered":"Tickets con Descuento para Epcot"},"content":{"rendered":"<img decoding=\"async\" class=\"x-visible-phone\" src=\"https:\/\/westgatecdn.com\/2023\/10\/banner-full-epcot.webp\" alt=\"Disney Epcot\" \/>\r\n<div class=\"p-5 x-hidden-phone\" style=\"background-size:cover; background-image: url('https:\/\/westgatecdn.com\/2023\/10\/banner-full-epcot.webp'); background-position: center;\">\r\n<div class=\"p-5\"><\/div>\r\n<div class=\"p-5\"><\/div>\r\n<div class=\"p-2\"><\/div>\r\n<\/div>\r\n<!---->\r\n<div class=\"availability-search\">\r\n    <div class=\"x-container max width\">\r\n        <div class=\"row d-flex align-items-center py-1\">\r\n            <div class=\"col col-12 col-md-3\" style=\"vertical-align: middle;\">\r\n                <h4 class=\"man white\">Buscar complejos tur\u00edsticos cerca de Disney<\/h4>\r\n            <\/div>\r\n            <div class=\"col col-12 col-md-9\">\r\n                [search-availability layout=\"horizontal\" destination=\"Orlando\" hide_title=\"true\" class=\"no-bg pan\"]\r\n            <\/div>\r\n        <\/div>\r\n    <\/div>\r\n<\/div>\r\n\r\n<div class=\"center-text fw-wrapper x-hidden-phone\">\r\n    <div class=\"d-flex justify-content-center font-120 mt-1\">\r\n        <wf-scroll hash=\"tickets\" class=\"mx-2\">Tickets<\/wf-scroll>\r\n        <wf-scroll hash=\"packages\" class=\"mx-2\">Paquetes Vacacionales<\/wf-scroll>\r\n        <wf-scroll hash=\"faq\" class=\"mx-2\">Preguntas Frecuentes<\/wf-scroll>\r\n    <\/div>\r\n<\/div>\r\n\r\n<div class=\"x-container max width mt-3 mt-md-5\">\r\n    <div class=\"row\">\r\n        <div class=\"col-12 col-md-9\">\r\n\r\n            <h1>Tickets con Descuento para EPCOT<\/h1>\r\n\r\n            <p class=\"mtm\">Sum\u00e9rgete en una combinaci\u00f3n de tecnolog\u00eda y cultura en EPCOT, una joya destacada en los parques de Walt Disney World Resort. Aqu\u00ed descubrir\u00e1s la innovaci\u00f3n de Future World y el estilo global de World Showcase. Con su gran tama\u00f1o, que supera incluso al Parque Magic Kingdom, una visita planificada a EPCOT es imprescindible para las familias. Podr\u00e1s disfrutar de atracciones para ni\u00f1os y aventuras emocionantes. Los adultos pueden beber en todo el mundo y disfrutar del Festival Internacional de Comida y Vino anual EPCOT. Y al final del d\u00eda, podr\u00e1n reunirse alrededor de World Showcase Lagoon para disfrutar de un espect\u00e1culo nocturno: una combinaci\u00f3n de agua, luces l\u00e1ser, m\u00fasica y fuegos artificiales.<\/p>\r\n\r\n            <h4>Encuentra los Mejores Tickets de EPCOT con Descuento para tu Familia<\/h4>\r\n\r\n            <p class=\"mt-3\">\u00bfEst\u00e1s buscando hacer realidad los sue\u00f1os de Disney de tu familia sin tener que gastar mucho dinero? Ofrecemos tickets de EPCOT con descuento dise\u00f1ados para satisfacer las necesidades de cualquier vacaci\u00f3n familiar. Elige entre pases de 1, 2, o 3 d\u00edas para dise\u00f1ar tu experiencia ideal en Disney.<\/p>\r\n            <div id=\"tickets\"><\/div>\r\n            [content-block name=\"disney-tickets\"]\r\n            \r\n            <p class=\"mtm\">\r\n           En Westgate, hemos seleccionado las mejores atracciones y consejos de expertos para brindar una experiencia excepcional que ayudar\u00e1 a ti y a tu familia a crear recuerdos sin tener que gastar mucho dinero. Parte de nuestra iniciativa principal es garantizar que nuestros hu\u00e9spedes experimenten todo lo que hay para ver en Disney World y con la confianza de que se mantendr\u00e1n dentro de un precio fijo. \u00bfListo para una inmersi\u00f3n m\u00e1s profunda en todo lo relacionado con EPCOT? Explora nuestras gu\u00edas de parques y aprende a c\u00f3mo obtener tickets de EPCOT para tus pr\u00f3ximas vacaciones familiares, \u00a1y con un gran descuento!\r\n            <\/p>\r\n\r\n            <img decoding=\"async\" src=\"https:\/\/westgatecdn.com\/2017\/09\/epcot-food-wine-1.jpg\" alt=\"Epcot Food and Wine Festival\" \/>\r\n            <h4 class=\"mt-3\">Tickets con Descuento de Disney EPCOT para Unas Excelentes Vacaciones<\/h4>\r\n\r\n            <p class=\"mt-3\">Descubre la magia de Disney's Epcot a precios insuperables con Westgate Reservations, tu opci\u00f3n para obtener tickets con descuento para Epcot. Experimenta un mundo donde la imaginaci\u00f3n se encuentra con la realidad, desde desfiles repletos de estrellas hasta atracciones alucinantes adecuadas para toda la familia. Ya sea una excelente cena, chapotear en parques acu\u00e1ticos o conocer a Mickey y sus amigos, Epcot promete las vacaciones de tu vida. Termina tus d\u00edas con espect\u00e1culos galardonados y fuegos artificiales fuera de este mundo. No pierdas la oportunidad de explorar este m\u00e1gico mundo de cuento de hadas. \u00a1Obt\u00e9n tus tickets con descuento para Epcot con nosotros hoy!<\/p>\r\n\r\n\r\n<h4>Epcot International Flower & Garden Festival<\/h4>\r\n<p>\r\nCelebra la primavera con una explosi\u00f3n de colores, delicias, m\u00fasica cl\u00e1sica y m\u00e1s en la feria anual <a href=\"https:\/\/www.westgatereservations.com\/blog\/epcot-international-flower-garden-festival\/\">Epcot International Flower &amp; Garden Festival<\/a>. Adem\u00e1s de todas las atracciones y juegos habituales, disfrutar\u00e1s de:\r\n<\/p>\r\n<ul class=\"x-ul-icons\"> \r\n<li class=\"x-li-icon\"><i class=\"fa fa-leaf\" aria-hidden=\"true\"><\/i>M\u00e1s de 70 topiarios con temas de Disney, en formas como Elsa, El Rey Le\u00f3n, Mickey y Minnie Mouse, y el Pato Donald.<\/li> \r\n<li class=\"x-li-icon\"><i class=\"fa fa-leaf\" aria-hidden=\"true\"><\/i>Una incre\u00edble variedad de coloridos jardines y esculturas vivientes (Pollinator Paradise, Mariposas, Orqu\u00eddeas, Shakespeare y m\u00e1s).<\/li> \r\n<li class=\"x-li-icon\"><i class=\"fa fa-puzzle-piece\" aria-hidden=\"true\"><\/i>\u00c1reas de juego divertidas e interactivas para los ni\u00f1os que incluyen un jard\u00edn musical con tambores, campanillas y xil\u00f3fonos.<\/li>\r\n<li class=\"x-li-icon\"><i class=\"fa fa-leaf\" aria-hidden=\"true\"><\/i>H\u00e1bitats de patio trasero y encuentros con insectos.<\/li>\r\n<li class=\"x-li-icon\"><i class=\"fa fa-gear\" aria-hidden=\"true\"><\/i>Consejos de jardiner\u00eda que puedes aplicar t\u00fa mismo, consejos pr\u00e1cticos e ideas de expertos.<\/li>\r\n<li class=\"x-li-icon\"><i class=\"fa fa-star\" aria-hidden=\"true\"><\/i>Cocinas al aire libre con deliciosos sabores de todo World Showcase.<\/li>\r\n<li class=\"x-li-icon\"><i class=\"fa fa-music\" aria-hidden=\"true\"><\/i>M\u00fasica de bandas e int\u00e9rpretes cl\u00e1sicos.<\/li>\r\n<\/ul>\r\n\r\n\t\t\t[blockquote type=\"center\"]\u00a1Paquetes con descuento para Disney Disponibles!\r\n            Llama al [phone_link][tel][\/phone_link][\/blockquote]  \r\n\r\n\t\r\n        <\/div>\r\n        <!--sidebar-->\r\n        <div class=\"col-12 col-md-3\">\r\n            [content-block name=\"sidebar-default-silo\"]\r\n            [recent_posts count=\"1\" no_image=\"false\" orientation=\"vertical\" category=\"disney world\"]\r\n            [recent_posts count=\"2\" no_image=\"true\" orientation=\"vertical\" offset=\"1\" category=\"disney world\" ]\r\n        <\/div>\r\n        <!--\/sidebar-->\r\n    <\/div>\r\n    <!---->\r\n<\/div>\r\n<div style=\"background: #efefef;\">\r\n    <div class=\"x-container max width my-5 py-4\">\r\n        <div class=\"row\">\r\n            <div class=\"col\">\r\n                <!-- Packages-->\r\n                <h2 class=\"h3 mb-2\" id=\"packages\">Paquetes vacacionales m\u00e1gicos de Disney<\/h2>\r\n                [specials ids=\"5658,15530,15628,13354,15713,15840,15720,15569\"]\r\n                <!-- \/Packages-->\r\n                [blockquote type=\"center\"]\u00bfNecesitas Tickets? Obt\u00e9n <a target=\"_blank\" rel=\"noreferrer noopener\" href=\"https:\/\/kgstix.com\/westgate\/walt-disney-world\/\">Tickets de Disney con Descuento Hoy<\/a>[\/blockquote]\r\n\r\n            <\/div>\r\n        <\/div>\r\n    <\/div>\r\n<\/div>\r\n<!---->\r\n<div class=\"x-container max width\">\r\n\r\n    <div class=\"row\">\r\n        <div class=\"col\">\r\n\r\n\t\t\t<h5>Las Festividades Alrededor del Mundo<\/h5>\r\n            <p>\r\n           Deja que el parque tem\u00e1tico Epcot te sumerja en el esp\u00edritu navide\u00f1o con su Procesi\u00f3n anual a la luz de las velas y las Festividades alrededor del mundo. La procesi\u00f3n presenta una orquesta en vivo de 50 m\u00fasicos, un coro masivo y un narrador famoso que lee el cuento de Navidad. Adem\u00e1s, descubrir\u00e1s un espect\u00e1culo navide\u00f1o global destacado por el entretenimiento \u00fanico que celebra el esp\u00edritu internacional de la temporada. Disfruta de m\u00fasica alegre, comidas de temporada, tradiciones consagradas y artistas disfrazados en World Showcase.\r\n            <\/p>\r\n            <h5>Nuestras Atracciones Favoritas en EPCOT<\/h5>\r\n            <p>\r\n            <p>Este es el coraz\u00f3n palpitante de EPCOT: una aventura alrededor del mundo sin tener que salir del parque.<\/p>\r\n\r\n            <h6>Guardians of the Galaxy: Cosmic Rewind<\/h6>\r\n            <p>Cosmic Rewind en EPCOT ofrece una emoci\u00f3n familiar como ninguna otra. Si bien no se voltea ni se compara con la velocidad de Test Track, su lanzamiento inverso y sus autos giratorios configurados con una lista de reproducci\u00f3n \u00fanica lo convierten en uno de los viajes m\u00e1s inmersivos que jam\u00e1s hayas experimentado.<\/p>\r\n\r\n            <h6>Soarin\u2019 Around the World<\/h6>\r\n            <p>Soarin' Around the World en EPCOT es una atracci\u00f3n imperdible que te lleva en un viaje virtual en ala delta a trav\u00e9s de lugares emblem\u00e1ticos del mundo. Experimenta los Alpes suizos, el Monte Kilimanjaro y m\u00e1s en una pantalla IMAX de 80 pies, con viento, aromas y asombro.\r\n\r\n            <h6>Spaceship Earth<\/h6>\r\n            <p>Puede que Spaceship Earth en EPCOT no sea el viaje m\u00e1s llamativo, pero es un cl\u00e1sico. Ofrece un viaje atemporal por la historia de la comunicaci\u00f3n, desde la antig\u00fcedad hasta la actualidad. Es un escape relajante de la ajetreada atm\u00f3sfera del parque, y la ic\u00f3nica esfera geod\u00e9sica hace que viajar dentro sea una experiencia incre\u00edble.<\/p>\r\n\r\n            <h6>Test Track<\/h6>\r\n            <p>Test Track en EPCOT es una aventura de alta velocidad con tem\u00e1tica automovil\u00edstica en la que puedes dise\u00f1ar tu propio auto de prueba antes de alcanzar velocidades de hasta 65 mph. Perfecto tanto para ni\u00f1os como para adultos, el paseo combina emoci\u00f3n con creatividad. Para vivir una experiencia m\u00e1gica adicional, programa tu paseo para que coincida con el espect\u00e1culo de fuegos artificiales Harmonious sobre World Showcase Lagoon.<\/p>\r\n\r\n            <h6>Gran Fiesta Tour Starring the Three Caballeros<\/h6>\r\n            <p>\u00a1No te pierdas la Gran Fiesta Tour protagonizada por los Tres Caballeros en EPCOT! Este subestimado paseo en barco ofrece una escapada tranquila con un encanto cl\u00e1sico de Disney con el Pato Donald. Ubicado en el atmosf\u00e9rico Pabell\u00f3n de M\u00e9xico, es una excelente manera de disfrutar de la comodidad del aire acondicionado, m\u00fasica festiva e incluso una margarita, \u00a1generalmente con un corto tiempo de espera!\r\n\u200b<\/p>\r\n\r\n            <h6>Remy\u2019s Ratatouille Adventure<\/h6>\r\n            <p>Experimenta la magia innovadora de Remy's Ratatouille Adventure en el Pabell\u00f3n de Francia ampliado de EPCOT. Este paseo inmersivo utiliza tecnolog\u00eda sin rieles para reducirte al tama\u00f1o de una rata mientras exploras el restaurante de Gusteau. Con im\u00e1genes impresionantes, elementos 4D como el calor y el olor, y tecnolog\u00eda de pantalla, es una obra maestra de la imaginaci\u00f3n.<\/p>\r\n\r\n            <h6>Living with the Land<\/h6>\r\n            <p>Experimenta Living with the Land, una atracci\u00f3n que ha sido parte de EPCOT desde el primer d\u00eda. Este tranquilo recorrido en barco ofrece una visi\u00f3n educativa del futuro de la agricultura, mostrando invernaderos, piscifactor\u00edas y hortalizas de gran tama\u00f1o.<\/p>\r\n\r\n            <h6>Frozen Ever After<\/h6>\r\n            <p>Aunque Frozen Ever After podr\u00eda ocupar un lugar m\u00e1s bajo en mi lista de las principales atracciones de EPCOT, sigue siendo una experiencia s\u00f3lida. El viaje presenta m\u00fasica pegadiza, Audio-Animatronics bien dise\u00f1ados y un emocionante paseo en bote.<\/p>\r\n\r\n            <h6>Mission: SPACE<\/h6>\r\n            <p>\u00a1Experimenta la emoci\u00f3n de los viajes espaciales en Mission: SPACE en EPCOT! Elige la Misi\u00f3n Verde para una \u00f3rbita simulada alrededor de la Tierra, ideal para quienes son propensos a marearse. Para los amantes de la adrenalina, la Misi\u00f3n Naranja ofrece un viaje de alta intensidad a Marte, completo con giros que revuelven el est\u00f3mago.<\/p>\r\n\r\n            <h6>Journey Into Imagination With Figment<\/h6>\r\n            <p>Experimenta el fant\u00e1stico mundo de Journey Into Imagination With Figment en EPCOT. Este polarizante paseo favorito te lleva en una aventura a trav\u00e9s de los cinco sentidos. Si bien no es una visita obligada para todos, es un desv\u00edo encantador si te encuentras en World Celebration, especialmente si buscas tomarte un descanso de las delicias del festival.\r\n\u200b<\/p>\r\n\r\n\r\n\r\n            <h5>Escoge tu Paquete de Vacaciones para Orlando con Descuento<\/h5>\r\n            <p>\r\n          S\u00e9 nuestro invitado y disfruta de unas emocionantes vacaciones en Orlando. Ofrecemos una amplia variedad de tickets con descuento para Walt Disney World y opciones de paquetes de Disney. Perm\u00edtenos ayudarte a reservar unas vacaciones econ\u00f3micas en Disney World completas con reservas en resorts.<\/p>\r\n            <\/div>\r\n            <p> \r\n            Junto con los tickets con descuento de EPCOT, tambi\u00e9n ofrecemos <a href=\"[home_url]orlando\/theme-parks\/walt-disney-world\/magic-kingdom-orlando\/magic-kingdom-discount-tickets\/\">tickets de Magic Kingdom<\/a>, <a href=\"[home_url]orlando\/theme-parks\/walt-disney-world\/disney-hollywood-studios\/hollywood-studios-discount-tickets\/\">tickets de Hollywood Studios<\/a>, y <a href=\"[home_url]orlando\/theme-parks\/walt-disney-world\/animal-kingdom-orlando\/animal-kingdom-discount-tickets\/\">tickets de Animal Kingdom<\/a>. Otros parques tem\u00e1ticos y atracciones del \u00e1rea disponibles incluyen Legoland, <a href=\"[home_url]vacations\/theme-park\/seaworld\/\">paquetes de SeaWorld<\/a>, Aquatica, y <a href=\"[home_url]orlando\/resorts-and-hotels\/water-park\/\"> hoteles con parque acu\u00e1tico en Florida <\/a>. \u00a1Ahorrar\u00e1s en tickets de Walt Disney World pero tambi\u00e9n ahorrar\u00e1s tiempo al comprar tickets con precios especiales por adelantado o <a href=\"[home_url]specials\/\">paquetes de vacaciones<\/a>!\r\n             <\/p>\r\n\r\n        <\/div>\r\n    <\/div>\r\n\r\n    \r\n<\/div>\r\n<!---->\r\n<div style=\"background: #efefef;\">\r\n    <div class=\"x-container max width my-5 py-4\">\r\n    \t<div class=\"row mb-3\">\r\n\t        <div class=\"col\">\r\n\t\t\t    <h1 class=\"h3 mb-3\" id=\"faq\">Preguntas Frecuentes<\/h2>\r\n\t\t\t    <div class=\"row\">\r\n\t\t\t    \t<div class=\"col\">\r\n\t\t\t\t\t\t<h2 class=\"h5 mt-1\"><i class=\"far fa-question-circle\"><\/i> \u00bfCu\u00e1nto cuestan los tickets de Epcot en la entrada?<\/h2>\r\n\t\t\t\t\t\t<h3 class=\"h5 font-smaller mt-0\">Los tickets para EPCOT en la entrada comienzan en $109 por d\u00eda. Ten en cuenta que, como revendedor autorizado l\u00edder, ofrecemos una amplia gama de opciones y paquetes de tickets de Disney que incluyen tickets. \u00a1Perm\u00edtenos ayudarte a hacer realidad tus sue\u00f1os de Disney a un precio de descuento!<\/h3>\r\n\r\n\t\t\t\t\t\t<h2 class=\"h5\"><i class=\"far fa-question-circle\"><\/i>\u00bfQu\u00e9 es un pase Park Hopper?<\/h2>\r\n\t\t\t\t\t\t<h3 class=\"h5 font-smaller mt-0\"> Un pase park hopper de Disney permite a los visitantes saltar de un parque tem\u00e1tico de Disney a otro en cualquier momento durante el d\u00eda o durante la duraci\u00f3n del ticket.<\/h3>\r\n\r\n\t\t\t\t\t\t<h2 class=\"h5\"><i class=\"far fa-question-circle\"><\/i> \u00bfCu\u00e1nto cuesta el Estacionamiento en Disney's Epcot?<\/h2>\r\n\t\t\t\t\t\t<h3 class=\"h5 font-smaller mt-0\">El estacionamiento est\u00e1ndar para autom\u00f3viles en EPCOT cuesta $30 por d\u00eda. El estacionamiento preferencial cuesta entre $45 y $55 por d\u00eda.<\/h3>\r\n\r\n\t\t\t\t\t\t<h2 class=\"h5\"><i class=\"far fa-question-circle\"><\/i> \u00bfC\u00f3mo puedo agregar m\u00e1s tickets para Disney World?<\/h2>\r\n\t\t\t\t\t\t<h3 class=\"h5 font-smaller mt-0\">Con nuestros convenientes paquetes de Disney, puedes mejorar de varias maneras, incluida la adici\u00f3n de tickets para Disney World, noches adicionales, mejoras de habitaci\u00f3n y m\u00e1s.<\/h3>\r\n\t\t\t    \t<\/div>\r\n\t\t\t    <\/div>\r\n\t\t\t<\/div>\r\n\t    <\/div>\r\n\t<\/div>\r\n<\/div>\r\n    \r\n<div class=\"x-container max width\">\r\n    <div class=\"row pb-5\">\r\n        <h3 class=\"h5 mt-0\">Enlaces adicionales de Disney<\/h3>\r\n        [columnize]\r\n        <ul>    \r\n        <li><a href=\"\/es\/orlando\/theme-parks\/walt-disney-world\/\">Walt Disney World<\/a><\/li>\r\n        <li><a href=\"\/es\/orlando\/theme-parks\/walt-disney-world\/magic-kingdom-orlando\/\">Magic Kingdom Orlando<\/a><\/li>\r\n<li><a href=\"\/es\/orlando\/theme-parks\/walt-disney-world\/epcot-orlando\/\">Epcot Orlando<\/a><\/li>\r\n<li><a href=\"\/es\/orlando\/theme-parks\/walt-disney-world\/animal-kingdom-orlando\/\">Disney's Animal Kingdom Orlando<\/a><\/li>\r\n<li><a href=\"\/es\/orlando\/theme-parks\/walt-disney-world\/disney-hollywood-studios\/\">Disney's Hollywood Studios<\/a><\/li>\r\n<li><a href=\"\/es\/orlando\/theme-parks\/walt-disney-world\/disney-springs\/\">Disney Springs<\/a><\/li>\r\n<li><a href=\"\/es\/orlando\/theme-parks\/walt-disney-world\/discount-disney-tickets\/\">Tickets de Disney con Descuento<\/a><\/li>\r\n<li><a href=\"\/es\/orlando\/theme-parks\/walt-disney-world\/magic-kingdom-orlando\/magic-kingdom-discount-tickets\/\">Tickets de Magic Kingdom con Descuento<\/a><\/li>\r\n<li><a href=\"\/es\/orlando\/theme-parks\/walt-disney-world\/animal-kingdom-orlando\/animal-kingdom-discount-tickets\/\">Tickets de Animal Kingdom con Descuento<\/a><\/li>\r\n<li><a href=\"\/es\/orlando\/theme-parks\/walt-disney-world\/disney-hollywood-studios\/hollywood-studios-discount-tickets\/\">Tickets de Hollywood Studios con Descuento<\/a><\/li>\r\n<li><a href=\"\/es\/orlando\/theme-parks\/walt-disney-world\/visit-disney-at-christmas\/\">Navidades en Disney<\/a><\/li>\r\n\r\n        <\/ul>\r\n        [\/columnize]\r\n\t[clear]\r\n\t[content-block name=\"disney-special\"]\r\n\r\n    <\/div>\r\n<\/div>\r\n\r\n\r\n\r\n\r\n\r\n          ","protected":false},"excerpt":{"rendered":"<p>Buscar complejos tur\u00edsticos cerca de Disney [search-availability layout=\"horizontal\" destination=\"Orlando\" hide_title=\"true\" class=\"no-bg pan\"] Tickets Paquetes Vacacionales Preguntas Frecuentes Tickets con Descuento para EPCOT Sum\u00e9rgete en una combinaci\u00f3n de tecnolog\u00eda y cultura ... <\/p>\n<div><a href=\"https:\/\/www.westgatereservations.com\/es\/orlando\/theme-parks\/walt-disney-world\/epcot-orlando\/epcot-discount-tickets\/\" class=\"more-link\">Leer M\u00e1s<\/a><\/div>\n","protected":false},"author":2,"featured_media":0,"parent":12954,"menu_order":0,"comment_status":"closed","ping_status":"closed","template":"template-blank-4.php","meta":{"footnotes":""},"_links":{"self":[{"href":"https:\/\/www.westgatereservations.com\/es\/wp-json\/wp\/v2\/pages\/15449"}],"collection":[{"href":"https:\/\/www.westgatereservations.com\/es\/wp-json\/wp\/v2\/pages"}],"about":[{"href":"https:\/\/www.westgatereservations.com\/es\/wp-json\/wp\/v2\/types\/page"}],"author":[{"embeddable":true,"href":"https:\/\/www.westgatereservations.com\/es\/wp-json\/wp\/v2\/users\/2"}],"replies":[{"embeddable":true,"href":"https:\/\/www.westgatereservations.com\/es\/wp-json\/wp\/v2\/comments?post=15449"}],"version-history":[{"count":0,"href":"https:\/\/www.westgatereservations.com\/es\/wp-json\/wp\/v2\/pages\/15449\/revisions"}],"up":[{"embeddable":true,"href":"https:\/\/www.westgatereservations.com\/es\/wp-json\/wp\/v2\/pages\/12954"}],"wp:attachment":[{"href":"https:\/\/www.westgatereservations.com\/es\/wp-json\/wp\/v2\/media?parent=15449"}],"curies":[{"name":"wp","href":"https:\/\/api.w.org\/{rel}","templated":true}]}}