{"id":14263,"date":"2025-03-17T11:00:14","date_gmt":"2025-03-17T15:00:14","guid":{"rendered":"https:\/\/www.westgatereservations.com\/walt-disney-world\/animal-kingdom-discount-tickets\/"},"modified":"2025-03-25T16:16:11","modified_gmt":"2025-03-25T20:16:11","slug":"animal-kingdom-discount-tickets","status":"publish","type":"page","link":"https:\/\/www.westgatereservations.com\/es\/orlando\/theme-parks\/walt-disney-world\/animal-kingdom-orlando\/animal-kingdom-discount-tickets\/","title":{"rendered":"Entradas de Animal Kingdom con Descuento"},"content":{"rendered":"<img decoding=\"async\" class=\"x-visible-phone\" src=\"https:\/\/westgatecdn.com\/2023\/08\/banner-full-disney-animal-kingdom-everest-1.webp\" alt=\"Disney Animal Kingdom\" \/>\r\n<div class=\"p-5 x-hidden-phone\" style=\"background-size:cover; background-image: url('https:\/\/westgatecdn.com\/2023\/08\/banner-full-disney-animal-kingdom-everest-1.webp'); background-position: center;\">\r\n<div class=\"p-5\"><\/div>\r\n<div class=\"p-5\"><\/div>\r\n<div class=\"p-2\"><\/div>\r\n<\/div>\r\n<!---->\r\n<div class=\"availability-search\">\r\n    <div class=\"x-container max width\">\r\n        <div class=\"row d-flex align-items-center py-1\">\r\n            <div class=\"col col-12 col-md-3\" style=\"vertical-align: middle;\">\r\n                <h4 class=\"man white\">\u00a1Encuentre complejos tur\u00edsticos cerca de Disney!<\/h4>\r\n            <\/div>\r\n            <div class=\"col col-12 col-md-9\">\r\n                [search-availability layout=\"horizontal\" destination=\"Orlando\" hide_title=\"true\" class=\"no-bg pan\"]\r\n            <\/div>\r\n        <\/div>\r\n    <\/div>\r\n<\/div>\r\n\r\n<div class=\"center-text fw-wrapper x-hidden-phone\">\r\n    <div class=\"d-flex justify-content-center font-120 mt-1\">\r\n        <wf-scroll hash=\"tickets\" class=\"mx-2\">Tickets<\/wf-scroll>\r\n        <wf-scroll hash=\"packages\" class=\"mx-2\">Paquetes Vacacionales<\/wf-scroll>\r\n        <wf-scroll hash=\"faq\" class=\"mx-2\">Preguntas Frecuentes<\/wf-scroll>\r\n    <\/div>\r\n<\/div>\r\n\r\n<div class=\"x-container max width mt-3 mt-md-5\">\r\n    <div class=\"row\">\r\n        <div class=\"col-12 col-md-9\">\r\n\r\n            <h1>Tickets de Animal Kingdom para tu Familia<\/h1>\r\n\r\n            <p class=\"mtm\">\u00bfQu\u00e9 zool\u00f3gico es mucho m\u00e1s que un simple zool\u00f3gico? \u00a1La respuesta es el parque tem\u00e1tico Disney's Animal Kingdom! En Walt Disney World Resort, Animal Kingdom ofrece una aventura fascinante para toda la familia, con una combinaci\u00f3n \u00fanica de atracciones emocionantes, atracciones \u00e9picas, incre\u00edbles espect\u00e1culos en vivo y las majestuosas bellezas de la naturaleza. Junto con una extraordinaria variedad de criaturas salvajes, los visitantes pueden comprender los numerosos ecosistemas y experimentar los diversos h\u00e1bitats de todo el mundo.<\/p>\r\n\r\n<p>\u00a1Ahora podemos decir con confianza que podr\u00e1s descubrir la magia de Disney's Animal Kingdom sin tener que estirar tu presupuesto! En Westgate Reservations, nos especializamos en crear escapadas familiares inolvidables que no te costar\u00e1n mucho dinero. Ya es hora de que conviertas las vacaciones de tus sue\u00f1os en Disney en realidad y dejes que los recuerdos comiencen oficialmente.<\/p>\r\n\r\n            <h4>Haz Magia y Ahorra en tickets para Disney's Animal Kingdom<\/h4>\r\n\r\n            <p class=\"mt-3\">\u00a1Desbloquea un tesoro de experiencias impresionantes en Disney's Animal Kingdom! No estamos hablando de una visita com\u00fan y corriente al zool\u00f3gico, ya que Animal Kingdom ofrece una fascinante combinaci\u00f3n de la grandeza de la naturaleza y la magia narrativa de Disney. \u00a1Imagina que los rostros de tu familia se iluminan al encontrarse con m\u00e1s de 2000 animales fascinantes de 300 especies diferentes!<\/p>\r\n\r\n<p>Las aventuras son ilimitadas, desde el rugido de los leones hasta el misterio del Yeti y emocionantes escapadas de dinosaurios. En Westgate, hacemos que sea f\u00e1cil y econ\u00f3mico para tu familia experimentar este tributo viviente al encanto de la naturaleza. Entonces, \u00bfpor qu\u00e9 esperar? \u00a1Reserva tus tickets con descuento para Animal Kingdom hoy!<\/p>\r\n\r\n[line]\r\n            <div id=\"tickets\"><\/div>\r\n            [content-block name=\"disney-tickets\"]\r\n[line]\r\n            \r\n            <p class=\"mtm\">\r\n          \u00a1Emb\u00e1rcate en un viaje inolvidable en Disney's Animal Kingdom sin tirar la casa por la ventana, gracias a nuestras ofertas en Westgate Reservations! Entendemos que el safari so\u00f1ado por cada familia es \u00fanico. Es por eso que ofrecemos pases flexibles del parque que se adaptan al nivel de aventura de tu tribu.\r\n            <\/p>\r\n\r\n\r\n            <img decoding=\"async\" src=\"https:\/\/westgatecdn.com\/2023\/08\/banner-animal-kingdom-safari.webp\" alt=\"Disney Animal Kingdom Safari\" \/>\r\n\r\n            <h4 class=\"mt-3\">Tickets con Descuento de Disney Animal Kingdom para Tener unas Excelentes Vacaciones<\/h4>\r\n\r\n            <p class=\"mt-3\">No importa tu elecci\u00f3n, Westgate hace que sea sencillo y rentable adaptar tu aventura en Animal Kingdom. Entrar al parque puede resultar bastante costoso con compras de comida para la familia, otras compras y souvenirs, y experiencias adicionales. Nos aseguramos de que tu experiencia inicial sea econ\u00f3mica y valiosa, todo para que puedas disfrutar gastando donde desees. Estos descuentos no durar\u00e1n para siempre; \u00a1reserva ahora y deja que comiencen los incre\u00edbles ahorros!<\/p>\r\n\r\n\r\n\t\t\t[blockquote type=\"center\"]\u00a1Los paquetes con descuento de Disney est\u00e1n disponibles ahora! Llama al [phone_link][tel][\/phone_link][\/blockquote]  \r\n\r\n\t\r\n        <\/div>\r\n        <!--sidebar-->\r\n        <div class=\"col-12 col-md-3\">\r\n            [content-block name=\"sidebar-default-silo\"]\r\n            [recent_posts count=\"1\" no_image=\"false\" orientation=\"vertical\" category=\"disney world\"]\r\n            [recent_posts count=\"2\" no_image=\"true\" orientation=\"vertical\" offset=\"1\" category=\"disney world\" ]\r\n        <\/div>\r\n        <!--\/sidebar-->\r\n    <\/div>\r\n    <!---->\r\n<\/div>\r\n<div style=\"background: #efefef;\">\r\n    <div class=\"x-container max width my-5 py-4\">\r\n        <div class=\"row\">\r\n            <div class=\"col\">\r\n                <!-- Packages-->\r\n                <h2 class=\"h3 mb-2\" id=\"packages\">Paquetes Vacacionales M\u00e1gicos de Disney<\/h2>\r\n                [specials ids=\"5658,15530,15628,13354,15713,15840,15720,15569\"]\r\n                <!-- \/Packages-->\r\n                [blockquote type=\"center\"]\u00bfNecesitas Tickets? Obt\u00e9n <a target=\"_blank\" rel=\"noreferrer noopener\" href=\"https:\/\/kgstix.com\/westgate\/walt-disney-world\/\">Tickets con descuento para Disney hoy<\/a>[\/blockquote]\r\n\r\n            <\/div>\r\n        <\/div>\r\n    <\/div>\r\n<\/div>\r\n<!---->\r\n<div class=\"x-container max width\">\r\n\r\n    <div class=\"row\">\r\n        <div class=\"col\">\r\n\r\n\t\t\t<h5>\u00a1Experimenta Todo lo que Animal Kingdom Tiene para Ofrecer!<\/h5>\r\n            <p>\r\n            Ingresa a los impresionantes reinos de Disney's Animal Kingdom con Westgate Reservations y si\u00e9ntete transportado a siete tierras fascinantes, cada una repleta de sus propias aventuras \u00fanicas y vida silvestre ex\u00f3tica. Descubre la magia de la naturaleza mientras viajas desde exuberantes selvas hasta impresionantes cadenas monta\u00f1osas: cada rinc\u00f3n revela un mundo nuevo lleno de emoci\u00f3n, descubrimientos e historias que permanecer\u00e1n en sus corazones para siempre. Consigue tus tickets ahora y emb\u00e1rcate en la exploraci\u00f3n definitiva.\r\n        <\/p>\r\n\r\n            <h5>Nuestras Atracciones Favoritas en Animal Kingdom<\/h5>\r\n            <h6>Dinosaur<\/h6>\r\n            <p>\u00a1Ad\u00e9ntrate en el enigm\u00e1tico mundo del Dino Institute y emb\u00e1rcate en un viaje impresionante que te catapulta al Per\u00edodo Cret\u00e1cico Tard\u00edo! En el momento en que entres, te encontrar\u00e1s rodeado de moldes de tama\u00f1o natural de aut\u00e9nticos esqueletos de dinosaurios, creando una atm\u00f3sfera tan educativa como estimulante.<\/p>\r\n\r\n\r\n            <h6>Avatar Flight of Passage<\/h6>\r\n            <p>Sum\u00e9rgete en una experiencia como ninguna otra con Westgate Reservations mientras asumes el rito de iniciaci\u00f3n m\u00e1s electrizante de Pandora: \u00a1un viaje desde el punto de vista de una banshee a trav\u00e9s de su impresionante paisaje! En la tradici\u00f3n Na'vi, el v\u00ednculo con una banshee de monta\u00f1a marca un momento decisivo para cualquier cazador.<\/p>\r\n\r\n            <h6>Expedition Everest<\/h6>\r\n            <p>\u00a1Prep\u00e1rate para la m\u00e1xima descarga de adrenalina en Expedition Everest, una experiencia que lleva la b\u00fasqueda de emociones a alturas imponentes! En Westgate Reservations, nuestro objetivo es ponerlo cara a cara con aventuras que asombren y emocionen al mismo tiempo. Sube a un tren r\u00fastico y desgastado y asciende hacia la \"cima del mundo\", pero prep\u00e1rate: \u00a1este viaje tiene giros que no ver\u00e1s venir!<\/p>\r\n\r\n            <h6>Kilimanjaro Safaris<\/h6>\r\n            <p>Dir\u00edgete directamente a Kilimanjaro Safaris, tu primera parada obligada ubicada en el otro extremo de Animal Kingdom. Prep\u00e1rate para sentirte como si hubieras viajado directamente a \u00c1frica, con vistas y sonidos aut\u00e9nticos e incluso los aromas terrosos de la sabana. Esto no es solo un paseo; es el pasaporte de tu familia para una aut\u00e9ntica aventura de safari fotogr\u00e1fico en \u00c1frica. Los senderos llenos de baches preparan el escenario mientras te encuentras con una deslumbrante variedad de vida silvestre, desde ant\u00edlopes y babuinos hasta cebras y m\u00e1s.<\/p>\r\n\r\n            <h6>Kali River Rapids<\/h6>\r\n            <p>\u00a1Entra en un reino donde convergen la euforia y las maravillas naturales! Kali River Rapids ofrece una aventura imperdible a lo largo del pintoresco r\u00edo Chakranadi, atravesando una exuberante selva tropical y culminando con un emocionante descenso por una majestuosa cascada.<\/p>\r\n\r\n            [blockquote type=\"center\"]\u00a1S\u00ed, puedes personalizar tu propio paquete de vacaciones! <br>Ll\u00e1manos ahora <strong>[phone_link][tel][\/phone_link]<\/strong> [\/blockquote]\r\n\r\n        <\/div>\r\n    <\/div>\r\n\r\n    \r\n<\/div>\r\n<!---->\r\n<div style=\"background: #efefef;\">\r\n    <div class=\"x-container max width my-5 py-4\">\r\n    \t<div class=\"row mb-3\">\r\n\t        <div class=\"col\">\r\n\t\t\t    <h1 class=\"h3 mb-3\" id=\"faq\">Preguntas Frecuentes<\/h2>\r\n\t\t\t    <div class=\"row\">\r\n\t\t\t    \t<div class=\"col\">\r\n                        <div itemscope itemprop=\u201dmainEntity\u201d itemtype=\u201dhttps:\/\/schema.org\/Question\u201d>\r\n    \t\t\t\t\t\t<h2 class=\"h5 mt-1\" itemprop=\u201dname\u201d><i class=\"far fa-question-circle\"><\/i> \u00bfCu\u00e1ntos tickets para Animal Kingdom puedo comprar a precio reducido?<\/h2>\r\n                        <\/div>\r\n                        <div itemscope itemprop=\u201dacceptedAnswer\u201d itemtype=\u201dhttps:\/\/schema.org\/Answer\u201d>\r\n    \t\t\t\t\t\t<h3 class=\"h5 font-smaller mt-0\" itemprop=\u201dtext\u201d>Ofrecemos una variedad de <a href=\"[home_url]orlando\/vacation-packages\/disney\/\">paquetes vacacionales de Disney<\/a> y complementos que incluyen cr\u00e9ditos para utilizar en Animal Kingdom. Por supuesto, es posible que tambi\u00e9n pueda obtener tickets adicionales a un precio con descuento.<\/h3>\r\n                        <\/div>\r\n                        <div itemscope itemprop=\u201dmainEntity\u201d itemtype=\u201dhttps:\/\/schema.org\/Question\u201d>\r\n                        <h2 class=\"h5\" itemprop=\u201dname\u201d><i class=\"far fa-question-circle\"><\/i> \u00bfQu\u00e9 incluye el ticket de Animal Kingdom?<\/h2>\r\n                        <\/div>\r\n                        <div itemscope itemprop=\u201dacceptedAnswer\u201d itemtype=\u201dhttps:\/\/schema.org\/Answer\u201d>\r\n                        <h3 class=\"h5 font-smaller mt-0\" itemprop=\u201dtext\u201d>El ticket est\u00e1ndar de un d\u00eda proporciona la entrada a Animal Kingdom durante un d\u00eda completo.<\/h3>\r\n                        <\/div>\r\n                        <div itemscope itemprop=\u201dmainEntity\u201d itemtype=\u201dhttps:\/\/schema.org\/Question\u201d>\r\n                        <h2 class=\"h5\" itemprop=\u201dname\u201d><i class=\"far fa-question-circle\"><\/i> \u00bfCu\u00e1ndo caducan los tickets de Animal Kingdom?<\/h2>\r\n                        <\/div>\r\n                        <div itemscope itemprop=\u201dacceptedAnswer\u201d itemtype=\u201dhttps:\/\/schema.org\/Answer\u201d>\r\n                        <h3 class=\"h5 font-smaller mt-0\" itemprop=\u201dtext\u201d>Los tickets est\u00e1ndar de un solo d\u00eda para Animal Kingdom son v\u00e1lidos hasta 14 d\u00edas despu\u00e9s del primer uso.<\/h3>\r\n                        <\/div>\r\n                        <div itemscope itemprop=\u201dmainEntity\u201d itemtype=\u201dhttps:\/\/schema.org\/Question\u201d>\r\n                        <h2 class=\"h5\" itemprop=\u201dname\u201d><i class=\"far fa-question-circle\"><\/i> \u00bfHay alg\u00fan cargo adicional por espect\u00e1culos y atracciones dentro del parque?<\/h2>\r\n                        <\/div>\r\n                        <div itemscope itemprop=\u201dacceptedAnswer\u201d itemtype=\u201dhttps:\/\/schema.org\/Answer\u201d>\r\n                        <h3 class=\"h5 font-smaller mt-0\" itemprop=\u201dtext\u201d>Tu entrada a Animal Kingdom es v\u00e1lida para todas las atracciones, espect\u00e1culos y otras atracciones dentro del parque. Solo pagar\u00e1 extra por gastos imprevistos, incluidos alimentos y bebidas, as\u00ed como recuerdos, compras de pases fotogr\u00e1ficos, etc. \u00a1Visita la plaza al aire libre en Harambe Market para conocer muchos de estos extras!<\/h3>\r\n                        <\/div>\r\n                        <div itemscope itemprop=\u201dmainEntity\u201d itemtype=\u201dhttps:\/\/schema.org\/Question\u201d>\r\n                        <h2 class=\"h5\" itemprop=\u201dname\u201d><i class=\"far fa-question-circle\"><\/i> Necesito comprar tickets para otros parques tem\u00e1ticos. \u00bfPuedo mejorar mi paquete?<\/h2>\r\n                        <\/div>\r\n                        <div itemscope itemprop=\u201dacceptedAnswer\u201d itemtype=\u201dhttps:\/\/schema.org\/Answer\u201d>\r\n                        <h3 class=\"h5 font-smaller mt-0\" itemprop=\u201dtext\u201d> Los paquetes vacacionales de Westgate<\/a> se pueden mejorar con noches adicionales, mejoras de habitaci\u00f3n y tickets adicionales para otros parques tem\u00e1ticos, cenas con espect\u00e1culo y atracciones de la zona como Universal, <a href=\"[home_url]orlando\/vacation-packages\/seaworld\/\">SeaWorld Orlando<\/a>, Aquatica, <a href=\"[home_url]vacations\/theme-park\/legoland-florida\/\">Legoland Florida<\/a>, paseos en hidrodeslizador y otras aventuras de clase mundial.<\/h3>\r\n                        <\/div>\r\n                        <div itemscope itemprop=\u201dmainEntity\u201d itemtype=\u201dhttps:\/\/schema.org\/Question\u201d>\r\n                        <h2 class=\"h5\" itemprop=\u201dname\u201d><i class=\"far fa-question-circle\"><\/i>\u00bfQu\u00e9 no est\u00e1 permitido dentro de Animal Kingdom?<\/h2>\r\n                        <\/div>\r\n                        <div itemscope itemprop=\u201dacceptedAnswer\u201d itemtype=\u201dhttps:\/\/schema.org\/Answer\u201d>\r\n                        <h3 class=\"h5 font-smaller mt-0\" itemprop=\u201dtext\u201d>Ciertos art\u00edculos est\u00e1n prohibidos en los parques de Disney. Estos incluyen drones, patinetas, scooters, patines en l\u00ednea, zapatos con ruedas incorporadas, alcohol, cochecitos de m\u00e1s de 36\u201d x 52\u201d, maletas, hieleras o mochilas de m\u00e1s de 24\u201d x 15\u201d x 18\u201d, carros, armas, pistolas de juguete, sillas plegables, palos para selfies, tr\u00edpodes grandes, recipientes de vidrio (excepto recipientes peque\u00f1os como frascos de comida para beb\u00e9s), mascotas u otros animales (excepto animales de servicio) y otros art\u00edculos que se consideren da\u00f1inos o perjudiciales. Los globos y pajitas est\u00e1n prohibidos en Animal Kingdom porque podr\u00edan ser perjudiciales para los animales.<\/h3>\r\n                        <\/div>\r\n\t\t\t    \t<\/div>\r\n\t\t\t    <\/div>\r\n\t\t\t<\/div>\r\n\t    <\/div>\r\n\t<\/div>\r\n<\/div>\r\n    \r\n<div class=\"x-container max width\">\r\n    <div class=\"row pb-5\">\r\n        <h3 class=\"h5 mt-0\">Enlaces Adicionales de Disney<\/h3>\r\n        [columnize]\r\n        <ul>    \r\n        <li><a href=\"\/es\/orlando\/theme-parks\/walt-disney-world\/\">Walt Disney World<\/a><\/li>\r\n<li><a href=\"\/es\/orlando\/theme-parks\/walt-disney-world\/magic-kingdom-orlando\/\">Magic Kingdom Orlando<\/a><\/li>\r\n<li><a href=\"\/es\/orlando\/theme-parks\/walt-disney-world\/epcot-orlando\/\">Epcot Orlando<\/a><\/li>\r\n<li><a href=\"\/es\/orlando\/theme-parks\/walt-disney-world\/animal-kingdom-orlando\/\">Disney's Animal Kingdom Orlando<\/a><\/li>\r\n<li><a href=\"\/es\/orlando\/theme-parks\/walt-disney-world\/disney-hollywood-studios\/\">Disney's Hollywood Studios<\/a><\/li>\r\n<li><a href=\"\/es\/orlando\/theme-parks\/walt-disney-world\/disney-springs\/\">Disney Springs<\/a><\/li>\r\n<li><a href=\"\/es\/orlando\/theme-parks\/walt-disney-world\/discount-disney-tickets\/\">Tickets de Disney con Descuento<\/a><\/li>\r\n<li><a href=\"\/es\/orlando\/theme-parks\/walt-disney-world\/magic-kingdom-orlando\/magic-kingdom-discount-tickets\/\">Tickets de Magic Kingdom con Descuento<\/a><\/li>\r\n <li><a href=\"\/es\/orlando\/theme-parks\/walt-disney-world\/animal-kingdom-orlando\/animal-kingdom-discount-tickets\/\">Tickets de Animal Kingdom con Descuento<\/a><\/li>\r\n<li><a href=\"\/es\/orlando\/theme-parks\/walt-disney-world\/disney-hollywood-studios\/hollywood-studios-discount-tickets\/\">Tickets de Hollywood Studios con Descuento<\/a><\/li>\r\n<li><a href=\"\/es\/orlando\/theme-parks\/walt-disney-world\/visit-disney-at-christmas\/\">Navidades en Disney<\/a><\/li>\r\n\r\n        <\/ul>\r\n        [\/columnize]\r\n\t[clear]\r\n\r\n    <\/div>\r\n<\/div>\r\n\r\n\r\n\r\n\r\n\r\n          ","protected":false},"excerpt":{"rendered":"<p>\u00a1Encuentre complejos tur\u00edsticos cerca de Disney! [search-availability layout=\"horizontal\" destination=\"Orlando\" hide_title=\"true\" class=\"no-bg pan\"] Tickets Paquetes Vacacionales Preguntas Frecuentes Tickets de Animal Kingdom para tu Familia \u00bfQu\u00e9 zool\u00f3gico es mucho m\u00e1s que ... <\/p>\n<div><a href=\"https:\/\/www.westgatereservations.com\/es\/orlando\/theme-parks\/walt-disney-world\/animal-kingdom-orlando\/animal-kingdom-discount-tickets\/\" class=\"more-link\">Leer M\u00e1s<\/a><\/div>\n","protected":false},"author":2,"featured_media":0,"parent":15492,"menu_order":0,"comment_status":"closed","ping_status":"closed","template":"template-blank-4.php","meta":{"footnotes":""},"_links":{"self":[{"href":"https:\/\/www.westgatereservations.com\/es\/wp-json\/wp\/v2\/pages\/14263"}],"collection":[{"href":"https:\/\/www.westgatereservations.com\/es\/wp-json\/wp\/v2\/pages"}],"about":[{"href":"https:\/\/www.westgatereservations.com\/es\/wp-json\/wp\/v2\/types\/page"}],"author":[{"embeddable":true,"href":"https:\/\/www.westgatereservations.com\/es\/wp-json\/wp\/v2\/users\/2"}],"replies":[{"embeddable":true,"href":"https:\/\/www.westgatereservations.com\/es\/wp-json\/wp\/v2\/comments?post=14263"}],"version-history":[{"count":0,"href":"https:\/\/www.westgatereservations.com\/es\/wp-json\/wp\/v2\/pages\/14263\/revisions"}],"up":[{"embeddable":true,"href":"https:\/\/www.westgatereservations.com\/es\/wp-json\/wp\/v2\/pages\/15492"}],"wp:attachment":[{"href":"https:\/\/www.westgatereservations.com\/es\/wp-json\/wp\/v2\/media?parent=14263"}],"curies":[{"name":"wp","href":"https:\/\/api.w.org\/{rel}","templated":true}]}}