{"id":12954,"date":"2017-10-11T16:01:11","date_gmt":"2017-10-11T20:01:11","guid":{"rendered":"https:\/\/www.westgatereservations.com\/walt-disney-world\/epcot-orlando\/"},"modified":"2024-05-31T16:17:39","modified_gmt":"2024-05-31T20:17:39","slug":"epcot-orlando","status":"publish","type":"page","link":"https:\/\/www.westgatereservations.com\/es\/orlando\/theme-parks\/walt-disney-world\/epcot-orlando\/","title":{"rendered":"Epcot Orlando"},"content":{"rendered":"<section role=\"contentinfo\">\r\n    <img decoding=\"async\" src=\"https:\/\/westgatecdn.com\/2018\/09\/fall_in_orlando_orlando_festival_epcot_food_and_wine.jpg\" class=\"x-visible-phone\">\r\n    <div class=\"x-container max width\">\r\n        [gap size=\"3em\" class=\"x-hidden-phone\"]\r\n            <div class=\"x-column x-sm x-1-2 x-1-2-push rel last\">\r\n               <img decoding=\"async\" src=\"https:\/\/westgatecdn.com\/2018\/09\/fall_in_orlando_orlando_festival_epcot_food_and_wine.jpg\" class=\"x-hidden-phone\">\r\n               [clear]\r\n            <\/div>\r\n            <div class=\"x-column x-sm x-1-2 x-1-2-pull rel\">\r\n                [gap size=\"1em\" class=\"x-visible-phone\"]\r\n                <h1 class=\"h3 man mbs\">Epcot - Walt Disney World<\/h1>\r\n                <p>Descubra EPCOT, el cautivador reino de Disney donde la imaginaci\u00f3n se encuentra con las diversas culturas del mundo. Este gran destino combina a la perfecci\u00f3n innovaciones futuristas con ricas tradiciones globales.<\/p>\r\n\r\n                    <p>Al contrario de lo que algunos podr\u00edan creer, Epcot no es s\u00f3lo un parque tem\u00e1tico de <a href=\"\/es\/orlando\/theme-parks\/walt-disney-world\/\">Disney World Resort<\/a> para mam\u00e1 y pap\u00e1. De hecho, es un parque con atracciones espectaculares, interacciones \u00fanicas con animales, emocionantes espect\u00e1culos en vivo y una espectacular exhibici\u00f3n nocturna que disfrutar\u00e1 toda la familia. Epcot tambi\u00e9n alberga dos de los eventos anuales m\u00e1s populares de Disney: el Festival Internacional de Flores y Jardines y el Festival Internacional de Comida y Vino.<\/p>\r\n\r\n<p>Aqu\u00ed, cada rinc\u00f3n promete descubrimiento, desde tentadoras cocinas mundiales hasta pabellones rurales inmersivos. Prep\u00e1rese para un mundo de maravillas que s\u00f3lo Disney puede ofrecer.<\/p>\r\n                <div class=\"x-container stack-center-m icon-nav light\">\r\n                    <div class=\"x-column x-not-sm x-1-3\">\r\n                        [phone_link class=\"inheritcolor\"]\r\n                            <i class=\"fas fa-phone fa-2x left-stack-m focus\"><\/i>\r\n                            <div class=\"left-stack-m mrm\" style=\"height:10px;\">&nbsp;<\/div>\r\n                            <p class=\"x-visible-phone mts\">\r\n                                <strong>Call to<br\/> book<\/strong>\r\n                            <\/p>\r\n                            <p class=\"x-hidden-phone font-120\" style=\"line-height: 3em;\">\r\n                                <strong>\u00a1Llama para reservar!<\/strong>\r\n                                <span>[tel]<\/span>\r\n                            <\/p>\r\n                        [\/phone_link]\r\n                        [clear]\r\n                    <\/div>\r\n                    <div class=\"x-column x-not-sm x-1-3\">\r\n                        [subscribe modal=\"true\" trigger=\"link\" show_name=\"true\" trigger_class=\"inheritcolor\"]\r\n                            <i class=\"fas fa-envelope fa-2x left-stack-m\"><\/i>\r\n                            <div class=\"left-stack-m mrm\" style=\"height:10px;\">&nbsp;<\/div>\r\n                            <p class=\"x-visible-phone mts\">\r\n                                <strong>Sign up<br\/> for Deals<\/strong>\r\n                            <\/p>\r\n                            <p class=\"x-hidden-phone font-120\" style=\"line-height: 3em;\">\r\n                                <strong>\u00a1Reg\u00edstrese para recibir ofertas!<\/strong>\r\n                                <span>Hasta un 50% de descuento<\/span>\r\n                            <\/p>\r\n                        [\/subscribe]\r\n                        [clear]\r\n                    <\/div>\r\n                    <div class=\"x-column x-not-sm x-1-3 last\">\r\n                        <a href=\"#\"; onclick=\"SnapEngage.startLink();\" class=\"inheritcolor\">\r\n                            <i class=\"fas fa-comment-alt fa-2x left-stack-m\"><\/i>\r\n                            <div class=\"left-stack-m mrm\" style=\"height:10px;\">&nbsp;<\/div>\r\n                            <p class=\"x-visible-phone mts\">\r\n                                <strong>Chat with<br\/> Agents<\/strong>\r\n                            <\/p>\r\n                            <p class=\"x-hidden-phone font-120\" style=\"line-height: 3em;\">\r\n                                <strong>Chat en vivo<\/strong>\r\n                                <span>Chatear con un agente<\/span>\r\n                            <\/p>\r\n                        <\/a>\r\n                        [clear]\r\n                    <\/div>\r\n                <\/div>\r\n            <\/div>\r\n            [clear]\r\n    <\/div>\r\n<\/section>\r\n<div class=\"mt-3\"><\/div>\r\n<section role=\"search\">\r\n    <div class=\"availability-search x-content-band marginless-columns\">\r\n        <div class=\"x-container max width pbm ptm\">\r\n            <div class=\"x-column x-sm x-1-4\" style=\"vertical-align: middle;\">\r\n                <p class=\"h3 man white\">Los Precios m\u00e1s bajos en vacaciones para Disney<\/p>\r\n            <\/div>\r\n            <div class=\"x-column x-sm x-3-4 last\">\r\n                [search-availability layout=\"horizontal\" special_id=\"3419\" hide_title=\"true\" class=\"no-bg pan\"]\r\n            <\/div>\r\n        <\/div>\r\n    <\/div>\r\n<\/section>\r\n<section role=\"contentinfo\">\r\n    [container class=\"mbl pbl\"]\r\n        [gap size=\"2em\" class=\"x-hidden-phone\"]\r\n        <div class=\"x-column x-sm x-1-4 x-3-4-push rel last\">\r\n            <div class=\"mt-3 mt-md-0\"><\/div>\r\n            <aside>\r\n                [content-block name=\"silo-sidebar-orlando\"]\r\n            <\/aside>\r\n        <\/div>\r\n        <div class=\"x-column x-sm x-3-4 x-1-4-pull rel\">\r\n            <h2 class=\"h3 mtn mbm\">Explora los vecindarios de EPCOT Disney<\/h2>\r\n            <img class=\"mb-3\" alt=\"Disney Vacation Packages | Disney Vaction Deals\" ng-src=\"{{app.data.is_mobile && 'https:\/\/westgatecdn.com\/2019\/03\/disney-vacation-family.jpg' || 'https:\/\/westgatecdn.com\/2019\/03\/disney-vacation-deals.jpg'}}\">\r\n            <div class=\"read-more\" ng-class=\"{expand: show}\">\r\n                <p class=\"mbn\">\r\nEPCOT en Disney te permite a ti y a tu familia viajar a trav\u00e9s de cuatro vecindarios, cada uno con sus propios destinos encantadores, donde la realidad baila con lo fant\u00e1stico, encendiendo una pasi\u00f3n por la exploraci\u00f3n. \u00a1Sumerj\u00e1monos en la experiencia EPCOT y seamos parte de la magia!<\/p>\r\n\r\n[line]\r\n\r\n<h3>World Celebration<\/h3>\r\n<p>\u00a1Experimente el latido del coraz\u00f3n de EPCOT en la Celebraci\u00f3n Mundial! Viaje a trav\u00e9s de un tapiz de culturas donde las familias se unen en festividades globales. Pruebe cocinas ex\u00f3ticas, d\u00e9jese cautivar por espect\u00e1culos aut\u00e9nticos y sum\u00e9rjase en tradiciones de tierras lejanas. Perfecto para la familia curiosa que busca maravillas y conexi\u00f3n en cada rinc\u00f3n. Con tantas atracciones interesantes para visitar, quer\u00edamos resaltar algunos de nuestros lugares favoritos para visitar:<\/p>\r\n<li><strong>Spaceship Earth:<\/strong> Viaje a trav\u00e9s del tiempo dentro de la ic\u00f3nica esfera geod\u00e9sica de EPCOT, donde la historia de la comunicaci\u00f3n humana se desarrolla en un cuadro fascinante. La nave espacial Tierra es el coraz\u00f3n simb\u00f3lico de la visi\u00f3n de Disney.<\/li>\r\n<li><strong>Connections Eatery:<\/strong> Sacie su pasi\u00f3n por los viajes en Connections Eatery. Experimente platos de inspiraci\u00f3n global en un ambiente que refleja el esp\u00edritu unificado de EPCOT. Un viaje culinario que celebra las conexiones globales.<\/li>\r\n<li><strong>Creations Shop:<\/strong> Descubra tesoros inspirados por EPCOT en Creations Shop. Desde productos exclusivos hasta recuerdos imaginativos, es un mercado moderno que celebra la creatividad y la magia de Disney.<\/li>\r\n\r\n[line]\r\n\r\n<h3>World Discovery<\/h3>\r\n<p>\u00a1Descubra ma\u00f1ana, hoy, en el World Discovery de EPCOT! Impulse hacia el futuro con atracciones de vanguardia y experiencias emocionantes. Este vecindario de EPCOT est\u00e1 dise\u00f1ado para familias curiosas y buscadores de emociones, donde la innovaci\u00f3n se encuentra con la imaginaci\u00f3n. \u00a1Emb\u00e1rcate en aventuras que combinan las maravillas de la ciencia con la magia de Disney! Estas son algunas de las atracciones favoritas para visitar durante su estancia en World Discovery en EPCOT:<\/p>\r\n<li><strong>Guardians of the Galaxy:<\/strong> Emb\u00e1rcate en una aventura interestelar con los Guardianes. Esta emocionante atracci\u00f3n combina narraci\u00f3n de historias y tecnolog\u00eda innovadora para un viaje c\u00f3smico que realmente est\u00e1 fuera de este mundo.<\/li>\r\n<li><strong>Test Track:<\/strong> Prep\u00e1rate para disfrutar de la emoci\u00f3n en Test Track. Dise\u00f1a un concept car virtual y prueba su val\u00eda en los exigentes circuitos de la pista. \u00a1Es diversi\u00f3n de alto octanaje unida a innovaci\u00f3n!<\/li>\r\n<li><strong>Space 220 Restaurant:<\/strong> Cene entre las estrellas en Space 220. Experimente maravillas gastron\u00f3micas mientras contempla vistas panor\u00e1micas c\u00f3smicas. \u00a1Eleva tu viaje culinario a alturas intergal\u00e1cticas!<\/li>\r\n<li><strong>Mission: SPACE:<\/strong> \u00a1Prep\u00e1rate para el despegue! Experimente el asombro y la intensidad de los viajes espaciales en Mission: SPACE. Entrena como un astronauta y emb\u00e1rcate en un viaje impresionante al Planeta Rojo.<\/li>\r\n\r\n[line]\r\n\r\n<h3>World Nature<\/h3>\r\n<p>Descubra World Nature en EPCOT, un fascinante tributo a la belleza de la Tierra. Las familias pueden sumergirse en entornos encantadores, desde paisajes exuberantes hasta maravillas acu\u00e1ticas. Perfecto para quienes buscan educaci\u00f3n y asombro, es un viaje que celebra el magn\u00edfico tapiz de nuestro planeta, asegurando recuerdos que durar\u00e1n toda la vida. Las familias disfrutan de todas las atracciones en esta \u00e1rea de EPCOT, como:<\/p>\r\n<li><strong>Turtle Talk with Crush:<\/strong> Sum\u00e9rgete en la diversi\u00f3n interactiva con Crush, la tortuga marina animada. \u00a1En este chat fant\u00e1stico e inmersivo, participe en conversaciones submarinas en tiempo real y experimente las maravillas del oc\u00e9ano!<\/li>\r\n<li><strong>The Seas with Nemo & Friends:<\/strong> Emb\u00e1rcate en una b\u00fasqueda submarina con Nemo y sus amigos. Desl\u00edzate a trav\u00e9s de vibrantes h\u00e1bitats marinos, descubriendo personajes queridos y los misterios del azul profundo.<\/li>\r\n<li><strong>Soaring\u2019 Around the World:<\/strong> \u00a1Vuela en un impresionante recorrido a\u00e9reo! Desde lugares majestuosos hasta joyas escondidas, Soarin' ofrece un viaje panor\u00e1mico a trav\u00e9s de las vistas m\u00e1s emblem\u00e1ticas de nuestro planeta.\r\n\u200b<\/li>\r\n<li><strong>Coral Reef Restaurant:<\/strong> Cene en medio de un fascinante entorno acu\u00e1tico en Coral Reef. Saboree platos gourmet mientras observa la vibrante vida marina deslizarse por las amplias ventanas submarinas: \u00a1un fest\u00edn para todos los sentidos!<\/li>\r\n\r\n[line]\r\n\r\n<h3>World Showcase<\/h3>\r\n<p>\u00a1Descubre la magia de World Showcase en EPCOT! Viaje a trav\u00e9s de 11 pa\u00edses en un d\u00eda, saboreando cocina aut\u00e9ntica, espect\u00e1culos emocionantes y tradiciones eternas. Un favorito de la familia, esta joya de EPCOT te invita a viajar por el mundo sin salir de Disney, creando recuerdos y despertando curiosidad en cada coraz\u00f3n. Experimente las maravillas que solo Disney puede ofrecer con algunas de las principales atracciones de World Showcase como:<\/p>\r\n<li><strong>Remy\u2019s Ratatouille Adventure:<\/strong> Sum\u00e9rgete en el mundo culinario de Remy y emb\u00e1rcate en un viaje tentador. Reducirse al tama\u00f1o de una rata, navegando por una bulliciosa cocina parisina, inspirada en el cl\u00e1sico de Pixar, Ratatouille. \u00a1Una deliciosa pizca de magia de Disney!<\/li>\r\n<li><strong>Frozen Ever After:<\/strong> Navega por las aguas encantadas de Arendelle. Revive los momentos m\u00e1gicos de Elsa, Anna y Olaf en esta g\u00e9lida aventura, donde las canciones y los copos de nieve cautivan en todo momento.<\/li>\r\n<li><strong>Gran Fiesta Tour Starring The Three Caballeros:<\/strong> \u00danase a Panchito, Jos\u00e9 y el Pato Donald en un animado paseo en barco. Sum\u00e9rgete en el rico patrimonio, la vitalidad y el esp\u00edritu festivo de M\u00e9xico. \u00a1Te espera una serenata de cultura y color!<\/li>\r\n<li><strong>EPCOT Forever:<\/strong> Mire al cielo mientras el legado de EPCOT ilumina la noche. EPCOT Forever es un homenaje a los fuegos artificiales, que celebra los sue\u00f1os y el ma\u00f1ana. Un espect\u00e1culo fascinante que ilumina el camino hacia el futuro.<\/li>\r\n\r\n<\/p>\r\n                <div ng-if=\"!show\" class=\"fade-bottom\"><\/div>\r\n            <\/div>\r\n            <button class=\"x-visible-phone read-m\" ng-init=\"show = false\" ng-hide=\"show\" ng-click=\"show = !show\">Leer m\u00e1s<\/button>\r\n        <\/div>\r\n        [clear]\r\n        [gap size=\"2em\"]\r\n    [\/container]\r\n<\/section>\r\n<!-- featured resorts-->\r\n<section role=\"contentinfo\">\r\n    <div style=\"background: #efefef;\">\r\n        [container class=\"ptl pbl\"]\r\n            <h3 class=\"mbm center-text\" id=\"vacpac\">Paquetes de vacaciones para Disney:<\/h3>\r\n\r\n            <p class=\"x-hidden-phone text-right mbn\">Para preguntas llame: <strong>[phone_link][tel][\/phone_link]<\/strong><\/p>\r\n        [clear]\r\n        [line class=\"mtn\" style=\"border-top: 1px solid #cac9c9;\"]\r\n            <div class=\"cards\">\r\n                [specials ids=\"3419,11382\"]\r\n            <\/div>\r\n            [gap size=\"1em\"]\r\n        [\/container]\r\n    <\/div>\r\n<\/section>\r\n<!---->\r\n<section role=\"contentinfo\">\r\n    <div class=\"x-container max width ptl pbl mtl mbl\">\r\n        [gap size=\"1em\" class=\"x-hidden-phone\"]\r\n        <div class=\"x-column x-sm x-1-2\">\r\n            <div class=\"rv-container\">\r\n              <iframe src=\"https:\/\/www.youtube.com\/embed\/rSLb70KemS4\" frameborder=\"0\" allow=\"accelerometer; autoplay; encrypted-media; gyroscope; picture-in-picture\" allowfullscreen><\/iframe>\r\n            <\/div>\r\n        <\/div>\r\n        <div class=\"x-column x-sm x-1-2 last\">\r\n            <div class=\"\">\r\n                <div class=\"x-column x-sm x-1-6\">\r\n                    &nbsp;\r\n                <\/div>\r\n                <div class=\"x-column x-sm x-2-3\">\r\n                    [gap size=\"1em\" class=\"x-hidden-phone\"]\r\n                    <h3 class=\"h5 mbm mtn center-text\">\u00a1Empiece a planificar su experiencia en Orlando Resort!<\/h3>\r\n                    [content-block name=\"call-hours\"]\r\n                <!--\/\/-->\r\n                <\/div>\r\n                <div class=\"x-column x-sm x-1-6 last x-hidden-phone\">\r\n                    &nbsp;\r\n                <\/div>\r\n            <\/div>\r\n        <\/div>\r\n    <\/div>\r\n<\/section>\r\n<!-- explore -->\r\n<section role=\"contentinfo\">\r\n\t<div style=\"background: #efefef;\">\r\n\t    [container class=\"ptl pbl\"]\r\n\t    <h4 class=\"h3 mbm\">Tips para tener un gran viaje a EPCOT Disney<\/h4>\r\n\t    <h3>Planifique con anticipaci\u00f3n con FastPass+<\/h3>\r\n\t\t<p>Desbloquee lo mejor de EPCOT aprovechando el poder de FastPass+. Dado que las atracciones tienen una gran demanda, esta herramienta le permite reservar acceso a espect\u00e1culos, atracciones y encuentros con personajes seleccionados. Al planificar las aventuras de su d\u00eda con anticipaci\u00f3n, no solo garantizar\u00e1 una experiencia m\u00e1s fluida en el parque, sino que tambi\u00e9n optimizar\u00e1 los momentos m\u00e1gicos de su familia. El FastPass+ puede ser un salvavidas para familias con ni\u00f1os m\u00e1s peque\u00f1os o que viajan en un grupo m\u00e1s grande. Recuerda siempre: \u00a1cuanto antes reserves, m\u00e1s opciones tendr\u00e1s disponibles!<\/p>\r\n\r\n\t\t<h3>Descubra las paradas divertidas de Kidcot<\/h3>\r\n\t\t<p>Transforme su aventura EPCOT en una escapada educativa con Kidcot Fun Stops. Distribuidas por World Showcase, estas estaciones ofrecen a los ni\u00f1os actividades interesantes y les ense\u00f1an sobre la cultura del pa\u00eds respectivo. Mientras coleccionan estampillas y crean artesan\u00edas tem\u00e1ticas, sus peque\u00f1os exploradores tendr\u00e1n una experiencia enriquecedora, mientras usted se deleita en el ambiente global. \u00a1Es una deliciosa combinaci\u00f3n de diversi\u00f3n y aprendizaje que puede mantener a los ni\u00f1os m\u00e1s peque\u00f1os (y a los adultos) entretenidos y motivados para ver m\u00e1s de EPCOT!<\/p>\r\n\r\n\t\t<h3>Aproveche la entrada Anticipada<\/h3>\r\n\t\t<p>Considere llegar justo en la inauguraci\u00f3n del parque para aprovechar al m\u00e1ximo las maravillas de EPCOT. Las primeras horas suelen significar colas m\u00e1s cortas, un clima m\u00e1s fresco y un ambiente m\u00e1s tranquilo. Este enfoque temprano le permite a su familia experimentar las principales atracciones sin las t\u00edpicas multitudes de la tarde, y usted puede evitar el clima caluroso de las tardes de Florida Central. Adem\u00e1s, comenzar temprano le brinda una ventaja en su itinerario, lo que garantiza un ritmo diario relajado.<\/p>\r\n\r\n\t\t<h3>Visita entre Semana<\/h3>\r\n\t\t<p>\u00bfBusca una experiencia EPCOT m\u00e1s tranquila? Opte por una visita entre semana. Los fines de semana, especialmente durante eventos especiales o festivales, pueden atraer multitudes, lo que significa tiempos de espera m\u00e1s largos en sus atracciones favoritas. Al elegir un d\u00eda laborable, probablemente encontrar\u00e1 tiempos de espera m\u00e1s cortos, menos visitantes y un ambiente m\u00e1s relajado. De esta manera, su familia podr\u00e1 saborear cada atracci\u00f3n, espect\u00e1culo y experiencia gastron\u00f3mica sin sentirse apresurado ni abrumado.<\/p>\r\n\r\n\t\t<h3>Descarga la aplicaci\u00f3n de Disney<\/h3>\r\n\t\t<p>Potencia tu aventura EPCOT con la aplicaci\u00f3n oficial de Disney World. Este compa\u00f1ero digital ofrece tiempos de espera en tiempo real, pedidos m\u00f3viles de comida, colas virtuales y mapas de parques. Mant\u00e9ngase actualizado sobre las apariciones de los personajes del programa e incluso localice los ba\u00f1os m\u00e1s cercanos. Esta herramienta agilizar\u00e1 su d\u00eda y ayudar\u00e1 a su familia a navegar por EPCOT con facilidad y confianza.<\/p>\r\n\t\t<\/p>\r\n\t\t[\/container]\r\n\t<\/div>\r\n<\/section>\r\n\r\n<!---->\r\n<section role=\"contentinfo\">\r\n    <div class=\"x-container max width my-5 py-4\">\r\n    \t<div class=\"row mb-3\">\r\n\t        <div class=\"col\">\r\n\t\t\t    <h2 class=\"h3 mb-3 mt-0\" id=\"faq\">Preguntas frecuentes sobre EPCOT Disney<\/h2>\r\n\t\t\t    <div class=\"row\">\r\n\t\t\t    \t<div class=\"col\">\r\n\t\t\t\t\t\t<h2 class=\"h5 mt-1\"><i class=\"far fa-question-circle\"><\/i> \u00bfPuedo traer mis propios alimentos y bebidas a EPCOT?<\/h2>\r\n\t\t\t\t\t\t<h3 class=\"h5 font-smaller mt-0\">S\u00ed, los hu\u00e9spedes pueden traer sus propios snacks y bebidas no alcoh\u00f3licas. Aseg\u00farese de que los art\u00edculos no est\u00e9n en recipientes de vidrio y evite refrigeradores grandes.\r\n\t\t\t\t\t\t<\/h3>\r\n\t\t\t\t\t\t<h2 class=\"h5\"><i class=\"far fa-question-circle\"><\/i> \u00bfEPCOT es adecuado para ni\u00f1os peque\u00f1os?<\/h2>\r\n\t\t\t\t\t\t<h3 class=\"h5 font-smaller mt-0\">\u00a1Absolutamente! EPCOT ofrece atracciones para todas las edades, incluidas atracciones para ni\u00f1os, experiencias interactivas y espect\u00e1culos entretenidos. Kidcot Fun Stops es un punto destacado especialmente para los m\u00e1s peque\u00f1os.\r\n\t\t\t\t\t\t<\/h3>\r\n\t\t\t\t\t\t<h2 class=\"h5\"><i class=\"far fa-question-circle\"><\/i> \u00bfCu\u00e1nto tiempo debemos dedicar a una visita?<\/h2>\r\n\t\t\t\t\t\t<h3 class=\"h5 font-smaller mt-0\"> Lo ideal es dedicar un d\u00eda completo a explorar EPCOT a fondo. Con Future World y World Showcase combinados, hay mucho que ver, hacer y saborear para toda la familia.\r\n\r\n\t\t\t\t\t\t<\/h3>\r\n\r\n\t\t\t\t\t\t<h2 class=\"h5 mt-1\"><i class=\"far fa-question-circle\"><\/i> \u00bfCu\u00e1nto cuesta el estacionamiento en Epcot?<\/h2>\r\n\t\t\t\t\t\t<h3 class=\"h5 font-smaller mt-0\"> El estacionamiento est\u00e1ndar para todos los parques tem\u00e1ticos de Walt Disney World cuesta actualmente $25 por autom\u00f3vil, por d\u00eda.\r\n\t\t\t\t\t\t<\/h3>\r\n\t\t\t\t\t<\/div>\r\n\t\t\t\t<\/div>\r\n\t\t\t<\/div>\r\n        <\/div>\r\n    <\/div>\r\n<\/section>\r\n<!-- cta bar -->\r\n<section role=\"contentinfo\">\r\n    <div style=\"background: #232c35;\">\r\n        <div class=\"x-container max width\">\r\n            [gap size=\"1em\"]\r\n            <div class=\"x-column x-sm x-2-3 white stack-center-m pas\">\r\n                <h5 class=\"font-lighter white man\">Comience a planificar sus vacaciones en Orlando<\/h5>\r\n                <p>Resort esta a solo minutos de Disney<\/p>\r\n            <\/div>\r\n            <div class=\"x-column x-sm x-1-3 pam last\">\r\n                [phone_link class=\"x-btn x-btn-block btn-orange\"]Llama [tel][\/phone_link]\r\n            <\/div>\r\n        <\/div>\r\n    <\/div>\r\n<\/section>\r\n<!-- additional links -->\r\n<section role=\"contentinfo\">\r\n    <div class=\"x-container max width pbl mtl\">\r\n        <h4 class=\"h5 mtn\">Enlaces adicionales de Disney:<\/h4>\r\n            [columnize]\r\n            <ul>    \r\n            <li><a href=\"\/es\/orlando\/theme-parks\/walt-disney-world\/\">Walt Disney World<\/a><\/li>\r\n<li><a href=\"\/es\/orlando\/theme-parks\/walt-disney-world\/animal-kingdom-orlando\/\">Disney's Animal Kingdom Orlando<\/a><\/li>\r\n<li><a href=\"\/es\/orlando\/theme-parks\/walt-disney-world\/disney-hollywood-studios\/\">Disney's Hollywood Studios<\/a><\/li>\r\n<li><a href=\"\/es\/orlando\/theme-parks\/walt-disney-world\/typhoon-lagoon-orlando\/\">Typhoon Lagoon<\/a><\/li>\r\n<li><a href=\"\/es\/orlando\/theme-parks\/walt-disney-world\/blizzard-beach-orlando\/\">Blizzard Beach<\/a><\/li>\r\n<li><a href=\"\/es\/orlando\/theme-parks\/walt-disney-world\/disney-springs\/\">Disney Springs<\/a><\/li>\r\n<li><a href=\"\/es\/orlando\/theme-parks\/walt-disney-world\/discount-disney-tickets\/\">Entradas a Disney con Descuento<\/a><\/li>\r\n<li><a href=\"\/es\/orlando\/theme-parks\/walt-disney-world\/magic-kingdom-orlando\/magic-kingdom-discount-tickets\/\">Entradas a Magic Kingdom con Descuento<\/a><\/li>\r\n<li><a href=\"\/es\/orlando\/theme-parks\/walt-disney-world\/animal-kingdom-orlando\/animal-kingdom-discount-tickets\/\">Entradas a Animal Kingdom con Descuento<\/a><\/li>\r\n<li><a href=\"\/es\/orlando\/theme-parks\/walt-disney-world\/epcot-orlando\/epcot-discount-tickets\/\">Entradas a Epcot con Descuento<\/a><\/li>\r\n<li><a href=\"\/es\/orlando\/theme-parks\/walt-disney-world\/disney-hollywood-studios\/hollywood-studios-discount-tickets\/\">Entradas a Hollywood Studios con Descuento<\/a><\/li>\r\n<li><a href=\"\/es\/orlando\/theme-parks\/walt-disney-world\/visit-disney-at-christmas\/\">Navidades en Disney<\/a><\/li>\r\n\r\n            <\/ul>\r\n            [\/columnize]\r\n    <\/div>\r\n<\/section>","protected":false},"excerpt":{"rendered":"<p>[gap size=\"3em\" class=\"x-hidden-phone\"] [clear] [gap size=\"1em\" class=\"x-visible-phone\"] Epcot - Walt Disney World Descubra EPCOT, el cautivador reino de Disney donde la imaginaci\u00f3n se encuentra con las diversas culturas del mundo. ... <\/p>\n<div><a href=\"https:\/\/www.westgatereservations.com\/es\/orlando\/theme-parks\/walt-disney-world\/epcot-orlando\/\" class=\"more-link\">Leer M\u00e1s<\/a><\/div>\n","protected":false},"author":6,"featured_media":0,"parent":23868,"menu_order":0,"comment_status":"open","ping_status":"closed","template":"template-blank-4.php","meta":{"footnotes":""},"_links":{"self":[{"href":"https:\/\/www.westgatereservations.com\/es\/wp-json\/wp\/v2\/pages\/12954"}],"collection":[{"href":"https:\/\/www.westgatereservations.com\/es\/wp-json\/wp\/v2\/pages"}],"about":[{"href":"https:\/\/www.westgatereservations.com\/es\/wp-json\/wp\/v2\/types\/page"}],"author":[{"embeddable":true,"href":"https:\/\/www.westgatereservations.com\/es\/wp-json\/wp\/v2\/users\/6"}],"replies":[{"embeddable":true,"href":"https:\/\/www.westgatereservations.com\/es\/wp-json\/wp\/v2\/comments?post=12954"}],"version-history":[{"count":0,"href":"https:\/\/www.westgatereservations.com\/es\/wp-json\/wp\/v2\/pages\/12954\/revisions"}],"up":[{"embeddable":true,"href":"https:\/\/www.westgatereservations.com\/es\/wp-json\/wp\/v2\/pages\/23868"}],"wp:attachment":[{"href":"https:\/\/www.westgatereservations.com\/es\/wp-json\/wp\/v2\/media?parent=12954"}],"curies":[{"name":"wp","href":"https:\/\/api.w.org\/{rel}","templated":true}]}}