{"id":12952,"date":"2025-03-17T12:00:43","date_gmt":"2025-03-17T16:00:43","guid":{"rendered":"https:\/\/www.westgatereservations.com\/walt-disney-world\/magic-kingdom-discount-tickets\/"},"modified":"2025-04-08T16:30:38","modified_gmt":"2025-04-08T20:30:38","slug":"magic-kingdom-discount-tickets","status":"publish","type":"page","link":"https:\/\/www.westgatereservations.com\/es\/orlando\/theme-parks\/walt-disney-world\/magic-kingdom-orlando\/magic-kingdom-discount-tickets\/","title":{"rendered":"Entradas a Magic Kingdom con Descuento"},"content":{"rendered":"<img decoding=\"async\" class=\"x-visible-phone\" src=\"https:\/\/westgatecdn.com\/2023\/11\/banner-full-magic-kingdom2.webp\" alt=\"Disney Magic Kingdom\" \/>\r\n<div class=\"p-5 x-hidden-phone\" style=\"background-size:cover; background-image: url('https:\/\/westgatecdn.com\/2023\/11\/banner-full-magic-kingdom2.webp'); background-position: center;\">\r\n<div class=\"p-5\"><\/div>\r\n<div class=\"p-5\"><\/div>\r\n<div class=\"p-2\"><\/div>\r\n<\/div>\r\n<!---->\r\n<div class=\"availability-search\">\r\n    <div class=\"x-container max width\">\r\n            <div class=\"row d-flex align-items-center py-1\">\r\n                <div class=\"col col-12 col-md-3\" style=\"vertical-align: middle;\">\r\n                    <h4 class=\"man white\">\u00a1Encuentra resorts cerca de Disney!<\/h4>\r\n                <\/div>\r\n                <div class=\"col col-12 col-md-9\">\r\n                    [search-availability layout=\"horizontal\" destination=\"Orlando\" hide_title=\"true\" class=\"no-bg pan\"]\r\n                <\/div>\r\n            <\/div>\r\n    <\/div>\r\n<\/div>\r\n\r\n<div class=\"center-text fw-wrapper x-hidden-phone\">\r\n    <div class=\"d-flex justify-content-center font-120 mt-1\">\r\n        <wf-scroll hash=\"tickets\" class=\"mx-2\">Tickets<\/wf-scroll>\r\n        <wf-scroll hash=\"packages\" class=\"mx-2\">Paquetes Vacacionales<\/wf-scroll>\r\n        <wf-scroll hash=\"faq\" class=\"mx-2\">Preguntas Frecuentes<\/wf-scroll>\r\n    <\/div>\r\n<\/div>\r\n\r\n<div class=\"x-container max width mt-3 mt-md-5\">\r\n    <div class=\"row\">\r\n        <div class=\"col-12 col-md-9\">\r\n\r\n            <h1>Tickets de Magic Kingdom con Descuento<\/h1>\r\n\r\n            <p class=\"mtm\">La diversi\u00f3n comienza tan pronto entras al parque y ves las torres del Castillo de la Cenicienta que se extienden hacia el cielo azul brillante al final de Main Street U.S.A. De ah\u00ed en adelante, notar\u00e1s que tus mejores cuentos de hadas comienzan a hacerse realidad.<\/p>\r\n\r\n            <p>Disney's Magic Kingdom les da a todos la oportunidad de creer en la fantas\u00eda. Conoce a piratas y princesas. Explora tierras encantadas. Descubre una infinidad de aventuras cl\u00e1sicas. Disfruta de monta\u00f1as rusas incre\u00edbles. Divi\u00e9rtete con desfiles y fuegos artificiales. Conoce a los personajes de Disney y villanos legendarios. Celebra con tus cuentos de hadas favoritos en Fantasyland. \u00a1Todo esto y m\u00e1s te est\u00e1 esperando en Magic Kingdom de Disney!<\/p>\r\n\r\n[line]\r\n            <img decoding=\"async\" src=\"https:\/\/westgatecdn.com\/2017\/09\/magic-kingdom860x250.jpg\" alt=\"Magic Kingdom\" \/>\r\n[line]\r\n\r\n            <h4>Escoge tu Paquete con Tickets de Disney World<\/h4>\r\n\r\n            <p class=\"mt-3\">Al ser el vendedor de tickets autorizado por Disney m\u00e1s reconocido del mundo, ofrecemos una amplia gama de opciones de tickets y paquetes de viaje de Disney. Ya sea que desees un ticket de un d\u00eda, tickets de tres d\u00edas, o quieras explorar <a href=\"[home_url]orlando\/\">paquetes vacacionales en Orlando<\/a> llenos de diversi\u00f3n, podemos ayudarte a hacer tus sue\u00f1os de Disney realidad, \u00a1todo a un precio con descuento! Incluso puedes preguntar sobre a\u00f1adir d\u00edas adicionales y otras opciones de personalizaci\u00f3n del paquete.<\/p>\r\n\r\n[line]\r\n\r\n            <div id=\"tickets\"><\/div>\r\n            [content-block name=\"disney-tickets\"]\r\n\r\n[line]\r\n\r\n            <h4>Encuentra los mejores Tickets con descuento para Magic Kingdom<\/h4>\r\n            <p>\u00bfSue\u00f1as con una aventura m\u00e1gica de Disney que se ajuste a tu presupuesto? Westgate Reservations ofrece tickets con descuento para Magic Kingdom dise\u00f1ados para cualquier escapada familiar. Echa un vistazo a nuestros tickets <a href=\"https:\/\/kgstix.com\/westgate\/walt-disney-world\/\">Westgate Disney<\/a> para Magic Kingdom. \u00a1Experimenta la belleza fant\u00e1stica de Disney World Magic Kingdom a un precio econ\u00f3mico!<\/p>\r\n\r\n           \r\n\r\n            [blockquote type=\"center\"]\u00a1Los paquetes con descuento de Disney ya est\u00e1n disponibles!\r\n            Llama al [phone_link][tel][\/phone_link][\/blockquote]  \r\n\r\n    \r\n        <\/div>\r\n        <!--sidebar-->\r\n        <div class=\"col-12 col-md-3\">\r\n            [content-block name=\"sidebar-default-silo\"]\r\n            [recent_posts count=\"1\" no_image=\"false\" orientation=\"vertical\" category=\"disney world\"]\r\n            [recent_posts count=\"2\" no_image=\"true\" orientation=\"vertical\" offset=\"1\" category=\"disney world\" ]\r\n        <\/div>\r\n        <!--\/sidebar-->\r\n    <\/div>\r\n    <!---->\r\n<\/div>\r\n<div style=\"background: #efefef;\">\r\n    <div class=\"x-container max width my-5 py-4\">\r\n        <div class=\"row\">\r\n            <div class=\"col\">\r\n                <!-- Packages-->\r\n                <h2 class=\"h3 mb-2\" id=\"packages\">Paquetes Vacacionales M\u00e1gicos de Disney<\/h2>\r\n                [specials ids=\"5658,15530,15628,13354,15713,15840,15720,15569\"]\r\n                <!-- \/Packages-->\r\n                [blockquote type=\"center\"]\u00bfNecesita Tickets? Consigue <a target=\"_blank\" rel=\"noreferrer noopener\" href=\"https:\/\/kgstix.com\/westgate\/walt-disney-world\/\">Tickets con Descuento para Disney Hoy <\/a>[\/blockquote]\r\n\r\n            <\/div>\r\n        <\/div>\r\n    <\/div>\r\n<\/div>\r\n<!---->\r\n<div class=\"x-container max width\">\r\n\r\n    <div class=\"row\">\r\n        <div class=\"col\">\r\n\r\n            <h5>Por qu\u00e9 Visitar el Parque Magic Kingdom en Walt Disney World<\/h5>\r\n            <p>Con m\u00e1s de 65 atracciones y actividades emocionantes y conmovedoras, Magic Kingdom ofrece algo para todos. A los m\u00e1s j\u00f3venes les encantar\u00e1 Bajo el mar: El Viaje de la Sirenita ( Under the Sea \u2013 Journey of the Little Mermaid), el Crucero por la Jungla (the Jungle Cruise), Las alfombras m\u00e1gicas de Aladd\u00edn (The Magic Carpets of Aladdin), Dumbo el Elefante Volador (Dumbo the Flying Elephant), \"Es un mundo peque\u00f1o\" (it's a small world), Las muchas aventuras de Winnie the Pooh, El Vuelo de Peter Pan (Peter Pan's Flight) y el Pr\u00edncipe Azul Regal Carrusel (the Prince Charming Regal Carrousel). Los visitantes que buscan m\u00e1s magia y emoci\u00f3n pueden subirse a atracciones como el Tren de la Mina de los Siete Enanitos (Seven Dwarfs Mine Train), Monta\u00f1a Espacial (Space Mountain), Piratas del Caribe (Pirates of the Caribbean) y la Mansi\u00f3n Embrujada (Haunted Mansion).  <\/p>\r\n\r\n            <p>\u00a1Todos querr\u00e1n experimentar Mickey's PhilharMagic, el Festival de Fantasy Parade, los espectaculares fuegos artificiales Happily Ever After y una amplia gama de saludos de personajes, incluidos Mickey y Minnie Mouse! Echa un vistazo a todas las atracciones en Frontierland, Adventureland, Tomorrowland, Fantasyland, Liberty Square y Main Street U.S.A.<\/p>\r\n\r\n<img decoding=\"async\" class=\"x-img-thumbnail mbm\" src=\"https:\/\/westgatecdn.com\/2017\/09\/d-fast-p.jpg\" alt=\"Disney Fast Pass\">\r\n[line]\r\n\r\n            <h5>Nuestras Atracciones y Juegos Favoritos en Magic Kingdom<\/h5>\r\n\r\n            <h6>Seven Dwarfs Mine Train<\/h6>\r\n<p>Incluso Dwarfs Mine Train en Magic Kingdom de Disney World ofrece un emocionante paseo a trav\u00e9s de una mina de diamantes inspirada en el cl\u00e1sico de Disney Blancanieves. A medida que asciendes, disfruta de las impresionantes vistas de Fantasyland antes de sumergirte en curvas cerradas y encontrarte con los Siete Enanitos que cantan. \u00a1Una monta\u00f1a rusa familiar que promete una experiencia emocionante!<\/p>\r\n\r\n<h6>Haunted Mansion<\/h6>\r\n<p>Ingresa al misterioso mundo de Haunted Mansion en Magic Kingdom, la atracci\u00f3n m\u00e1s espeluznante del parque ubicada en Liberty Square. Sube a un Doom Buggy y deja que el Ghost Host te gu\u00ede a trav\u00e9s de lugares encantados, llenos de fantasmas y guls. Es una emoci\u00f3n familiar con sorpresas en cada rinc\u00f3n, incluida una cripta musical al aire libre y una tumba con goteras.<\/p>\r\n\r\n<h6>Tomorrowland Transit Authority PeopleMover<\/h6>\r\n<p>\u00bfNecesitas un respiro de las atracciones de alto voltaje? El Tomorrowland Transit Authority PeopleMover ofrece un recorrido relajado de 10 minutos por Tomorrowland. Sube a un tranv\u00eda futurista para disfrutar de una vista panor\u00e1mica del parque, echa un vistazo a atracciones como Space Mountain y disfruta de un momento para relajarte. Es la opci\u00f3n de Magic Kingdom para una recarga r\u00e1pida.<\/p>\r\n\r\n<h6>TRON Lightcycle Power Run<\/h6>\r\n<p>Sum\u00e9rgete en el electrizante mundo de TRON Lightcycle Power Run, la \u00faltima atracci\u00f3n emocionante en Magic Kingdom. Sube a tu Lightcycle y recorre una cuadr\u00edcula de alta tecnolog\u00eda, compitiendo contra un rival digital. Esta monta\u00f1a rusa va m\u00e1s all\u00e1, presenta animaciones de alta resoluci\u00f3n y una secuencia de lanzamiento llena de luces animadas, lo que la convierte en un paseo imprescindible durante la noche. Adem\u00e1s, evita la fila f\u00edsica asegurando un lugar en la fila virtual a trav\u00e9s de la aplicaci\u00f3n MyDisneyExperience. \u00a1Es una experiencia llena de adrenalina que no querr\u00e1s perderte!<\/p>\r\n\r\n<h6>Jungle Cruise<\/h6>\r\n<p>Emb\u00e1rcate en una aventura de 10 minutos con Jungle Cruise en Magic Kingdom, donde navegar\u00e1s a trav\u00e9s de pintorescos r\u00edos a trav\u00e9s de \u00c1frica, Asia y Am\u00e9rica del Sur. Desde elefantes ba\u00f1\u00e1ndose e hipop\u00f3tamos enojados hasta cobras al acecho, esta atracci\u00f3n ofrece encuentros emocionantes guiados por un ingenioso capit\u00e1n. Es una escapada familiar llena de emoci\u00f3n y risas.<\/p>\r\n\r\n<h6>Pirates of the Caribbean<\/h6>\r\n<p>Zarpa en Piratas del Caribe (Pirates of the Caribbean) en Magic Kingdom para vivir una experiencia llena de aventura para toda la familia. Esta atracci\u00f3n ic\u00f3nica te lleva en un viaje emocionante a trav\u00e9s de calas embrujadas y barcos piratas que luchan, todo al son de \"Yo Ho, Yo Ho, a Pirate's Life for Me\". \u00a1No dejes de ver al Capit\u00e1n Jack Sparrow en el camino!<\/p>\r\n\r\n            <h5>\u00bfCu\u00e1nto cuestan los tickets para los estudios Disney Hollywood?<\/h5>\r\n            <p>Como tu fuente autorizada de tickets para los parques tem\u00e1ticos de Walt Disney World, puedes comprar tus tickets para el parque por adelantado de manera segura. Adem\u00e1s de los grandes ahorros, tambi\u00e9n puedes ahorrar tiempo ya que evitar\u00e1s las largas colas para comprar tickets en el parque el mismo d\u00eda. Comprar tus tickets con descuento para Disney World Resort a trav\u00e9s de un agente de tickets autorizado brinda otra ventaja distintiva: puedes personalizar tu experiencia en el parque Disney con anticipaci\u00f3n. La compra de las opciones Lightning Lane Single Pass o Lightning Lane Multi Pass te permite saltarte la fila de espera en algunas de las atracciones, espect\u00e1culos y saludos de personajes m\u00e1s populares. Estos son por separado en cuanto a tus tickets de Disney.<\/p>\r\n\r\n        \r\n            <p>El costo de los tickets de <a href=\"[home_url]orlando\/theme-parks\/walt-disney-world\/disney-hollywood-studios\/\">Disney's Hollywood Studios<\/a> puede variar mucho seg\u00fan el tipo de tickets que compres, la cantidad de d\u00edas que desees visitar y la \u00e9poca del a\u00f1o. Un ticket de un d\u00eda para un parque de Disney comprado en la puerta cuesta m\u00e1s de $100. Multiplique eso por una familia entera y el costo aumentar\u00e1 r\u00e1pidamente.<\/p>\r\n            <\/p>\r\n\r\n            <h4>\u00a1Qu\u00e9date m\u00e1s tiempo y ahorra incluso m\u00e1s!<\/h4>\r\n            <p>Prolonga los momentos de cuentos de hadas de tu familia en Disney's Hollywood Studios sin estirar tu presupuesto. En Westgate Reservations, las estad\u00edas m\u00e1s largas vienen junto con ahorros m\u00e1gicos. Cuando las familias eligen quedarse un poco m\u00e1s en medio del brillo y el glamour de Hollywood Studios, ofrecemos tickets con descuentos progresivos, lo que garantiza m\u00e1s momentos cinematogr\u00e1ficos por menos. Sum\u00e9rgete profundamente en la magia de Disney; saber que cada d\u00eda adicional aumenta la alegr\u00eda de tu familia y maximiza tus ahorros. \u00a1Con Westgate, cada segundo de diversi\u00f3n se convierte en una oportunidad de ahorros! La experiencia de tus sue\u00f1os en Disney te espera a precios realmente deslumbrantes.<\/p>\r\n\r\n\r\n        <\/div>\r\n    <\/div>\r\n\r\n    \r\n<\/div>\r\n\r\n<div class=\"x-container max width\">\r\n    <div class=\"row\">\r\n        <div class=\"col\">\r\n            <h5>Planifica Antes de Ir<\/h5>\r\n            [accordion id=\"vacation\"]\r\n            [accordion_item title=\"Ni\u00f1os Menores de 3 a\u00f1os de Edad entran Gratis\" parent_id=\"vacation\" open=\"true\"]\r\n            <p>Los ni\u00f1os menores de 3 a\u00f1os no necesitan ticket para entrar a los parques tem\u00e1ticos de Walt Disney World. Si has reservado tickets de varios d\u00edas, no necesitar\u00e1s comprar un ticket para tu hijo. Si cumplen 3 a\u00f1os durante su viaje, no necesitar\u00e1s tickets extra siempre y cuando tengan dos a\u00f1os el d\u00eda que visiten los parques.<\/p>\r\n            [\/accordion_item]\r\n            [accordion_item title=\"Paga el Estacionamiento solo Una Vez por D\u00eda\" parent_id=\"vacation\"]\r\n            <p>Los visitantes del parque pagan por un pase de estacionamiento que es v\u00e1lido todo el d\u00eda y en los 4 parques tem\u00e1ticos de Walt Disney World: Magic Kingdom, Epcot, Disney's Hollywood Studios y Disney's Animal Kingdom. Las \u00e1reas de estacionamiento designadas est\u00e1n disponibles en todo el Walt Disney World Resort para Visitantes con discapacidades. Se requiere un permiso v\u00e1lido de estacionamiento para discapacitados. El transporte entre los parques es gratuito, as\u00ed que no dudes en saltar del Magic Kingdom Park a Animal Kingdom o Epcot. El estacionamiento es gratuito en los parques acu\u00e1ticos de Disney y en el campo de minigolf Winter Summerland.\r\n            <ul>\r\n            <li>Estacionamiento Est\u00e1ndar: coche o motocicleta \u2013 $25 por d\u00eda<\/li>\r\n            <li>Estacionamiento Preferencial: coche o motocicleta \u2013 $45-50 por d\u00eda<\/li>\r\n            <\/ul>\r\n            <\/p>\r\n            [\/accordion_item] \r\n            [accordion_item title=\"Empaca tus Propias Meriendas\" parent_id=\"vacation\"]\r\n            <p>Los visitantes del Parque Magic Kingdom pueden traer sus propias meriendas, incluyendo aperitivos y alimentos que no requieran ser calentados. Tambi\u00e9n pueden traer bebidas como cajitas de jugos y botellas de agua. Una vez en el parque, tambi\u00e9n puedes obtener un vaso helado de agua gratis en cualquiera de los restaurantes con servicio de mostrador. \u00a1Mantente hidratado! La Florida Central puede ser extremadamente calurosa, particularmente durante los meses de verano. Lleva mucha agua durante todo el a\u00f1o.\r\n            <\/p>\r\n            [\/accordion_item]\r\n            [accordion_item title=\"\u00a1No puedes traer eso!\" parent_id=\"vacation\"]\r\n            <p>Ciertos art\u00edculos est\u00e1n prohibidos en los parques de Disney. Estos incluyen aviones \u201cdrones\u201d, patinetas, scooters, patines en l\u00ednea, zapatos con ruedas incorporadas, alcohol, cochecitos de m\u00e1s de 31\u201d x 52\", maletas, refrigeradores o mochilas de m\u00e1s de 24 \"x 15\" x 18 \", carros, armas, pistolas de juguete, sillas plegables, palos \u201cselfie sticks\u201d, tr\u00edpodes grandes, recipientes de vidrio (excepto recipientes peque\u00f1os como frascos de comida para beb\u00e9s), mascotas u otros animales (excepto animales de servicio) y otros art\u00edculos que se consideren nocivos o perjudiciales.<\/p>\r\n            [\/accordion_item]  \r\n            [\/accordion]\r\n\r\n            <h5>Preguntas Frecuentes<\/h5>\r\n            <div>\r\n               <div class=\"x-column x-sm x-1-2\">\r\n            [accordion]\r\n            [accordion_item title=\"\u00bfCu\u00e1ntos tickets puedo comprar en descuento?\"]\r\n            <p>Llamanos para m\u00e1s informaci\u00f3n. \u00a1Preg\u00fantanos acerca de nuestros descuentos adicionales, como nuestro descuento para militares, descuento para maestros y descuentos para personal de primeros auxilios!<\/p>\r\n            [\/accordion_item] \r\n            [\/accordion]\r\n            [accordion]\r\n            [accordion_item title=\"\u00bfQu\u00e9 incluyen los tickets de 1 D\u00eda de Magic Kingdom?\"]<p>El ticket base incluye admisi\u00f3n de un d\u00eda para Magic Kingdom.<\/p>[\/accordion_item] \r\n            [\/accordion]\r\n            [accordion]\r\n            [accordion_item title=\"Necesito comprar tickets para otros parques tem\u00e1ticos. \u00bfPuedo a\u00f1adirlos a mi paquete?\"]<p>S\u00ed, nuestros <a href=\"[home_url]specials\/\">paquetes de vacaciones<\/a> en Orlando se pueden mejorar con noches adicionales, d\u00edas adicionales, mejoras en la habitaci\u00f3n y tickets adicionales para otras atracciones locales.<\/p>[\/accordion_item]\r\n            [\/accordion]\r\n               <\/div>\r\n               <div class=\"x-column x-sm x-1-2 last\">\r\n            [accordion]\r\n            [accordion_item title=\"\u00bfCu\u00e1ndo se expiran los tickets de Magic Kingdom?\"]\r\n            <p>Los tickets se expiran 14 d\u00edas despu\u00e9s de su primer uso a menos que adquieras la opci\u00f3n \u201cSin Expiraci\u00f3n\u201d. Se aplican reglas de vencimiento adicionales para otros tickets park hopper y passholders anuales.<\/p>\r\n            \r\n            [\/accordion_item]\r\n            [accordion]\r\n            [accordion_item title=\"\u00bfExisten cargos adicionales para los shows y las atracciones dentro del parque?\"]<p>\r\n           No. Todas las atracciones, espect\u00e1culos, desfiles, etc. dentro del parque son parte de tu entrada. Los \u00fanicos costos adicionales ser\u00edan para alimentos \/ bebidas y gastos imprevistos, como alquiler de cochecitos o souvenirs. Despu\u00e9s de tu d\u00eda en el parque, tambi\u00e9n puedes comprar fotos tomadas en el parque por fot\u00f3grafos de PhotoPass. <\/p>[\/accordion_item] \r\n            [\/accordion]\r\n               <\/div>\r\n            [clear]\r\n            <\/div>\r\n\r\n            [clear]\r\n            [custom_headline level=\"h3\" looks_like=\"h5\"]Enlaces de Disney Adicionales[\/custom_headline]\r\n\r\n            [columnize]\r\n            <ul>    \r\n            <li><a href=\"\/es\/orlando\/theme-parks\/walt-disney-world\/\">Walt Disney World<\/a><\/li>\r\n            <li><a href=\"\/es\/orlando\/theme-parks\/walt-disney-world\/magic-kingdom-orlando\/\">Magic Kingdom Orlando<\/a><\/li>\r\n<li><a href=\"\/es\/orlando\/theme-parks\/walt-disney-world\/epcot-orlando\/\">Epcot Orlando<\/a><\/li>\r\n<li><a href=\"\/es\/orlando\/theme-parks\/walt-disney-world\/animal-kingdom-orlando\/\">Disney's Animal Kingdom Orlando<\/a><\/li>\r\n<li><a href=\"\/es\/orlando\/theme-parks\/walt-disney-world\/disney-hollywood-studios\/\">Disney's Hollywood Studios<\/a><\/li>\r\n<li><a href=\"\/es\/orlando\/theme-parks\/walt-disney-world\/disney-springs\/\">Disney Springs<\/a><\/li>\r\n<li><a href=\"\/es\/orlando\/theme-parks\/walt-disney-world\/discount-disney-tickets\/\">Tickets de Disney con Descuento<\/a><\/li>\r\n<li><a href=\"\/es\/orlando\/theme-parks\/walt-disney-world\/animal-kingdom-orlando\/animal-kingdom-discount-tickets\/\">Tickets de Animal Kingdom con Descuento<\/a><\/li>\r\n<li><a href=\"\/es\/orlando\/theme-parks\/walt-disney-world\/epcot-orlando\/epcot-discount-tickets\/\">Tickets de Epcot con Descuento<\/a><\/li>\r\n<li><a href=\"\/es\/orlando\/theme-parks\/walt-disney-world\/disney-hollywood-studios\/hollywood-studios-discount-tickets\/\">Tickets de Hollywood Studios con Descuento<\/a><\/li>\r\n<li><a href=\"\/es\/orlando\/theme-parks\/walt-disney-world\/visit-disney-at-christmas\/\">Navidades en Disney<\/a><\/li>\r\n\r\n            <\/ul>\r\n            [\/columnize]\r\n            [line]\r\n        <\/div>\r\n    <\/div>\r\n<\/div>","protected":false},"excerpt":{"rendered":"<p>\u00a1Encuentra resorts cerca de Disney! [search-availability layout=\"horizontal\" destination=\"Orlando\" hide_title=\"true\" class=\"no-bg pan\"] Tickets Paquetes Vacacionales Preguntas Frecuentes Tickets de Magic Kingdom con Descuento La diversi\u00f3n comienza tan pronto entras al parque ... <\/p>\n<div><a href=\"https:\/\/www.westgatereservations.com\/es\/orlando\/theme-parks\/walt-disney-world\/magic-kingdom-orlando\/magic-kingdom-discount-tickets\/\" class=\"more-link\">Leer M\u00e1s<\/a><\/div>\n","protected":false},"author":2,"featured_media":0,"parent":23877,"menu_order":0,"comment_status":"closed","ping_status":"closed","template":"template-blank-4.php","meta":{"footnotes":""},"_links":{"self":[{"href":"https:\/\/www.westgatereservations.com\/es\/wp-json\/wp\/v2\/pages\/12952"}],"collection":[{"href":"https:\/\/www.westgatereservations.com\/es\/wp-json\/wp\/v2\/pages"}],"about":[{"href":"https:\/\/www.westgatereservations.com\/es\/wp-json\/wp\/v2\/types\/page"}],"author":[{"embeddable":true,"href":"https:\/\/www.westgatereservations.com\/es\/wp-json\/wp\/v2\/users\/2"}],"replies":[{"embeddable":true,"href":"https:\/\/www.westgatereservations.com\/es\/wp-json\/wp\/v2\/comments?post=12952"}],"version-history":[{"count":0,"href":"https:\/\/www.westgatereservations.com\/es\/wp-json\/wp\/v2\/pages\/12952\/revisions"}],"up":[{"embeddable":true,"href":"https:\/\/www.westgatereservations.com\/es\/wp-json\/wp\/v2\/pages\/23877"}],"wp:attachment":[{"href":"https:\/\/www.westgatereservations.com\/es\/wp-json\/wp\/v2\/media?parent=12952"}],"curies":[{"name":"wp","href":"https:\/\/api.w.org\/{rel}","templated":true}]}}