{"id":12702,"date":"2018-02-09T09:23:45","date_gmt":"2018-02-09T14:23:45","guid":{"rendered":"https:\/\/www.westgatereservations.com\/?page_id=12702"},"modified":"2020-07-06T11:23:16","modified_gmt":"2020-07-06T15:23:16","slug":"gatlinburgvacation","status":"publish","type":"page","link":"https:\/\/www.westgatereservations.com\/es\/gatlinburgvacation\/","title":{"rendered":"Gatlinburg Vacation"},"content":{"rendered":"<!--Top Banner-->\r\n[content_band class=\"x-hidden-phone text-white center-text\" no_margin=\"true\" inner_container=\"true\" padding_top=\"30px\" padding_bottom=\"20px\" bg_color=\"#ffffff\" bg_image=\"https:\/\/westgatecdn.com\/2015\/10\/father-daughter-mountains.jpg\"]\r\n[column type=\"whole\"]\r\n[custom_headline type=\"center\" level=\"h2\" looks_like=\"h2\" accent=\"true\" style=\"color:#fff; text-shadow: 2px 2px 1px rgba(0, 0, 0, 1);\"]Vacaciones Familiares en Gatlinburg, TN[\/custom_headline]\r\n[gap size=\"4em\"]\r\n[\/column]\r\n[\/content_band]\r\n<!-- Title-->\r\n[gap class=\"x-hidden-phone\" size=\"2em\"]\r\n[custom_headline level=\"h3\" looks_like=\"h4\" class=\"mtn mbs\"]Ofertas de Vacaciones en Gatlinburg[\/custom_headline]\r\n<!-- SPECIALS-->\r\n<div><!-- SPECIAL 1 -->\r\n<div class=\"x-column x-sm x-1-2\">\r\n<div class=\"responsive-crop\"><a href=\"[home_url]specials\/4days-3nights-gatlinburg-vacation\/\">\r\n<a href=\"[home_url]specials\/4days-3nights-gatlinburg-vacation\/\">\r\n<img decoding=\"async\" class=\"resort-thumb\" src=\"https:\/\/westgatecdn.com\/2015\/09\/4-3-gatlinburg-660x440.jpg\" alt=\"Oferta de 3 noches en Gatlinburg\">\r\n<\/a><\/div>\r\n<h6 class=\"mtm mbs\">4 D\u00edas & 3 Noches en Gatlinburg Smoky Mountains<\/h6>\r\n<table>\r\n<tr>\r\n<td style=\"vertical-align:top;\">\r\n<h6 class=\"mtn mbn\">Desde:<\/h6>\r\n<p class=\"mtn mbn\" style=\"font-size: 2em; line-height: 1em; color: #d95d31;\"><span class=\"symbol\">$<\/span><strong>99<\/strong><\/p>\r\n[visibility type=\"hidden-phone\"]\r\n[extra href=\"\/es\/specials\/4days-3nights-gatlinburg-vacation\/\" title=\"Mejor Precio Garantizado\" info=\"popover\" info_place=\"top\" info_trigger=\"hover\" info_content=\"Nuestro mejor precio garantizado te permite reservar tu paquete de vacaciones en Westgate con toda la confianza. Como la p\u00e1gina vacacional oficial de Westgate Resorts, te podemos proveer precios bajos que no podr\u00e1s encontrar en ning\u00fan otro lugar, \u00a1GARANTIZADO!\" ]<img decoding=\"async\" style=\"height:50px; float: left;\" src=\"https:\/\/westgatecdn.com\/2015\/07\/best-price-badge-small.png\" alt=\"Best Price Gatlinburg Vacation\" \/>[\/extra]\r\n[\/visibility]\r\n<\/td>\r\n<td style=\"vertical-align:top;\">\r\n<h6 class=\"mtn mbn\">Ahorra:<\/h6>\r\n<span style=\"font-size: 1.8em; line-height: 1em; color: #d95d31;\">$120<\/span>\r\n<\/td>\r\n<td style=\"vertical-align:top;\">\r\n<ul style=\"font-size: .9em;\">\r\n  <li>Villa Studio Lujosa<\/li>\r\n  <li>Mejor precio - Garantizado<\/li>\r\n  <li>Noches y boletos adicionales disponibles<\/li>\r\n<\/ul>\r\n<\/td>\r\n<\/tr>\r\n<\/table>\r\n<div>\r\n<\/div>\r\n[clear]\r\n[gap size=\"1em\"]\r\n[button shape=\"rounded\" size=\"regular\" float=\"none\" block=\"true\" info=\"none\" info_place=\"top\" info_trigger=\"hover\" href=\"\/es\/specials\/4days-3nights-gatlinburg-vacation\/\"]Ver Oferta[\/button]\r\n[gap size=\"2em\"]\r\n<\/div>\r\n<!-- END SPECIAL 1 -->\r\n<!-- SPECIAL 2 -->\r\n<div class=\"x-column x-sm x-1-2 last\">\r\n<div class=\"responsive-crop\">\r\n<a href=\"[home_url]specials\/3days-gatlinburg-resort-stay-indoor-water-park-tickets\/\">\r\n<img decoding=\"async\" class=\"resort-thumb\" src=\"https:\/\/westgatecdn.com\/2015\/09\/gatlinburg_thumb_1407res_900x600_waterpark-660x440.jpg\" alt=\"Gatlinburg Indoor Water Park\" \/><\/a>\r\n<\/div>\r\n<h6 class=\"mtm mbs\">3 D\u00edas & 2 Noches en Gatlinburg + <strong>2 Entradas a Wild Bear Falls <\/strong><\/h6>\r\n\r\n<div>\r\n\r\n<table>\r\n<tr>\r\n<td style=\"vertical-align:top;\">\r\n<h6 class=\"mtn mbn\">Desde:<\/h6>\r\n<p class=\"mtn mbn\" style=\"font-size: 2em; line-height: 1em; color: #d95d31;\"><span class=\"symbol\">$<\/span><strong>119<\/strong><\/p>\r\n[visibility type=\"hidden-phone\"]\r\n[extra href=\"\/es\/specials\/4days-3nights-gatlinburg-vacation\/\" title=\"Mejor Precio Garantizado\" info=\"popover\" info_place=\"top\" info_trigger=\"hover\" info_content=\"Nuestro mejor precio garantizado te permite reservar tu paquete de vacaciones en Westgate con toda la confianza. Como la p\u00e1gina vacacional oficial de Westgate Resorts, te podemos proveer precios bajos que no podr\u00e1s encontrar en ning\u00fan otro lugar, \u00a1GARANTIZADO!\" ]<img decoding=\"async\" style=\"height:50px; float: left;\" src=\"https:\/\/westgatecdn.com\/2015\/07\/best-price-badge-small.png\" alt=\"Best Price Gatlinburg Vacation\" \/>[\/extra]\r\n[\/visibility]\r\n<\/td>\r\n<td style=\"vertical-align:top;\">\r\n<h6 class=\"mtn mbn\">Ahorra:<\/h6>\r\n<span style=\"font-size: 1.8em; line-height: 1em; color: #d95d31;\">$130<\/span>\r\n<\/td>\r\n<td style=\"vertical-align:top;\">\r\n<ul style=\"font-size: .9em;\">\r\n  <li>Aceptamos Mascotas<\/li>\r\n  <li>Villa Studio Lujosa<\/li>\r\n  <li>Noches y boletos adicionales disponibles<\/li>\r\n<\/ul>\r\n<\/td>\r\n<\/tr>\r\n<\/table>\r\n<\/div>\r\n[clear]\r\n[gap size=\"1em\"]\r\n[button shape=\"rounded\" size=\"regular\" float=\"none\" block=\"true\" info=\"none\" info_place=\"top\" info_trigger=\"hover\" href=\"\/es\/specials\/4days-3nights-gatlinburg-vacation\/\"]Ver Oferta[\/button]\r\n\r\n<\/div>\r\n<hr class=\"x-clear\" \/>\r\n<hr class=\"darker-hr mbl\" \/>\r\n\r\n<\/div>\r\n<!-- END SPECIALS -->\r\n[custom_headline type=\"left\" class=\"responsive-heading\" level=\"h2\" looks_like=\"h3\"]Diversi\u00f3n Familiar en unas Vacaciones en Gatlinburg[\/custom_headline]\r\n[responsive_text selector=\".responsive-heading\" compression=\"1.5\" min_size=\"18px\" max_size=\"40px\"]\r\n<!-- Second line Title-->[custom_headline class=\"x-hidden-phone mts responsive-subheading\" type=\"left\" level=\"h2\" looks_like=\"h5\"]\u00a1Te espera diversi\u00f3n al aire libre en el pintoresco Gatlinburg![\/custom_headline]\r\n[responsive_text selector=\".responsive-subheading\" compression=\"1.5\" min_size=\"14px\" max_size=\"24px\"]\r\n<p class=\"mbs\">[dropcap]N[\/dropcap]o hay nada mejor que disfrutar del sol y el aire fresco que viene de las monta\u00f1as mientras disfrutas tus vacaciones en Gatlinburg en las espectaculares <a href=\"https:\/\/www.nps.gov\/grsm\/index.htm\" target=\"_blank\" rel=\"noopener noreferrer\">Great Smoky Mountains<\/a>.  De hecho, el \u00e1rea est\u00e1 repleta de oportunidades para realizar actividades al aire libre con tu familia. <\/p>\r\n\r\n<p>Si\u00e9ntete libre con una visita al <strong>Parque Nacional Great Smoky Mountains<\/strong>. Con m\u00e1s de 9 millones de visitas anuales es considerado el parque m\u00e1s visitado de los Estados Unidos. Este ofrece 70 millas entre Carolina del Norte y Tennessee, 520 acres de asombro y cielos azules. El Parque Nacional tambi\u00e9n es ideal para hacer senderismo con sus m\u00e1s de 800 millas de rutas para novatos y expertos. Ya sea que prefieras caminar por una hora, d\u00eda o semana, encontrar\u00e1s varias opciones que cumplan con tus necesidades. De igual manera puedes visitar uno de los varios centros de informaci\u00f3n para visitantes para recibir ayuda con tus planes. <\/p>\r\n\r\n<p>Mientras caminas las rutas, tambi\u00e9n recomendamos que mires hacia los arboles ya que el Parque Nacional es perfecto para admirar aves. Desde sus elevaciones hasta sus \u00e1reas planas, las Smokies ofrecen una variedad de topograf\u00edas para una diversidad de h\u00e1bitats y microclimas para las aves. Como resultado, cerca de 250 especies de aves han sido encontradas en el parque. Aproximadamente 60 especies viven todo el a\u00f1o en el parque mientras que 120 especias cr\u00edan  su familia a trav\u00e9s del parque. <\/p>\r\n\r\n<p>Con cientos de lagos, r\u00edos, riachuelos y lagunas, unas vacaciones en Gatlinburg ofrecen la mejor pesca de la naci\u00f3n, particularmente de truchas. \u00a1Tira una l\u00ednea en el agua del rio Little Pigeon en Downtown Gatlinburg! Otra actividad popular en Gatlinburg es el ciclismo y por tal raz\u00f3n de recomendamos que recorras las hermosas Cades Cove en el Parque Nacional Great Smoky Mountains. Alli daras vueltas por algunas de la \u00e1reas m\u00e1s pintorescas del parque. Otras opciones son hacer golf, pasear en caballo, y pasear en una balsa en el rio Big Pigeon. <\/p>\r\n\r\n\r\n<img decoding=\"async\" class=\"mts\" src=\"https:\/\/westgatecdn.com\/2015\/06\/content-banner-wglakes.jpg\" alt=\"Westgate Lakes Resort in Orlando, Fl\" \/>\r\n[gap size=\"1em\"]\r\n\r\n<p>La extensa lista de cosas para hacer en Gatlinburg no comienza ni termina con el Parque Nacional y sus hermosos paisajes. El \u00e1rea est\u00e1 repleta de atracciones para toda la familia como lo son: el <strong>Parque acu\u00e1tico Wild Bear Falls<\/strong>, Ripley\u2019s Aquarium of the Smokies, el Teatro Sweet Fanny Adams, el Gatlinburg Sky Lift, Ober Gatlinburg Aerial Tram, el Museo de Cera de Hollywood, la vinera Smoky Mountain, y m\u00e1s.<\/p>\r\n\r\n<!--Resorts-->\r\n[gap size=\"2em\"]\r\n[tab_nav type=\"four-up\" float=\"left\"]\r\n[tab_nav_item title=\"Westgate Smoky Mountain Resort &amp; Spa\" active=\"true\"]\r\n[tab_nav_item title=\"Westgate River Terrace\"]\r\n[tab_nav_item title=\"Best Price Guarantee\" active=\"\"][\/tab_nav]\r\n[tabs]\r\n[tab active=\"true\"]\r\n[content-block name=\"westgate-smoky-mountain-resort-spa\"]\r\n[\/tab]<!-- end tab 1-->\r\n[tab]\r\n[content-block name=\"westgate-river-terrace\"]\r\n[\/tab]<!-- end tab 2-->\r\n[tab]\r\n[content-block name=\"best-price-guarantee\"]\r\n[\/tab]<!-- end tab 4-->\r\n[\/tabs]\r\n<!--End Resorts-->\r\n\r\n[line]\r\n\r\n[custom_headline class=\"mts\" type=\"left\" level=\"h2\" looks_like=\"h4\"]M\u00e1s cosas para hacer en Gatlinburg[\/custom_headline]\r\n[responsive_text selector=\".responsive-heading\" compression=\"1.5\" min_size=\"18px\" max_size=\"30px\"]\r\n[custom_headline class=\"mts\" type=\"left\" level=\"h3\" looks_like=\"h5\"]Actividades para la Familia en Gatlinburg[\/custom_headline]\r\n[responsive_text selector=\".responsive-heading\" compression=\"1.5\" min_size=\"18px\" max_size=\"30px\"]\r\n\r\n<p>La <strong>Comunidad de Arte y Manualidades de Great Smoky<\/strong> es una de las colecciones de artesanos independientes m\u00e1s grandes de Norteam\u00e9rica. Este  \u00e1rea hist\u00f3rico esta ahora llamado el Tennessee Heritage Arts & Crafts Trail. Establecido en el 1937, encontrar\u00e1s artesanos, tallando, pintando, cosiendo, y todo para crear objetos de colecci\u00f3n y recuerdos \u00fanicos. \u00a1Qu\u00e9 mejor manera para recordar tus vacaciones en Gatlinburg!<\/p>\r\n\r\n<!-- Text -->\r\n\r\n<p>Para la mejor vista de Gatlinburg, visita el <strong>Gatlinburg Space Needle<\/strong>, un \u00e1rea de observaci\u00f3n con una altura de 400 pies y una vista de 360 grados de las monta\u00f1as. El <strong>Gatlinburg Sky Lift<\/strong> te pasea por el r\u00edo Little Pigeon, y te eleva 500 pies encima de la Monta\u00f1a Crockett.<\/p>\r\n\r\n<hr class=\"darker-hr mtl mbl\" \/>\r\n\r\n<!-- Attraction -->\r\n[column type=\"one-third\"]\r\n<div class=\"responsive-crop\"><img decoding=\"async\" src=\"https:\/\/westgatecdn.com\/2015\/10\/Ripley-Aquarium-Smokies-Gatlinburg-TN_660x550.jpg\" alt=\"Ripley Aquarium Smokies\" \/><\/div>\r\n[\/column]\r\n[column type=\"two-thirds\" last=\"true\"]\r\n[visibility type=\"visible-phone\"][gap size=\"2em\"][\/visibility]\r\n<h4 class=\"mtn\">Ripley's Aquarium of the Smokies<\/h4>\r\nEl Parque Nacional Great Smoky Mountains ofrece miles de acres de terrenos protegidos y el hogar de uno de los ecosistemas m\u00e1s diversos del mundo. De hecho, en el centro de las monta\u00f1as encontrar\u00e1s sobre 10,000 criaturas ex\u00f3ticas y, \u00a1m\u00e1s de 350 especies son del mar! Todas son parte del <strong>Ripley\u2019s\u00ae Aquarium<\/strong>. Disfruta de una extensa variedad de criaturas marinas y exhibiciones divertidas incluyendo: Tropical Rainforest, Ocean Realm, Touch-a-Ray Bay, Stingray Bay, Shark Lagoon, Indo-Pacific Coral Reef y el Discovery Center<\/p>\r\n\r\n\r\n[\/column]<!-- End Attraction -->\r\n[clear]\r\n\r\n<hr class=\"darker-hr mtl mbl\" \/>\r\n\r\n<!-- Attraction -->\r\n[column type=\"one-third\"]\r\n<div class=\"responsive-crop\"><img decoding=\"async\" src=\"https:\/\/westgatecdn.com\/2015\/10\/Dollywood-Gatlinburg-TN_660x550.jpg\" alt=\"Dollywood Gatlinburg Vacation Packages\" \/><\/div>\r\n[\/column]\r\n[column type=\"two-thirds\" last=\"true\"]\r\n[visibility type=\"visible-phone\"]\r\n[gap size=\"2em\"]\r\n[\/visibility]\r\n<h4 class=\"mtn\">Parque Tem\u00e1tico Dollywood<\/h4>\r\nMonta\u00f1as rusas emocionantes, excursiones acu\u00e1ticas atrevidos, atracciones para la familia y los ni\u00f1os, shows en vivo, restaurantes exquisitos y m\u00e1s \u2013 todo eso es parte de la diversi\u00f3n de Dollywood. Situados en el centro de las Great Smoky Mountains, Dollywood tambi\u00e9n tiene cinco de los festivales anuales m\u00e1s grandes del Sur entre marzo y diciembre, cada uno ofrece una combinaci\u00f3n de entretenimiento y aventura. Algunas de las atracciones incluyen: Wild Eagle, Daredevil Falls, Smoky Mountain River Rampage, Barnstormer, y Mystery Mine. \r\n\r\n[\/column]\r\n<!-- End Attraction -->\r\n[clear]\r\n\r\n<hr class=\"darker-hr mtl mbl\" \/>\r\n\r\n<!-- Attraction -->\r\n[column type=\"one-third\"]\r\n<div class=\"responsive-crop\"><img decoding=\"async\" src=\"https:\/\/westgatecdn.com\/2015\/10\/Gatlinburg-Space-Needle-Sky-Lift-TN_660x550.jpg\" alt=\"vacaciones en Gatlinburg\" \/><\/div>\r\n[\/column]\r\n[column type=\"two-thirds\" last=\"true\"]\r\n[visibility type=\"visible-phone\"][gap size=\"2em\"][\/visibility]\r\n<h4 class=\"mtn\">Gatlinburg Space Needle & Sky Lift<\/h4>\r\nLos visitantes pueden tomar un elevador de cristal hasta llegar a 400 pies de altura y al tope del Gatlinburg Space Needle donde encontrar\u00e1s una plataforma de observaci\u00f3n y una vista 360 grados de las Great Smoky Mountains. Tambi\u00e9n tendr\u00e1s una vista a\u00e9rea \u00fanica de Gatlinburg. Otra atracci\u00f3n popular es el Gatlinburg Sky Lift. Sube a bordo de este pasea sobre el R\u00edo Little Pigeon hasta llegar 500 pies sobre la Monta\u00f1a Crockett. Aseg\u00farate de estar pendiente del terreno de las monta\u00f1as ya que es el hogar de una variedad de vida silvestre. \r\n[\/column]\r\n[clear]\r\n<div class=\"x-callout center-text\">\r\n<h2 class=\"h-callout\">4 D\u00edas\/3 Noches en Gatlinburg desde $99<\/h2>\r\n<p class=\"p-callout\">\u00a1Conoce toda la glorida de las Great Smoky Mountains!<\/p>\r\n[phone_link class=\"x-btn\" title=\"Call Today\"]<i class=\"x-icon-phone\"><\/i>Llama hoy [tel][\/phone_link]\r\n\r\n<\/div>\r\n[clear]","protected":false},"excerpt":{"rendered":"<p>[content_band class=\"x-hidden-phone text-white center-text\" no_margin=\"true\" inner_container=\"true\" padding_top=\"30px\" padding_bottom=\"20px\" bg_color=\"#ffffff\" bg_image=\"https:\/\/westgatecdn.com\/2015\/10\/father-daughter-mountains.jpg\"] [column type=\"whole\"] [custom_headline type=\"center\" level=\"h2\" looks_like=\"h2\" accent=\"true\" style=\"color:#fff; text-shadow: 2px 2px 1px rgba(0, 0, 0, 1);\"]Vacaciones Familiares en Gatlinburg, TN[\/custom_headline] ... <\/p>\n<div><a href=\"https:\/\/www.westgatereservations.com\/es\/gatlinburgvacation\/\" class=\"more-link\">Leer M\u00e1s<\/a><\/div>\n","protected":false},"author":2,"featured_media":0,"parent":0,"menu_order":0,"comment_status":"open","ping_status":"closed","template":"template-blank-1.php","meta":{"footnotes":""},"_links":{"self":[{"href":"https:\/\/www.westgatereservations.com\/es\/wp-json\/wp\/v2\/pages\/12702"}],"collection":[{"href":"https:\/\/www.westgatereservations.com\/es\/wp-json\/wp\/v2\/pages"}],"about":[{"href":"https:\/\/www.westgatereservations.com\/es\/wp-json\/wp\/v2\/types\/page"}],"author":[{"embeddable":true,"href":"https:\/\/www.westgatereservations.com\/es\/wp-json\/wp\/v2\/users\/2"}],"replies":[{"embeddable":true,"href":"https:\/\/www.westgatereservations.com\/es\/wp-json\/wp\/v2\/comments?post=12702"}],"version-history":[{"count":0,"href":"https:\/\/www.westgatereservations.com\/es\/wp-json\/wp\/v2\/pages\/12702\/revisions"}],"wp:attachment":[{"href":"https:\/\/www.westgatereservations.com\/es\/wp-json\/wp\/v2\/media?parent=12702"}],"curies":[{"name":"wp","href":"https:\/\/api.w.org\/{rel}","templated":true}]}}